{"id":7041,"date":"2026-04-27T11:13:16","date_gmt":"2026-04-27T10:13:16","guid":{"rendered":"https:\/\/ornaqua.pt\/?post_type=product&#038;p=7041"},"modified":"2026-04-27T11:13:17","modified_gmt":"2026-04-27T10:13:17","slug":"discus-x-fluke-x-20g-for-3800-liter","status":"publish","type":"product","link":"https:\/\/ornaqua.pt\/es\/producto\/discus-x-fluke-x-20g-for-3800-liter\/","title":{"rendered":"Discus X- Fluke X- 20g- For 3800 liter"},"content":{"rendered":"<p>FLUKE X\u2122 \u00e9 um tratamento muito eficaz e seguro contra parasitas da pele, vermes das guelras (Dactylogyrus) e t\u00e9nias. Este produto \u00e9 puro e apenas \u00e9 necess\u00e1ria uma pequena quantidade para um tratamento eficaz, sendo por isso tamb\u00e9m muito econ\u00f3mico. Tratamento de peixes infetados com vermes parasitas como Dactylogyrus, Gyrodactylus, Planaria, t\u00e9nias, etc.<\/p>\n<p>Peixes infetados com vermes parasitas tender\u00e3o a esfregar o corpo ou as guelras na decora\u00e7\u00e3o do aqu\u00e1rio. As guelras tamb\u00e9m podem estar inflamadas e anormalmente abertas ou completamente fechadas. As t\u00e9nias podem ser vistas a sair do \u00e2nus do peixe como um fio branco segmentado. Para tratar lombrigas como Capillaria e Camallanus, deve utilizar WORMER X\u2122.<\/p>","protected":false},"excerpt":{"rendered":"<p>FLUKE X\u2122 \u00e9 um tratamento muito eficaz e seguro contra parasitas da pele, vermes das guelras (Dactylogyrus) e t\u00e9nias. Este produto \u00e9 puro e apenas \u00e9 necess\u00e1ria uma pequena quantidade para um tratamento eficaz, sendo por isso tamb\u00e9m muito econ\u00f3mico. Tratamento de peixes infetados com vermes parasitas como Dactylogyrus, Gyrodactylus, Planaria, t\u00e9nias, etc. Peixes infetados [&hellip;]<\/p>\n","protected":false},"featured_media":0,"template":"","meta":{"inline_featured_image":false},"product_brand":[],"product_cat":[43],"product_tag":[],"class_list":{"0":"post-7041","1":"product","2":"type-product","3":"status-publish","5":"product_cat-tratamentos","7":"first","8":"instock","9":"taxable","10":"shipping-taxable","11":"purchasable","12":"product-type-simple"},"yoast_head":"<!-- This site is optimized with the Yoast SEO plugin v27.1.1 - https:\/\/yoast.com\/product\/yoast-seo-wordpress\/ -->\n<title>Discus X- Fluke X- 20g- For 3800 liter - Ornaqua - Reprodu\u00e7\u00e3o, Importa\u00e7\u00e3o e Comercio de Peixes Ornamentais<\/title>\n<meta name=\"robots\" content=\"index, follow, max-snippet:-1, max-image-preview:large, max-video-preview:-1\" \/>\n<link rel=\"canonical\" href=\"https:\/\/ornaqua.pt\/es\/producto\/discus-x-fluke-x-20g-for-3800-liter\/\" \/>\n<meta property=\"og:locale\" content=\"es_ES\" \/>\n<meta property=\"og:type\" content=\"article\" \/>\n<meta property=\"og:title\" content=\"Discus X- Fluke X- 20g- For 3800 liter - Ornaqua - Reprodu\u00e7\u00e3o, Importa\u00e7\u00e3o e Comercio de Peixes Ornamentais\" \/>\n<meta property=\"og:description\" content=\"FLUKE X\u2122 \u00e9 um tratamento muito eficaz e seguro contra parasitas da pele, vermes das guelras (Dactylogyrus) e t\u00e9nias. Este produto \u00e9 puro e apenas \u00e9 necess\u00e1ria uma pequena quantidade para um tratamento eficaz, sendo por isso tamb\u00e9m muito econ\u00f3mico. Tratamento de peixes infetados com vermes parasitas como Dactylogyrus, Gyrodactylus, Planaria, t\u00e9nias, etc. Peixes infetados [&hellip;]\" \/>\n<meta property=\"og:url\" content=\"https:\/\/ornaqua.pt\/es\/producto\/discus-x-fluke-x-20g-for-3800-liter\/\" \/>\n<meta property=\"og:site_name\" content=\"Ornaqua - Reprodu\u00e7\u00e3o, Importa\u00e7\u00e3o e Comercio de Peixes Ornamentais\" \/>\n<meta property=\"article:publisher\" content=\"https:\/\/www.facebook.com\/ORNAQUA\" \/>\n<meta property=\"article:modified_time\" content=\"2026-04-27T10:13:17+00:00\" \/>\n<meta name=\"twitter:card\" content=\"summary_large_image\" \/>\n<meta name=\"twitter:label1\" content=\"Tiempo de lectura\" \/>\n\t<meta name=\"twitter:data1\" content=\"1 minuto\" \/>\n<script type=\"application\/ld+json\" class=\"yoast-schema-graph\">{\"@context\":\"https:\/\/schema.org\",\"@graph\":[{\"@type\":\"WebPage\",\"@id\":\"https:\/\/ornaqua.pt\/produto\/discus-x-fluke-x-20g-for-3800-liter\/\",\"url\":\"https:\/\/ornaqua.pt\/produto\/discus-x-fluke-x-20g-for-3800-liter\/\",\"name\":\"Discus X- Fluke X- 20g- For 3800 liter - Ornaqua - Reprodu\u00e7\u00e3o, Importa\u00e7\u00e3o e Comercio de Peixes Ornamentais\",\"isPartOf\":{\"@id\":\"https:\/\/ornaqua.pt\/#website\"},\"datePublished\":\"2026-04-27T10:13:16+00:00\",\"dateModified\":\"2026-04-27T10:13:17+00:00\",\"breadcrumb\":{\"@id\":\"https:\/\/ornaqua.pt\/produto\/discus-x-fluke-x-20g-for-3800-liter\/#breadcrumb\"},\"inLanguage\":\"es\",\"potentialAction\":[{\"@type\":\"ReadAction\",\"target\":[\"https:\/\/ornaqua.pt\/produto\/discus-x-fluke-x-20g-for-3800-liter\/\"]}]},{\"@type\":\"BreadcrumbList\",\"@id\":\"https:\/\/ornaqua.pt\/produto\/discus-x-fluke-x-20g-for-3800-liter\/#breadcrumb\",\"itemListElement\":[{\"@type\":\"ListItem\",\"position\":1,\"name\":\"In\u00edcio\",\"item\":\"https:\/\/ornaqua.pt\/\"},{\"@type\":\"ListItem\",\"position\":2,\"name\":\"Produtos\",\"item\":\"https:\/\/ornaqua.pt\/produtos\/\"},{\"@type\":\"ListItem\",\"position\":3,\"name\":\"Discus X- Fluke X- 20g- For 3800 liter\"}]},{\"@type\":\"WebSite\",\"@id\":\"https:\/\/ornaqua.pt\/#website\",\"url\":\"https:\/\/ornaqua.pt\/\",\"name\":\"Ornaqua - Loja Online\",\"description\":\"Reprodu\u00e7\u00e3o, Importa\u00e7\u00e3o e Comercio de Peixes Ornamentais\",\"publisher\":{\"@id\":\"https:\/\/ornaqua.pt\/#organization\"},\"potentialAction\":[{\"@type\":\"SearchAction\",\"target\":{\"@type\":\"EntryPoint\",\"urlTemplate\":\"https:\/\/ornaqua.pt\/?s={search_term_string}\"},\"query-input\":{\"@type\":\"PropertyValueSpecification\",\"valueRequired\":true,\"valueName\":\"search_term_string\"}}],\"inLanguage\":\"es\"},{\"@type\":\"Organization\",\"@id\":\"https:\/\/ornaqua.pt\/#organization\",\"name\":\"Ornaqua - Reprodu\u00e7\u00e3o, Importa\u00e7\u00e3o e Comercio de Peixes Ornamentais\",\"url\":\"https:\/\/ornaqua.pt\/\",\"logo\":{\"@type\":\"ImageObject\",\"inLanguage\":\"es\",\"@id\":\"https:\/\/ornaqua.pt\/#\/schema\/logo\/image\/\",\"url\":\"https:\/\/ornaqua.pt\/wp-content\/uploads\/2023\/10\/logo_ornaqua_200.png\",\"contentUrl\":\"https:\/\/ornaqua.pt\/wp-content\/uploads\/2023\/10\/logo_ornaqua_200.png\",\"width\":200,\"height\":97,\"caption\":\"Ornaqua - Reprodu\u00e7\u00e3o, Importa\u00e7\u00e3o e Comercio de Peixes Ornamentais\"},\"image\":{\"@id\":\"https:\/\/ornaqua.pt\/#\/schema\/logo\/image\/\"},\"sameAs\":[\"https:\/\/www.facebook.com\/ORNAQUA\",\"https:\/\/www.instagram.com\/ornaqua\/\"]}]}<\/script>\n<!-- \/ Yoast SEO plugin. -->","yoast_head_json":{"title":"Discus X- Fluke X- 20g- For 3800 liter - Ornaqua - Reprodu\u00e7\u00e3o, Importa\u00e7\u00e3o e Comercio de Peixes Ornamentais","robots":{"index":"index","follow":"follow","max-snippet":"max-snippet:-1","max-image-preview":"max-image-preview:large","max-video-preview":"max-video-preview:-1"},"canonical":"https:\/\/ornaqua.pt\/es\/producto\/discus-x-fluke-x-20g-for-3800-liter\/","og_locale":"es_ES","og_type":"article","og_title":"Discus X- Fluke X- 20g- For 3800 liter - Ornaqua - Reprodu\u00e7\u00e3o, Importa\u00e7\u00e3o e Comercio de Peixes Ornamentais","og_description":"FLUKE X\u2122 \u00e9 um tratamento muito eficaz e seguro contra parasitas da pele, vermes das guelras (Dactylogyrus) e t\u00e9nias. Este produto \u00e9 puro e apenas \u00e9 necess\u00e1ria uma pequena quantidade para um tratamento eficaz, sendo por isso tamb\u00e9m muito econ\u00f3mico. Tratamento de peixes infetados com vermes parasitas como Dactylogyrus, Gyrodactylus, Planaria, t\u00e9nias, etc. Peixes infetados [&hellip;]","og_url":"https:\/\/ornaqua.pt\/es\/producto\/discus-x-fluke-x-20g-for-3800-liter\/","og_site_name":"Ornaqua - Reprodu\u00e7\u00e3o, Importa\u00e7\u00e3o e Comercio de Peixes Ornamentais","article_publisher":"https:\/\/www.facebook.com\/ORNAQUA","article_modified_time":"2026-04-27T10:13:17+00:00","twitter_card":"summary_large_image","twitter_misc":{"Tiempo de lectura":"1 minuto"},"schema":{"@context":"https:\/\/schema.org","@graph":[{"@type":"WebPage","@id":"https:\/\/ornaqua.pt\/produto\/discus-x-fluke-x-20g-for-3800-liter\/","url":"https:\/\/ornaqua.pt\/produto\/discus-x-fluke-x-20g-for-3800-liter\/","name":"Discus X- Fluke X- 20g- For 3800 liter - Ornaqua - Reprodu\u00e7\u00e3o, Importa\u00e7\u00e3o e Comercio de Peixes Ornamentais","isPartOf":{"@id":"https:\/\/ornaqua.pt\/#website"},"datePublished":"2026-04-27T10:13:16+00:00","dateModified":"2026-04-27T10:13:17+00:00","breadcrumb":{"@id":"https:\/\/ornaqua.pt\/produto\/discus-x-fluke-x-20g-for-3800-liter\/#breadcrumb"},"inLanguage":"es","potentialAction":[{"@type":"ReadAction","target":["https:\/\/ornaqua.pt\/produto\/discus-x-fluke-x-20g-for-3800-liter\/"]}]},{"@type":"BreadcrumbList","@id":"https:\/\/ornaqua.pt\/produto\/discus-x-fluke-x-20g-for-3800-liter\/#breadcrumb","itemListElement":[{"@type":"ListItem","position":1,"name":"In\u00edcio","item":"https:\/\/ornaqua.pt\/"},{"@type":"ListItem","position":2,"name":"Produtos","item":"https:\/\/ornaqua.pt\/produtos\/"},{"@type":"ListItem","position":3,"name":"Discus X- Fluke X- 20g- For 3800 liter"}]},{"@type":"WebSite","@id":"https:\/\/ornaqua.pt\/#website","url":"https:\/\/ornaqua.pt\/","name":"Ornaqua - Loja Online","description":"Reprodu\u00e7\u00e3o, Importa\u00e7\u00e3o e Comercio de Peixes Ornamentais","publisher":{"@id":"https:\/\/ornaqua.pt\/#organization"},"potentialAction":[{"@type":"SearchAction","target":{"@type":"EntryPoint","urlTemplate":"https:\/\/ornaqua.pt\/?s={search_term_string}"},"query-input":{"@type":"PropertyValueSpecification","valueRequired":true,"valueName":"search_term_string"}}],"inLanguage":"es"},{"@type":"Organization","@id":"https:\/\/ornaqua.pt\/#organization","name":"Ornaqua - Reprodu\u00e7\u00e3o, Importa\u00e7\u00e3o e Comercio de Peixes Ornamentais","url":"https:\/\/ornaqua.pt\/","logo":{"@type":"ImageObject","inLanguage":"es","@id":"https:\/\/ornaqua.pt\/#\/schema\/logo\/image\/","url":"https:\/\/ornaqua.pt\/wp-content\/uploads\/2023\/10\/logo_ornaqua_200.png","contentUrl":"https:\/\/ornaqua.pt\/wp-content\/uploads\/2023\/10\/logo_ornaqua_200.png","width":200,"height":97,"caption":"Ornaqua - Reprodu\u00e7\u00e3o, Importa\u00e7\u00e3o e Comercio de Peixes Ornamentais"},"image":{"@id":"https:\/\/ornaqua.pt\/#\/schema\/logo\/image\/"},"sameAs":["https:\/\/www.facebook.com\/ORNAQUA","https:\/\/www.instagram.com\/ornaqua\/"]}]}},"_links":{"self":[{"href":"https:\/\/ornaqua.pt\/es\/wp-json\/wp\/v2\/product\/7041","targetHints":{"allow":["GET"]}}],"collection":[{"href":"https:\/\/ornaqua.pt\/es\/wp-json\/wp\/v2\/product"}],"about":[{"href":"https:\/\/ornaqua.pt\/es\/wp-json\/wp\/v2\/types\/product"}],"wp:attachment":[{"href":"https:\/\/ornaqua.pt\/es\/wp-json\/wp\/v2\/media?parent=7041"}],"wp:term":[{"taxonomy":"product_brand","embeddable":true,"href":"https:\/\/ornaqua.pt\/es\/wp-json\/wp\/v2\/product_brand?post=7041"},{"taxonomy":"product_cat","embeddable":true,"href":"https:\/\/ornaqua.pt\/es\/wp-json\/wp\/v2\/product_cat?post=7041"},{"taxonomy":"product_tag","embeddable":true,"href":"https:\/\/ornaqua.pt\/es\/wp-json\/wp\/v2\/product_tag?post=7041"}],"curies":[{"name":"wp","href":"https:\/\/api.w.org\/{rel}","templated":true}]}}