{"id":6775,"date":"2025-11-21T11:13:31","date_gmt":"2025-11-21T11:13:31","guid":{"rendered":"https:\/\/ornaqua.pt\/?post_type=product&#038;p=6775"},"modified":"2025-12-15T14:31:42","modified_gmt":"2025-12-15T14:31:42","slug":"discusfood-cichlids-xl-premium-granulate-composition-2-500g","status":"publish","type":"product","link":"https:\/\/ornaqua.pt\/es\/producto\/discusfood-cichlids-xl-premium-granulate-composition-2-500g\/","title":{"rendered":"Discusfood-Cichlids XL Premium Granulate Composition 2 (500g)"},"content":{"rendered":"<p>Cichlids XL Premium Granules Composition 2 \u00e9 um alimento completo de alta qualidade com uma rela\u00e7\u00e3o prote\u00edna\/gordura equilibrada para cicl\u00eddeos e outros peixes grandes.<\/p>\n<p><strong>Composi\u00e7\u00e3o<\/strong>: Farinha de peixe, farinha de camar\u00e3o, farinha de trigo, farinha de soja, spirulina, milho, levedura de cerveja, prote\u00edna de inseto, arroz, \u00f3leo de salm\u00e3o, farinha de lula, espinafres, clorela, mistura de ervas, krill, farinha de algas, pigmento de paprica, \u00f3leos de ervas, prebi\u00f3ticos, probi\u00f3ticos, zeolite.<br \/>\n<strong>Componentes anal\u00edticos<\/strong>: Prote\u00edna bruta 49%, gordura bruta 8,7%, cinza bruta 9,9%, fibra bruta 2,5%<br \/>\n<strong>Aditivos por kg<\/strong>: Vitaminas: A (3a672a) 30000 UI, C (3a300) 220 mg, D3 (3a671) 2200 UI; com corantes; oligoelementos: Fe (3b103) 36 mg, Mn (3b502) 47 mg, Zn (3b603) 46 mg; com antioxidantes.<\/p>","protected":false},"excerpt":{"rendered":"<p>Cichlids XL Premium Granules Composition 2 \u00e9 um alimento completo de alta qualidade com uma rela\u00e7\u00e3o prote\u00edna\/gordura equilibrada para cicl\u00eddeos e outros peixes grandes.<\/p>\n<p><strong>Composi\u00e7\u00e3o<\/strong>: Farinha de peixe, farinha de camar\u00e3o, farinha de trigo, farinha de soja, spirulina, milho, levedura de cerveja, prote\u00edna de inseto, arroz, \u00f3leo de salm\u00e3o, farinha de lula, espinafres, clorela, mistura de ervas, krill, farinha de algas, pigmento de paprica, \u00f3leos de ervas, prebi\u00f3ticos, probi\u00f3ticos, zeolite.<br \/>\n<strong>Componentes anal\u00edticos<\/strong>: Prote\u00edna bruta 49%, gordura bruta 8,7%, cinza bruta 9,9%, fibra bruta 2,5%<br \/>\n<strong>Aditivos por kg<\/strong>: Vitaminas: A (3a672a) 30000 UI, C (3a300) 220 mg, D3 (3a671) 2200 UI; com corantes; oligoelementos: Fe (3b103) 36 mg, Mn (3b502) 47 mg, Zn (3b603) 46 mg; com antioxidantes.<\/p>","protected":false},"featured_media":6800,"template":"","meta":{"inline_featured_image":false},"product_brand":[],"product_cat":[40],"product_tag":[],"class_list":{"0":"post-6775","1":"product","2":"type-product","3":"status-publish","4":"has-post-thumbnail","6":"product_cat-alimentacao","8":"first","9":"instock","10":"taxable","11":"shipping-taxable","12":"purchasable","13":"product-type-simple"},"yoast_head":"<!-- This site is optimized with the Yoast SEO plugin v27.1.1 - https:\/\/yoast.com\/product\/yoast-seo-wordpress\/ -->\n<title>Discusfood-Cichlids XL Premium Granulate Composition 2 (500g) - Ornaqua - Reprodu\u00e7\u00e3o, Importa\u00e7\u00e3o e Comercio de Peixes Ornamentais<\/title>\n<meta name=\"robots\" content=\"index, follow, max-snippet:-1, max-image-preview:large, max-video-preview:-1\" \/>\n<link rel=\"canonical\" href=\"https:\/\/ornaqua.pt\/es\/producto\/discusfood-cichlids-xl-premium-granulate-composition-2-500g\/\" \/>\n<meta property=\"og:locale\" content=\"es_ES\" \/>\n<meta property=\"og:type\" content=\"article\" \/>\n<meta property=\"og:title\" content=\"Discusfood-Cichlids XL Premium Granulate Composition 2 (500g) - Ornaqua - Reprodu\u00e7\u00e3o, Importa\u00e7\u00e3o e Comercio de Peixes Ornamentais\" \/>\n<meta property=\"og:description\" content=\"Cichlids XL Premium Granules Composition 2 \u00e9 um alimento completo de alta qualidade com uma rela\u00e7\u00e3o prote\u00edna\/gordura equilibrada para cicl\u00eddeos e outros peixes grandes.  Composi\u00e7\u00e3o: Farinha de peixe, farinha de camar\u00e3o, farinha de trigo, farinha de soja, spirulina, milho, levedura de cerveja, prote\u00edna de inseto, arroz, \u00f3leo de salm\u00e3o, farinha de lula, espinafres, clorela, mistura de ervas, krill, farinha de algas, pigmento de paprica, \u00f3leos de ervas, prebi\u00f3ticos, probi\u00f3ticos, zeolite. Componentes anal\u00edticos: Prote\u00edna bruta 49%, gordura bruta 8,7%, cinza bruta 9,9%, fibra bruta 2,5% Aditivos por kg: Vitaminas: A (3a672a) 30000 UI, C (3a300) 220 mg, D3 (3a671) 2200 UI; com corantes; oligoelementos: Fe (3b103) 36 mg, Mn (3b502) 47 mg, Zn (3b603) 46 mg; com antioxidantes.\" \/>\n<meta property=\"og:url\" content=\"https:\/\/ornaqua.pt\/es\/producto\/discusfood-cichlids-xl-premium-granulate-composition-2-500g\/\" \/>\n<meta property=\"og:site_name\" content=\"Ornaqua - Reprodu\u00e7\u00e3o, Importa\u00e7\u00e3o e Comercio de Peixes Ornamentais\" \/>\n<meta property=\"article:publisher\" content=\"https:\/\/www.facebook.com\/ORNAQUA\" \/>\n<meta property=\"article:modified_time\" content=\"2025-12-15T14:31:42+00:00\" \/>\n<meta property=\"og:image\" content=\"https:\/\/ornaqua.pt\/wp-content\/uploads\/2025\/11\/20031_vorne_600x600.jpg\" \/>\n\t<meta property=\"og:image:width\" content=\"600\" \/>\n\t<meta property=\"og:image:height\" content=\"600\" \/>\n\t<meta property=\"og:image:type\" content=\"image\/jpeg\" \/>\n<meta name=\"twitter:card\" content=\"summary_large_image\" \/>\n<meta name=\"twitter:label1\" content=\"Tiempo de lectura\" \/>\n\t<meta name=\"twitter:data1\" content=\"1 minuto\" \/>\n<script type=\"application\/ld+json\" class=\"yoast-schema-graph\">{\"@context\":\"https:\/\/schema.org\",\"@graph\":[{\"@type\":\"WebPage\",\"@id\":\"https:\/\/ornaqua.pt\/produto\/discusfood-cichlids-xl-premium-granulate-composition-2-500g\/\",\"url\":\"https:\/\/ornaqua.pt\/produto\/discusfood-cichlids-xl-premium-granulate-composition-2-500g\/\",\"name\":\"Discusfood-Cichlids XL Premium Granulate Composition 2 (500g) - Ornaqua - Reprodu\u00e7\u00e3o, Importa\u00e7\u00e3o e Comercio de Peixes Ornamentais\",\"isPartOf\":{\"@id\":\"https:\/\/ornaqua.pt\/#website\"},\"primaryImageOfPage\":{\"@id\":\"https:\/\/ornaqua.pt\/produto\/discusfood-cichlids-xl-premium-granulate-composition-2-500g\/#primaryimage\"},\"image\":{\"@id\":\"https:\/\/ornaqua.pt\/produto\/discusfood-cichlids-xl-premium-granulate-composition-2-500g\/#primaryimage\"},\"thumbnailUrl\":\"https:\/\/ornaqua.pt\/wp-content\/uploads\/2025\/11\/20031_vorne_600x600.jpg\",\"datePublished\":\"2025-11-21T11:13:31+00:00\",\"dateModified\":\"2025-12-15T14:31:42+00:00\",\"breadcrumb\":{\"@id\":\"https:\/\/ornaqua.pt\/produto\/discusfood-cichlids-xl-premium-granulate-composition-2-500g\/#breadcrumb\"},\"inLanguage\":\"es\",\"potentialAction\":[{\"@type\":\"ReadAction\",\"target\":[\"https:\/\/ornaqua.pt\/produto\/discusfood-cichlids-xl-premium-granulate-composition-2-500g\/\"]}]},{\"@type\":\"ImageObject\",\"inLanguage\":\"es\",\"@id\":\"https:\/\/ornaqua.pt\/produto\/discusfood-cichlids-xl-premium-granulate-composition-2-500g\/#primaryimage\",\"url\":\"https:\/\/ornaqua.pt\/wp-content\/uploads\/2025\/11\/20031_vorne_600x600.jpg\",\"contentUrl\":\"https:\/\/ornaqua.pt\/wp-content\/uploads\/2025\/11\/20031_vorne_600x600.jpg\",\"width\":600,\"height\":600},{\"@type\":\"BreadcrumbList\",\"@id\":\"https:\/\/ornaqua.pt\/produto\/discusfood-cichlids-xl-premium-granulate-composition-2-500g\/#breadcrumb\",\"itemListElement\":[{\"@type\":\"ListItem\",\"position\":1,\"name\":\"In\u00edcio\",\"item\":\"https:\/\/ornaqua.pt\/\"},{\"@type\":\"ListItem\",\"position\":2,\"name\":\"Produtos\",\"item\":\"https:\/\/ornaqua.pt\/produtos\/\"},{\"@type\":\"ListItem\",\"position\":3,\"name\":\"Discusfood-Cichlids XL Premium Granulate Composition 2 (500g)\"}]},{\"@type\":\"WebSite\",\"@id\":\"https:\/\/ornaqua.pt\/#website\",\"url\":\"https:\/\/ornaqua.pt\/\",\"name\":\"Ornaqua - Loja Online\",\"description\":\"Reprodu\u00e7\u00e3o, Importa\u00e7\u00e3o e Comercio de Peixes Ornamentais\",\"publisher\":{\"@id\":\"https:\/\/ornaqua.pt\/#organization\"},\"potentialAction\":[{\"@type\":\"SearchAction\",\"target\":{\"@type\":\"EntryPoint\",\"urlTemplate\":\"https:\/\/ornaqua.pt\/?s={search_term_string}\"},\"query-input\":{\"@type\":\"PropertyValueSpecification\",\"valueRequired\":true,\"valueName\":\"search_term_string\"}}],\"inLanguage\":\"es\"},{\"@type\":\"Organization\",\"@id\":\"https:\/\/ornaqua.pt\/#organization\",\"name\":\"Ornaqua - Reprodu\u00e7\u00e3o, Importa\u00e7\u00e3o e Comercio de Peixes Ornamentais\",\"url\":\"https:\/\/ornaqua.pt\/\",\"logo\":{\"@type\":\"ImageObject\",\"inLanguage\":\"es\",\"@id\":\"https:\/\/ornaqua.pt\/#\/schema\/logo\/image\/\",\"url\":\"https:\/\/ornaqua.pt\/wp-content\/uploads\/2023\/10\/logo_ornaqua_200.png\",\"contentUrl\":\"https:\/\/ornaqua.pt\/wp-content\/uploads\/2023\/10\/logo_ornaqua_200.png\",\"width\":200,\"height\":97,\"caption\":\"Ornaqua - Reprodu\u00e7\u00e3o, Importa\u00e7\u00e3o e Comercio de Peixes Ornamentais\"},\"image\":{\"@id\":\"https:\/\/ornaqua.pt\/#\/schema\/logo\/image\/\"},\"sameAs\":[\"https:\/\/www.facebook.com\/ORNAQUA\",\"https:\/\/www.instagram.com\/ornaqua\/\"]}]}<\/script>\n<!-- \/ Yoast SEO plugin. -->","yoast_head_json":{"title":"Discusfood-Cichlids XL Premium Granulate Composition 2 (500g) - Ornaqua - Reprodu\u00e7\u00e3o, Importa\u00e7\u00e3o e Comercio de Peixes Ornamentais","robots":{"index":"index","follow":"follow","max-snippet":"max-snippet:-1","max-image-preview":"max-image-preview:large","max-video-preview":"max-video-preview:-1"},"canonical":"https:\/\/ornaqua.pt\/es\/producto\/discusfood-cichlids-xl-premium-granulate-composition-2-500g\/","og_locale":"es_ES","og_type":"article","og_title":"Discusfood-Cichlids XL Premium Granulate Composition 2 (500g) - Ornaqua - Reprodu\u00e7\u00e3o, Importa\u00e7\u00e3o e Comercio de Peixes Ornamentais","og_description":"Cichlids XL Premium Granules Composition 2 \u00e9 um alimento completo de alta qualidade com uma rela\u00e7\u00e3o prote\u00edna\/gordura equilibrada para cicl\u00eddeos e outros peixes grandes.  Composi\u00e7\u00e3o: Farinha de peixe, farinha de camar\u00e3o, farinha de trigo, farinha de soja, spirulina, milho, levedura de cerveja, prote\u00edna de inseto, arroz, \u00f3leo de salm\u00e3o, farinha de lula, espinafres, clorela, mistura de ervas, krill, farinha de algas, pigmento de paprica, \u00f3leos de ervas, prebi\u00f3ticos, probi\u00f3ticos, zeolite. Componentes anal\u00edticos: Prote\u00edna bruta 49%, gordura bruta 8,7%, cinza bruta 9,9%, fibra bruta 2,5% Aditivos por kg: Vitaminas: A (3a672a) 30000 UI, C (3a300) 220 mg, D3 (3a671) 2200 UI; com corantes; oligoelementos: Fe (3b103) 36 mg, Mn (3b502) 47 mg, Zn (3b603) 46 mg; com antioxidantes.","og_url":"https:\/\/ornaqua.pt\/es\/producto\/discusfood-cichlids-xl-premium-granulate-composition-2-500g\/","og_site_name":"Ornaqua - Reprodu\u00e7\u00e3o, Importa\u00e7\u00e3o e Comercio de Peixes Ornamentais","article_publisher":"https:\/\/www.facebook.com\/ORNAQUA","article_modified_time":"2025-12-15T14:31:42+00:00","og_image":[{"width":600,"height":600,"url":"https:\/\/ornaqua.pt\/wp-content\/uploads\/2025\/11\/20031_vorne_600x600.jpg","type":"image\/jpeg"}],"twitter_card":"summary_large_image","twitter_misc":{"Tiempo de lectura":"1 minuto"},"schema":{"@context":"https:\/\/schema.org","@graph":[{"@type":"WebPage","@id":"https:\/\/ornaqua.pt\/produto\/discusfood-cichlids-xl-premium-granulate-composition-2-500g\/","url":"https:\/\/ornaqua.pt\/produto\/discusfood-cichlids-xl-premium-granulate-composition-2-500g\/","name":"Discusfood-Cichlids XL Premium Granulate Composition 2 (500g) - Ornaqua - Reprodu\u00e7\u00e3o, Importa\u00e7\u00e3o e Comercio de Peixes Ornamentais","isPartOf":{"@id":"https:\/\/ornaqua.pt\/#website"},"primaryImageOfPage":{"@id":"https:\/\/ornaqua.pt\/produto\/discusfood-cichlids-xl-premium-granulate-composition-2-500g\/#primaryimage"},"image":{"@id":"https:\/\/ornaqua.pt\/produto\/discusfood-cichlids-xl-premium-granulate-composition-2-500g\/#primaryimage"},"thumbnailUrl":"https:\/\/ornaqua.pt\/wp-content\/uploads\/2025\/11\/20031_vorne_600x600.jpg","datePublished":"2025-11-21T11:13:31+00:00","dateModified":"2025-12-15T14:31:42+00:00","breadcrumb":{"@id":"https:\/\/ornaqua.pt\/produto\/discusfood-cichlids-xl-premium-granulate-composition-2-500g\/#breadcrumb"},"inLanguage":"es","potentialAction":[{"@type":"ReadAction","target":["https:\/\/ornaqua.pt\/produto\/discusfood-cichlids-xl-premium-granulate-composition-2-500g\/"]}]},{"@type":"ImageObject","inLanguage":"es","@id":"https:\/\/ornaqua.pt\/produto\/discusfood-cichlids-xl-premium-granulate-composition-2-500g\/#primaryimage","url":"https:\/\/ornaqua.pt\/wp-content\/uploads\/2025\/11\/20031_vorne_600x600.jpg","contentUrl":"https:\/\/ornaqua.pt\/wp-content\/uploads\/2025\/11\/20031_vorne_600x600.jpg","width":600,"height":600},{"@type":"BreadcrumbList","@id":"https:\/\/ornaqua.pt\/produto\/discusfood-cichlids-xl-premium-granulate-composition-2-500g\/#breadcrumb","itemListElement":[{"@type":"ListItem","position":1,"name":"In\u00edcio","item":"https:\/\/ornaqua.pt\/"},{"@type":"ListItem","position":2,"name":"Produtos","item":"https:\/\/ornaqua.pt\/produtos\/"},{"@type":"ListItem","position":3,"name":"Discusfood-Cichlids XL Premium Granulate Composition 2 (500g)"}]},{"@type":"WebSite","@id":"https:\/\/ornaqua.pt\/#website","url":"https:\/\/ornaqua.pt\/","name":"Ornaqua - Loja Online","description":"Reprodu\u00e7\u00e3o, Importa\u00e7\u00e3o e Comercio de Peixes Ornamentais","publisher":{"@id":"https:\/\/ornaqua.pt\/#organization"},"potentialAction":[{"@type":"SearchAction","target":{"@type":"EntryPoint","urlTemplate":"https:\/\/ornaqua.pt\/?s={search_term_string}"},"query-input":{"@type":"PropertyValueSpecification","valueRequired":true,"valueName":"search_term_string"}}],"inLanguage":"es"},{"@type":"Organization","@id":"https:\/\/ornaqua.pt\/#organization","name":"Ornaqua - Reprodu\u00e7\u00e3o, Importa\u00e7\u00e3o e Comercio de Peixes Ornamentais","url":"https:\/\/ornaqua.pt\/","logo":{"@type":"ImageObject","inLanguage":"es","@id":"https:\/\/ornaqua.pt\/#\/schema\/logo\/image\/","url":"https:\/\/ornaqua.pt\/wp-content\/uploads\/2023\/10\/logo_ornaqua_200.png","contentUrl":"https:\/\/ornaqua.pt\/wp-content\/uploads\/2023\/10\/logo_ornaqua_200.png","width":200,"height":97,"caption":"Ornaqua - Reprodu\u00e7\u00e3o, Importa\u00e7\u00e3o e Comercio de Peixes Ornamentais"},"image":{"@id":"https:\/\/ornaqua.pt\/#\/schema\/logo\/image\/"},"sameAs":["https:\/\/www.facebook.com\/ORNAQUA","https:\/\/www.instagram.com\/ornaqua\/"]}]}},"_links":{"self":[{"href":"https:\/\/ornaqua.pt\/es\/wp-json\/wp\/v2\/product\/6775","targetHints":{"allow":["GET"]}}],"collection":[{"href":"https:\/\/ornaqua.pt\/es\/wp-json\/wp\/v2\/product"}],"about":[{"href":"https:\/\/ornaqua.pt\/es\/wp-json\/wp\/v2\/types\/product"}],"wp:featuredmedia":[{"embeddable":true,"href":"https:\/\/ornaqua.pt\/es\/wp-json\/wp\/v2\/media\/6800"}],"wp:attachment":[{"href":"https:\/\/ornaqua.pt\/es\/wp-json\/wp\/v2\/media?parent=6775"}],"wp:term":[{"taxonomy":"product_brand","embeddable":true,"href":"https:\/\/ornaqua.pt\/es\/wp-json\/wp\/v2\/product_brand?post=6775"},{"taxonomy":"product_cat","embeddable":true,"href":"https:\/\/ornaqua.pt\/es\/wp-json\/wp\/v2\/product_cat?post=6775"},{"taxonomy":"product_tag","embeddable":true,"href":"https:\/\/ornaqua.pt\/es\/wp-json\/wp\/v2\/product_tag?post=6775"}],"curies":[{"name":"wp","href":"https:\/\/api.w.org\/{rel}","templated":true}]}}