{"id":6543,"date":"2025-06-25T14:26:44","date_gmt":"2025-06-25T13:26:44","guid":{"rendered":"https:\/\/ornaqua.pt\/?post_type=product&#038;p=6543"},"modified":"2026-02-06T11:23:28","modified_gmt":"2026-02-06T11:23:28","slug":"disco-jacarecapa-f4-15-16-cm","status":"publish","type":"product","link":"https:\/\/ornaqua.pt\/es\/producto\/disco-jacarecapa-f4-15-16-cm\/","title":{"rendered":"Disco Jacarecapa &#8220;F4&#8221; (15-16 cm)"},"content":{"rendered":"<p>Discus Jacarecapa \u201cf4\u201d s\u00e3o a quarta gera\u00e7\u00e3o de exemplares selvagens, preservando tra\u00e7os marcantes da sua linhagem natural. Apresenta uma colora\u00e7\u00e3o castanha com tons avermelhados (em adulto) e algumas linhas ou padr\u00f5es junto da cabe\u00e7a. Pode ainda apresentar uma orla negra a toda a volta como \u00e9 caracter\u00edstico dos Discus selvagens. Os filhos de discus selvagens prometem\u00a0 tornar-se exemplares impressionante na fase adulta, exibindo toda a beleza r\u00fastica dos seus ancestrais amaz\u00f4nicos.<\/p>\n<p>Estes exemplares s\u00e3o diretamente importados da renomada empresa DiscusX (Tail\u00e2ndia) \u2014 refer\u00eancia mundial em gen\u00e9tica e excel\u00eancia na cria\u00e7\u00e3o de <em>Symphysodon aequifasciatus<\/em><\/p>\n<p>Estes exemplares destacam-se por:<\/p>\n<ul>\n<li>Cores vibrantes e padr\u00f5es \u00fanicos;<\/li>\n<li>Formas perfeitamente arredondadas;<\/li>\n<li>Comportamento d\u00f3cil e adaptabilidade f\u00e1cil a novo ambiente;<\/li>\n<li>Saud\u00e1veis e fortes.<\/li>\n<\/ul>\n<p>Cada peixe \u00e9 fruto de um trabalho especializado, garantindo linhagens puras, gen\u00e9tica est\u00e1vel e excelente padr\u00e3o fenot\u00edpico, sendo ideais tanto para aquariofilistas exigentes, como tamb\u00e9m para projetos de reprodu\u00e7\u00e3o.<\/p>","protected":false},"excerpt":{"rendered":"<p>Discus Jacarecapa \u201cf4\u201d s\u00e3o a quarta gera\u00e7\u00e3o de exemplares selvagens, preservando tra\u00e7os marcantes da sua linhagem natural. Apresenta uma colora\u00e7\u00e3o castanha com tons avermelhados (em adulto) e algumas linhas ou padr\u00f5es junto da cabe\u00e7a. Pode ainda apresentar uma orla negra a toda a volta como \u00e9 caracter\u00edstico dos Discus selvagens. Os filhos de discus selvagens prometem\u00a0 tornar-se exemplares impressionante na fase adulta, exibindo toda a beleza r\u00fastica dos seus ancestrais amaz\u00f4nicos.<\/p>\n<p>Estes exemplares s\u00e3o diretamente importados da renomada empresa DiscusX (Tail\u00e2ndia) \u2014 refer\u00eancia mundial em gen\u00e9tica e excel\u00eancia na cria\u00e7\u00e3o de <em>Symphysodon aequifasciatus<\/em><\/p>\n<p>Estes exemplares destacam-se por:<\/p>\n<ul>\n<li>Cores vibrantes e padr\u00f5es \u00fanicos;<\/li>\n<li>Formas perfeitamente arredondadas;<\/li>\n<li>Comportamento d\u00f3cil e adaptabilidade f\u00e1cil a novo ambiente;<\/li>\n<li>Saud\u00e1veis e fortes.<\/li>\n<\/ul>\n<p>Cada peixe \u00e9 fruto de um trabalho especializado, garantindo linhagens puras, gen\u00e9tica est\u00e1vel e excelente padr\u00e3o fenot\u00edpico, sendo ideais tanto para aquariofilistas exigentes, como tamb\u00e9m para projetos de reprodu\u00e7\u00e3o.<\/p>","protected":false},"featured_media":6578,"template":"","meta":{"inline_featured_image":false},"product_brand":[],"product_cat":[302,38],"product_tag":[],"class_list":{"0":"post-6543","1":"product","2":"type-product","3":"status-publish","4":"has-post-thumbnail","6":"product_cat-peixes-ornamentais","7":"product_cat-discus-asiaticos","9":"first","10":"outofstock","11":"taxable","12":"shipping-taxable","13":"purchasable","14":"product-type-simple"},"yoast_head":"<!-- This site is optimized with the Yoast SEO plugin v27.1.1 - https:\/\/yoast.com\/product\/yoast-seo-wordpress\/ -->\n<title>Disco Jacarecapa &quot;F4&quot; (15-16 cm) - Ornaqua - Reprodu\u00e7\u00e3o, Importa\u00e7\u00e3o e Comercio de Peixes Ornamentais<\/title>\n<meta name=\"robots\" content=\"index, follow, max-snippet:-1, max-image-preview:large, max-video-preview:-1\" \/>\n<link rel=\"canonical\" href=\"https:\/\/ornaqua.pt\/es\/producto\/disco-jacarecapa-f4-15-16-cm\/\" \/>\n<meta property=\"og:locale\" content=\"es_ES\" \/>\n<meta property=\"og:type\" content=\"article\" \/>\n<meta property=\"og:title\" content=\"Disco Jacarecapa &quot;F4&quot; (15-16 cm) - Ornaqua - Reprodu\u00e7\u00e3o, Importa\u00e7\u00e3o e Comercio de Peixes Ornamentais\" \/>\n<meta property=\"og:description\" content=\"Discus Jacarecapa \u201cf4\u201d s\u00e3o a quarta gera\u00e7\u00e3o de exemplares selvagens, preservando tra\u00e7os marcantes da sua linhagem natural. Apresenta uma colora\u00e7\u00e3o castanha com tons avermelhados (em adulto) e algumas linhas ou padr\u00f5es junto da cabe\u00e7a. Pode ainda apresentar uma orla negra a toda a volta como \u00e9 caracter\u00edstico dos Discus selvagens. Os filhos de discus selvagens prometem\u00a0 tornar-se exemplares impressionante na fase adulta, exibindo toda a beleza r\u00fastica dos seus ancestrais amaz\u00f4nicos.  Estes exemplares s\u00e3o diretamente importados da renomada empresa DiscusX (Tail\u00e2ndia) \u2014 refer\u00eancia mundial em gen\u00e9tica e excel\u00eancia na cria\u00e7\u00e3o de Symphysodon aequifasciatus  Estes exemplares destacam-se por:   Cores vibrantes e padr\u00f5es \u00fanicos;  Formas perfeitamente arredondadas;  Comportamento d\u00f3cil e adaptabilidade f\u00e1cil a novo ambiente;  Saud\u00e1veis e fortes.  Cada peixe \u00e9 fruto de um trabalho especializado, garantindo linhagens puras, gen\u00e9tica est\u00e1vel e excelente padr\u00e3o fenot\u00edpico, sendo ideais tanto para aquariofilistas exigentes, como tamb\u00e9m para projetos de reprodu\u00e7\u00e3o.\" \/>\n<meta property=\"og:url\" content=\"https:\/\/ornaqua.pt\/es\/producto\/disco-jacarecapa-f4-15-16-cm\/\" \/>\n<meta property=\"og:site_name\" content=\"Ornaqua - Reprodu\u00e7\u00e3o, Importa\u00e7\u00e3o e Comercio de Peixes Ornamentais\" \/>\n<meta property=\"article:publisher\" content=\"https:\/\/www.facebook.com\/ORNAQUA\" \/>\n<meta property=\"article:modified_time\" content=\"2026-02-06T11:23:28+00:00\" \/>\n<meta property=\"og:image\" content=\"https:\/\/ornaqua.pt\/wp-content\/uploads\/2025\/06\/JacarecapaF415-16cm.jpg\" \/>\n\t<meta property=\"og:image:width\" content=\"600\" \/>\n\t<meta property=\"og:image:height\" content=\"600\" \/>\n\t<meta property=\"og:image:type\" content=\"image\/jpeg\" \/>\n<meta name=\"twitter:card\" content=\"summary_large_image\" \/>\n<meta name=\"twitter:label1\" content=\"Tiempo de lectura\" \/>\n\t<meta name=\"twitter:data1\" content=\"1 minuto\" \/>\n<script type=\"application\/ld+json\" class=\"yoast-schema-graph\">{\"@context\":\"https:\/\/schema.org\",\"@graph\":[{\"@type\":\"WebPage\",\"@id\":\"https:\/\/ornaqua.pt\/produto\/disco-jacarecapa-f4-15-16-cm\/\",\"url\":\"https:\/\/ornaqua.pt\/produto\/disco-jacarecapa-f4-15-16-cm\/\",\"name\":\"Disco Jacarecapa \\\"F4\\\" (15-16 cm) - Ornaqua - Reprodu\u00e7\u00e3o, Importa\u00e7\u00e3o e Comercio de Peixes Ornamentais\",\"isPartOf\":{\"@id\":\"https:\/\/ornaqua.pt\/#website\"},\"primaryImageOfPage\":{\"@id\":\"https:\/\/ornaqua.pt\/produto\/disco-jacarecapa-f4-15-16-cm\/#primaryimage\"},\"image\":{\"@id\":\"https:\/\/ornaqua.pt\/produto\/disco-jacarecapa-f4-15-16-cm\/#primaryimage\"},\"thumbnailUrl\":\"https:\/\/ornaqua.pt\/wp-content\/uploads\/2025\/06\/JacarecapaF415-16cm.jpg\",\"datePublished\":\"2025-06-25T13:26:44+00:00\",\"dateModified\":\"2026-02-06T11:23:28+00:00\",\"breadcrumb\":{\"@id\":\"https:\/\/ornaqua.pt\/produto\/disco-jacarecapa-f4-15-16-cm\/#breadcrumb\"},\"inLanguage\":\"es\",\"potentialAction\":[{\"@type\":\"ReadAction\",\"target\":[\"https:\/\/ornaqua.pt\/produto\/disco-jacarecapa-f4-15-16-cm\/\"]}]},{\"@type\":\"ImageObject\",\"inLanguage\":\"es\",\"@id\":\"https:\/\/ornaqua.pt\/produto\/disco-jacarecapa-f4-15-16-cm\/#primaryimage\",\"url\":\"https:\/\/ornaqua.pt\/wp-content\/uploads\/2025\/06\/JacarecapaF415-16cm.jpg\",\"contentUrl\":\"https:\/\/ornaqua.pt\/wp-content\/uploads\/2025\/06\/JacarecapaF415-16cm.jpg\",\"width\":600,\"height\":600},{\"@type\":\"BreadcrumbList\",\"@id\":\"https:\/\/ornaqua.pt\/produto\/disco-jacarecapa-f4-15-16-cm\/#breadcrumb\",\"itemListElement\":[{\"@type\":\"ListItem\",\"position\":1,\"name\":\"In\u00edcio\",\"item\":\"https:\/\/ornaqua.pt\/\"},{\"@type\":\"ListItem\",\"position\":2,\"name\":\"Produtos\",\"item\":\"https:\/\/ornaqua.pt\/produtos\/\"},{\"@type\":\"ListItem\",\"position\":3,\"name\":\"Disco Jacarecapa &#8220;F4&#8221; (15-16 cm)\"}]},{\"@type\":\"WebSite\",\"@id\":\"https:\/\/ornaqua.pt\/#website\",\"url\":\"https:\/\/ornaqua.pt\/\",\"name\":\"Ornaqua - Loja Online\",\"description\":\"Reprodu\u00e7\u00e3o, Importa\u00e7\u00e3o e Comercio de Peixes Ornamentais\",\"publisher\":{\"@id\":\"https:\/\/ornaqua.pt\/#organization\"},\"potentialAction\":[{\"@type\":\"SearchAction\",\"target\":{\"@type\":\"EntryPoint\",\"urlTemplate\":\"https:\/\/ornaqua.pt\/?s={search_term_string}\"},\"query-input\":{\"@type\":\"PropertyValueSpecification\",\"valueRequired\":true,\"valueName\":\"search_term_string\"}}],\"inLanguage\":\"es\"},{\"@type\":\"Organization\",\"@id\":\"https:\/\/ornaqua.pt\/#organization\",\"name\":\"Ornaqua - Reprodu\u00e7\u00e3o, Importa\u00e7\u00e3o e Comercio de Peixes Ornamentais\",\"url\":\"https:\/\/ornaqua.pt\/\",\"logo\":{\"@type\":\"ImageObject\",\"inLanguage\":\"es\",\"@id\":\"https:\/\/ornaqua.pt\/#\/schema\/logo\/image\/\",\"url\":\"https:\/\/ornaqua.pt\/wp-content\/uploads\/2023\/10\/logo_ornaqua_200.png\",\"contentUrl\":\"https:\/\/ornaqua.pt\/wp-content\/uploads\/2023\/10\/logo_ornaqua_200.png\",\"width\":200,\"height\":97,\"caption\":\"Ornaqua - Reprodu\u00e7\u00e3o, Importa\u00e7\u00e3o e Comercio de Peixes Ornamentais\"},\"image\":{\"@id\":\"https:\/\/ornaqua.pt\/#\/schema\/logo\/image\/\"},\"sameAs\":[\"https:\/\/www.facebook.com\/ORNAQUA\",\"https:\/\/www.instagram.com\/ornaqua\/\"]}]}<\/script>\n<!-- \/ Yoast SEO plugin. -->","yoast_head_json":{"title":"Disco Jacarecapa \"F4\" (15-16 cm) - Ornaqua - Reprodu\u00e7\u00e3o, Importa\u00e7\u00e3o e Comercio de Peixes Ornamentais","robots":{"index":"index","follow":"follow","max-snippet":"max-snippet:-1","max-image-preview":"max-image-preview:large","max-video-preview":"max-video-preview:-1"},"canonical":"https:\/\/ornaqua.pt\/es\/producto\/disco-jacarecapa-f4-15-16-cm\/","og_locale":"es_ES","og_type":"article","og_title":"Disco Jacarecapa \"F4\" (15-16 cm) - Ornaqua - Reprodu\u00e7\u00e3o, Importa\u00e7\u00e3o e Comercio de Peixes Ornamentais","og_description":"Discus Jacarecapa \u201cf4\u201d s\u00e3o a quarta gera\u00e7\u00e3o de exemplares selvagens, preservando tra\u00e7os marcantes da sua linhagem natural. Apresenta uma colora\u00e7\u00e3o castanha com tons avermelhados (em adulto) e algumas linhas ou padr\u00f5es junto da cabe\u00e7a. Pode ainda apresentar uma orla negra a toda a volta como \u00e9 caracter\u00edstico dos Discus selvagens. Os filhos de discus selvagens prometem\u00a0 tornar-se exemplares impressionante na fase adulta, exibindo toda a beleza r\u00fastica dos seus ancestrais amaz\u00f4nicos.  Estes exemplares s\u00e3o diretamente importados da renomada empresa DiscusX (Tail\u00e2ndia) \u2014 refer\u00eancia mundial em gen\u00e9tica e excel\u00eancia na cria\u00e7\u00e3o de Symphysodon aequifasciatus  Estes exemplares destacam-se por:   Cores vibrantes e padr\u00f5es \u00fanicos;  Formas perfeitamente arredondadas;  Comportamento d\u00f3cil e adaptabilidade f\u00e1cil a novo ambiente;  Saud\u00e1veis e fortes.  Cada peixe \u00e9 fruto de um trabalho especializado, garantindo linhagens puras, gen\u00e9tica est\u00e1vel e excelente padr\u00e3o fenot\u00edpico, sendo ideais tanto para aquariofilistas exigentes, como tamb\u00e9m para projetos de reprodu\u00e7\u00e3o.","og_url":"https:\/\/ornaqua.pt\/es\/producto\/disco-jacarecapa-f4-15-16-cm\/","og_site_name":"Ornaqua - Reprodu\u00e7\u00e3o, Importa\u00e7\u00e3o e Comercio de Peixes Ornamentais","article_publisher":"https:\/\/www.facebook.com\/ORNAQUA","article_modified_time":"2026-02-06T11:23:28+00:00","og_image":[{"width":600,"height":600,"url":"https:\/\/ornaqua.pt\/wp-content\/uploads\/2025\/06\/JacarecapaF415-16cm.jpg","type":"image\/jpeg"}],"twitter_card":"summary_large_image","twitter_misc":{"Tiempo de lectura":"1 minuto"},"schema":{"@context":"https:\/\/schema.org","@graph":[{"@type":"WebPage","@id":"https:\/\/ornaqua.pt\/produto\/disco-jacarecapa-f4-15-16-cm\/","url":"https:\/\/ornaqua.pt\/produto\/disco-jacarecapa-f4-15-16-cm\/","name":"Disco Jacarecapa \"F4\" (15-16 cm) - Ornaqua - Reprodu\u00e7\u00e3o, Importa\u00e7\u00e3o e Comercio de Peixes Ornamentais","isPartOf":{"@id":"https:\/\/ornaqua.pt\/#website"},"primaryImageOfPage":{"@id":"https:\/\/ornaqua.pt\/produto\/disco-jacarecapa-f4-15-16-cm\/#primaryimage"},"image":{"@id":"https:\/\/ornaqua.pt\/produto\/disco-jacarecapa-f4-15-16-cm\/#primaryimage"},"thumbnailUrl":"https:\/\/ornaqua.pt\/wp-content\/uploads\/2025\/06\/JacarecapaF415-16cm.jpg","datePublished":"2025-06-25T13:26:44+00:00","dateModified":"2026-02-06T11:23:28+00:00","breadcrumb":{"@id":"https:\/\/ornaqua.pt\/produto\/disco-jacarecapa-f4-15-16-cm\/#breadcrumb"},"inLanguage":"es","potentialAction":[{"@type":"ReadAction","target":["https:\/\/ornaqua.pt\/produto\/disco-jacarecapa-f4-15-16-cm\/"]}]},{"@type":"ImageObject","inLanguage":"es","@id":"https:\/\/ornaqua.pt\/produto\/disco-jacarecapa-f4-15-16-cm\/#primaryimage","url":"https:\/\/ornaqua.pt\/wp-content\/uploads\/2025\/06\/JacarecapaF415-16cm.jpg","contentUrl":"https:\/\/ornaqua.pt\/wp-content\/uploads\/2025\/06\/JacarecapaF415-16cm.jpg","width":600,"height":600},{"@type":"BreadcrumbList","@id":"https:\/\/ornaqua.pt\/produto\/disco-jacarecapa-f4-15-16-cm\/#breadcrumb","itemListElement":[{"@type":"ListItem","position":1,"name":"In\u00edcio","item":"https:\/\/ornaqua.pt\/"},{"@type":"ListItem","position":2,"name":"Produtos","item":"https:\/\/ornaqua.pt\/produtos\/"},{"@type":"ListItem","position":3,"name":"Disco Jacarecapa &#8220;F4&#8221; (15-16 cm)"}]},{"@type":"WebSite","@id":"https:\/\/ornaqua.pt\/#website","url":"https:\/\/ornaqua.pt\/","name":"Ornaqua - Loja Online","description":"Reprodu\u00e7\u00e3o, Importa\u00e7\u00e3o e Comercio de Peixes Ornamentais","publisher":{"@id":"https:\/\/ornaqua.pt\/#organization"},"potentialAction":[{"@type":"SearchAction","target":{"@type":"EntryPoint","urlTemplate":"https:\/\/ornaqua.pt\/?s={search_term_string}"},"query-input":{"@type":"PropertyValueSpecification","valueRequired":true,"valueName":"search_term_string"}}],"inLanguage":"es"},{"@type":"Organization","@id":"https:\/\/ornaqua.pt\/#organization","name":"Ornaqua - Reprodu\u00e7\u00e3o, Importa\u00e7\u00e3o e Comercio de Peixes Ornamentais","url":"https:\/\/ornaqua.pt\/","logo":{"@type":"ImageObject","inLanguage":"es","@id":"https:\/\/ornaqua.pt\/#\/schema\/logo\/image\/","url":"https:\/\/ornaqua.pt\/wp-content\/uploads\/2023\/10\/logo_ornaqua_200.png","contentUrl":"https:\/\/ornaqua.pt\/wp-content\/uploads\/2023\/10\/logo_ornaqua_200.png","width":200,"height":97,"caption":"Ornaqua - Reprodu\u00e7\u00e3o, Importa\u00e7\u00e3o e Comercio de Peixes Ornamentais"},"image":{"@id":"https:\/\/ornaqua.pt\/#\/schema\/logo\/image\/"},"sameAs":["https:\/\/www.facebook.com\/ORNAQUA","https:\/\/www.instagram.com\/ornaqua\/"]}]}},"_links":{"self":[{"href":"https:\/\/ornaqua.pt\/es\/wp-json\/wp\/v2\/product\/6543","targetHints":{"allow":["GET"]}}],"collection":[{"href":"https:\/\/ornaqua.pt\/es\/wp-json\/wp\/v2\/product"}],"about":[{"href":"https:\/\/ornaqua.pt\/es\/wp-json\/wp\/v2\/types\/product"}],"wp:featuredmedia":[{"embeddable":true,"href":"https:\/\/ornaqua.pt\/es\/wp-json\/wp\/v2\/media\/6578"}],"wp:attachment":[{"href":"https:\/\/ornaqua.pt\/es\/wp-json\/wp\/v2\/media?parent=6543"}],"wp:term":[{"taxonomy":"product_brand","embeddable":true,"href":"https:\/\/ornaqua.pt\/es\/wp-json\/wp\/v2\/product_brand?post=6543"},{"taxonomy":"product_cat","embeddable":true,"href":"https:\/\/ornaqua.pt\/es\/wp-json\/wp\/v2\/product_cat?post=6543"},{"taxonomy":"product_tag","embeddable":true,"href":"https:\/\/ornaqua.pt\/es\/wp-json\/wp\/v2\/product_tag?post=6543"}],"curies":[{"name":"wp","href":"https:\/\/api.w.org\/{rel}","templated":true}]}}