{"id":5628,"date":"2023-10-13T20:22:27","date_gmt":"2023-10-13T19:22:27","guid":{"rendered":"http:\/\/ornaqua.pt\/produto\/seachem-pristine-250-ml30-bonus\/"},"modified":"2025-12-15T10:48:46","modified_gmt":"2025-12-15T10:48:46","slug":"seachem-pristine-250-ml30-bonus","status":"publish","type":"product","link":"https:\/\/ornaqua.pt\/es\/producto\/seachem-pristine-250-ml30-bonus\/","title":{"rendered":"Seachem- Pristine (250 ml+30% Bonus)"},"content":{"rendered":"<p>Pristine\u2122 utiliza bio-aumento, um m\u00e9todo n\u00e3o qu\u00edmico e natural, para melhorar a qualidade da \u00e1gua. Fornece bact\u00e9rias que decomp\u00f5em o excesso de alimentos, res\u00edduos e detritos em sistemas de \u00e1gua doce e marinhos. Tamb\u00e9m reduzir\u00e1 o excesso de nutrientes (por exemplo, am\u00f4nia, nitratos e nitritos) que podem alimentar o crescimento de organismos inc\u00f4modos e causadores de doen\u00e7as. Pristine\u2122 aumenta a clareza da \u00e1gua e promove uma melhor sa\u00fade geral para o ambiente aqu\u00e1tico.<\/p>","protected":false},"excerpt":{"rendered":"<p>Pristine\u2122 utiliza bio-aumento, um m\u00e9todo n\u00e3o qu\u00edmico e natural, para melhorar a qualidade da \u00e1gua. Fornece bact\u00e9rias que decomp\u00f5em o excesso de alimentos, res\u00edduos e detritos em sistemas de \u00e1gua doce e marinhos. Tamb\u00e9m reduzir\u00e1 o excesso de nutrientes (por exemplo, am\u00f4nia, nitratos e nitritos) que podem alimentar o crescimento de organismos inc\u00f4modos e causadores [&hellip;]<\/p>\n","protected":false},"featured_media":5627,"template":"","meta":{"inline_featured_image":false},"product_brand":[],"product_cat":[43],"product_tag":[],"class_list":{"0":"post-5628","1":"product","2":"type-product","3":"status-publish","4":"has-post-thumbnail","6":"product_cat-tratamentos","8":"first","9":"instock","10":"featured","11":"taxable","12":"shipping-taxable","13":"purchasable","14":"product-type-simple"},"yoast_head":"<!-- This site is optimized with the Yoast SEO plugin v27.5 - https:\/\/yoast.com\/product\/yoast-seo-wordpress\/ -->\n<title>Seachem- Pristine (250 ml+30% Bonus) - Ornaqua - Reprodu\u00e7\u00e3o, Importa\u00e7\u00e3o e Comercio de Peixes Ornamentais<\/title>\n<meta name=\"robots\" content=\"index, follow, max-snippet:-1, max-image-preview:large, max-video-preview:-1\" \/>\n<link rel=\"canonical\" href=\"https:\/\/ornaqua.pt\/es\/producto\/seachem-pristine-250-ml30-bonus\/\" \/>\n<meta property=\"og:locale\" content=\"es_ES\" \/>\n<meta property=\"og:type\" content=\"article\" \/>\n<meta property=\"og:title\" content=\"Seachem- Pristine (250 ml+30% Bonus) - Ornaqua - Reprodu\u00e7\u00e3o, Importa\u00e7\u00e3o e Comercio de Peixes Ornamentais\" \/>\n<meta property=\"og:description\" content=\"Pristine\u2122 utiliza bio-aumento, um m\u00e9todo n\u00e3o qu\u00edmico e natural, para melhorar a qualidade da \u00e1gua. Fornece bact\u00e9rias que decomp\u00f5em o excesso de alimentos, res\u00edduos e detritos em sistemas de \u00e1gua doce e marinhos. Tamb\u00e9m reduzir\u00e1 o excesso de nutrientes (por exemplo, am\u00f4nia, nitratos e nitritos) que podem alimentar o crescimento de organismos inc\u00f4modos e causadores [&hellip;]\" \/>\n<meta property=\"og:url\" content=\"https:\/\/ornaqua.pt\/es\/producto\/seachem-pristine-250-ml30-bonus\/\" \/>\n<meta property=\"og:site_name\" content=\"Ornaqua - Reprodu\u00e7\u00e3o, Importa\u00e7\u00e3o e Comercio de Peixes Ornamentais\" \/>\n<meta property=\"article:publisher\" content=\"https:\/\/www.facebook.com\/ORNAQUA\" \/>\n<meta property=\"article:modified_time\" content=\"2025-12-15T10:48:46+00:00\" \/>\n<meta property=\"og:image\" content=\"https:\/\/ornaqua.pt\/wp-content\/uploads\/2023\/10\/SC045.jpg\" \/>\n\t<meta property=\"og:image:width\" content=\"1110\" \/>\n\t<meta property=\"og:image:height\" content=\"1110\" \/>\n\t<meta property=\"og:image:type\" content=\"image\/jpeg\" \/>\n<meta name=\"twitter:card\" content=\"summary_large_image\" \/>\n<meta name=\"twitter:label1\" content=\"Tiempo de lectura\" \/>\n\t<meta name=\"twitter:data1\" content=\"1 minuto\" \/>\n<script type=\"application\/ld+json\" class=\"yoast-schema-graph\">{\"@context\":\"https:\\\/\\\/schema.org\",\"@graph\":[{\"@type\":\"WebPage\",\"@id\":\"https:\\\/\\\/ornaqua.pt\\\/produto\\\/seachem-pristine-250-ml30-bonus\\\/\",\"url\":\"https:\\\/\\\/ornaqua.pt\\\/produto\\\/seachem-pristine-250-ml30-bonus\\\/\",\"name\":\"Seachem- Pristine (250 ml+30% Bonus) - Ornaqua - Reprodu\u00e7\u00e3o, Importa\u00e7\u00e3o e Comercio de Peixes Ornamentais\",\"isPartOf\":{\"@id\":\"https:\\\/\\\/ornaqua.pt\\\/#website\"},\"primaryImageOfPage\":{\"@id\":\"https:\\\/\\\/ornaqua.pt\\\/produto\\\/seachem-pristine-250-ml30-bonus\\\/#primaryimage\"},\"image\":{\"@id\":\"https:\\\/\\\/ornaqua.pt\\\/produto\\\/seachem-pristine-250-ml30-bonus\\\/#primaryimage\"},\"thumbnailUrl\":\"https:\\\/\\\/ornaqua.pt\\\/wp-content\\\/uploads\\\/2023\\\/10\\\/SC045.jpg\",\"datePublished\":\"2023-10-13T19:22:27+00:00\",\"dateModified\":\"2025-12-15T10:48:46+00:00\",\"breadcrumb\":{\"@id\":\"https:\\\/\\\/ornaqua.pt\\\/produto\\\/seachem-pristine-250-ml30-bonus\\\/#breadcrumb\"},\"inLanguage\":\"es\",\"potentialAction\":[{\"@type\":\"ReadAction\",\"target\":[\"https:\\\/\\\/ornaqua.pt\\\/produto\\\/seachem-pristine-250-ml30-bonus\\\/\"]}]},{\"@type\":\"ImageObject\",\"inLanguage\":\"es\",\"@id\":\"https:\\\/\\\/ornaqua.pt\\\/produto\\\/seachem-pristine-250-ml30-bonus\\\/#primaryimage\",\"url\":\"https:\\\/\\\/ornaqua.pt\\\/wp-content\\\/uploads\\\/2023\\\/10\\\/SC045.jpg\",\"contentUrl\":\"https:\\\/\\\/ornaqua.pt\\\/wp-content\\\/uploads\\\/2023\\\/10\\\/SC045.jpg\",\"width\":1110,\"height\":1110},{\"@type\":\"BreadcrumbList\",\"@id\":\"https:\\\/\\\/ornaqua.pt\\\/produto\\\/seachem-pristine-250-ml30-bonus\\\/#breadcrumb\",\"itemListElement\":[{\"@type\":\"ListItem\",\"position\":1,\"name\":\"In\u00edcio\",\"item\":\"https:\\\/\\\/ornaqua.pt\\\/\"},{\"@type\":\"ListItem\",\"position\":2,\"name\":\"Produtos\",\"item\":\"https:\\\/\\\/ornaqua.pt\\\/produtos\\\/\"},{\"@type\":\"ListItem\",\"position\":3,\"name\":\"Seachem- Pristine (250 ml+30% Bonus)\"}]},{\"@type\":\"WebSite\",\"@id\":\"https:\\\/\\\/ornaqua.pt\\\/#website\",\"url\":\"https:\\\/\\\/ornaqua.pt\\\/\",\"name\":\"Ornaqua - Loja Online\",\"description\":\"Reprodu\u00e7\u00e3o, Importa\u00e7\u00e3o e Comercio de Peixes Ornamentais\",\"publisher\":{\"@id\":\"https:\\\/\\\/ornaqua.pt\\\/#organization\"},\"potentialAction\":[{\"@type\":\"SearchAction\",\"target\":{\"@type\":\"EntryPoint\",\"urlTemplate\":\"https:\\\/\\\/ornaqua.pt\\\/?s={search_term_string}\"},\"query-input\":{\"@type\":\"PropertyValueSpecification\",\"valueRequired\":true,\"valueName\":\"search_term_string\"}}],\"inLanguage\":\"es\"},{\"@type\":\"Organization\",\"@id\":\"https:\\\/\\\/ornaqua.pt\\\/#organization\",\"name\":\"Ornaqua - Reprodu\u00e7\u00e3o, Importa\u00e7\u00e3o e Comercio de Peixes Ornamentais\",\"url\":\"https:\\\/\\\/ornaqua.pt\\\/\",\"logo\":{\"@type\":\"ImageObject\",\"inLanguage\":\"es\",\"@id\":\"https:\\\/\\\/ornaqua.pt\\\/#\\\/schema\\\/logo\\\/image\\\/\",\"url\":\"https:\\\/\\\/ornaqua.pt\\\/wp-content\\\/uploads\\\/2023\\\/10\\\/logo_ornaqua_200.png\",\"contentUrl\":\"https:\\\/\\\/ornaqua.pt\\\/wp-content\\\/uploads\\\/2023\\\/10\\\/logo_ornaqua_200.png\",\"width\":200,\"height\":97,\"caption\":\"Ornaqua - Reprodu\u00e7\u00e3o, Importa\u00e7\u00e3o e Comercio de Peixes Ornamentais\"},\"image\":{\"@id\":\"https:\\\/\\\/ornaqua.pt\\\/#\\\/schema\\\/logo\\\/image\\\/\"},\"sameAs\":[\"https:\\\/\\\/www.facebook.com\\\/ORNAQUA\",\"https:\\\/\\\/www.instagram.com\\\/ornaqua\\\/\"]}]}<\/script>\n<!-- \/ Yoast SEO plugin. -->","yoast_head_json":{"title":"Seachem- Pristine (250 ml+30% Bonus) - Ornaqua - Reprodu\u00e7\u00e3o, Importa\u00e7\u00e3o e Comercio de Peixes Ornamentais","robots":{"index":"index","follow":"follow","max-snippet":"max-snippet:-1","max-image-preview":"max-image-preview:large","max-video-preview":"max-video-preview:-1"},"canonical":"https:\/\/ornaqua.pt\/es\/producto\/seachem-pristine-250-ml30-bonus\/","og_locale":"es_ES","og_type":"article","og_title":"Seachem- Pristine (250 ml+30% Bonus) - Ornaqua - Reprodu\u00e7\u00e3o, Importa\u00e7\u00e3o e Comercio de Peixes Ornamentais","og_description":"Pristine\u2122 utiliza bio-aumento, um m\u00e9todo n\u00e3o qu\u00edmico e natural, para melhorar a qualidade da \u00e1gua. Fornece bact\u00e9rias que decomp\u00f5em o excesso de alimentos, res\u00edduos e detritos em sistemas de \u00e1gua doce e marinhos. Tamb\u00e9m reduzir\u00e1 o excesso de nutrientes (por exemplo, am\u00f4nia, nitratos e nitritos) que podem alimentar o crescimento de organismos inc\u00f4modos e causadores [&hellip;]","og_url":"https:\/\/ornaqua.pt\/es\/producto\/seachem-pristine-250-ml30-bonus\/","og_site_name":"Ornaqua - Reprodu\u00e7\u00e3o, Importa\u00e7\u00e3o e Comercio de Peixes Ornamentais","article_publisher":"https:\/\/www.facebook.com\/ORNAQUA","article_modified_time":"2025-12-15T10:48:46+00:00","og_image":[{"width":1110,"height":1110,"url":"https:\/\/ornaqua.pt\/wp-content\/uploads\/2023\/10\/SC045.jpg","type":"image\/jpeg"}],"twitter_card":"summary_large_image","twitter_misc":{"Tiempo de lectura":"1 minuto"},"schema":{"@context":"https:\/\/schema.org","@graph":[{"@type":"WebPage","@id":"https:\/\/ornaqua.pt\/produto\/seachem-pristine-250-ml30-bonus\/","url":"https:\/\/ornaqua.pt\/produto\/seachem-pristine-250-ml30-bonus\/","name":"Seachem- Pristine (250 ml+30% Bonus) - Ornaqua - Reprodu\u00e7\u00e3o, Importa\u00e7\u00e3o e Comercio de Peixes Ornamentais","isPartOf":{"@id":"https:\/\/ornaqua.pt\/#website"},"primaryImageOfPage":{"@id":"https:\/\/ornaqua.pt\/produto\/seachem-pristine-250-ml30-bonus\/#primaryimage"},"image":{"@id":"https:\/\/ornaqua.pt\/produto\/seachem-pristine-250-ml30-bonus\/#primaryimage"},"thumbnailUrl":"https:\/\/ornaqua.pt\/wp-content\/uploads\/2023\/10\/SC045.jpg","datePublished":"2023-10-13T19:22:27+00:00","dateModified":"2025-12-15T10:48:46+00:00","breadcrumb":{"@id":"https:\/\/ornaqua.pt\/produto\/seachem-pristine-250-ml30-bonus\/#breadcrumb"},"inLanguage":"es","potentialAction":[{"@type":"ReadAction","target":["https:\/\/ornaqua.pt\/produto\/seachem-pristine-250-ml30-bonus\/"]}]},{"@type":"ImageObject","inLanguage":"es","@id":"https:\/\/ornaqua.pt\/produto\/seachem-pristine-250-ml30-bonus\/#primaryimage","url":"https:\/\/ornaqua.pt\/wp-content\/uploads\/2023\/10\/SC045.jpg","contentUrl":"https:\/\/ornaqua.pt\/wp-content\/uploads\/2023\/10\/SC045.jpg","width":1110,"height":1110},{"@type":"BreadcrumbList","@id":"https:\/\/ornaqua.pt\/produto\/seachem-pristine-250-ml30-bonus\/#breadcrumb","itemListElement":[{"@type":"ListItem","position":1,"name":"In\u00edcio","item":"https:\/\/ornaqua.pt\/"},{"@type":"ListItem","position":2,"name":"Produtos","item":"https:\/\/ornaqua.pt\/produtos\/"},{"@type":"ListItem","position":3,"name":"Seachem- Pristine (250 ml+30% Bonus)"}]},{"@type":"WebSite","@id":"https:\/\/ornaqua.pt\/#website","url":"https:\/\/ornaqua.pt\/","name":"Ornaqua - Loja Online","description":"Reprodu\u00e7\u00e3o, Importa\u00e7\u00e3o e Comercio de Peixes Ornamentais","publisher":{"@id":"https:\/\/ornaqua.pt\/#organization"},"potentialAction":[{"@type":"SearchAction","target":{"@type":"EntryPoint","urlTemplate":"https:\/\/ornaqua.pt\/?s={search_term_string}"},"query-input":{"@type":"PropertyValueSpecification","valueRequired":true,"valueName":"search_term_string"}}],"inLanguage":"es"},{"@type":"Organization","@id":"https:\/\/ornaqua.pt\/#organization","name":"Ornaqua - Reprodu\u00e7\u00e3o, Importa\u00e7\u00e3o e Comercio de Peixes Ornamentais","url":"https:\/\/ornaqua.pt\/","logo":{"@type":"ImageObject","inLanguage":"es","@id":"https:\/\/ornaqua.pt\/#\/schema\/logo\/image\/","url":"https:\/\/ornaqua.pt\/wp-content\/uploads\/2023\/10\/logo_ornaqua_200.png","contentUrl":"https:\/\/ornaqua.pt\/wp-content\/uploads\/2023\/10\/logo_ornaqua_200.png","width":200,"height":97,"caption":"Ornaqua - Reprodu\u00e7\u00e3o, Importa\u00e7\u00e3o e Comercio de Peixes Ornamentais"},"image":{"@id":"https:\/\/ornaqua.pt\/#\/schema\/logo\/image\/"},"sameAs":["https:\/\/www.facebook.com\/ORNAQUA","https:\/\/www.instagram.com\/ornaqua\/"]}]}},"_links":{"self":[{"href":"https:\/\/ornaqua.pt\/es\/wp-json\/wp\/v2\/product\/5628","targetHints":{"allow":["GET"]}}],"collection":[{"href":"https:\/\/ornaqua.pt\/es\/wp-json\/wp\/v2\/product"}],"about":[{"href":"https:\/\/ornaqua.pt\/es\/wp-json\/wp\/v2\/types\/product"}],"wp:featuredmedia":[{"embeddable":true,"href":"https:\/\/ornaqua.pt\/es\/wp-json\/wp\/v2\/media\/5627"}],"wp:attachment":[{"href":"https:\/\/ornaqua.pt\/es\/wp-json\/wp\/v2\/media?parent=5628"}],"wp:term":[{"taxonomy":"product_brand","embeddable":true,"href":"https:\/\/ornaqua.pt\/es\/wp-json\/wp\/v2\/product_brand?post=5628"},{"taxonomy":"product_cat","embeddable":true,"href":"https:\/\/ornaqua.pt\/es\/wp-json\/wp\/v2\/product_cat?post=5628"},{"taxonomy":"product_tag","embeddable":true,"href":"https:\/\/ornaqua.pt\/es\/wp-json\/wp\/v2\/product_tag?post=5628"}],"curies":[{"name":"wp","href":"https:\/\/api.w.org\/{rel}","templated":true}]}}