{"id":5576,"date":"2023-08-11T20:35:08","date_gmt":"2023-08-11T19:35:08","guid":{"rendered":"http:\/\/ornaqua.pt\/produto\/k1-media-k1-1l-avulso-2\/"},"modified":"2026-01-24T07:33:57","modified_gmt":"2026-01-24T07:33:57","slug":"k1-media-k1-1l-avulso-2","status":"publish","type":"product","link":"https:\/\/ornaqua.pt\/es\/producto\/k1-media-k1-1l-avulso-2\/","title":{"rendered":"K1 media- k1 + (1L avulso)"},"content":{"rendered":"<p> A K+Media se le suman Minerales y Enzimas. El resultado de este proceso, exclusivo de Evolution Aqua, es un medio filtrante que no solo supera a la mayor\u00eda de sus competidores debido a su gran \u00e1rea de superficie protegida, sino que tambi\u00e9n responde al problema de c\u00f3mo acelerar el tiempo de maduraci\u00f3n de su filtro. La adici\u00f3n de estos minerales crea una superficie rugosa en el medio. Esta superficie texturizada tiene un panal microsc\u00f3pico de picos y cr\u00e1teres que permiten la acumulaci\u00f3n de part\u00edculas de desecho y la formaci\u00f3n de bacterias nitrificantes. Los minerales act\u00faan como fuente de alimento para las bacterias, ayud\u00e1ndolas a desarrollarse y multiplicarse m\u00e1s r\u00e1pido, mejorando a\u00fan m\u00e1s los tiempos de maduraci\u00f3n. El calcio solo tiene beneficios comprobados para desarrollar y mantener biopel\u00edculas efectivas. Las enzimas a\u00f1adidas tambi\u00e9n ayudan a que el medio sea \"pegajoso\" para que las part\u00edculas de desecho puedan adherirse al medio m\u00e1s f\u00e1cilmente. Durante el proceso de extrusi\u00f3n se a\u00f1ade sal, que se disuelve durante el proceso de enfriamiento, dejando una superficie rugosa sobre la que se puede adherir f\u00e1cilmente el biofilm.<\/p>","protected":false},"excerpt":{"rendered":"<p>Ao K + Media , Minerais e Enzimas s\u00e3o adicionados. O resultado desse processo, exclusivo do Evolution Aqua, \u00e9 um meio filtrante que n\u00e3o apenas supera a maioria de seus concorrentes devido \u00e0 sua grande \u00e1rea de superf\u00edcie protegida , mas tamb\u00e9m responde ao problema de como acelerar o tempo de matura\u00e7\u00e3o do seu filtro [&hellip;]<\/p>\n","protected":false},"featured_media":5575,"template":"","meta":{"inline_featured_image":false},"product_brand":[],"product_cat":[45],"product_tag":[],"class_list":{"0":"post-5576","1":"product","2":"type-product","3":"status-publish","4":"has-post-thumbnail","6":"product_cat-equipamentos","8":"first","9":"instock","10":"taxable","11":"shipping-taxable","12":"purchasable","13":"product-type-simple"},"yoast_head":"<!-- This site is optimized with the Yoast SEO plugin v27.1.1 - https:\/\/yoast.com\/product\/yoast-seo-wordpress\/ -->\n<title>K1 media- k1 + (1L avulso) - Ornaqua - Reprodu\u00e7\u00e3o, Importa\u00e7\u00e3o e Comercio de Peixes Ornamentais<\/title>\n<meta name=\"robots\" content=\"index, follow, max-snippet:-1, max-image-preview:large, max-video-preview:-1\" \/>\n<link rel=\"canonical\" href=\"https:\/\/ornaqua.pt\/es\/producto\/k1-media-k1-1l-avulso-2\/\" \/>\n<meta property=\"og:locale\" content=\"es_ES\" \/>\n<meta property=\"og:type\" content=\"article\" \/>\n<meta property=\"og:title\" content=\"K1 media- k1 + (1L avulso) - Ornaqua - Reprodu\u00e7\u00e3o, Importa\u00e7\u00e3o e Comercio de Peixes Ornamentais\" \/>\n<meta property=\"og:description\" content=\"Ao K + Media , Minerais e Enzimas s\u00e3o adicionados. O resultado desse processo, exclusivo do Evolution Aqua, \u00e9 um meio filtrante que n\u00e3o apenas supera a maioria de seus concorrentes devido \u00e0 sua grande \u00e1rea de superf\u00edcie protegida , mas tamb\u00e9m responde ao problema de como acelerar o tempo de matura\u00e7\u00e3o do seu filtro [&hellip;]\" \/>\n<meta property=\"og:url\" content=\"https:\/\/ornaqua.pt\/es\/producto\/k1-media-k1-1l-avulso-2\/\" \/>\n<meta property=\"og:site_name\" content=\"Ornaqua - Reprodu\u00e7\u00e3o, Importa\u00e7\u00e3o e Comercio de Peixes Ornamentais\" \/>\n<meta property=\"article:publisher\" content=\"https:\/\/www.facebook.com\/ORNAQUA\" \/>\n<meta property=\"article:modified_time\" content=\"2026-01-24T07:33:57+00:00\" \/>\n<meta property=\"og:image\" content=\"https:\/\/ornaqua.pt\/wp-content\/uploads\/2023\/08\/OO008.jpg\" \/>\n\t<meta property=\"og:image:width\" content=\"800\" \/>\n\t<meta property=\"og:image:height\" content=\"800\" \/>\n\t<meta property=\"og:image:type\" content=\"image\/jpeg\" \/>\n<meta name=\"twitter:card\" content=\"summary_large_image\" \/>\n<meta name=\"twitter:label1\" content=\"Tiempo de lectura\" \/>\n\t<meta name=\"twitter:data1\" content=\"1 minuto\" \/>\n<script type=\"application\/ld+json\" class=\"yoast-schema-graph\">{\"@context\":\"https:\/\/schema.org\",\"@graph\":[{\"@type\":\"WebPage\",\"@id\":\"https:\/\/ornaqua.pt\/produto\/k1-media-k1-1l-avulso-2\/\",\"url\":\"https:\/\/ornaqua.pt\/produto\/k1-media-k1-1l-avulso-2\/\",\"name\":\"K1 media- k1 + (1L avulso) - Ornaqua - Reprodu\u00e7\u00e3o, Importa\u00e7\u00e3o e Comercio de Peixes Ornamentais\",\"isPartOf\":{\"@id\":\"https:\/\/ornaqua.pt\/#website\"},\"primaryImageOfPage\":{\"@id\":\"https:\/\/ornaqua.pt\/produto\/k1-media-k1-1l-avulso-2\/#primaryimage\"},\"image\":{\"@id\":\"https:\/\/ornaqua.pt\/produto\/k1-media-k1-1l-avulso-2\/#primaryimage\"},\"thumbnailUrl\":\"https:\/\/ornaqua.pt\/wp-content\/uploads\/2023\/08\/OO008.jpg\",\"datePublished\":\"2023-08-11T19:35:08+00:00\",\"dateModified\":\"2026-01-24T07:33:57+00:00\",\"breadcrumb\":{\"@id\":\"https:\/\/ornaqua.pt\/produto\/k1-media-k1-1l-avulso-2\/#breadcrumb\"},\"inLanguage\":\"es\",\"potentialAction\":[{\"@type\":\"ReadAction\",\"target\":[\"https:\/\/ornaqua.pt\/produto\/k1-media-k1-1l-avulso-2\/\"]}]},{\"@type\":\"ImageObject\",\"inLanguage\":\"es\",\"@id\":\"https:\/\/ornaqua.pt\/produto\/k1-media-k1-1l-avulso-2\/#primaryimage\",\"url\":\"https:\/\/ornaqua.pt\/wp-content\/uploads\/2023\/08\/OO008.jpg\",\"contentUrl\":\"https:\/\/ornaqua.pt\/wp-content\/uploads\/2023\/08\/OO008.jpg\",\"width\":800,\"height\":800},{\"@type\":\"BreadcrumbList\",\"@id\":\"https:\/\/ornaqua.pt\/produto\/k1-media-k1-1l-avulso-2\/#breadcrumb\",\"itemListElement\":[{\"@type\":\"ListItem\",\"position\":1,\"name\":\"In\u00edcio\",\"item\":\"https:\/\/ornaqua.pt\/\"},{\"@type\":\"ListItem\",\"position\":2,\"name\":\"Produtos\",\"item\":\"https:\/\/ornaqua.pt\/produtos\/\"},{\"@type\":\"ListItem\",\"position\":3,\"name\":\"K1 media- k1 + (1L avulso)\"}]},{\"@type\":\"WebSite\",\"@id\":\"https:\/\/ornaqua.pt\/#website\",\"url\":\"https:\/\/ornaqua.pt\/\",\"name\":\"Ornaqua - Loja Online\",\"description\":\"Reprodu\u00e7\u00e3o, Importa\u00e7\u00e3o e Comercio de Peixes Ornamentais\",\"publisher\":{\"@id\":\"https:\/\/ornaqua.pt\/#organization\"},\"potentialAction\":[{\"@type\":\"SearchAction\",\"target\":{\"@type\":\"EntryPoint\",\"urlTemplate\":\"https:\/\/ornaqua.pt\/?s={search_term_string}\"},\"query-input\":{\"@type\":\"PropertyValueSpecification\",\"valueRequired\":true,\"valueName\":\"search_term_string\"}}],\"inLanguage\":\"es\"},{\"@type\":\"Organization\",\"@id\":\"https:\/\/ornaqua.pt\/#organization\",\"name\":\"Ornaqua - Reprodu\u00e7\u00e3o, Importa\u00e7\u00e3o e Comercio de Peixes Ornamentais\",\"url\":\"https:\/\/ornaqua.pt\/\",\"logo\":{\"@type\":\"ImageObject\",\"inLanguage\":\"es\",\"@id\":\"https:\/\/ornaqua.pt\/#\/schema\/logo\/image\/\",\"url\":\"https:\/\/ornaqua.pt\/wp-content\/uploads\/2023\/10\/logo_ornaqua_200.png\",\"contentUrl\":\"https:\/\/ornaqua.pt\/wp-content\/uploads\/2023\/10\/logo_ornaqua_200.png\",\"width\":200,\"height\":97,\"caption\":\"Ornaqua - Reprodu\u00e7\u00e3o, Importa\u00e7\u00e3o e Comercio de Peixes Ornamentais\"},\"image\":{\"@id\":\"https:\/\/ornaqua.pt\/#\/schema\/logo\/image\/\"},\"sameAs\":[\"https:\/\/www.facebook.com\/ORNAQUA\",\"https:\/\/www.instagram.com\/ornaqua\/\"]}]}<\/script>\n<!-- \/ Yoast SEO plugin. -->","yoast_head_json":{"title":"K1 media- k1 + (1L avulso) - Ornaqua - Reprodu\u00e7\u00e3o, Importa\u00e7\u00e3o e Comercio de Peixes Ornamentais","robots":{"index":"index","follow":"follow","max-snippet":"max-snippet:-1","max-image-preview":"max-image-preview:large","max-video-preview":"max-video-preview:-1"},"canonical":"https:\/\/ornaqua.pt\/es\/producto\/k1-media-k1-1l-avulso-2\/","og_locale":"es_ES","og_type":"article","og_title":"K1 media- k1 + (1L avulso) - Ornaqua - Reprodu\u00e7\u00e3o, Importa\u00e7\u00e3o e Comercio de Peixes Ornamentais","og_description":"Ao K + Media , Minerais e Enzimas s\u00e3o adicionados. O resultado desse processo, exclusivo do Evolution Aqua, \u00e9 um meio filtrante que n\u00e3o apenas supera a maioria de seus concorrentes devido \u00e0 sua grande \u00e1rea de superf\u00edcie protegida , mas tamb\u00e9m responde ao problema de como acelerar o tempo de matura\u00e7\u00e3o do seu filtro [&hellip;]","og_url":"https:\/\/ornaqua.pt\/es\/producto\/k1-media-k1-1l-avulso-2\/","og_site_name":"Ornaqua - Reprodu\u00e7\u00e3o, Importa\u00e7\u00e3o e Comercio de Peixes Ornamentais","article_publisher":"https:\/\/www.facebook.com\/ORNAQUA","article_modified_time":"2026-01-24T07:33:57+00:00","og_image":[{"width":800,"height":800,"url":"https:\/\/ornaqua.pt\/wp-content\/uploads\/2023\/08\/OO008.jpg","type":"image\/jpeg"}],"twitter_card":"summary_large_image","twitter_misc":{"Tiempo de lectura":"1 minuto"},"schema":{"@context":"https:\/\/schema.org","@graph":[{"@type":"WebPage","@id":"https:\/\/ornaqua.pt\/produto\/k1-media-k1-1l-avulso-2\/","url":"https:\/\/ornaqua.pt\/produto\/k1-media-k1-1l-avulso-2\/","name":"K1 media- k1 + (1L avulso) - Ornaqua - Reprodu\u00e7\u00e3o, Importa\u00e7\u00e3o e Comercio de Peixes Ornamentais","isPartOf":{"@id":"https:\/\/ornaqua.pt\/#website"},"primaryImageOfPage":{"@id":"https:\/\/ornaqua.pt\/produto\/k1-media-k1-1l-avulso-2\/#primaryimage"},"image":{"@id":"https:\/\/ornaqua.pt\/produto\/k1-media-k1-1l-avulso-2\/#primaryimage"},"thumbnailUrl":"https:\/\/ornaqua.pt\/wp-content\/uploads\/2023\/08\/OO008.jpg","datePublished":"2023-08-11T19:35:08+00:00","dateModified":"2026-01-24T07:33:57+00:00","breadcrumb":{"@id":"https:\/\/ornaqua.pt\/produto\/k1-media-k1-1l-avulso-2\/#breadcrumb"},"inLanguage":"es","potentialAction":[{"@type":"ReadAction","target":["https:\/\/ornaqua.pt\/produto\/k1-media-k1-1l-avulso-2\/"]}]},{"@type":"ImageObject","inLanguage":"es","@id":"https:\/\/ornaqua.pt\/produto\/k1-media-k1-1l-avulso-2\/#primaryimage","url":"https:\/\/ornaqua.pt\/wp-content\/uploads\/2023\/08\/OO008.jpg","contentUrl":"https:\/\/ornaqua.pt\/wp-content\/uploads\/2023\/08\/OO008.jpg","width":800,"height":800},{"@type":"BreadcrumbList","@id":"https:\/\/ornaqua.pt\/produto\/k1-media-k1-1l-avulso-2\/#breadcrumb","itemListElement":[{"@type":"ListItem","position":1,"name":"In\u00edcio","item":"https:\/\/ornaqua.pt\/"},{"@type":"ListItem","position":2,"name":"Produtos","item":"https:\/\/ornaqua.pt\/produtos\/"},{"@type":"ListItem","position":3,"name":"K1 media- k1 + (1L avulso)"}]},{"@type":"WebSite","@id":"https:\/\/ornaqua.pt\/#website","url":"https:\/\/ornaqua.pt\/","name":"Ornaqua - Loja Online","description":"Reprodu\u00e7\u00e3o, Importa\u00e7\u00e3o e Comercio de Peixes Ornamentais","publisher":{"@id":"https:\/\/ornaqua.pt\/#organization"},"potentialAction":[{"@type":"SearchAction","target":{"@type":"EntryPoint","urlTemplate":"https:\/\/ornaqua.pt\/?s={search_term_string}"},"query-input":{"@type":"PropertyValueSpecification","valueRequired":true,"valueName":"search_term_string"}}],"inLanguage":"es"},{"@type":"Organization","@id":"https:\/\/ornaqua.pt\/#organization","name":"Ornaqua - Reprodu\u00e7\u00e3o, Importa\u00e7\u00e3o e Comercio de Peixes Ornamentais","url":"https:\/\/ornaqua.pt\/","logo":{"@type":"ImageObject","inLanguage":"es","@id":"https:\/\/ornaqua.pt\/#\/schema\/logo\/image\/","url":"https:\/\/ornaqua.pt\/wp-content\/uploads\/2023\/10\/logo_ornaqua_200.png","contentUrl":"https:\/\/ornaqua.pt\/wp-content\/uploads\/2023\/10\/logo_ornaqua_200.png","width":200,"height":97,"caption":"Ornaqua - Reprodu\u00e7\u00e3o, Importa\u00e7\u00e3o e Comercio de Peixes Ornamentais"},"image":{"@id":"https:\/\/ornaqua.pt\/#\/schema\/logo\/image\/"},"sameAs":["https:\/\/www.facebook.com\/ORNAQUA","https:\/\/www.instagram.com\/ornaqua\/"]}]}},"_links":{"self":[{"href":"https:\/\/ornaqua.pt\/es\/wp-json\/wp\/v2\/product\/5576","targetHints":{"allow":["GET"]}}],"collection":[{"href":"https:\/\/ornaqua.pt\/es\/wp-json\/wp\/v2\/product"}],"about":[{"href":"https:\/\/ornaqua.pt\/es\/wp-json\/wp\/v2\/types\/product"}],"wp:featuredmedia":[{"embeddable":true,"href":"https:\/\/ornaqua.pt\/es\/wp-json\/wp\/v2\/media\/5575"}],"wp:attachment":[{"href":"https:\/\/ornaqua.pt\/es\/wp-json\/wp\/v2\/media?parent=5576"}],"wp:term":[{"taxonomy":"product_brand","embeddable":true,"href":"https:\/\/ornaqua.pt\/es\/wp-json\/wp\/v2\/product_brand?post=5576"},{"taxonomy":"product_cat","embeddable":true,"href":"https:\/\/ornaqua.pt\/es\/wp-json\/wp\/v2\/product_cat?post=5576"},{"taxonomy":"product_tag","embeddable":true,"href":"https:\/\/ornaqua.pt\/es\/wp-json\/wp\/v2\/product_tag?post=5576"}],"curies":[{"name":"wp","href":"https:\/\/api.w.org\/{rel}","templated":true}]}}