{"id":5411,"date":"2023-07-25T20:01:52","date_gmt":"2023-07-25T19:01:52","guid":{"rendered":"http:\/\/ornaqua.pt\/produto\/stendker-original-stendker-granulado-140g\/"},"modified":"2025-07-29T07:51:24","modified_gmt":"2025-07-29T06:51:24","slug":"stendker-original-stendker-granulado-140g","status":"publish","type":"product","link":"https:\/\/ornaqua.pt\/es\/producto\/stendker-original-stendker-granulado-140g\/","title":{"rendered":"Stendker- Original Stendker Granulado (140g)"},"content":{"rendered":"<p>Alimento para animais: alimento completo para peixes disco e outros peixes ornamentais. Composi\u00e7\u00e3o: Peixe e derivados, extratos de prote\u00ednas vegetais, moluscos e crust\u00e1ceos, cereais, \u00f3leos e gorduras, leveduras, vegetais, algas, amino\u00e1cios, vitaminas, minerais, corantes, conservantes e antioxidantes. Componentes anal\u00edticos: Prote\u00edna bruta: 56,0%; Gordura bruta: 11,0%; Fibra bruta: 0,6%; Cinza total: 9,7%; Oligoelementos: Vitamina A; Vitamina D3; Vitamina E; Vitamina C; Recomenda\u00e7\u00e3o de alimenta\u00e7\u00e3o: Alimente conforme necess\u00e1rio, n\u00e3o exagere. N\u00e3o se destina a consumo humano. Para 10 peixes disco, 2 colheres medidoras ou 0,4g por refei\u00e7\u00e3o s\u00e3o suficientes.<\/p>","protected":false},"excerpt":{"rendered":"<p>Alimento para animais: alimento completo para peixes disco e outros peixes ornamentais. Composi\u00e7\u00e3o: Peixe e derivados, extratos de prote\u00ednas vegetais, moluscos e crust\u00e1ceos, cereais, \u00f3leos e gorduras, leveduras, vegetais, algas, amino\u00e1cios, vitaminas, minerais, corantes, conservantes e antioxidantes. Componentes anal\u00edticos: Prote\u00edna bruta: 56,0%; Gordura bruta: 11,0%; Fibra bruta: 0,6%; Cinza total: 9,7%; Oligoelementos: Vitamina A; Vitamina [&hellip;]<\/p>\n","protected":false},"featured_media":5410,"template":"","meta":{"inline_featured_image":false},"product_brand":[],"product_cat":[40],"product_tag":[],"class_list":{"0":"post-5411","1":"product","2":"type-product","3":"status-publish","4":"has-post-thumbnail","6":"product_cat-alimentacao","8":"first","9":"outofstock","10":"taxable","11":"shipping-taxable","12":"purchasable","13":"product-type-simple"},"yoast_head":"<!-- This site is optimized with the Yoast SEO plugin v27.1.1 - https:\/\/yoast.com\/product\/yoast-seo-wordpress\/ -->\n<title>Stendker- Original Stendker Granulado (140g) - Ornaqua - Reprodu\u00e7\u00e3o, Importa\u00e7\u00e3o e Comercio de Peixes Ornamentais<\/title>\n<meta name=\"robots\" content=\"index, follow, max-snippet:-1, max-image-preview:large, max-video-preview:-1\" \/>\n<link rel=\"canonical\" href=\"https:\/\/ornaqua.pt\/es\/producto\/stendker-original-stendker-granulado-140g\/\" \/>\n<meta property=\"og:locale\" content=\"es_ES\" \/>\n<meta property=\"og:type\" content=\"article\" \/>\n<meta property=\"og:title\" content=\"Stendker- Original Stendker Granulado (140g) - Ornaqua - Reprodu\u00e7\u00e3o, Importa\u00e7\u00e3o e Comercio de Peixes Ornamentais\" \/>\n<meta property=\"og:description\" content=\"Alimento para animais: alimento completo para peixes disco e outros peixes ornamentais. Composi\u00e7\u00e3o: Peixe e derivados, extratos de prote\u00ednas vegetais, moluscos e crust\u00e1ceos, cereais, \u00f3leos e gorduras, leveduras, vegetais, algas, amino\u00e1cios, vitaminas, minerais, corantes, conservantes e antioxidantes. Componentes anal\u00edticos: Prote\u00edna bruta: 56,0%; Gordura bruta: 11,0%; Fibra bruta: 0,6%; Cinza total: 9,7%; Oligoelementos: Vitamina A; Vitamina [&hellip;]\" \/>\n<meta property=\"og:url\" content=\"https:\/\/ornaqua.pt\/es\/producto\/stendker-original-stendker-granulado-140g\/\" \/>\n<meta property=\"og:site_name\" content=\"Ornaqua - Reprodu\u00e7\u00e3o, Importa\u00e7\u00e3o e Comercio de Peixes Ornamentais\" \/>\n<meta property=\"article:publisher\" content=\"https:\/\/www.facebook.com\/ORNAQUA\" \/>\n<meta property=\"article:modified_time\" content=\"2025-07-29T06:51:24+00:00\" \/>\n<meta property=\"og:image\" content=\"https:\/\/ornaqua.pt\/wp-content\/uploads\/2023\/07\/ST001.jpg\" \/>\n\t<meta property=\"og:image:width\" content=\"800\" \/>\n\t<meta property=\"og:image:height\" content=\"800\" \/>\n\t<meta property=\"og:image:type\" content=\"image\/jpeg\" \/>\n<meta name=\"twitter:card\" content=\"summary_large_image\" \/>\n<script type=\"application\/ld+json\" class=\"yoast-schema-graph\">{\"@context\":\"https:\/\/schema.org\",\"@graph\":[{\"@type\":\"WebPage\",\"@id\":\"https:\/\/ornaqua.pt\/produto\/stendker-original-stendker-granulado-140g\/\",\"url\":\"https:\/\/ornaqua.pt\/produto\/stendker-original-stendker-granulado-140g\/\",\"name\":\"Stendker- Original Stendker Granulado (140g) - Ornaqua - Reprodu\u00e7\u00e3o, Importa\u00e7\u00e3o e Comercio de Peixes Ornamentais\",\"isPartOf\":{\"@id\":\"https:\/\/ornaqua.pt\/#website\"},\"primaryImageOfPage\":{\"@id\":\"https:\/\/ornaqua.pt\/produto\/stendker-original-stendker-granulado-140g\/#primaryimage\"},\"image\":{\"@id\":\"https:\/\/ornaqua.pt\/produto\/stendker-original-stendker-granulado-140g\/#primaryimage\"},\"thumbnailUrl\":\"https:\/\/ornaqua.pt\/wp-content\/uploads\/2023\/07\/ST001.jpg\",\"datePublished\":\"2023-07-25T19:01:52+00:00\",\"dateModified\":\"2025-07-29T06:51:24+00:00\",\"breadcrumb\":{\"@id\":\"https:\/\/ornaqua.pt\/produto\/stendker-original-stendker-granulado-140g\/#breadcrumb\"},\"inLanguage\":\"es\",\"potentialAction\":[{\"@type\":\"ReadAction\",\"target\":[\"https:\/\/ornaqua.pt\/produto\/stendker-original-stendker-granulado-140g\/\"]}]},{\"@type\":\"ImageObject\",\"inLanguage\":\"es\",\"@id\":\"https:\/\/ornaqua.pt\/produto\/stendker-original-stendker-granulado-140g\/#primaryimage\",\"url\":\"https:\/\/ornaqua.pt\/wp-content\/uploads\/2023\/07\/ST001.jpg\",\"contentUrl\":\"https:\/\/ornaqua.pt\/wp-content\/uploads\/2023\/07\/ST001.jpg\",\"width\":800,\"height\":800},{\"@type\":\"BreadcrumbList\",\"@id\":\"https:\/\/ornaqua.pt\/produto\/stendker-original-stendker-granulado-140g\/#breadcrumb\",\"itemListElement\":[{\"@type\":\"ListItem\",\"position\":1,\"name\":\"In\u00edcio\",\"item\":\"https:\/\/ornaqua.pt\/\"},{\"@type\":\"ListItem\",\"position\":2,\"name\":\"Produtos\",\"item\":\"https:\/\/ornaqua.pt\/produtos\/\"},{\"@type\":\"ListItem\",\"position\":3,\"name\":\"Stendker- Original Stendker Granulado (140g)\"}]},{\"@type\":\"WebSite\",\"@id\":\"https:\/\/ornaqua.pt\/#website\",\"url\":\"https:\/\/ornaqua.pt\/\",\"name\":\"Ornaqua - Loja Online\",\"description\":\"Reprodu\u00e7\u00e3o, Importa\u00e7\u00e3o e Comercio de Peixes Ornamentais\",\"publisher\":{\"@id\":\"https:\/\/ornaqua.pt\/#organization\"},\"potentialAction\":[{\"@type\":\"SearchAction\",\"target\":{\"@type\":\"EntryPoint\",\"urlTemplate\":\"https:\/\/ornaqua.pt\/?s={search_term_string}\"},\"query-input\":{\"@type\":\"PropertyValueSpecification\",\"valueRequired\":true,\"valueName\":\"search_term_string\"}}],\"inLanguage\":\"es\"},{\"@type\":\"Organization\",\"@id\":\"https:\/\/ornaqua.pt\/#organization\",\"name\":\"Ornaqua - Reprodu\u00e7\u00e3o, Importa\u00e7\u00e3o e Comercio de Peixes Ornamentais\",\"url\":\"https:\/\/ornaqua.pt\/\",\"logo\":{\"@type\":\"ImageObject\",\"inLanguage\":\"es\",\"@id\":\"https:\/\/ornaqua.pt\/#\/schema\/logo\/image\/\",\"url\":\"https:\/\/ornaqua.pt\/wp-content\/uploads\/2023\/10\/logo_ornaqua_200.png\",\"contentUrl\":\"https:\/\/ornaqua.pt\/wp-content\/uploads\/2023\/10\/logo_ornaqua_200.png\",\"width\":200,\"height\":97,\"caption\":\"Ornaqua - Reprodu\u00e7\u00e3o, Importa\u00e7\u00e3o e Comercio de Peixes Ornamentais\"},\"image\":{\"@id\":\"https:\/\/ornaqua.pt\/#\/schema\/logo\/image\/\"},\"sameAs\":[\"https:\/\/www.facebook.com\/ORNAQUA\",\"https:\/\/www.instagram.com\/ornaqua\/\"]}]}<\/script>\n<!-- \/ Yoast SEO plugin. -->","yoast_head_json":{"title":"Stendker- Original Stendker Granulado (140g) - Ornaqua - Reprodu\u00e7\u00e3o, Importa\u00e7\u00e3o e Comercio de Peixes Ornamentais","robots":{"index":"index","follow":"follow","max-snippet":"max-snippet:-1","max-image-preview":"max-image-preview:large","max-video-preview":"max-video-preview:-1"},"canonical":"https:\/\/ornaqua.pt\/es\/producto\/stendker-original-stendker-granulado-140g\/","og_locale":"es_ES","og_type":"article","og_title":"Stendker- Original Stendker Granulado (140g) - Ornaqua - Reprodu\u00e7\u00e3o, Importa\u00e7\u00e3o e Comercio de Peixes Ornamentais","og_description":"Alimento para animais: alimento completo para peixes disco e outros peixes ornamentais. Composi\u00e7\u00e3o: Peixe e derivados, extratos de prote\u00ednas vegetais, moluscos e crust\u00e1ceos, cereais, \u00f3leos e gorduras, leveduras, vegetais, algas, amino\u00e1cios, vitaminas, minerais, corantes, conservantes e antioxidantes. Componentes anal\u00edticos: Prote\u00edna bruta: 56,0%; Gordura bruta: 11,0%; Fibra bruta: 0,6%; Cinza total: 9,7%; Oligoelementos: Vitamina A; Vitamina [&hellip;]","og_url":"https:\/\/ornaqua.pt\/es\/producto\/stendker-original-stendker-granulado-140g\/","og_site_name":"Ornaqua - Reprodu\u00e7\u00e3o, Importa\u00e7\u00e3o e Comercio de Peixes Ornamentais","article_publisher":"https:\/\/www.facebook.com\/ORNAQUA","article_modified_time":"2025-07-29T06:51:24+00:00","og_image":[{"width":800,"height":800,"url":"https:\/\/ornaqua.pt\/wp-content\/uploads\/2023\/07\/ST001.jpg","type":"image\/jpeg"}],"twitter_card":"summary_large_image","schema":{"@context":"https:\/\/schema.org","@graph":[{"@type":"WebPage","@id":"https:\/\/ornaqua.pt\/produto\/stendker-original-stendker-granulado-140g\/","url":"https:\/\/ornaqua.pt\/produto\/stendker-original-stendker-granulado-140g\/","name":"Stendker- Original Stendker Granulado (140g) - Ornaqua - Reprodu\u00e7\u00e3o, Importa\u00e7\u00e3o e Comercio de Peixes Ornamentais","isPartOf":{"@id":"https:\/\/ornaqua.pt\/#website"},"primaryImageOfPage":{"@id":"https:\/\/ornaqua.pt\/produto\/stendker-original-stendker-granulado-140g\/#primaryimage"},"image":{"@id":"https:\/\/ornaqua.pt\/produto\/stendker-original-stendker-granulado-140g\/#primaryimage"},"thumbnailUrl":"https:\/\/ornaqua.pt\/wp-content\/uploads\/2023\/07\/ST001.jpg","datePublished":"2023-07-25T19:01:52+00:00","dateModified":"2025-07-29T06:51:24+00:00","breadcrumb":{"@id":"https:\/\/ornaqua.pt\/produto\/stendker-original-stendker-granulado-140g\/#breadcrumb"},"inLanguage":"es","potentialAction":[{"@type":"ReadAction","target":["https:\/\/ornaqua.pt\/produto\/stendker-original-stendker-granulado-140g\/"]}]},{"@type":"ImageObject","inLanguage":"es","@id":"https:\/\/ornaqua.pt\/produto\/stendker-original-stendker-granulado-140g\/#primaryimage","url":"https:\/\/ornaqua.pt\/wp-content\/uploads\/2023\/07\/ST001.jpg","contentUrl":"https:\/\/ornaqua.pt\/wp-content\/uploads\/2023\/07\/ST001.jpg","width":800,"height":800},{"@type":"BreadcrumbList","@id":"https:\/\/ornaqua.pt\/produto\/stendker-original-stendker-granulado-140g\/#breadcrumb","itemListElement":[{"@type":"ListItem","position":1,"name":"In\u00edcio","item":"https:\/\/ornaqua.pt\/"},{"@type":"ListItem","position":2,"name":"Produtos","item":"https:\/\/ornaqua.pt\/produtos\/"},{"@type":"ListItem","position":3,"name":"Stendker- Original Stendker Granulado (140g)"}]},{"@type":"WebSite","@id":"https:\/\/ornaqua.pt\/#website","url":"https:\/\/ornaqua.pt\/","name":"Ornaqua - Loja Online","description":"Reprodu\u00e7\u00e3o, Importa\u00e7\u00e3o e Comercio de Peixes Ornamentais","publisher":{"@id":"https:\/\/ornaqua.pt\/#organization"},"potentialAction":[{"@type":"SearchAction","target":{"@type":"EntryPoint","urlTemplate":"https:\/\/ornaqua.pt\/?s={search_term_string}"},"query-input":{"@type":"PropertyValueSpecification","valueRequired":true,"valueName":"search_term_string"}}],"inLanguage":"es"},{"@type":"Organization","@id":"https:\/\/ornaqua.pt\/#organization","name":"Ornaqua - Reprodu\u00e7\u00e3o, Importa\u00e7\u00e3o e Comercio de Peixes Ornamentais","url":"https:\/\/ornaqua.pt\/","logo":{"@type":"ImageObject","inLanguage":"es","@id":"https:\/\/ornaqua.pt\/#\/schema\/logo\/image\/","url":"https:\/\/ornaqua.pt\/wp-content\/uploads\/2023\/10\/logo_ornaqua_200.png","contentUrl":"https:\/\/ornaqua.pt\/wp-content\/uploads\/2023\/10\/logo_ornaqua_200.png","width":200,"height":97,"caption":"Ornaqua - Reprodu\u00e7\u00e3o, Importa\u00e7\u00e3o e Comercio de Peixes Ornamentais"},"image":{"@id":"https:\/\/ornaqua.pt\/#\/schema\/logo\/image\/"},"sameAs":["https:\/\/www.facebook.com\/ORNAQUA","https:\/\/www.instagram.com\/ornaqua\/"]}]}},"_links":{"self":[{"href":"https:\/\/ornaqua.pt\/es\/wp-json\/wp\/v2\/product\/5411","targetHints":{"allow":["GET"]}}],"collection":[{"href":"https:\/\/ornaqua.pt\/es\/wp-json\/wp\/v2\/product"}],"about":[{"href":"https:\/\/ornaqua.pt\/es\/wp-json\/wp\/v2\/types\/product"}],"wp:featuredmedia":[{"embeddable":true,"href":"https:\/\/ornaqua.pt\/es\/wp-json\/wp\/v2\/media\/5410"}],"wp:attachment":[{"href":"https:\/\/ornaqua.pt\/es\/wp-json\/wp\/v2\/media?parent=5411"}],"wp:term":[{"taxonomy":"product_brand","embeddable":true,"href":"https:\/\/ornaqua.pt\/es\/wp-json\/wp\/v2\/product_brand?post=5411"},{"taxonomy":"product_cat","embeddable":true,"href":"https:\/\/ornaqua.pt\/es\/wp-json\/wp\/v2\/product_cat?post=5411"},{"taxonomy":"product_tag","embeddable":true,"href":"https:\/\/ornaqua.pt\/es\/wp-json\/wp\/v2\/product_tag?post=5411"}],"curies":[{"name":"wp","href":"https:\/\/api.w.org\/{rel}","templated":true}]}}