{"id":5366,"date":"2023-07-21T12:12:47","date_gmt":"2023-07-21T11:12:47","guid":{"rendered":"http:\/\/ornaqua.pt\/produto\/sera-phyto-med-baktazid-100ml\/"},"modified":"2025-04-04T14:06:17","modified_gmt":"2025-04-04T13:06:17","slug":"sera-phyto-med-baktazid-100ml","status":"publish","type":"product","link":"https:\/\/ornaqua.pt\/es\/producto\/sera-phyto-med-baktazid-100ml\/","title":{"rendered":"Sera Phyto med Baktazid (100ml)"},"content":{"rendered":"<p>Instant Baby Brine Shrimp. Art\u00e9mia beb\u00ea (n\u00e1uplios de Artemia salina) s\u00e3o amplamente utilizados no hobby do aqu\u00e1rio como alimento durante os primeiros est\u00e1gios de muitos peixes delicados e para invertebrados.  A Ocean Nutrition desenvolveu o Instant Baby Brine Shrimp, um produto revolucion\u00e1rio pronto para uso que permite que usar art\u00e9mia quando e onde precisar. O produto consiste inteiramente em n\u00e1uplios rec\u00e9m-nascidos est\u00e9reis em solu\u00e7\u00e3o aquosa. Os n\u00e1uplios t\u00eam uma flutuabilidade muito boa, como se estivesse lidando com um produto vivo !! O produto pode ser mantido e armazenado em temperatura ambiente. Depois de aberto, o produto deve ser mantido no frigor\u00edfico. Para evitar problemas de qualidade, certifique-se de que a faixa de seguran\u00e7a esteja completa no momento da compra. Ele cont\u00e9m um peso l\u00edquido de mais de 20g de peso dreno, ou mais de 1,5 milh\u00e3o de n\u00e1uplios. Ideal para pequenos peixes delicados, alevins e invertebrados. N\u00e3o turva a \u00e1gua.  <\/p>","protected":false},"excerpt":{"rendered":"<p>Instant Baby Brine Shrimp. Art\u00e9mia beb\u00ea (n\u00e1uplios de Artemia salina) s\u00e3o amplamente utilizados no hobby do aqu\u00e1rio como alimento durante os primeiros est\u00e1gios de muitos peixes delicados e para invertebrados. A Ocean Nutrition desenvolveu o Instant Baby Brine Shrimp, um produto revolucion\u00e1rio pronto para uso que permite que usar art\u00e9mia quando e onde precisar. O [&hellip;]<\/p>\n","protected":false},"featured_media":5365,"template":"","meta":{"inline_featured_image":false},"product_brand":[],"product_cat":[43],"product_tag":[],"class_list":{"0":"post-5366","1":"product","2":"type-product","3":"status-publish","4":"has-post-thumbnail","6":"product_cat-tratamentos","8":"first","9":"outofstock","10":"taxable","11":"shipping-taxable","12":"purchasable","13":"product-type-simple"},"yoast_head":"<!-- This site is optimized with the Yoast SEO plugin v27.1.1 - https:\/\/yoast.com\/product\/yoast-seo-wordpress\/ -->\n<title>Sera Phyto med Baktazid (100ml) - Ornaqua - Reprodu\u00e7\u00e3o, Importa\u00e7\u00e3o e Comercio de Peixes Ornamentais<\/title>\n<meta name=\"robots\" content=\"index, follow, max-snippet:-1, max-image-preview:large, max-video-preview:-1\" \/>\n<link rel=\"canonical\" href=\"https:\/\/ornaqua.pt\/es\/producto\/sera-phyto-med-baktazid-100ml\/\" \/>\n<meta property=\"og:locale\" content=\"es_ES\" \/>\n<meta property=\"og:type\" content=\"article\" \/>\n<meta property=\"og:title\" content=\"Sera Phyto med Baktazid (100ml) - Ornaqua - Reprodu\u00e7\u00e3o, Importa\u00e7\u00e3o e Comercio de Peixes Ornamentais\" \/>\n<meta property=\"og:description\" content=\"Instant Baby Brine Shrimp. Art\u00e9mia beb\u00ea (n\u00e1uplios de Artemia salina) s\u00e3o amplamente utilizados no hobby do aqu\u00e1rio como alimento durante os primeiros est\u00e1gios de muitos peixes delicados e para invertebrados. A Ocean Nutrition desenvolveu o Instant Baby Brine Shrimp, um produto revolucion\u00e1rio pronto para uso que permite que usar art\u00e9mia quando e onde precisar. O [&hellip;]\" \/>\n<meta property=\"og:url\" content=\"https:\/\/ornaqua.pt\/es\/producto\/sera-phyto-med-baktazid-100ml\/\" \/>\n<meta property=\"og:site_name\" content=\"Ornaqua - Reprodu\u00e7\u00e3o, Importa\u00e7\u00e3o e Comercio de Peixes Ornamentais\" \/>\n<meta property=\"article:publisher\" content=\"https:\/\/www.facebook.com\/ORNAQUA\" \/>\n<meta property=\"article:modified_time\" content=\"2025-04-04T13:06:17+00:00\" \/>\n<meta property=\"og:image\" content=\"https:\/\/ornaqua.pt\/wp-content\/uploads\/2023\/07\/SE014.jpg\" \/>\n\t<meta property=\"og:image:width\" content=\"800\" \/>\n\t<meta property=\"og:image:height\" content=\"800\" \/>\n\t<meta property=\"og:image:type\" content=\"image\/jpeg\" \/>\n<meta name=\"twitter:card\" content=\"summary_large_image\" \/>\n<meta name=\"twitter:label1\" content=\"Tiempo de lectura\" \/>\n\t<meta name=\"twitter:data1\" content=\"1 minuto\" \/>\n<script type=\"application\/ld+json\" class=\"yoast-schema-graph\">{\"@context\":\"https:\/\/schema.org\",\"@graph\":[{\"@type\":\"WebPage\",\"@id\":\"https:\/\/ornaqua.pt\/produto\/sera-phyto-med-baktazid-100ml\/\",\"url\":\"https:\/\/ornaqua.pt\/produto\/sera-phyto-med-baktazid-100ml\/\",\"name\":\"Sera Phyto med Baktazid (100ml) - Ornaqua - Reprodu\u00e7\u00e3o, Importa\u00e7\u00e3o e Comercio de Peixes Ornamentais\",\"isPartOf\":{\"@id\":\"https:\/\/ornaqua.pt\/#website\"},\"primaryImageOfPage\":{\"@id\":\"https:\/\/ornaqua.pt\/produto\/sera-phyto-med-baktazid-100ml\/#primaryimage\"},\"image\":{\"@id\":\"https:\/\/ornaqua.pt\/produto\/sera-phyto-med-baktazid-100ml\/#primaryimage\"},\"thumbnailUrl\":\"https:\/\/ornaqua.pt\/wp-content\/uploads\/2023\/07\/SE014.jpg\",\"datePublished\":\"2023-07-21T11:12:47+00:00\",\"dateModified\":\"2025-04-04T13:06:17+00:00\",\"breadcrumb\":{\"@id\":\"https:\/\/ornaqua.pt\/produto\/sera-phyto-med-baktazid-100ml\/#breadcrumb\"},\"inLanguage\":\"es\",\"potentialAction\":[{\"@type\":\"ReadAction\",\"target\":[\"https:\/\/ornaqua.pt\/produto\/sera-phyto-med-baktazid-100ml\/\"]}]},{\"@type\":\"ImageObject\",\"inLanguage\":\"es\",\"@id\":\"https:\/\/ornaqua.pt\/produto\/sera-phyto-med-baktazid-100ml\/#primaryimage\",\"url\":\"https:\/\/ornaqua.pt\/wp-content\/uploads\/2023\/07\/SE014.jpg\",\"contentUrl\":\"https:\/\/ornaqua.pt\/wp-content\/uploads\/2023\/07\/SE014.jpg\",\"width\":800,\"height\":800},{\"@type\":\"BreadcrumbList\",\"@id\":\"https:\/\/ornaqua.pt\/produto\/sera-phyto-med-baktazid-100ml\/#breadcrumb\",\"itemListElement\":[{\"@type\":\"ListItem\",\"position\":1,\"name\":\"In\u00edcio\",\"item\":\"https:\/\/ornaqua.pt\/\"},{\"@type\":\"ListItem\",\"position\":2,\"name\":\"Produtos\",\"item\":\"https:\/\/ornaqua.pt\/produtos\/\"},{\"@type\":\"ListItem\",\"position\":3,\"name\":\"Sera Phyto med Baktazid (100ml)\"}]},{\"@type\":\"WebSite\",\"@id\":\"https:\/\/ornaqua.pt\/#website\",\"url\":\"https:\/\/ornaqua.pt\/\",\"name\":\"Ornaqua - Loja Online\",\"description\":\"Reprodu\u00e7\u00e3o, Importa\u00e7\u00e3o e Comercio de Peixes Ornamentais\",\"publisher\":{\"@id\":\"https:\/\/ornaqua.pt\/#organization\"},\"potentialAction\":[{\"@type\":\"SearchAction\",\"target\":{\"@type\":\"EntryPoint\",\"urlTemplate\":\"https:\/\/ornaqua.pt\/?s={search_term_string}\"},\"query-input\":{\"@type\":\"PropertyValueSpecification\",\"valueRequired\":true,\"valueName\":\"search_term_string\"}}],\"inLanguage\":\"es\"},{\"@type\":\"Organization\",\"@id\":\"https:\/\/ornaqua.pt\/#organization\",\"name\":\"Ornaqua - Reprodu\u00e7\u00e3o, Importa\u00e7\u00e3o e Comercio de Peixes Ornamentais\",\"url\":\"https:\/\/ornaqua.pt\/\",\"logo\":{\"@type\":\"ImageObject\",\"inLanguage\":\"es\",\"@id\":\"https:\/\/ornaqua.pt\/#\/schema\/logo\/image\/\",\"url\":\"https:\/\/ornaqua.pt\/wp-content\/uploads\/2023\/10\/logo_ornaqua_200.png\",\"contentUrl\":\"https:\/\/ornaqua.pt\/wp-content\/uploads\/2023\/10\/logo_ornaqua_200.png\",\"width\":200,\"height\":97,\"caption\":\"Ornaqua - Reprodu\u00e7\u00e3o, Importa\u00e7\u00e3o e Comercio de Peixes Ornamentais\"},\"image\":{\"@id\":\"https:\/\/ornaqua.pt\/#\/schema\/logo\/image\/\"},\"sameAs\":[\"https:\/\/www.facebook.com\/ORNAQUA\",\"https:\/\/www.instagram.com\/ornaqua\/\"]}]}<\/script>\n<!-- \/ Yoast SEO plugin. -->","yoast_head_json":{"title":"Sera Phyto med Baktazid (100ml) - Ornaqua - Reprodu\u00e7\u00e3o, Importa\u00e7\u00e3o e Comercio de Peixes Ornamentais","robots":{"index":"index","follow":"follow","max-snippet":"max-snippet:-1","max-image-preview":"max-image-preview:large","max-video-preview":"max-video-preview:-1"},"canonical":"https:\/\/ornaqua.pt\/es\/producto\/sera-phyto-med-baktazid-100ml\/","og_locale":"es_ES","og_type":"article","og_title":"Sera Phyto med Baktazid (100ml) - Ornaqua - Reprodu\u00e7\u00e3o, Importa\u00e7\u00e3o e Comercio de Peixes Ornamentais","og_description":"Instant Baby Brine Shrimp. Art\u00e9mia beb\u00ea (n\u00e1uplios de Artemia salina) s\u00e3o amplamente utilizados no hobby do aqu\u00e1rio como alimento durante os primeiros est\u00e1gios de muitos peixes delicados e para invertebrados. A Ocean Nutrition desenvolveu o Instant Baby Brine Shrimp, um produto revolucion\u00e1rio pronto para uso que permite que usar art\u00e9mia quando e onde precisar. O [&hellip;]","og_url":"https:\/\/ornaqua.pt\/es\/producto\/sera-phyto-med-baktazid-100ml\/","og_site_name":"Ornaqua - Reprodu\u00e7\u00e3o, Importa\u00e7\u00e3o e Comercio de Peixes Ornamentais","article_publisher":"https:\/\/www.facebook.com\/ORNAQUA","article_modified_time":"2025-04-04T13:06:17+00:00","og_image":[{"width":800,"height":800,"url":"https:\/\/ornaqua.pt\/wp-content\/uploads\/2023\/07\/SE014.jpg","type":"image\/jpeg"}],"twitter_card":"summary_large_image","twitter_misc":{"Tiempo de lectura":"1 minuto"},"schema":{"@context":"https:\/\/schema.org","@graph":[{"@type":"WebPage","@id":"https:\/\/ornaqua.pt\/produto\/sera-phyto-med-baktazid-100ml\/","url":"https:\/\/ornaqua.pt\/produto\/sera-phyto-med-baktazid-100ml\/","name":"Sera Phyto med Baktazid (100ml) - Ornaqua - Reprodu\u00e7\u00e3o, Importa\u00e7\u00e3o e Comercio de Peixes Ornamentais","isPartOf":{"@id":"https:\/\/ornaqua.pt\/#website"},"primaryImageOfPage":{"@id":"https:\/\/ornaqua.pt\/produto\/sera-phyto-med-baktazid-100ml\/#primaryimage"},"image":{"@id":"https:\/\/ornaqua.pt\/produto\/sera-phyto-med-baktazid-100ml\/#primaryimage"},"thumbnailUrl":"https:\/\/ornaqua.pt\/wp-content\/uploads\/2023\/07\/SE014.jpg","datePublished":"2023-07-21T11:12:47+00:00","dateModified":"2025-04-04T13:06:17+00:00","breadcrumb":{"@id":"https:\/\/ornaqua.pt\/produto\/sera-phyto-med-baktazid-100ml\/#breadcrumb"},"inLanguage":"es","potentialAction":[{"@type":"ReadAction","target":["https:\/\/ornaqua.pt\/produto\/sera-phyto-med-baktazid-100ml\/"]}]},{"@type":"ImageObject","inLanguage":"es","@id":"https:\/\/ornaqua.pt\/produto\/sera-phyto-med-baktazid-100ml\/#primaryimage","url":"https:\/\/ornaqua.pt\/wp-content\/uploads\/2023\/07\/SE014.jpg","contentUrl":"https:\/\/ornaqua.pt\/wp-content\/uploads\/2023\/07\/SE014.jpg","width":800,"height":800},{"@type":"BreadcrumbList","@id":"https:\/\/ornaqua.pt\/produto\/sera-phyto-med-baktazid-100ml\/#breadcrumb","itemListElement":[{"@type":"ListItem","position":1,"name":"In\u00edcio","item":"https:\/\/ornaqua.pt\/"},{"@type":"ListItem","position":2,"name":"Produtos","item":"https:\/\/ornaqua.pt\/produtos\/"},{"@type":"ListItem","position":3,"name":"Sera Phyto med Baktazid (100ml)"}]},{"@type":"WebSite","@id":"https:\/\/ornaqua.pt\/#website","url":"https:\/\/ornaqua.pt\/","name":"Ornaqua - Loja Online","description":"Reprodu\u00e7\u00e3o, Importa\u00e7\u00e3o e Comercio de Peixes Ornamentais","publisher":{"@id":"https:\/\/ornaqua.pt\/#organization"},"potentialAction":[{"@type":"SearchAction","target":{"@type":"EntryPoint","urlTemplate":"https:\/\/ornaqua.pt\/?s={search_term_string}"},"query-input":{"@type":"PropertyValueSpecification","valueRequired":true,"valueName":"search_term_string"}}],"inLanguage":"es"},{"@type":"Organization","@id":"https:\/\/ornaqua.pt\/#organization","name":"Ornaqua - Reprodu\u00e7\u00e3o, Importa\u00e7\u00e3o e Comercio de Peixes Ornamentais","url":"https:\/\/ornaqua.pt\/","logo":{"@type":"ImageObject","inLanguage":"es","@id":"https:\/\/ornaqua.pt\/#\/schema\/logo\/image\/","url":"https:\/\/ornaqua.pt\/wp-content\/uploads\/2023\/10\/logo_ornaqua_200.png","contentUrl":"https:\/\/ornaqua.pt\/wp-content\/uploads\/2023\/10\/logo_ornaqua_200.png","width":200,"height":97,"caption":"Ornaqua - Reprodu\u00e7\u00e3o, Importa\u00e7\u00e3o e Comercio de Peixes Ornamentais"},"image":{"@id":"https:\/\/ornaqua.pt\/#\/schema\/logo\/image\/"},"sameAs":["https:\/\/www.facebook.com\/ORNAQUA","https:\/\/www.instagram.com\/ornaqua\/"]}]}},"_links":{"self":[{"href":"https:\/\/ornaqua.pt\/es\/wp-json\/wp\/v2\/product\/5366","targetHints":{"allow":["GET"]}}],"collection":[{"href":"https:\/\/ornaqua.pt\/es\/wp-json\/wp\/v2\/product"}],"about":[{"href":"https:\/\/ornaqua.pt\/es\/wp-json\/wp\/v2\/types\/product"}],"wp:featuredmedia":[{"embeddable":true,"href":"https:\/\/ornaqua.pt\/es\/wp-json\/wp\/v2\/media\/5365"}],"wp:attachment":[{"href":"https:\/\/ornaqua.pt\/es\/wp-json\/wp\/v2\/media?parent=5366"}],"wp:term":[{"taxonomy":"product_brand","embeddable":true,"href":"https:\/\/ornaqua.pt\/es\/wp-json\/wp\/v2\/product_brand?post=5366"},{"taxonomy":"product_cat","embeddable":true,"href":"https:\/\/ornaqua.pt\/es\/wp-json\/wp\/v2\/product_cat?post=5366"},{"taxonomy":"product_tag","embeddable":true,"href":"https:\/\/ornaqua.pt\/es\/wp-json\/wp\/v2\/product_tag?post=5366"}],"curies":[{"name":"wp","href":"https:\/\/api.w.org\/{rel}","templated":true}]}}