{"id":5222,"date":"2023-06-21T20:36:16","date_gmt":"2023-06-21T19:36:16","guid":{"rendered":"http:\/\/ornaqua.pt\/produto\/milwaukee-medidor-ph-mural-continuo-mc110\/"},"modified":"2025-04-02T11:23:49","modified_gmt":"2025-04-02T10:23:49","slug":"milwaukee-medidor-ph-mural-continuo-mc110","status":"publish","type":"product","link":"https:\/\/ornaqua.pt\/es\/producto\/milwaukee-medidor-ph-mural-continuo-mc110\/","title":{"rendered":"Milwaukee- Medidor PH mural continuo (MC110)"},"content":{"rendered":"<p>O monitor de pH de gama m\u00e9dia Miwaukee MC110 PRO oferece precis\u00e3o de n\u00edvel de laborat\u00f3rio com uma verifica\u00e7\u00e3o cont\u00ednua facilmente vis\u00edvel dos n\u00edveis de pH com alarmes.O monitor Milwaukee MC110 oferece: Resultados r\u00e1pidos e f\u00e1ceis de ler com grande leitura de LCD digital; Precis\u00e3o de \u00b1 0,2 pH com uma faixa completa de 0 pH a 14 pH; Faixa de set point de 3,5 a 7,5 pH com alarme visual ativado quando a leitura for maior ou menor que o set point; Sonda de grau laboratorial inclu\u00edda com uma jun\u00e7\u00e3o dupla, design preenchido com gel para baixa manuten\u00e7\u00e3o; Calibra\u00e7\u00e3o inicial 1 x 20 mL de solu\u00e7\u00e3o M10007B (7,01 pH).<\/p>","protected":false},"excerpt":{"rendered":"<p>O monitor de pH de gama m\u00e9dia Miwaukee MC110 PRO oferece precis\u00e3o de n\u00edvel de laborat\u00f3rio com uma verifica\u00e7\u00e3o cont\u00ednua facilmente vis\u00edvel dos n\u00edveis de pH com alarmes.O monitor Milwaukee MC110 oferece: Resultados r\u00e1pidos e f\u00e1ceis de ler com grande leitura de LCD digital; Precis\u00e3o de \u00b1 0,2 pH com uma faixa completa de 0 [&hellip;]<\/p>\n","protected":false},"featured_media":5221,"template":"","meta":{"inline_featured_image":false},"product_brand":[],"product_cat":[45],"product_tag":[],"class_list":{"0":"post-5222","1":"product","2":"type-product","3":"status-publish","4":"has-post-thumbnail","6":"product_cat-equipamentos","8":"first","9":"outofstock","10":"taxable","11":"shipping-taxable","12":"purchasable","13":"product-type-simple"},"yoast_head":"<!-- This site is optimized with the Yoast SEO plugin v27.1.1 - https:\/\/yoast.com\/product\/yoast-seo-wordpress\/ -->\n<title>Milwaukee- Medidor PH mural continuo (MC110) - Ornaqua - Reprodu\u00e7\u00e3o, Importa\u00e7\u00e3o e Comercio de Peixes Ornamentais<\/title>\n<meta name=\"robots\" content=\"index, follow, max-snippet:-1, max-image-preview:large, max-video-preview:-1\" \/>\n<link rel=\"canonical\" href=\"https:\/\/ornaqua.pt\/es\/producto\/milwaukee-medidor-ph-mural-continuo-mc110\/\" \/>\n<meta property=\"og:locale\" content=\"es_ES\" \/>\n<meta property=\"og:type\" content=\"article\" \/>\n<meta property=\"og:title\" content=\"Milwaukee- Medidor PH mural continuo (MC110) - Ornaqua - Reprodu\u00e7\u00e3o, Importa\u00e7\u00e3o e Comercio de Peixes Ornamentais\" \/>\n<meta property=\"og:description\" content=\"O monitor de pH de gama m\u00e9dia Miwaukee MC110 PRO oferece precis\u00e3o de n\u00edvel de laborat\u00f3rio com uma verifica\u00e7\u00e3o cont\u00ednua facilmente vis\u00edvel dos n\u00edveis de pH com alarmes.O monitor Milwaukee MC110 oferece: Resultados r\u00e1pidos e f\u00e1ceis de ler com grande leitura de LCD digital; Precis\u00e3o de \u00b1 0,2 pH com uma faixa completa de 0 [&hellip;]\" \/>\n<meta property=\"og:url\" content=\"https:\/\/ornaqua.pt\/es\/producto\/milwaukee-medidor-ph-mural-continuo-mc110\/\" \/>\n<meta property=\"og:site_name\" content=\"Ornaqua - Reprodu\u00e7\u00e3o, Importa\u00e7\u00e3o e Comercio de Peixes Ornamentais\" \/>\n<meta property=\"article:publisher\" content=\"https:\/\/www.facebook.com\/ORNAQUA\" \/>\n<meta property=\"article:modified_time\" content=\"2025-04-02T10:23:49+00:00\" \/>\n<meta property=\"og:image\" content=\"https:\/\/ornaqua.pt\/wp-content\/uploads\/2023\/06\/MI007.jpg\" \/>\n\t<meta property=\"og:image:width\" content=\"800\" \/>\n\t<meta property=\"og:image:height\" content=\"800\" \/>\n\t<meta property=\"og:image:type\" content=\"image\/jpeg\" \/>\n<meta name=\"twitter:card\" content=\"summary_large_image\" \/>\n<meta name=\"twitter:label1\" content=\"Tiempo de lectura\" \/>\n\t<meta name=\"twitter:data1\" content=\"1 minuto\" \/>\n<script type=\"application\/ld+json\" class=\"yoast-schema-graph\">{\"@context\":\"https:\/\/schema.org\",\"@graph\":[{\"@type\":\"WebPage\",\"@id\":\"https:\/\/ornaqua.pt\/produto\/milwaukee-medidor-ph-mural-continuo-mc110\/\",\"url\":\"https:\/\/ornaqua.pt\/produto\/milwaukee-medidor-ph-mural-continuo-mc110\/\",\"name\":\"Milwaukee- Medidor PH mural continuo (MC110) - Ornaqua - Reprodu\u00e7\u00e3o, Importa\u00e7\u00e3o e Comercio de Peixes Ornamentais\",\"isPartOf\":{\"@id\":\"https:\/\/ornaqua.pt\/#website\"},\"primaryImageOfPage\":{\"@id\":\"https:\/\/ornaqua.pt\/produto\/milwaukee-medidor-ph-mural-continuo-mc110\/#primaryimage\"},\"image\":{\"@id\":\"https:\/\/ornaqua.pt\/produto\/milwaukee-medidor-ph-mural-continuo-mc110\/#primaryimage\"},\"thumbnailUrl\":\"https:\/\/ornaqua.pt\/wp-content\/uploads\/2023\/06\/MI007.jpg\",\"datePublished\":\"2023-06-21T19:36:16+00:00\",\"dateModified\":\"2025-04-02T10:23:49+00:00\",\"breadcrumb\":{\"@id\":\"https:\/\/ornaqua.pt\/produto\/milwaukee-medidor-ph-mural-continuo-mc110\/#breadcrumb\"},\"inLanguage\":\"es\",\"potentialAction\":[{\"@type\":\"ReadAction\",\"target\":[\"https:\/\/ornaqua.pt\/produto\/milwaukee-medidor-ph-mural-continuo-mc110\/\"]}]},{\"@type\":\"ImageObject\",\"inLanguage\":\"es\",\"@id\":\"https:\/\/ornaqua.pt\/produto\/milwaukee-medidor-ph-mural-continuo-mc110\/#primaryimage\",\"url\":\"https:\/\/ornaqua.pt\/wp-content\/uploads\/2023\/06\/MI007.jpg\",\"contentUrl\":\"https:\/\/ornaqua.pt\/wp-content\/uploads\/2023\/06\/MI007.jpg\",\"width\":800,\"height\":800},{\"@type\":\"BreadcrumbList\",\"@id\":\"https:\/\/ornaqua.pt\/produto\/milwaukee-medidor-ph-mural-continuo-mc110\/#breadcrumb\",\"itemListElement\":[{\"@type\":\"ListItem\",\"position\":1,\"name\":\"In\u00edcio\",\"item\":\"https:\/\/ornaqua.pt\/\"},{\"@type\":\"ListItem\",\"position\":2,\"name\":\"Produtos\",\"item\":\"https:\/\/ornaqua.pt\/produtos\/\"},{\"@type\":\"ListItem\",\"position\":3,\"name\":\"Milwaukee- Medidor PH mural continuo (MC110)\"}]},{\"@type\":\"WebSite\",\"@id\":\"https:\/\/ornaqua.pt\/#website\",\"url\":\"https:\/\/ornaqua.pt\/\",\"name\":\"Ornaqua - Loja Online\",\"description\":\"Reprodu\u00e7\u00e3o, Importa\u00e7\u00e3o e Comercio de Peixes Ornamentais\",\"publisher\":{\"@id\":\"https:\/\/ornaqua.pt\/#organization\"},\"potentialAction\":[{\"@type\":\"SearchAction\",\"target\":{\"@type\":\"EntryPoint\",\"urlTemplate\":\"https:\/\/ornaqua.pt\/?s={search_term_string}\"},\"query-input\":{\"@type\":\"PropertyValueSpecification\",\"valueRequired\":true,\"valueName\":\"search_term_string\"}}],\"inLanguage\":\"es\"},{\"@type\":\"Organization\",\"@id\":\"https:\/\/ornaqua.pt\/#organization\",\"name\":\"Ornaqua - Reprodu\u00e7\u00e3o, Importa\u00e7\u00e3o e Comercio de Peixes Ornamentais\",\"url\":\"https:\/\/ornaqua.pt\/\",\"logo\":{\"@type\":\"ImageObject\",\"inLanguage\":\"es\",\"@id\":\"https:\/\/ornaqua.pt\/#\/schema\/logo\/image\/\",\"url\":\"https:\/\/ornaqua.pt\/wp-content\/uploads\/2023\/10\/logo_ornaqua_200.png\",\"contentUrl\":\"https:\/\/ornaqua.pt\/wp-content\/uploads\/2023\/10\/logo_ornaqua_200.png\",\"width\":200,\"height\":97,\"caption\":\"Ornaqua - Reprodu\u00e7\u00e3o, Importa\u00e7\u00e3o e Comercio de Peixes Ornamentais\"},\"image\":{\"@id\":\"https:\/\/ornaqua.pt\/#\/schema\/logo\/image\/\"},\"sameAs\":[\"https:\/\/www.facebook.com\/ORNAQUA\",\"https:\/\/www.instagram.com\/ornaqua\/\"]}]}<\/script>\n<!-- \/ Yoast SEO plugin. -->","yoast_head_json":{"title":"Milwaukee- Medidor PH mural continuo (MC110) - Ornaqua - Reprodu\u00e7\u00e3o, Importa\u00e7\u00e3o e Comercio de Peixes Ornamentais","robots":{"index":"index","follow":"follow","max-snippet":"max-snippet:-1","max-image-preview":"max-image-preview:large","max-video-preview":"max-video-preview:-1"},"canonical":"https:\/\/ornaqua.pt\/es\/producto\/milwaukee-medidor-ph-mural-continuo-mc110\/","og_locale":"es_ES","og_type":"article","og_title":"Milwaukee- Medidor PH mural continuo (MC110) - Ornaqua - Reprodu\u00e7\u00e3o, Importa\u00e7\u00e3o e Comercio de Peixes Ornamentais","og_description":"O monitor de pH de gama m\u00e9dia Miwaukee MC110 PRO oferece precis\u00e3o de n\u00edvel de laborat\u00f3rio com uma verifica\u00e7\u00e3o cont\u00ednua facilmente vis\u00edvel dos n\u00edveis de pH com alarmes.O monitor Milwaukee MC110 oferece: Resultados r\u00e1pidos e f\u00e1ceis de ler com grande leitura de LCD digital; Precis\u00e3o de \u00b1 0,2 pH com uma faixa completa de 0 [&hellip;]","og_url":"https:\/\/ornaqua.pt\/es\/producto\/milwaukee-medidor-ph-mural-continuo-mc110\/","og_site_name":"Ornaqua - Reprodu\u00e7\u00e3o, Importa\u00e7\u00e3o e Comercio de Peixes Ornamentais","article_publisher":"https:\/\/www.facebook.com\/ORNAQUA","article_modified_time":"2025-04-02T10:23:49+00:00","og_image":[{"width":800,"height":800,"url":"https:\/\/ornaqua.pt\/wp-content\/uploads\/2023\/06\/MI007.jpg","type":"image\/jpeg"}],"twitter_card":"summary_large_image","twitter_misc":{"Tiempo de lectura":"1 minuto"},"schema":{"@context":"https:\/\/schema.org","@graph":[{"@type":"WebPage","@id":"https:\/\/ornaqua.pt\/produto\/milwaukee-medidor-ph-mural-continuo-mc110\/","url":"https:\/\/ornaqua.pt\/produto\/milwaukee-medidor-ph-mural-continuo-mc110\/","name":"Milwaukee- Medidor PH mural continuo (MC110) - Ornaqua - Reprodu\u00e7\u00e3o, Importa\u00e7\u00e3o e Comercio de Peixes Ornamentais","isPartOf":{"@id":"https:\/\/ornaqua.pt\/#website"},"primaryImageOfPage":{"@id":"https:\/\/ornaqua.pt\/produto\/milwaukee-medidor-ph-mural-continuo-mc110\/#primaryimage"},"image":{"@id":"https:\/\/ornaqua.pt\/produto\/milwaukee-medidor-ph-mural-continuo-mc110\/#primaryimage"},"thumbnailUrl":"https:\/\/ornaqua.pt\/wp-content\/uploads\/2023\/06\/MI007.jpg","datePublished":"2023-06-21T19:36:16+00:00","dateModified":"2025-04-02T10:23:49+00:00","breadcrumb":{"@id":"https:\/\/ornaqua.pt\/produto\/milwaukee-medidor-ph-mural-continuo-mc110\/#breadcrumb"},"inLanguage":"es","potentialAction":[{"@type":"ReadAction","target":["https:\/\/ornaqua.pt\/produto\/milwaukee-medidor-ph-mural-continuo-mc110\/"]}]},{"@type":"ImageObject","inLanguage":"es","@id":"https:\/\/ornaqua.pt\/produto\/milwaukee-medidor-ph-mural-continuo-mc110\/#primaryimage","url":"https:\/\/ornaqua.pt\/wp-content\/uploads\/2023\/06\/MI007.jpg","contentUrl":"https:\/\/ornaqua.pt\/wp-content\/uploads\/2023\/06\/MI007.jpg","width":800,"height":800},{"@type":"BreadcrumbList","@id":"https:\/\/ornaqua.pt\/produto\/milwaukee-medidor-ph-mural-continuo-mc110\/#breadcrumb","itemListElement":[{"@type":"ListItem","position":1,"name":"In\u00edcio","item":"https:\/\/ornaqua.pt\/"},{"@type":"ListItem","position":2,"name":"Produtos","item":"https:\/\/ornaqua.pt\/produtos\/"},{"@type":"ListItem","position":3,"name":"Milwaukee- Medidor PH mural continuo (MC110)"}]},{"@type":"WebSite","@id":"https:\/\/ornaqua.pt\/#website","url":"https:\/\/ornaqua.pt\/","name":"Ornaqua - Loja Online","description":"Reprodu\u00e7\u00e3o, Importa\u00e7\u00e3o e Comercio de Peixes Ornamentais","publisher":{"@id":"https:\/\/ornaqua.pt\/#organization"},"potentialAction":[{"@type":"SearchAction","target":{"@type":"EntryPoint","urlTemplate":"https:\/\/ornaqua.pt\/?s={search_term_string}"},"query-input":{"@type":"PropertyValueSpecification","valueRequired":true,"valueName":"search_term_string"}}],"inLanguage":"es"},{"@type":"Organization","@id":"https:\/\/ornaqua.pt\/#organization","name":"Ornaqua - Reprodu\u00e7\u00e3o, Importa\u00e7\u00e3o e Comercio de Peixes Ornamentais","url":"https:\/\/ornaqua.pt\/","logo":{"@type":"ImageObject","inLanguage":"es","@id":"https:\/\/ornaqua.pt\/#\/schema\/logo\/image\/","url":"https:\/\/ornaqua.pt\/wp-content\/uploads\/2023\/10\/logo_ornaqua_200.png","contentUrl":"https:\/\/ornaqua.pt\/wp-content\/uploads\/2023\/10\/logo_ornaqua_200.png","width":200,"height":97,"caption":"Ornaqua - Reprodu\u00e7\u00e3o, Importa\u00e7\u00e3o e Comercio de Peixes Ornamentais"},"image":{"@id":"https:\/\/ornaqua.pt\/#\/schema\/logo\/image\/"},"sameAs":["https:\/\/www.facebook.com\/ORNAQUA","https:\/\/www.instagram.com\/ornaqua\/"]}]}},"_links":{"self":[{"href":"https:\/\/ornaqua.pt\/es\/wp-json\/wp\/v2\/product\/5222","targetHints":{"allow":["GET"]}}],"collection":[{"href":"https:\/\/ornaqua.pt\/es\/wp-json\/wp\/v2\/product"}],"about":[{"href":"https:\/\/ornaqua.pt\/es\/wp-json\/wp\/v2\/types\/product"}],"wp:featuredmedia":[{"embeddable":true,"href":"https:\/\/ornaqua.pt\/es\/wp-json\/wp\/v2\/media\/5221"}],"wp:attachment":[{"href":"https:\/\/ornaqua.pt\/es\/wp-json\/wp\/v2\/media?parent=5222"}],"wp:term":[{"taxonomy":"product_brand","embeddable":true,"href":"https:\/\/ornaqua.pt\/es\/wp-json\/wp\/v2\/product_brand?post=5222"},{"taxonomy":"product_cat","embeddable":true,"href":"https:\/\/ornaqua.pt\/es\/wp-json\/wp\/v2\/product_cat?post=5222"},{"taxonomy":"product_tag","embeddable":true,"href":"https:\/\/ornaqua.pt\/es\/wp-json\/wp\/v2\/product_tag?post=5222"}],"curies":[{"name":"wp","href":"https:\/\/api.w.org\/{rel}","templated":true}]}}