{"id":5212,"date":"2023-06-21T20:35:51","date_gmt":"2023-06-21T19:35:51","guid":{"rendered":"http:\/\/ornaqua.pt\/produto\/milwaukee-medidor-ec-eco-cd611\/"},"modified":"2025-04-02T11:23:47","modified_gmt":"2025-04-02T10:23:47","slug":"milwaukee-medidor-ec-eco-cd611","status":"publish","type":"product","link":"https:\/\/ornaqua.pt\/es\/producto\/milwaukee-medidor-ec-eco-cd611\/","title":{"rendered":"Milwaukee- Medidor EC Eco (CD611)"},"content":{"rendered":"<p>A caneta de condutividade Milwaukee foi projetada para hidrop\u00f4nicos e outros produtores para ajud\u00e1-lo a garantir que suas plantas estejam recebendo a quantidade certa de nutrientes. Mantenha a EC no intervalo alvo para ajud\u00e1-lo a obter melhores resultados. Caracter\u00edsticas: Mede condutividade e temperatura com compensa\u00e7\u00e3o autom\u00e1tica de temperatura; Faixa ideal para hidroponia (0 a 20.000 \u00b5S\/cm); Unidades em \u00b5S\/cm facilmente convers\u00edveis em ppm; Calibrado de f\u00e1brica com a capacidade de recalibrar, se necess\u00e1rio; 350 horas de uso cont\u00ednuo (3 pilhas de 1,5 V inclu\u00eddas).<\/p>","protected":false},"excerpt":{"rendered":"<p>A caneta de condutividade Milwaukee foi projetada para hidrop\u00f4nicos e outros produtores para ajud\u00e1-lo a garantir que suas plantas estejam recebendo a quantidade certa de nutrientes. Mantenha a EC no intervalo alvo para ajud\u00e1-lo a obter melhores resultados. Caracter\u00edsticas: Mede condutividade e temperatura com compensa\u00e7\u00e3o autom\u00e1tica de temperatura; Faixa ideal para hidroponia (0 a 20.000 [&hellip;]<\/p>\n","protected":false},"featured_media":5211,"template":"","meta":{"inline_featured_image":false},"product_brand":[],"product_cat":[45],"product_tag":[],"class_list":{"0":"post-5212","1":"product","2":"type-product","3":"status-publish","4":"has-post-thumbnail","6":"product_cat-equipamentos","8":"first","9":"instock","10":"taxable","11":"shipping-taxable","12":"purchasable","13":"product-type-simple"},"yoast_head":"<!-- This site is optimized with the Yoast SEO plugin v27.1.1 - https:\/\/yoast.com\/product\/yoast-seo-wordpress\/ -->\n<title>Milwaukee- Medidor EC Eco (CD611) - Ornaqua - Reprodu\u00e7\u00e3o, Importa\u00e7\u00e3o e Comercio de Peixes Ornamentais<\/title>\n<meta name=\"robots\" content=\"index, follow, max-snippet:-1, max-image-preview:large, max-video-preview:-1\" \/>\n<link rel=\"canonical\" href=\"https:\/\/ornaqua.pt\/es\/producto\/milwaukee-medidor-ec-eco-cd611\/\" \/>\n<meta property=\"og:locale\" content=\"es_ES\" \/>\n<meta property=\"og:type\" content=\"article\" \/>\n<meta property=\"og:title\" content=\"Milwaukee- Medidor EC Eco (CD611) - Ornaqua - Reprodu\u00e7\u00e3o, Importa\u00e7\u00e3o e Comercio de Peixes Ornamentais\" \/>\n<meta property=\"og:description\" content=\"A caneta de condutividade Milwaukee foi projetada para hidrop\u00f4nicos e outros produtores para ajud\u00e1-lo a garantir que suas plantas estejam recebendo a quantidade certa de nutrientes. Mantenha a EC no intervalo alvo para ajud\u00e1-lo a obter melhores resultados. Caracter\u00edsticas: Mede condutividade e temperatura com compensa\u00e7\u00e3o autom\u00e1tica de temperatura; Faixa ideal para hidroponia (0 a 20.000 [&hellip;]\" \/>\n<meta property=\"og:url\" content=\"https:\/\/ornaqua.pt\/es\/producto\/milwaukee-medidor-ec-eco-cd611\/\" \/>\n<meta property=\"og:site_name\" content=\"Ornaqua - Reprodu\u00e7\u00e3o, Importa\u00e7\u00e3o e Comercio de Peixes Ornamentais\" \/>\n<meta property=\"article:publisher\" content=\"https:\/\/www.facebook.com\/ORNAQUA\" \/>\n<meta property=\"article:modified_time\" content=\"2025-04-02T10:23:47+00:00\" \/>\n<meta property=\"og:image\" content=\"https:\/\/ornaqua.pt\/wp-content\/uploads\/2023\/06\/MI002.jpg\" \/>\n\t<meta property=\"og:image:width\" content=\"800\" \/>\n\t<meta property=\"og:image:height\" content=\"800\" \/>\n\t<meta property=\"og:image:type\" content=\"image\/jpeg\" \/>\n<meta name=\"twitter:card\" content=\"summary_large_image\" \/>\n<script type=\"application\/ld+json\" class=\"yoast-schema-graph\">{\"@context\":\"https:\/\/schema.org\",\"@graph\":[{\"@type\":\"WebPage\",\"@id\":\"https:\/\/ornaqua.pt\/produto\/milwaukee-medidor-ec-eco-cd611\/\",\"url\":\"https:\/\/ornaqua.pt\/produto\/milwaukee-medidor-ec-eco-cd611\/\",\"name\":\"Milwaukee- Medidor EC Eco (CD611) - Ornaqua - Reprodu\u00e7\u00e3o, Importa\u00e7\u00e3o e Comercio de Peixes Ornamentais\",\"isPartOf\":{\"@id\":\"https:\/\/ornaqua.pt\/#website\"},\"primaryImageOfPage\":{\"@id\":\"https:\/\/ornaqua.pt\/produto\/milwaukee-medidor-ec-eco-cd611\/#primaryimage\"},\"image\":{\"@id\":\"https:\/\/ornaqua.pt\/produto\/milwaukee-medidor-ec-eco-cd611\/#primaryimage\"},\"thumbnailUrl\":\"https:\/\/ornaqua.pt\/wp-content\/uploads\/2023\/06\/MI002.jpg\",\"datePublished\":\"2023-06-21T19:35:51+00:00\",\"dateModified\":\"2025-04-02T10:23:47+00:00\",\"breadcrumb\":{\"@id\":\"https:\/\/ornaqua.pt\/produto\/milwaukee-medidor-ec-eco-cd611\/#breadcrumb\"},\"inLanguage\":\"es\",\"potentialAction\":[{\"@type\":\"ReadAction\",\"target\":[\"https:\/\/ornaqua.pt\/produto\/milwaukee-medidor-ec-eco-cd611\/\"]}]},{\"@type\":\"ImageObject\",\"inLanguage\":\"es\",\"@id\":\"https:\/\/ornaqua.pt\/produto\/milwaukee-medidor-ec-eco-cd611\/#primaryimage\",\"url\":\"https:\/\/ornaqua.pt\/wp-content\/uploads\/2023\/06\/MI002.jpg\",\"contentUrl\":\"https:\/\/ornaqua.pt\/wp-content\/uploads\/2023\/06\/MI002.jpg\",\"width\":800,\"height\":800},{\"@type\":\"BreadcrumbList\",\"@id\":\"https:\/\/ornaqua.pt\/produto\/milwaukee-medidor-ec-eco-cd611\/#breadcrumb\",\"itemListElement\":[{\"@type\":\"ListItem\",\"position\":1,\"name\":\"In\u00edcio\",\"item\":\"https:\/\/ornaqua.pt\/\"},{\"@type\":\"ListItem\",\"position\":2,\"name\":\"Produtos\",\"item\":\"https:\/\/ornaqua.pt\/produtos\/\"},{\"@type\":\"ListItem\",\"position\":3,\"name\":\"Milwaukee- Medidor EC Eco (CD611)\"}]},{\"@type\":\"WebSite\",\"@id\":\"https:\/\/ornaqua.pt\/#website\",\"url\":\"https:\/\/ornaqua.pt\/\",\"name\":\"Ornaqua - Loja Online\",\"description\":\"Reprodu\u00e7\u00e3o, Importa\u00e7\u00e3o e Comercio de Peixes Ornamentais\",\"publisher\":{\"@id\":\"https:\/\/ornaqua.pt\/#organization\"},\"potentialAction\":[{\"@type\":\"SearchAction\",\"target\":{\"@type\":\"EntryPoint\",\"urlTemplate\":\"https:\/\/ornaqua.pt\/?s={search_term_string}\"},\"query-input\":{\"@type\":\"PropertyValueSpecification\",\"valueRequired\":true,\"valueName\":\"search_term_string\"}}],\"inLanguage\":\"es\"},{\"@type\":\"Organization\",\"@id\":\"https:\/\/ornaqua.pt\/#organization\",\"name\":\"Ornaqua - Reprodu\u00e7\u00e3o, Importa\u00e7\u00e3o e Comercio de Peixes Ornamentais\",\"url\":\"https:\/\/ornaqua.pt\/\",\"logo\":{\"@type\":\"ImageObject\",\"inLanguage\":\"es\",\"@id\":\"https:\/\/ornaqua.pt\/#\/schema\/logo\/image\/\",\"url\":\"https:\/\/ornaqua.pt\/wp-content\/uploads\/2023\/10\/logo_ornaqua_200.png\",\"contentUrl\":\"https:\/\/ornaqua.pt\/wp-content\/uploads\/2023\/10\/logo_ornaqua_200.png\",\"width\":200,\"height\":97,\"caption\":\"Ornaqua - Reprodu\u00e7\u00e3o, Importa\u00e7\u00e3o e Comercio de Peixes Ornamentais\"},\"image\":{\"@id\":\"https:\/\/ornaqua.pt\/#\/schema\/logo\/image\/\"},\"sameAs\":[\"https:\/\/www.facebook.com\/ORNAQUA\",\"https:\/\/www.instagram.com\/ornaqua\/\"]}]}<\/script>\n<!-- \/ Yoast SEO plugin. -->","yoast_head_json":{"title":"Milwaukee- Medidor EC Eco (CD611) - Ornaqua - Reprodu\u00e7\u00e3o, Importa\u00e7\u00e3o e Comercio de Peixes Ornamentais","robots":{"index":"index","follow":"follow","max-snippet":"max-snippet:-1","max-image-preview":"max-image-preview:large","max-video-preview":"max-video-preview:-1"},"canonical":"https:\/\/ornaqua.pt\/es\/producto\/milwaukee-medidor-ec-eco-cd611\/","og_locale":"es_ES","og_type":"article","og_title":"Milwaukee- Medidor EC Eco (CD611) - Ornaqua - Reprodu\u00e7\u00e3o, Importa\u00e7\u00e3o e Comercio de Peixes Ornamentais","og_description":"A caneta de condutividade Milwaukee foi projetada para hidrop\u00f4nicos e outros produtores para ajud\u00e1-lo a garantir que suas plantas estejam recebendo a quantidade certa de nutrientes. Mantenha a EC no intervalo alvo para ajud\u00e1-lo a obter melhores resultados. Caracter\u00edsticas: Mede condutividade e temperatura com compensa\u00e7\u00e3o autom\u00e1tica de temperatura; Faixa ideal para hidroponia (0 a 20.000 [&hellip;]","og_url":"https:\/\/ornaqua.pt\/es\/producto\/milwaukee-medidor-ec-eco-cd611\/","og_site_name":"Ornaqua - Reprodu\u00e7\u00e3o, Importa\u00e7\u00e3o e Comercio de Peixes Ornamentais","article_publisher":"https:\/\/www.facebook.com\/ORNAQUA","article_modified_time":"2025-04-02T10:23:47+00:00","og_image":[{"width":800,"height":800,"url":"https:\/\/ornaqua.pt\/wp-content\/uploads\/2023\/06\/MI002.jpg","type":"image\/jpeg"}],"twitter_card":"summary_large_image","schema":{"@context":"https:\/\/schema.org","@graph":[{"@type":"WebPage","@id":"https:\/\/ornaqua.pt\/produto\/milwaukee-medidor-ec-eco-cd611\/","url":"https:\/\/ornaqua.pt\/produto\/milwaukee-medidor-ec-eco-cd611\/","name":"Milwaukee- Medidor EC Eco (CD611) - Ornaqua - Reprodu\u00e7\u00e3o, Importa\u00e7\u00e3o e Comercio de Peixes Ornamentais","isPartOf":{"@id":"https:\/\/ornaqua.pt\/#website"},"primaryImageOfPage":{"@id":"https:\/\/ornaqua.pt\/produto\/milwaukee-medidor-ec-eco-cd611\/#primaryimage"},"image":{"@id":"https:\/\/ornaqua.pt\/produto\/milwaukee-medidor-ec-eco-cd611\/#primaryimage"},"thumbnailUrl":"https:\/\/ornaqua.pt\/wp-content\/uploads\/2023\/06\/MI002.jpg","datePublished":"2023-06-21T19:35:51+00:00","dateModified":"2025-04-02T10:23:47+00:00","breadcrumb":{"@id":"https:\/\/ornaqua.pt\/produto\/milwaukee-medidor-ec-eco-cd611\/#breadcrumb"},"inLanguage":"es","potentialAction":[{"@type":"ReadAction","target":["https:\/\/ornaqua.pt\/produto\/milwaukee-medidor-ec-eco-cd611\/"]}]},{"@type":"ImageObject","inLanguage":"es","@id":"https:\/\/ornaqua.pt\/produto\/milwaukee-medidor-ec-eco-cd611\/#primaryimage","url":"https:\/\/ornaqua.pt\/wp-content\/uploads\/2023\/06\/MI002.jpg","contentUrl":"https:\/\/ornaqua.pt\/wp-content\/uploads\/2023\/06\/MI002.jpg","width":800,"height":800},{"@type":"BreadcrumbList","@id":"https:\/\/ornaqua.pt\/produto\/milwaukee-medidor-ec-eco-cd611\/#breadcrumb","itemListElement":[{"@type":"ListItem","position":1,"name":"In\u00edcio","item":"https:\/\/ornaqua.pt\/"},{"@type":"ListItem","position":2,"name":"Produtos","item":"https:\/\/ornaqua.pt\/produtos\/"},{"@type":"ListItem","position":3,"name":"Milwaukee- Medidor EC Eco (CD611)"}]},{"@type":"WebSite","@id":"https:\/\/ornaqua.pt\/#website","url":"https:\/\/ornaqua.pt\/","name":"Ornaqua - Loja Online","description":"Reprodu\u00e7\u00e3o, Importa\u00e7\u00e3o e Comercio de Peixes Ornamentais","publisher":{"@id":"https:\/\/ornaqua.pt\/#organization"},"potentialAction":[{"@type":"SearchAction","target":{"@type":"EntryPoint","urlTemplate":"https:\/\/ornaqua.pt\/?s={search_term_string}"},"query-input":{"@type":"PropertyValueSpecification","valueRequired":true,"valueName":"search_term_string"}}],"inLanguage":"es"},{"@type":"Organization","@id":"https:\/\/ornaqua.pt\/#organization","name":"Ornaqua - Reprodu\u00e7\u00e3o, Importa\u00e7\u00e3o e Comercio de Peixes Ornamentais","url":"https:\/\/ornaqua.pt\/","logo":{"@type":"ImageObject","inLanguage":"es","@id":"https:\/\/ornaqua.pt\/#\/schema\/logo\/image\/","url":"https:\/\/ornaqua.pt\/wp-content\/uploads\/2023\/10\/logo_ornaqua_200.png","contentUrl":"https:\/\/ornaqua.pt\/wp-content\/uploads\/2023\/10\/logo_ornaqua_200.png","width":200,"height":97,"caption":"Ornaqua - Reprodu\u00e7\u00e3o, Importa\u00e7\u00e3o e Comercio de Peixes Ornamentais"},"image":{"@id":"https:\/\/ornaqua.pt\/#\/schema\/logo\/image\/"},"sameAs":["https:\/\/www.facebook.com\/ORNAQUA","https:\/\/www.instagram.com\/ornaqua\/"]}]}},"_links":{"self":[{"href":"https:\/\/ornaqua.pt\/es\/wp-json\/wp\/v2\/product\/5212","targetHints":{"allow":["GET"]}}],"collection":[{"href":"https:\/\/ornaqua.pt\/es\/wp-json\/wp\/v2\/product"}],"about":[{"href":"https:\/\/ornaqua.pt\/es\/wp-json\/wp\/v2\/types\/product"}],"wp:featuredmedia":[{"embeddable":true,"href":"https:\/\/ornaqua.pt\/es\/wp-json\/wp\/v2\/media\/5211"}],"wp:attachment":[{"href":"https:\/\/ornaqua.pt\/es\/wp-json\/wp\/v2\/media?parent=5212"}],"wp:term":[{"taxonomy":"product_brand","embeddable":true,"href":"https:\/\/ornaqua.pt\/es\/wp-json\/wp\/v2\/product_brand?post=5212"},{"taxonomy":"product_cat","embeddable":true,"href":"https:\/\/ornaqua.pt\/es\/wp-json\/wp\/v2\/product_cat?post=5212"},{"taxonomy":"product_tag","embeddable":true,"href":"https:\/\/ornaqua.pt\/es\/wp-json\/wp\/v2\/product_tag?post=5212"}],"curies":[{"name":"wp","href":"https:\/\/api.w.org\/{rel}","templated":true}]}}