{"id":5204,"date":"2023-06-21T20:35:29","date_gmt":"2023-06-21T19:35:29","guid":{"rendered":"http:\/\/ornaqua.pt\/produto\/artemia-koral-eggs-artemiakoral-premium-95-50g-lata\/"},"modified":"2026-02-16T14:36:22","modified_gmt":"2026-02-16T14:36:22","slug":"artemia-koral-eggs-artemiakoral-premium-95-50g-lata","status":"publish","type":"product","link":"https:\/\/ornaqua.pt\/es\/producto\/artemia-koral-eggs-artemiakoral-premium-95-50g-lata\/","title":{"rendered":"Artemia Koral- EGGS ARTEMIAKORAL PREMIUM +95% (50g\/lata)"},"content":{"rendered":"<p>Ovos de artemia de alta qualidade, provenientes de lagos de sal siberianos, s\u00e3o adequados para todos os peixes de aqu\u00e1rio, alevins, camar\u00f5es e muitos invertebrados. Ap\u00f3s a eclos\u00e3o, eles podem ser fornecidos como alimento vivo. S\u00e3o ricos em prote\u00edna.<\/p>","protected":false},"excerpt":{"rendered":"<p>Ovos de artemia de alta qualidade, provenientes de lagos de sal siberianos, s\u00e3o adequados para todos os peixes de aqu\u00e1rio, alevins, camar\u00f5es e muitos invertebrados. Ap\u00f3s a eclos\u00e3o, eles podem ser fornecidos como alimento vivo. S\u00e3o ricos em prote\u00edna.<\/p>","protected":false},"featured_media":5203,"template":"","meta":{"inline_featured_image":false},"product_brand":[],"product_cat":[40],"product_tag":[],"class_list":{"0":"post-5204","1":"product","2":"type-product","3":"status-publish","4":"has-post-thumbnail","6":"product_cat-alimentacao","8":"first","9":"instock","10":"taxable","11":"shipping-taxable","12":"purchasable","13":"product-type-simple"},"yoast_head":"<!-- This site is optimized with the Yoast SEO plugin v27.1.1 - https:\/\/yoast.com\/product\/yoast-seo-wordpress\/ -->\n<title>Artemia Koral- EGGS ARTEMIAKORAL PREMIUM +95% (50g\/lata) - Ornaqua - Reprodu\u00e7\u00e3o, Importa\u00e7\u00e3o e Comercio de Peixes Ornamentais<\/title>\n<meta name=\"robots\" content=\"index, follow, max-snippet:-1, max-image-preview:large, max-video-preview:-1\" \/>\n<link rel=\"canonical\" href=\"https:\/\/ornaqua.pt\/es\/producto\/artemia-koral-eggs-artemiakoral-premium-95-50g-lata\/\" \/>\n<meta property=\"og:locale\" content=\"es_ES\" \/>\n<meta property=\"og:type\" content=\"article\" \/>\n<meta property=\"og:title\" content=\"Artemia Koral- EGGS ARTEMIAKORAL PREMIUM +95% (50g\/lata) - Ornaqua - Reprodu\u00e7\u00e3o, Importa\u00e7\u00e3o e Comercio de Peixes Ornamentais\" \/>\n<meta property=\"og:description\" content=\"Ovos de artemia de alta qualidade, provenientes de lagos de sal siberianos, s\u00e3o adequados para todos os peixes de aqu\u00e1rio, alevins, camar\u00f5es e muitos invertebrados. Ap\u00f3s a eclos\u00e3o, eles podem ser fornecidos como alimento vivo. S\u00e3o ricos em prote\u00edna.\" \/>\n<meta property=\"og:url\" content=\"https:\/\/ornaqua.pt\/es\/producto\/artemia-koral-eggs-artemiakoral-premium-95-50g-lata\/\" \/>\n<meta property=\"og:site_name\" content=\"Ornaqua - Reprodu\u00e7\u00e3o, Importa\u00e7\u00e3o e Comercio de Peixes Ornamentais\" \/>\n<meta property=\"article:publisher\" content=\"https:\/\/www.facebook.com\/ORNAQUA\" \/>\n<meta property=\"article:modified_time\" content=\"2026-02-16T14:36:22+00:00\" \/>\n<meta property=\"og:image\" content=\"https:\/\/ornaqua.pt\/wp-content\/uploads\/2023\/06\/AK001.jpg\" \/>\n\t<meta property=\"og:image:width\" content=\"800\" \/>\n\t<meta property=\"og:image:height\" content=\"800\" \/>\n\t<meta property=\"og:image:type\" content=\"image\/jpeg\" \/>\n<meta name=\"twitter:card\" content=\"summary_large_image\" \/>\n<script type=\"application\/ld+json\" class=\"yoast-schema-graph\">{\"@context\":\"https:\/\/schema.org\",\"@graph\":[{\"@type\":\"WebPage\",\"@id\":\"https:\/\/ornaqua.pt\/produto\/artemia-koral-eggs-artemiakoral-premium-95-50g-lata\/\",\"url\":\"https:\/\/ornaqua.pt\/produto\/artemia-koral-eggs-artemiakoral-premium-95-50g-lata\/\",\"name\":\"Artemia Koral- EGGS ARTEMIAKORAL PREMIUM +95% (50g\/lata) - Ornaqua - Reprodu\u00e7\u00e3o, Importa\u00e7\u00e3o e Comercio de Peixes Ornamentais\",\"isPartOf\":{\"@id\":\"https:\/\/ornaqua.pt\/#website\"},\"primaryImageOfPage\":{\"@id\":\"https:\/\/ornaqua.pt\/produto\/artemia-koral-eggs-artemiakoral-premium-95-50g-lata\/#primaryimage\"},\"image\":{\"@id\":\"https:\/\/ornaqua.pt\/produto\/artemia-koral-eggs-artemiakoral-premium-95-50g-lata\/#primaryimage\"},\"thumbnailUrl\":\"https:\/\/ornaqua.pt\/wp-content\/uploads\/2023\/06\/AK001.jpg\",\"datePublished\":\"2023-06-21T19:35:29+00:00\",\"dateModified\":\"2026-02-16T14:36:22+00:00\",\"breadcrumb\":{\"@id\":\"https:\/\/ornaqua.pt\/produto\/artemia-koral-eggs-artemiakoral-premium-95-50g-lata\/#breadcrumb\"},\"inLanguage\":\"es\",\"potentialAction\":[{\"@type\":\"ReadAction\",\"target\":[\"https:\/\/ornaqua.pt\/produto\/artemia-koral-eggs-artemiakoral-premium-95-50g-lata\/\"]}]},{\"@type\":\"ImageObject\",\"inLanguage\":\"es\",\"@id\":\"https:\/\/ornaqua.pt\/produto\/artemia-koral-eggs-artemiakoral-premium-95-50g-lata\/#primaryimage\",\"url\":\"https:\/\/ornaqua.pt\/wp-content\/uploads\/2023\/06\/AK001.jpg\",\"contentUrl\":\"https:\/\/ornaqua.pt\/wp-content\/uploads\/2023\/06\/AK001.jpg\",\"width\":800,\"height\":800},{\"@type\":\"BreadcrumbList\",\"@id\":\"https:\/\/ornaqua.pt\/produto\/artemia-koral-eggs-artemiakoral-premium-95-50g-lata\/#breadcrumb\",\"itemListElement\":[{\"@type\":\"ListItem\",\"position\":1,\"name\":\"In\u00edcio\",\"item\":\"https:\/\/ornaqua.pt\/\"},{\"@type\":\"ListItem\",\"position\":2,\"name\":\"Produtos\",\"item\":\"https:\/\/ornaqua.pt\/produtos\/\"},{\"@type\":\"ListItem\",\"position\":3,\"name\":\"Artemia Koral- EGGS ARTEMIAKORAL PREMIUM +95% (50g\/lata)\"}]},{\"@type\":\"WebSite\",\"@id\":\"https:\/\/ornaqua.pt\/#website\",\"url\":\"https:\/\/ornaqua.pt\/\",\"name\":\"Ornaqua - Loja Online\",\"description\":\"Reprodu\u00e7\u00e3o, Importa\u00e7\u00e3o e Comercio de Peixes Ornamentais\",\"publisher\":{\"@id\":\"https:\/\/ornaqua.pt\/#organization\"},\"potentialAction\":[{\"@type\":\"SearchAction\",\"target\":{\"@type\":\"EntryPoint\",\"urlTemplate\":\"https:\/\/ornaqua.pt\/?s={search_term_string}\"},\"query-input\":{\"@type\":\"PropertyValueSpecification\",\"valueRequired\":true,\"valueName\":\"search_term_string\"}}],\"inLanguage\":\"es\"},{\"@type\":\"Organization\",\"@id\":\"https:\/\/ornaqua.pt\/#organization\",\"name\":\"Ornaqua - Reprodu\u00e7\u00e3o, Importa\u00e7\u00e3o e Comercio de Peixes Ornamentais\",\"url\":\"https:\/\/ornaqua.pt\/\",\"logo\":{\"@type\":\"ImageObject\",\"inLanguage\":\"es\",\"@id\":\"https:\/\/ornaqua.pt\/#\/schema\/logo\/image\/\",\"url\":\"https:\/\/ornaqua.pt\/wp-content\/uploads\/2023\/10\/logo_ornaqua_200.png\",\"contentUrl\":\"https:\/\/ornaqua.pt\/wp-content\/uploads\/2023\/10\/logo_ornaqua_200.png\",\"width\":200,\"height\":97,\"caption\":\"Ornaqua - Reprodu\u00e7\u00e3o, Importa\u00e7\u00e3o e Comercio de Peixes Ornamentais\"},\"image\":{\"@id\":\"https:\/\/ornaqua.pt\/#\/schema\/logo\/image\/\"},\"sameAs\":[\"https:\/\/www.facebook.com\/ORNAQUA\",\"https:\/\/www.instagram.com\/ornaqua\/\"]}]}<\/script>\n<!-- \/ Yoast SEO plugin. -->","yoast_head_json":{"title":"Artemia Koral- EGGS ARTEMIAKORAL PREMIUM +95% (50g\/lata) - Ornaqua - Reprodu\u00e7\u00e3o, Importa\u00e7\u00e3o e Comercio de Peixes Ornamentais","robots":{"index":"index","follow":"follow","max-snippet":"max-snippet:-1","max-image-preview":"max-image-preview:large","max-video-preview":"max-video-preview:-1"},"canonical":"https:\/\/ornaqua.pt\/es\/producto\/artemia-koral-eggs-artemiakoral-premium-95-50g-lata\/","og_locale":"es_ES","og_type":"article","og_title":"Artemia Koral- EGGS ARTEMIAKORAL PREMIUM +95% (50g\/lata) - Ornaqua - Reprodu\u00e7\u00e3o, Importa\u00e7\u00e3o e Comercio de Peixes Ornamentais","og_description":"Ovos de artemia de alta qualidade, provenientes de lagos de sal siberianos, s\u00e3o adequados para todos os peixes de aqu\u00e1rio, alevins, camar\u00f5es e muitos invertebrados. Ap\u00f3s a eclos\u00e3o, eles podem ser fornecidos como alimento vivo. S\u00e3o ricos em prote\u00edna.","og_url":"https:\/\/ornaqua.pt\/es\/producto\/artemia-koral-eggs-artemiakoral-premium-95-50g-lata\/","og_site_name":"Ornaqua - Reprodu\u00e7\u00e3o, Importa\u00e7\u00e3o e Comercio de Peixes Ornamentais","article_publisher":"https:\/\/www.facebook.com\/ORNAQUA","article_modified_time":"2026-02-16T14:36:22+00:00","og_image":[{"width":800,"height":800,"url":"https:\/\/ornaqua.pt\/wp-content\/uploads\/2023\/06\/AK001.jpg","type":"image\/jpeg"}],"twitter_card":"summary_large_image","schema":{"@context":"https:\/\/schema.org","@graph":[{"@type":"WebPage","@id":"https:\/\/ornaqua.pt\/produto\/artemia-koral-eggs-artemiakoral-premium-95-50g-lata\/","url":"https:\/\/ornaqua.pt\/produto\/artemia-koral-eggs-artemiakoral-premium-95-50g-lata\/","name":"Artemia Koral- EGGS ARTEMIAKORAL PREMIUM +95% (50g\/lata) - Ornaqua - Reprodu\u00e7\u00e3o, Importa\u00e7\u00e3o e Comercio de Peixes Ornamentais","isPartOf":{"@id":"https:\/\/ornaqua.pt\/#website"},"primaryImageOfPage":{"@id":"https:\/\/ornaqua.pt\/produto\/artemia-koral-eggs-artemiakoral-premium-95-50g-lata\/#primaryimage"},"image":{"@id":"https:\/\/ornaqua.pt\/produto\/artemia-koral-eggs-artemiakoral-premium-95-50g-lata\/#primaryimage"},"thumbnailUrl":"https:\/\/ornaqua.pt\/wp-content\/uploads\/2023\/06\/AK001.jpg","datePublished":"2023-06-21T19:35:29+00:00","dateModified":"2026-02-16T14:36:22+00:00","breadcrumb":{"@id":"https:\/\/ornaqua.pt\/produto\/artemia-koral-eggs-artemiakoral-premium-95-50g-lata\/#breadcrumb"},"inLanguage":"es","potentialAction":[{"@type":"ReadAction","target":["https:\/\/ornaqua.pt\/produto\/artemia-koral-eggs-artemiakoral-premium-95-50g-lata\/"]}]},{"@type":"ImageObject","inLanguage":"es","@id":"https:\/\/ornaqua.pt\/produto\/artemia-koral-eggs-artemiakoral-premium-95-50g-lata\/#primaryimage","url":"https:\/\/ornaqua.pt\/wp-content\/uploads\/2023\/06\/AK001.jpg","contentUrl":"https:\/\/ornaqua.pt\/wp-content\/uploads\/2023\/06\/AK001.jpg","width":800,"height":800},{"@type":"BreadcrumbList","@id":"https:\/\/ornaqua.pt\/produto\/artemia-koral-eggs-artemiakoral-premium-95-50g-lata\/#breadcrumb","itemListElement":[{"@type":"ListItem","position":1,"name":"In\u00edcio","item":"https:\/\/ornaqua.pt\/"},{"@type":"ListItem","position":2,"name":"Produtos","item":"https:\/\/ornaqua.pt\/produtos\/"},{"@type":"ListItem","position":3,"name":"Artemia Koral- EGGS ARTEMIAKORAL PREMIUM +95% (50g\/lata)"}]},{"@type":"WebSite","@id":"https:\/\/ornaqua.pt\/#website","url":"https:\/\/ornaqua.pt\/","name":"Ornaqua - Loja Online","description":"Reprodu\u00e7\u00e3o, Importa\u00e7\u00e3o e Comercio de Peixes Ornamentais","publisher":{"@id":"https:\/\/ornaqua.pt\/#organization"},"potentialAction":[{"@type":"SearchAction","target":{"@type":"EntryPoint","urlTemplate":"https:\/\/ornaqua.pt\/?s={search_term_string}"},"query-input":{"@type":"PropertyValueSpecification","valueRequired":true,"valueName":"search_term_string"}}],"inLanguage":"es"},{"@type":"Organization","@id":"https:\/\/ornaqua.pt\/#organization","name":"Ornaqua - Reprodu\u00e7\u00e3o, Importa\u00e7\u00e3o e Comercio de Peixes Ornamentais","url":"https:\/\/ornaqua.pt\/","logo":{"@type":"ImageObject","inLanguage":"es","@id":"https:\/\/ornaqua.pt\/#\/schema\/logo\/image\/","url":"https:\/\/ornaqua.pt\/wp-content\/uploads\/2023\/10\/logo_ornaqua_200.png","contentUrl":"https:\/\/ornaqua.pt\/wp-content\/uploads\/2023\/10\/logo_ornaqua_200.png","width":200,"height":97,"caption":"Ornaqua - Reprodu\u00e7\u00e3o, Importa\u00e7\u00e3o e Comercio de Peixes Ornamentais"},"image":{"@id":"https:\/\/ornaqua.pt\/#\/schema\/logo\/image\/"},"sameAs":["https:\/\/www.facebook.com\/ORNAQUA","https:\/\/www.instagram.com\/ornaqua\/"]}]}},"_links":{"self":[{"href":"https:\/\/ornaqua.pt\/es\/wp-json\/wp\/v2\/product\/5204","targetHints":{"allow":["GET"]}}],"collection":[{"href":"https:\/\/ornaqua.pt\/es\/wp-json\/wp\/v2\/product"}],"about":[{"href":"https:\/\/ornaqua.pt\/es\/wp-json\/wp\/v2\/types\/product"}],"wp:featuredmedia":[{"embeddable":true,"href":"https:\/\/ornaqua.pt\/es\/wp-json\/wp\/v2\/media\/5203"}],"wp:attachment":[{"href":"https:\/\/ornaqua.pt\/es\/wp-json\/wp\/v2\/media?parent=5204"}],"wp:term":[{"taxonomy":"product_brand","embeddable":true,"href":"https:\/\/ornaqua.pt\/es\/wp-json\/wp\/v2\/product_brand?post=5204"},{"taxonomy":"product_cat","embeddable":true,"href":"https:\/\/ornaqua.pt\/es\/wp-json\/wp\/v2\/product_cat?post=5204"},{"taxonomy":"product_tag","embeddable":true,"href":"https:\/\/ornaqua.pt\/es\/wp-json\/wp\/v2\/product_tag?post=5204"}],"curies":[{"name":"wp","href":"https:\/\/api.w.org\/{rel}","templated":true}]}}