{"id":5174,"date":"2023-06-14T20:28:46","date_gmt":"2023-06-14T19:28:46","guid":{"rendered":"http:\/\/ornaqua.pt\/produto\/arka-myaqua1900-reverse-osmosis-system\/"},"modified":"2026-01-24T08:10:50","modified_gmt":"2026-01-24T08:10:50","slug":"arka-myaqua1900-reverse-osmosis-system","status":"publish","type":"product","link":"https:\/\/ornaqua.pt\/es\/producto\/arka-myaqua1900-reverse-osmosis-system\/","title":{"rendered":"ARKA- myAqua1900-Reverse Osmosis System"},"content":{"rendered":"<p>Poderoso e livre de produtos qu\u00edmicos &#8211; o sistema de osmose reversa ARKA Aquatics myAqua1900 usa o poder da press\u00e3o da \u00e1gua e filtra at\u00e9 99% dos sais, bact\u00e9rias e poluentes, como nitrito ou fosfato e metais pesados \u200b\u200bda \u00e1gua da torneira convencional. A propor\u00e7\u00e3o de \u00e1gua de osmose para \u00e1gua residual \u00e9 de apenas 1: 1-1,5. \u00c9 assim que a \u00e1gua \u00e9 tratada de forma eficaz para criar uma atmosfera segura de bem-estar para os habitantes marinhos e de \u00e1gua doce.<br \/>\nO sistema funciona sem aditivos qu\u00edmicos \u2013 funciona atrav\u00e9s de press\u00e3o de \u00e1gua e materiais filtrantes naturais, sem aditivos qu\u00edmicos. Isso significa que a taxa de reten\u00e7\u00e3o \u00e9 muito alta.<br \/>\nDesempenho do filtro: at\u00e9 1900 litros\/dia<br \/>\n\u00c1gua de osmose em \u00e1gua residual: rendimento aprox. 1:1 \u2013 1,5<br \/>\nPress\u00e3o de trabalho: 1 a 4 bar<br \/>\nTemperatura: 5 a 38 graus<br \/>\nCapacidade de reten\u00e7\u00e3o de sal: 98% \u2013 99%<br \/>\nOs componentes do sistema de carbono e filtro fino (cartucho), bem como o filtro de membrana, est\u00e3o sujeitos aos seguintes intervalos de troca:<br \/>\nFiltro de membrana: 12 \u2013 24 meses a partir do comissionamento<br \/>\nFiltro fino: 6 \u2013 12 meses a partir do comissionamento<br \/>\nFiltro de carv\u00e3o C1: 6 \u2013 12 meses a partir do comissionamento<br \/>\nFiltro de carv\u00e3o C2: 6 \u2013 12 meses a partir do comissionamento<br \/>\nDica: Os filtros s\u00e3o consum\u00edveis e devem ser substitu\u00eddos regularmente! Para que os seus peixes possam sempre desfrutar de \u00e1gua de alta qualidade, recomendamos mant\u00ea-los em estoque. Todos os tr\u00eas componentes do sistema (filtros de carbono, finos e de membrana) est\u00e3o dispon\u00edveis separadamente.<br \/>\nNota: Os seguintes acess\u00f3rios est\u00e3o inclu\u00eddos na entrega:<br \/>\nTorneira, mangueira de 150 cm, mangueira de 300 cm, pe\u00e7a em T incluindo v\u00e1lvula, montagem na parede,<br \/>\nDispositivo de medi\u00e7\u00e3o TDS, bra\u00e7adeira de esgoto, conex\u00e3o de \u00e1gua (3\/4 \u201c-1\/4\u201d), v\u00e1lvula de fechamento (1\/4 \u201c-1\/4\u201d).<br \/>\nCada sistema de osmose 1900 \u00e9 inspecionado novamente pelo fabricante quanto a vazamentos. Portanto, o sistema de osmose ainda pode ter umidade residual ap\u00f3s o recebimento.<\/p>","protected":false},"excerpt":{"rendered":"<p>Poderoso e livre de produtos qu\u00edmicos &#8211; o sistema de osmose reversa ARKA Aquatics myAqua1900 usa o poder da press\u00e3o da \u00e1gua e filtra at\u00e9 99% dos sais, bact\u00e9rias e poluentes, como nitrito ou fosfato e metais pesados \u200b\u200bda \u00e1gua da torneira convencional. A propor\u00e7\u00e3o de \u00e1gua de osmose para \u00e1gua residual \u00e9 de apenas [&hellip;]<\/p>\n","protected":false},"featured_media":5173,"template":"","meta":{"inline_featured_image":false},"product_brand":[],"product_cat":[45],"product_tag":[],"class_list":{"0":"post-5174","1":"product","2":"type-product","3":"status-publish","4":"has-post-thumbnail","6":"product_cat-equipamentos","8":"first","9":"outofstock","10":"taxable","11":"shipping-taxable","12":"purchasable","13":"product-type-simple"},"yoast_head":"<!-- This site is optimized with the Yoast SEO plugin v27.1.1 - https:\/\/yoast.com\/product\/yoast-seo-wordpress\/ -->\n<title>ARKA- myAqua1900-Reverse Osmosis System - Ornaqua - Reprodu\u00e7\u00e3o, Importa\u00e7\u00e3o e Comercio de Peixes Ornamentais<\/title>\n<meta name=\"robots\" content=\"index, follow, max-snippet:-1, max-image-preview:large, max-video-preview:-1\" \/>\n<link rel=\"canonical\" href=\"https:\/\/ornaqua.pt\/es\/producto\/arka-myaqua1900-reverse-osmosis-system\/\" \/>\n<meta property=\"og:locale\" content=\"es_ES\" \/>\n<meta property=\"og:type\" content=\"article\" \/>\n<meta property=\"og:title\" content=\"ARKA- myAqua1900-Reverse Osmosis System - Ornaqua - Reprodu\u00e7\u00e3o, Importa\u00e7\u00e3o e Comercio de Peixes Ornamentais\" \/>\n<meta property=\"og:description\" content=\"Poderoso e livre de produtos qu\u00edmicos &#8211; o sistema de osmose reversa ARKA Aquatics myAqua1900 usa o poder da press\u00e3o da \u00e1gua e filtra at\u00e9 99% dos sais, bact\u00e9rias e poluentes, como nitrito ou fosfato e metais pesados \u200b\u200bda \u00e1gua da torneira convencional. A propor\u00e7\u00e3o de \u00e1gua de osmose para \u00e1gua residual \u00e9 de apenas [&hellip;]\" \/>\n<meta property=\"og:url\" content=\"https:\/\/ornaqua.pt\/es\/producto\/arka-myaqua1900-reverse-osmosis-system\/\" \/>\n<meta property=\"og:site_name\" content=\"Ornaqua - Reprodu\u00e7\u00e3o, Importa\u00e7\u00e3o e Comercio de Peixes Ornamentais\" \/>\n<meta property=\"article:publisher\" content=\"https:\/\/www.facebook.com\/ORNAQUA\" \/>\n<meta property=\"article:modified_time\" content=\"2026-01-24T08:10:50+00:00\" \/>\n<meta property=\"og:image\" content=\"https:\/\/ornaqua.pt\/wp-content\/uploads\/2023\/06\/AR006.jpg\" \/>\n\t<meta property=\"og:image:width\" content=\"800\" \/>\n\t<meta property=\"og:image:height\" content=\"800\" \/>\n\t<meta property=\"og:image:type\" content=\"image\/jpeg\" \/>\n<meta name=\"twitter:card\" content=\"summary_large_image\" \/>\n<meta name=\"twitter:label1\" content=\"Tiempo de lectura\" \/>\n\t<meta name=\"twitter:data1\" content=\"2 minutos\" \/>\n<script type=\"application\/ld+json\" class=\"yoast-schema-graph\">{\"@context\":\"https:\/\/schema.org\",\"@graph\":[{\"@type\":\"WebPage\",\"@id\":\"https:\/\/ornaqua.pt\/produto\/arka-myaqua1900-reverse-osmosis-system\/\",\"url\":\"https:\/\/ornaqua.pt\/produto\/arka-myaqua1900-reverse-osmosis-system\/\",\"name\":\"ARKA- myAqua1900-Reverse Osmosis System - Ornaqua - Reprodu\u00e7\u00e3o, Importa\u00e7\u00e3o e Comercio de Peixes Ornamentais\",\"isPartOf\":{\"@id\":\"https:\/\/ornaqua.pt\/#website\"},\"primaryImageOfPage\":{\"@id\":\"https:\/\/ornaqua.pt\/produto\/arka-myaqua1900-reverse-osmosis-system\/#primaryimage\"},\"image\":{\"@id\":\"https:\/\/ornaqua.pt\/produto\/arka-myaqua1900-reverse-osmosis-system\/#primaryimage\"},\"thumbnailUrl\":\"https:\/\/ornaqua.pt\/wp-content\/uploads\/2023\/06\/AR006.jpg\",\"datePublished\":\"2023-06-14T19:28:46+00:00\",\"dateModified\":\"2026-01-24T08:10:50+00:00\",\"breadcrumb\":{\"@id\":\"https:\/\/ornaqua.pt\/produto\/arka-myaqua1900-reverse-osmosis-system\/#breadcrumb\"},\"inLanguage\":\"es\",\"potentialAction\":[{\"@type\":\"ReadAction\",\"target\":[\"https:\/\/ornaqua.pt\/produto\/arka-myaqua1900-reverse-osmosis-system\/\"]}]},{\"@type\":\"ImageObject\",\"inLanguage\":\"es\",\"@id\":\"https:\/\/ornaqua.pt\/produto\/arka-myaqua1900-reverse-osmosis-system\/#primaryimage\",\"url\":\"https:\/\/ornaqua.pt\/wp-content\/uploads\/2023\/06\/AR006.jpg\",\"contentUrl\":\"https:\/\/ornaqua.pt\/wp-content\/uploads\/2023\/06\/AR006.jpg\",\"width\":800,\"height\":800},{\"@type\":\"BreadcrumbList\",\"@id\":\"https:\/\/ornaqua.pt\/produto\/arka-myaqua1900-reverse-osmosis-system\/#breadcrumb\",\"itemListElement\":[{\"@type\":\"ListItem\",\"position\":1,\"name\":\"In\u00edcio\",\"item\":\"https:\/\/ornaqua.pt\/\"},{\"@type\":\"ListItem\",\"position\":2,\"name\":\"Produtos\",\"item\":\"https:\/\/ornaqua.pt\/produtos\/\"},{\"@type\":\"ListItem\",\"position\":3,\"name\":\"ARKA- myAqua1900-Reverse Osmosis System\"}]},{\"@type\":\"WebSite\",\"@id\":\"https:\/\/ornaqua.pt\/#website\",\"url\":\"https:\/\/ornaqua.pt\/\",\"name\":\"Ornaqua - Loja Online\",\"description\":\"Reprodu\u00e7\u00e3o, Importa\u00e7\u00e3o e Comercio de Peixes Ornamentais\",\"publisher\":{\"@id\":\"https:\/\/ornaqua.pt\/#organization\"},\"potentialAction\":[{\"@type\":\"SearchAction\",\"target\":{\"@type\":\"EntryPoint\",\"urlTemplate\":\"https:\/\/ornaqua.pt\/?s={search_term_string}\"},\"query-input\":{\"@type\":\"PropertyValueSpecification\",\"valueRequired\":true,\"valueName\":\"search_term_string\"}}],\"inLanguage\":\"es\"},{\"@type\":\"Organization\",\"@id\":\"https:\/\/ornaqua.pt\/#organization\",\"name\":\"Ornaqua - Reprodu\u00e7\u00e3o, Importa\u00e7\u00e3o e Comercio de Peixes Ornamentais\",\"url\":\"https:\/\/ornaqua.pt\/\",\"logo\":{\"@type\":\"ImageObject\",\"inLanguage\":\"es\",\"@id\":\"https:\/\/ornaqua.pt\/#\/schema\/logo\/image\/\",\"url\":\"https:\/\/ornaqua.pt\/wp-content\/uploads\/2023\/10\/logo_ornaqua_200.png\",\"contentUrl\":\"https:\/\/ornaqua.pt\/wp-content\/uploads\/2023\/10\/logo_ornaqua_200.png\",\"width\":200,\"height\":97,\"caption\":\"Ornaqua - Reprodu\u00e7\u00e3o, Importa\u00e7\u00e3o e Comercio de Peixes Ornamentais\"},\"image\":{\"@id\":\"https:\/\/ornaqua.pt\/#\/schema\/logo\/image\/\"},\"sameAs\":[\"https:\/\/www.facebook.com\/ORNAQUA\",\"https:\/\/www.instagram.com\/ornaqua\/\"]}]}<\/script>\n<!-- \/ Yoast SEO plugin. -->","yoast_head_json":{"title":"ARKA- myAqua1900-Reverse Osmosis System - Ornaqua - Reprodu\u00e7\u00e3o, Importa\u00e7\u00e3o e Comercio de Peixes Ornamentais","robots":{"index":"index","follow":"follow","max-snippet":"max-snippet:-1","max-image-preview":"max-image-preview:large","max-video-preview":"max-video-preview:-1"},"canonical":"https:\/\/ornaqua.pt\/es\/producto\/arka-myaqua1900-reverse-osmosis-system\/","og_locale":"es_ES","og_type":"article","og_title":"ARKA- myAqua1900-Reverse Osmosis System - Ornaqua - Reprodu\u00e7\u00e3o, Importa\u00e7\u00e3o e Comercio de Peixes Ornamentais","og_description":"Poderoso e livre de produtos qu\u00edmicos &#8211; o sistema de osmose reversa ARKA Aquatics myAqua1900 usa o poder da press\u00e3o da \u00e1gua e filtra at\u00e9 99% dos sais, bact\u00e9rias e poluentes, como nitrito ou fosfato e metais pesados \u200b\u200bda \u00e1gua da torneira convencional. A propor\u00e7\u00e3o de \u00e1gua de osmose para \u00e1gua residual \u00e9 de apenas [&hellip;]","og_url":"https:\/\/ornaqua.pt\/es\/producto\/arka-myaqua1900-reverse-osmosis-system\/","og_site_name":"Ornaqua - Reprodu\u00e7\u00e3o, Importa\u00e7\u00e3o e Comercio de Peixes Ornamentais","article_publisher":"https:\/\/www.facebook.com\/ORNAQUA","article_modified_time":"2026-01-24T08:10:50+00:00","og_image":[{"width":800,"height":800,"url":"https:\/\/ornaqua.pt\/wp-content\/uploads\/2023\/06\/AR006.jpg","type":"image\/jpeg"}],"twitter_card":"summary_large_image","twitter_misc":{"Tiempo de lectura":"2 minutos"},"schema":{"@context":"https:\/\/schema.org","@graph":[{"@type":"WebPage","@id":"https:\/\/ornaqua.pt\/produto\/arka-myaqua1900-reverse-osmosis-system\/","url":"https:\/\/ornaqua.pt\/produto\/arka-myaqua1900-reverse-osmosis-system\/","name":"ARKA- myAqua1900-Reverse Osmosis System - Ornaqua - Reprodu\u00e7\u00e3o, Importa\u00e7\u00e3o e Comercio de Peixes Ornamentais","isPartOf":{"@id":"https:\/\/ornaqua.pt\/#website"},"primaryImageOfPage":{"@id":"https:\/\/ornaqua.pt\/produto\/arka-myaqua1900-reverse-osmosis-system\/#primaryimage"},"image":{"@id":"https:\/\/ornaqua.pt\/produto\/arka-myaqua1900-reverse-osmosis-system\/#primaryimage"},"thumbnailUrl":"https:\/\/ornaqua.pt\/wp-content\/uploads\/2023\/06\/AR006.jpg","datePublished":"2023-06-14T19:28:46+00:00","dateModified":"2026-01-24T08:10:50+00:00","breadcrumb":{"@id":"https:\/\/ornaqua.pt\/produto\/arka-myaqua1900-reverse-osmosis-system\/#breadcrumb"},"inLanguage":"es","potentialAction":[{"@type":"ReadAction","target":["https:\/\/ornaqua.pt\/produto\/arka-myaqua1900-reverse-osmosis-system\/"]}]},{"@type":"ImageObject","inLanguage":"es","@id":"https:\/\/ornaqua.pt\/produto\/arka-myaqua1900-reverse-osmosis-system\/#primaryimage","url":"https:\/\/ornaqua.pt\/wp-content\/uploads\/2023\/06\/AR006.jpg","contentUrl":"https:\/\/ornaqua.pt\/wp-content\/uploads\/2023\/06\/AR006.jpg","width":800,"height":800},{"@type":"BreadcrumbList","@id":"https:\/\/ornaqua.pt\/produto\/arka-myaqua1900-reverse-osmosis-system\/#breadcrumb","itemListElement":[{"@type":"ListItem","position":1,"name":"In\u00edcio","item":"https:\/\/ornaqua.pt\/"},{"@type":"ListItem","position":2,"name":"Produtos","item":"https:\/\/ornaqua.pt\/produtos\/"},{"@type":"ListItem","position":3,"name":"ARKA- myAqua1900-Reverse Osmosis System"}]},{"@type":"WebSite","@id":"https:\/\/ornaqua.pt\/#website","url":"https:\/\/ornaqua.pt\/","name":"Ornaqua - Loja Online","description":"Reprodu\u00e7\u00e3o, Importa\u00e7\u00e3o e Comercio de Peixes Ornamentais","publisher":{"@id":"https:\/\/ornaqua.pt\/#organization"},"potentialAction":[{"@type":"SearchAction","target":{"@type":"EntryPoint","urlTemplate":"https:\/\/ornaqua.pt\/?s={search_term_string}"},"query-input":{"@type":"PropertyValueSpecification","valueRequired":true,"valueName":"search_term_string"}}],"inLanguage":"es"},{"@type":"Organization","@id":"https:\/\/ornaqua.pt\/#organization","name":"Ornaqua - Reprodu\u00e7\u00e3o, Importa\u00e7\u00e3o e Comercio de Peixes Ornamentais","url":"https:\/\/ornaqua.pt\/","logo":{"@type":"ImageObject","inLanguage":"es","@id":"https:\/\/ornaqua.pt\/#\/schema\/logo\/image\/","url":"https:\/\/ornaqua.pt\/wp-content\/uploads\/2023\/10\/logo_ornaqua_200.png","contentUrl":"https:\/\/ornaqua.pt\/wp-content\/uploads\/2023\/10\/logo_ornaqua_200.png","width":200,"height":97,"caption":"Ornaqua - Reprodu\u00e7\u00e3o, Importa\u00e7\u00e3o e Comercio de Peixes Ornamentais"},"image":{"@id":"https:\/\/ornaqua.pt\/#\/schema\/logo\/image\/"},"sameAs":["https:\/\/www.facebook.com\/ORNAQUA","https:\/\/www.instagram.com\/ornaqua\/"]}]}},"_links":{"self":[{"href":"https:\/\/ornaqua.pt\/es\/wp-json\/wp\/v2\/product\/5174","targetHints":{"allow":["GET"]}}],"collection":[{"href":"https:\/\/ornaqua.pt\/es\/wp-json\/wp\/v2\/product"}],"about":[{"href":"https:\/\/ornaqua.pt\/es\/wp-json\/wp\/v2\/types\/product"}],"wp:featuredmedia":[{"embeddable":true,"href":"https:\/\/ornaqua.pt\/es\/wp-json\/wp\/v2\/media\/5173"}],"wp:attachment":[{"href":"https:\/\/ornaqua.pt\/es\/wp-json\/wp\/v2\/media?parent=5174"}],"wp:term":[{"taxonomy":"product_brand","embeddable":true,"href":"https:\/\/ornaqua.pt\/es\/wp-json\/wp\/v2\/product_brand?post=5174"},{"taxonomy":"product_cat","embeddable":true,"href":"https:\/\/ornaqua.pt\/es\/wp-json\/wp\/v2\/product_cat?post=5174"},{"taxonomy":"product_tag","embeddable":true,"href":"https:\/\/ornaqua.pt\/es\/wp-json\/wp\/v2\/product_tag?post=5174"}],"curies":[{"name":"wp","href":"https:\/\/api.w.org\/{rel}","templated":true}]}}