{"id":5138,"date":"2023-06-09T21:38:45","date_gmt":"2023-06-09T20:38:45","guid":{"rendered":"http:\/\/ornaqua.pt\/produto\/seachem-ammonia-alert\/"},"modified":"2026-03-20T11:33:35","modified_gmt":"2026-03-20T11:33:35","slug":"seachem-ammonia-alert","status":"publish","type":"product","link":"https:\/\/ornaqua.pt\/es\/producto\/seachem-ammonia-alert\/","title":{"rendered":"Seachem-Ammonia Alert"},"content":{"rendered":"<p>O Ammonia Alert\u00ae \u00e9 um dispositivo colorido inovador para detec\u00e7\u00e3o e monitoramento cont\u00ednuo de am\u00f4nia livre de t\u00f3xicos. Um sensor muda reversivelmente de amarelo para verde e para azul, em rela\u00e7\u00e3o \u00e0 concentra\u00e7\u00e3o de am\u00f4nia. N\u00e3o s\u00e3o necess\u00e1rios kits de teste, produtos qu\u00edmicos ou procedimentos. O dispositivo detecta menos de 0,05 mg\/L (ppm) de am\u00f4nia livre e alerta voc\u00ea sobre o assassino n\u00ba 1 antes de qualquer sinal de estresse. Dura mais de um ano. Este produto n\u00e3o \u00e9 recomendado para uso em pH \u00e1cido. Uso marinho ou de \u00e1gua doce. Interpreta\u00e7\u00e3o: A cor ALERTA corresponde a cerca de 0,05 mg\/L de am\u00f4nia livre, ALARME para cerca de 0,20 mg\/L e T\u00d3XICApara cerca de 0,50 mg\/L. A concentra\u00e7\u00e3o ALERT \u00e9 tolerada por alguns dias, ALARME por alguns dias e T\u00d3XICA \u00e9 rapidamente prejudicial. Este produto n\u00e3o \u00e9 recomendado para uso em pH 6,0 ou abaixo.<br \/>\nNa aus\u00eancia de am\u00f4nia livre, a unidade assumir\u00e1 uma cor amarela ou amarelo-esverdeada fraca. \u00c9 normal que o sensor seco tenha uma tonalidade esverdeada. Pode levar alguns dias para que um sensor seco se equilibre com a \u00e1gua. Nenhuma amostragem de \u00e1gua, produtos qu\u00edmicos ou procedimentos de teste s\u00e3o necess\u00e1rios. A presen\u00e7a da am\u00f4nia livre \u00e9 detect\u00e1vel continuamente com um tempo de resposta de cerca de 15 minutos. A resposta \u00e0 diminui\u00e7\u00e3o da am\u00f4nia \u00e9 mais lenta, exigindo cerca de 4 horas para ir de T\u00d3XICO a SEGURO na remo\u00e7\u00e3o da am\u00f4nia.<\/p>","protected":false},"excerpt":{"rendered":"<p>O Ammonia Alert\u00ae \u00e9 um dispositivo colorido inovador para detec\u00e7\u00e3o e monitoramento cont\u00ednuo de am\u00f4nia livre de t\u00f3xicos. Um sensor muda reversivelmente de amarelo para verde e para azul, em rela\u00e7\u00e3o \u00e0 concentra\u00e7\u00e3o de am\u00f4nia. N\u00e3o s\u00e3o necess\u00e1rios kits de teste, produtos qu\u00edmicos ou procedimentos. O dispositivo detecta menos de 0,05 mg\/L (ppm) de am\u00f4nia [&hellip;]<\/p>\n","protected":false},"featured_media":5137,"template":"","meta":{"inline_featured_image":false},"product_brand":[],"product_cat":[45],"product_tag":[],"class_list":{"0":"post-5138","1":"product","2":"type-product","3":"status-publish","4":"has-post-thumbnail","6":"product_cat-equipamentos","8":"first","9":"outofstock","10":"taxable","11":"shipping-taxable","12":"purchasable","13":"product-type-simple"},"yoast_head":"<!-- This site is optimized with the Yoast SEO plugin v27.1.1 - https:\/\/yoast.com\/product\/yoast-seo-wordpress\/ -->\n<title>Seachem-Ammonia Alert - Ornaqua - Reprodu\u00e7\u00e3o, Importa\u00e7\u00e3o e Comercio de Peixes Ornamentais<\/title>\n<meta name=\"robots\" content=\"index, follow, max-snippet:-1, max-image-preview:large, max-video-preview:-1\" \/>\n<link rel=\"canonical\" href=\"https:\/\/ornaqua.pt\/es\/producto\/seachem-ammonia-alert\/\" \/>\n<meta property=\"og:locale\" content=\"es_ES\" \/>\n<meta property=\"og:type\" content=\"article\" \/>\n<meta property=\"og:title\" content=\"Seachem-Ammonia Alert - Ornaqua - Reprodu\u00e7\u00e3o, Importa\u00e7\u00e3o e Comercio de Peixes Ornamentais\" \/>\n<meta property=\"og:description\" content=\"O Ammonia Alert\u00ae \u00e9 um dispositivo colorido inovador para detec\u00e7\u00e3o e monitoramento cont\u00ednuo de am\u00f4nia livre de t\u00f3xicos. Um sensor muda reversivelmente de amarelo para verde e para azul, em rela\u00e7\u00e3o \u00e0 concentra\u00e7\u00e3o de am\u00f4nia. N\u00e3o s\u00e3o necess\u00e1rios kits de teste, produtos qu\u00edmicos ou procedimentos. O dispositivo detecta menos de 0,05 mg\/L (ppm) de am\u00f4nia [&hellip;]\" \/>\n<meta property=\"og:url\" content=\"https:\/\/ornaqua.pt\/es\/producto\/seachem-ammonia-alert\/\" \/>\n<meta property=\"og:site_name\" content=\"Ornaqua - Reprodu\u00e7\u00e3o, Importa\u00e7\u00e3o e Comercio de Peixes Ornamentais\" \/>\n<meta property=\"article:publisher\" content=\"https:\/\/www.facebook.com\/ORNAQUA\" \/>\n<meta property=\"article:modified_time\" content=\"2026-03-20T11:33:35+00:00\" \/>\n<meta property=\"og:image\" content=\"https:\/\/ornaqua.pt\/wp-content\/uploads\/2023\/06\/SC032.jpg\" \/>\n\t<meta property=\"og:image:width\" content=\"800\" \/>\n\t<meta property=\"og:image:height\" content=\"800\" \/>\n\t<meta property=\"og:image:type\" content=\"image\/jpeg\" \/>\n<meta name=\"twitter:card\" content=\"summary_large_image\" \/>\n<meta name=\"twitter:label1\" content=\"Tiempo de lectura\" \/>\n\t<meta name=\"twitter:data1\" content=\"1 minuto\" \/>\n<script type=\"application\/ld+json\" class=\"yoast-schema-graph\">{\"@context\":\"https:\/\/schema.org\",\"@graph\":[{\"@type\":\"WebPage\",\"@id\":\"https:\/\/ornaqua.pt\/produto\/seachem-ammonia-alert\/\",\"url\":\"https:\/\/ornaqua.pt\/produto\/seachem-ammonia-alert\/\",\"name\":\"Seachem-Ammonia Alert - Ornaqua - Reprodu\u00e7\u00e3o, Importa\u00e7\u00e3o e Comercio de Peixes Ornamentais\",\"isPartOf\":{\"@id\":\"https:\/\/ornaqua.pt\/#website\"},\"primaryImageOfPage\":{\"@id\":\"https:\/\/ornaqua.pt\/produto\/seachem-ammonia-alert\/#primaryimage\"},\"image\":{\"@id\":\"https:\/\/ornaqua.pt\/produto\/seachem-ammonia-alert\/#primaryimage\"},\"thumbnailUrl\":\"https:\/\/ornaqua.pt\/wp-content\/uploads\/2023\/06\/SC032.jpg\",\"datePublished\":\"2023-06-09T20:38:45+00:00\",\"dateModified\":\"2026-03-20T11:33:35+00:00\",\"breadcrumb\":{\"@id\":\"https:\/\/ornaqua.pt\/produto\/seachem-ammonia-alert\/#breadcrumb\"},\"inLanguage\":\"es\",\"potentialAction\":[{\"@type\":\"ReadAction\",\"target\":[\"https:\/\/ornaqua.pt\/produto\/seachem-ammonia-alert\/\"]}]},{\"@type\":\"ImageObject\",\"inLanguage\":\"es\",\"@id\":\"https:\/\/ornaqua.pt\/produto\/seachem-ammonia-alert\/#primaryimage\",\"url\":\"https:\/\/ornaqua.pt\/wp-content\/uploads\/2023\/06\/SC032.jpg\",\"contentUrl\":\"https:\/\/ornaqua.pt\/wp-content\/uploads\/2023\/06\/SC032.jpg\",\"width\":800,\"height\":800},{\"@type\":\"BreadcrumbList\",\"@id\":\"https:\/\/ornaqua.pt\/produto\/seachem-ammonia-alert\/#breadcrumb\",\"itemListElement\":[{\"@type\":\"ListItem\",\"position\":1,\"name\":\"In\u00edcio\",\"item\":\"https:\/\/ornaqua.pt\/\"},{\"@type\":\"ListItem\",\"position\":2,\"name\":\"Produtos\",\"item\":\"https:\/\/ornaqua.pt\/produtos\/\"},{\"@type\":\"ListItem\",\"position\":3,\"name\":\"Seachem-Ammonia Alert\"}]},{\"@type\":\"WebSite\",\"@id\":\"https:\/\/ornaqua.pt\/#website\",\"url\":\"https:\/\/ornaqua.pt\/\",\"name\":\"Ornaqua - Loja Online\",\"description\":\"Reprodu\u00e7\u00e3o, Importa\u00e7\u00e3o e Comercio de Peixes Ornamentais\",\"publisher\":{\"@id\":\"https:\/\/ornaqua.pt\/#organization\"},\"potentialAction\":[{\"@type\":\"SearchAction\",\"target\":{\"@type\":\"EntryPoint\",\"urlTemplate\":\"https:\/\/ornaqua.pt\/?s={search_term_string}\"},\"query-input\":{\"@type\":\"PropertyValueSpecification\",\"valueRequired\":true,\"valueName\":\"search_term_string\"}}],\"inLanguage\":\"es\"},{\"@type\":\"Organization\",\"@id\":\"https:\/\/ornaqua.pt\/#organization\",\"name\":\"Ornaqua - Reprodu\u00e7\u00e3o, Importa\u00e7\u00e3o e Comercio de Peixes Ornamentais\",\"url\":\"https:\/\/ornaqua.pt\/\",\"logo\":{\"@type\":\"ImageObject\",\"inLanguage\":\"es\",\"@id\":\"https:\/\/ornaqua.pt\/#\/schema\/logo\/image\/\",\"url\":\"https:\/\/ornaqua.pt\/wp-content\/uploads\/2023\/10\/logo_ornaqua_200.png\",\"contentUrl\":\"https:\/\/ornaqua.pt\/wp-content\/uploads\/2023\/10\/logo_ornaqua_200.png\",\"width\":200,\"height\":97,\"caption\":\"Ornaqua - Reprodu\u00e7\u00e3o, Importa\u00e7\u00e3o e Comercio de Peixes Ornamentais\"},\"image\":{\"@id\":\"https:\/\/ornaqua.pt\/#\/schema\/logo\/image\/\"},\"sameAs\":[\"https:\/\/www.facebook.com\/ORNAQUA\",\"https:\/\/www.instagram.com\/ornaqua\/\"]}]}<\/script>\n<!-- \/ Yoast SEO plugin. -->","yoast_head_json":{"title":"Seachem-Ammonia Alert - Ornaqua - Reprodu\u00e7\u00e3o, Importa\u00e7\u00e3o e Comercio de Peixes Ornamentais","robots":{"index":"index","follow":"follow","max-snippet":"max-snippet:-1","max-image-preview":"max-image-preview:large","max-video-preview":"max-video-preview:-1"},"canonical":"https:\/\/ornaqua.pt\/es\/producto\/seachem-ammonia-alert\/","og_locale":"es_ES","og_type":"article","og_title":"Seachem-Ammonia Alert - Ornaqua - Reprodu\u00e7\u00e3o, Importa\u00e7\u00e3o e Comercio de Peixes Ornamentais","og_description":"O Ammonia Alert\u00ae \u00e9 um dispositivo colorido inovador para detec\u00e7\u00e3o e monitoramento cont\u00ednuo de am\u00f4nia livre de t\u00f3xicos. Um sensor muda reversivelmente de amarelo para verde e para azul, em rela\u00e7\u00e3o \u00e0 concentra\u00e7\u00e3o de am\u00f4nia. N\u00e3o s\u00e3o necess\u00e1rios kits de teste, produtos qu\u00edmicos ou procedimentos. O dispositivo detecta menos de 0,05 mg\/L (ppm) de am\u00f4nia [&hellip;]","og_url":"https:\/\/ornaqua.pt\/es\/producto\/seachem-ammonia-alert\/","og_site_name":"Ornaqua - Reprodu\u00e7\u00e3o, Importa\u00e7\u00e3o e Comercio de Peixes Ornamentais","article_publisher":"https:\/\/www.facebook.com\/ORNAQUA","article_modified_time":"2026-03-20T11:33:35+00:00","og_image":[{"width":800,"height":800,"url":"https:\/\/ornaqua.pt\/wp-content\/uploads\/2023\/06\/SC032.jpg","type":"image\/jpeg"}],"twitter_card":"summary_large_image","twitter_misc":{"Tiempo de lectura":"1 minuto"},"schema":{"@context":"https:\/\/schema.org","@graph":[{"@type":"WebPage","@id":"https:\/\/ornaqua.pt\/produto\/seachem-ammonia-alert\/","url":"https:\/\/ornaqua.pt\/produto\/seachem-ammonia-alert\/","name":"Seachem-Ammonia Alert - Ornaqua - Reprodu\u00e7\u00e3o, Importa\u00e7\u00e3o e Comercio de Peixes Ornamentais","isPartOf":{"@id":"https:\/\/ornaqua.pt\/#website"},"primaryImageOfPage":{"@id":"https:\/\/ornaqua.pt\/produto\/seachem-ammonia-alert\/#primaryimage"},"image":{"@id":"https:\/\/ornaqua.pt\/produto\/seachem-ammonia-alert\/#primaryimage"},"thumbnailUrl":"https:\/\/ornaqua.pt\/wp-content\/uploads\/2023\/06\/SC032.jpg","datePublished":"2023-06-09T20:38:45+00:00","dateModified":"2026-03-20T11:33:35+00:00","breadcrumb":{"@id":"https:\/\/ornaqua.pt\/produto\/seachem-ammonia-alert\/#breadcrumb"},"inLanguage":"es","potentialAction":[{"@type":"ReadAction","target":["https:\/\/ornaqua.pt\/produto\/seachem-ammonia-alert\/"]}]},{"@type":"ImageObject","inLanguage":"es","@id":"https:\/\/ornaqua.pt\/produto\/seachem-ammonia-alert\/#primaryimage","url":"https:\/\/ornaqua.pt\/wp-content\/uploads\/2023\/06\/SC032.jpg","contentUrl":"https:\/\/ornaqua.pt\/wp-content\/uploads\/2023\/06\/SC032.jpg","width":800,"height":800},{"@type":"BreadcrumbList","@id":"https:\/\/ornaqua.pt\/produto\/seachem-ammonia-alert\/#breadcrumb","itemListElement":[{"@type":"ListItem","position":1,"name":"In\u00edcio","item":"https:\/\/ornaqua.pt\/"},{"@type":"ListItem","position":2,"name":"Produtos","item":"https:\/\/ornaqua.pt\/produtos\/"},{"@type":"ListItem","position":3,"name":"Seachem-Ammonia Alert"}]},{"@type":"WebSite","@id":"https:\/\/ornaqua.pt\/#website","url":"https:\/\/ornaqua.pt\/","name":"Ornaqua - Loja Online","description":"Reprodu\u00e7\u00e3o, Importa\u00e7\u00e3o e Comercio de Peixes Ornamentais","publisher":{"@id":"https:\/\/ornaqua.pt\/#organization"},"potentialAction":[{"@type":"SearchAction","target":{"@type":"EntryPoint","urlTemplate":"https:\/\/ornaqua.pt\/?s={search_term_string}"},"query-input":{"@type":"PropertyValueSpecification","valueRequired":true,"valueName":"search_term_string"}}],"inLanguage":"es"},{"@type":"Organization","@id":"https:\/\/ornaqua.pt\/#organization","name":"Ornaqua - Reprodu\u00e7\u00e3o, Importa\u00e7\u00e3o e Comercio de Peixes Ornamentais","url":"https:\/\/ornaqua.pt\/","logo":{"@type":"ImageObject","inLanguage":"es","@id":"https:\/\/ornaqua.pt\/#\/schema\/logo\/image\/","url":"https:\/\/ornaqua.pt\/wp-content\/uploads\/2023\/10\/logo_ornaqua_200.png","contentUrl":"https:\/\/ornaqua.pt\/wp-content\/uploads\/2023\/10\/logo_ornaqua_200.png","width":200,"height":97,"caption":"Ornaqua - Reprodu\u00e7\u00e3o, Importa\u00e7\u00e3o e Comercio de Peixes Ornamentais"},"image":{"@id":"https:\/\/ornaqua.pt\/#\/schema\/logo\/image\/"},"sameAs":["https:\/\/www.facebook.com\/ORNAQUA","https:\/\/www.instagram.com\/ornaqua\/"]}]}},"_links":{"self":[{"href":"https:\/\/ornaqua.pt\/es\/wp-json\/wp\/v2\/product\/5138","targetHints":{"allow":["GET"]}}],"collection":[{"href":"https:\/\/ornaqua.pt\/es\/wp-json\/wp\/v2\/product"}],"about":[{"href":"https:\/\/ornaqua.pt\/es\/wp-json\/wp\/v2\/types\/product"}],"wp:featuredmedia":[{"embeddable":true,"href":"https:\/\/ornaqua.pt\/es\/wp-json\/wp\/v2\/media\/5137"}],"wp:attachment":[{"href":"https:\/\/ornaqua.pt\/es\/wp-json\/wp\/v2\/media?parent=5138"}],"wp:term":[{"taxonomy":"product_brand","embeddable":true,"href":"https:\/\/ornaqua.pt\/es\/wp-json\/wp\/v2\/product_brand?post=5138"},{"taxonomy":"product_cat","embeddable":true,"href":"https:\/\/ornaqua.pt\/es\/wp-json\/wp\/v2\/product_cat?post=5138"},{"taxonomy":"product_tag","embeddable":true,"href":"https:\/\/ornaqua.pt\/es\/wp-json\/wp\/v2\/product_tag?post=5138"}],"curies":[{"name":"wp","href":"https:\/\/api.w.org\/{rel}","templated":true}]}}