{"id":5128,"date":"2023-06-09T21:38:18","date_gmt":"2023-06-09T20:38:18","guid":{"rendered":"http:\/\/ornaqua.pt\/produto\/seachem-stressguard-500-ml\/"},"modified":"2025-11-03T09:52:59","modified_gmt":"2025-11-03T09:52:59","slug":"seachem-stressguard-500-ml","status":"publish","type":"product","link":"https:\/\/ornaqua.pt\/es\/producto\/seachem-stressguard-500-ml\/","title":{"rendered":"Seachem-StressGuard 500 ml"},"content":{"rendered":"<p>StressGuard\u2122 \u00e9 o produto premium de prote\u00e7\u00e3o contra slime coat. StressGuard\u2122 reduzir\u00e1 o estresse e a toxicidade da am\u00f4nia sempre que manusear ou transportar peixes. StressGuard\u2122 liga-se \u00e0 prote\u00edna exposta em feridas para promover a cicatriza\u00e7\u00e3o de peixes feridos e reduzir a probabilidade de infec\u00e7\u00f5es prim\u00e1rias e secund\u00e1rias. StressGuard\u2122 \u00e9 compat\u00edvel com todos os medicamentos, exceto aqueles \u00e0 base de cobre. StressGuard\u2122 n\u00e3o \u00e9 baseado em amina e n\u00e3o interfere com Purigen\u00ae: ou regenera\u00e7\u00e3o HyperSorb\u2122. StressGuard\u2122 n\u00e3o reveste resinas ou obstrui a filtra\u00e7\u00e3o como os produtos concorrentes do tipo \u201cslime coat\u201d.<br \/>\nO que torna o StressGuard\u2122 muito bem-sucedido na cicatriza\u00e7\u00e3o \u00e9 o fato de conter coloides ativos de prote\u00ednas. Este agente coloidal ativo de prote\u00edna procura ativamente quaisquer feridas, abras\u00f5es ou locais onde est\u00e3o expostas prote\u00ednas e liga-se a esta \u00e1rea para ajudar a fornecer diretamente o desinfetante no produto e iniciar o processo de cicatriza\u00e7\u00e3o. Este col\u00f3ide ativo prot\u00e9ico, por se ligar \u00e0s prote\u00ednas expostas, tamb\u00e9m atua como um curativo l\u00edquido para a abras\u00e3o. Alguns produtos s\u00e3o comercializados para serem esguichados no saco quando um peixe \u00e9 comprado. Esses produtos s\u00e3o geralmente \u00e1cidos, com algumas marcas sendo um \u00e1cido muito forte. Colocar esse produto num recipiente pequeno e fechado com um peixe geralmente causa mais danos do que qualquer bem pretendido. StressGuard\u2122 tem um pH de 7,0. N\u00e3o afetar\u00e1 o pH de um aqu\u00e1rio, mesmo em grandes doses. N\u00e3o h\u00e1 outros produtos no mercado que se comparem \u00e0 efic\u00e1cia do StressGuard\u2122. INSTRU\u00c7\u00d5ES: Use 1\/2\u20131 tampinha (2,5\u20135 mL) para cada 40 L (10 gal\u00f5es americanos) diariamente at\u00e9 que os sinais de stress tenham diminu\u00eddo ou a cicatriza\u00e7\u00e3o esteja completa. A dose pode ser dobrada com seguran\u00e7a.<\/p>","protected":false},"excerpt":{"rendered":"<p>StressGuard\u2122 \u00e9 o produto premium de prote\u00e7\u00e3o contra slime coat. StressGuard\u2122 reduzir\u00e1 o estresse e a toxicidade da am\u00f4nia sempre que manusear ou transportar peixes. StressGuard\u2122 liga-se \u00e0 prote\u00edna exposta em feridas para promover a cicatriza\u00e7\u00e3o de peixes feridos e reduzir a probabilidade de infec\u00e7\u00f5es prim\u00e1rias e secund\u00e1rias. StressGuard\u2122 \u00e9 compat\u00edvel com todos os medicamentos, [&hellip;]<\/p>\n","protected":false},"featured_media":5127,"template":"","meta":{"inline_featured_image":false},"product_brand":[],"product_cat":[43],"product_tag":[],"class_list":{"0":"post-5128","1":"product","2":"type-product","3":"status-publish","4":"has-post-thumbnail","6":"product_cat-tratamentos","8":"first","9":"outofstock","10":"taxable","11":"shipping-taxable","12":"purchasable","13":"product-type-simple"},"yoast_head":"<!-- This site is optimized with the Yoast SEO plugin v27.1.1 - https:\/\/yoast.com\/product\/yoast-seo-wordpress\/ -->\n<title>Seachem-StressGuard 500 ml - Ornaqua - Reprodu\u00e7\u00e3o, Importa\u00e7\u00e3o e Comercio de Peixes Ornamentais<\/title>\n<meta name=\"robots\" content=\"index, follow, max-snippet:-1, max-image-preview:large, max-video-preview:-1\" \/>\n<link rel=\"canonical\" href=\"https:\/\/ornaqua.pt\/es\/producto\/seachem-stressguard-500-ml\/\" \/>\n<meta property=\"og:locale\" content=\"es_ES\" \/>\n<meta property=\"og:type\" content=\"article\" \/>\n<meta property=\"og:title\" content=\"Seachem-StressGuard 500 ml - Ornaqua - Reprodu\u00e7\u00e3o, Importa\u00e7\u00e3o e Comercio de Peixes Ornamentais\" \/>\n<meta property=\"og:description\" content=\"StressGuard\u2122 \u00e9 o produto premium de prote\u00e7\u00e3o contra slime coat. StressGuard\u2122 reduzir\u00e1 o estresse e a toxicidade da am\u00f4nia sempre que manusear ou transportar peixes. StressGuard\u2122 liga-se \u00e0 prote\u00edna exposta em feridas para promover a cicatriza\u00e7\u00e3o de peixes feridos e reduzir a probabilidade de infec\u00e7\u00f5es prim\u00e1rias e secund\u00e1rias. StressGuard\u2122 \u00e9 compat\u00edvel com todos os medicamentos, [&hellip;]\" \/>\n<meta property=\"og:url\" content=\"https:\/\/ornaqua.pt\/es\/producto\/seachem-stressguard-500-ml\/\" \/>\n<meta property=\"og:site_name\" content=\"Ornaqua - Reprodu\u00e7\u00e3o, Importa\u00e7\u00e3o e Comercio de Peixes Ornamentais\" \/>\n<meta property=\"article:publisher\" content=\"https:\/\/www.facebook.com\/ORNAQUA\" \/>\n<meta property=\"article:modified_time\" content=\"2025-11-03T09:52:59+00:00\" \/>\n<meta property=\"og:image\" content=\"https:\/\/ornaqua.pt\/wp-content\/uploads\/2023\/06\/SC027.jpg\" \/>\n\t<meta property=\"og:image:width\" content=\"800\" \/>\n\t<meta property=\"og:image:height\" content=\"800\" \/>\n\t<meta property=\"og:image:type\" content=\"image\/jpeg\" \/>\n<meta name=\"twitter:card\" content=\"summary_large_image\" \/>\n<meta name=\"twitter:label1\" content=\"Tiempo de lectura\" \/>\n\t<meta name=\"twitter:data1\" content=\"2 minutos\" \/>\n<script type=\"application\/ld+json\" class=\"yoast-schema-graph\">{\"@context\":\"https:\/\/schema.org\",\"@graph\":[{\"@type\":\"WebPage\",\"@id\":\"https:\/\/ornaqua.pt\/produto\/seachem-stressguard-500-ml\/\",\"url\":\"https:\/\/ornaqua.pt\/produto\/seachem-stressguard-500-ml\/\",\"name\":\"Seachem-StressGuard 500 ml - Ornaqua - Reprodu\u00e7\u00e3o, Importa\u00e7\u00e3o e Comercio de Peixes Ornamentais\",\"isPartOf\":{\"@id\":\"https:\/\/ornaqua.pt\/#website\"},\"primaryImageOfPage\":{\"@id\":\"https:\/\/ornaqua.pt\/produto\/seachem-stressguard-500-ml\/#primaryimage\"},\"image\":{\"@id\":\"https:\/\/ornaqua.pt\/produto\/seachem-stressguard-500-ml\/#primaryimage\"},\"thumbnailUrl\":\"https:\/\/ornaqua.pt\/wp-content\/uploads\/2023\/06\/SC027.jpg\",\"datePublished\":\"2023-06-09T20:38:18+00:00\",\"dateModified\":\"2025-11-03T09:52:59+00:00\",\"breadcrumb\":{\"@id\":\"https:\/\/ornaqua.pt\/produto\/seachem-stressguard-500-ml\/#breadcrumb\"},\"inLanguage\":\"es\",\"potentialAction\":[{\"@type\":\"ReadAction\",\"target\":[\"https:\/\/ornaqua.pt\/produto\/seachem-stressguard-500-ml\/\"]}]},{\"@type\":\"ImageObject\",\"inLanguage\":\"es\",\"@id\":\"https:\/\/ornaqua.pt\/produto\/seachem-stressguard-500-ml\/#primaryimage\",\"url\":\"https:\/\/ornaqua.pt\/wp-content\/uploads\/2023\/06\/SC027.jpg\",\"contentUrl\":\"https:\/\/ornaqua.pt\/wp-content\/uploads\/2023\/06\/SC027.jpg\",\"width\":800,\"height\":800},{\"@type\":\"BreadcrumbList\",\"@id\":\"https:\/\/ornaqua.pt\/produto\/seachem-stressguard-500-ml\/#breadcrumb\",\"itemListElement\":[{\"@type\":\"ListItem\",\"position\":1,\"name\":\"In\u00edcio\",\"item\":\"https:\/\/ornaqua.pt\/\"},{\"@type\":\"ListItem\",\"position\":2,\"name\":\"Produtos\",\"item\":\"https:\/\/ornaqua.pt\/produtos\/\"},{\"@type\":\"ListItem\",\"position\":3,\"name\":\"Seachem-StressGuard 500 ml\"}]},{\"@type\":\"WebSite\",\"@id\":\"https:\/\/ornaqua.pt\/#website\",\"url\":\"https:\/\/ornaqua.pt\/\",\"name\":\"Ornaqua - Loja Online\",\"description\":\"Reprodu\u00e7\u00e3o, Importa\u00e7\u00e3o e Comercio de Peixes Ornamentais\",\"publisher\":{\"@id\":\"https:\/\/ornaqua.pt\/#organization\"},\"potentialAction\":[{\"@type\":\"SearchAction\",\"target\":{\"@type\":\"EntryPoint\",\"urlTemplate\":\"https:\/\/ornaqua.pt\/?s={search_term_string}\"},\"query-input\":{\"@type\":\"PropertyValueSpecification\",\"valueRequired\":true,\"valueName\":\"search_term_string\"}}],\"inLanguage\":\"es\"},{\"@type\":\"Organization\",\"@id\":\"https:\/\/ornaqua.pt\/#organization\",\"name\":\"Ornaqua - Reprodu\u00e7\u00e3o, Importa\u00e7\u00e3o e Comercio de Peixes Ornamentais\",\"url\":\"https:\/\/ornaqua.pt\/\",\"logo\":{\"@type\":\"ImageObject\",\"inLanguage\":\"es\",\"@id\":\"https:\/\/ornaqua.pt\/#\/schema\/logo\/image\/\",\"url\":\"https:\/\/ornaqua.pt\/wp-content\/uploads\/2023\/10\/logo_ornaqua_200.png\",\"contentUrl\":\"https:\/\/ornaqua.pt\/wp-content\/uploads\/2023\/10\/logo_ornaqua_200.png\",\"width\":200,\"height\":97,\"caption\":\"Ornaqua - Reprodu\u00e7\u00e3o, Importa\u00e7\u00e3o e Comercio de Peixes Ornamentais\"},\"image\":{\"@id\":\"https:\/\/ornaqua.pt\/#\/schema\/logo\/image\/\"},\"sameAs\":[\"https:\/\/www.facebook.com\/ORNAQUA\",\"https:\/\/www.instagram.com\/ornaqua\/\"]}]}<\/script>\n<!-- \/ Yoast SEO plugin. -->","yoast_head_json":{"title":"Seachem-StressGuard 500 ml - Ornaqua - Reprodu\u00e7\u00e3o, Importa\u00e7\u00e3o e Comercio de Peixes Ornamentais","robots":{"index":"index","follow":"follow","max-snippet":"max-snippet:-1","max-image-preview":"max-image-preview:large","max-video-preview":"max-video-preview:-1"},"canonical":"https:\/\/ornaqua.pt\/es\/producto\/seachem-stressguard-500-ml\/","og_locale":"es_ES","og_type":"article","og_title":"Seachem-StressGuard 500 ml - Ornaqua - Reprodu\u00e7\u00e3o, Importa\u00e7\u00e3o e Comercio de Peixes Ornamentais","og_description":"StressGuard\u2122 \u00e9 o produto premium de prote\u00e7\u00e3o contra slime coat. StressGuard\u2122 reduzir\u00e1 o estresse e a toxicidade da am\u00f4nia sempre que manusear ou transportar peixes. StressGuard\u2122 liga-se \u00e0 prote\u00edna exposta em feridas para promover a cicatriza\u00e7\u00e3o de peixes feridos e reduzir a probabilidade de infec\u00e7\u00f5es prim\u00e1rias e secund\u00e1rias. StressGuard\u2122 \u00e9 compat\u00edvel com todos os medicamentos, [&hellip;]","og_url":"https:\/\/ornaqua.pt\/es\/producto\/seachem-stressguard-500-ml\/","og_site_name":"Ornaqua - Reprodu\u00e7\u00e3o, Importa\u00e7\u00e3o e Comercio de Peixes Ornamentais","article_publisher":"https:\/\/www.facebook.com\/ORNAQUA","article_modified_time":"2025-11-03T09:52:59+00:00","og_image":[{"width":800,"height":800,"url":"https:\/\/ornaqua.pt\/wp-content\/uploads\/2023\/06\/SC027.jpg","type":"image\/jpeg"}],"twitter_card":"summary_large_image","twitter_misc":{"Tiempo de lectura":"2 minutos"},"schema":{"@context":"https:\/\/schema.org","@graph":[{"@type":"WebPage","@id":"https:\/\/ornaqua.pt\/produto\/seachem-stressguard-500-ml\/","url":"https:\/\/ornaqua.pt\/produto\/seachem-stressguard-500-ml\/","name":"Seachem-StressGuard 500 ml - Ornaqua - Reprodu\u00e7\u00e3o, Importa\u00e7\u00e3o e Comercio de Peixes Ornamentais","isPartOf":{"@id":"https:\/\/ornaqua.pt\/#website"},"primaryImageOfPage":{"@id":"https:\/\/ornaqua.pt\/produto\/seachem-stressguard-500-ml\/#primaryimage"},"image":{"@id":"https:\/\/ornaqua.pt\/produto\/seachem-stressguard-500-ml\/#primaryimage"},"thumbnailUrl":"https:\/\/ornaqua.pt\/wp-content\/uploads\/2023\/06\/SC027.jpg","datePublished":"2023-06-09T20:38:18+00:00","dateModified":"2025-11-03T09:52:59+00:00","breadcrumb":{"@id":"https:\/\/ornaqua.pt\/produto\/seachem-stressguard-500-ml\/#breadcrumb"},"inLanguage":"es","potentialAction":[{"@type":"ReadAction","target":["https:\/\/ornaqua.pt\/produto\/seachem-stressguard-500-ml\/"]}]},{"@type":"ImageObject","inLanguage":"es","@id":"https:\/\/ornaqua.pt\/produto\/seachem-stressguard-500-ml\/#primaryimage","url":"https:\/\/ornaqua.pt\/wp-content\/uploads\/2023\/06\/SC027.jpg","contentUrl":"https:\/\/ornaqua.pt\/wp-content\/uploads\/2023\/06\/SC027.jpg","width":800,"height":800},{"@type":"BreadcrumbList","@id":"https:\/\/ornaqua.pt\/produto\/seachem-stressguard-500-ml\/#breadcrumb","itemListElement":[{"@type":"ListItem","position":1,"name":"In\u00edcio","item":"https:\/\/ornaqua.pt\/"},{"@type":"ListItem","position":2,"name":"Produtos","item":"https:\/\/ornaqua.pt\/produtos\/"},{"@type":"ListItem","position":3,"name":"Seachem-StressGuard 500 ml"}]},{"@type":"WebSite","@id":"https:\/\/ornaqua.pt\/#website","url":"https:\/\/ornaqua.pt\/","name":"Ornaqua - Loja Online","description":"Reprodu\u00e7\u00e3o, Importa\u00e7\u00e3o e Comercio de Peixes Ornamentais","publisher":{"@id":"https:\/\/ornaqua.pt\/#organization"},"potentialAction":[{"@type":"SearchAction","target":{"@type":"EntryPoint","urlTemplate":"https:\/\/ornaqua.pt\/?s={search_term_string}"},"query-input":{"@type":"PropertyValueSpecification","valueRequired":true,"valueName":"search_term_string"}}],"inLanguage":"es"},{"@type":"Organization","@id":"https:\/\/ornaqua.pt\/#organization","name":"Ornaqua - Reprodu\u00e7\u00e3o, Importa\u00e7\u00e3o e Comercio de Peixes Ornamentais","url":"https:\/\/ornaqua.pt\/","logo":{"@type":"ImageObject","inLanguage":"es","@id":"https:\/\/ornaqua.pt\/#\/schema\/logo\/image\/","url":"https:\/\/ornaqua.pt\/wp-content\/uploads\/2023\/10\/logo_ornaqua_200.png","contentUrl":"https:\/\/ornaqua.pt\/wp-content\/uploads\/2023\/10\/logo_ornaqua_200.png","width":200,"height":97,"caption":"Ornaqua - Reprodu\u00e7\u00e3o, Importa\u00e7\u00e3o e Comercio de Peixes Ornamentais"},"image":{"@id":"https:\/\/ornaqua.pt\/#\/schema\/logo\/image\/"},"sameAs":["https:\/\/www.facebook.com\/ORNAQUA","https:\/\/www.instagram.com\/ornaqua\/"]}]}},"_links":{"self":[{"href":"https:\/\/ornaqua.pt\/es\/wp-json\/wp\/v2\/product\/5128","targetHints":{"allow":["GET"]}}],"collection":[{"href":"https:\/\/ornaqua.pt\/es\/wp-json\/wp\/v2\/product"}],"about":[{"href":"https:\/\/ornaqua.pt\/es\/wp-json\/wp\/v2\/types\/product"}],"wp:featuredmedia":[{"embeddable":true,"href":"https:\/\/ornaqua.pt\/es\/wp-json\/wp\/v2\/media\/5127"}],"wp:attachment":[{"href":"https:\/\/ornaqua.pt\/es\/wp-json\/wp\/v2\/media?parent=5128"}],"wp:term":[{"taxonomy":"product_brand","embeddable":true,"href":"https:\/\/ornaqua.pt\/es\/wp-json\/wp\/v2\/product_brand?post=5128"},{"taxonomy":"product_cat","embeddable":true,"href":"https:\/\/ornaqua.pt\/es\/wp-json\/wp\/v2\/product_cat?post=5128"},{"taxonomy":"product_tag","embeddable":true,"href":"https:\/\/ornaqua.pt\/es\/wp-json\/wp\/v2\/product_tag?post=5128"}],"curies":[{"name":"wp","href":"https:\/\/api.w.org\/{rel}","templated":true}]}}