{"id":5122,"date":"2023-06-09T21:38:03","date_gmt":"2023-06-09T20:38:03","guid":{"rendered":"http:\/\/ornaqua.pt\/produto\/seachem-prime-2l\/"},"modified":"2026-01-24T07:53:15","modified_gmt":"2026-01-24T07:53:15","slug":"seachem-prime-2l","status":"publish","type":"product","link":"https:\/\/ornaqua.pt\/es\/producto\/seachem-prime-2l\/","title":{"rendered":"Seachem-Prime 2L"},"content":{"rendered":"<p>Quase todas as empresas aqu\u00e1ticas para animais de estima\u00e7\u00e3o fabricam um produto que remove o cloro. Nenhum deles, no entanto, pode ser comparado em qualidade, concentra\u00e7\u00e3o ou efic\u00e1cia ao principal produto da Seachem: Prime\u00ae. Prime\u00ae \u00e9 o condicionador completo e concentrado para \u00e1gua doce e salgada. Prime\u00ae remove cloro, cloramina e desintoxica am\u00f4nia, nitrito e nitrato. N\u00e3o \u00e9 \u00e1cido e n\u00e3o afeta o pH. Um b\u00f4nus adicional para o aquarista de recife &#8211; Prime\u00ae n\u00e3o ativar\u00e1 excessivamente os skimmers.<br \/>\nPrime\u00ae \u00e9 at\u00e9 5x mais concentrado que os produtos concorrentes e \u00e9 o segundo desclorador mais concentrado do mercado, atr\u00e1s apenas do nosso pr\u00f3prio aquavitro\u00ae alpha\u2122.<br \/>\nPrime\u00ae pode ser usado durante a ciclagem do tanque para aliviar a toxicidade de am\u00f4nia\/nitrito. Ele cont\u00e9m um aglutinante que torna am\u00f4nia, nitrito e nitrato n\u00e3o t\u00f3xicos, permitindo que o biofiltro os remova com mais efici\u00eancia. Ele tamb\u00e9m ir\u00e1 desintoxicar quaisquer metais pesados \u200b\u200bencontrados na \u00e1gua da torneira em n\u00edveis de concentra\u00e7\u00e3o t\u00edpicos. Use na inicializa\u00e7\u00e3o e sempre que adicionar ou substituir \u00e1gua. Ao transportar ou colocar peixes em quarentena, use Seachem StressGuard\u2122. Ao adicionar novos peixes, use Stability\u00ae. Ambos s\u00e3o ideais para uso com Prime\u00ae. INSTRU\u00c7\u00d5ES: Use 1 tampinha (5 mL) para cada 200 L (50 gal\u00f5es americanos) de \u00e1gua nova. Para volumes menores, observe que cada rosca da tampa tem aproximadamente 1 mL. Pode ser adicionado diretamente ao aqu\u00e1rio, mas \u00e9 melhor se adicionado primeiro \u00e0 \u00e1gua nova. Se adicionar diretamente ao aqu\u00e1rio, baseie a dose no volume do aqu\u00e1rio. Odor de enxofre \u00e9 normal. Para concentra\u00e7\u00f5es excepcionalmente altas de cloramina, uma dose dupla pode ser usada com seguran\u00e7a. Para desintoxicar o nitrito em caso de emerg\u00eancia, pode-se usar at\u00e9 5 vezes a dose normal. Se a temperatura for > 30 \u00b0C (86 \u00b0F) e os n\u00edveis de cloro ou am\u00f4nia estiverem baixos, use meia dose.<\/p>","protected":false},"excerpt":{"rendered":"<p>Quase todas as empresas aqu\u00e1ticas para animais de estima\u00e7\u00e3o fabricam um produto que remove o cloro. Nenhum deles, no entanto, pode ser comparado em qualidade, concentra\u00e7\u00e3o ou efic\u00e1cia ao principal produto da Seachem: Prime\u00ae. Prime\u00ae \u00e9 o condicionador completo e concentrado para \u00e1gua doce e salgada. Prime\u00ae remove cloro, cloramina e desintoxica am\u00f4nia, nitrito e [&hellip;]<\/p>\n","protected":false},"featured_media":5121,"template":"","meta":{"inline_featured_image":false},"product_brand":[],"product_cat":[43],"product_tag":[],"class_list":{"0":"post-5122","1":"product","2":"type-product","3":"status-publish","4":"has-post-thumbnail","6":"product_cat-tratamentos","8":"first","9":"outofstock","10":"taxable","11":"shipping-taxable","12":"purchasable","13":"product-type-simple"},"yoast_head":"<!-- This site is optimized with the Yoast SEO plugin v27.1.1 - https:\/\/yoast.com\/product\/yoast-seo-wordpress\/ -->\n<title>Seachem-Prime 2L - Ornaqua - Reprodu\u00e7\u00e3o, Importa\u00e7\u00e3o e Comercio de Peixes Ornamentais<\/title>\n<meta name=\"robots\" content=\"index, follow, max-snippet:-1, max-image-preview:large, max-video-preview:-1\" \/>\n<link rel=\"canonical\" href=\"https:\/\/ornaqua.pt\/es\/producto\/seachem-prime-2l\/\" \/>\n<meta property=\"og:locale\" content=\"es_ES\" \/>\n<meta property=\"og:type\" content=\"article\" \/>\n<meta property=\"og:title\" content=\"Seachem-Prime 2L - Ornaqua - Reprodu\u00e7\u00e3o, Importa\u00e7\u00e3o e Comercio de Peixes Ornamentais\" \/>\n<meta property=\"og:description\" content=\"Quase todas as empresas aqu\u00e1ticas para animais de estima\u00e7\u00e3o fabricam um produto que remove o cloro. Nenhum deles, no entanto, pode ser comparado em qualidade, concentra\u00e7\u00e3o ou efic\u00e1cia ao principal produto da Seachem: Prime\u00ae. Prime\u00ae \u00e9 o condicionador completo e concentrado para \u00e1gua doce e salgada. Prime\u00ae remove cloro, cloramina e desintoxica am\u00f4nia, nitrito e [&hellip;]\" \/>\n<meta property=\"og:url\" content=\"https:\/\/ornaqua.pt\/es\/producto\/seachem-prime-2l\/\" \/>\n<meta property=\"og:site_name\" content=\"Ornaqua - Reprodu\u00e7\u00e3o, Importa\u00e7\u00e3o e Comercio de Peixes Ornamentais\" \/>\n<meta property=\"article:publisher\" content=\"https:\/\/www.facebook.com\/ORNAQUA\" \/>\n<meta property=\"article:modified_time\" content=\"2026-01-24T07:53:15+00:00\" \/>\n<meta property=\"og:image\" content=\"https:\/\/ornaqua.pt\/wp-content\/uploads\/2023\/06\/SC024.jpg\" \/>\n\t<meta property=\"og:image:width\" content=\"800\" \/>\n\t<meta property=\"og:image:height\" content=\"800\" \/>\n\t<meta property=\"og:image:type\" content=\"image\/jpeg\" \/>\n<meta name=\"twitter:card\" content=\"summary_large_image\" \/>\n<meta name=\"twitter:label1\" content=\"Tiempo de lectura\" \/>\n\t<meta name=\"twitter:data1\" content=\"2 minutos\" \/>\n<script type=\"application\/ld+json\" class=\"yoast-schema-graph\">{\"@context\":\"https:\/\/schema.org\",\"@graph\":[{\"@type\":\"WebPage\",\"@id\":\"https:\/\/ornaqua.pt\/produto\/seachem-prime-2l\/\",\"url\":\"https:\/\/ornaqua.pt\/produto\/seachem-prime-2l\/\",\"name\":\"Seachem-Prime 2L - Ornaqua - Reprodu\u00e7\u00e3o, Importa\u00e7\u00e3o e Comercio de Peixes Ornamentais\",\"isPartOf\":{\"@id\":\"https:\/\/ornaqua.pt\/#website\"},\"primaryImageOfPage\":{\"@id\":\"https:\/\/ornaqua.pt\/produto\/seachem-prime-2l\/#primaryimage\"},\"image\":{\"@id\":\"https:\/\/ornaqua.pt\/produto\/seachem-prime-2l\/#primaryimage\"},\"thumbnailUrl\":\"https:\/\/ornaqua.pt\/wp-content\/uploads\/2023\/06\/SC024.jpg\",\"datePublished\":\"2023-06-09T20:38:03+00:00\",\"dateModified\":\"2026-01-24T07:53:15+00:00\",\"breadcrumb\":{\"@id\":\"https:\/\/ornaqua.pt\/produto\/seachem-prime-2l\/#breadcrumb\"},\"inLanguage\":\"es\",\"potentialAction\":[{\"@type\":\"ReadAction\",\"target\":[\"https:\/\/ornaqua.pt\/produto\/seachem-prime-2l\/\"]}]},{\"@type\":\"ImageObject\",\"inLanguage\":\"es\",\"@id\":\"https:\/\/ornaqua.pt\/produto\/seachem-prime-2l\/#primaryimage\",\"url\":\"https:\/\/ornaqua.pt\/wp-content\/uploads\/2023\/06\/SC024.jpg\",\"contentUrl\":\"https:\/\/ornaqua.pt\/wp-content\/uploads\/2023\/06\/SC024.jpg\",\"width\":800,\"height\":800},{\"@type\":\"BreadcrumbList\",\"@id\":\"https:\/\/ornaqua.pt\/produto\/seachem-prime-2l\/#breadcrumb\",\"itemListElement\":[{\"@type\":\"ListItem\",\"position\":1,\"name\":\"In\u00edcio\",\"item\":\"https:\/\/ornaqua.pt\/\"},{\"@type\":\"ListItem\",\"position\":2,\"name\":\"Produtos\",\"item\":\"https:\/\/ornaqua.pt\/produtos\/\"},{\"@type\":\"ListItem\",\"position\":3,\"name\":\"Seachem-Prime 2L\"}]},{\"@type\":\"WebSite\",\"@id\":\"https:\/\/ornaqua.pt\/#website\",\"url\":\"https:\/\/ornaqua.pt\/\",\"name\":\"Ornaqua - Loja Online\",\"description\":\"Reprodu\u00e7\u00e3o, Importa\u00e7\u00e3o e Comercio de Peixes Ornamentais\",\"publisher\":{\"@id\":\"https:\/\/ornaqua.pt\/#organization\"},\"potentialAction\":[{\"@type\":\"SearchAction\",\"target\":{\"@type\":\"EntryPoint\",\"urlTemplate\":\"https:\/\/ornaqua.pt\/?s={search_term_string}\"},\"query-input\":{\"@type\":\"PropertyValueSpecification\",\"valueRequired\":true,\"valueName\":\"search_term_string\"}}],\"inLanguage\":\"es\"},{\"@type\":\"Organization\",\"@id\":\"https:\/\/ornaqua.pt\/#organization\",\"name\":\"Ornaqua - Reprodu\u00e7\u00e3o, Importa\u00e7\u00e3o e Comercio de Peixes Ornamentais\",\"url\":\"https:\/\/ornaqua.pt\/\",\"logo\":{\"@type\":\"ImageObject\",\"inLanguage\":\"es\",\"@id\":\"https:\/\/ornaqua.pt\/#\/schema\/logo\/image\/\",\"url\":\"https:\/\/ornaqua.pt\/wp-content\/uploads\/2023\/10\/logo_ornaqua_200.png\",\"contentUrl\":\"https:\/\/ornaqua.pt\/wp-content\/uploads\/2023\/10\/logo_ornaqua_200.png\",\"width\":200,\"height\":97,\"caption\":\"Ornaqua - Reprodu\u00e7\u00e3o, Importa\u00e7\u00e3o e Comercio de Peixes Ornamentais\"},\"image\":{\"@id\":\"https:\/\/ornaqua.pt\/#\/schema\/logo\/image\/\"},\"sameAs\":[\"https:\/\/www.facebook.com\/ORNAQUA\",\"https:\/\/www.instagram.com\/ornaqua\/\"]}]}<\/script>\n<!-- \/ Yoast SEO plugin. -->","yoast_head_json":{"title":"Seachem-Prime 2L - Ornaqua - Reprodu\u00e7\u00e3o, Importa\u00e7\u00e3o e Comercio de Peixes Ornamentais","robots":{"index":"index","follow":"follow","max-snippet":"max-snippet:-1","max-image-preview":"max-image-preview:large","max-video-preview":"max-video-preview:-1"},"canonical":"https:\/\/ornaqua.pt\/es\/producto\/seachem-prime-2l\/","og_locale":"es_ES","og_type":"article","og_title":"Seachem-Prime 2L - Ornaqua - Reprodu\u00e7\u00e3o, Importa\u00e7\u00e3o e Comercio de Peixes Ornamentais","og_description":"Quase todas as empresas aqu\u00e1ticas para animais de estima\u00e7\u00e3o fabricam um produto que remove o cloro. Nenhum deles, no entanto, pode ser comparado em qualidade, concentra\u00e7\u00e3o ou efic\u00e1cia ao principal produto da Seachem: Prime\u00ae. Prime\u00ae \u00e9 o condicionador completo e concentrado para \u00e1gua doce e salgada. Prime\u00ae remove cloro, cloramina e desintoxica am\u00f4nia, nitrito e [&hellip;]","og_url":"https:\/\/ornaqua.pt\/es\/producto\/seachem-prime-2l\/","og_site_name":"Ornaqua - Reprodu\u00e7\u00e3o, Importa\u00e7\u00e3o e Comercio de Peixes Ornamentais","article_publisher":"https:\/\/www.facebook.com\/ORNAQUA","article_modified_time":"2026-01-24T07:53:15+00:00","og_image":[{"width":800,"height":800,"url":"https:\/\/ornaqua.pt\/wp-content\/uploads\/2023\/06\/SC024.jpg","type":"image\/jpeg"}],"twitter_card":"summary_large_image","twitter_misc":{"Tiempo de lectura":"2 minutos"},"schema":{"@context":"https:\/\/schema.org","@graph":[{"@type":"WebPage","@id":"https:\/\/ornaqua.pt\/produto\/seachem-prime-2l\/","url":"https:\/\/ornaqua.pt\/produto\/seachem-prime-2l\/","name":"Seachem-Prime 2L - Ornaqua - Reprodu\u00e7\u00e3o, Importa\u00e7\u00e3o e Comercio de Peixes Ornamentais","isPartOf":{"@id":"https:\/\/ornaqua.pt\/#website"},"primaryImageOfPage":{"@id":"https:\/\/ornaqua.pt\/produto\/seachem-prime-2l\/#primaryimage"},"image":{"@id":"https:\/\/ornaqua.pt\/produto\/seachem-prime-2l\/#primaryimage"},"thumbnailUrl":"https:\/\/ornaqua.pt\/wp-content\/uploads\/2023\/06\/SC024.jpg","datePublished":"2023-06-09T20:38:03+00:00","dateModified":"2026-01-24T07:53:15+00:00","breadcrumb":{"@id":"https:\/\/ornaqua.pt\/produto\/seachem-prime-2l\/#breadcrumb"},"inLanguage":"es","potentialAction":[{"@type":"ReadAction","target":["https:\/\/ornaqua.pt\/produto\/seachem-prime-2l\/"]}]},{"@type":"ImageObject","inLanguage":"es","@id":"https:\/\/ornaqua.pt\/produto\/seachem-prime-2l\/#primaryimage","url":"https:\/\/ornaqua.pt\/wp-content\/uploads\/2023\/06\/SC024.jpg","contentUrl":"https:\/\/ornaqua.pt\/wp-content\/uploads\/2023\/06\/SC024.jpg","width":800,"height":800},{"@type":"BreadcrumbList","@id":"https:\/\/ornaqua.pt\/produto\/seachem-prime-2l\/#breadcrumb","itemListElement":[{"@type":"ListItem","position":1,"name":"In\u00edcio","item":"https:\/\/ornaqua.pt\/"},{"@type":"ListItem","position":2,"name":"Produtos","item":"https:\/\/ornaqua.pt\/produtos\/"},{"@type":"ListItem","position":3,"name":"Seachem-Prime 2L"}]},{"@type":"WebSite","@id":"https:\/\/ornaqua.pt\/#website","url":"https:\/\/ornaqua.pt\/","name":"Ornaqua - Loja Online","description":"Reprodu\u00e7\u00e3o, Importa\u00e7\u00e3o e Comercio de Peixes Ornamentais","publisher":{"@id":"https:\/\/ornaqua.pt\/#organization"},"potentialAction":[{"@type":"SearchAction","target":{"@type":"EntryPoint","urlTemplate":"https:\/\/ornaqua.pt\/?s={search_term_string}"},"query-input":{"@type":"PropertyValueSpecification","valueRequired":true,"valueName":"search_term_string"}}],"inLanguage":"es"},{"@type":"Organization","@id":"https:\/\/ornaqua.pt\/#organization","name":"Ornaqua - Reprodu\u00e7\u00e3o, Importa\u00e7\u00e3o e Comercio de Peixes Ornamentais","url":"https:\/\/ornaqua.pt\/","logo":{"@type":"ImageObject","inLanguage":"es","@id":"https:\/\/ornaqua.pt\/#\/schema\/logo\/image\/","url":"https:\/\/ornaqua.pt\/wp-content\/uploads\/2023\/10\/logo_ornaqua_200.png","contentUrl":"https:\/\/ornaqua.pt\/wp-content\/uploads\/2023\/10\/logo_ornaqua_200.png","width":200,"height":97,"caption":"Ornaqua - Reprodu\u00e7\u00e3o, Importa\u00e7\u00e3o e Comercio de Peixes Ornamentais"},"image":{"@id":"https:\/\/ornaqua.pt\/#\/schema\/logo\/image\/"},"sameAs":["https:\/\/www.facebook.com\/ORNAQUA","https:\/\/www.instagram.com\/ornaqua\/"]}]}},"_links":{"self":[{"href":"https:\/\/ornaqua.pt\/es\/wp-json\/wp\/v2\/product\/5122","targetHints":{"allow":["GET"]}}],"collection":[{"href":"https:\/\/ornaqua.pt\/es\/wp-json\/wp\/v2\/product"}],"about":[{"href":"https:\/\/ornaqua.pt\/es\/wp-json\/wp\/v2\/types\/product"}],"wp:featuredmedia":[{"embeddable":true,"href":"https:\/\/ornaqua.pt\/es\/wp-json\/wp\/v2\/media\/5121"}],"wp:attachment":[{"href":"https:\/\/ornaqua.pt\/es\/wp-json\/wp\/v2\/media?parent=5122"}],"wp:term":[{"taxonomy":"product_brand","embeddable":true,"href":"https:\/\/ornaqua.pt\/es\/wp-json\/wp\/v2\/product_brand?post=5122"},{"taxonomy":"product_cat","embeddable":true,"href":"https:\/\/ornaqua.pt\/es\/wp-json\/wp\/v2\/product_cat?post=5122"},{"taxonomy":"product_tag","embeddable":true,"href":"https:\/\/ornaqua.pt\/es\/wp-json\/wp\/v2\/product_tag?post=5122"}],"curies":[{"name":"wp","href":"https:\/\/api.w.org\/{rel}","templated":true}]}}