{"id":5106,"date":"2023-06-09T21:37:19","date_gmt":"2023-06-09T20:37:19","guid":{"rendered":"http:\/\/ornaqua.pt\/produto\/seachem-discus-trace-500-ml\/"},"modified":"2026-03-27T11:45:24","modified_gmt":"2026-03-27T11:45:24","slug":"seachem-discus-trace-500-ml","status":"publish","type":"product","link":"https:\/\/ornaqua.pt\/es\/producto\/seachem-discus-trace-500-ml\/","title":{"rendered":"Seachem-Discus Trace 500 ml"},"content":{"rendered":"<p>Discus Trace\u2122 fornece uma ampla gama de oligoelementos comprovados* como necess\u00e1rios para a sa\u00fade e crescimento adequados dos peixes. Ao contr\u00e1rio dos animais terrestres, os peixes obt\u00eam nutrientes tanto dos alimentos quanto do ambiente. Os oligoelementos s\u00e3o normalmente esgotados pela utiliza\u00e7\u00e3o, oxida\u00e7\u00e3o e precipita\u00e7\u00e3o, portanto, \u00e9 importante restaur\u00e1-los regularmente. Discus Trace\u2122 cont\u00e9m apenas os elementos realmente comprovados* como sendo necess\u00e1rios para os peixes.<br \/>\nO sal de aqu\u00e1rio \u00e9 frequentemente usado para adicionar sais de volta \u00e0 \u00e1gua do aqu\u00e1rio. Alguns peixes toleram esse uso terap\u00eautico do sal: no entanto, alguns peixes s\u00e3o menos tolerantes. Discus como esp\u00e9cie n\u00e3o tolerar\u00e1 esse n\u00edvel elevado de s\u00f3dio na \u00e1gua. Se tiver plantas vivas no aqu\u00e1rio de discos, as plantas tamb\u00e9m n\u00e3o tolerar\u00e3o isso. Discus Trace\u2122 \u00e9 um suplemento mineral de tra\u00e7o bem arredondado que n\u00e3o cont\u00e9m s\u00f3dio e \u00e9 usado para repor os minerais tra\u00e7o e ultratra\u00e7o que demonstraram ser necess\u00e1rios para a sa\u00fade e crescimento dos peixes. Instru\u00e7\u00f5es: Use 1 tampa (5 mL) para cada 80 L (20 gal\u00f5es americanos) duas vezes por semana. Alimente Discus Flakes NutriDiet\u00ae para uma \u00f3tima sa\u00fade dos peixes.<\/p>","protected":false},"excerpt":{"rendered":"<p>Discus Trace\u2122 fornece uma ampla gama de oligoelementos comprovados* como necess\u00e1rios para a sa\u00fade e crescimento adequados dos peixes. Ao contr\u00e1rio dos animais terrestres, os peixes obt\u00eam nutrientes tanto dos alimentos quanto do ambiente. Os oligoelementos s\u00e3o normalmente esgotados pela utiliza\u00e7\u00e3o, oxida\u00e7\u00e3o e precipita\u00e7\u00e3o, portanto, \u00e9 importante restaur\u00e1-los regularmente. Discus Trace\u2122 cont\u00e9m apenas os elementos [&hellip;]<\/p>\n","protected":false},"featured_media":5105,"template":"","meta":{"inline_featured_image":false},"product_brand":[],"product_cat":[40],"product_tag":[],"class_list":{"0":"post-5106","1":"product","2":"type-product","3":"status-publish","4":"has-post-thumbnail","6":"product_cat-alimentacao","8":"first","9":"outofstock","10":"taxable","11":"shipping-taxable","12":"purchasable","13":"product-type-simple"},"yoast_head":"<!-- This site is optimized with the Yoast SEO plugin v27.1.1 - https:\/\/yoast.com\/product\/yoast-seo-wordpress\/ -->\n<title>Seachem-Discus Trace 500 ml - Ornaqua - Reprodu\u00e7\u00e3o, Importa\u00e7\u00e3o e Comercio de Peixes Ornamentais<\/title>\n<meta name=\"robots\" content=\"index, follow, max-snippet:-1, max-image-preview:large, max-video-preview:-1\" \/>\n<link rel=\"canonical\" href=\"https:\/\/ornaqua.pt\/es\/producto\/seachem-discus-trace-500-ml\/\" \/>\n<meta property=\"og:locale\" content=\"es_ES\" \/>\n<meta property=\"og:type\" content=\"article\" \/>\n<meta property=\"og:title\" content=\"Seachem-Discus Trace 500 ml - Ornaqua - Reprodu\u00e7\u00e3o, Importa\u00e7\u00e3o e Comercio de Peixes Ornamentais\" \/>\n<meta property=\"og:description\" content=\"Discus Trace\u2122 fornece uma ampla gama de oligoelementos comprovados* como necess\u00e1rios para a sa\u00fade e crescimento adequados dos peixes. Ao contr\u00e1rio dos animais terrestres, os peixes obt\u00eam nutrientes tanto dos alimentos quanto do ambiente. Os oligoelementos s\u00e3o normalmente esgotados pela utiliza\u00e7\u00e3o, oxida\u00e7\u00e3o e precipita\u00e7\u00e3o, portanto, \u00e9 importante restaur\u00e1-los regularmente. Discus Trace\u2122 cont\u00e9m apenas os elementos [&hellip;]\" \/>\n<meta property=\"og:url\" content=\"https:\/\/ornaqua.pt\/es\/producto\/seachem-discus-trace-500-ml\/\" \/>\n<meta property=\"og:site_name\" content=\"Ornaqua - Reprodu\u00e7\u00e3o, Importa\u00e7\u00e3o e Comercio de Peixes Ornamentais\" \/>\n<meta property=\"article:publisher\" content=\"https:\/\/www.facebook.com\/ORNAQUA\" \/>\n<meta property=\"article:modified_time\" content=\"2026-03-27T11:45:24+00:00\" \/>\n<meta property=\"og:image\" content=\"https:\/\/ornaqua.pt\/wp-content\/uploads\/2023\/06\/SC016.jpg\" \/>\n\t<meta property=\"og:image:width\" content=\"800\" \/>\n\t<meta property=\"og:image:height\" content=\"800\" \/>\n\t<meta property=\"og:image:type\" content=\"image\/jpeg\" \/>\n<meta name=\"twitter:card\" content=\"summary_large_image\" \/>\n<meta name=\"twitter:label1\" content=\"Tiempo de lectura\" \/>\n\t<meta name=\"twitter:data1\" content=\"1 minuto\" \/>\n<script type=\"application\/ld+json\" class=\"yoast-schema-graph\">{\"@context\":\"https:\/\/schema.org\",\"@graph\":[{\"@type\":\"WebPage\",\"@id\":\"https:\/\/ornaqua.pt\/produto\/seachem-discus-trace-500-ml\/\",\"url\":\"https:\/\/ornaqua.pt\/produto\/seachem-discus-trace-500-ml\/\",\"name\":\"Seachem-Discus Trace 500 ml - Ornaqua - Reprodu\u00e7\u00e3o, Importa\u00e7\u00e3o e Comercio de Peixes Ornamentais\",\"isPartOf\":{\"@id\":\"https:\/\/ornaqua.pt\/#website\"},\"primaryImageOfPage\":{\"@id\":\"https:\/\/ornaqua.pt\/produto\/seachem-discus-trace-500-ml\/#primaryimage\"},\"image\":{\"@id\":\"https:\/\/ornaqua.pt\/produto\/seachem-discus-trace-500-ml\/#primaryimage\"},\"thumbnailUrl\":\"https:\/\/ornaqua.pt\/wp-content\/uploads\/2023\/06\/SC016.jpg\",\"datePublished\":\"2023-06-09T20:37:19+00:00\",\"dateModified\":\"2026-03-27T11:45:24+00:00\",\"breadcrumb\":{\"@id\":\"https:\/\/ornaqua.pt\/produto\/seachem-discus-trace-500-ml\/#breadcrumb\"},\"inLanguage\":\"es\",\"potentialAction\":[{\"@type\":\"ReadAction\",\"target\":[\"https:\/\/ornaqua.pt\/produto\/seachem-discus-trace-500-ml\/\"]}]},{\"@type\":\"ImageObject\",\"inLanguage\":\"es\",\"@id\":\"https:\/\/ornaqua.pt\/produto\/seachem-discus-trace-500-ml\/#primaryimage\",\"url\":\"https:\/\/ornaqua.pt\/wp-content\/uploads\/2023\/06\/SC016.jpg\",\"contentUrl\":\"https:\/\/ornaqua.pt\/wp-content\/uploads\/2023\/06\/SC016.jpg\",\"width\":800,\"height\":800},{\"@type\":\"BreadcrumbList\",\"@id\":\"https:\/\/ornaqua.pt\/produto\/seachem-discus-trace-500-ml\/#breadcrumb\",\"itemListElement\":[{\"@type\":\"ListItem\",\"position\":1,\"name\":\"In\u00edcio\",\"item\":\"https:\/\/ornaqua.pt\/\"},{\"@type\":\"ListItem\",\"position\":2,\"name\":\"Produtos\",\"item\":\"https:\/\/ornaqua.pt\/produtos\/\"},{\"@type\":\"ListItem\",\"position\":3,\"name\":\"Seachem-Discus Trace 500 ml\"}]},{\"@type\":\"WebSite\",\"@id\":\"https:\/\/ornaqua.pt\/#website\",\"url\":\"https:\/\/ornaqua.pt\/\",\"name\":\"Ornaqua - Loja Online\",\"description\":\"Reprodu\u00e7\u00e3o, Importa\u00e7\u00e3o e Comercio de Peixes Ornamentais\",\"publisher\":{\"@id\":\"https:\/\/ornaqua.pt\/#organization\"},\"potentialAction\":[{\"@type\":\"SearchAction\",\"target\":{\"@type\":\"EntryPoint\",\"urlTemplate\":\"https:\/\/ornaqua.pt\/?s={search_term_string}\"},\"query-input\":{\"@type\":\"PropertyValueSpecification\",\"valueRequired\":true,\"valueName\":\"search_term_string\"}}],\"inLanguage\":\"es\"},{\"@type\":\"Organization\",\"@id\":\"https:\/\/ornaqua.pt\/#organization\",\"name\":\"Ornaqua - Reprodu\u00e7\u00e3o, Importa\u00e7\u00e3o e Comercio de Peixes Ornamentais\",\"url\":\"https:\/\/ornaqua.pt\/\",\"logo\":{\"@type\":\"ImageObject\",\"inLanguage\":\"es\",\"@id\":\"https:\/\/ornaqua.pt\/#\/schema\/logo\/image\/\",\"url\":\"https:\/\/ornaqua.pt\/wp-content\/uploads\/2023\/10\/logo_ornaqua_200.png\",\"contentUrl\":\"https:\/\/ornaqua.pt\/wp-content\/uploads\/2023\/10\/logo_ornaqua_200.png\",\"width\":200,\"height\":97,\"caption\":\"Ornaqua - Reprodu\u00e7\u00e3o, Importa\u00e7\u00e3o e Comercio de Peixes Ornamentais\"},\"image\":{\"@id\":\"https:\/\/ornaqua.pt\/#\/schema\/logo\/image\/\"},\"sameAs\":[\"https:\/\/www.facebook.com\/ORNAQUA\",\"https:\/\/www.instagram.com\/ornaqua\/\"]}]}<\/script>\n<!-- \/ Yoast SEO plugin. -->","yoast_head_json":{"title":"Seachem-Discus Trace 500 ml - Ornaqua - Reprodu\u00e7\u00e3o, Importa\u00e7\u00e3o e Comercio de Peixes Ornamentais","robots":{"index":"index","follow":"follow","max-snippet":"max-snippet:-1","max-image-preview":"max-image-preview:large","max-video-preview":"max-video-preview:-1"},"canonical":"https:\/\/ornaqua.pt\/es\/producto\/seachem-discus-trace-500-ml\/","og_locale":"es_ES","og_type":"article","og_title":"Seachem-Discus Trace 500 ml - Ornaqua - Reprodu\u00e7\u00e3o, Importa\u00e7\u00e3o e Comercio de Peixes Ornamentais","og_description":"Discus Trace\u2122 fornece uma ampla gama de oligoelementos comprovados* como necess\u00e1rios para a sa\u00fade e crescimento adequados dos peixes. Ao contr\u00e1rio dos animais terrestres, os peixes obt\u00eam nutrientes tanto dos alimentos quanto do ambiente. Os oligoelementos s\u00e3o normalmente esgotados pela utiliza\u00e7\u00e3o, oxida\u00e7\u00e3o e precipita\u00e7\u00e3o, portanto, \u00e9 importante restaur\u00e1-los regularmente. Discus Trace\u2122 cont\u00e9m apenas os elementos [&hellip;]","og_url":"https:\/\/ornaqua.pt\/es\/producto\/seachem-discus-trace-500-ml\/","og_site_name":"Ornaqua - Reprodu\u00e7\u00e3o, Importa\u00e7\u00e3o e Comercio de Peixes Ornamentais","article_publisher":"https:\/\/www.facebook.com\/ORNAQUA","article_modified_time":"2026-03-27T11:45:24+00:00","og_image":[{"width":800,"height":800,"url":"https:\/\/ornaqua.pt\/wp-content\/uploads\/2023\/06\/SC016.jpg","type":"image\/jpeg"}],"twitter_card":"summary_large_image","twitter_misc":{"Tiempo de lectura":"1 minuto"},"schema":{"@context":"https:\/\/schema.org","@graph":[{"@type":"WebPage","@id":"https:\/\/ornaqua.pt\/produto\/seachem-discus-trace-500-ml\/","url":"https:\/\/ornaqua.pt\/produto\/seachem-discus-trace-500-ml\/","name":"Seachem-Discus Trace 500 ml - Ornaqua - Reprodu\u00e7\u00e3o, Importa\u00e7\u00e3o e Comercio de Peixes Ornamentais","isPartOf":{"@id":"https:\/\/ornaqua.pt\/#website"},"primaryImageOfPage":{"@id":"https:\/\/ornaqua.pt\/produto\/seachem-discus-trace-500-ml\/#primaryimage"},"image":{"@id":"https:\/\/ornaqua.pt\/produto\/seachem-discus-trace-500-ml\/#primaryimage"},"thumbnailUrl":"https:\/\/ornaqua.pt\/wp-content\/uploads\/2023\/06\/SC016.jpg","datePublished":"2023-06-09T20:37:19+00:00","dateModified":"2026-03-27T11:45:24+00:00","breadcrumb":{"@id":"https:\/\/ornaqua.pt\/produto\/seachem-discus-trace-500-ml\/#breadcrumb"},"inLanguage":"es","potentialAction":[{"@type":"ReadAction","target":["https:\/\/ornaqua.pt\/produto\/seachem-discus-trace-500-ml\/"]}]},{"@type":"ImageObject","inLanguage":"es","@id":"https:\/\/ornaqua.pt\/produto\/seachem-discus-trace-500-ml\/#primaryimage","url":"https:\/\/ornaqua.pt\/wp-content\/uploads\/2023\/06\/SC016.jpg","contentUrl":"https:\/\/ornaqua.pt\/wp-content\/uploads\/2023\/06\/SC016.jpg","width":800,"height":800},{"@type":"BreadcrumbList","@id":"https:\/\/ornaqua.pt\/produto\/seachem-discus-trace-500-ml\/#breadcrumb","itemListElement":[{"@type":"ListItem","position":1,"name":"In\u00edcio","item":"https:\/\/ornaqua.pt\/"},{"@type":"ListItem","position":2,"name":"Produtos","item":"https:\/\/ornaqua.pt\/produtos\/"},{"@type":"ListItem","position":3,"name":"Seachem-Discus Trace 500 ml"}]},{"@type":"WebSite","@id":"https:\/\/ornaqua.pt\/#website","url":"https:\/\/ornaqua.pt\/","name":"Ornaqua - Loja Online","description":"Reprodu\u00e7\u00e3o, Importa\u00e7\u00e3o e Comercio de Peixes Ornamentais","publisher":{"@id":"https:\/\/ornaqua.pt\/#organization"},"potentialAction":[{"@type":"SearchAction","target":{"@type":"EntryPoint","urlTemplate":"https:\/\/ornaqua.pt\/?s={search_term_string}"},"query-input":{"@type":"PropertyValueSpecification","valueRequired":true,"valueName":"search_term_string"}}],"inLanguage":"es"},{"@type":"Organization","@id":"https:\/\/ornaqua.pt\/#organization","name":"Ornaqua - Reprodu\u00e7\u00e3o, Importa\u00e7\u00e3o e Comercio de Peixes Ornamentais","url":"https:\/\/ornaqua.pt\/","logo":{"@type":"ImageObject","inLanguage":"es","@id":"https:\/\/ornaqua.pt\/#\/schema\/logo\/image\/","url":"https:\/\/ornaqua.pt\/wp-content\/uploads\/2023\/10\/logo_ornaqua_200.png","contentUrl":"https:\/\/ornaqua.pt\/wp-content\/uploads\/2023\/10\/logo_ornaqua_200.png","width":200,"height":97,"caption":"Ornaqua - Reprodu\u00e7\u00e3o, Importa\u00e7\u00e3o e Comercio de Peixes Ornamentais"},"image":{"@id":"https:\/\/ornaqua.pt\/#\/schema\/logo\/image\/"},"sameAs":["https:\/\/www.facebook.com\/ORNAQUA","https:\/\/www.instagram.com\/ornaqua\/"]}]}},"_links":{"self":[{"href":"https:\/\/ornaqua.pt\/es\/wp-json\/wp\/v2\/product\/5106","targetHints":{"allow":["GET"]}}],"collection":[{"href":"https:\/\/ornaqua.pt\/es\/wp-json\/wp\/v2\/product"}],"about":[{"href":"https:\/\/ornaqua.pt\/es\/wp-json\/wp\/v2\/types\/product"}],"wp:featuredmedia":[{"embeddable":true,"href":"https:\/\/ornaqua.pt\/es\/wp-json\/wp\/v2\/media\/5105"}],"wp:attachment":[{"href":"https:\/\/ornaqua.pt\/es\/wp-json\/wp\/v2\/media?parent=5106"}],"wp:term":[{"taxonomy":"product_brand","embeddable":true,"href":"https:\/\/ornaqua.pt\/es\/wp-json\/wp\/v2\/product_brand?post=5106"},{"taxonomy":"product_cat","embeddable":true,"href":"https:\/\/ornaqua.pt\/es\/wp-json\/wp\/v2\/product_cat?post=5106"},{"taxonomy":"product_tag","embeddable":true,"href":"https:\/\/ornaqua.pt\/es\/wp-json\/wp\/v2\/product_tag?post=5106"}],"curies":[{"name":"wp","href":"https:\/\/api.w.org\/{rel}","templated":true}]}}