{"id":5096,"date":"2023-06-09T21:36:53","date_gmt":"2023-06-09T20:36:53","guid":{"rendered":"http:\/\/ornaqua.pt\/produto\/seachem-purigen-100-ml\/"},"modified":"2026-02-24T11:34:23","modified_gmt":"2026-02-24T11:34:23","slug":"seachem-purigen-100-ml","status":"publish","type":"product","link":"https:\/\/ornaqua.pt\/es\/producto\/seachem-purigen-100-ml\/","title":{"rendered":"Seachem-Purigen 100 ml"},"content":{"rendered":"<p>O Purigen\u00ae \u00e9 um adsorvente sint\u00e9tico de qualidade superior diferente de qualquer outro produto de filtragem. Ele n\u00e3o \u00e9 uma mistura de trocadores de \u00edons ou adsorventes, mas um exclusivo pol\u00edmero sint\u00e9tico macroporoso que remove impurezas sol\u00faveis e insol\u00faveis da \u00e1gua a uma taxa e capacidade que superam qualquer outro produto em mais de 500%. O purigen\u00ae controla am\u00f4nia, nitritos e nitratos ao remover res\u00edduos org\u00e2nicos nitrogenados que, de outro modo, liberariam tais compostos nocivos. O impacto do Purigen\u00ae sobre os sais minerais \u00e9 m\u00ednimo. Ele aumenta significativamente rea\u00e7\u00f5es de redu\u00e7\u00e3o-oxida\u00e7\u00e3o (redox). Ele refina a \u00e1gua com uma clareza inigual\u00e1vel. O Purigen\u00ae escurece progressivamente \u00e0 medida que se esgota, e \u00e9 facilmente renovado por meio de tratamento com \u00e1gua sanit\u00e1ria. O Purigen\u00ae foi desenvolvido para uso tanto em \u00e1gua marinha quanto em \u00e1gua doce. Modo de usar: Para melhores resultados, Purigen\u00ae deve ser lavado antes do uso e colocado em seu  filtro de forma a maximizar o fluxo de \u00e1gua atrav\u00e9s dele. Cada 250 ml trata at\u00e9 1000 L por at\u00e9 seis meses. Use com uma bolsa de filtro com malha fina (180 micra ou menor), como The Bag ou Zip Bag da Seachem. O esgotamento \u00e9 indicado por uma descolora\u00e7\u00e3o acentuada das esferas, que ficam marrons ou pretas.<\/p>","protected":false},"excerpt":{"rendered":"<p>O Purigen\u00ae \u00e9 um adsorvente sint\u00e9tico de qualidade superior diferente de qualquer outro produto de filtragem. Ele n\u00e3o \u00e9 uma mistura de trocadores de \u00edons ou adsorventes, mas um exclusivo pol\u00edmero sint\u00e9tico macroporoso que remove impurezas sol\u00faveis e insol\u00faveis da \u00e1gua a uma taxa e capacidade que superam qualquer outro produto em mais de 500%. [&hellip;]<\/p>\n","protected":false},"featured_media":5095,"template":"","meta":{"inline_featured_image":false},"product_brand":[],"product_cat":[45],"product_tag":[],"class_list":{"0":"post-5096","1":"product","2":"type-product","3":"status-publish","4":"has-post-thumbnail","6":"product_cat-equipamentos","8":"first","9":"instock","10":"taxable","11":"shipping-taxable","12":"purchasable","13":"product-type-simple"},"yoast_head":"<!-- This site is optimized with the Yoast SEO plugin v27.1.1 - https:\/\/yoast.com\/product\/yoast-seo-wordpress\/ -->\n<title>Seachem-Purigen 100 ml - Ornaqua - Reprodu\u00e7\u00e3o, Importa\u00e7\u00e3o e Comercio de Peixes Ornamentais<\/title>\n<meta name=\"robots\" content=\"index, follow, max-snippet:-1, max-image-preview:large, max-video-preview:-1\" \/>\n<link rel=\"canonical\" href=\"https:\/\/ornaqua.pt\/es\/producto\/seachem-purigen-100-ml\/\" \/>\n<meta property=\"og:locale\" content=\"es_ES\" \/>\n<meta property=\"og:type\" content=\"article\" \/>\n<meta property=\"og:title\" content=\"Seachem-Purigen 100 ml - Ornaqua - Reprodu\u00e7\u00e3o, Importa\u00e7\u00e3o e Comercio de Peixes Ornamentais\" \/>\n<meta property=\"og:description\" content=\"O Purigen\u00ae \u00e9 um adsorvente sint\u00e9tico de qualidade superior diferente de qualquer outro produto de filtragem. Ele n\u00e3o \u00e9 uma mistura de trocadores de \u00edons ou adsorventes, mas um exclusivo pol\u00edmero sint\u00e9tico macroporoso que remove impurezas sol\u00faveis e insol\u00faveis da \u00e1gua a uma taxa e capacidade que superam qualquer outro produto em mais de 500%. [&hellip;]\" \/>\n<meta property=\"og:url\" content=\"https:\/\/ornaqua.pt\/es\/producto\/seachem-purigen-100-ml\/\" \/>\n<meta property=\"og:site_name\" content=\"Ornaqua - Reprodu\u00e7\u00e3o, Importa\u00e7\u00e3o e Comercio de Peixes Ornamentais\" \/>\n<meta property=\"article:publisher\" content=\"https:\/\/www.facebook.com\/ORNAQUA\" \/>\n<meta property=\"article:modified_time\" content=\"2026-02-24T11:34:23+00:00\" \/>\n<meta property=\"og:image\" content=\"https:\/\/ornaqua.pt\/wp-content\/uploads\/2023\/06\/SC011.jpg\" \/>\n\t<meta property=\"og:image:width\" content=\"800\" \/>\n\t<meta property=\"og:image:height\" content=\"800\" \/>\n\t<meta property=\"og:image:type\" content=\"image\/jpeg\" \/>\n<meta name=\"twitter:card\" content=\"summary_large_image\" \/>\n<meta name=\"twitter:label1\" content=\"Tiempo de lectura\" \/>\n\t<meta name=\"twitter:data1\" content=\"1 minuto\" \/>\n<script type=\"application\/ld+json\" class=\"yoast-schema-graph\">{\"@context\":\"https:\/\/schema.org\",\"@graph\":[{\"@type\":\"WebPage\",\"@id\":\"https:\/\/ornaqua.pt\/produto\/seachem-purigen-100-ml\/\",\"url\":\"https:\/\/ornaqua.pt\/produto\/seachem-purigen-100-ml\/\",\"name\":\"Seachem-Purigen 100 ml - Ornaqua - Reprodu\u00e7\u00e3o, Importa\u00e7\u00e3o e Comercio de Peixes Ornamentais\",\"isPartOf\":{\"@id\":\"https:\/\/ornaqua.pt\/#website\"},\"primaryImageOfPage\":{\"@id\":\"https:\/\/ornaqua.pt\/produto\/seachem-purigen-100-ml\/#primaryimage\"},\"image\":{\"@id\":\"https:\/\/ornaqua.pt\/produto\/seachem-purigen-100-ml\/#primaryimage\"},\"thumbnailUrl\":\"https:\/\/ornaqua.pt\/wp-content\/uploads\/2023\/06\/SC011.jpg\",\"datePublished\":\"2023-06-09T20:36:53+00:00\",\"dateModified\":\"2026-02-24T11:34:23+00:00\",\"breadcrumb\":{\"@id\":\"https:\/\/ornaqua.pt\/produto\/seachem-purigen-100-ml\/#breadcrumb\"},\"inLanguage\":\"es\",\"potentialAction\":[{\"@type\":\"ReadAction\",\"target\":[\"https:\/\/ornaqua.pt\/produto\/seachem-purigen-100-ml\/\"]}]},{\"@type\":\"ImageObject\",\"inLanguage\":\"es\",\"@id\":\"https:\/\/ornaqua.pt\/produto\/seachem-purigen-100-ml\/#primaryimage\",\"url\":\"https:\/\/ornaqua.pt\/wp-content\/uploads\/2023\/06\/SC011.jpg\",\"contentUrl\":\"https:\/\/ornaqua.pt\/wp-content\/uploads\/2023\/06\/SC011.jpg\",\"width\":800,\"height\":800},{\"@type\":\"BreadcrumbList\",\"@id\":\"https:\/\/ornaqua.pt\/produto\/seachem-purigen-100-ml\/#breadcrumb\",\"itemListElement\":[{\"@type\":\"ListItem\",\"position\":1,\"name\":\"In\u00edcio\",\"item\":\"https:\/\/ornaqua.pt\/\"},{\"@type\":\"ListItem\",\"position\":2,\"name\":\"Produtos\",\"item\":\"https:\/\/ornaqua.pt\/produtos\/\"},{\"@type\":\"ListItem\",\"position\":3,\"name\":\"Seachem-Purigen 100 ml\"}]},{\"@type\":\"WebSite\",\"@id\":\"https:\/\/ornaqua.pt\/#website\",\"url\":\"https:\/\/ornaqua.pt\/\",\"name\":\"Ornaqua - Loja Online\",\"description\":\"Reprodu\u00e7\u00e3o, Importa\u00e7\u00e3o e Comercio de Peixes Ornamentais\",\"publisher\":{\"@id\":\"https:\/\/ornaqua.pt\/#organization\"},\"potentialAction\":[{\"@type\":\"SearchAction\",\"target\":{\"@type\":\"EntryPoint\",\"urlTemplate\":\"https:\/\/ornaqua.pt\/?s={search_term_string}\"},\"query-input\":{\"@type\":\"PropertyValueSpecification\",\"valueRequired\":true,\"valueName\":\"search_term_string\"}}],\"inLanguage\":\"es\"},{\"@type\":\"Organization\",\"@id\":\"https:\/\/ornaqua.pt\/#organization\",\"name\":\"Ornaqua - Reprodu\u00e7\u00e3o, Importa\u00e7\u00e3o e Comercio de Peixes Ornamentais\",\"url\":\"https:\/\/ornaqua.pt\/\",\"logo\":{\"@type\":\"ImageObject\",\"inLanguage\":\"es\",\"@id\":\"https:\/\/ornaqua.pt\/#\/schema\/logo\/image\/\",\"url\":\"https:\/\/ornaqua.pt\/wp-content\/uploads\/2023\/10\/logo_ornaqua_200.png\",\"contentUrl\":\"https:\/\/ornaqua.pt\/wp-content\/uploads\/2023\/10\/logo_ornaqua_200.png\",\"width\":200,\"height\":97,\"caption\":\"Ornaqua - Reprodu\u00e7\u00e3o, Importa\u00e7\u00e3o e Comercio de Peixes Ornamentais\"},\"image\":{\"@id\":\"https:\/\/ornaqua.pt\/#\/schema\/logo\/image\/\"},\"sameAs\":[\"https:\/\/www.facebook.com\/ORNAQUA\",\"https:\/\/www.instagram.com\/ornaqua\/\"]}]}<\/script>\n<!-- \/ Yoast SEO plugin. -->","yoast_head_json":{"title":"Seachem-Purigen 100 ml - Ornaqua - Reprodu\u00e7\u00e3o, Importa\u00e7\u00e3o e Comercio de Peixes Ornamentais","robots":{"index":"index","follow":"follow","max-snippet":"max-snippet:-1","max-image-preview":"max-image-preview:large","max-video-preview":"max-video-preview:-1"},"canonical":"https:\/\/ornaqua.pt\/es\/producto\/seachem-purigen-100-ml\/","og_locale":"es_ES","og_type":"article","og_title":"Seachem-Purigen 100 ml - Ornaqua - Reprodu\u00e7\u00e3o, Importa\u00e7\u00e3o e Comercio de Peixes Ornamentais","og_description":"O Purigen\u00ae \u00e9 um adsorvente sint\u00e9tico de qualidade superior diferente de qualquer outro produto de filtragem. Ele n\u00e3o \u00e9 uma mistura de trocadores de \u00edons ou adsorventes, mas um exclusivo pol\u00edmero sint\u00e9tico macroporoso que remove impurezas sol\u00faveis e insol\u00faveis da \u00e1gua a uma taxa e capacidade que superam qualquer outro produto em mais de 500%. [&hellip;]","og_url":"https:\/\/ornaqua.pt\/es\/producto\/seachem-purigen-100-ml\/","og_site_name":"Ornaqua - Reprodu\u00e7\u00e3o, Importa\u00e7\u00e3o e Comercio de Peixes Ornamentais","article_publisher":"https:\/\/www.facebook.com\/ORNAQUA","article_modified_time":"2026-02-24T11:34:23+00:00","og_image":[{"width":800,"height":800,"url":"https:\/\/ornaqua.pt\/wp-content\/uploads\/2023\/06\/SC011.jpg","type":"image\/jpeg"}],"twitter_card":"summary_large_image","twitter_misc":{"Tiempo de lectura":"1 minuto"},"schema":{"@context":"https:\/\/schema.org","@graph":[{"@type":"WebPage","@id":"https:\/\/ornaqua.pt\/produto\/seachem-purigen-100-ml\/","url":"https:\/\/ornaqua.pt\/produto\/seachem-purigen-100-ml\/","name":"Seachem-Purigen 100 ml - Ornaqua - Reprodu\u00e7\u00e3o, Importa\u00e7\u00e3o e Comercio de Peixes Ornamentais","isPartOf":{"@id":"https:\/\/ornaqua.pt\/#website"},"primaryImageOfPage":{"@id":"https:\/\/ornaqua.pt\/produto\/seachem-purigen-100-ml\/#primaryimage"},"image":{"@id":"https:\/\/ornaqua.pt\/produto\/seachem-purigen-100-ml\/#primaryimage"},"thumbnailUrl":"https:\/\/ornaqua.pt\/wp-content\/uploads\/2023\/06\/SC011.jpg","datePublished":"2023-06-09T20:36:53+00:00","dateModified":"2026-02-24T11:34:23+00:00","breadcrumb":{"@id":"https:\/\/ornaqua.pt\/produto\/seachem-purigen-100-ml\/#breadcrumb"},"inLanguage":"es","potentialAction":[{"@type":"ReadAction","target":["https:\/\/ornaqua.pt\/produto\/seachem-purigen-100-ml\/"]}]},{"@type":"ImageObject","inLanguage":"es","@id":"https:\/\/ornaqua.pt\/produto\/seachem-purigen-100-ml\/#primaryimage","url":"https:\/\/ornaqua.pt\/wp-content\/uploads\/2023\/06\/SC011.jpg","contentUrl":"https:\/\/ornaqua.pt\/wp-content\/uploads\/2023\/06\/SC011.jpg","width":800,"height":800},{"@type":"BreadcrumbList","@id":"https:\/\/ornaqua.pt\/produto\/seachem-purigen-100-ml\/#breadcrumb","itemListElement":[{"@type":"ListItem","position":1,"name":"In\u00edcio","item":"https:\/\/ornaqua.pt\/"},{"@type":"ListItem","position":2,"name":"Produtos","item":"https:\/\/ornaqua.pt\/produtos\/"},{"@type":"ListItem","position":3,"name":"Seachem-Purigen 100 ml"}]},{"@type":"WebSite","@id":"https:\/\/ornaqua.pt\/#website","url":"https:\/\/ornaqua.pt\/","name":"Ornaqua - Loja Online","description":"Reprodu\u00e7\u00e3o, Importa\u00e7\u00e3o e Comercio de Peixes Ornamentais","publisher":{"@id":"https:\/\/ornaqua.pt\/#organization"},"potentialAction":[{"@type":"SearchAction","target":{"@type":"EntryPoint","urlTemplate":"https:\/\/ornaqua.pt\/?s={search_term_string}"},"query-input":{"@type":"PropertyValueSpecification","valueRequired":true,"valueName":"search_term_string"}}],"inLanguage":"es"},{"@type":"Organization","@id":"https:\/\/ornaqua.pt\/#organization","name":"Ornaqua - Reprodu\u00e7\u00e3o, Importa\u00e7\u00e3o e Comercio de Peixes Ornamentais","url":"https:\/\/ornaqua.pt\/","logo":{"@type":"ImageObject","inLanguage":"es","@id":"https:\/\/ornaqua.pt\/#\/schema\/logo\/image\/","url":"https:\/\/ornaqua.pt\/wp-content\/uploads\/2023\/10\/logo_ornaqua_200.png","contentUrl":"https:\/\/ornaqua.pt\/wp-content\/uploads\/2023\/10\/logo_ornaqua_200.png","width":200,"height":97,"caption":"Ornaqua - Reprodu\u00e7\u00e3o, Importa\u00e7\u00e3o e Comercio de Peixes Ornamentais"},"image":{"@id":"https:\/\/ornaqua.pt\/#\/schema\/logo\/image\/"},"sameAs":["https:\/\/www.facebook.com\/ORNAQUA","https:\/\/www.instagram.com\/ornaqua\/"]}]}},"_links":{"self":[{"href":"https:\/\/ornaqua.pt\/es\/wp-json\/wp\/v2\/product\/5096","targetHints":{"allow":["GET"]}}],"collection":[{"href":"https:\/\/ornaqua.pt\/es\/wp-json\/wp\/v2\/product"}],"about":[{"href":"https:\/\/ornaqua.pt\/es\/wp-json\/wp\/v2\/types\/product"}],"wp:featuredmedia":[{"embeddable":true,"href":"https:\/\/ornaqua.pt\/es\/wp-json\/wp\/v2\/media\/5095"}],"wp:attachment":[{"href":"https:\/\/ornaqua.pt\/es\/wp-json\/wp\/v2\/media?parent=5096"}],"wp:term":[{"taxonomy":"product_brand","embeddable":true,"href":"https:\/\/ornaqua.pt\/es\/wp-json\/wp\/v2\/product_brand?post=5096"},{"taxonomy":"product_cat","embeddable":true,"href":"https:\/\/ornaqua.pt\/es\/wp-json\/wp\/v2\/product_cat?post=5096"},{"taxonomy":"product_tag","embeddable":true,"href":"https:\/\/ornaqua.pt\/es\/wp-json\/wp\/v2\/product_tag?post=5096"}],"curies":[{"name":"wp","href":"https:\/\/api.w.org\/{rel}","templated":true}]}}