{"id":5090,"date":"2023-06-09T21:36:32","date_gmt":"2023-06-09T20:36:32","guid":{"rendered":"http:\/\/ornaqua.pt\/produto\/seachem-matrix-carbon-250-ml\/"},"modified":"2025-09-12T10:44:30","modified_gmt":"2025-09-12T09:44:30","slug":"seachem-matrix-carbon-250-ml","status":"publish","type":"product","link":"https:\/\/ornaqua.pt\/es\/producto\/seachem-matrix-carbon-250-ml\/","title":{"rendered":"Seachem-Matrix Carbon 250 ml"},"content":{"rendered":"<p>MatrixCarbon TM \u00e9 um carv\u00e3o ativado realmente \u00fanico. Possui formato esf\u00e9rico para uma \u00f3tima hidrodin\u00e2mica, impedindo a compacta\u00e7\u00e3o. Isto permite um fluxo m\u00e1ximo de \u00e1gua e um maior contato com os microp\u00f3ros de alta densidade. MatrixCarbon TM possui um conte\u00fado muito baixo de cinzas, como indicado, e possui impacto m\u00ednimo sobre o pH, mesmo quando adicionado \u00e1 \u00e1gua destilada, n\u00e3o aumentando o pH acima de 7,0. Enquanto a maioria dos outros carv\u00f5es cont\u00e9m fosfato, negligenciando ou falsamente reinvidicando o contr\u00e1rio, MatrixCarbon TM tem o menor n\u00edvel de fosfato detect\u00e1vel de todos os carv\u00f5es testados. MatrixCarbon TM supera uma grande gama de produtos por pelo menos o dobro quando comparado \u00e0 capacidade total de remo\u00e7\u00e3o de material org\u00e2nico do aqu\u00e1rio, taca de adsor\u00e7\u00e3o e dura\u00e7\u00e3o do uso. \u00c1gua salgada ou \u00c1gua doce. Modo de usar: 250 ml tratam facilmente 400 L por v\u00e1rios meses. Use em uma bolsa de filtro. Enxague antes de usar. Para obter melhores resultados, o MatrixCarbon TM deve ser colocado de modo a maximizar o fluxo de \u00e1gua atrav\u00e9s dele. Pode ser usado em um filtro canister, m\u00f3dulo de filtra\u00e7\u00e3o qu\u00edmica, filtro de caixa ou qualquer \u00e1rea de alto fluxo de um filtro de gotejamento. Mantenha fora do alcance de crian\u00e7as. Uso somente em aqu\u00e1rios. 250 mL trata 400L. <\/p>","protected":false},"excerpt":{"rendered":"<p>MatrixCarbon TM \u00e9 um carv\u00e3o ativado realmente \u00fanico. Possui formato esf\u00e9rico para uma \u00f3tima hidrodin\u00e2mica, impedindo a compacta\u00e7\u00e3o. Isto permite um fluxo m\u00e1ximo de \u00e1gua e um maior contato com os microp\u00f3ros de alta densidade. MatrixCarbon TM possui um conte\u00fado muito baixo de cinzas, como indicado, e possui impacto m\u00ednimo sobre o pH, mesmo quando [&hellip;]<\/p>\n","protected":false},"featured_media":5089,"template":"","meta":{"inline_featured_image":false},"product_brand":[],"product_cat":[45],"product_tag":[],"class_list":{"0":"post-5090","1":"product","2":"type-product","3":"status-publish","4":"has-post-thumbnail","6":"product_cat-equipamentos","8":"first","9":"instock","10":"taxable","11":"shipping-taxable","12":"purchasable","13":"product-type-simple"},"yoast_head":"<!-- This site is optimized with the Yoast SEO plugin v27.1.1 - https:\/\/yoast.com\/product\/yoast-seo-wordpress\/ -->\n<title>Seachem-Matrix Carbon 250 ml - Ornaqua - Reprodu\u00e7\u00e3o, Importa\u00e7\u00e3o e Comercio de Peixes Ornamentais<\/title>\n<meta name=\"robots\" content=\"index, follow, max-snippet:-1, max-image-preview:large, max-video-preview:-1\" \/>\n<link rel=\"canonical\" href=\"https:\/\/ornaqua.pt\/es\/producto\/seachem-matrix-carbon-250-ml\/\" \/>\n<meta property=\"og:locale\" content=\"es_ES\" \/>\n<meta property=\"og:type\" content=\"article\" \/>\n<meta property=\"og:title\" content=\"Seachem-Matrix Carbon 250 ml - Ornaqua - Reprodu\u00e7\u00e3o, Importa\u00e7\u00e3o e Comercio de Peixes Ornamentais\" \/>\n<meta property=\"og:description\" content=\"MatrixCarbon TM \u00e9 um carv\u00e3o ativado realmente \u00fanico. Possui formato esf\u00e9rico para uma \u00f3tima hidrodin\u00e2mica, impedindo a compacta\u00e7\u00e3o. Isto permite um fluxo m\u00e1ximo de \u00e1gua e um maior contato com os microp\u00f3ros de alta densidade. MatrixCarbon TM possui um conte\u00fado muito baixo de cinzas, como indicado, e possui impacto m\u00ednimo sobre o pH, mesmo quando [&hellip;]\" \/>\n<meta property=\"og:url\" content=\"https:\/\/ornaqua.pt\/es\/producto\/seachem-matrix-carbon-250-ml\/\" \/>\n<meta property=\"og:site_name\" content=\"Ornaqua - Reprodu\u00e7\u00e3o, Importa\u00e7\u00e3o e Comercio de Peixes Ornamentais\" \/>\n<meta property=\"article:publisher\" content=\"https:\/\/www.facebook.com\/ORNAQUA\" \/>\n<meta property=\"article:modified_time\" content=\"2025-09-12T09:44:30+00:00\" \/>\n<meta property=\"og:image\" content=\"https:\/\/ornaqua.pt\/wp-content\/uploads\/2023\/06\/SC007.jpg\" \/>\n\t<meta property=\"og:image:width\" content=\"800\" \/>\n\t<meta property=\"og:image:height\" content=\"800\" \/>\n\t<meta property=\"og:image:type\" content=\"image\/jpeg\" \/>\n<meta name=\"twitter:card\" content=\"summary_large_image\" \/>\n<meta name=\"twitter:label1\" content=\"Tiempo de lectura\" \/>\n\t<meta name=\"twitter:data1\" content=\"1 minuto\" \/>\n<script type=\"application\/ld+json\" class=\"yoast-schema-graph\">{\"@context\":\"https:\/\/schema.org\",\"@graph\":[{\"@type\":\"WebPage\",\"@id\":\"https:\/\/ornaqua.pt\/produto\/seachem-matrix-carbon-250-ml\/\",\"url\":\"https:\/\/ornaqua.pt\/produto\/seachem-matrix-carbon-250-ml\/\",\"name\":\"Seachem-Matrix Carbon 250 ml - Ornaqua - Reprodu\u00e7\u00e3o, Importa\u00e7\u00e3o e Comercio de Peixes Ornamentais\",\"isPartOf\":{\"@id\":\"https:\/\/ornaqua.pt\/#website\"},\"primaryImageOfPage\":{\"@id\":\"https:\/\/ornaqua.pt\/produto\/seachem-matrix-carbon-250-ml\/#primaryimage\"},\"image\":{\"@id\":\"https:\/\/ornaqua.pt\/produto\/seachem-matrix-carbon-250-ml\/#primaryimage\"},\"thumbnailUrl\":\"https:\/\/ornaqua.pt\/wp-content\/uploads\/2023\/06\/SC007.jpg\",\"datePublished\":\"2023-06-09T20:36:32+00:00\",\"dateModified\":\"2025-09-12T09:44:30+00:00\",\"breadcrumb\":{\"@id\":\"https:\/\/ornaqua.pt\/produto\/seachem-matrix-carbon-250-ml\/#breadcrumb\"},\"inLanguage\":\"es\",\"potentialAction\":[{\"@type\":\"ReadAction\",\"target\":[\"https:\/\/ornaqua.pt\/produto\/seachem-matrix-carbon-250-ml\/\"]}]},{\"@type\":\"ImageObject\",\"inLanguage\":\"es\",\"@id\":\"https:\/\/ornaqua.pt\/produto\/seachem-matrix-carbon-250-ml\/#primaryimage\",\"url\":\"https:\/\/ornaqua.pt\/wp-content\/uploads\/2023\/06\/SC007.jpg\",\"contentUrl\":\"https:\/\/ornaqua.pt\/wp-content\/uploads\/2023\/06\/SC007.jpg\",\"width\":800,\"height\":800},{\"@type\":\"BreadcrumbList\",\"@id\":\"https:\/\/ornaqua.pt\/produto\/seachem-matrix-carbon-250-ml\/#breadcrumb\",\"itemListElement\":[{\"@type\":\"ListItem\",\"position\":1,\"name\":\"In\u00edcio\",\"item\":\"https:\/\/ornaqua.pt\/\"},{\"@type\":\"ListItem\",\"position\":2,\"name\":\"Produtos\",\"item\":\"https:\/\/ornaqua.pt\/produtos\/\"},{\"@type\":\"ListItem\",\"position\":3,\"name\":\"Seachem-Matrix Carbon 250 ml\"}]},{\"@type\":\"WebSite\",\"@id\":\"https:\/\/ornaqua.pt\/#website\",\"url\":\"https:\/\/ornaqua.pt\/\",\"name\":\"Ornaqua - Loja Online\",\"description\":\"Reprodu\u00e7\u00e3o, Importa\u00e7\u00e3o e Comercio de Peixes Ornamentais\",\"publisher\":{\"@id\":\"https:\/\/ornaqua.pt\/#organization\"},\"potentialAction\":[{\"@type\":\"SearchAction\",\"target\":{\"@type\":\"EntryPoint\",\"urlTemplate\":\"https:\/\/ornaqua.pt\/?s={search_term_string}\"},\"query-input\":{\"@type\":\"PropertyValueSpecification\",\"valueRequired\":true,\"valueName\":\"search_term_string\"}}],\"inLanguage\":\"es\"},{\"@type\":\"Organization\",\"@id\":\"https:\/\/ornaqua.pt\/#organization\",\"name\":\"Ornaqua - Reprodu\u00e7\u00e3o, Importa\u00e7\u00e3o e Comercio de Peixes Ornamentais\",\"url\":\"https:\/\/ornaqua.pt\/\",\"logo\":{\"@type\":\"ImageObject\",\"inLanguage\":\"es\",\"@id\":\"https:\/\/ornaqua.pt\/#\/schema\/logo\/image\/\",\"url\":\"https:\/\/ornaqua.pt\/wp-content\/uploads\/2023\/10\/logo_ornaqua_200.png\",\"contentUrl\":\"https:\/\/ornaqua.pt\/wp-content\/uploads\/2023\/10\/logo_ornaqua_200.png\",\"width\":200,\"height\":97,\"caption\":\"Ornaqua - Reprodu\u00e7\u00e3o, Importa\u00e7\u00e3o e Comercio de Peixes Ornamentais\"},\"image\":{\"@id\":\"https:\/\/ornaqua.pt\/#\/schema\/logo\/image\/\"},\"sameAs\":[\"https:\/\/www.facebook.com\/ORNAQUA\",\"https:\/\/www.instagram.com\/ornaqua\/\"]}]}<\/script>\n<!-- \/ Yoast SEO plugin. -->","yoast_head_json":{"title":"Seachem-Matrix Carbon 250 ml - Ornaqua - Reprodu\u00e7\u00e3o, Importa\u00e7\u00e3o e Comercio de Peixes Ornamentais","robots":{"index":"index","follow":"follow","max-snippet":"max-snippet:-1","max-image-preview":"max-image-preview:large","max-video-preview":"max-video-preview:-1"},"canonical":"https:\/\/ornaqua.pt\/es\/producto\/seachem-matrix-carbon-250-ml\/","og_locale":"es_ES","og_type":"article","og_title":"Seachem-Matrix Carbon 250 ml - Ornaqua - Reprodu\u00e7\u00e3o, Importa\u00e7\u00e3o e Comercio de Peixes Ornamentais","og_description":"MatrixCarbon TM \u00e9 um carv\u00e3o ativado realmente \u00fanico. Possui formato esf\u00e9rico para uma \u00f3tima hidrodin\u00e2mica, impedindo a compacta\u00e7\u00e3o. Isto permite um fluxo m\u00e1ximo de \u00e1gua e um maior contato com os microp\u00f3ros de alta densidade. MatrixCarbon TM possui um conte\u00fado muito baixo de cinzas, como indicado, e possui impacto m\u00ednimo sobre o pH, mesmo quando [&hellip;]","og_url":"https:\/\/ornaqua.pt\/es\/producto\/seachem-matrix-carbon-250-ml\/","og_site_name":"Ornaqua - Reprodu\u00e7\u00e3o, Importa\u00e7\u00e3o e Comercio de Peixes Ornamentais","article_publisher":"https:\/\/www.facebook.com\/ORNAQUA","article_modified_time":"2025-09-12T09:44:30+00:00","og_image":[{"width":800,"height":800,"url":"https:\/\/ornaqua.pt\/wp-content\/uploads\/2023\/06\/SC007.jpg","type":"image\/jpeg"}],"twitter_card":"summary_large_image","twitter_misc":{"Tiempo de lectura":"1 minuto"},"schema":{"@context":"https:\/\/schema.org","@graph":[{"@type":"WebPage","@id":"https:\/\/ornaqua.pt\/produto\/seachem-matrix-carbon-250-ml\/","url":"https:\/\/ornaqua.pt\/produto\/seachem-matrix-carbon-250-ml\/","name":"Seachem-Matrix Carbon 250 ml - Ornaqua - Reprodu\u00e7\u00e3o, Importa\u00e7\u00e3o e Comercio de Peixes Ornamentais","isPartOf":{"@id":"https:\/\/ornaqua.pt\/#website"},"primaryImageOfPage":{"@id":"https:\/\/ornaqua.pt\/produto\/seachem-matrix-carbon-250-ml\/#primaryimage"},"image":{"@id":"https:\/\/ornaqua.pt\/produto\/seachem-matrix-carbon-250-ml\/#primaryimage"},"thumbnailUrl":"https:\/\/ornaqua.pt\/wp-content\/uploads\/2023\/06\/SC007.jpg","datePublished":"2023-06-09T20:36:32+00:00","dateModified":"2025-09-12T09:44:30+00:00","breadcrumb":{"@id":"https:\/\/ornaqua.pt\/produto\/seachem-matrix-carbon-250-ml\/#breadcrumb"},"inLanguage":"es","potentialAction":[{"@type":"ReadAction","target":["https:\/\/ornaqua.pt\/produto\/seachem-matrix-carbon-250-ml\/"]}]},{"@type":"ImageObject","inLanguage":"es","@id":"https:\/\/ornaqua.pt\/produto\/seachem-matrix-carbon-250-ml\/#primaryimage","url":"https:\/\/ornaqua.pt\/wp-content\/uploads\/2023\/06\/SC007.jpg","contentUrl":"https:\/\/ornaqua.pt\/wp-content\/uploads\/2023\/06\/SC007.jpg","width":800,"height":800},{"@type":"BreadcrumbList","@id":"https:\/\/ornaqua.pt\/produto\/seachem-matrix-carbon-250-ml\/#breadcrumb","itemListElement":[{"@type":"ListItem","position":1,"name":"In\u00edcio","item":"https:\/\/ornaqua.pt\/"},{"@type":"ListItem","position":2,"name":"Produtos","item":"https:\/\/ornaqua.pt\/produtos\/"},{"@type":"ListItem","position":3,"name":"Seachem-Matrix Carbon 250 ml"}]},{"@type":"WebSite","@id":"https:\/\/ornaqua.pt\/#website","url":"https:\/\/ornaqua.pt\/","name":"Ornaqua - Loja Online","description":"Reprodu\u00e7\u00e3o, Importa\u00e7\u00e3o e Comercio de Peixes Ornamentais","publisher":{"@id":"https:\/\/ornaqua.pt\/#organization"},"potentialAction":[{"@type":"SearchAction","target":{"@type":"EntryPoint","urlTemplate":"https:\/\/ornaqua.pt\/?s={search_term_string}"},"query-input":{"@type":"PropertyValueSpecification","valueRequired":true,"valueName":"search_term_string"}}],"inLanguage":"es"},{"@type":"Organization","@id":"https:\/\/ornaqua.pt\/#organization","name":"Ornaqua - Reprodu\u00e7\u00e3o, Importa\u00e7\u00e3o e Comercio de Peixes Ornamentais","url":"https:\/\/ornaqua.pt\/","logo":{"@type":"ImageObject","inLanguage":"es","@id":"https:\/\/ornaqua.pt\/#\/schema\/logo\/image\/","url":"https:\/\/ornaqua.pt\/wp-content\/uploads\/2023\/10\/logo_ornaqua_200.png","contentUrl":"https:\/\/ornaqua.pt\/wp-content\/uploads\/2023\/10\/logo_ornaqua_200.png","width":200,"height":97,"caption":"Ornaqua - Reprodu\u00e7\u00e3o, Importa\u00e7\u00e3o e Comercio de Peixes Ornamentais"},"image":{"@id":"https:\/\/ornaqua.pt\/#\/schema\/logo\/image\/"},"sameAs":["https:\/\/www.facebook.com\/ORNAQUA","https:\/\/www.instagram.com\/ornaqua\/"]}]}},"_links":{"self":[{"href":"https:\/\/ornaqua.pt\/es\/wp-json\/wp\/v2\/product\/5090","targetHints":{"allow":["GET"]}}],"collection":[{"href":"https:\/\/ornaqua.pt\/es\/wp-json\/wp\/v2\/product"}],"about":[{"href":"https:\/\/ornaqua.pt\/es\/wp-json\/wp\/v2\/types\/product"}],"wp:featuredmedia":[{"embeddable":true,"href":"https:\/\/ornaqua.pt\/es\/wp-json\/wp\/v2\/media\/5089"}],"wp:attachment":[{"href":"https:\/\/ornaqua.pt\/es\/wp-json\/wp\/v2\/media?parent=5090"}],"wp:term":[{"taxonomy":"product_brand","embeddable":true,"href":"https:\/\/ornaqua.pt\/es\/wp-json\/wp\/v2\/product_brand?post=5090"},{"taxonomy":"product_cat","embeddable":true,"href":"https:\/\/ornaqua.pt\/es\/wp-json\/wp\/v2\/product_cat?post=5090"},{"taxonomy":"product_tag","embeddable":true,"href":"https:\/\/ornaqua.pt\/es\/wp-json\/wp\/v2\/product_tag?post=5090"}],"curies":[{"name":"wp","href":"https:\/\/api.w.org\/{rel}","templated":true}]}}