{"id":5077,"date":"2023-06-09T21:29:56","date_gmt":"2023-06-09T20:29:56","guid":{"rendered":"http:\/\/ornaqua.pt\/produto\/seachem-filtro-de-cascada-tidal-35\/"},"modified":"2025-06-12T14:38:24","modified_gmt":"2025-06-12T13:38:24","slug":"seachem-filtro-de-cascada-tidal-35","status":"publish","type":"product","link":"https:\/\/ornaqua.pt\/es\/producto\/seachem-filtro-de-cascada-tidal-35\/","title":{"rendered":"Seachem-Filtro de Cascada TIDAL 35"},"content":{"rendered":"<p>Especifica\u00e7\u00f5es t\u00e9cnicas<br \/>\nTamanho do Aqu\u00e1rio<br \/>\nAt\u00e9 35 gal\u00f5es americanos (130 litros)<br \/>\nQuociente de vaz\u00e3o<br \/>\n130 US GPH (500 L\/H)<br \/>\nWatts<br \/>\n6 &#8211; (120 v &#8211; 60 Hz)<br \/>\n5 &#8211; (230 v &#8211; 50 Hz)<br \/>\nVolume do filtro<br \/>\n0,2 gal\u00f5es americanos (0,7 litros)<br \/>\nCaracter\u00edsticas: Tampa do filtro revers\u00edvel; Dispositivo de alerta de manuten\u00e7\u00e3o; Preven\u00e7\u00e3o contra transbordamento; Cesto do filtro de grande capacidade; Fluxo de retorno de aera\u00e7\u00e3o; Regula\u00e7\u00e3o de fluxo; Escumadeira de superf\u00edcie; Ingest\u00e3o subsuperficial; Bot\u00e3o de nivelamento; Bomba autoescorvante; Rotor autolimpante.<\/p>","protected":false},"excerpt":{"rendered":"<p>Especifica\u00e7\u00f5es t\u00e9cnicas Tamanho do Aqu\u00e1rio At\u00e9 35 gal\u00f5es americanos (130 litros) Quociente de vaz\u00e3o 130 US GPH (500 L\/H) Watts 6 &#8211; (120 v &#8211; 60 Hz) 5 &#8211; (230 v &#8211; 50 Hz) Volume do filtro 0,2 gal\u00f5es americanos (0,7 litros) Caracter\u00edsticas: Tampa do filtro revers\u00edvel; Dispositivo de alerta de manuten\u00e7\u00e3o; Preven\u00e7\u00e3o contra transbordamento; [&hellip;]<\/p>\n","protected":false},"featured_media":5076,"template":"","meta":{"inline_featured_image":false},"product_brand":[],"product_cat":[45],"product_tag":[],"class_list":{"0":"post-5077","1":"product","2":"type-product","3":"status-publish","4":"has-post-thumbnail","6":"product_cat-equipamentos","8":"first","9":"instock","10":"taxable","11":"shipping-taxable","12":"purchasable","13":"product-type-simple"},"yoast_head":"<!-- This site is optimized with the Yoast SEO plugin v27.1.1 - https:\/\/yoast.com\/product\/yoast-seo-wordpress\/ -->\n<title>Seachem-Filtro de Cascada TIDAL 35 - Ornaqua - Reprodu\u00e7\u00e3o, Importa\u00e7\u00e3o e Comercio de Peixes Ornamentais<\/title>\n<meta name=\"robots\" content=\"index, follow, max-snippet:-1, max-image-preview:large, max-video-preview:-1\" \/>\n<link rel=\"canonical\" href=\"https:\/\/ornaqua.pt\/es\/producto\/seachem-filtro-de-cascada-tidal-35\/\" \/>\n<meta property=\"og:locale\" content=\"es_ES\" \/>\n<meta property=\"og:type\" content=\"article\" \/>\n<meta property=\"og:title\" content=\"Seachem-Filtro de Cascada TIDAL 35 - Ornaqua - Reprodu\u00e7\u00e3o, Importa\u00e7\u00e3o e Comercio de Peixes Ornamentais\" \/>\n<meta property=\"og:description\" content=\"Especifica\u00e7\u00f5es t\u00e9cnicas Tamanho do Aqu\u00e1rio At\u00e9 35 gal\u00f5es americanos (130 litros) Quociente de vaz\u00e3o 130 US GPH (500 L\/H) Watts 6 &#8211; (120 v &#8211; 60 Hz) 5 &#8211; (230 v &#8211; 50 Hz) Volume do filtro 0,2 gal\u00f5es americanos (0,7 litros) Caracter\u00edsticas: Tampa do filtro revers\u00edvel; Dispositivo de alerta de manuten\u00e7\u00e3o; Preven\u00e7\u00e3o contra transbordamento; [&hellip;]\" \/>\n<meta property=\"og:url\" content=\"https:\/\/ornaqua.pt\/es\/producto\/seachem-filtro-de-cascada-tidal-35\/\" \/>\n<meta property=\"og:site_name\" content=\"Ornaqua - Reprodu\u00e7\u00e3o, Importa\u00e7\u00e3o e Comercio de Peixes Ornamentais\" \/>\n<meta property=\"article:publisher\" content=\"https:\/\/www.facebook.com\/ORNAQUA\" \/>\n<meta property=\"article:modified_time\" content=\"2025-06-12T13:38:24+00:00\" \/>\n<meta property=\"og:image\" content=\"https:\/\/ornaqua.pt\/wp-content\/uploads\/2023\/06\/SC001.jpg\" \/>\n\t<meta property=\"og:image:width\" content=\"800\" \/>\n\t<meta property=\"og:image:height\" content=\"800\" \/>\n\t<meta property=\"og:image:type\" content=\"image\/jpeg\" \/>\n<meta name=\"twitter:card\" content=\"summary_large_image\" \/>\n<script type=\"application\/ld+json\" class=\"yoast-schema-graph\">{\"@context\":\"https:\/\/schema.org\",\"@graph\":[{\"@type\":\"WebPage\",\"@id\":\"https:\/\/ornaqua.pt\/produto\/seachem-filtro-de-cascada-tidal-35\/\",\"url\":\"https:\/\/ornaqua.pt\/produto\/seachem-filtro-de-cascada-tidal-35\/\",\"name\":\"Seachem-Filtro de Cascada TIDAL 35 - Ornaqua - Reprodu\u00e7\u00e3o, Importa\u00e7\u00e3o e Comercio de Peixes Ornamentais\",\"isPartOf\":{\"@id\":\"https:\/\/ornaqua.pt\/#website\"},\"primaryImageOfPage\":{\"@id\":\"https:\/\/ornaqua.pt\/produto\/seachem-filtro-de-cascada-tidal-35\/#primaryimage\"},\"image\":{\"@id\":\"https:\/\/ornaqua.pt\/produto\/seachem-filtro-de-cascada-tidal-35\/#primaryimage\"},\"thumbnailUrl\":\"https:\/\/ornaqua.pt\/wp-content\/uploads\/2023\/06\/SC001.jpg\",\"datePublished\":\"2023-06-09T20:29:56+00:00\",\"dateModified\":\"2025-06-12T13:38:24+00:00\",\"breadcrumb\":{\"@id\":\"https:\/\/ornaqua.pt\/produto\/seachem-filtro-de-cascada-tidal-35\/#breadcrumb\"},\"inLanguage\":\"es\",\"potentialAction\":[{\"@type\":\"ReadAction\",\"target\":[\"https:\/\/ornaqua.pt\/produto\/seachem-filtro-de-cascada-tidal-35\/\"]}]},{\"@type\":\"ImageObject\",\"inLanguage\":\"es\",\"@id\":\"https:\/\/ornaqua.pt\/produto\/seachem-filtro-de-cascada-tidal-35\/#primaryimage\",\"url\":\"https:\/\/ornaqua.pt\/wp-content\/uploads\/2023\/06\/SC001.jpg\",\"contentUrl\":\"https:\/\/ornaqua.pt\/wp-content\/uploads\/2023\/06\/SC001.jpg\",\"width\":800,\"height\":800},{\"@type\":\"BreadcrumbList\",\"@id\":\"https:\/\/ornaqua.pt\/produto\/seachem-filtro-de-cascada-tidal-35\/#breadcrumb\",\"itemListElement\":[{\"@type\":\"ListItem\",\"position\":1,\"name\":\"In\u00edcio\",\"item\":\"https:\/\/ornaqua.pt\/\"},{\"@type\":\"ListItem\",\"position\":2,\"name\":\"Produtos\",\"item\":\"https:\/\/ornaqua.pt\/produtos\/\"},{\"@type\":\"ListItem\",\"position\":3,\"name\":\"Seachem-Filtro de Cascada TIDAL 35\"}]},{\"@type\":\"WebSite\",\"@id\":\"https:\/\/ornaqua.pt\/#website\",\"url\":\"https:\/\/ornaqua.pt\/\",\"name\":\"Ornaqua - Loja Online\",\"description\":\"Reprodu\u00e7\u00e3o, Importa\u00e7\u00e3o e Comercio de Peixes Ornamentais\",\"publisher\":{\"@id\":\"https:\/\/ornaqua.pt\/#organization\"},\"potentialAction\":[{\"@type\":\"SearchAction\",\"target\":{\"@type\":\"EntryPoint\",\"urlTemplate\":\"https:\/\/ornaqua.pt\/?s={search_term_string}\"},\"query-input\":{\"@type\":\"PropertyValueSpecification\",\"valueRequired\":true,\"valueName\":\"search_term_string\"}}],\"inLanguage\":\"es\"},{\"@type\":\"Organization\",\"@id\":\"https:\/\/ornaqua.pt\/#organization\",\"name\":\"Ornaqua - Reprodu\u00e7\u00e3o, Importa\u00e7\u00e3o e Comercio de Peixes Ornamentais\",\"url\":\"https:\/\/ornaqua.pt\/\",\"logo\":{\"@type\":\"ImageObject\",\"inLanguage\":\"es\",\"@id\":\"https:\/\/ornaqua.pt\/#\/schema\/logo\/image\/\",\"url\":\"https:\/\/ornaqua.pt\/wp-content\/uploads\/2023\/10\/logo_ornaqua_200.png\",\"contentUrl\":\"https:\/\/ornaqua.pt\/wp-content\/uploads\/2023\/10\/logo_ornaqua_200.png\",\"width\":200,\"height\":97,\"caption\":\"Ornaqua - Reprodu\u00e7\u00e3o, Importa\u00e7\u00e3o e Comercio de Peixes Ornamentais\"},\"image\":{\"@id\":\"https:\/\/ornaqua.pt\/#\/schema\/logo\/image\/\"},\"sameAs\":[\"https:\/\/www.facebook.com\/ORNAQUA\",\"https:\/\/www.instagram.com\/ornaqua\/\"]}]}<\/script>\n<!-- \/ Yoast SEO plugin. -->","yoast_head_json":{"title":"Seachem-Filtro de Cascada TIDAL 35 - Ornaqua - Reprodu\u00e7\u00e3o, Importa\u00e7\u00e3o e Comercio de Peixes Ornamentais","robots":{"index":"index","follow":"follow","max-snippet":"max-snippet:-1","max-image-preview":"max-image-preview:large","max-video-preview":"max-video-preview:-1"},"canonical":"https:\/\/ornaqua.pt\/es\/producto\/seachem-filtro-de-cascada-tidal-35\/","og_locale":"es_ES","og_type":"article","og_title":"Seachem-Filtro de Cascada TIDAL 35 - Ornaqua - Reprodu\u00e7\u00e3o, Importa\u00e7\u00e3o e Comercio de Peixes Ornamentais","og_description":"Especifica\u00e7\u00f5es t\u00e9cnicas Tamanho do Aqu\u00e1rio At\u00e9 35 gal\u00f5es americanos (130 litros) Quociente de vaz\u00e3o 130 US GPH (500 L\/H) Watts 6 &#8211; (120 v &#8211; 60 Hz) 5 &#8211; (230 v &#8211; 50 Hz) Volume do filtro 0,2 gal\u00f5es americanos (0,7 litros) Caracter\u00edsticas: Tampa do filtro revers\u00edvel; Dispositivo de alerta de manuten\u00e7\u00e3o; Preven\u00e7\u00e3o contra transbordamento; [&hellip;]","og_url":"https:\/\/ornaqua.pt\/es\/producto\/seachem-filtro-de-cascada-tidal-35\/","og_site_name":"Ornaqua - Reprodu\u00e7\u00e3o, Importa\u00e7\u00e3o e Comercio de Peixes Ornamentais","article_publisher":"https:\/\/www.facebook.com\/ORNAQUA","article_modified_time":"2025-06-12T13:38:24+00:00","og_image":[{"width":800,"height":800,"url":"https:\/\/ornaqua.pt\/wp-content\/uploads\/2023\/06\/SC001.jpg","type":"image\/jpeg"}],"twitter_card":"summary_large_image","schema":{"@context":"https:\/\/schema.org","@graph":[{"@type":"WebPage","@id":"https:\/\/ornaqua.pt\/produto\/seachem-filtro-de-cascada-tidal-35\/","url":"https:\/\/ornaqua.pt\/produto\/seachem-filtro-de-cascada-tidal-35\/","name":"Seachem-Filtro de Cascada TIDAL 35 - Ornaqua - Reprodu\u00e7\u00e3o, Importa\u00e7\u00e3o e Comercio de Peixes Ornamentais","isPartOf":{"@id":"https:\/\/ornaqua.pt\/#website"},"primaryImageOfPage":{"@id":"https:\/\/ornaqua.pt\/produto\/seachem-filtro-de-cascada-tidal-35\/#primaryimage"},"image":{"@id":"https:\/\/ornaqua.pt\/produto\/seachem-filtro-de-cascada-tidal-35\/#primaryimage"},"thumbnailUrl":"https:\/\/ornaqua.pt\/wp-content\/uploads\/2023\/06\/SC001.jpg","datePublished":"2023-06-09T20:29:56+00:00","dateModified":"2025-06-12T13:38:24+00:00","breadcrumb":{"@id":"https:\/\/ornaqua.pt\/produto\/seachem-filtro-de-cascada-tidal-35\/#breadcrumb"},"inLanguage":"es","potentialAction":[{"@type":"ReadAction","target":["https:\/\/ornaqua.pt\/produto\/seachem-filtro-de-cascada-tidal-35\/"]}]},{"@type":"ImageObject","inLanguage":"es","@id":"https:\/\/ornaqua.pt\/produto\/seachem-filtro-de-cascada-tidal-35\/#primaryimage","url":"https:\/\/ornaqua.pt\/wp-content\/uploads\/2023\/06\/SC001.jpg","contentUrl":"https:\/\/ornaqua.pt\/wp-content\/uploads\/2023\/06\/SC001.jpg","width":800,"height":800},{"@type":"BreadcrumbList","@id":"https:\/\/ornaqua.pt\/produto\/seachem-filtro-de-cascada-tidal-35\/#breadcrumb","itemListElement":[{"@type":"ListItem","position":1,"name":"In\u00edcio","item":"https:\/\/ornaqua.pt\/"},{"@type":"ListItem","position":2,"name":"Produtos","item":"https:\/\/ornaqua.pt\/produtos\/"},{"@type":"ListItem","position":3,"name":"Seachem-Filtro de Cascada TIDAL 35"}]},{"@type":"WebSite","@id":"https:\/\/ornaqua.pt\/#website","url":"https:\/\/ornaqua.pt\/","name":"Ornaqua - Loja Online","description":"Reprodu\u00e7\u00e3o, Importa\u00e7\u00e3o e Comercio de Peixes Ornamentais","publisher":{"@id":"https:\/\/ornaqua.pt\/#organization"},"potentialAction":[{"@type":"SearchAction","target":{"@type":"EntryPoint","urlTemplate":"https:\/\/ornaqua.pt\/?s={search_term_string}"},"query-input":{"@type":"PropertyValueSpecification","valueRequired":true,"valueName":"search_term_string"}}],"inLanguage":"es"},{"@type":"Organization","@id":"https:\/\/ornaqua.pt\/#organization","name":"Ornaqua - Reprodu\u00e7\u00e3o, Importa\u00e7\u00e3o e Comercio de Peixes Ornamentais","url":"https:\/\/ornaqua.pt\/","logo":{"@type":"ImageObject","inLanguage":"es","@id":"https:\/\/ornaqua.pt\/#\/schema\/logo\/image\/","url":"https:\/\/ornaqua.pt\/wp-content\/uploads\/2023\/10\/logo_ornaqua_200.png","contentUrl":"https:\/\/ornaqua.pt\/wp-content\/uploads\/2023\/10\/logo_ornaqua_200.png","width":200,"height":97,"caption":"Ornaqua - Reprodu\u00e7\u00e3o, Importa\u00e7\u00e3o e Comercio de Peixes Ornamentais"},"image":{"@id":"https:\/\/ornaqua.pt\/#\/schema\/logo\/image\/"},"sameAs":["https:\/\/www.facebook.com\/ORNAQUA","https:\/\/www.instagram.com\/ornaqua\/"]}]}},"_links":{"self":[{"href":"https:\/\/ornaqua.pt\/es\/wp-json\/wp\/v2\/product\/5077","targetHints":{"allow":["GET"]}}],"collection":[{"href":"https:\/\/ornaqua.pt\/es\/wp-json\/wp\/v2\/product"}],"about":[{"href":"https:\/\/ornaqua.pt\/es\/wp-json\/wp\/v2\/types\/product"}],"wp:featuredmedia":[{"embeddable":true,"href":"https:\/\/ornaqua.pt\/es\/wp-json\/wp\/v2\/media\/5076"}],"wp:attachment":[{"href":"https:\/\/ornaqua.pt\/es\/wp-json\/wp\/v2\/media?parent=5077"}],"wp:term":[{"taxonomy":"product_brand","embeddable":true,"href":"https:\/\/ornaqua.pt\/es\/wp-json\/wp\/v2\/product_brand?post=5077"},{"taxonomy":"product_cat","embeddable":true,"href":"https:\/\/ornaqua.pt\/es\/wp-json\/wp\/v2\/product_cat?post=5077"},{"taxonomy":"product_tag","embeddable":true,"href":"https:\/\/ornaqua.pt\/es\/wp-json\/wp\/v2\/product_tag?post=5077"}],"curies":[{"name":"wp","href":"https:\/\/api.w.org\/{rel}","templated":true}]}}