{"id":5059,"date":"2023-06-01T20:57:00","date_gmt":"2023-06-01T19:57:00","guid":{"rendered":"http:\/\/ornaqua.pt\/produto\/tropical-test-ph-45-95\/"},"modified":"2025-03-21T15:54:46","modified_gmt":"2025-03-21T15:54:46","slug":"tropical-test-ph-45-95","status":"publish","type":"product","link":"https:\/\/ornaqua.pt\/es\/producto\/tropical-test-ph-45-95\/","title":{"rendered":"Tropical Test pH 4,5-9,5"},"content":{"rendered":"<p>TESTE pH 4.5-9.5 gotas para o teste aqu\u00e1ri\u00f3filo. Teste pH 4.5-9.5 serve para a medi\u00e7\u00e3o do valor do Ph da \u00e1gua doce e salgada num leque de 4.5 at\u00e9 9.5, com a divis\u00e3o da escala de 0,5 pH. A larga amplitude do teste permite controlar o pH da \u00e1gua no bi\u00f3topo, com valores extremos de pH, os quais s\u00e3o equiparados em condi\u00e7\u00f5es caseiras. Em geral pertence a elas, as \u00e1guas negras da Am\u00e9rica do Sul e as \u00e1guas dos grandes lagos africanos com pH b\u00e1sico. O pH da \u00e1gua \u00e9 um dos mais importantes par\u1eadmetros, o qual decide sobre as condi\u00e7\u00f5es dos peixes. Cada esp\u00e9cies de peixes requere um pH da \u00e1gua ideal para si. Dever\u00e1 se lembrar que os peixes n\u00e3o toleram mudan\u00e7as bruscas de pH &#8211; pode ela ser a causa de s\u00e9rios danos da epiderme sensivel, guelras, barbatanas e olhos. Teste Ph 4.5-9.5 permite um r\u00e1pido e f\u00e1cil maneira de obter informa\u00e7\u00e3o, se a \u00e1gua no aqu\u00e1rio \u00e9 segura para a cria\u00e7\u00e3o de peixes.<\/p>","protected":false},"excerpt":{"rendered":"<p>TESTE pH 4.5-9.5 gotas para o teste aqu\u00e1ri\u00f3filo. Teste pH 4.5-9.5 serve para a medi\u00e7\u00e3o do valor do Ph da \u00e1gua doce e salgada num leque de 4.5 at\u00e9 9.5, com a divis\u00e3o da escala de 0,5 pH. A larga amplitude do teste permite controlar o pH da \u00e1gua no bi\u00f3topo, com valores extremos de [&hellip;]<\/p>\n","protected":false},"featured_media":5058,"template":"","meta":{"inline_featured_image":false},"product_brand":[],"product_cat":[45],"product_tag":[],"class_list":{"0":"post-5059","1":"product","2":"type-product","3":"status-publish","4":"has-post-thumbnail","6":"product_cat-equipamentos","8":"first","9":"outofstock","10":"taxable","11":"shipping-taxable","12":"purchasable","13":"product-type-simple"},"yoast_head":"<!-- This site is optimized with the Yoast SEO plugin v27.1.1 - https:\/\/yoast.com\/product\/yoast-seo-wordpress\/ -->\n<title>Tropical Test pH 4,5-9,5 - Ornaqua - Reprodu\u00e7\u00e3o, Importa\u00e7\u00e3o e Comercio de Peixes Ornamentais<\/title>\n<meta name=\"robots\" content=\"index, follow, max-snippet:-1, max-image-preview:large, max-video-preview:-1\" \/>\n<link rel=\"canonical\" href=\"https:\/\/ornaqua.pt\/es\/producto\/tropical-test-ph-45-95\/\" \/>\n<meta property=\"og:locale\" content=\"es_ES\" \/>\n<meta property=\"og:type\" content=\"article\" \/>\n<meta property=\"og:title\" content=\"Tropical Test pH 4,5-9,5 - Ornaqua - Reprodu\u00e7\u00e3o, Importa\u00e7\u00e3o e Comercio de Peixes Ornamentais\" \/>\n<meta property=\"og:description\" content=\"TESTE pH 4.5-9.5 gotas para o teste aqu\u00e1ri\u00f3filo. Teste pH 4.5-9.5 serve para a medi\u00e7\u00e3o do valor do Ph da \u00e1gua doce e salgada num leque de 4.5 at\u00e9 9.5, com a divis\u00e3o da escala de 0,5 pH. A larga amplitude do teste permite controlar o pH da \u00e1gua no bi\u00f3topo, com valores extremos de [&hellip;]\" \/>\n<meta property=\"og:url\" content=\"https:\/\/ornaqua.pt\/es\/producto\/tropical-test-ph-45-95\/\" \/>\n<meta property=\"og:site_name\" content=\"Ornaqua - Reprodu\u00e7\u00e3o, Importa\u00e7\u00e3o e Comercio de Peixes Ornamentais\" \/>\n<meta property=\"article:publisher\" content=\"https:\/\/www.facebook.com\/ORNAQUA\" \/>\n<meta property=\"article:modified_time\" content=\"2025-03-21T15:54:46+00:00\" \/>\n<meta property=\"og:image\" content=\"https:\/\/ornaqua.pt\/wp-content\/uploads\/2023\/06\/TR036.jpg\" \/>\n\t<meta property=\"og:image:width\" content=\"800\" \/>\n\t<meta property=\"og:image:height\" content=\"800\" \/>\n\t<meta property=\"og:image:type\" content=\"image\/jpeg\" \/>\n<meta name=\"twitter:card\" content=\"summary_large_image\" \/>\n<meta name=\"twitter:label1\" content=\"Tiempo de lectura\" \/>\n\t<meta name=\"twitter:data1\" content=\"1 minuto\" \/>\n<script type=\"application\/ld+json\" class=\"yoast-schema-graph\">{\"@context\":\"https:\/\/schema.org\",\"@graph\":[{\"@type\":\"WebPage\",\"@id\":\"https:\/\/ornaqua.pt\/produto\/tropical-test-ph-45-95\/\",\"url\":\"https:\/\/ornaqua.pt\/produto\/tropical-test-ph-45-95\/\",\"name\":\"Tropical Test pH 4,5-9,5 - Ornaqua - Reprodu\u00e7\u00e3o, Importa\u00e7\u00e3o e Comercio de Peixes Ornamentais\",\"isPartOf\":{\"@id\":\"https:\/\/ornaqua.pt\/#website\"},\"primaryImageOfPage\":{\"@id\":\"https:\/\/ornaqua.pt\/produto\/tropical-test-ph-45-95\/#primaryimage\"},\"image\":{\"@id\":\"https:\/\/ornaqua.pt\/produto\/tropical-test-ph-45-95\/#primaryimage\"},\"thumbnailUrl\":\"https:\/\/ornaqua.pt\/wp-content\/uploads\/2023\/06\/TR036.jpg\",\"datePublished\":\"2023-06-01T19:57:00+00:00\",\"dateModified\":\"2025-03-21T15:54:46+00:00\",\"breadcrumb\":{\"@id\":\"https:\/\/ornaqua.pt\/produto\/tropical-test-ph-45-95\/#breadcrumb\"},\"inLanguage\":\"es\",\"potentialAction\":[{\"@type\":\"ReadAction\",\"target\":[\"https:\/\/ornaqua.pt\/produto\/tropical-test-ph-45-95\/\"]}]},{\"@type\":\"ImageObject\",\"inLanguage\":\"es\",\"@id\":\"https:\/\/ornaqua.pt\/produto\/tropical-test-ph-45-95\/#primaryimage\",\"url\":\"https:\/\/ornaqua.pt\/wp-content\/uploads\/2023\/06\/TR036.jpg\",\"contentUrl\":\"https:\/\/ornaqua.pt\/wp-content\/uploads\/2023\/06\/TR036.jpg\",\"width\":800,\"height\":800},{\"@type\":\"BreadcrumbList\",\"@id\":\"https:\/\/ornaqua.pt\/produto\/tropical-test-ph-45-95\/#breadcrumb\",\"itemListElement\":[{\"@type\":\"ListItem\",\"position\":1,\"name\":\"In\u00edcio\",\"item\":\"https:\/\/ornaqua.pt\/\"},{\"@type\":\"ListItem\",\"position\":2,\"name\":\"Produtos\",\"item\":\"https:\/\/ornaqua.pt\/produtos\/\"},{\"@type\":\"ListItem\",\"position\":3,\"name\":\"Tropical Test pH 4,5-9,5\"}]},{\"@type\":\"WebSite\",\"@id\":\"https:\/\/ornaqua.pt\/#website\",\"url\":\"https:\/\/ornaqua.pt\/\",\"name\":\"Ornaqua - Loja Online\",\"description\":\"Reprodu\u00e7\u00e3o, Importa\u00e7\u00e3o e Comercio de Peixes Ornamentais\",\"publisher\":{\"@id\":\"https:\/\/ornaqua.pt\/#organization\"},\"potentialAction\":[{\"@type\":\"SearchAction\",\"target\":{\"@type\":\"EntryPoint\",\"urlTemplate\":\"https:\/\/ornaqua.pt\/?s={search_term_string}\"},\"query-input\":{\"@type\":\"PropertyValueSpecification\",\"valueRequired\":true,\"valueName\":\"search_term_string\"}}],\"inLanguage\":\"es\"},{\"@type\":\"Organization\",\"@id\":\"https:\/\/ornaqua.pt\/#organization\",\"name\":\"Ornaqua - Reprodu\u00e7\u00e3o, Importa\u00e7\u00e3o e Comercio de Peixes Ornamentais\",\"url\":\"https:\/\/ornaqua.pt\/\",\"logo\":{\"@type\":\"ImageObject\",\"inLanguage\":\"es\",\"@id\":\"https:\/\/ornaqua.pt\/#\/schema\/logo\/image\/\",\"url\":\"https:\/\/ornaqua.pt\/wp-content\/uploads\/2023\/10\/logo_ornaqua_200.png\",\"contentUrl\":\"https:\/\/ornaqua.pt\/wp-content\/uploads\/2023\/10\/logo_ornaqua_200.png\",\"width\":200,\"height\":97,\"caption\":\"Ornaqua - Reprodu\u00e7\u00e3o, Importa\u00e7\u00e3o e Comercio de Peixes Ornamentais\"},\"image\":{\"@id\":\"https:\/\/ornaqua.pt\/#\/schema\/logo\/image\/\"},\"sameAs\":[\"https:\/\/www.facebook.com\/ORNAQUA\",\"https:\/\/www.instagram.com\/ornaqua\/\"]}]}<\/script>\n<!-- \/ Yoast SEO plugin. -->","yoast_head_json":{"title":"Tropical Test pH 4,5-9,5 - Ornaqua - Reprodu\u00e7\u00e3o, Importa\u00e7\u00e3o e Comercio de Peixes Ornamentais","robots":{"index":"index","follow":"follow","max-snippet":"max-snippet:-1","max-image-preview":"max-image-preview:large","max-video-preview":"max-video-preview:-1"},"canonical":"https:\/\/ornaqua.pt\/es\/producto\/tropical-test-ph-45-95\/","og_locale":"es_ES","og_type":"article","og_title":"Tropical Test pH 4,5-9,5 - Ornaqua - Reprodu\u00e7\u00e3o, Importa\u00e7\u00e3o e Comercio de Peixes Ornamentais","og_description":"TESTE pH 4.5-9.5 gotas para o teste aqu\u00e1ri\u00f3filo. Teste pH 4.5-9.5 serve para a medi\u00e7\u00e3o do valor do Ph da \u00e1gua doce e salgada num leque de 4.5 at\u00e9 9.5, com a divis\u00e3o da escala de 0,5 pH. A larga amplitude do teste permite controlar o pH da \u00e1gua no bi\u00f3topo, com valores extremos de [&hellip;]","og_url":"https:\/\/ornaqua.pt\/es\/producto\/tropical-test-ph-45-95\/","og_site_name":"Ornaqua - Reprodu\u00e7\u00e3o, Importa\u00e7\u00e3o e Comercio de Peixes Ornamentais","article_publisher":"https:\/\/www.facebook.com\/ORNAQUA","article_modified_time":"2025-03-21T15:54:46+00:00","og_image":[{"width":800,"height":800,"url":"https:\/\/ornaqua.pt\/wp-content\/uploads\/2023\/06\/TR036.jpg","type":"image\/jpeg"}],"twitter_card":"summary_large_image","twitter_misc":{"Tiempo de lectura":"1 minuto"},"schema":{"@context":"https:\/\/schema.org","@graph":[{"@type":"WebPage","@id":"https:\/\/ornaqua.pt\/produto\/tropical-test-ph-45-95\/","url":"https:\/\/ornaqua.pt\/produto\/tropical-test-ph-45-95\/","name":"Tropical Test pH 4,5-9,5 - Ornaqua - Reprodu\u00e7\u00e3o, Importa\u00e7\u00e3o e Comercio de Peixes Ornamentais","isPartOf":{"@id":"https:\/\/ornaqua.pt\/#website"},"primaryImageOfPage":{"@id":"https:\/\/ornaqua.pt\/produto\/tropical-test-ph-45-95\/#primaryimage"},"image":{"@id":"https:\/\/ornaqua.pt\/produto\/tropical-test-ph-45-95\/#primaryimage"},"thumbnailUrl":"https:\/\/ornaqua.pt\/wp-content\/uploads\/2023\/06\/TR036.jpg","datePublished":"2023-06-01T19:57:00+00:00","dateModified":"2025-03-21T15:54:46+00:00","breadcrumb":{"@id":"https:\/\/ornaqua.pt\/produto\/tropical-test-ph-45-95\/#breadcrumb"},"inLanguage":"es","potentialAction":[{"@type":"ReadAction","target":["https:\/\/ornaqua.pt\/produto\/tropical-test-ph-45-95\/"]}]},{"@type":"ImageObject","inLanguage":"es","@id":"https:\/\/ornaqua.pt\/produto\/tropical-test-ph-45-95\/#primaryimage","url":"https:\/\/ornaqua.pt\/wp-content\/uploads\/2023\/06\/TR036.jpg","contentUrl":"https:\/\/ornaqua.pt\/wp-content\/uploads\/2023\/06\/TR036.jpg","width":800,"height":800},{"@type":"BreadcrumbList","@id":"https:\/\/ornaqua.pt\/produto\/tropical-test-ph-45-95\/#breadcrumb","itemListElement":[{"@type":"ListItem","position":1,"name":"In\u00edcio","item":"https:\/\/ornaqua.pt\/"},{"@type":"ListItem","position":2,"name":"Produtos","item":"https:\/\/ornaqua.pt\/produtos\/"},{"@type":"ListItem","position":3,"name":"Tropical Test pH 4,5-9,5"}]},{"@type":"WebSite","@id":"https:\/\/ornaqua.pt\/#website","url":"https:\/\/ornaqua.pt\/","name":"Ornaqua - Loja Online","description":"Reprodu\u00e7\u00e3o, Importa\u00e7\u00e3o e Comercio de Peixes Ornamentais","publisher":{"@id":"https:\/\/ornaqua.pt\/#organization"},"potentialAction":[{"@type":"SearchAction","target":{"@type":"EntryPoint","urlTemplate":"https:\/\/ornaqua.pt\/?s={search_term_string}"},"query-input":{"@type":"PropertyValueSpecification","valueRequired":true,"valueName":"search_term_string"}}],"inLanguage":"es"},{"@type":"Organization","@id":"https:\/\/ornaqua.pt\/#organization","name":"Ornaqua - Reprodu\u00e7\u00e3o, Importa\u00e7\u00e3o e Comercio de Peixes Ornamentais","url":"https:\/\/ornaqua.pt\/","logo":{"@type":"ImageObject","inLanguage":"es","@id":"https:\/\/ornaqua.pt\/#\/schema\/logo\/image\/","url":"https:\/\/ornaqua.pt\/wp-content\/uploads\/2023\/10\/logo_ornaqua_200.png","contentUrl":"https:\/\/ornaqua.pt\/wp-content\/uploads\/2023\/10\/logo_ornaqua_200.png","width":200,"height":97,"caption":"Ornaqua - Reprodu\u00e7\u00e3o, Importa\u00e7\u00e3o e Comercio de Peixes Ornamentais"},"image":{"@id":"https:\/\/ornaqua.pt\/#\/schema\/logo\/image\/"},"sameAs":["https:\/\/www.facebook.com\/ORNAQUA","https:\/\/www.instagram.com\/ornaqua\/"]}]}},"_links":{"self":[{"href":"https:\/\/ornaqua.pt\/es\/wp-json\/wp\/v2\/product\/5059","targetHints":{"allow":["GET"]}}],"collection":[{"href":"https:\/\/ornaqua.pt\/es\/wp-json\/wp\/v2\/product"}],"about":[{"href":"https:\/\/ornaqua.pt\/es\/wp-json\/wp\/v2\/types\/product"}],"wp:featuredmedia":[{"embeddable":true,"href":"https:\/\/ornaqua.pt\/es\/wp-json\/wp\/v2\/media\/5058"}],"wp:attachment":[{"href":"https:\/\/ornaqua.pt\/es\/wp-json\/wp\/v2\/media?parent=5059"}],"wp:term":[{"taxonomy":"product_brand","embeddable":true,"href":"https:\/\/ornaqua.pt\/es\/wp-json\/wp\/v2\/product_brand?post=5059"},{"taxonomy":"product_cat","embeddable":true,"href":"https:\/\/ornaqua.pt\/es\/wp-json\/wp\/v2\/product_cat?post=5059"},{"taxonomy":"product_tag","embeddable":true,"href":"https:\/\/ornaqua.pt\/es\/wp-json\/wp\/v2\/product_tag?post=5059"}],"curies":[{"name":"wp","href":"https:\/\/api.w.org\/{rel}","templated":true}]}}