{"id":4986,"date":"2023-05-29T20:37:02","date_gmt":"2023-05-29T19:37:02","guid":{"rendered":"http:\/\/ornaqua.pt\/produto\/dr-bassleer-biofish-food-cavar-30g\/"},"modified":"2026-01-24T07:24:46","modified_gmt":"2026-01-24T07:24:46","slug":"dr-bassleer-biofish-food-cavar-30g","status":"publish","type":"product","link":"https:\/\/ornaqua.pt\/es\/producto\/dr-bassleer-biofish-food-cavar-30g\/","title":{"rendered":"Dr. Bassleer Biofish Food &#8211; Cavar (30g)"},"content":{"rendered":"<p>Dr. BASSLEER BIOFISH FOOD CAVAR \u00e9 um alimento exclusivo super-premium e cont\u00e9m todos os ingredientes naturais para uma dieta equilibrada. A produ\u00e7\u00e3o \u00e9 feita em um processo especial de baixa temperatura, que preserva todos os nutrientes integrais. \u00c9 particularmente bem aglomerado, com cada microc\u00e1psula individual contendo pept\u00eddeos valiosos, prote\u00ednas de f\u00e1cil digest\u00e3o, nucleot\u00eddeos e micronutrientes quelatados. Este saboroso deleite \u00e9 \u00fanico e \u00e9 popular mesmo com peixes muito exigentes e delicados.<br \/>\nDr. BASSLEER BIOFISH FOOD CAVAR \u00e9 uma alternativa luxuosa aos alimentos congelados. Tamb\u00e9m para o popular nano aquar\u00edstico DR. BASSLEER BIOFISH FOOD CAVAR \u00e9 perfeito. Composi\u00e7\u00e3o: Peixes e derivados de peixes, crust\u00e1ceos, derivados de origem vegetal, \u00f3leos e gorduras, leveduras, algas e minerais.<\/p>","protected":false},"excerpt":{"rendered":"<p>Dr. BASSLEER BIOFISH FOOD CAVAR \u00e9 um alimento exclusivo super-premium e cont\u00e9m todos os ingredientes naturais para uma dieta equilibrada. A produ\u00e7\u00e3o \u00e9 feita em um processo especial de baixa temperatura, que preserva todos os nutrientes integrais. \u00c9 particularmente bem aglomerado, com cada microc\u00e1psula individual contendo pept\u00eddeos valiosos, prote\u00ednas de f\u00e1cil digest\u00e3o, nucleot\u00eddeos e micronutrientes [&hellip;]<\/p>\n","protected":false},"featured_media":4985,"template":"","meta":{"inline_featured_image":false},"product_brand":[],"product_cat":[40],"product_tag":[],"class_list":{"0":"post-4986","1":"product","2":"type-product","3":"status-publish","4":"has-post-thumbnail","6":"product_cat-alimentacao","8":"first","9":"outofstock","10":"taxable","11":"shipping-taxable","12":"purchasable","13":"product-type-simple"},"yoast_head":"<!-- This site is optimized with the Yoast SEO plugin v27.1.1 - https:\/\/yoast.com\/product\/yoast-seo-wordpress\/ -->\n<title>Dr. Bassleer Biofish Food - Cavar (30g) - Ornaqua - Reprodu\u00e7\u00e3o, Importa\u00e7\u00e3o e Comercio de Peixes Ornamentais<\/title>\n<meta name=\"robots\" content=\"index, follow, max-snippet:-1, max-image-preview:large, max-video-preview:-1\" \/>\n<link rel=\"canonical\" href=\"https:\/\/ornaqua.pt\/es\/producto\/dr-bassleer-biofish-food-cavar-30g\/\" \/>\n<meta property=\"og:locale\" content=\"es_ES\" \/>\n<meta property=\"og:type\" content=\"article\" \/>\n<meta property=\"og:title\" content=\"Dr. Bassleer Biofish Food - Cavar (30g) - Ornaqua - Reprodu\u00e7\u00e3o, Importa\u00e7\u00e3o e Comercio de Peixes Ornamentais\" \/>\n<meta property=\"og:description\" content=\"Dr. BASSLEER BIOFISH FOOD CAVAR \u00e9 um alimento exclusivo super-premium e cont\u00e9m todos os ingredientes naturais para uma dieta equilibrada. A produ\u00e7\u00e3o \u00e9 feita em um processo especial de baixa temperatura, que preserva todos os nutrientes integrais. \u00c9 particularmente bem aglomerado, com cada microc\u00e1psula individual contendo pept\u00eddeos valiosos, prote\u00ednas de f\u00e1cil digest\u00e3o, nucleot\u00eddeos e micronutrientes [&hellip;]\" \/>\n<meta property=\"og:url\" content=\"https:\/\/ornaqua.pt\/es\/producto\/dr-bassleer-biofish-food-cavar-30g\/\" \/>\n<meta property=\"og:site_name\" content=\"Ornaqua - Reprodu\u00e7\u00e3o, Importa\u00e7\u00e3o e Comercio de Peixes Ornamentais\" \/>\n<meta property=\"article:publisher\" content=\"https:\/\/www.facebook.com\/ORNAQUA\" \/>\n<meta property=\"article:modified_time\" content=\"2026-01-24T07:24:46+00:00\" \/>\n<meta property=\"og:image\" content=\"https:\/\/ornaqua.pt\/wp-content\/uploads\/2023\/05\/DB039.jpg\" \/>\n\t<meta property=\"og:image:width\" content=\"800\" \/>\n\t<meta property=\"og:image:height\" content=\"800\" \/>\n\t<meta property=\"og:image:type\" content=\"image\/jpeg\" \/>\n<meta name=\"twitter:card\" content=\"summary_large_image\" \/>\n<meta name=\"twitter:label1\" content=\"Tiempo de lectura\" \/>\n\t<meta name=\"twitter:data1\" content=\"1 minuto\" \/>\n<script type=\"application\/ld+json\" class=\"yoast-schema-graph\">{\"@context\":\"https:\/\/schema.org\",\"@graph\":[{\"@type\":\"WebPage\",\"@id\":\"https:\/\/ornaqua.pt\/produto\/dr-bassleer-biofish-food-cavar-30g\/\",\"url\":\"https:\/\/ornaqua.pt\/produto\/dr-bassleer-biofish-food-cavar-30g\/\",\"name\":\"Dr. Bassleer Biofish Food - Cavar (30g) - Ornaqua - Reprodu\u00e7\u00e3o, Importa\u00e7\u00e3o e Comercio de Peixes Ornamentais\",\"isPartOf\":{\"@id\":\"https:\/\/ornaqua.pt\/#website\"},\"primaryImageOfPage\":{\"@id\":\"https:\/\/ornaqua.pt\/produto\/dr-bassleer-biofish-food-cavar-30g\/#primaryimage\"},\"image\":{\"@id\":\"https:\/\/ornaqua.pt\/produto\/dr-bassleer-biofish-food-cavar-30g\/#primaryimage\"},\"thumbnailUrl\":\"https:\/\/ornaqua.pt\/wp-content\/uploads\/2023\/05\/DB039.jpg\",\"datePublished\":\"2023-05-29T19:37:02+00:00\",\"dateModified\":\"2026-01-24T07:24:46+00:00\",\"breadcrumb\":{\"@id\":\"https:\/\/ornaqua.pt\/produto\/dr-bassleer-biofish-food-cavar-30g\/#breadcrumb\"},\"inLanguage\":\"es\",\"potentialAction\":[{\"@type\":\"ReadAction\",\"target\":[\"https:\/\/ornaqua.pt\/produto\/dr-bassleer-biofish-food-cavar-30g\/\"]}]},{\"@type\":\"ImageObject\",\"inLanguage\":\"es\",\"@id\":\"https:\/\/ornaqua.pt\/produto\/dr-bassleer-biofish-food-cavar-30g\/#primaryimage\",\"url\":\"https:\/\/ornaqua.pt\/wp-content\/uploads\/2023\/05\/DB039.jpg\",\"contentUrl\":\"https:\/\/ornaqua.pt\/wp-content\/uploads\/2023\/05\/DB039.jpg\",\"width\":800,\"height\":800},{\"@type\":\"BreadcrumbList\",\"@id\":\"https:\/\/ornaqua.pt\/produto\/dr-bassleer-biofish-food-cavar-30g\/#breadcrumb\",\"itemListElement\":[{\"@type\":\"ListItem\",\"position\":1,\"name\":\"In\u00edcio\",\"item\":\"https:\/\/ornaqua.pt\/\"},{\"@type\":\"ListItem\",\"position\":2,\"name\":\"Produtos\",\"item\":\"https:\/\/ornaqua.pt\/produtos\/\"},{\"@type\":\"ListItem\",\"position\":3,\"name\":\"Dr. Bassleer Biofish Food &#8211; Cavar (30g)\"}]},{\"@type\":\"WebSite\",\"@id\":\"https:\/\/ornaqua.pt\/#website\",\"url\":\"https:\/\/ornaqua.pt\/\",\"name\":\"Ornaqua - Loja Online\",\"description\":\"Reprodu\u00e7\u00e3o, Importa\u00e7\u00e3o e Comercio de Peixes Ornamentais\",\"publisher\":{\"@id\":\"https:\/\/ornaqua.pt\/#organization\"},\"potentialAction\":[{\"@type\":\"SearchAction\",\"target\":{\"@type\":\"EntryPoint\",\"urlTemplate\":\"https:\/\/ornaqua.pt\/?s={search_term_string}\"},\"query-input\":{\"@type\":\"PropertyValueSpecification\",\"valueRequired\":true,\"valueName\":\"search_term_string\"}}],\"inLanguage\":\"es\"},{\"@type\":\"Organization\",\"@id\":\"https:\/\/ornaqua.pt\/#organization\",\"name\":\"Ornaqua - Reprodu\u00e7\u00e3o, Importa\u00e7\u00e3o e Comercio de Peixes Ornamentais\",\"url\":\"https:\/\/ornaqua.pt\/\",\"logo\":{\"@type\":\"ImageObject\",\"inLanguage\":\"es\",\"@id\":\"https:\/\/ornaqua.pt\/#\/schema\/logo\/image\/\",\"url\":\"https:\/\/ornaqua.pt\/wp-content\/uploads\/2023\/10\/logo_ornaqua_200.png\",\"contentUrl\":\"https:\/\/ornaqua.pt\/wp-content\/uploads\/2023\/10\/logo_ornaqua_200.png\",\"width\":200,\"height\":97,\"caption\":\"Ornaqua - Reprodu\u00e7\u00e3o, Importa\u00e7\u00e3o e Comercio de Peixes Ornamentais\"},\"image\":{\"@id\":\"https:\/\/ornaqua.pt\/#\/schema\/logo\/image\/\"},\"sameAs\":[\"https:\/\/www.facebook.com\/ORNAQUA\",\"https:\/\/www.instagram.com\/ornaqua\/\"]}]}<\/script>\n<!-- \/ Yoast SEO plugin. -->","yoast_head_json":{"title":"Dr. Bassleer Biofish Food - Cavar (30g) - Ornaqua - Reprodu\u00e7\u00e3o, Importa\u00e7\u00e3o e Comercio de Peixes Ornamentais","robots":{"index":"index","follow":"follow","max-snippet":"max-snippet:-1","max-image-preview":"max-image-preview:large","max-video-preview":"max-video-preview:-1"},"canonical":"https:\/\/ornaqua.pt\/es\/producto\/dr-bassleer-biofish-food-cavar-30g\/","og_locale":"es_ES","og_type":"article","og_title":"Dr. Bassleer Biofish Food - Cavar (30g) - Ornaqua - Reprodu\u00e7\u00e3o, Importa\u00e7\u00e3o e Comercio de Peixes Ornamentais","og_description":"Dr. BASSLEER BIOFISH FOOD CAVAR \u00e9 um alimento exclusivo super-premium e cont\u00e9m todos os ingredientes naturais para uma dieta equilibrada. A produ\u00e7\u00e3o \u00e9 feita em um processo especial de baixa temperatura, que preserva todos os nutrientes integrais. \u00c9 particularmente bem aglomerado, com cada microc\u00e1psula individual contendo pept\u00eddeos valiosos, prote\u00ednas de f\u00e1cil digest\u00e3o, nucleot\u00eddeos e micronutrientes [&hellip;]","og_url":"https:\/\/ornaqua.pt\/es\/producto\/dr-bassleer-biofish-food-cavar-30g\/","og_site_name":"Ornaqua - Reprodu\u00e7\u00e3o, Importa\u00e7\u00e3o e Comercio de Peixes Ornamentais","article_publisher":"https:\/\/www.facebook.com\/ORNAQUA","article_modified_time":"2026-01-24T07:24:46+00:00","og_image":[{"width":800,"height":800,"url":"https:\/\/ornaqua.pt\/wp-content\/uploads\/2023\/05\/DB039.jpg","type":"image\/jpeg"}],"twitter_card":"summary_large_image","twitter_misc":{"Tiempo de lectura":"1 minuto"},"schema":{"@context":"https:\/\/schema.org","@graph":[{"@type":"WebPage","@id":"https:\/\/ornaqua.pt\/produto\/dr-bassleer-biofish-food-cavar-30g\/","url":"https:\/\/ornaqua.pt\/produto\/dr-bassleer-biofish-food-cavar-30g\/","name":"Dr. Bassleer Biofish Food - Cavar (30g) - Ornaqua - Reprodu\u00e7\u00e3o, Importa\u00e7\u00e3o e Comercio de Peixes Ornamentais","isPartOf":{"@id":"https:\/\/ornaqua.pt\/#website"},"primaryImageOfPage":{"@id":"https:\/\/ornaqua.pt\/produto\/dr-bassleer-biofish-food-cavar-30g\/#primaryimage"},"image":{"@id":"https:\/\/ornaqua.pt\/produto\/dr-bassleer-biofish-food-cavar-30g\/#primaryimage"},"thumbnailUrl":"https:\/\/ornaqua.pt\/wp-content\/uploads\/2023\/05\/DB039.jpg","datePublished":"2023-05-29T19:37:02+00:00","dateModified":"2026-01-24T07:24:46+00:00","breadcrumb":{"@id":"https:\/\/ornaqua.pt\/produto\/dr-bassleer-biofish-food-cavar-30g\/#breadcrumb"},"inLanguage":"es","potentialAction":[{"@type":"ReadAction","target":["https:\/\/ornaqua.pt\/produto\/dr-bassleer-biofish-food-cavar-30g\/"]}]},{"@type":"ImageObject","inLanguage":"es","@id":"https:\/\/ornaqua.pt\/produto\/dr-bassleer-biofish-food-cavar-30g\/#primaryimage","url":"https:\/\/ornaqua.pt\/wp-content\/uploads\/2023\/05\/DB039.jpg","contentUrl":"https:\/\/ornaqua.pt\/wp-content\/uploads\/2023\/05\/DB039.jpg","width":800,"height":800},{"@type":"BreadcrumbList","@id":"https:\/\/ornaqua.pt\/produto\/dr-bassleer-biofish-food-cavar-30g\/#breadcrumb","itemListElement":[{"@type":"ListItem","position":1,"name":"In\u00edcio","item":"https:\/\/ornaqua.pt\/"},{"@type":"ListItem","position":2,"name":"Produtos","item":"https:\/\/ornaqua.pt\/produtos\/"},{"@type":"ListItem","position":3,"name":"Dr. Bassleer Biofish Food &#8211; Cavar (30g)"}]},{"@type":"WebSite","@id":"https:\/\/ornaqua.pt\/#website","url":"https:\/\/ornaqua.pt\/","name":"Ornaqua - Loja Online","description":"Reprodu\u00e7\u00e3o, Importa\u00e7\u00e3o e Comercio de Peixes Ornamentais","publisher":{"@id":"https:\/\/ornaqua.pt\/#organization"},"potentialAction":[{"@type":"SearchAction","target":{"@type":"EntryPoint","urlTemplate":"https:\/\/ornaqua.pt\/?s={search_term_string}"},"query-input":{"@type":"PropertyValueSpecification","valueRequired":true,"valueName":"search_term_string"}}],"inLanguage":"es"},{"@type":"Organization","@id":"https:\/\/ornaqua.pt\/#organization","name":"Ornaqua - Reprodu\u00e7\u00e3o, Importa\u00e7\u00e3o e Comercio de Peixes Ornamentais","url":"https:\/\/ornaqua.pt\/","logo":{"@type":"ImageObject","inLanguage":"es","@id":"https:\/\/ornaqua.pt\/#\/schema\/logo\/image\/","url":"https:\/\/ornaqua.pt\/wp-content\/uploads\/2023\/10\/logo_ornaqua_200.png","contentUrl":"https:\/\/ornaqua.pt\/wp-content\/uploads\/2023\/10\/logo_ornaqua_200.png","width":200,"height":97,"caption":"Ornaqua - Reprodu\u00e7\u00e3o, Importa\u00e7\u00e3o e Comercio de Peixes Ornamentais"},"image":{"@id":"https:\/\/ornaqua.pt\/#\/schema\/logo\/image\/"},"sameAs":["https:\/\/www.facebook.com\/ORNAQUA","https:\/\/www.instagram.com\/ornaqua\/"]}]}},"_links":{"self":[{"href":"https:\/\/ornaqua.pt\/es\/wp-json\/wp\/v2\/product\/4986","targetHints":{"allow":["GET"]}}],"collection":[{"href":"https:\/\/ornaqua.pt\/es\/wp-json\/wp\/v2\/product"}],"about":[{"href":"https:\/\/ornaqua.pt\/es\/wp-json\/wp\/v2\/types\/product"}],"wp:featuredmedia":[{"embeddable":true,"href":"https:\/\/ornaqua.pt\/es\/wp-json\/wp\/v2\/media\/4985"}],"wp:attachment":[{"href":"https:\/\/ornaqua.pt\/es\/wp-json\/wp\/v2\/media?parent=4986"}],"wp:term":[{"taxonomy":"product_brand","embeddable":true,"href":"https:\/\/ornaqua.pt\/es\/wp-json\/wp\/v2\/product_brand?post=4986"},{"taxonomy":"product_cat","embeddable":true,"href":"https:\/\/ornaqua.pt\/es\/wp-json\/wp\/v2\/product_cat?post=4986"},{"taxonomy":"product_tag","embeddable":true,"href":"https:\/\/ornaqua.pt\/es\/wp-json\/wp\/v2\/product_tag?post=4986"}],"curies":[{"name":"wp","href":"https:\/\/api.w.org\/{rel}","templated":true}]}}