{"id":4891,"date":"2023-05-16T20:25:24","date_gmt":"2023-05-16T19:25:24","guid":{"rendered":"http:\/\/ornaqua.pt\/produto\/azoo-discus-vitamins-plus-500-ml\/"},"modified":"2026-01-20T11:25:40","modified_gmt":"2026-01-20T11:25:40","slug":"vitaminas-azoo-discus-vitamins-plus-500-ml","status":"publish","type":"product","link":"https:\/\/ornaqua.pt\/es\/producto\/vitaminas-azoo-discus-vitamins-plus-500-ml\/","title":{"rendered":"Vitaminas Azoo-Discus Vitamins Plus (500 ml)"},"content":{"rendered":"<h2>Vitaminas Azoo-Discus<\/h2>\n<p>Cont\u00e9m vitaminas concentradas B1, B2, B6, B12, C, A, D, E e glucano. As Vitaminas Azoo-Discus conseguem o perfeito metabolismo e resist\u00eancia m\u00e1xima de doen\u00e7a no peixe, ajudando na adapta\u00e7\u00e3o correcta na mudan\u00e7a de aqu\u00e1rio. Cura as doen\u00e7as causadas por alimentos incompletos ou maus h\u00e1bitos alimentares prolongados. Tratamento com sucesso no escurecimento do peixe, furos da cabe\u00e7a e escoliose. Cont\u00e9m aditivos essenciais que complementam a <a href=\"https:\/\/ornaqua.pt\/es\/categoria-producto\/alimentacao\/\">nutri\u00e7\u00e3o<\/a> correcta nos aqu\u00e1rios com Discus.<\/p>","protected":false},"excerpt":{"rendered":"<p>Vitaminas Azoo-Discus Cont\u00e9m vitaminas concentradas B1, B2, B6, B12, C, A, D, E e glucano. As Vitaminas Azoo-Discus conseguem o perfeito metabolismo e resist\u00eancia m\u00e1xima de doen\u00e7a no peixe, ajudando na adapta\u00e7\u00e3o correcta na mudan\u00e7a de aqu\u00e1rio. Cura as doen\u00e7as causadas por alimentos incompletos ou maus h\u00e1bitos alimentares prolongados. Tratamento com sucesso no escurecimento do [&hellip;]<\/p>\n","protected":false},"featured_media":4890,"template":"","meta":{"inline_featured_image":false},"product_brand":[],"product_cat":[40],"product_tag":[],"class_list":{"0":"post-4891","1":"product","2":"type-product","3":"status-publish","4":"has-post-thumbnail","6":"product_cat-alimentacao","8":"first","9":"instock","10":"taxable","11":"shipping-taxable","12":"purchasable","13":"product-type-simple"},"yoast_head":"<!-- This site is optimized with the Yoast SEO plugin v27.1.1 - https:\/\/yoast.com\/product\/yoast-seo-wordpress\/ -->\n<title>Vitaminas Azoo-Discus Vitamins Plus (500 ml) | Ornaqua<\/title>\n<meta name=\"description\" content=\"Vitaminas Azoo-Discus suplemento mineral para 10000L. Essencial para criar \u00e1gua saud\u00e1vel e remineralizada para Discus. Garante equil\u00edbrio.\" \/>\n<meta name=\"robots\" content=\"index, follow, max-snippet:-1, max-image-preview:large, max-video-preview:-1\" \/>\n<link rel=\"canonical\" href=\"https:\/\/ornaqua.pt\/es\/producto\/vitaminas-azoo-discus-vitamins-plus-500-ml\/\" \/>\n<meta property=\"og:locale\" content=\"es_ES\" \/>\n<meta property=\"og:type\" content=\"article\" \/>\n<meta property=\"og:title\" content=\"Vitaminas Azoo-Discus Vitamins Plus (500 ml) | Ornaqua\" \/>\n<meta property=\"og:description\" content=\"Vitaminas Azoo-Discus suplemento mineral para 10000L. Essencial para criar \u00e1gua saud\u00e1vel e remineralizada para Discus. Garante equil\u00edbrio.\" \/>\n<meta property=\"og:url\" content=\"https:\/\/ornaqua.pt\/es\/producto\/vitaminas-azoo-discus-vitamins-plus-500-ml\/\" \/>\n<meta property=\"og:site_name\" content=\"Ornaqua - Reprodu\u00e7\u00e3o, Importa\u00e7\u00e3o e Comercio de Peixes Ornamentais\" \/>\n<meta property=\"article:publisher\" content=\"https:\/\/www.facebook.com\/ORNAQUA\" \/>\n<meta property=\"article:modified_time\" content=\"2026-01-20T11:25:40+00:00\" \/>\n<meta property=\"og:image\" content=\"https:\/\/ornaqua.pt\/wp-content\/uploads\/2023\/05\/AZ010.jpg\" \/>\n\t<meta property=\"og:image:width\" content=\"800\" \/>\n\t<meta property=\"og:image:height\" content=\"800\" \/>\n\t<meta property=\"og:image:type\" content=\"image\/jpeg\" \/>\n<meta name=\"twitter:card\" content=\"summary_large_image\" \/>\n<meta name=\"twitter:label1\" content=\"Tiempo de lectura\" \/>\n\t<meta name=\"twitter:data1\" content=\"1 minuto\" \/>\n<script type=\"application\/ld+json\" class=\"yoast-schema-graph\">{\"@context\":\"https:\/\/schema.org\",\"@graph\":[{\"@type\":\"WebPage\",\"@id\":\"https:\/\/ornaqua.pt\/produto\/vitaminas-azoo-discus-vitamins-plus-500-ml\/\",\"url\":\"https:\/\/ornaqua.pt\/produto\/vitaminas-azoo-discus-vitamins-plus-500-ml\/\",\"name\":\"Vitaminas Azoo-Discus Vitamins Plus (500 ml) | Ornaqua\",\"isPartOf\":{\"@id\":\"https:\/\/ornaqua.pt\/#website\"},\"primaryImageOfPage\":{\"@id\":\"https:\/\/ornaqua.pt\/produto\/vitaminas-azoo-discus-vitamins-plus-500-ml\/#primaryimage\"},\"image\":{\"@id\":\"https:\/\/ornaqua.pt\/produto\/vitaminas-azoo-discus-vitamins-plus-500-ml\/#primaryimage\"},\"thumbnailUrl\":\"https:\/\/ornaqua.pt\/wp-content\/uploads\/2023\/05\/AZ010.jpg\",\"datePublished\":\"2023-05-16T19:25:24+00:00\",\"dateModified\":\"2026-01-20T11:25:40+00:00\",\"description\":\"Vitaminas Azoo-Discus suplemento mineral para 10000L. Essencial para criar \u00e1gua saud\u00e1vel e remineralizada para Discus. Garante equil\u00edbrio.\",\"breadcrumb\":{\"@id\":\"https:\/\/ornaqua.pt\/produto\/vitaminas-azoo-discus-vitamins-plus-500-ml\/#breadcrumb\"},\"inLanguage\":\"es\",\"potentialAction\":[{\"@type\":\"ReadAction\",\"target\":[\"https:\/\/ornaqua.pt\/produto\/vitaminas-azoo-discus-vitamins-plus-500-ml\/\"]}]},{\"@type\":\"ImageObject\",\"inLanguage\":\"es\",\"@id\":\"https:\/\/ornaqua.pt\/produto\/vitaminas-azoo-discus-vitamins-plus-500-ml\/#primaryimage\",\"url\":\"https:\/\/ornaqua.pt\/wp-content\/uploads\/2023\/05\/AZ010.jpg\",\"contentUrl\":\"https:\/\/ornaqua.pt\/wp-content\/uploads\/2023\/05\/AZ010.jpg\",\"width\":800,\"height\":800,\"caption\":\"As Vitaminas Azoo-Discus conseguem o perfeito metabolismo e resist\u00eancia m\u00e1xima de doen\u00e7a no peixe\"},{\"@type\":\"BreadcrumbList\",\"@id\":\"https:\/\/ornaqua.pt\/produto\/vitaminas-azoo-discus-vitamins-plus-500-ml\/#breadcrumb\",\"itemListElement\":[{\"@type\":\"ListItem\",\"position\":1,\"name\":\"In\u00edcio\",\"item\":\"https:\/\/ornaqua.pt\/\"},{\"@type\":\"ListItem\",\"position\":2,\"name\":\"Produtos\",\"item\":\"https:\/\/ornaqua.pt\/produtos\/\"},{\"@type\":\"ListItem\",\"position\":3,\"name\":\"Vitaminas Azoo-Discus Vitamins Plus (500 ml)\"}]},{\"@type\":\"WebSite\",\"@id\":\"https:\/\/ornaqua.pt\/#website\",\"url\":\"https:\/\/ornaqua.pt\/\",\"name\":\"Ornaqua - Loja Online\",\"description\":\"Reprodu\u00e7\u00e3o, Importa\u00e7\u00e3o e Comercio de Peixes Ornamentais\",\"publisher\":{\"@id\":\"https:\/\/ornaqua.pt\/#organization\"},\"potentialAction\":[{\"@type\":\"SearchAction\",\"target\":{\"@type\":\"EntryPoint\",\"urlTemplate\":\"https:\/\/ornaqua.pt\/?s={search_term_string}\"},\"query-input\":{\"@type\":\"PropertyValueSpecification\",\"valueRequired\":true,\"valueName\":\"search_term_string\"}}],\"inLanguage\":\"es\"},{\"@type\":\"Organization\",\"@id\":\"https:\/\/ornaqua.pt\/#organization\",\"name\":\"Ornaqua - Reprodu\u00e7\u00e3o, Importa\u00e7\u00e3o e Comercio de Peixes Ornamentais\",\"url\":\"https:\/\/ornaqua.pt\/\",\"logo\":{\"@type\":\"ImageObject\",\"inLanguage\":\"es\",\"@id\":\"https:\/\/ornaqua.pt\/#\/schema\/logo\/image\/\",\"url\":\"https:\/\/ornaqua.pt\/wp-content\/uploads\/2023\/10\/logo_ornaqua_200.png\",\"contentUrl\":\"https:\/\/ornaqua.pt\/wp-content\/uploads\/2023\/10\/logo_ornaqua_200.png\",\"width\":200,\"height\":97,\"caption\":\"Ornaqua - Reprodu\u00e7\u00e3o, Importa\u00e7\u00e3o e Comercio de Peixes Ornamentais\"},\"image\":{\"@id\":\"https:\/\/ornaqua.pt\/#\/schema\/logo\/image\/\"},\"sameAs\":[\"https:\/\/www.facebook.com\/ORNAQUA\",\"https:\/\/www.instagram.com\/ornaqua\/\"]}]}<\/script>\n<!-- \/ Yoast SEO plugin. -->","yoast_head_json":{"title":"Vitaminas Azoo-Discus Vitamins Plus (500 ml) | Ornaqua","description":"Vitaminas Azoo-Discus suplemento mineral para 10000L. Essencial para criar \u00e1gua saud\u00e1vel e remineralizada para Discus. Garante equil\u00edbrio.","robots":{"index":"index","follow":"follow","max-snippet":"max-snippet:-1","max-image-preview":"max-image-preview:large","max-video-preview":"max-video-preview:-1"},"canonical":"https:\/\/ornaqua.pt\/es\/producto\/vitaminas-azoo-discus-vitamins-plus-500-ml\/","og_locale":"es_ES","og_type":"article","og_title":"Vitaminas Azoo-Discus Vitamins Plus (500 ml) | Ornaqua","og_description":"Vitaminas Azoo-Discus suplemento mineral para 10000L. Essencial para criar \u00e1gua saud\u00e1vel e remineralizada para Discus. Garante equil\u00edbrio.","og_url":"https:\/\/ornaqua.pt\/es\/producto\/vitaminas-azoo-discus-vitamins-plus-500-ml\/","og_site_name":"Ornaqua - Reprodu\u00e7\u00e3o, Importa\u00e7\u00e3o e Comercio de Peixes Ornamentais","article_publisher":"https:\/\/www.facebook.com\/ORNAQUA","article_modified_time":"2026-01-20T11:25:40+00:00","og_image":[{"width":800,"height":800,"url":"https:\/\/ornaqua.pt\/wp-content\/uploads\/2023\/05\/AZ010.jpg","type":"image\/jpeg"}],"twitter_card":"summary_large_image","twitter_misc":{"Tiempo de lectura":"1 minuto"},"schema":{"@context":"https:\/\/schema.org","@graph":[{"@type":"WebPage","@id":"https:\/\/ornaqua.pt\/produto\/vitaminas-azoo-discus-vitamins-plus-500-ml\/","url":"https:\/\/ornaqua.pt\/produto\/vitaminas-azoo-discus-vitamins-plus-500-ml\/","name":"Vitaminas Azoo-Discus Vitamins Plus (500 ml) | Ornaqua","isPartOf":{"@id":"https:\/\/ornaqua.pt\/#website"},"primaryImageOfPage":{"@id":"https:\/\/ornaqua.pt\/produto\/vitaminas-azoo-discus-vitamins-plus-500-ml\/#primaryimage"},"image":{"@id":"https:\/\/ornaqua.pt\/produto\/vitaminas-azoo-discus-vitamins-plus-500-ml\/#primaryimage"},"thumbnailUrl":"https:\/\/ornaqua.pt\/wp-content\/uploads\/2023\/05\/AZ010.jpg","datePublished":"2023-05-16T19:25:24+00:00","dateModified":"2026-01-20T11:25:40+00:00","description":"Vitaminas Azoo-Discus suplemento mineral para 10000L. Essencial para criar \u00e1gua saud\u00e1vel e remineralizada para Discus. Garante equil\u00edbrio.","breadcrumb":{"@id":"https:\/\/ornaqua.pt\/produto\/vitaminas-azoo-discus-vitamins-plus-500-ml\/#breadcrumb"},"inLanguage":"es","potentialAction":[{"@type":"ReadAction","target":["https:\/\/ornaqua.pt\/produto\/vitaminas-azoo-discus-vitamins-plus-500-ml\/"]}]},{"@type":"ImageObject","inLanguage":"es","@id":"https:\/\/ornaqua.pt\/produto\/vitaminas-azoo-discus-vitamins-plus-500-ml\/#primaryimage","url":"https:\/\/ornaqua.pt\/wp-content\/uploads\/2023\/05\/AZ010.jpg","contentUrl":"https:\/\/ornaqua.pt\/wp-content\/uploads\/2023\/05\/AZ010.jpg","width":800,"height":800,"caption":"As Vitaminas Azoo-Discus conseguem o perfeito metabolismo e resist\u00eancia m\u00e1xima de doen\u00e7a no peixe"},{"@type":"BreadcrumbList","@id":"https:\/\/ornaqua.pt\/produto\/vitaminas-azoo-discus-vitamins-plus-500-ml\/#breadcrumb","itemListElement":[{"@type":"ListItem","position":1,"name":"In\u00edcio","item":"https:\/\/ornaqua.pt\/"},{"@type":"ListItem","position":2,"name":"Produtos","item":"https:\/\/ornaqua.pt\/produtos\/"},{"@type":"ListItem","position":3,"name":"Vitaminas Azoo-Discus Vitamins Plus (500 ml)"}]},{"@type":"WebSite","@id":"https:\/\/ornaqua.pt\/#website","url":"https:\/\/ornaqua.pt\/","name":"Ornaqua - Loja Online","description":"Reprodu\u00e7\u00e3o, Importa\u00e7\u00e3o e Comercio de Peixes Ornamentais","publisher":{"@id":"https:\/\/ornaqua.pt\/#organization"},"potentialAction":[{"@type":"SearchAction","target":{"@type":"EntryPoint","urlTemplate":"https:\/\/ornaqua.pt\/?s={search_term_string}"},"query-input":{"@type":"PropertyValueSpecification","valueRequired":true,"valueName":"search_term_string"}}],"inLanguage":"es"},{"@type":"Organization","@id":"https:\/\/ornaqua.pt\/#organization","name":"Ornaqua - Reprodu\u00e7\u00e3o, Importa\u00e7\u00e3o e Comercio de Peixes Ornamentais","url":"https:\/\/ornaqua.pt\/","logo":{"@type":"ImageObject","inLanguage":"es","@id":"https:\/\/ornaqua.pt\/#\/schema\/logo\/image\/","url":"https:\/\/ornaqua.pt\/wp-content\/uploads\/2023\/10\/logo_ornaqua_200.png","contentUrl":"https:\/\/ornaqua.pt\/wp-content\/uploads\/2023\/10\/logo_ornaqua_200.png","width":200,"height":97,"caption":"Ornaqua - Reprodu\u00e7\u00e3o, Importa\u00e7\u00e3o e Comercio de Peixes Ornamentais"},"image":{"@id":"https:\/\/ornaqua.pt\/#\/schema\/logo\/image\/"},"sameAs":["https:\/\/www.facebook.com\/ORNAQUA","https:\/\/www.instagram.com\/ornaqua\/"]}]}},"_links":{"self":[{"href":"https:\/\/ornaqua.pt\/es\/wp-json\/wp\/v2\/product\/4891","targetHints":{"allow":["GET"]}}],"collection":[{"href":"https:\/\/ornaqua.pt\/es\/wp-json\/wp\/v2\/product"}],"about":[{"href":"https:\/\/ornaqua.pt\/es\/wp-json\/wp\/v2\/types\/product"}],"wp:featuredmedia":[{"embeddable":true,"href":"https:\/\/ornaqua.pt\/es\/wp-json\/wp\/v2\/media\/4890"}],"wp:attachment":[{"href":"https:\/\/ornaqua.pt\/es\/wp-json\/wp\/v2\/media?parent=4891"}],"wp:term":[{"taxonomy":"product_brand","embeddable":true,"href":"https:\/\/ornaqua.pt\/es\/wp-json\/wp\/v2\/product_brand?post=4891"},{"taxonomy":"product_cat","embeddable":true,"href":"https:\/\/ornaqua.pt\/es\/wp-json\/wp\/v2\/product_cat?post=4891"},{"taxonomy":"product_tag","embeddable":true,"href":"https:\/\/ornaqua.pt\/es\/wp-json\/wp\/v2\/product_tag?post=4891"}],"curies":[{"name":"wp","href":"https:\/\/api.w.org\/{rel}","templated":true}]}}