{"id":4785,"date":"2023-05-01T14:02:24","date_gmt":"2023-05-01T13:02:24","guid":{"rendered":"http:\/\/ornaqua.pt\/produto\/discusfood-buffet-di-insect-300-ml\/"},"modified":"2025-12-15T15:13:07","modified_gmt":"2025-12-15T15:13:07","slug":"discusfood-buffet-di-insect-300-ml","status":"publish","type":"product","link":"https:\/\/ornaqua.pt\/es\/producto\/discusfood-buffet-di-insect-300-ml\/","title":{"rendered":"Discusfood- Buffet di insect (300 ml)"},"content":{"rendered":"<p>Alimento completo extrusado completo e saud\u00e1vel para todos os tipos de peixes ornamentais que requerem uma dieta adequada \u00e0 esp\u00e9cie com insetos. Especialmente cicl\u00eddeos, bettas, tetras e bagres apreciam o sabor e a composi\u00e7\u00e3o \u00fanica. \u00c9 muito f\u00e1cil de digerir, macio, n\u00e3o turvo e n\u00e3o se desintegra. Seu conte\u00fado equilibrado de nutrientes, vitaminas e minerais garante um crescimento saud\u00e1vel e um \u00f3timo desenvolvimento dos peixes.<br \/>\nComposi\u00e7\u00e3o: Prote\u00edna de insetos, farinha de trigo, gl\u00faten de trigo, farinha de hermetia, farinha de krill, farinha de camar\u00e3o, espinafre, milho, tubifex, bichos-da-seda, extrato de larva de mosquito vermelho, levedo de cerveja, beta\u00edna, couve, \u00f3leo de peixe, moringa, espirulina, alho, multivitam\u00ednico Componentes anal\u00edticos complexos: prote\u00edna bruta 50%<br \/>\n, gordura bruta 6,5%, cinza bruta 6,4%, fibra bruta 2,9%<br \/>\nAditivos por kg: Vitaminas: A (3a672a) 24000 UI, C (3a300) 180 mg, D3 (3a671) 1800 UI; com corantes; Oligoelementos: Fe (3b103) 29 mg, Mn (3b502) 37 mg, Zn (3b603) 36 mg; com antioxidantes. Dosagem de ra\u00e7\u00e3o: Alimente tanto quanto o peixe vai comer dentro de 3-5 minutos, duas ou tr\u00eas vezes ao dia. N\u00e3o alimente demais os peixes! Dependendo do tamanho da ra\u00e7\u00e3o e da esp\u00e9cie de peixe, voc\u00ea sempre pode alimentar desde os filhotes at\u00e9 os peixes de cria\u00e7\u00e3o.<\/p>","protected":false},"excerpt":{"rendered":"<p>Alimento completo extrusado completo e saud\u00e1vel para todos os tipos de peixes ornamentais que requerem uma dieta adequada \u00e0 esp\u00e9cie com insetos. Especialmente cicl\u00eddeos, bettas, tetras e bagres apreciam o sabor e a composi\u00e7\u00e3o \u00fanica. \u00c9 muito f\u00e1cil de digerir, macio, n\u00e3o turvo e n\u00e3o se desintegra. Seu conte\u00fado equilibrado de nutrientes, vitaminas e minerais [&hellip;]<\/p>\n","protected":false},"featured_media":6812,"template":"","meta":{"inline_featured_image":false},"product_brand":[],"product_cat":[40],"product_tag":[],"class_list":{"0":"post-4785","1":"product","2":"type-product","3":"status-publish","4":"has-post-thumbnail","6":"product_cat-alimentacao","8":"first","9":"instock","10":"taxable","11":"shipping-taxable","12":"purchasable","13":"product-type-simple"},"yoast_head":"<!-- This site is optimized with the Yoast SEO plugin v27.1.1 - https:\/\/yoast.com\/product\/yoast-seo-wordpress\/ -->\n<title>Discusfood- Buffet di insect (300 ml) - Ornaqua - Reprodu\u00e7\u00e3o, Importa\u00e7\u00e3o e Comercio de Peixes Ornamentais<\/title>\n<meta name=\"robots\" content=\"index, follow, max-snippet:-1, max-image-preview:large, max-video-preview:-1\" \/>\n<link rel=\"canonical\" href=\"https:\/\/ornaqua.pt\/es\/producto\/discusfood-buffet-di-insect-300-ml\/\" \/>\n<meta property=\"og:locale\" content=\"es_ES\" \/>\n<meta property=\"og:type\" content=\"article\" \/>\n<meta property=\"og:title\" content=\"Discusfood- Buffet di insect (300 ml) - Ornaqua - Reprodu\u00e7\u00e3o, Importa\u00e7\u00e3o e Comercio de Peixes Ornamentais\" \/>\n<meta property=\"og:description\" content=\"Alimento completo extrusado completo e saud\u00e1vel para todos os tipos de peixes ornamentais que requerem uma dieta adequada \u00e0 esp\u00e9cie com insetos. Especialmente cicl\u00eddeos, bettas, tetras e bagres apreciam o sabor e a composi\u00e7\u00e3o \u00fanica. \u00c9 muito f\u00e1cil de digerir, macio, n\u00e3o turvo e n\u00e3o se desintegra. Seu conte\u00fado equilibrado de nutrientes, vitaminas e minerais [&hellip;]\" \/>\n<meta property=\"og:url\" content=\"https:\/\/ornaqua.pt\/es\/producto\/discusfood-buffet-di-insect-300-ml\/\" \/>\n<meta property=\"og:site_name\" content=\"Ornaqua - Reprodu\u00e7\u00e3o, Importa\u00e7\u00e3o e Comercio de Peixes Ornamentais\" \/>\n<meta property=\"article:publisher\" content=\"https:\/\/www.facebook.com\/ORNAQUA\" \/>\n<meta property=\"article:modified_time\" content=\"2025-12-15T15:13:07+00:00\" \/>\n<meta property=\"og:image\" content=\"https:\/\/ornaqua.pt\/wp-content\/uploads\/2023\/05\/600x600-10.jpg\" \/>\n\t<meta property=\"og:image:width\" content=\"600\" \/>\n\t<meta property=\"og:image:height\" content=\"600\" \/>\n\t<meta property=\"og:image:type\" content=\"image\/jpeg\" \/>\n<meta name=\"twitter:card\" content=\"summary_large_image\" \/>\n<meta name=\"twitter:label1\" content=\"Tiempo de lectura\" \/>\n\t<meta name=\"twitter:data1\" content=\"2 minutos\" \/>\n<script type=\"application\/ld+json\" class=\"yoast-schema-graph\">{\"@context\":\"https:\/\/schema.org\",\"@graph\":[{\"@type\":\"WebPage\",\"@id\":\"https:\/\/ornaqua.pt\/produto\/discusfood-buffet-di-insect-300-ml\/\",\"url\":\"https:\/\/ornaqua.pt\/produto\/discusfood-buffet-di-insect-300-ml\/\",\"name\":\"Discusfood- Buffet di insect (300 ml) - Ornaqua - Reprodu\u00e7\u00e3o, Importa\u00e7\u00e3o e Comercio de Peixes Ornamentais\",\"isPartOf\":{\"@id\":\"https:\/\/ornaqua.pt\/#website\"},\"primaryImageOfPage\":{\"@id\":\"https:\/\/ornaqua.pt\/produto\/discusfood-buffet-di-insect-300-ml\/#primaryimage\"},\"image\":{\"@id\":\"https:\/\/ornaqua.pt\/produto\/discusfood-buffet-di-insect-300-ml\/#primaryimage\"},\"thumbnailUrl\":\"https:\/\/ornaqua.pt\/wp-content\/uploads\/2023\/05\/600x600-10.jpg\",\"datePublished\":\"2023-05-01T13:02:24+00:00\",\"dateModified\":\"2025-12-15T15:13:07+00:00\",\"breadcrumb\":{\"@id\":\"https:\/\/ornaqua.pt\/produto\/discusfood-buffet-di-insect-300-ml\/#breadcrumb\"},\"inLanguage\":\"es\",\"potentialAction\":[{\"@type\":\"ReadAction\",\"target\":[\"https:\/\/ornaqua.pt\/produto\/discusfood-buffet-di-insect-300-ml\/\"]}]},{\"@type\":\"ImageObject\",\"inLanguage\":\"es\",\"@id\":\"https:\/\/ornaqua.pt\/produto\/discusfood-buffet-di-insect-300-ml\/#primaryimage\",\"url\":\"https:\/\/ornaqua.pt\/wp-content\/uploads\/2023\/05\/600x600-10.jpg\",\"contentUrl\":\"https:\/\/ornaqua.pt\/wp-content\/uploads\/2023\/05\/600x600-10.jpg\",\"width\":600,\"height\":600},{\"@type\":\"BreadcrumbList\",\"@id\":\"https:\/\/ornaqua.pt\/produto\/discusfood-buffet-di-insect-300-ml\/#breadcrumb\",\"itemListElement\":[{\"@type\":\"ListItem\",\"position\":1,\"name\":\"In\u00edcio\",\"item\":\"https:\/\/ornaqua.pt\/\"},{\"@type\":\"ListItem\",\"position\":2,\"name\":\"Produtos\",\"item\":\"https:\/\/ornaqua.pt\/produtos\/\"},{\"@type\":\"ListItem\",\"position\":3,\"name\":\"Discusfood- Buffet di insect (300 ml)\"}]},{\"@type\":\"WebSite\",\"@id\":\"https:\/\/ornaqua.pt\/#website\",\"url\":\"https:\/\/ornaqua.pt\/\",\"name\":\"Ornaqua - Loja Online\",\"description\":\"Reprodu\u00e7\u00e3o, Importa\u00e7\u00e3o e Comercio de Peixes Ornamentais\",\"publisher\":{\"@id\":\"https:\/\/ornaqua.pt\/#organization\"},\"potentialAction\":[{\"@type\":\"SearchAction\",\"target\":{\"@type\":\"EntryPoint\",\"urlTemplate\":\"https:\/\/ornaqua.pt\/?s={search_term_string}\"},\"query-input\":{\"@type\":\"PropertyValueSpecification\",\"valueRequired\":true,\"valueName\":\"search_term_string\"}}],\"inLanguage\":\"es\"},{\"@type\":\"Organization\",\"@id\":\"https:\/\/ornaqua.pt\/#organization\",\"name\":\"Ornaqua - Reprodu\u00e7\u00e3o, Importa\u00e7\u00e3o e Comercio de Peixes Ornamentais\",\"url\":\"https:\/\/ornaqua.pt\/\",\"logo\":{\"@type\":\"ImageObject\",\"inLanguage\":\"es\",\"@id\":\"https:\/\/ornaqua.pt\/#\/schema\/logo\/image\/\",\"url\":\"https:\/\/ornaqua.pt\/wp-content\/uploads\/2023\/10\/logo_ornaqua_200.png\",\"contentUrl\":\"https:\/\/ornaqua.pt\/wp-content\/uploads\/2023\/10\/logo_ornaqua_200.png\",\"width\":200,\"height\":97,\"caption\":\"Ornaqua - Reprodu\u00e7\u00e3o, Importa\u00e7\u00e3o e Comercio de Peixes Ornamentais\"},\"image\":{\"@id\":\"https:\/\/ornaqua.pt\/#\/schema\/logo\/image\/\"},\"sameAs\":[\"https:\/\/www.facebook.com\/ORNAQUA\",\"https:\/\/www.instagram.com\/ornaqua\/\"]}]}<\/script>\n<!-- \/ Yoast SEO plugin. -->","yoast_head_json":{"title":"Discusfood- Buffet di insect (300 ml) - Ornaqua - Reprodu\u00e7\u00e3o, Importa\u00e7\u00e3o e Comercio de Peixes Ornamentais","robots":{"index":"index","follow":"follow","max-snippet":"max-snippet:-1","max-image-preview":"max-image-preview:large","max-video-preview":"max-video-preview:-1"},"canonical":"https:\/\/ornaqua.pt\/es\/producto\/discusfood-buffet-di-insect-300-ml\/","og_locale":"es_ES","og_type":"article","og_title":"Discusfood- Buffet di insect (300 ml) - Ornaqua - Reprodu\u00e7\u00e3o, Importa\u00e7\u00e3o e Comercio de Peixes Ornamentais","og_description":"Alimento completo extrusado completo e saud\u00e1vel para todos os tipos de peixes ornamentais que requerem uma dieta adequada \u00e0 esp\u00e9cie com insetos. Especialmente cicl\u00eddeos, bettas, tetras e bagres apreciam o sabor e a composi\u00e7\u00e3o \u00fanica. \u00c9 muito f\u00e1cil de digerir, macio, n\u00e3o turvo e n\u00e3o se desintegra. Seu conte\u00fado equilibrado de nutrientes, vitaminas e minerais [&hellip;]","og_url":"https:\/\/ornaqua.pt\/es\/producto\/discusfood-buffet-di-insect-300-ml\/","og_site_name":"Ornaqua - Reprodu\u00e7\u00e3o, Importa\u00e7\u00e3o e Comercio de Peixes Ornamentais","article_publisher":"https:\/\/www.facebook.com\/ORNAQUA","article_modified_time":"2025-12-15T15:13:07+00:00","og_image":[{"width":600,"height":600,"url":"https:\/\/ornaqua.pt\/wp-content\/uploads\/2023\/05\/600x600-10.jpg","type":"image\/jpeg"}],"twitter_card":"summary_large_image","twitter_misc":{"Tiempo de lectura":"2 minutos"},"schema":{"@context":"https:\/\/schema.org","@graph":[{"@type":"WebPage","@id":"https:\/\/ornaqua.pt\/produto\/discusfood-buffet-di-insect-300-ml\/","url":"https:\/\/ornaqua.pt\/produto\/discusfood-buffet-di-insect-300-ml\/","name":"Discusfood- Buffet di insect (300 ml) - Ornaqua - Reprodu\u00e7\u00e3o, Importa\u00e7\u00e3o e Comercio de Peixes Ornamentais","isPartOf":{"@id":"https:\/\/ornaqua.pt\/#website"},"primaryImageOfPage":{"@id":"https:\/\/ornaqua.pt\/produto\/discusfood-buffet-di-insect-300-ml\/#primaryimage"},"image":{"@id":"https:\/\/ornaqua.pt\/produto\/discusfood-buffet-di-insect-300-ml\/#primaryimage"},"thumbnailUrl":"https:\/\/ornaqua.pt\/wp-content\/uploads\/2023\/05\/600x600-10.jpg","datePublished":"2023-05-01T13:02:24+00:00","dateModified":"2025-12-15T15:13:07+00:00","breadcrumb":{"@id":"https:\/\/ornaqua.pt\/produto\/discusfood-buffet-di-insect-300-ml\/#breadcrumb"},"inLanguage":"es","potentialAction":[{"@type":"ReadAction","target":["https:\/\/ornaqua.pt\/produto\/discusfood-buffet-di-insect-300-ml\/"]}]},{"@type":"ImageObject","inLanguage":"es","@id":"https:\/\/ornaqua.pt\/produto\/discusfood-buffet-di-insect-300-ml\/#primaryimage","url":"https:\/\/ornaqua.pt\/wp-content\/uploads\/2023\/05\/600x600-10.jpg","contentUrl":"https:\/\/ornaqua.pt\/wp-content\/uploads\/2023\/05\/600x600-10.jpg","width":600,"height":600},{"@type":"BreadcrumbList","@id":"https:\/\/ornaqua.pt\/produto\/discusfood-buffet-di-insect-300-ml\/#breadcrumb","itemListElement":[{"@type":"ListItem","position":1,"name":"In\u00edcio","item":"https:\/\/ornaqua.pt\/"},{"@type":"ListItem","position":2,"name":"Produtos","item":"https:\/\/ornaqua.pt\/produtos\/"},{"@type":"ListItem","position":3,"name":"Discusfood- Buffet di insect (300 ml)"}]},{"@type":"WebSite","@id":"https:\/\/ornaqua.pt\/#website","url":"https:\/\/ornaqua.pt\/","name":"Ornaqua - Loja Online","description":"Reprodu\u00e7\u00e3o, Importa\u00e7\u00e3o e Comercio de Peixes Ornamentais","publisher":{"@id":"https:\/\/ornaqua.pt\/#organization"},"potentialAction":[{"@type":"SearchAction","target":{"@type":"EntryPoint","urlTemplate":"https:\/\/ornaqua.pt\/?s={search_term_string}"},"query-input":{"@type":"PropertyValueSpecification","valueRequired":true,"valueName":"search_term_string"}}],"inLanguage":"es"},{"@type":"Organization","@id":"https:\/\/ornaqua.pt\/#organization","name":"Ornaqua - Reprodu\u00e7\u00e3o, Importa\u00e7\u00e3o e Comercio de Peixes Ornamentais","url":"https:\/\/ornaqua.pt\/","logo":{"@type":"ImageObject","inLanguage":"es","@id":"https:\/\/ornaqua.pt\/#\/schema\/logo\/image\/","url":"https:\/\/ornaqua.pt\/wp-content\/uploads\/2023\/10\/logo_ornaqua_200.png","contentUrl":"https:\/\/ornaqua.pt\/wp-content\/uploads\/2023\/10\/logo_ornaqua_200.png","width":200,"height":97,"caption":"Ornaqua - Reprodu\u00e7\u00e3o, Importa\u00e7\u00e3o e Comercio de Peixes Ornamentais"},"image":{"@id":"https:\/\/ornaqua.pt\/#\/schema\/logo\/image\/"},"sameAs":["https:\/\/www.facebook.com\/ORNAQUA","https:\/\/www.instagram.com\/ornaqua\/"]}]}},"_links":{"self":[{"href":"https:\/\/ornaqua.pt\/es\/wp-json\/wp\/v2\/product\/4785","targetHints":{"allow":["GET"]}}],"collection":[{"href":"https:\/\/ornaqua.pt\/es\/wp-json\/wp\/v2\/product"}],"about":[{"href":"https:\/\/ornaqua.pt\/es\/wp-json\/wp\/v2\/types\/product"}],"wp:featuredmedia":[{"embeddable":true,"href":"https:\/\/ornaqua.pt\/es\/wp-json\/wp\/v2\/media\/6812"}],"wp:attachment":[{"href":"https:\/\/ornaqua.pt\/es\/wp-json\/wp\/v2\/media?parent=4785"}],"wp:term":[{"taxonomy":"product_brand","embeddable":true,"href":"https:\/\/ornaqua.pt\/es\/wp-json\/wp\/v2\/product_brand?post=4785"},{"taxonomy":"product_cat","embeddable":true,"href":"https:\/\/ornaqua.pt\/es\/wp-json\/wp\/v2\/product_cat?post=4785"},{"taxonomy":"product_tag","embeddable":true,"href":"https:\/\/ornaqua.pt\/es\/wp-json\/wp\/v2\/product_tag?post=4785"}],"curies":[{"name":"wp","href":"https:\/\/api.w.org\/{rel}","templated":true}]}}