{"id":4779,"date":"2023-05-01T14:02:09","date_gmt":"2023-05-01T13:02:09","guid":{"rendered":"http:\/\/ornaqua.pt\/produto\/discusfood-bio-ceramic-filter-350l-piece\/"},"modified":"2025-12-17T15:25:36","modified_gmt":"2025-12-17T15:25:36","slug":"discusfood-bio-ceramic-filter-350l-piece","status":"publish","type":"product","link":"https:\/\/ornaqua.pt\/es\/producto\/discusfood-bio-ceramic-filter-350l-piece\/","title":{"rendered":"Discusfood- Bio-ceramic Filter\/350l-piece"},"content":{"rendered":"<p>Tr\u00eas tipos diferentes de filtragem em um filtro s\u00e3o a base para as melhores caracter\u00edsticas do filtro. 1.Camada interna: filtragem qu\u00edmica org\u00e2nica. O elevador de ar patenteado garante uma turbul\u00eancia ideal e uma mistura ideal de oxig\u00eanio na \u00e1gua do aqu\u00e1rio. 2. Filtragem biol\u00f3gica. Vidro, cer\u00e2mica e pedra natural formam a base para o filtro biol\u00f3gico altamente eficiente. Devido a um processo de alta temperatura, \u00e9 criada uma superf\u00edcie altamente porosa, ideal para a coloniza\u00e7\u00e3o de bact\u00e9rias. Comparado aos biofiltros cer\u00e2micos normais, \u00e9 3-5 vezes mais eficiente. Isso leva a uma qualidade de \u00e1gua mais est\u00e1vel e a um melhor equil\u00edbrio ecol\u00f3gico. 3. Filtragem biol\u00f3gica mec\u00e2nica: Como pr\u00e9-filtro, utiliza-se uma esponja multicamadas, que absorve rapidamente as impurezas da \u00e1gua e que limpa r\u00e1pida e eficazmente os sedimentos suspensos. Bact\u00e9rias nitrificantes convertem am\u00f4nia t\u00f3xica em nitrato n\u00e3o t\u00f3xico. O r\u00e1pido ac\u00famulo de boas bact\u00e9rias filtrantes cria um ecossistema equilibrado por meio de uma alta degrada\u00e7\u00e3o de poluentes. A estrutura patenteada permite uma alta densidade bacteriana de bact\u00e9rias nitrificantes. Isso resulta em um desempenho eficiente do filtro, longevidade do filtro e f\u00e1cil manuseio durante a limpeza do filtro.<\/p>","protected":false},"excerpt":{"rendered":"<p>Tr\u00eas tipos diferentes de filtragem em um filtro s\u00e3o a base para as melhores caracter\u00edsticas do filtro. 1.Camada interna: filtragem qu\u00edmica org\u00e2nica. O elevador de ar patenteado garante uma turbul\u00eancia ideal e uma mistura ideal de oxig\u00eanio na \u00e1gua do aqu\u00e1rio. 2. Filtragem biol\u00f3gica. Vidro, cer\u00e2mica e pedra natural formam a base para o filtro [&hellip;]<\/p>\n","protected":false},"featured_media":6853,"template":"","meta":{"inline_featured_image":false},"product_brand":[],"product_cat":[45],"product_tag":[],"class_list":{"0":"post-4779","1":"product","2":"type-product","3":"status-publish","4":"has-post-thumbnail","6":"product_cat-equipamentos","8":"first","9":"instock","10":"taxable","11":"shipping-taxable","12":"purchasable","13":"product-type-simple"},"yoast_head":"<!-- This site is optimized with the Yoast SEO plugin v27.1.1 - https:\/\/yoast.com\/product\/yoast-seo-wordpress\/ -->\n<title>Discusfood- Bio-ceramic Filter\/350l-piece - Ornaqua - Reprodu\u00e7\u00e3o, Importa\u00e7\u00e3o e Comercio de Peixes Ornamentais<\/title>\n<meta name=\"robots\" content=\"index, follow, max-snippet:-1, max-image-preview:large, max-video-preview:-1\" \/>\n<link rel=\"canonical\" href=\"https:\/\/ornaqua.pt\/es\/producto\/discusfood-bio-ceramic-filter-350l-piece\/\" \/>\n<meta property=\"og:locale\" content=\"es_ES\" \/>\n<meta property=\"og:type\" content=\"article\" \/>\n<meta property=\"og:title\" content=\"Discusfood- Bio-ceramic Filter\/350l-piece - Ornaqua - Reprodu\u00e7\u00e3o, Importa\u00e7\u00e3o e Comercio de Peixes Ornamentais\" \/>\n<meta property=\"og:description\" content=\"Tr\u00eas tipos diferentes de filtragem em um filtro s\u00e3o a base para as melhores caracter\u00edsticas do filtro. 1.Camada interna: filtragem qu\u00edmica org\u00e2nica. O elevador de ar patenteado garante uma turbul\u00eancia ideal e uma mistura ideal de oxig\u00eanio na \u00e1gua do aqu\u00e1rio. 2. Filtragem biol\u00f3gica. Vidro, cer\u00e2mica e pedra natural formam a base para o filtro [&hellip;]\" \/>\n<meta property=\"og:url\" content=\"https:\/\/ornaqua.pt\/es\/producto\/discusfood-bio-ceramic-filter-350l-piece\/\" \/>\n<meta property=\"og:site_name\" content=\"Ornaqua - Reprodu\u00e7\u00e3o, Importa\u00e7\u00e3o e Comercio de Peixes Ornamentais\" \/>\n<meta property=\"article:publisher\" content=\"https:\/\/www.facebook.com\/ORNAQUA\" \/>\n<meta property=\"article:modified_time\" content=\"2025-12-17T15:25:36+00:00\" \/>\n<meta property=\"og:image\" content=\"https:\/\/ornaqua.pt\/wp-content\/uploads\/2023\/05\/600x600-33.jpg\" \/>\n\t<meta property=\"og:image:width\" content=\"600\" \/>\n\t<meta property=\"og:image:height\" content=\"600\" \/>\n\t<meta property=\"og:image:type\" content=\"image\/jpeg\" \/>\n<meta name=\"twitter:card\" content=\"summary_large_image\" \/>\n<meta name=\"twitter:label1\" content=\"Tiempo de lectura\" \/>\n\t<meta name=\"twitter:data1\" content=\"2 minutos\" \/>\n<script type=\"application\/ld+json\" class=\"yoast-schema-graph\">{\"@context\":\"https:\/\/schema.org\",\"@graph\":[{\"@type\":\"WebPage\",\"@id\":\"https:\/\/ornaqua.pt\/produto\/discusfood-bio-ceramic-filter-350l-piece\/\",\"url\":\"https:\/\/ornaqua.pt\/produto\/discusfood-bio-ceramic-filter-350l-piece\/\",\"name\":\"Discusfood- Bio-ceramic Filter\/350l-piece - Ornaqua - Reprodu\u00e7\u00e3o, Importa\u00e7\u00e3o e Comercio de Peixes Ornamentais\",\"isPartOf\":{\"@id\":\"https:\/\/ornaqua.pt\/#website\"},\"primaryImageOfPage\":{\"@id\":\"https:\/\/ornaqua.pt\/produto\/discusfood-bio-ceramic-filter-350l-piece\/#primaryimage\"},\"image\":{\"@id\":\"https:\/\/ornaqua.pt\/produto\/discusfood-bio-ceramic-filter-350l-piece\/#primaryimage\"},\"thumbnailUrl\":\"https:\/\/ornaqua.pt\/wp-content\/uploads\/2023\/05\/600x600-33.jpg\",\"datePublished\":\"2023-05-01T13:02:09+00:00\",\"dateModified\":\"2025-12-17T15:25:36+00:00\",\"breadcrumb\":{\"@id\":\"https:\/\/ornaqua.pt\/produto\/discusfood-bio-ceramic-filter-350l-piece\/#breadcrumb\"},\"inLanguage\":\"es\",\"potentialAction\":[{\"@type\":\"ReadAction\",\"target\":[\"https:\/\/ornaqua.pt\/produto\/discusfood-bio-ceramic-filter-350l-piece\/\"]}]},{\"@type\":\"ImageObject\",\"inLanguage\":\"es\",\"@id\":\"https:\/\/ornaqua.pt\/produto\/discusfood-bio-ceramic-filter-350l-piece\/#primaryimage\",\"url\":\"https:\/\/ornaqua.pt\/wp-content\/uploads\/2023\/05\/600x600-33.jpg\",\"contentUrl\":\"https:\/\/ornaqua.pt\/wp-content\/uploads\/2023\/05\/600x600-33.jpg\",\"width\":600,\"height\":600},{\"@type\":\"BreadcrumbList\",\"@id\":\"https:\/\/ornaqua.pt\/produto\/discusfood-bio-ceramic-filter-350l-piece\/#breadcrumb\",\"itemListElement\":[{\"@type\":\"ListItem\",\"position\":1,\"name\":\"In\u00edcio\",\"item\":\"https:\/\/ornaqua.pt\/\"},{\"@type\":\"ListItem\",\"position\":2,\"name\":\"Produtos\",\"item\":\"https:\/\/ornaqua.pt\/produtos\/\"},{\"@type\":\"ListItem\",\"position\":3,\"name\":\"Discusfood- Bio-ceramic Filter\/350l-piece\"}]},{\"@type\":\"WebSite\",\"@id\":\"https:\/\/ornaqua.pt\/#website\",\"url\":\"https:\/\/ornaqua.pt\/\",\"name\":\"Ornaqua - Loja Online\",\"description\":\"Reprodu\u00e7\u00e3o, Importa\u00e7\u00e3o e Comercio de Peixes Ornamentais\",\"publisher\":{\"@id\":\"https:\/\/ornaqua.pt\/#organization\"},\"potentialAction\":[{\"@type\":\"SearchAction\",\"target\":{\"@type\":\"EntryPoint\",\"urlTemplate\":\"https:\/\/ornaqua.pt\/?s={search_term_string}\"},\"query-input\":{\"@type\":\"PropertyValueSpecification\",\"valueRequired\":true,\"valueName\":\"search_term_string\"}}],\"inLanguage\":\"es\"},{\"@type\":\"Organization\",\"@id\":\"https:\/\/ornaqua.pt\/#organization\",\"name\":\"Ornaqua - Reprodu\u00e7\u00e3o, Importa\u00e7\u00e3o e Comercio de Peixes Ornamentais\",\"url\":\"https:\/\/ornaqua.pt\/\",\"logo\":{\"@type\":\"ImageObject\",\"inLanguage\":\"es\",\"@id\":\"https:\/\/ornaqua.pt\/#\/schema\/logo\/image\/\",\"url\":\"https:\/\/ornaqua.pt\/wp-content\/uploads\/2023\/10\/logo_ornaqua_200.png\",\"contentUrl\":\"https:\/\/ornaqua.pt\/wp-content\/uploads\/2023\/10\/logo_ornaqua_200.png\",\"width\":200,\"height\":97,\"caption\":\"Ornaqua - Reprodu\u00e7\u00e3o, Importa\u00e7\u00e3o e Comercio de Peixes Ornamentais\"},\"image\":{\"@id\":\"https:\/\/ornaqua.pt\/#\/schema\/logo\/image\/\"},\"sameAs\":[\"https:\/\/www.facebook.com\/ORNAQUA\",\"https:\/\/www.instagram.com\/ornaqua\/\"]}]}<\/script>\n<!-- \/ Yoast SEO plugin. -->","yoast_head_json":{"title":"Discusfood- Bio-ceramic Filter\/350l-piece - Ornaqua - Reprodu\u00e7\u00e3o, Importa\u00e7\u00e3o e Comercio de Peixes Ornamentais","robots":{"index":"index","follow":"follow","max-snippet":"max-snippet:-1","max-image-preview":"max-image-preview:large","max-video-preview":"max-video-preview:-1"},"canonical":"https:\/\/ornaqua.pt\/es\/producto\/discusfood-bio-ceramic-filter-350l-piece\/","og_locale":"es_ES","og_type":"article","og_title":"Discusfood- Bio-ceramic Filter\/350l-piece - Ornaqua - Reprodu\u00e7\u00e3o, Importa\u00e7\u00e3o e Comercio de Peixes Ornamentais","og_description":"Tr\u00eas tipos diferentes de filtragem em um filtro s\u00e3o a base para as melhores caracter\u00edsticas do filtro. 1.Camada interna: filtragem qu\u00edmica org\u00e2nica. O elevador de ar patenteado garante uma turbul\u00eancia ideal e uma mistura ideal de oxig\u00eanio na \u00e1gua do aqu\u00e1rio. 2. Filtragem biol\u00f3gica. Vidro, cer\u00e2mica e pedra natural formam a base para o filtro [&hellip;]","og_url":"https:\/\/ornaqua.pt\/es\/producto\/discusfood-bio-ceramic-filter-350l-piece\/","og_site_name":"Ornaqua - Reprodu\u00e7\u00e3o, Importa\u00e7\u00e3o e Comercio de Peixes Ornamentais","article_publisher":"https:\/\/www.facebook.com\/ORNAQUA","article_modified_time":"2025-12-17T15:25:36+00:00","og_image":[{"width":600,"height":600,"url":"https:\/\/ornaqua.pt\/wp-content\/uploads\/2023\/05\/600x600-33.jpg","type":"image\/jpeg"}],"twitter_card":"summary_large_image","twitter_misc":{"Tiempo de lectura":"2 minutos"},"schema":{"@context":"https:\/\/schema.org","@graph":[{"@type":"WebPage","@id":"https:\/\/ornaqua.pt\/produto\/discusfood-bio-ceramic-filter-350l-piece\/","url":"https:\/\/ornaqua.pt\/produto\/discusfood-bio-ceramic-filter-350l-piece\/","name":"Discusfood- Bio-ceramic Filter\/350l-piece - Ornaqua - Reprodu\u00e7\u00e3o, Importa\u00e7\u00e3o e Comercio de Peixes Ornamentais","isPartOf":{"@id":"https:\/\/ornaqua.pt\/#website"},"primaryImageOfPage":{"@id":"https:\/\/ornaqua.pt\/produto\/discusfood-bio-ceramic-filter-350l-piece\/#primaryimage"},"image":{"@id":"https:\/\/ornaqua.pt\/produto\/discusfood-bio-ceramic-filter-350l-piece\/#primaryimage"},"thumbnailUrl":"https:\/\/ornaqua.pt\/wp-content\/uploads\/2023\/05\/600x600-33.jpg","datePublished":"2023-05-01T13:02:09+00:00","dateModified":"2025-12-17T15:25:36+00:00","breadcrumb":{"@id":"https:\/\/ornaqua.pt\/produto\/discusfood-bio-ceramic-filter-350l-piece\/#breadcrumb"},"inLanguage":"es","potentialAction":[{"@type":"ReadAction","target":["https:\/\/ornaqua.pt\/produto\/discusfood-bio-ceramic-filter-350l-piece\/"]}]},{"@type":"ImageObject","inLanguage":"es","@id":"https:\/\/ornaqua.pt\/produto\/discusfood-bio-ceramic-filter-350l-piece\/#primaryimage","url":"https:\/\/ornaqua.pt\/wp-content\/uploads\/2023\/05\/600x600-33.jpg","contentUrl":"https:\/\/ornaqua.pt\/wp-content\/uploads\/2023\/05\/600x600-33.jpg","width":600,"height":600},{"@type":"BreadcrumbList","@id":"https:\/\/ornaqua.pt\/produto\/discusfood-bio-ceramic-filter-350l-piece\/#breadcrumb","itemListElement":[{"@type":"ListItem","position":1,"name":"In\u00edcio","item":"https:\/\/ornaqua.pt\/"},{"@type":"ListItem","position":2,"name":"Produtos","item":"https:\/\/ornaqua.pt\/produtos\/"},{"@type":"ListItem","position":3,"name":"Discusfood- Bio-ceramic Filter\/350l-piece"}]},{"@type":"WebSite","@id":"https:\/\/ornaqua.pt\/#website","url":"https:\/\/ornaqua.pt\/","name":"Ornaqua - Loja Online","description":"Reprodu\u00e7\u00e3o, Importa\u00e7\u00e3o e Comercio de Peixes Ornamentais","publisher":{"@id":"https:\/\/ornaqua.pt\/#organization"},"potentialAction":[{"@type":"SearchAction","target":{"@type":"EntryPoint","urlTemplate":"https:\/\/ornaqua.pt\/?s={search_term_string}"},"query-input":{"@type":"PropertyValueSpecification","valueRequired":true,"valueName":"search_term_string"}}],"inLanguage":"es"},{"@type":"Organization","@id":"https:\/\/ornaqua.pt\/#organization","name":"Ornaqua - Reprodu\u00e7\u00e3o, Importa\u00e7\u00e3o e Comercio de Peixes Ornamentais","url":"https:\/\/ornaqua.pt\/","logo":{"@type":"ImageObject","inLanguage":"es","@id":"https:\/\/ornaqua.pt\/#\/schema\/logo\/image\/","url":"https:\/\/ornaqua.pt\/wp-content\/uploads\/2023\/10\/logo_ornaqua_200.png","contentUrl":"https:\/\/ornaqua.pt\/wp-content\/uploads\/2023\/10\/logo_ornaqua_200.png","width":200,"height":97,"caption":"Ornaqua - Reprodu\u00e7\u00e3o, Importa\u00e7\u00e3o e Comercio de Peixes Ornamentais"},"image":{"@id":"https:\/\/ornaqua.pt\/#\/schema\/logo\/image\/"},"sameAs":["https:\/\/www.facebook.com\/ORNAQUA","https:\/\/www.instagram.com\/ornaqua\/"]}]}},"_links":{"self":[{"href":"https:\/\/ornaqua.pt\/es\/wp-json\/wp\/v2\/product\/4779","targetHints":{"allow":["GET"]}}],"collection":[{"href":"https:\/\/ornaqua.pt\/es\/wp-json\/wp\/v2\/product"}],"about":[{"href":"https:\/\/ornaqua.pt\/es\/wp-json\/wp\/v2\/types\/product"}],"wp:featuredmedia":[{"embeddable":true,"href":"https:\/\/ornaqua.pt\/es\/wp-json\/wp\/v2\/media\/6853"}],"wp:attachment":[{"href":"https:\/\/ornaqua.pt\/es\/wp-json\/wp\/v2\/media?parent=4779"}],"wp:term":[{"taxonomy":"product_brand","embeddable":true,"href":"https:\/\/ornaqua.pt\/es\/wp-json\/wp\/v2\/product_brand?post=4779"},{"taxonomy":"product_cat","embeddable":true,"href":"https:\/\/ornaqua.pt\/es\/wp-json\/wp\/v2\/product_cat?post=4779"},{"taxonomy":"product_tag","embeddable":true,"href":"https:\/\/ornaqua.pt\/es\/wp-json\/wp\/v2\/product_tag?post=4779"}],"curies":[{"name":"wp","href":"https:\/\/api.w.org\/{rel}","templated":true}]}}