{"id":4773,"date":"2023-05-01T14:01:55","date_gmt":"2023-05-01T13:01:55","guid":{"rendered":"http:\/\/ornaqua.pt\/produto\/discusfood-amazon-tonic-for-5000-ltrs-500-ml\/"},"modified":"2026-03-17T08:24:13","modified_gmt":"2026-03-17T08:24:13","slug":"discusfood-amazon-tonic-for-5000-ltrs-500-ml","status":"publish","type":"product","link":"https:\/\/ornaqua.pt\/es\/producto\/discusfood-amazon-tonic-for-5000-ltrs-500-ml\/","title":{"rendered":"Discusfood-Amazon Tonic for 5000 ltrs-500 ml"},"content":{"rendered":"<p>Amazon Tonic cont\u00e9m fitoqu\u00edmicos valiosos e altamente eficazes. Durante a esta\u00e7\u00e3o chuvosa, grandes quantidades de subst\u00e2ncias naturais (por exemplo, taninos) s\u00e3o arrastadas para as \u00e1guas. Muitas criaturas de \u00e1gua doce s\u00e3o mais bem adaptadas a essas subst\u00e2ncias. Seus efeitos positivos s\u00e3o comprovados cientificamente e formam a base da naturopatia. Amazon Tonic traz esses efeitos biol\u00f3gicos para os aqu\u00e1rios.<br \/>\nAmazon Tonic previne doen\u00e7as e danos na desova usando taninos naturais.<br \/>\nMelhora a prontid\u00e3o de desova;<br \/>\nAmazon Tonic protege a membrana mucosa;<br \/>\nPreserva o sistema imunol\u00f3gico de forma natural;<br \/>\nReduz a carga de agentes patog\u00e9nicos da \u00e1gua;<br \/>\nAmazon Tonic garante condi\u00e7\u00f5es naturais em bi\u00f3topos de \u00e1gua doce;<br \/>\nFornece profilaxia eficaz contra doen\u00e7as;<br \/>\nN\u00e3o &#8220;suja&#8221; a \u00e1gua;<br \/>\nAmazon Tonic \u00e9 um produto de extratos naturais puros de cascas de \u00e1rvores e plantas espec\u00edficas da Am\u00e9rica do Sul. Os povos ind\u00edgenas usam seus ingredientes ativos como rem\u00e9dios naturais para muitas doen\u00e7as.<br \/>\nAmazon Tonic \u00e9 seguro e f\u00e1cil de usar. Dosagem recomendada 10 ml por 100 l. Se os peixes n\u00e3o se sentirem bem ou para profilaxia regular, fa\u00e7a 10 ml por 100 l. Mesmo uma overdose m\u00faltipla \u00e9 inofensiva para os peixes. Amazon Tonic \u00e9 um produto natural puro. A vida \u00fatil \u00e9 de cerca de 2 anos. Proteja-o do calor forte. \u00c9 ideal em combina\u00e7\u00e3o com Natural Humin.<\/p>","protected":false},"excerpt":{"rendered":"<p>Amazon Tonic cont\u00e9m fitoqu\u00edmicos valiosos e altamente eficazes. Durante a esta\u00e7\u00e3o chuvosa, grandes quantidades de subst\u00e2ncias naturais (por exemplo, taninos) s\u00e3o arrastadas para as \u00e1guas. Muitas criaturas de \u00e1gua doce s\u00e3o mais bem adaptadas a essas subst\u00e2ncias. Seus efeitos positivos s\u00e3o comprovados cientificamente e formam a base da naturopatia. Amazon Tonic traz esses efeitos biol\u00f3gicos [&hellip;]<\/p>\n","protected":false},"featured_media":6846,"template":"","meta":{"inline_featured_image":false},"product_brand":[],"product_cat":[43],"product_tag":[],"class_list":{"0":"post-4773","1":"product","2":"type-product","3":"status-publish","4":"has-post-thumbnail","6":"product_cat-tratamentos","8":"first","9":"instock","10":"taxable","11":"shipping-taxable","12":"purchasable","13":"product-type-simple"},"yoast_head":"<!-- This site is optimized with the Yoast SEO plugin v27.1.1 - https:\/\/yoast.com\/product\/yoast-seo-wordpress\/ -->\n<title>Discusfood-Amazon Tonic for 5000 ltrs-500 ml - Ornaqua - Reprodu\u00e7\u00e3o, Importa\u00e7\u00e3o e Comercio de Peixes Ornamentais<\/title>\n<meta name=\"robots\" content=\"index, follow, max-snippet:-1, max-image-preview:large, max-video-preview:-1\" \/>\n<link rel=\"canonical\" href=\"https:\/\/ornaqua.pt\/es\/producto\/discusfood-amazon-tonic-for-5000-ltrs-500-ml\/\" \/>\n<meta property=\"og:locale\" content=\"es_ES\" \/>\n<meta property=\"og:type\" content=\"article\" \/>\n<meta property=\"og:title\" content=\"Discusfood-Amazon Tonic for 5000 ltrs-500 ml - Ornaqua - Reprodu\u00e7\u00e3o, Importa\u00e7\u00e3o e Comercio de Peixes Ornamentais\" \/>\n<meta property=\"og:description\" content=\"Amazon Tonic cont\u00e9m fitoqu\u00edmicos valiosos e altamente eficazes. Durante a esta\u00e7\u00e3o chuvosa, grandes quantidades de subst\u00e2ncias naturais (por exemplo, taninos) s\u00e3o arrastadas para as \u00e1guas. Muitas criaturas de \u00e1gua doce s\u00e3o mais bem adaptadas a essas subst\u00e2ncias. Seus efeitos positivos s\u00e3o comprovados cientificamente e formam a base da naturopatia. Amazon Tonic traz esses efeitos biol\u00f3gicos [&hellip;]\" \/>\n<meta property=\"og:url\" content=\"https:\/\/ornaqua.pt\/es\/producto\/discusfood-amazon-tonic-for-5000-ltrs-500-ml\/\" \/>\n<meta property=\"og:site_name\" content=\"Ornaqua - Reprodu\u00e7\u00e3o, Importa\u00e7\u00e3o e Comercio de Peixes Ornamentais\" \/>\n<meta property=\"article:publisher\" content=\"https:\/\/www.facebook.com\/ORNAQUA\" \/>\n<meta property=\"article:modified_time\" content=\"2026-03-17T08:24:13+00:00\" \/>\n<meta property=\"og:image\" content=\"https:\/\/ornaqua.pt\/wp-content\/uploads\/2023\/05\/25305-1_1600x1200.jpg\" \/>\n\t<meta property=\"og:image:width\" content=\"600\" \/>\n\t<meta property=\"og:image:height\" content=\"600\" \/>\n\t<meta property=\"og:image:type\" content=\"image\/jpeg\" \/>\n<meta name=\"twitter:card\" content=\"summary_large_image\" \/>\n<meta name=\"twitter:label1\" content=\"Tiempo de lectura\" \/>\n\t<meta name=\"twitter:data1\" content=\"2 minutos\" \/>\n<script type=\"application\/ld+json\" class=\"yoast-schema-graph\">{\"@context\":\"https:\/\/schema.org\",\"@graph\":[{\"@type\":\"WebPage\",\"@id\":\"https:\/\/ornaqua.pt\/produto\/discusfood-amazon-tonic-for-5000-ltrs-500-ml\/\",\"url\":\"https:\/\/ornaqua.pt\/produto\/discusfood-amazon-tonic-for-5000-ltrs-500-ml\/\",\"name\":\"Discusfood-Amazon Tonic for 5000 ltrs-500 ml - Ornaqua - Reprodu\u00e7\u00e3o, Importa\u00e7\u00e3o e Comercio de Peixes Ornamentais\",\"isPartOf\":{\"@id\":\"https:\/\/ornaqua.pt\/#website\"},\"primaryImageOfPage\":{\"@id\":\"https:\/\/ornaqua.pt\/produto\/discusfood-amazon-tonic-for-5000-ltrs-500-ml\/#primaryimage\"},\"image\":{\"@id\":\"https:\/\/ornaqua.pt\/produto\/discusfood-amazon-tonic-for-5000-ltrs-500-ml\/#primaryimage\"},\"thumbnailUrl\":\"https:\/\/ornaqua.pt\/wp-content\/uploads\/2023\/05\/25305-1_1600x1200.jpg\",\"datePublished\":\"2023-05-01T13:01:55+00:00\",\"dateModified\":\"2026-03-17T08:24:13+00:00\",\"breadcrumb\":{\"@id\":\"https:\/\/ornaqua.pt\/produto\/discusfood-amazon-tonic-for-5000-ltrs-500-ml\/#breadcrumb\"},\"inLanguage\":\"es\",\"potentialAction\":[{\"@type\":\"ReadAction\",\"target\":[\"https:\/\/ornaqua.pt\/produto\/discusfood-amazon-tonic-for-5000-ltrs-500-ml\/\"]}]},{\"@type\":\"ImageObject\",\"inLanguage\":\"es\",\"@id\":\"https:\/\/ornaqua.pt\/produto\/discusfood-amazon-tonic-for-5000-ltrs-500-ml\/#primaryimage\",\"url\":\"https:\/\/ornaqua.pt\/wp-content\/uploads\/2023\/05\/25305-1_1600x1200.jpg\",\"contentUrl\":\"https:\/\/ornaqua.pt\/wp-content\/uploads\/2023\/05\/25305-1_1600x1200.jpg\",\"width\":600,\"height\":600},{\"@type\":\"BreadcrumbList\",\"@id\":\"https:\/\/ornaqua.pt\/produto\/discusfood-amazon-tonic-for-5000-ltrs-500-ml\/#breadcrumb\",\"itemListElement\":[{\"@type\":\"ListItem\",\"position\":1,\"name\":\"In\u00edcio\",\"item\":\"https:\/\/ornaqua.pt\/\"},{\"@type\":\"ListItem\",\"position\":2,\"name\":\"Produtos\",\"item\":\"https:\/\/ornaqua.pt\/produtos\/\"},{\"@type\":\"ListItem\",\"position\":3,\"name\":\"Discusfood-Amazon Tonic for 5000 ltrs-500 ml\"}]},{\"@type\":\"WebSite\",\"@id\":\"https:\/\/ornaqua.pt\/#website\",\"url\":\"https:\/\/ornaqua.pt\/\",\"name\":\"Ornaqua - Loja Online\",\"description\":\"Reprodu\u00e7\u00e3o, Importa\u00e7\u00e3o e Comercio de Peixes Ornamentais\",\"publisher\":{\"@id\":\"https:\/\/ornaqua.pt\/#organization\"},\"potentialAction\":[{\"@type\":\"SearchAction\",\"target\":{\"@type\":\"EntryPoint\",\"urlTemplate\":\"https:\/\/ornaqua.pt\/?s={search_term_string}\"},\"query-input\":{\"@type\":\"PropertyValueSpecification\",\"valueRequired\":true,\"valueName\":\"search_term_string\"}}],\"inLanguage\":\"es\"},{\"@type\":\"Organization\",\"@id\":\"https:\/\/ornaqua.pt\/#organization\",\"name\":\"Ornaqua - Reprodu\u00e7\u00e3o, Importa\u00e7\u00e3o e Comercio de Peixes Ornamentais\",\"url\":\"https:\/\/ornaqua.pt\/\",\"logo\":{\"@type\":\"ImageObject\",\"inLanguage\":\"es\",\"@id\":\"https:\/\/ornaqua.pt\/#\/schema\/logo\/image\/\",\"url\":\"https:\/\/ornaqua.pt\/wp-content\/uploads\/2023\/10\/logo_ornaqua_200.png\",\"contentUrl\":\"https:\/\/ornaqua.pt\/wp-content\/uploads\/2023\/10\/logo_ornaqua_200.png\",\"width\":200,\"height\":97,\"caption\":\"Ornaqua - Reprodu\u00e7\u00e3o, Importa\u00e7\u00e3o e Comercio de Peixes Ornamentais\"},\"image\":{\"@id\":\"https:\/\/ornaqua.pt\/#\/schema\/logo\/image\/\"},\"sameAs\":[\"https:\/\/www.facebook.com\/ORNAQUA\",\"https:\/\/www.instagram.com\/ornaqua\/\"]}]}<\/script>\n<!-- \/ Yoast SEO plugin. -->","yoast_head_json":{"title":"Discusfood-Amazon Tonic for 5000 ltrs-500 ml - Ornaqua - Reprodu\u00e7\u00e3o, Importa\u00e7\u00e3o e Comercio de Peixes Ornamentais","robots":{"index":"index","follow":"follow","max-snippet":"max-snippet:-1","max-image-preview":"max-image-preview:large","max-video-preview":"max-video-preview:-1"},"canonical":"https:\/\/ornaqua.pt\/es\/producto\/discusfood-amazon-tonic-for-5000-ltrs-500-ml\/","og_locale":"es_ES","og_type":"article","og_title":"Discusfood-Amazon Tonic for 5000 ltrs-500 ml - Ornaqua - Reprodu\u00e7\u00e3o, Importa\u00e7\u00e3o e Comercio de Peixes Ornamentais","og_description":"Amazon Tonic cont\u00e9m fitoqu\u00edmicos valiosos e altamente eficazes. Durante a esta\u00e7\u00e3o chuvosa, grandes quantidades de subst\u00e2ncias naturais (por exemplo, taninos) s\u00e3o arrastadas para as \u00e1guas. Muitas criaturas de \u00e1gua doce s\u00e3o mais bem adaptadas a essas subst\u00e2ncias. Seus efeitos positivos s\u00e3o comprovados cientificamente e formam a base da naturopatia. Amazon Tonic traz esses efeitos biol\u00f3gicos [&hellip;]","og_url":"https:\/\/ornaqua.pt\/es\/producto\/discusfood-amazon-tonic-for-5000-ltrs-500-ml\/","og_site_name":"Ornaqua - Reprodu\u00e7\u00e3o, Importa\u00e7\u00e3o e Comercio de Peixes Ornamentais","article_publisher":"https:\/\/www.facebook.com\/ORNAQUA","article_modified_time":"2026-03-17T08:24:13+00:00","og_image":[{"width":600,"height":600,"url":"https:\/\/ornaqua.pt\/wp-content\/uploads\/2023\/05\/25305-1_1600x1200.jpg","type":"image\/jpeg"}],"twitter_card":"summary_large_image","twitter_misc":{"Tiempo de lectura":"2 minutos"},"schema":{"@context":"https:\/\/schema.org","@graph":[{"@type":"WebPage","@id":"https:\/\/ornaqua.pt\/produto\/discusfood-amazon-tonic-for-5000-ltrs-500-ml\/","url":"https:\/\/ornaqua.pt\/produto\/discusfood-amazon-tonic-for-5000-ltrs-500-ml\/","name":"Discusfood-Amazon Tonic for 5000 ltrs-500 ml - Ornaqua - Reprodu\u00e7\u00e3o, Importa\u00e7\u00e3o e Comercio de Peixes Ornamentais","isPartOf":{"@id":"https:\/\/ornaqua.pt\/#website"},"primaryImageOfPage":{"@id":"https:\/\/ornaqua.pt\/produto\/discusfood-amazon-tonic-for-5000-ltrs-500-ml\/#primaryimage"},"image":{"@id":"https:\/\/ornaqua.pt\/produto\/discusfood-amazon-tonic-for-5000-ltrs-500-ml\/#primaryimage"},"thumbnailUrl":"https:\/\/ornaqua.pt\/wp-content\/uploads\/2023\/05\/25305-1_1600x1200.jpg","datePublished":"2023-05-01T13:01:55+00:00","dateModified":"2026-03-17T08:24:13+00:00","breadcrumb":{"@id":"https:\/\/ornaqua.pt\/produto\/discusfood-amazon-tonic-for-5000-ltrs-500-ml\/#breadcrumb"},"inLanguage":"es","potentialAction":[{"@type":"ReadAction","target":["https:\/\/ornaqua.pt\/produto\/discusfood-amazon-tonic-for-5000-ltrs-500-ml\/"]}]},{"@type":"ImageObject","inLanguage":"es","@id":"https:\/\/ornaqua.pt\/produto\/discusfood-amazon-tonic-for-5000-ltrs-500-ml\/#primaryimage","url":"https:\/\/ornaqua.pt\/wp-content\/uploads\/2023\/05\/25305-1_1600x1200.jpg","contentUrl":"https:\/\/ornaqua.pt\/wp-content\/uploads\/2023\/05\/25305-1_1600x1200.jpg","width":600,"height":600},{"@type":"BreadcrumbList","@id":"https:\/\/ornaqua.pt\/produto\/discusfood-amazon-tonic-for-5000-ltrs-500-ml\/#breadcrumb","itemListElement":[{"@type":"ListItem","position":1,"name":"In\u00edcio","item":"https:\/\/ornaqua.pt\/"},{"@type":"ListItem","position":2,"name":"Produtos","item":"https:\/\/ornaqua.pt\/produtos\/"},{"@type":"ListItem","position":3,"name":"Discusfood-Amazon Tonic for 5000 ltrs-500 ml"}]},{"@type":"WebSite","@id":"https:\/\/ornaqua.pt\/#website","url":"https:\/\/ornaqua.pt\/","name":"Ornaqua - Loja Online","description":"Reprodu\u00e7\u00e3o, Importa\u00e7\u00e3o e Comercio de Peixes Ornamentais","publisher":{"@id":"https:\/\/ornaqua.pt\/#organization"},"potentialAction":[{"@type":"SearchAction","target":{"@type":"EntryPoint","urlTemplate":"https:\/\/ornaqua.pt\/?s={search_term_string}"},"query-input":{"@type":"PropertyValueSpecification","valueRequired":true,"valueName":"search_term_string"}}],"inLanguage":"es"},{"@type":"Organization","@id":"https:\/\/ornaqua.pt\/#organization","name":"Ornaqua - Reprodu\u00e7\u00e3o, Importa\u00e7\u00e3o e Comercio de Peixes Ornamentais","url":"https:\/\/ornaqua.pt\/","logo":{"@type":"ImageObject","inLanguage":"es","@id":"https:\/\/ornaqua.pt\/#\/schema\/logo\/image\/","url":"https:\/\/ornaqua.pt\/wp-content\/uploads\/2023\/10\/logo_ornaqua_200.png","contentUrl":"https:\/\/ornaqua.pt\/wp-content\/uploads\/2023\/10\/logo_ornaqua_200.png","width":200,"height":97,"caption":"Ornaqua - Reprodu\u00e7\u00e3o, Importa\u00e7\u00e3o e Comercio de Peixes Ornamentais"},"image":{"@id":"https:\/\/ornaqua.pt\/#\/schema\/logo\/image\/"},"sameAs":["https:\/\/www.facebook.com\/ORNAQUA","https:\/\/www.instagram.com\/ornaqua\/"]}]}},"_links":{"self":[{"href":"https:\/\/ornaqua.pt\/es\/wp-json\/wp\/v2\/product\/4773","targetHints":{"allow":["GET"]}}],"collection":[{"href":"https:\/\/ornaqua.pt\/es\/wp-json\/wp\/v2\/product"}],"about":[{"href":"https:\/\/ornaqua.pt\/es\/wp-json\/wp\/v2\/types\/product"}],"wp:featuredmedia":[{"embeddable":true,"href":"https:\/\/ornaqua.pt\/es\/wp-json\/wp\/v2\/media\/6846"}],"wp:attachment":[{"href":"https:\/\/ornaqua.pt\/es\/wp-json\/wp\/v2\/media?parent=4773"}],"wp:term":[{"taxonomy":"product_brand","embeddable":true,"href":"https:\/\/ornaqua.pt\/es\/wp-json\/wp\/v2\/product_brand?post=4773"},{"taxonomy":"product_cat","embeddable":true,"href":"https:\/\/ornaqua.pt\/es\/wp-json\/wp\/v2\/product_cat?post=4773"},{"taxonomy":"product_tag","embeddable":true,"href":"https:\/\/ornaqua.pt\/es\/wp-json\/wp\/v2\/product_tag?post=4773"}],"curies":[{"name":"wp","href":"https:\/\/api.w.org\/{rel}","templated":true}]}}