{"id":4767,"date":"2023-05-01T14:01:41","date_gmt":"2023-05-01T13:01:41","guid":{"rendered":"http:\/\/ornaqua.pt\/produto\/discusfood-catappa-royal-for-5000-ltrs-500-ml\/"},"modified":"2026-03-27T11:45:22","modified_gmt":"2026-03-27T11:45:22","slug":"discusfood-catappa-royal-for-5000-ltrs-500-ml","status":"publish","type":"product","link":"https:\/\/ornaqua.pt\/es\/producto\/discusfood-catappa-royal-for-5000-ltrs-500-ml\/","title":{"rendered":"Discusfood- Catappa Royal for 5000 ltrs (500 ml)"},"content":{"rendered":"<p>Um dos produtos naturais antibacterianos mais poderosos.<br \/>\nPossui propriedades antibi\u00f3ticas e fungicidas naturais.<br \/>\nApoia e fortalece o sistema imunol\u00f3gico do seu peixe.<br \/>\nPode melhorar significativamente a qualidade da \u00e1gua dos peixes, reduzindo os agentes patog\u00e9nicos.<br \/>\nPeixes que est\u00e3o com infec\u00e7\u00f5es podem ter uma recupera\u00e7\u00e3o mais r\u00e1pida.<br \/>\nTodos esses fatores t\u00eam um efeito positivo no combate \u00e0s doen\u00e7as dos peixes, como a doen\u00e7a da mancha branca em tetras, a chamada doen\u00e7a do olho esbugalhado e a doen\u00e7a do buraco na cabe\u00e7a dos peixes discus. Especialmente as membranas mucosas s\u00e3o protegidas.<br \/>\nEste rico concentrado premium \u00e9 particularmente adequado para a cria\u00e7\u00e3o de um novo aqu\u00e1rio, bem como para a instala\u00e7\u00e3o de um aqu\u00e1rio de reprodu\u00e7\u00e3o. Ao manter esp\u00e9cies de peixes sens\u00edveis, bem como durante o transporte de um peixe para um novo aqu\u00e1rio, durante uma doen\u00e7a bacteriana do peixe ou durante a fase de desova de peixes discus e outras esp\u00e9cies, voc\u00ea pode criar \u00e1gua adequada para peixes usando um 100% produto natural.<br \/>\nDosagem<br \/>\nAdicione 10ml do concentrado uma vez por semana e ap\u00f3s cada troca de \u00e1gua de 100l do aqu\u00e1rio. Para o tratamento de doen\u00e7as e fungos, a dosagem pode facilmente ser aumentada para 20ml ou 30ml.<br \/>\nN\u00e3o \u00e9 adequado para consumo humano. Por favor, guarde em local fresco e seco.<\/p>","protected":false},"excerpt":{"rendered":"<p>Um dos produtos naturais antibacterianos mais poderosos. Possui propriedades antibi\u00f3ticas e fungicidas naturais. Apoia e fortalece o sistema imunol\u00f3gico do seu peixe. Pode melhorar significativamente a qualidade da \u00e1gua dos peixes, reduzindo os agentes patog\u00e9nicos. Peixes que est\u00e3o com infec\u00e7\u00f5es podem ter uma recupera\u00e7\u00e3o mais r\u00e1pida. Todos esses fatores t\u00eam um efeito positivo no combate [&hellip;]<\/p>\n","protected":false},"featured_media":6849,"template":"","meta":{"inline_featured_image":false},"product_brand":[],"product_cat":[43],"product_tag":[],"class_list":{"0":"post-4767","1":"product","2":"type-product","3":"status-publish","4":"has-post-thumbnail","6":"product_cat-tratamentos","8":"first","9":"instock","10":"taxable","11":"shipping-taxable","12":"purchasable","13":"product-type-simple"},"yoast_head":"<!-- This site is optimized with the Yoast SEO plugin v27.1.1 - https:\/\/yoast.com\/product\/yoast-seo-wordpress\/ -->\n<title>Discusfood- Catappa Royal for 5000 ltrs (500 ml) - Ornaqua - Reprodu\u00e7\u00e3o, Importa\u00e7\u00e3o e Comercio de Peixes Ornamentais<\/title>\n<meta name=\"robots\" content=\"index, follow, max-snippet:-1, max-image-preview:large, max-video-preview:-1\" \/>\n<link rel=\"canonical\" href=\"https:\/\/ornaqua.pt\/es\/producto\/discusfood-catappa-royal-for-5000-ltrs-500-ml\/\" \/>\n<meta property=\"og:locale\" content=\"es_ES\" \/>\n<meta property=\"og:type\" content=\"article\" \/>\n<meta property=\"og:title\" content=\"Discusfood- Catappa Royal for 5000 ltrs (500 ml) - Ornaqua - Reprodu\u00e7\u00e3o, Importa\u00e7\u00e3o e Comercio de Peixes Ornamentais\" \/>\n<meta property=\"og:description\" content=\"Um dos produtos naturais antibacterianos mais poderosos. Possui propriedades antibi\u00f3ticas e fungicidas naturais. Apoia e fortalece o sistema imunol\u00f3gico do seu peixe. Pode melhorar significativamente a qualidade da \u00e1gua dos peixes, reduzindo os agentes patog\u00e9nicos. Peixes que est\u00e3o com infec\u00e7\u00f5es podem ter uma recupera\u00e7\u00e3o mais r\u00e1pida. Todos esses fatores t\u00eam um efeito positivo no combate [&hellip;]\" \/>\n<meta property=\"og:url\" content=\"https:\/\/ornaqua.pt\/es\/producto\/discusfood-catappa-royal-for-5000-ltrs-500-ml\/\" \/>\n<meta property=\"og:site_name\" content=\"Ornaqua - Reprodu\u00e7\u00e3o, Importa\u00e7\u00e3o e Comercio de Peixes Ornamentais\" \/>\n<meta property=\"article:publisher\" content=\"https:\/\/www.facebook.com\/ORNAQUA\" \/>\n<meta property=\"article:modified_time\" content=\"2026-03-27T11:45:22+00:00\" \/>\n<meta property=\"og:image\" content=\"https:\/\/ornaqua.pt\/wp-content\/uploads\/2023\/05\/600x600-31.jpg\" \/>\n\t<meta property=\"og:image:width\" content=\"600\" \/>\n\t<meta property=\"og:image:height\" content=\"600\" \/>\n\t<meta property=\"og:image:type\" content=\"image\/jpeg\" \/>\n<meta name=\"twitter:card\" content=\"summary_large_image\" \/>\n<meta name=\"twitter:label1\" content=\"Tiempo de lectura\" \/>\n\t<meta name=\"twitter:data1\" content=\"2 minutos\" \/>\n<script type=\"application\/ld+json\" class=\"yoast-schema-graph\">{\"@context\":\"https:\/\/schema.org\",\"@graph\":[{\"@type\":\"WebPage\",\"@id\":\"https:\/\/ornaqua.pt\/produto\/discusfood-catappa-royal-for-5000-ltrs-500-ml\/\",\"url\":\"https:\/\/ornaqua.pt\/produto\/discusfood-catappa-royal-for-5000-ltrs-500-ml\/\",\"name\":\"Discusfood- Catappa Royal for 5000 ltrs (500 ml) - Ornaqua - Reprodu\u00e7\u00e3o, Importa\u00e7\u00e3o e Comercio de Peixes Ornamentais\",\"isPartOf\":{\"@id\":\"https:\/\/ornaqua.pt\/#website\"},\"primaryImageOfPage\":{\"@id\":\"https:\/\/ornaqua.pt\/produto\/discusfood-catappa-royal-for-5000-ltrs-500-ml\/#primaryimage\"},\"image\":{\"@id\":\"https:\/\/ornaqua.pt\/produto\/discusfood-catappa-royal-for-5000-ltrs-500-ml\/#primaryimage\"},\"thumbnailUrl\":\"https:\/\/ornaqua.pt\/wp-content\/uploads\/2023\/05\/600x600-31.jpg\",\"datePublished\":\"2023-05-01T13:01:41+00:00\",\"dateModified\":\"2026-03-27T11:45:22+00:00\",\"breadcrumb\":{\"@id\":\"https:\/\/ornaqua.pt\/produto\/discusfood-catappa-royal-for-5000-ltrs-500-ml\/#breadcrumb\"},\"inLanguage\":\"es\",\"potentialAction\":[{\"@type\":\"ReadAction\",\"target\":[\"https:\/\/ornaqua.pt\/produto\/discusfood-catappa-royal-for-5000-ltrs-500-ml\/\"]}]},{\"@type\":\"ImageObject\",\"inLanguage\":\"es\",\"@id\":\"https:\/\/ornaqua.pt\/produto\/discusfood-catappa-royal-for-5000-ltrs-500-ml\/#primaryimage\",\"url\":\"https:\/\/ornaqua.pt\/wp-content\/uploads\/2023\/05\/600x600-31.jpg\",\"contentUrl\":\"https:\/\/ornaqua.pt\/wp-content\/uploads\/2023\/05\/600x600-31.jpg\",\"width\":600,\"height\":600},{\"@type\":\"BreadcrumbList\",\"@id\":\"https:\/\/ornaqua.pt\/produto\/discusfood-catappa-royal-for-5000-ltrs-500-ml\/#breadcrumb\",\"itemListElement\":[{\"@type\":\"ListItem\",\"position\":1,\"name\":\"In\u00edcio\",\"item\":\"https:\/\/ornaqua.pt\/\"},{\"@type\":\"ListItem\",\"position\":2,\"name\":\"Produtos\",\"item\":\"https:\/\/ornaqua.pt\/produtos\/\"},{\"@type\":\"ListItem\",\"position\":3,\"name\":\"Discusfood- Catappa Royal for 5000 ltrs (500 ml)\"}]},{\"@type\":\"WebSite\",\"@id\":\"https:\/\/ornaqua.pt\/#website\",\"url\":\"https:\/\/ornaqua.pt\/\",\"name\":\"Ornaqua - Loja Online\",\"description\":\"Reprodu\u00e7\u00e3o, Importa\u00e7\u00e3o e Comercio de Peixes Ornamentais\",\"publisher\":{\"@id\":\"https:\/\/ornaqua.pt\/#organization\"},\"potentialAction\":[{\"@type\":\"SearchAction\",\"target\":{\"@type\":\"EntryPoint\",\"urlTemplate\":\"https:\/\/ornaqua.pt\/?s={search_term_string}\"},\"query-input\":{\"@type\":\"PropertyValueSpecification\",\"valueRequired\":true,\"valueName\":\"search_term_string\"}}],\"inLanguage\":\"es\"},{\"@type\":\"Organization\",\"@id\":\"https:\/\/ornaqua.pt\/#organization\",\"name\":\"Ornaqua - Reprodu\u00e7\u00e3o, Importa\u00e7\u00e3o e Comercio de Peixes Ornamentais\",\"url\":\"https:\/\/ornaqua.pt\/\",\"logo\":{\"@type\":\"ImageObject\",\"inLanguage\":\"es\",\"@id\":\"https:\/\/ornaqua.pt\/#\/schema\/logo\/image\/\",\"url\":\"https:\/\/ornaqua.pt\/wp-content\/uploads\/2023\/10\/logo_ornaqua_200.png\",\"contentUrl\":\"https:\/\/ornaqua.pt\/wp-content\/uploads\/2023\/10\/logo_ornaqua_200.png\",\"width\":200,\"height\":97,\"caption\":\"Ornaqua - Reprodu\u00e7\u00e3o, Importa\u00e7\u00e3o e Comercio de Peixes Ornamentais\"},\"image\":{\"@id\":\"https:\/\/ornaqua.pt\/#\/schema\/logo\/image\/\"},\"sameAs\":[\"https:\/\/www.facebook.com\/ORNAQUA\",\"https:\/\/www.instagram.com\/ornaqua\/\"]}]}<\/script>\n<!-- \/ Yoast SEO plugin. -->","yoast_head_json":{"title":"Discusfood- Catappa Royal for 5000 ltrs (500 ml) - Ornaqua - Reprodu\u00e7\u00e3o, Importa\u00e7\u00e3o e Comercio de Peixes Ornamentais","robots":{"index":"index","follow":"follow","max-snippet":"max-snippet:-1","max-image-preview":"max-image-preview:large","max-video-preview":"max-video-preview:-1"},"canonical":"https:\/\/ornaqua.pt\/es\/producto\/discusfood-catappa-royal-for-5000-ltrs-500-ml\/","og_locale":"es_ES","og_type":"article","og_title":"Discusfood- Catappa Royal for 5000 ltrs (500 ml) - Ornaqua - Reprodu\u00e7\u00e3o, Importa\u00e7\u00e3o e Comercio de Peixes Ornamentais","og_description":"Um dos produtos naturais antibacterianos mais poderosos. Possui propriedades antibi\u00f3ticas e fungicidas naturais. Apoia e fortalece o sistema imunol\u00f3gico do seu peixe. Pode melhorar significativamente a qualidade da \u00e1gua dos peixes, reduzindo os agentes patog\u00e9nicos. Peixes que est\u00e3o com infec\u00e7\u00f5es podem ter uma recupera\u00e7\u00e3o mais r\u00e1pida. Todos esses fatores t\u00eam um efeito positivo no combate [&hellip;]","og_url":"https:\/\/ornaqua.pt\/es\/producto\/discusfood-catappa-royal-for-5000-ltrs-500-ml\/","og_site_name":"Ornaqua - Reprodu\u00e7\u00e3o, Importa\u00e7\u00e3o e Comercio de Peixes Ornamentais","article_publisher":"https:\/\/www.facebook.com\/ORNAQUA","article_modified_time":"2026-03-27T11:45:22+00:00","og_image":[{"width":600,"height":600,"url":"https:\/\/ornaqua.pt\/wp-content\/uploads\/2023\/05\/600x600-31.jpg","type":"image\/jpeg"}],"twitter_card":"summary_large_image","twitter_misc":{"Tiempo de lectura":"2 minutos"},"schema":{"@context":"https:\/\/schema.org","@graph":[{"@type":"WebPage","@id":"https:\/\/ornaqua.pt\/produto\/discusfood-catappa-royal-for-5000-ltrs-500-ml\/","url":"https:\/\/ornaqua.pt\/produto\/discusfood-catappa-royal-for-5000-ltrs-500-ml\/","name":"Discusfood- Catappa Royal for 5000 ltrs (500 ml) - Ornaqua - Reprodu\u00e7\u00e3o, Importa\u00e7\u00e3o e Comercio de Peixes Ornamentais","isPartOf":{"@id":"https:\/\/ornaqua.pt\/#website"},"primaryImageOfPage":{"@id":"https:\/\/ornaqua.pt\/produto\/discusfood-catappa-royal-for-5000-ltrs-500-ml\/#primaryimage"},"image":{"@id":"https:\/\/ornaqua.pt\/produto\/discusfood-catappa-royal-for-5000-ltrs-500-ml\/#primaryimage"},"thumbnailUrl":"https:\/\/ornaqua.pt\/wp-content\/uploads\/2023\/05\/600x600-31.jpg","datePublished":"2023-05-01T13:01:41+00:00","dateModified":"2026-03-27T11:45:22+00:00","breadcrumb":{"@id":"https:\/\/ornaqua.pt\/produto\/discusfood-catappa-royal-for-5000-ltrs-500-ml\/#breadcrumb"},"inLanguage":"es","potentialAction":[{"@type":"ReadAction","target":["https:\/\/ornaqua.pt\/produto\/discusfood-catappa-royal-for-5000-ltrs-500-ml\/"]}]},{"@type":"ImageObject","inLanguage":"es","@id":"https:\/\/ornaqua.pt\/produto\/discusfood-catappa-royal-for-5000-ltrs-500-ml\/#primaryimage","url":"https:\/\/ornaqua.pt\/wp-content\/uploads\/2023\/05\/600x600-31.jpg","contentUrl":"https:\/\/ornaqua.pt\/wp-content\/uploads\/2023\/05\/600x600-31.jpg","width":600,"height":600},{"@type":"BreadcrumbList","@id":"https:\/\/ornaqua.pt\/produto\/discusfood-catappa-royal-for-5000-ltrs-500-ml\/#breadcrumb","itemListElement":[{"@type":"ListItem","position":1,"name":"In\u00edcio","item":"https:\/\/ornaqua.pt\/"},{"@type":"ListItem","position":2,"name":"Produtos","item":"https:\/\/ornaqua.pt\/produtos\/"},{"@type":"ListItem","position":3,"name":"Discusfood- Catappa Royal for 5000 ltrs (500 ml)"}]},{"@type":"WebSite","@id":"https:\/\/ornaqua.pt\/#website","url":"https:\/\/ornaqua.pt\/","name":"Ornaqua - Loja Online","description":"Reprodu\u00e7\u00e3o, Importa\u00e7\u00e3o e Comercio de Peixes Ornamentais","publisher":{"@id":"https:\/\/ornaqua.pt\/#organization"},"potentialAction":[{"@type":"SearchAction","target":{"@type":"EntryPoint","urlTemplate":"https:\/\/ornaqua.pt\/?s={search_term_string}"},"query-input":{"@type":"PropertyValueSpecification","valueRequired":true,"valueName":"search_term_string"}}],"inLanguage":"es"},{"@type":"Organization","@id":"https:\/\/ornaqua.pt\/#organization","name":"Ornaqua - Reprodu\u00e7\u00e3o, Importa\u00e7\u00e3o e Comercio de Peixes Ornamentais","url":"https:\/\/ornaqua.pt\/","logo":{"@type":"ImageObject","inLanguage":"es","@id":"https:\/\/ornaqua.pt\/#\/schema\/logo\/image\/","url":"https:\/\/ornaqua.pt\/wp-content\/uploads\/2023\/10\/logo_ornaqua_200.png","contentUrl":"https:\/\/ornaqua.pt\/wp-content\/uploads\/2023\/10\/logo_ornaqua_200.png","width":200,"height":97,"caption":"Ornaqua - Reprodu\u00e7\u00e3o, Importa\u00e7\u00e3o e Comercio de Peixes Ornamentais"},"image":{"@id":"https:\/\/ornaqua.pt\/#\/schema\/logo\/image\/"},"sameAs":["https:\/\/www.facebook.com\/ORNAQUA","https:\/\/www.instagram.com\/ornaqua\/"]}]}},"_links":{"self":[{"href":"https:\/\/ornaqua.pt\/es\/wp-json\/wp\/v2\/product\/4767","targetHints":{"allow":["GET"]}}],"collection":[{"href":"https:\/\/ornaqua.pt\/es\/wp-json\/wp\/v2\/product"}],"about":[{"href":"https:\/\/ornaqua.pt\/es\/wp-json\/wp\/v2\/types\/product"}],"wp:featuredmedia":[{"embeddable":true,"href":"https:\/\/ornaqua.pt\/es\/wp-json\/wp\/v2\/media\/6849"}],"wp:attachment":[{"href":"https:\/\/ornaqua.pt\/es\/wp-json\/wp\/v2\/media?parent=4767"}],"wp:term":[{"taxonomy":"product_brand","embeddable":true,"href":"https:\/\/ornaqua.pt\/es\/wp-json\/wp\/v2\/product_brand?post=4767"},{"taxonomy":"product_cat","embeddable":true,"href":"https:\/\/ornaqua.pt\/es\/wp-json\/wp\/v2\/product_cat?post=4767"},{"taxonomy":"product_tag","embeddable":true,"href":"https:\/\/ornaqua.pt\/es\/wp-json\/wp\/v2\/product_tag?post=4767"}],"curies":[{"name":"wp","href":"https:\/\/api.w.org\/{rel}","templated":true}]}}