{"id":4755,"date":"2023-05-01T14:01:11","date_gmt":"2023-05-01T13:01:11","guid":{"rendered":"http:\/\/ornaqua.pt\/produto\/discusfood-pleco-catfish-algae-wafers-50g\/"},"modified":"2025-12-19T11:03:24","modified_gmt":"2025-12-19T11:03:24","slug":"discusfood-pleco-catfish-algae-wafers-50g","status":"publish","type":"product","link":"https:\/\/ornaqua.pt\/es\/producto\/discusfood-pleco-catfish-algae-wafers-50g\/","title":{"rendered":"Discusfood-Pleco &amp; Catfish Algae Wafers (50g)"},"content":{"rendered":"<p>Ingredientes:<br \/>\nProte\u00edna 39,4%, gordura 4,2%, fibra 5,3%, cinza 9,6%<br \/>\nVitaminas por kg:<br \/>\nA 20000 UI, D3 1500 UI, E 150 mg, K3 5 mg, C 150 mg, B1 7,5 mg, B2 10 mg, B3 50 mg, B6 6 mg, B12 0,025 mg, biotina 0,25 mg, \u00e1cido f\u00f3lico 2,5 mg , cloreto de colina 300 mg, inositol 250 mg, \u00e1cido pantot\u00eanico 25 mg<br \/>\nVestigios:<br \/>\nE1 &#8211; sulfato ferroso monohidratado 24 mg, E2 &#8211; iodeto de pot\u00e1ssio 0,3 mg, E4 &#8211; sulfato de cobre pentahidratado 3 mg, E5 &#8211; \u00f3xido de mangan\u00eas 31 mg, E6 &#8211; \u00f3xido de zinco 30 mg, E8 &#8211; selenito de s\u00f3dio 0,1 mg<br \/>\nComposi\u00e7\u00e3o:<br \/>\nProte\u00edna bacteriana de Corynebacterium glutamicum, algas (10% de algas e 8% de espirulina), cereais, vegetais, extratos de prote\u00ednas vegetais, insetos (10%), krill (certificado MSC, 5%), minerais, extratos de ervas<br \/>\nInstru\u00e7\u00f5es de alimenta\u00e7\u00e3o:<br \/>\nAlimento completo para peixes ornamentais. Use este alimento diariamente em pequenas por\u00e7\u00f5es.<\/p>","protected":false},"excerpt":{"rendered":"<p>Ingredientes: Prote\u00edna 39,4%, gordura 4,2%, fibra 5,3%, cinza 9,6% Vitaminas por kg: A 20000 UI, D3 1500 UI, E 150 mg, K3 5 mg, C 150 mg, B1 7,5 mg, B2 10 mg, B3 50 mg, B6 6 mg, B12 0,025 mg, biotina 0,25 mg, \u00e1cido f\u00f3lico 2,5 mg , cloreto de colina 300 mg, [&hellip;]<\/p>\n","protected":false},"featured_media":6839,"template":"","meta":{"inline_featured_image":false},"product_brand":[],"product_cat":[40],"product_tag":[],"class_list":{"0":"post-4755","1":"product","2":"type-product","3":"status-publish","4":"has-post-thumbnail","6":"product_cat-alimentacao","8":"first","9":"instock","10":"taxable","11":"shipping-taxable","12":"purchasable","13":"product-type-simple"},"yoast_head":"<!-- This site is optimized with the Yoast SEO plugin v27.1.1 - https:\/\/yoast.com\/product\/yoast-seo-wordpress\/ -->\n<title>Discusfood-Pleco &amp; Catfish Algae Wafers (50g) - Ornaqua - Reprodu\u00e7\u00e3o, Importa\u00e7\u00e3o e Comercio de Peixes Ornamentais<\/title>\n<meta name=\"robots\" content=\"index, follow, max-snippet:-1, max-image-preview:large, max-video-preview:-1\" \/>\n<link rel=\"canonical\" href=\"https:\/\/ornaqua.pt\/es\/producto\/discusfood-pleco-catfish-algae-wafers-50g\/\" \/>\n<meta property=\"og:locale\" content=\"es_ES\" \/>\n<meta property=\"og:type\" content=\"article\" \/>\n<meta property=\"og:title\" content=\"Discusfood-Pleco &amp; Catfish Algae Wafers (50g) - Ornaqua - Reprodu\u00e7\u00e3o, Importa\u00e7\u00e3o e Comercio de Peixes Ornamentais\" \/>\n<meta property=\"og:description\" content=\"Ingredientes: Prote\u00edna 39,4%, gordura 4,2%, fibra 5,3%, cinza 9,6% Vitaminas por kg: A 20000 UI, D3 1500 UI, E 150 mg, K3 5 mg, C 150 mg, B1 7,5 mg, B2 10 mg, B3 50 mg, B6 6 mg, B12 0,025 mg, biotina 0,25 mg, \u00e1cido f\u00f3lico 2,5 mg , cloreto de colina 300 mg, [&hellip;]\" \/>\n<meta property=\"og:url\" content=\"https:\/\/ornaqua.pt\/es\/producto\/discusfood-pleco-catfish-algae-wafers-50g\/\" \/>\n<meta property=\"og:site_name\" content=\"Ornaqua - Reprodu\u00e7\u00e3o, Importa\u00e7\u00e3o e Comercio de Peixes Ornamentais\" \/>\n<meta property=\"article:publisher\" content=\"https:\/\/www.facebook.com\/ORNAQUA\" \/>\n<meta property=\"article:modified_time\" content=\"2025-12-19T11:03:24+00:00\" \/>\n<meta property=\"og:image\" content=\"https:\/\/ornaqua.pt\/wp-content\/uploads\/2023\/05\/600X600-26.jpg\" \/>\n\t<meta property=\"og:image:width\" content=\"600\" \/>\n\t<meta property=\"og:image:height\" content=\"600\" \/>\n\t<meta property=\"og:image:type\" content=\"image\/jpeg\" \/>\n<meta name=\"twitter:card\" content=\"summary_large_image\" \/>\n<meta name=\"twitter:label1\" content=\"Tiempo de lectura\" \/>\n\t<meta name=\"twitter:data1\" content=\"1 minuto\" \/>\n<script type=\"application\/ld+json\" class=\"yoast-schema-graph\">{\"@context\":\"https:\/\/schema.org\",\"@graph\":[{\"@type\":\"WebPage\",\"@id\":\"https:\/\/ornaqua.pt\/produto\/discusfood-pleco-catfish-algae-wafers-50g\/\",\"url\":\"https:\/\/ornaqua.pt\/produto\/discusfood-pleco-catfish-algae-wafers-50g\/\",\"name\":\"Discusfood-Pleco &amp; Catfish Algae Wafers (50g) - Ornaqua - Reprodu\u00e7\u00e3o, Importa\u00e7\u00e3o e Comercio de Peixes Ornamentais\",\"isPartOf\":{\"@id\":\"https:\/\/ornaqua.pt\/#website\"},\"primaryImageOfPage\":{\"@id\":\"https:\/\/ornaqua.pt\/produto\/discusfood-pleco-catfish-algae-wafers-50g\/#primaryimage\"},\"image\":{\"@id\":\"https:\/\/ornaqua.pt\/produto\/discusfood-pleco-catfish-algae-wafers-50g\/#primaryimage\"},\"thumbnailUrl\":\"https:\/\/ornaqua.pt\/wp-content\/uploads\/2023\/05\/600X600-26.jpg\",\"datePublished\":\"2023-05-01T13:01:11+00:00\",\"dateModified\":\"2025-12-19T11:03:24+00:00\",\"breadcrumb\":{\"@id\":\"https:\/\/ornaqua.pt\/produto\/discusfood-pleco-catfish-algae-wafers-50g\/#breadcrumb\"},\"inLanguage\":\"es\",\"potentialAction\":[{\"@type\":\"ReadAction\",\"target\":[\"https:\/\/ornaqua.pt\/produto\/discusfood-pleco-catfish-algae-wafers-50g\/\"]}]},{\"@type\":\"ImageObject\",\"inLanguage\":\"es\",\"@id\":\"https:\/\/ornaqua.pt\/produto\/discusfood-pleco-catfish-algae-wafers-50g\/#primaryimage\",\"url\":\"https:\/\/ornaqua.pt\/wp-content\/uploads\/2023\/05\/600X600-26.jpg\",\"contentUrl\":\"https:\/\/ornaqua.pt\/wp-content\/uploads\/2023\/05\/600X600-26.jpg\",\"width\":600,\"height\":600},{\"@type\":\"BreadcrumbList\",\"@id\":\"https:\/\/ornaqua.pt\/produto\/discusfood-pleco-catfish-algae-wafers-50g\/#breadcrumb\",\"itemListElement\":[{\"@type\":\"ListItem\",\"position\":1,\"name\":\"In\u00edcio\",\"item\":\"https:\/\/ornaqua.pt\/\"},{\"@type\":\"ListItem\",\"position\":2,\"name\":\"Produtos\",\"item\":\"https:\/\/ornaqua.pt\/produtos\/\"},{\"@type\":\"ListItem\",\"position\":3,\"name\":\"Discusfood-Pleco &amp; Catfish Algae Wafers (50g)\"}]},{\"@type\":\"WebSite\",\"@id\":\"https:\/\/ornaqua.pt\/#website\",\"url\":\"https:\/\/ornaqua.pt\/\",\"name\":\"Ornaqua - Loja Online\",\"description\":\"Reprodu\u00e7\u00e3o, Importa\u00e7\u00e3o e Comercio de Peixes Ornamentais\",\"publisher\":{\"@id\":\"https:\/\/ornaqua.pt\/#organization\"},\"potentialAction\":[{\"@type\":\"SearchAction\",\"target\":{\"@type\":\"EntryPoint\",\"urlTemplate\":\"https:\/\/ornaqua.pt\/?s={search_term_string}\"},\"query-input\":{\"@type\":\"PropertyValueSpecification\",\"valueRequired\":true,\"valueName\":\"search_term_string\"}}],\"inLanguage\":\"es\"},{\"@type\":\"Organization\",\"@id\":\"https:\/\/ornaqua.pt\/#organization\",\"name\":\"Ornaqua - Reprodu\u00e7\u00e3o, Importa\u00e7\u00e3o e Comercio de Peixes Ornamentais\",\"url\":\"https:\/\/ornaqua.pt\/\",\"logo\":{\"@type\":\"ImageObject\",\"inLanguage\":\"es\",\"@id\":\"https:\/\/ornaqua.pt\/#\/schema\/logo\/image\/\",\"url\":\"https:\/\/ornaqua.pt\/wp-content\/uploads\/2023\/10\/logo_ornaqua_200.png\",\"contentUrl\":\"https:\/\/ornaqua.pt\/wp-content\/uploads\/2023\/10\/logo_ornaqua_200.png\",\"width\":200,\"height\":97,\"caption\":\"Ornaqua - Reprodu\u00e7\u00e3o, Importa\u00e7\u00e3o e Comercio de Peixes Ornamentais\"},\"image\":{\"@id\":\"https:\/\/ornaqua.pt\/#\/schema\/logo\/image\/\"},\"sameAs\":[\"https:\/\/www.facebook.com\/ORNAQUA\",\"https:\/\/www.instagram.com\/ornaqua\/\"]}]}<\/script>\n<!-- \/ Yoast SEO plugin. -->","yoast_head_json":{"title":"Discusfood-Pleco &amp; Catfish Algae Wafers (50g) - Ornaqua - Reprodu\u00e7\u00e3o, Importa\u00e7\u00e3o e Comercio de Peixes Ornamentais","robots":{"index":"index","follow":"follow","max-snippet":"max-snippet:-1","max-image-preview":"max-image-preview:large","max-video-preview":"max-video-preview:-1"},"canonical":"https:\/\/ornaqua.pt\/es\/producto\/discusfood-pleco-catfish-algae-wafers-50g\/","og_locale":"es_ES","og_type":"article","og_title":"Discusfood-Pleco &amp; Catfish Algae Wafers (50g) - Ornaqua - Reprodu\u00e7\u00e3o, Importa\u00e7\u00e3o e Comercio de Peixes Ornamentais","og_description":"Ingredientes: Prote\u00edna 39,4%, gordura 4,2%, fibra 5,3%, cinza 9,6% Vitaminas por kg: A 20000 UI, D3 1500 UI, E 150 mg, K3 5 mg, C 150 mg, B1 7,5 mg, B2 10 mg, B3 50 mg, B6 6 mg, B12 0,025 mg, biotina 0,25 mg, \u00e1cido f\u00f3lico 2,5 mg , cloreto de colina 300 mg, [&hellip;]","og_url":"https:\/\/ornaqua.pt\/es\/producto\/discusfood-pleco-catfish-algae-wafers-50g\/","og_site_name":"Ornaqua - Reprodu\u00e7\u00e3o, Importa\u00e7\u00e3o e Comercio de Peixes Ornamentais","article_publisher":"https:\/\/www.facebook.com\/ORNAQUA","article_modified_time":"2025-12-19T11:03:24+00:00","og_image":[{"width":600,"height":600,"url":"https:\/\/ornaqua.pt\/wp-content\/uploads\/2023\/05\/600X600-26.jpg","type":"image\/jpeg"}],"twitter_card":"summary_large_image","twitter_misc":{"Tiempo de lectura":"1 minuto"},"schema":{"@context":"https:\/\/schema.org","@graph":[{"@type":"WebPage","@id":"https:\/\/ornaqua.pt\/produto\/discusfood-pleco-catfish-algae-wafers-50g\/","url":"https:\/\/ornaqua.pt\/produto\/discusfood-pleco-catfish-algae-wafers-50g\/","name":"Discusfood-Pleco &amp; Catfish Algae Wafers (50g) - Ornaqua - Reprodu\u00e7\u00e3o, Importa\u00e7\u00e3o e Comercio de Peixes Ornamentais","isPartOf":{"@id":"https:\/\/ornaqua.pt\/#website"},"primaryImageOfPage":{"@id":"https:\/\/ornaqua.pt\/produto\/discusfood-pleco-catfish-algae-wafers-50g\/#primaryimage"},"image":{"@id":"https:\/\/ornaqua.pt\/produto\/discusfood-pleco-catfish-algae-wafers-50g\/#primaryimage"},"thumbnailUrl":"https:\/\/ornaqua.pt\/wp-content\/uploads\/2023\/05\/600X600-26.jpg","datePublished":"2023-05-01T13:01:11+00:00","dateModified":"2025-12-19T11:03:24+00:00","breadcrumb":{"@id":"https:\/\/ornaqua.pt\/produto\/discusfood-pleco-catfish-algae-wafers-50g\/#breadcrumb"},"inLanguage":"es","potentialAction":[{"@type":"ReadAction","target":["https:\/\/ornaqua.pt\/produto\/discusfood-pleco-catfish-algae-wafers-50g\/"]}]},{"@type":"ImageObject","inLanguage":"es","@id":"https:\/\/ornaqua.pt\/produto\/discusfood-pleco-catfish-algae-wafers-50g\/#primaryimage","url":"https:\/\/ornaqua.pt\/wp-content\/uploads\/2023\/05\/600X600-26.jpg","contentUrl":"https:\/\/ornaqua.pt\/wp-content\/uploads\/2023\/05\/600X600-26.jpg","width":600,"height":600},{"@type":"BreadcrumbList","@id":"https:\/\/ornaqua.pt\/produto\/discusfood-pleco-catfish-algae-wafers-50g\/#breadcrumb","itemListElement":[{"@type":"ListItem","position":1,"name":"In\u00edcio","item":"https:\/\/ornaqua.pt\/"},{"@type":"ListItem","position":2,"name":"Produtos","item":"https:\/\/ornaqua.pt\/produtos\/"},{"@type":"ListItem","position":3,"name":"Discusfood-Pleco &amp; Catfish Algae Wafers (50g)"}]},{"@type":"WebSite","@id":"https:\/\/ornaqua.pt\/#website","url":"https:\/\/ornaqua.pt\/","name":"Ornaqua - Loja Online","description":"Reprodu\u00e7\u00e3o, Importa\u00e7\u00e3o e Comercio de Peixes Ornamentais","publisher":{"@id":"https:\/\/ornaqua.pt\/#organization"},"potentialAction":[{"@type":"SearchAction","target":{"@type":"EntryPoint","urlTemplate":"https:\/\/ornaqua.pt\/?s={search_term_string}"},"query-input":{"@type":"PropertyValueSpecification","valueRequired":true,"valueName":"search_term_string"}}],"inLanguage":"es"},{"@type":"Organization","@id":"https:\/\/ornaqua.pt\/#organization","name":"Ornaqua - Reprodu\u00e7\u00e3o, Importa\u00e7\u00e3o e Comercio de Peixes Ornamentais","url":"https:\/\/ornaqua.pt\/","logo":{"@type":"ImageObject","inLanguage":"es","@id":"https:\/\/ornaqua.pt\/#\/schema\/logo\/image\/","url":"https:\/\/ornaqua.pt\/wp-content\/uploads\/2023\/10\/logo_ornaqua_200.png","contentUrl":"https:\/\/ornaqua.pt\/wp-content\/uploads\/2023\/10\/logo_ornaqua_200.png","width":200,"height":97,"caption":"Ornaqua - Reprodu\u00e7\u00e3o, Importa\u00e7\u00e3o e Comercio de Peixes Ornamentais"},"image":{"@id":"https:\/\/ornaqua.pt\/#\/schema\/logo\/image\/"},"sameAs":["https:\/\/www.facebook.com\/ORNAQUA","https:\/\/www.instagram.com\/ornaqua\/"]}]}},"_links":{"self":[{"href":"https:\/\/ornaqua.pt\/es\/wp-json\/wp\/v2\/product\/4755","targetHints":{"allow":["GET"]}}],"collection":[{"href":"https:\/\/ornaqua.pt\/es\/wp-json\/wp\/v2\/product"}],"about":[{"href":"https:\/\/ornaqua.pt\/es\/wp-json\/wp\/v2\/types\/product"}],"wp:featuredmedia":[{"embeddable":true,"href":"https:\/\/ornaqua.pt\/es\/wp-json\/wp\/v2\/media\/6839"}],"wp:attachment":[{"href":"https:\/\/ornaqua.pt\/es\/wp-json\/wp\/v2\/media?parent=4755"}],"wp:term":[{"taxonomy":"product_brand","embeddable":true,"href":"https:\/\/ornaqua.pt\/es\/wp-json\/wp\/v2\/product_brand?post=4755"},{"taxonomy":"product_cat","embeddable":true,"href":"https:\/\/ornaqua.pt\/es\/wp-json\/wp\/v2\/product_cat?post=4755"},{"taxonomy":"product_tag","embeddable":true,"href":"https:\/\/ornaqua.pt\/es\/wp-json\/wp\/v2\/product_tag?post=4755"}],"curies":[{"name":"wp","href":"https:\/\/api.w.org\/{rel}","templated":true}]}}