{"id":4744,"date":"2023-05-01T14:00:45","date_gmt":"2023-05-01T13:00:45","guid":{"rendered":"http:\/\/ornaqua.pt\/produto\/discusfood-beef-heart-soft-granulate-15-mm-230g-bag\/"},"modified":"2026-03-30T08:16:03","modified_gmt":"2026-03-30T07:16:03","slug":"racao-beef-heart-soft-granulate-15-mm-230g-bag-discusfood","status":"publish","type":"product","link":"https:\/\/ornaqua.pt\/es\/producto\/racao-beef-heart-soft-granulate-15-mm-230g-bag-discusfood\/","title":{"rendered":"Discusfood- Beef Heart Soft Granulate 1,5 mm-230g bag"},"content":{"rendered":"<h2>Ra\u00e7\u00e3o Beef Heart<\/h2>\n<p>Conte\u00fado: A ra\u00e7\u00e3o Beef Heart com prote\u00edna bruta 48,8%, gordura bruta 13,6%, fibra bruta 0,7%, cinza bruta 8,3%<br \/>\nAditivos por kg: Vitaminas: A (3a672a) 20000 UI, D3 (3a671) 2600 UI; com corantes; oligoelementos: Mn (3b503) 8 mg, Zn (3b605) 70 mg; com antioxidantes.<br \/>\nIngredientes: Farinha de peixe, gl\u00faten de trigo, \u00f3leo de peixe, trigo, prote\u00edna bovina, farinha de krill.<br \/>\nConselhos de alimenta\u00e7\u00e3o: O <a href=\"https:\/\/ornaqua.pt\/es\/categoria-producto\/alimentacao\/\" target=\"_blank\" rel=\"noopener\">alimento<\/a> pode ser fornecido sozinho ou em combina\u00e7\u00e3o com outros alimentos. Alimente diariamente em pequenas por\u00e7\u00f5es. Real\u00e7a a colora\u00e7\u00e3o vermelha e azul.<\/p>","protected":false},"excerpt":{"rendered":"<p>Ra\u00e7\u00e3o Beef Heart Conte\u00fado: A ra\u00e7\u00e3o Beef Heart com prote\u00edna bruta 48,8%, gordura bruta 13,6%, fibra bruta 0,7%, cinza bruta 8,3% Aditivos por kg: Vitaminas: A (3a672a) 20000 UI, D3 (3a671) 2600 UI; com corantes; oligoelementos: Mn (3b503) 8 mg, Zn (3b605) 70 mg; com antioxidantes. Ingredientes: Farinha de peixe, gl\u00faten de trigo, \u00f3leo de [&hellip;]<\/p>\n","protected":false},"featured_media":6833,"template":"","meta":{"inline_featured_image":false},"product_brand":[],"product_cat":[40],"product_tag":[],"class_list":{"0":"post-4744","1":"product","2":"type-product","3":"status-publish","4":"has-post-thumbnail","6":"product_cat-alimentacao","8":"first","9":"instock","10":"taxable","11":"shipping-taxable","12":"purchasable","13":"product-type-simple"},"yoast_head":"<!-- This site is optimized with the Yoast SEO plugin v27.1.1 - https:\/\/yoast.com\/product\/yoast-seo-wordpress\/ -->\n<title>Ra\u00e7\u00e3o Beef Heart para Discus 1,5 mm \u2013 230g | Ornaqua<\/title>\n<meta name=\"description\" content=\"Ra\u00e7\u00e3o granulado Beef Heart para peixes Discus. F\u00f3rmula rica em prote\u00edna, ideal para real\u00e7ar cor, sa\u00fade e crescimento. Embalagem de 230g.\" \/>\n<meta name=\"robots\" content=\"index, follow, max-snippet:-1, max-image-preview:large, max-video-preview:-1\" \/>\n<link rel=\"canonical\" href=\"https:\/\/ornaqua.pt\/es\/producto\/racao-beef-heart-soft-granulate-15-mm-230g-bag-discusfood\/\" \/>\n<meta property=\"og:locale\" content=\"es_ES\" \/>\n<meta property=\"og:type\" content=\"article\" \/>\n<meta property=\"og:title\" content=\"Ra\u00e7\u00e3o Beef Heart para Discus 1,5 mm \u2013 230g | Ornaqua\" \/>\n<meta property=\"og:description\" content=\"Ra\u00e7\u00e3o granulado Beef Heart para peixes Discus. F\u00f3rmula rica em prote\u00edna, ideal para real\u00e7ar cor, sa\u00fade e crescimento. Embalagem de 230g.\" \/>\n<meta property=\"og:url\" content=\"https:\/\/ornaqua.pt\/es\/producto\/racao-beef-heart-soft-granulate-15-mm-230g-bag-discusfood\/\" \/>\n<meta property=\"og:site_name\" content=\"Ornaqua - Reprodu\u00e7\u00e3o, Importa\u00e7\u00e3o e Comercio de Peixes Ornamentais\" \/>\n<meta property=\"article:publisher\" content=\"https:\/\/www.facebook.com\/ORNAQUA\" \/>\n<meta property=\"article:modified_time\" content=\"2026-03-30T07:16:03+00:00\" \/>\n<meta property=\"og:image\" content=\"https:\/\/ornaqua.pt\/wp-content\/uploads\/2023\/05\/600x600-21.jpg\" \/>\n\t<meta property=\"og:image:width\" content=\"600\" \/>\n\t<meta property=\"og:image:height\" content=\"600\" \/>\n\t<meta property=\"og:image:type\" content=\"image\/jpeg\" \/>\n<meta name=\"twitter:card\" content=\"summary_large_image\" \/>\n<meta name=\"twitter:label1\" content=\"Tiempo de lectura\" \/>\n\t<meta name=\"twitter:data1\" content=\"1 minuto\" \/>\n<script type=\"application\/ld+json\" class=\"yoast-schema-graph\">{\"@context\":\"https:\/\/schema.org\",\"@graph\":[{\"@type\":\"WebPage\",\"@id\":\"https:\/\/ornaqua.pt\/produto\/racao-beef-heart-soft-granulate-15-mm-230g-bag-discusfood\/\",\"url\":\"https:\/\/ornaqua.pt\/produto\/racao-beef-heart-soft-granulate-15-mm-230g-bag-discusfood\/\",\"name\":\"Ra\u00e7\u00e3o Beef Heart para Discus 1,5 mm \u2013 230g | Ornaqua\",\"isPartOf\":{\"@id\":\"https:\/\/ornaqua.pt\/#website\"},\"primaryImageOfPage\":{\"@id\":\"https:\/\/ornaqua.pt\/produto\/racao-beef-heart-soft-granulate-15-mm-230g-bag-discusfood\/#primaryimage\"},\"image\":{\"@id\":\"https:\/\/ornaqua.pt\/produto\/racao-beef-heart-soft-granulate-15-mm-230g-bag-discusfood\/#primaryimage\"},\"thumbnailUrl\":\"https:\/\/ornaqua.pt\/wp-content\/uploads\/2023\/05\/600x600-21.jpg\",\"datePublished\":\"2023-05-01T13:00:45+00:00\",\"dateModified\":\"2026-03-30T07:16:03+00:00\",\"description\":\"Ra\u00e7\u00e3o granulado Beef Heart para peixes Discus. F\u00f3rmula rica em prote\u00edna, ideal para real\u00e7ar cor, sa\u00fade e crescimento. Embalagem de 230g.\",\"breadcrumb\":{\"@id\":\"https:\/\/ornaqua.pt\/produto\/racao-beef-heart-soft-granulate-15-mm-230g-bag-discusfood\/#breadcrumb\"},\"inLanguage\":\"es\",\"potentialAction\":[{\"@type\":\"ReadAction\",\"target\":[\"https:\/\/ornaqua.pt\/produto\/racao-beef-heart-soft-granulate-15-mm-230g-bag-discusfood\/\"]}]},{\"@type\":\"ImageObject\",\"inLanguage\":\"es\",\"@id\":\"https:\/\/ornaqua.pt\/produto\/racao-beef-heart-soft-granulate-15-mm-230g-bag-discusfood\/#primaryimage\",\"url\":\"https:\/\/ornaqua.pt\/wp-content\/uploads\/2023\/05\/600x600-21.jpg\",\"contentUrl\":\"https:\/\/ornaqua.pt\/wp-content\/uploads\/2023\/05\/600x600-21.jpg\",\"width\":600,\"height\":600},{\"@type\":\"BreadcrumbList\",\"@id\":\"https:\/\/ornaqua.pt\/produto\/racao-beef-heart-soft-granulate-15-mm-230g-bag-discusfood\/#breadcrumb\",\"itemListElement\":[{\"@type\":\"ListItem\",\"position\":1,\"name\":\"In\u00edcio\",\"item\":\"https:\/\/ornaqua.pt\/\"},{\"@type\":\"ListItem\",\"position\":2,\"name\":\"Produtos\",\"item\":\"https:\/\/ornaqua.pt\/produtos\/\"},{\"@type\":\"ListItem\",\"position\":3,\"name\":\"Discusfood- Beef Heart Soft Granulate 1,5 mm-230g bag\"}]},{\"@type\":\"WebSite\",\"@id\":\"https:\/\/ornaqua.pt\/#website\",\"url\":\"https:\/\/ornaqua.pt\/\",\"name\":\"Ornaqua - Loja Online\",\"description\":\"Reprodu\u00e7\u00e3o, Importa\u00e7\u00e3o e Comercio de Peixes Ornamentais\",\"publisher\":{\"@id\":\"https:\/\/ornaqua.pt\/#organization\"},\"potentialAction\":[{\"@type\":\"SearchAction\",\"target\":{\"@type\":\"EntryPoint\",\"urlTemplate\":\"https:\/\/ornaqua.pt\/?s={search_term_string}\"},\"query-input\":{\"@type\":\"PropertyValueSpecification\",\"valueRequired\":true,\"valueName\":\"search_term_string\"}}],\"inLanguage\":\"es\"},{\"@type\":\"Organization\",\"@id\":\"https:\/\/ornaqua.pt\/#organization\",\"name\":\"Ornaqua - Reprodu\u00e7\u00e3o, Importa\u00e7\u00e3o e Comercio de Peixes Ornamentais\",\"url\":\"https:\/\/ornaqua.pt\/\",\"logo\":{\"@type\":\"ImageObject\",\"inLanguage\":\"es\",\"@id\":\"https:\/\/ornaqua.pt\/#\/schema\/logo\/image\/\",\"url\":\"https:\/\/ornaqua.pt\/wp-content\/uploads\/2023\/10\/logo_ornaqua_200.png\",\"contentUrl\":\"https:\/\/ornaqua.pt\/wp-content\/uploads\/2023\/10\/logo_ornaqua_200.png\",\"width\":200,\"height\":97,\"caption\":\"Ornaqua - Reprodu\u00e7\u00e3o, Importa\u00e7\u00e3o e Comercio de Peixes Ornamentais\"},\"image\":{\"@id\":\"https:\/\/ornaqua.pt\/#\/schema\/logo\/image\/\"},\"sameAs\":[\"https:\/\/www.facebook.com\/ORNAQUA\",\"https:\/\/www.instagram.com\/ornaqua\/\"]}]}<\/script>\n<!-- \/ Yoast SEO plugin. -->","yoast_head_json":{"title":"Ra\u00e7\u00e3o Beef Heart para Discus 1,5 mm \u2013 230g | Ornaqua","description":"Ra\u00e7\u00e3o granulado Beef Heart para peixes Discus. F\u00f3rmula rica em prote\u00edna, ideal para real\u00e7ar cor, sa\u00fade e crescimento. Embalagem de 230g.","robots":{"index":"index","follow":"follow","max-snippet":"max-snippet:-1","max-image-preview":"max-image-preview:large","max-video-preview":"max-video-preview:-1"},"canonical":"https:\/\/ornaqua.pt\/es\/producto\/racao-beef-heart-soft-granulate-15-mm-230g-bag-discusfood\/","og_locale":"es_ES","og_type":"article","og_title":"Ra\u00e7\u00e3o Beef Heart para Discus 1,5 mm \u2013 230g | Ornaqua","og_description":"Ra\u00e7\u00e3o granulado Beef Heart para peixes Discus. F\u00f3rmula rica em prote\u00edna, ideal para real\u00e7ar cor, sa\u00fade e crescimento. Embalagem de 230g.","og_url":"https:\/\/ornaqua.pt\/es\/producto\/racao-beef-heart-soft-granulate-15-mm-230g-bag-discusfood\/","og_site_name":"Ornaqua - Reprodu\u00e7\u00e3o, Importa\u00e7\u00e3o e Comercio de Peixes Ornamentais","article_publisher":"https:\/\/www.facebook.com\/ORNAQUA","article_modified_time":"2026-03-30T07:16:03+00:00","og_image":[{"width":600,"height":600,"url":"https:\/\/ornaqua.pt\/wp-content\/uploads\/2023\/05\/600x600-21.jpg","type":"image\/jpeg"}],"twitter_card":"summary_large_image","twitter_misc":{"Tiempo de lectura":"1 minuto"},"schema":{"@context":"https:\/\/schema.org","@graph":[{"@type":"WebPage","@id":"https:\/\/ornaqua.pt\/produto\/racao-beef-heart-soft-granulate-15-mm-230g-bag-discusfood\/","url":"https:\/\/ornaqua.pt\/produto\/racao-beef-heart-soft-granulate-15-mm-230g-bag-discusfood\/","name":"Ra\u00e7\u00e3o Beef Heart para Discus 1,5 mm \u2013 230g | Ornaqua","isPartOf":{"@id":"https:\/\/ornaqua.pt\/#website"},"primaryImageOfPage":{"@id":"https:\/\/ornaqua.pt\/produto\/racao-beef-heart-soft-granulate-15-mm-230g-bag-discusfood\/#primaryimage"},"image":{"@id":"https:\/\/ornaqua.pt\/produto\/racao-beef-heart-soft-granulate-15-mm-230g-bag-discusfood\/#primaryimage"},"thumbnailUrl":"https:\/\/ornaqua.pt\/wp-content\/uploads\/2023\/05\/600x600-21.jpg","datePublished":"2023-05-01T13:00:45+00:00","dateModified":"2026-03-30T07:16:03+00:00","description":"Ra\u00e7\u00e3o granulado Beef Heart para peixes Discus. F\u00f3rmula rica em prote\u00edna, ideal para real\u00e7ar cor, sa\u00fade e crescimento. Embalagem de 230g.","breadcrumb":{"@id":"https:\/\/ornaqua.pt\/produto\/racao-beef-heart-soft-granulate-15-mm-230g-bag-discusfood\/#breadcrumb"},"inLanguage":"es","potentialAction":[{"@type":"ReadAction","target":["https:\/\/ornaqua.pt\/produto\/racao-beef-heart-soft-granulate-15-mm-230g-bag-discusfood\/"]}]},{"@type":"ImageObject","inLanguage":"es","@id":"https:\/\/ornaqua.pt\/produto\/racao-beef-heart-soft-granulate-15-mm-230g-bag-discusfood\/#primaryimage","url":"https:\/\/ornaqua.pt\/wp-content\/uploads\/2023\/05\/600x600-21.jpg","contentUrl":"https:\/\/ornaqua.pt\/wp-content\/uploads\/2023\/05\/600x600-21.jpg","width":600,"height":600},{"@type":"BreadcrumbList","@id":"https:\/\/ornaqua.pt\/produto\/racao-beef-heart-soft-granulate-15-mm-230g-bag-discusfood\/#breadcrumb","itemListElement":[{"@type":"ListItem","position":1,"name":"In\u00edcio","item":"https:\/\/ornaqua.pt\/"},{"@type":"ListItem","position":2,"name":"Produtos","item":"https:\/\/ornaqua.pt\/produtos\/"},{"@type":"ListItem","position":3,"name":"Discusfood- Beef Heart Soft Granulate 1,5 mm-230g bag"}]},{"@type":"WebSite","@id":"https:\/\/ornaqua.pt\/#website","url":"https:\/\/ornaqua.pt\/","name":"Ornaqua - Loja Online","description":"Reprodu\u00e7\u00e3o, Importa\u00e7\u00e3o e Comercio de Peixes Ornamentais","publisher":{"@id":"https:\/\/ornaqua.pt\/#organization"},"potentialAction":[{"@type":"SearchAction","target":{"@type":"EntryPoint","urlTemplate":"https:\/\/ornaqua.pt\/?s={search_term_string}"},"query-input":{"@type":"PropertyValueSpecification","valueRequired":true,"valueName":"search_term_string"}}],"inLanguage":"es"},{"@type":"Organization","@id":"https:\/\/ornaqua.pt\/#organization","name":"Ornaqua - Reprodu\u00e7\u00e3o, Importa\u00e7\u00e3o e Comercio de Peixes Ornamentais","url":"https:\/\/ornaqua.pt\/","logo":{"@type":"ImageObject","inLanguage":"es","@id":"https:\/\/ornaqua.pt\/#\/schema\/logo\/image\/","url":"https:\/\/ornaqua.pt\/wp-content\/uploads\/2023\/10\/logo_ornaqua_200.png","contentUrl":"https:\/\/ornaqua.pt\/wp-content\/uploads\/2023\/10\/logo_ornaqua_200.png","width":200,"height":97,"caption":"Ornaqua - Reprodu\u00e7\u00e3o, Importa\u00e7\u00e3o e Comercio de Peixes Ornamentais"},"image":{"@id":"https:\/\/ornaqua.pt\/#\/schema\/logo\/image\/"},"sameAs":["https:\/\/www.facebook.com\/ORNAQUA","https:\/\/www.instagram.com\/ornaqua\/"]}]}},"_links":{"self":[{"href":"https:\/\/ornaqua.pt\/es\/wp-json\/wp\/v2\/product\/4744","targetHints":{"allow":["GET"]}}],"collection":[{"href":"https:\/\/ornaqua.pt\/es\/wp-json\/wp\/v2\/product"}],"about":[{"href":"https:\/\/ornaqua.pt\/es\/wp-json\/wp\/v2\/types\/product"}],"wp:featuredmedia":[{"embeddable":true,"href":"https:\/\/ornaqua.pt\/es\/wp-json\/wp\/v2\/media\/6833"}],"wp:attachment":[{"href":"https:\/\/ornaqua.pt\/es\/wp-json\/wp\/v2\/media?parent=4744"}],"wp:term":[{"taxonomy":"product_brand","embeddable":true,"href":"https:\/\/ornaqua.pt\/es\/wp-json\/wp\/v2\/product_brand?post=4744"},{"taxonomy":"product_cat","embeddable":true,"href":"https:\/\/ornaqua.pt\/es\/wp-json\/wp\/v2\/product_cat?post=4744"},{"taxonomy":"product_tag","embeddable":true,"href":"https:\/\/ornaqua.pt\/es\/wp-json\/wp\/v2\/product_tag?post=4744"}],"curies":[{"name":"wp","href":"https:\/\/api.w.org\/{rel}","templated":true}]}}