{"id":4739,"date":"2023-05-01T14:00:32","date_gmt":"2023-05-01T13:00:32","guid":{"rendered":"http:\/\/ornaqua.pt\/produto\/discusfood-artemia-50-soft-granulate-xl-150g\/"},"modified":"2026-03-27T11:45:17","modified_gmt":"2026-03-27T11:45:17","slug":"racao-de-artemia-50-soft-granulate-xl-150g-discusfood","status":"publish","type":"product","link":"https:\/\/ornaqua.pt\/es\/producto\/racao-de-artemia-50-soft-granulate-xl-150g-discusfood\/","title":{"rendered":"Discusfood- Art\u00e9mia 50% Soft granulate XL-150g"},"content":{"rendered":"<h2>Ra\u00e7\u00e3o de Art\u00e9mia 50%<\/h2>\n<p>Este granulado, Ra\u00e7\u00e3o de Art\u00e9mia 50% n\u00e3o incha na \u00e1gua do aqu\u00e1rio ou no aparelho digestivo dos peixes e ao mesmo tempo tem caracter\u00edsticas que promovem a aceita\u00e7\u00e3o por parte destes.<br \/>\nArtemia 50% soft granulate XL \u00e9 de aprox. 1,5 \u2013 2 mm, \u00e9 adequado para peixes m\u00e9dios a grandes.Composi\u00e7\u00e3o: Art\u00e9mia 50%, prote\u00ednas vegetais, farinha de arroz, \u00f3leo de salm\u00e3o, alho 4%, levedura de cerveja, alga marinha, amino\u00e1cidos, minerais, prebi\u00f3ticos e probi\u00f3ticos.<br \/>\nComponentes anal\u00edticos: prote\u00edna bruta 49,3%, gordura bruta 7%, cinza bruta 2,4%, fibra bruta 0,7<br \/>\nAditivos por kg: Vitaminas: A (3a672a) 20000 UI, C (3a300) 150 mg, D3 (3a671) 1500 UI; com corantes; oligoelementos: Fe (E 1) 24 mg, Mn (3b502) 31 mg, Zn (3b603) 30 mg; com antioxidantes.<br \/>\nRecomenda\u00e7\u00e3o <a href=\"https:\/\/ornaqua.pt\/es\/categoria-producto\/alimentacao\/\"><strong>alimentar<\/strong><\/a>: Alimente 2-3 vezes ao dia e n\u00e3o alimente demais os peixes!<br \/>\nN\u00e3o para consumo humano! GUARDE EM LOCAL FRESCO E SECO!<\/p>","protected":false},"excerpt":{"rendered":"<p>Ra\u00e7\u00e3o de Art\u00e9mia 50% Este granulado, Ra\u00e7\u00e3o de Art\u00e9mia 50% n\u00e3o incha na \u00e1gua do aqu\u00e1rio ou no aparelho digestivo dos peixes e ao mesmo tempo tem caracter\u00edsticas que promovem a aceita\u00e7\u00e3o por parte destes. Artemia 50% soft granulate XL \u00e9 de aprox. 1,5 \u2013 2 mm, \u00e9 adequado para peixes m\u00e9dios a grandes.Composi\u00e7\u00e3o: Art\u00e9mia [&hellip;]<\/p>\n","protected":false},"featured_media":6809,"template":"","meta":{"inline_featured_image":false},"product_brand":[],"product_cat":[40],"product_tag":[],"class_list":{"0":"post-4739","1":"product","2":"type-product","3":"status-publish","4":"has-post-thumbnail","6":"product_cat-alimentacao","8":"first","9":"outofstock","10":"taxable","11":"shipping-taxable","12":"purchasable","13":"product-type-simple"},"yoast_head":"<!-- This site is optimized with the Yoast SEO plugin v27.1.1 - https:\/\/yoast.com\/product\/yoast-seo-wordpress\/ -->\n<title>Ra\u00e7\u00e3o de Artemia para Peixes \u2013 Discusfood XL 150g | Ornaqua<\/title>\n<meta name=\"description\" content=\"Ra\u00e7\u00e3o de Artemia premium com 50% de artemia, ideal para peixes exigentes. Alta digestibilidade, excelente aceita\u00e7\u00e3o e valor nutricional superior.\" \/>\n<meta name=\"robots\" content=\"index, follow, max-snippet:-1, max-image-preview:large, max-video-preview:-1\" \/>\n<link rel=\"canonical\" href=\"https:\/\/ornaqua.pt\/es\/producto\/racao-de-artemia-50-soft-granulate-xl-150g-discusfood\/\" \/>\n<meta property=\"og:locale\" content=\"es_ES\" \/>\n<meta property=\"og:type\" content=\"article\" \/>\n<meta property=\"og:title\" content=\"Ra\u00e7\u00e3o de Artemia para Peixes \u2013 Discusfood XL 150g | Ornaqua\" \/>\n<meta property=\"og:description\" content=\"Ra\u00e7\u00e3o de Artemia premium com 50% de artemia, ideal para peixes exigentes. Alta digestibilidade, excelente aceita\u00e7\u00e3o e valor nutricional superior.\" \/>\n<meta property=\"og:url\" content=\"https:\/\/ornaqua.pt\/es\/producto\/racao-de-artemia-50-soft-granulate-xl-150g-discusfood\/\" \/>\n<meta property=\"og:site_name\" content=\"Ornaqua - Reprodu\u00e7\u00e3o, Importa\u00e7\u00e3o e Comercio de Peixes Ornamentais\" \/>\n<meta property=\"article:publisher\" content=\"https:\/\/www.facebook.com\/ORNAQUA\" \/>\n<meta property=\"article:modified_time\" content=\"2026-03-27T11:45:17+00:00\" \/>\n<meta property=\"og:image\" content=\"https:\/\/ornaqua.pt\/wp-content\/uploads\/2023\/05\/600x600-8.jpg\" \/>\n\t<meta property=\"og:image:width\" content=\"600\" \/>\n\t<meta property=\"og:image:height\" content=\"600\" \/>\n\t<meta property=\"og:image:type\" content=\"image\/jpeg\" \/>\n<meta name=\"twitter:card\" content=\"summary_large_image\" \/>\n<meta name=\"twitter:label1\" content=\"Tiempo de lectura\" \/>\n\t<meta name=\"twitter:data1\" content=\"1 minuto\" \/>\n<script type=\"application\/ld+json\" class=\"yoast-schema-graph\">{\"@context\":\"https:\/\/schema.org\",\"@graph\":[{\"@type\":\"WebPage\",\"@id\":\"https:\/\/ornaqua.pt\/produto\/racao-de-artemia-50-soft-granulate-xl-150g-discusfood\/\",\"url\":\"https:\/\/ornaqua.pt\/produto\/racao-de-artemia-50-soft-granulate-xl-150g-discusfood\/\",\"name\":\"Ra\u00e7\u00e3o de Artemia para Peixes \u2013 Discusfood XL 150g | Ornaqua\",\"isPartOf\":{\"@id\":\"https:\/\/ornaqua.pt\/#website\"},\"primaryImageOfPage\":{\"@id\":\"https:\/\/ornaqua.pt\/produto\/racao-de-artemia-50-soft-granulate-xl-150g-discusfood\/#primaryimage\"},\"image\":{\"@id\":\"https:\/\/ornaqua.pt\/produto\/racao-de-artemia-50-soft-granulate-xl-150g-discusfood\/#primaryimage\"},\"thumbnailUrl\":\"https:\/\/ornaqua.pt\/wp-content\/uploads\/2023\/05\/600x600-8.jpg\",\"datePublished\":\"2023-05-01T13:00:32+00:00\",\"dateModified\":\"2026-03-27T11:45:17+00:00\",\"description\":\"Ra\u00e7\u00e3o de Artemia premium com 50% de artemia, ideal para peixes exigentes. Alta digestibilidade, excelente aceita\u00e7\u00e3o e valor nutricional superior.\",\"breadcrumb\":{\"@id\":\"https:\/\/ornaqua.pt\/produto\/racao-de-artemia-50-soft-granulate-xl-150g-discusfood\/#breadcrumb\"},\"inLanguage\":\"es\",\"potentialAction\":[{\"@type\":\"ReadAction\",\"target\":[\"https:\/\/ornaqua.pt\/produto\/racao-de-artemia-50-soft-granulate-xl-150g-discusfood\/\"]}]},{\"@type\":\"ImageObject\",\"inLanguage\":\"es\",\"@id\":\"https:\/\/ornaqua.pt\/produto\/racao-de-artemia-50-soft-granulate-xl-150g-discusfood\/#primaryimage\",\"url\":\"https:\/\/ornaqua.pt\/wp-content\/uploads\/2023\/05\/600x600-8.jpg\",\"contentUrl\":\"https:\/\/ornaqua.pt\/wp-content\/uploads\/2023\/05\/600x600-8.jpg\",\"width\":600,\"height\":600},{\"@type\":\"BreadcrumbList\",\"@id\":\"https:\/\/ornaqua.pt\/produto\/racao-de-artemia-50-soft-granulate-xl-150g-discusfood\/#breadcrumb\",\"itemListElement\":[{\"@type\":\"ListItem\",\"position\":1,\"name\":\"In\u00edcio\",\"item\":\"https:\/\/ornaqua.pt\/\"},{\"@type\":\"ListItem\",\"position\":2,\"name\":\"Produtos\",\"item\":\"https:\/\/ornaqua.pt\/produtos\/\"},{\"@type\":\"ListItem\",\"position\":3,\"name\":\"Discusfood- Art\u00e9mia 50% Soft granulate XL-150g\"}]},{\"@type\":\"WebSite\",\"@id\":\"https:\/\/ornaqua.pt\/#website\",\"url\":\"https:\/\/ornaqua.pt\/\",\"name\":\"Ornaqua - Loja Online\",\"description\":\"Reprodu\u00e7\u00e3o, Importa\u00e7\u00e3o e Comercio de Peixes Ornamentais\",\"publisher\":{\"@id\":\"https:\/\/ornaqua.pt\/#organization\"},\"potentialAction\":[{\"@type\":\"SearchAction\",\"target\":{\"@type\":\"EntryPoint\",\"urlTemplate\":\"https:\/\/ornaqua.pt\/?s={search_term_string}\"},\"query-input\":{\"@type\":\"PropertyValueSpecification\",\"valueRequired\":true,\"valueName\":\"search_term_string\"}}],\"inLanguage\":\"es\"},{\"@type\":\"Organization\",\"@id\":\"https:\/\/ornaqua.pt\/#organization\",\"name\":\"Ornaqua - Reprodu\u00e7\u00e3o, Importa\u00e7\u00e3o e Comercio de Peixes Ornamentais\",\"url\":\"https:\/\/ornaqua.pt\/\",\"logo\":{\"@type\":\"ImageObject\",\"inLanguage\":\"es\",\"@id\":\"https:\/\/ornaqua.pt\/#\/schema\/logo\/image\/\",\"url\":\"https:\/\/ornaqua.pt\/wp-content\/uploads\/2023\/10\/logo_ornaqua_200.png\",\"contentUrl\":\"https:\/\/ornaqua.pt\/wp-content\/uploads\/2023\/10\/logo_ornaqua_200.png\",\"width\":200,\"height\":97,\"caption\":\"Ornaqua - Reprodu\u00e7\u00e3o, Importa\u00e7\u00e3o e Comercio de Peixes Ornamentais\"},\"image\":{\"@id\":\"https:\/\/ornaqua.pt\/#\/schema\/logo\/image\/\"},\"sameAs\":[\"https:\/\/www.facebook.com\/ORNAQUA\",\"https:\/\/www.instagram.com\/ornaqua\/\"]}]}<\/script>\n<!-- \/ Yoast SEO plugin. -->","yoast_head_json":{"title":"Ra\u00e7\u00e3o de Artemia para Peixes \u2013 Discusfood XL 150g | Ornaqua","description":"Ra\u00e7\u00e3o de Artemia premium com 50% de artemia, ideal para peixes exigentes. Alta digestibilidade, excelente aceita\u00e7\u00e3o e valor nutricional superior.","robots":{"index":"index","follow":"follow","max-snippet":"max-snippet:-1","max-image-preview":"max-image-preview:large","max-video-preview":"max-video-preview:-1"},"canonical":"https:\/\/ornaqua.pt\/es\/producto\/racao-de-artemia-50-soft-granulate-xl-150g-discusfood\/","og_locale":"es_ES","og_type":"article","og_title":"Ra\u00e7\u00e3o de Artemia para Peixes \u2013 Discusfood XL 150g | Ornaqua","og_description":"Ra\u00e7\u00e3o de Artemia premium com 50% de artemia, ideal para peixes exigentes. Alta digestibilidade, excelente aceita\u00e7\u00e3o e valor nutricional superior.","og_url":"https:\/\/ornaqua.pt\/es\/producto\/racao-de-artemia-50-soft-granulate-xl-150g-discusfood\/","og_site_name":"Ornaqua - Reprodu\u00e7\u00e3o, Importa\u00e7\u00e3o e Comercio de Peixes Ornamentais","article_publisher":"https:\/\/www.facebook.com\/ORNAQUA","article_modified_time":"2026-03-27T11:45:17+00:00","og_image":[{"width":600,"height":600,"url":"https:\/\/ornaqua.pt\/wp-content\/uploads\/2023\/05\/600x600-8.jpg","type":"image\/jpeg"}],"twitter_card":"summary_large_image","twitter_misc":{"Tiempo de lectura":"1 minuto"},"schema":{"@context":"https:\/\/schema.org","@graph":[{"@type":"WebPage","@id":"https:\/\/ornaqua.pt\/produto\/racao-de-artemia-50-soft-granulate-xl-150g-discusfood\/","url":"https:\/\/ornaqua.pt\/produto\/racao-de-artemia-50-soft-granulate-xl-150g-discusfood\/","name":"Ra\u00e7\u00e3o de Artemia para Peixes \u2013 Discusfood XL 150g | Ornaqua","isPartOf":{"@id":"https:\/\/ornaqua.pt\/#website"},"primaryImageOfPage":{"@id":"https:\/\/ornaqua.pt\/produto\/racao-de-artemia-50-soft-granulate-xl-150g-discusfood\/#primaryimage"},"image":{"@id":"https:\/\/ornaqua.pt\/produto\/racao-de-artemia-50-soft-granulate-xl-150g-discusfood\/#primaryimage"},"thumbnailUrl":"https:\/\/ornaqua.pt\/wp-content\/uploads\/2023\/05\/600x600-8.jpg","datePublished":"2023-05-01T13:00:32+00:00","dateModified":"2026-03-27T11:45:17+00:00","description":"Ra\u00e7\u00e3o de Artemia premium com 50% de artemia, ideal para peixes exigentes. Alta digestibilidade, excelente aceita\u00e7\u00e3o e valor nutricional superior.","breadcrumb":{"@id":"https:\/\/ornaqua.pt\/produto\/racao-de-artemia-50-soft-granulate-xl-150g-discusfood\/#breadcrumb"},"inLanguage":"es","potentialAction":[{"@type":"ReadAction","target":["https:\/\/ornaqua.pt\/produto\/racao-de-artemia-50-soft-granulate-xl-150g-discusfood\/"]}]},{"@type":"ImageObject","inLanguage":"es","@id":"https:\/\/ornaqua.pt\/produto\/racao-de-artemia-50-soft-granulate-xl-150g-discusfood\/#primaryimage","url":"https:\/\/ornaqua.pt\/wp-content\/uploads\/2023\/05\/600x600-8.jpg","contentUrl":"https:\/\/ornaqua.pt\/wp-content\/uploads\/2023\/05\/600x600-8.jpg","width":600,"height":600},{"@type":"BreadcrumbList","@id":"https:\/\/ornaqua.pt\/produto\/racao-de-artemia-50-soft-granulate-xl-150g-discusfood\/#breadcrumb","itemListElement":[{"@type":"ListItem","position":1,"name":"In\u00edcio","item":"https:\/\/ornaqua.pt\/"},{"@type":"ListItem","position":2,"name":"Produtos","item":"https:\/\/ornaqua.pt\/produtos\/"},{"@type":"ListItem","position":3,"name":"Discusfood- Art\u00e9mia 50% Soft granulate XL-150g"}]},{"@type":"WebSite","@id":"https:\/\/ornaqua.pt\/#website","url":"https:\/\/ornaqua.pt\/","name":"Ornaqua - Loja Online","description":"Reprodu\u00e7\u00e3o, Importa\u00e7\u00e3o e Comercio de Peixes Ornamentais","publisher":{"@id":"https:\/\/ornaqua.pt\/#organization"},"potentialAction":[{"@type":"SearchAction","target":{"@type":"EntryPoint","urlTemplate":"https:\/\/ornaqua.pt\/?s={search_term_string}"},"query-input":{"@type":"PropertyValueSpecification","valueRequired":true,"valueName":"search_term_string"}}],"inLanguage":"es"},{"@type":"Organization","@id":"https:\/\/ornaqua.pt\/#organization","name":"Ornaqua - Reprodu\u00e7\u00e3o, Importa\u00e7\u00e3o e Comercio de Peixes Ornamentais","url":"https:\/\/ornaqua.pt\/","logo":{"@type":"ImageObject","inLanguage":"es","@id":"https:\/\/ornaqua.pt\/#\/schema\/logo\/image\/","url":"https:\/\/ornaqua.pt\/wp-content\/uploads\/2023\/10\/logo_ornaqua_200.png","contentUrl":"https:\/\/ornaqua.pt\/wp-content\/uploads\/2023\/10\/logo_ornaqua_200.png","width":200,"height":97,"caption":"Ornaqua - Reprodu\u00e7\u00e3o, Importa\u00e7\u00e3o e Comercio de Peixes Ornamentais"},"image":{"@id":"https:\/\/ornaqua.pt\/#\/schema\/logo\/image\/"},"sameAs":["https:\/\/www.facebook.com\/ORNAQUA","https:\/\/www.instagram.com\/ornaqua\/"]}]}},"_links":{"self":[{"href":"https:\/\/ornaqua.pt\/es\/wp-json\/wp\/v2\/product\/4739","targetHints":{"allow":["GET"]}}],"collection":[{"href":"https:\/\/ornaqua.pt\/es\/wp-json\/wp\/v2\/product"}],"about":[{"href":"https:\/\/ornaqua.pt\/es\/wp-json\/wp\/v2\/types\/product"}],"wp:featuredmedia":[{"embeddable":true,"href":"https:\/\/ornaqua.pt\/es\/wp-json\/wp\/v2\/media\/6809"}],"wp:attachment":[{"href":"https:\/\/ornaqua.pt\/es\/wp-json\/wp\/v2\/media?parent=4739"}],"wp:term":[{"taxonomy":"product_brand","embeddable":true,"href":"https:\/\/ornaqua.pt\/es\/wp-json\/wp\/v2\/product_brand?post=4739"},{"taxonomy":"product_cat","embeddable":true,"href":"https:\/\/ornaqua.pt\/es\/wp-json\/wp\/v2\/product_cat?post=4739"},{"taxonomy":"product_tag","embeddable":true,"href":"https:\/\/ornaqua.pt\/es\/wp-json\/wp\/v2\/product_tag?post=4739"}],"curies":[{"name":"wp","href":"https:\/\/api.w.org\/{rel}","templated":true}]}}