{"id":4719,"date":"2023-04-28T20:18:32","date_gmt":"2023-04-28T19:18:32","guid":{"rendered":"http:\/\/ornaqua.pt\/produto\/esha-ndx-180ml\/"},"modified":"2026-02-24T15:51:19","modified_gmt":"2026-02-24T15:51:19","slug":"esha-ndx-180ml","status":"publish","type":"product","link":"https:\/\/ornaqua.pt\/es\/producto\/esha-ndx-180ml\/","title":{"rendered":"eSHa-ndx (180ml)"},"content":{"rendered":"<p>eSHa-ndx \u00e9 um anti-helm\u00edntico para peixes ornamentais contra nematoides parasitas como Anisakis Camallanus, Capillaria, Pseudocapillaria, Eustrongylids, Oxyurids e.a. Os nematoides parasitas, tamb\u00e9m conhecidos como as lombrigas, s\u00e3o geralmente encontrados nos intestinos. Os sintomas de verminoses s\u00e3o a perda de peso, redu\u00e7\u00e3o do apetite ou vermes salientes vis\u00edveis a partir do \u00e2nus (Cotti Camallanus). Nematoides podem ser viv\u00edparos ou ov\u00edparos. Alguns nematoides t\u00eam ciclos de reprodu\u00e7\u00e3o com um ou mais hospedeiros intermedi\u00e1rios. De prefer\u00eancia confirmar o diagn\u00f3stico atrav\u00e9s de exame microsc\u00f3pico.<br \/>\nUm frasco de 20 ml de eSHa-ndx \u00e9 suficiente para uma dosagem completa de tr\u00eas dias para um aqu\u00e1rio de 450 litros.<\/p>","protected":false},"excerpt":{"rendered":"<p>eSHa-ndx \u00e9 um anti-helm\u00edntico para peixes ornamentais contra nematoides parasitas como Anisakis Camallanus, Capillaria, Pseudocapillaria, Eustrongylids, Oxyurids e.a. Os nematoides parasitas, tamb\u00e9m conhecidos como as lombrigas, s\u00e3o geralmente encontrados nos intestinos. Os sintomas de verminoses s\u00e3o a perda de peso, redu\u00e7\u00e3o do apetite ou vermes salientes vis\u00edveis a partir do \u00e2nus (Cotti Camallanus). Nematoides podem [&hellip;]<\/p>\n","protected":false},"featured_media":4718,"template":"","meta":{"inline_featured_image":false},"product_brand":[],"product_cat":[43],"product_tag":[],"class_list":{"0":"post-4719","1":"product","2":"type-product","3":"status-publish","4":"has-post-thumbnail","6":"product_cat-tratamentos","8":"first","9":"outofstock","10":"taxable","11":"shipping-taxable","12":"purchasable","13":"product-type-simple"},"yoast_head":"<!-- This site is optimized with the Yoast SEO plugin v27.1.1 - https:\/\/yoast.com\/product\/yoast-seo-wordpress\/ -->\n<title>eSHa-ndx (180ml) - Ornaqua - Reprodu\u00e7\u00e3o, Importa\u00e7\u00e3o e Comercio de Peixes Ornamentais<\/title>\n<meta name=\"robots\" content=\"index, follow, max-snippet:-1, max-image-preview:large, max-video-preview:-1\" \/>\n<link rel=\"canonical\" href=\"https:\/\/ornaqua.pt\/es\/producto\/esha-ndx-180ml\/\" \/>\n<meta property=\"og:locale\" content=\"es_ES\" \/>\n<meta property=\"og:type\" content=\"article\" \/>\n<meta property=\"og:title\" content=\"eSHa-ndx (180ml) - Ornaqua - Reprodu\u00e7\u00e3o, Importa\u00e7\u00e3o e Comercio de Peixes Ornamentais\" \/>\n<meta property=\"og:description\" content=\"eSHa-ndx \u00e9 um anti-helm\u00edntico para peixes ornamentais contra nematoides parasitas como Anisakis Camallanus, Capillaria, Pseudocapillaria, Eustrongylids, Oxyurids e.a. Os nematoides parasitas, tamb\u00e9m conhecidos como as lombrigas, s\u00e3o geralmente encontrados nos intestinos. Os sintomas de verminoses s\u00e3o a perda de peso, redu\u00e7\u00e3o do apetite ou vermes salientes vis\u00edveis a partir do \u00e2nus (Cotti Camallanus). Nematoides podem [&hellip;]\" \/>\n<meta property=\"og:url\" content=\"https:\/\/ornaqua.pt\/es\/producto\/esha-ndx-180ml\/\" \/>\n<meta property=\"og:site_name\" content=\"Ornaqua - Reprodu\u00e7\u00e3o, Importa\u00e7\u00e3o e Comercio de Peixes Ornamentais\" \/>\n<meta property=\"article:publisher\" content=\"https:\/\/www.facebook.com\/ORNAQUA\" \/>\n<meta property=\"article:modified_time\" content=\"2026-02-24T15:51:19+00:00\" \/>\n<meta property=\"og:image\" content=\"https:\/\/ornaqua.pt\/wp-content\/uploads\/2023\/04\/ES012.jpg\" \/>\n\t<meta property=\"og:image:width\" content=\"225\" \/>\n\t<meta property=\"og:image:height\" content=\"225\" \/>\n\t<meta property=\"og:image:type\" content=\"image\/jpeg\" \/>\n<meta name=\"twitter:card\" content=\"summary_large_image\" \/>\n<meta name=\"twitter:label1\" content=\"Tiempo de lectura\" \/>\n\t<meta name=\"twitter:data1\" content=\"1 minuto\" \/>\n<script type=\"application\/ld+json\" class=\"yoast-schema-graph\">{\"@context\":\"https:\/\/schema.org\",\"@graph\":[{\"@type\":\"WebPage\",\"@id\":\"https:\/\/ornaqua.pt\/produto\/esha-ndx-180ml\/\",\"url\":\"https:\/\/ornaqua.pt\/produto\/esha-ndx-180ml\/\",\"name\":\"eSHa-ndx (180ml) - Ornaqua - Reprodu\u00e7\u00e3o, Importa\u00e7\u00e3o e Comercio de Peixes Ornamentais\",\"isPartOf\":{\"@id\":\"https:\/\/ornaqua.pt\/#website\"},\"primaryImageOfPage\":{\"@id\":\"https:\/\/ornaqua.pt\/produto\/esha-ndx-180ml\/#primaryimage\"},\"image\":{\"@id\":\"https:\/\/ornaqua.pt\/produto\/esha-ndx-180ml\/#primaryimage\"},\"thumbnailUrl\":\"https:\/\/ornaqua.pt\/wp-content\/uploads\/2023\/04\/ES012.jpg\",\"datePublished\":\"2023-04-28T19:18:32+00:00\",\"dateModified\":\"2026-02-24T15:51:19+00:00\",\"breadcrumb\":{\"@id\":\"https:\/\/ornaqua.pt\/produto\/esha-ndx-180ml\/#breadcrumb\"},\"inLanguage\":\"es\",\"potentialAction\":[{\"@type\":\"ReadAction\",\"target\":[\"https:\/\/ornaqua.pt\/produto\/esha-ndx-180ml\/\"]}]},{\"@type\":\"ImageObject\",\"inLanguage\":\"es\",\"@id\":\"https:\/\/ornaqua.pt\/produto\/esha-ndx-180ml\/#primaryimage\",\"url\":\"https:\/\/ornaqua.pt\/wp-content\/uploads\/2023\/04\/ES012.jpg\",\"contentUrl\":\"https:\/\/ornaqua.pt\/wp-content\/uploads\/2023\/04\/ES012.jpg\",\"width\":225,\"height\":225},{\"@type\":\"BreadcrumbList\",\"@id\":\"https:\/\/ornaqua.pt\/produto\/esha-ndx-180ml\/#breadcrumb\",\"itemListElement\":[{\"@type\":\"ListItem\",\"position\":1,\"name\":\"In\u00edcio\",\"item\":\"https:\/\/ornaqua.pt\/\"},{\"@type\":\"ListItem\",\"position\":2,\"name\":\"Produtos\",\"item\":\"https:\/\/ornaqua.pt\/produtos\/\"},{\"@type\":\"ListItem\",\"position\":3,\"name\":\"eSHa-ndx (180ml)\"}]},{\"@type\":\"WebSite\",\"@id\":\"https:\/\/ornaqua.pt\/#website\",\"url\":\"https:\/\/ornaqua.pt\/\",\"name\":\"Ornaqua - Loja Online\",\"description\":\"Reprodu\u00e7\u00e3o, Importa\u00e7\u00e3o e Comercio de Peixes Ornamentais\",\"publisher\":{\"@id\":\"https:\/\/ornaqua.pt\/#organization\"},\"potentialAction\":[{\"@type\":\"SearchAction\",\"target\":{\"@type\":\"EntryPoint\",\"urlTemplate\":\"https:\/\/ornaqua.pt\/?s={search_term_string}\"},\"query-input\":{\"@type\":\"PropertyValueSpecification\",\"valueRequired\":true,\"valueName\":\"search_term_string\"}}],\"inLanguage\":\"es\"},{\"@type\":\"Organization\",\"@id\":\"https:\/\/ornaqua.pt\/#organization\",\"name\":\"Ornaqua - Reprodu\u00e7\u00e3o, Importa\u00e7\u00e3o e Comercio de Peixes Ornamentais\",\"url\":\"https:\/\/ornaqua.pt\/\",\"logo\":{\"@type\":\"ImageObject\",\"inLanguage\":\"es\",\"@id\":\"https:\/\/ornaqua.pt\/#\/schema\/logo\/image\/\",\"url\":\"https:\/\/ornaqua.pt\/wp-content\/uploads\/2023\/10\/logo_ornaqua_200.png\",\"contentUrl\":\"https:\/\/ornaqua.pt\/wp-content\/uploads\/2023\/10\/logo_ornaqua_200.png\",\"width\":200,\"height\":97,\"caption\":\"Ornaqua - Reprodu\u00e7\u00e3o, Importa\u00e7\u00e3o e Comercio de Peixes Ornamentais\"},\"image\":{\"@id\":\"https:\/\/ornaqua.pt\/#\/schema\/logo\/image\/\"},\"sameAs\":[\"https:\/\/www.facebook.com\/ORNAQUA\",\"https:\/\/www.instagram.com\/ornaqua\/\"]}]}<\/script>\n<!-- \/ Yoast SEO plugin. -->","yoast_head_json":{"title":"eSHa-ndx (180ml) - Ornaqua - Reprodu\u00e7\u00e3o, Importa\u00e7\u00e3o e Comercio de Peixes Ornamentais","robots":{"index":"index","follow":"follow","max-snippet":"max-snippet:-1","max-image-preview":"max-image-preview:large","max-video-preview":"max-video-preview:-1"},"canonical":"https:\/\/ornaqua.pt\/es\/producto\/esha-ndx-180ml\/","og_locale":"es_ES","og_type":"article","og_title":"eSHa-ndx (180ml) - Ornaqua - Reprodu\u00e7\u00e3o, Importa\u00e7\u00e3o e Comercio de Peixes Ornamentais","og_description":"eSHa-ndx \u00e9 um anti-helm\u00edntico para peixes ornamentais contra nematoides parasitas como Anisakis Camallanus, Capillaria, Pseudocapillaria, Eustrongylids, Oxyurids e.a. Os nematoides parasitas, tamb\u00e9m conhecidos como as lombrigas, s\u00e3o geralmente encontrados nos intestinos. Os sintomas de verminoses s\u00e3o a perda de peso, redu\u00e7\u00e3o do apetite ou vermes salientes vis\u00edveis a partir do \u00e2nus (Cotti Camallanus). Nematoides podem [&hellip;]","og_url":"https:\/\/ornaqua.pt\/es\/producto\/esha-ndx-180ml\/","og_site_name":"Ornaqua - Reprodu\u00e7\u00e3o, Importa\u00e7\u00e3o e Comercio de Peixes Ornamentais","article_publisher":"https:\/\/www.facebook.com\/ORNAQUA","article_modified_time":"2026-02-24T15:51:19+00:00","og_image":[{"width":225,"height":225,"url":"https:\/\/ornaqua.pt\/wp-content\/uploads\/2023\/04\/ES012.jpg","type":"image\/jpeg"}],"twitter_card":"summary_large_image","twitter_misc":{"Tiempo de lectura":"1 minuto"},"schema":{"@context":"https:\/\/schema.org","@graph":[{"@type":"WebPage","@id":"https:\/\/ornaqua.pt\/produto\/esha-ndx-180ml\/","url":"https:\/\/ornaqua.pt\/produto\/esha-ndx-180ml\/","name":"eSHa-ndx (180ml) - Ornaqua - Reprodu\u00e7\u00e3o, Importa\u00e7\u00e3o e Comercio de Peixes Ornamentais","isPartOf":{"@id":"https:\/\/ornaqua.pt\/#website"},"primaryImageOfPage":{"@id":"https:\/\/ornaqua.pt\/produto\/esha-ndx-180ml\/#primaryimage"},"image":{"@id":"https:\/\/ornaqua.pt\/produto\/esha-ndx-180ml\/#primaryimage"},"thumbnailUrl":"https:\/\/ornaqua.pt\/wp-content\/uploads\/2023\/04\/ES012.jpg","datePublished":"2023-04-28T19:18:32+00:00","dateModified":"2026-02-24T15:51:19+00:00","breadcrumb":{"@id":"https:\/\/ornaqua.pt\/produto\/esha-ndx-180ml\/#breadcrumb"},"inLanguage":"es","potentialAction":[{"@type":"ReadAction","target":["https:\/\/ornaqua.pt\/produto\/esha-ndx-180ml\/"]}]},{"@type":"ImageObject","inLanguage":"es","@id":"https:\/\/ornaqua.pt\/produto\/esha-ndx-180ml\/#primaryimage","url":"https:\/\/ornaqua.pt\/wp-content\/uploads\/2023\/04\/ES012.jpg","contentUrl":"https:\/\/ornaqua.pt\/wp-content\/uploads\/2023\/04\/ES012.jpg","width":225,"height":225},{"@type":"BreadcrumbList","@id":"https:\/\/ornaqua.pt\/produto\/esha-ndx-180ml\/#breadcrumb","itemListElement":[{"@type":"ListItem","position":1,"name":"In\u00edcio","item":"https:\/\/ornaqua.pt\/"},{"@type":"ListItem","position":2,"name":"Produtos","item":"https:\/\/ornaqua.pt\/produtos\/"},{"@type":"ListItem","position":3,"name":"eSHa-ndx (180ml)"}]},{"@type":"WebSite","@id":"https:\/\/ornaqua.pt\/#website","url":"https:\/\/ornaqua.pt\/","name":"Ornaqua - Loja Online","description":"Reprodu\u00e7\u00e3o, Importa\u00e7\u00e3o e Comercio de Peixes Ornamentais","publisher":{"@id":"https:\/\/ornaqua.pt\/#organization"},"potentialAction":[{"@type":"SearchAction","target":{"@type":"EntryPoint","urlTemplate":"https:\/\/ornaqua.pt\/?s={search_term_string}"},"query-input":{"@type":"PropertyValueSpecification","valueRequired":true,"valueName":"search_term_string"}}],"inLanguage":"es"},{"@type":"Organization","@id":"https:\/\/ornaqua.pt\/#organization","name":"Ornaqua - Reprodu\u00e7\u00e3o, Importa\u00e7\u00e3o e Comercio de Peixes Ornamentais","url":"https:\/\/ornaqua.pt\/","logo":{"@type":"ImageObject","inLanguage":"es","@id":"https:\/\/ornaqua.pt\/#\/schema\/logo\/image\/","url":"https:\/\/ornaqua.pt\/wp-content\/uploads\/2023\/10\/logo_ornaqua_200.png","contentUrl":"https:\/\/ornaqua.pt\/wp-content\/uploads\/2023\/10\/logo_ornaqua_200.png","width":200,"height":97,"caption":"Ornaqua - Reprodu\u00e7\u00e3o, Importa\u00e7\u00e3o e Comercio de Peixes Ornamentais"},"image":{"@id":"https:\/\/ornaqua.pt\/#\/schema\/logo\/image\/"},"sameAs":["https:\/\/www.facebook.com\/ORNAQUA","https:\/\/www.instagram.com\/ornaqua\/"]}]}},"_links":{"self":[{"href":"https:\/\/ornaqua.pt\/es\/wp-json\/wp\/v2\/product\/4719","targetHints":{"allow":["GET"]}}],"collection":[{"href":"https:\/\/ornaqua.pt\/es\/wp-json\/wp\/v2\/product"}],"about":[{"href":"https:\/\/ornaqua.pt\/es\/wp-json\/wp\/v2\/types\/product"}],"wp:featuredmedia":[{"embeddable":true,"href":"https:\/\/ornaqua.pt\/es\/wp-json\/wp\/v2\/media\/4718"}],"wp:attachment":[{"href":"https:\/\/ornaqua.pt\/es\/wp-json\/wp\/v2\/media?parent=4719"}],"wp:term":[{"taxonomy":"product_brand","embeddable":true,"href":"https:\/\/ornaqua.pt\/es\/wp-json\/wp\/v2\/product_brand?post=4719"},{"taxonomy":"product_cat","embeddable":true,"href":"https:\/\/ornaqua.pt\/es\/wp-json\/wp\/v2\/product_cat?post=4719"},{"taxonomy":"product_tag","embeddable":true,"href":"https:\/\/ornaqua.pt\/es\/wp-json\/wp\/v2\/product_tag?post=4719"}],"curies":[{"name":"wp","href":"https:\/\/api.w.org\/{rel}","templated":true}]}}