{"id":4422,"date":"2023-04-22T15:25:30","date_gmt":"2023-04-22T14:25:30","guid":{"rendered":"http:\/\/ornaqua.pt\/produto\/manaus-aquarium-exodal-100ml\/"},"modified":"2025-04-01T14:50:13","modified_gmt":"2025-04-01T13:50:13","slug":"manaus-aquarium-exodal-100ml","status":"publish","type":"product","link":"https:\/\/ornaqua.pt\/es\/producto\/manaus-aquarium-exodal-100ml\/","title":{"rendered":"Manaus-aquarium-Exodal\u00ae (100ml)"},"content":{"rendered":"<p>Exosal \u00ae \u00e9 eficaz contra a maioria das doen\u00e7as infecciosas dos peixes em aqu\u00e1rios de \u00e1gua doce. Especialmente em casos de diagn\u00f3stico incerto, Exosal\u00ae \u00e9 uma excelente escolha. Eficaz contra: protozo\u00e1rios (parasitas unicelulares), bact\u00e9rias e fungos. Podem ocorrer os seguintes sintomas: les\u00f5es e feridas, olhos esbugalhados (exoftalmia), barrigas inchadas (hidropisia), membranas mucosas espessas, barbatanas danificadas, manchas brancas, manchas na pele, etc. Apenas para tratamento de animais (peixes ornamentais de \u00e1gua doce). Solu\u00e7\u00e3o para adicionar \u00e0 \u00e1gua do aqu\u00e1rio. Folheto fechado cont\u00e9m informa\u00e7\u00f5es \u00fateis e dosagem, leia antes de usar. Manter fora do alcance de crian\u00e7as e animais de estima\u00e7\u00e3o. Armazenar fros-free, na embalagem original e proteger da luz e do calor. Exosal\u00ae pode manchar se derramar. N\u00e3o use ap\u00f3s a data de validade. Conselhos de elimina\u00e7\u00e3o\/ Prazo de validade ap\u00f3s a primeira abertura\/ Dosagem: Ver Folheto.<\/p>","protected":false},"excerpt":{"rendered":"<p>Exosal \u00ae \u00e9 eficaz contra a maioria das doen\u00e7as infecciosas dos peixes em aqu\u00e1rios de \u00e1gua doce. Especialmente em casos de diagn\u00f3stico incerto, Exosal\u00ae \u00e9 uma excelente escolha. Eficaz contra: protozo\u00e1rios (parasitas unicelulares), bact\u00e9rias e fungos. Podem ocorrer os seguintes sintomas: les\u00f5es e feridas, olhos esbugalhados (exoftalmia), barrigas inchadas (hidropisia), membranas mucosas espessas, barbatanas danificadas, [&hellip;]<\/p>\n","protected":false},"featured_media":4431,"template":"","meta":{"inline_featured_image":false},"product_brand":[],"product_cat":[43],"product_tag":[],"class_list":{"0":"post-4422","1":"product","2":"type-product","3":"status-publish","4":"has-post-thumbnail","6":"product_cat-tratamentos","8":"first","9":"outofstock","10":"taxable","11":"shipping-taxable","12":"purchasable","13":"product-type-simple"},"yoast_head":"<!-- This site is optimized with the Yoast SEO plugin v27.1.1 - https:\/\/yoast.com\/product\/yoast-seo-wordpress\/ -->\n<title>Manaus-aquarium-Exodal\u00ae (100ml) - Ornaqua - Reprodu\u00e7\u00e3o, Importa\u00e7\u00e3o e Comercio de Peixes Ornamentais<\/title>\n<meta name=\"robots\" content=\"index, follow, max-snippet:-1, max-image-preview:large, max-video-preview:-1\" \/>\n<link rel=\"canonical\" href=\"https:\/\/ornaqua.pt\/es\/producto\/manaus-aquarium-exodal-100ml\/\" \/>\n<meta property=\"og:locale\" content=\"es_ES\" \/>\n<meta property=\"og:type\" content=\"article\" \/>\n<meta property=\"og:title\" content=\"Manaus-aquarium-Exodal\u00ae (100ml) - Ornaqua - Reprodu\u00e7\u00e3o, Importa\u00e7\u00e3o e Comercio de Peixes Ornamentais\" \/>\n<meta property=\"og:description\" content=\"Exosal \u00ae \u00e9 eficaz contra a maioria das doen\u00e7as infecciosas dos peixes em aqu\u00e1rios de \u00e1gua doce. Especialmente em casos de diagn\u00f3stico incerto, Exosal\u00ae \u00e9 uma excelente escolha. Eficaz contra: protozo\u00e1rios (parasitas unicelulares), bact\u00e9rias e fungos. Podem ocorrer os seguintes sintomas: les\u00f5es e feridas, olhos esbugalhados (exoftalmia), barrigas inchadas (hidropisia), membranas mucosas espessas, barbatanas danificadas, [&hellip;]\" \/>\n<meta property=\"og:url\" content=\"https:\/\/ornaqua.pt\/es\/producto\/manaus-aquarium-exodal-100ml\/\" \/>\n<meta property=\"og:site_name\" content=\"Ornaqua - Reprodu\u00e7\u00e3o, Importa\u00e7\u00e3o e Comercio de Peixes Ornamentais\" \/>\n<meta property=\"article:publisher\" content=\"https:\/\/www.facebook.com\/ORNAQUA\" \/>\n<meta property=\"article:modified_time\" content=\"2025-04-01T13:50:13+00:00\" \/>\n<meta property=\"og:image\" content=\"https:\/\/ornaqua.pt\/wp-content\/uploads\/2023\/04\/MA006.jpg\" \/>\n\t<meta property=\"og:image:width\" content=\"800\" \/>\n\t<meta property=\"og:image:height\" content=\"800\" \/>\n\t<meta property=\"og:image:type\" content=\"image\/jpeg\" \/>\n<meta name=\"twitter:card\" content=\"summary_large_image\" \/>\n<meta name=\"twitter:label1\" content=\"Tiempo de lectura\" \/>\n\t<meta name=\"twitter:data1\" content=\"1 minuto\" \/>\n<script type=\"application\/ld+json\" class=\"yoast-schema-graph\">{\"@context\":\"https:\/\/schema.org\",\"@graph\":[{\"@type\":\"WebPage\",\"@id\":\"https:\/\/ornaqua.pt\/produto\/manaus-aquarium-exodal-100ml\/\",\"url\":\"https:\/\/ornaqua.pt\/produto\/manaus-aquarium-exodal-100ml\/\",\"name\":\"Manaus-aquarium-Exodal\u00ae (100ml) - Ornaqua - Reprodu\u00e7\u00e3o, Importa\u00e7\u00e3o e Comercio de Peixes Ornamentais\",\"isPartOf\":{\"@id\":\"https:\/\/ornaqua.pt\/#website\"},\"primaryImageOfPage\":{\"@id\":\"https:\/\/ornaqua.pt\/produto\/manaus-aquarium-exodal-100ml\/#primaryimage\"},\"image\":{\"@id\":\"https:\/\/ornaqua.pt\/produto\/manaus-aquarium-exodal-100ml\/#primaryimage\"},\"thumbnailUrl\":\"https:\/\/ornaqua.pt\/wp-content\/uploads\/2023\/04\/MA006.jpg\",\"datePublished\":\"2023-04-22T14:25:30+00:00\",\"dateModified\":\"2025-04-01T13:50:13+00:00\",\"breadcrumb\":{\"@id\":\"https:\/\/ornaqua.pt\/produto\/manaus-aquarium-exodal-100ml\/#breadcrumb\"},\"inLanguage\":\"es\",\"potentialAction\":[{\"@type\":\"ReadAction\",\"target\":[\"https:\/\/ornaqua.pt\/produto\/manaus-aquarium-exodal-100ml\/\"]}]},{\"@type\":\"ImageObject\",\"inLanguage\":\"es\",\"@id\":\"https:\/\/ornaqua.pt\/produto\/manaus-aquarium-exodal-100ml\/#primaryimage\",\"url\":\"https:\/\/ornaqua.pt\/wp-content\/uploads\/2023\/04\/MA006.jpg\",\"contentUrl\":\"https:\/\/ornaqua.pt\/wp-content\/uploads\/2023\/04\/MA006.jpg\",\"width\":800,\"height\":800},{\"@type\":\"BreadcrumbList\",\"@id\":\"https:\/\/ornaqua.pt\/produto\/manaus-aquarium-exodal-100ml\/#breadcrumb\",\"itemListElement\":[{\"@type\":\"ListItem\",\"position\":1,\"name\":\"In\u00edcio\",\"item\":\"https:\/\/ornaqua.pt\/\"},{\"@type\":\"ListItem\",\"position\":2,\"name\":\"Produtos\",\"item\":\"https:\/\/ornaqua.pt\/produtos\/\"},{\"@type\":\"ListItem\",\"position\":3,\"name\":\"Manaus-aquarium-Exodal\u00ae (100ml)\"}]},{\"@type\":\"WebSite\",\"@id\":\"https:\/\/ornaqua.pt\/#website\",\"url\":\"https:\/\/ornaqua.pt\/\",\"name\":\"Ornaqua - Loja Online\",\"description\":\"Reprodu\u00e7\u00e3o, Importa\u00e7\u00e3o e Comercio de Peixes Ornamentais\",\"publisher\":{\"@id\":\"https:\/\/ornaqua.pt\/#organization\"},\"potentialAction\":[{\"@type\":\"SearchAction\",\"target\":{\"@type\":\"EntryPoint\",\"urlTemplate\":\"https:\/\/ornaqua.pt\/?s={search_term_string}\"},\"query-input\":{\"@type\":\"PropertyValueSpecification\",\"valueRequired\":true,\"valueName\":\"search_term_string\"}}],\"inLanguage\":\"es\"},{\"@type\":\"Organization\",\"@id\":\"https:\/\/ornaqua.pt\/#organization\",\"name\":\"Ornaqua - Reprodu\u00e7\u00e3o, Importa\u00e7\u00e3o e Comercio de Peixes Ornamentais\",\"url\":\"https:\/\/ornaqua.pt\/\",\"logo\":{\"@type\":\"ImageObject\",\"inLanguage\":\"es\",\"@id\":\"https:\/\/ornaqua.pt\/#\/schema\/logo\/image\/\",\"url\":\"https:\/\/ornaqua.pt\/wp-content\/uploads\/2023\/10\/logo_ornaqua_200.png\",\"contentUrl\":\"https:\/\/ornaqua.pt\/wp-content\/uploads\/2023\/10\/logo_ornaqua_200.png\",\"width\":200,\"height\":97,\"caption\":\"Ornaqua - Reprodu\u00e7\u00e3o, Importa\u00e7\u00e3o e Comercio de Peixes Ornamentais\"},\"image\":{\"@id\":\"https:\/\/ornaqua.pt\/#\/schema\/logo\/image\/\"},\"sameAs\":[\"https:\/\/www.facebook.com\/ORNAQUA\",\"https:\/\/www.instagram.com\/ornaqua\/\"]}]}<\/script>\n<!-- \/ Yoast SEO plugin. -->","yoast_head_json":{"title":"Manaus-aquarium-Exodal\u00ae (100ml) - Ornaqua - Reprodu\u00e7\u00e3o, Importa\u00e7\u00e3o e Comercio de Peixes Ornamentais","robots":{"index":"index","follow":"follow","max-snippet":"max-snippet:-1","max-image-preview":"max-image-preview:large","max-video-preview":"max-video-preview:-1"},"canonical":"https:\/\/ornaqua.pt\/es\/producto\/manaus-aquarium-exodal-100ml\/","og_locale":"es_ES","og_type":"article","og_title":"Manaus-aquarium-Exodal\u00ae (100ml) - Ornaqua - Reprodu\u00e7\u00e3o, Importa\u00e7\u00e3o e Comercio de Peixes Ornamentais","og_description":"Exosal \u00ae \u00e9 eficaz contra a maioria das doen\u00e7as infecciosas dos peixes em aqu\u00e1rios de \u00e1gua doce. Especialmente em casos de diagn\u00f3stico incerto, Exosal\u00ae \u00e9 uma excelente escolha. Eficaz contra: protozo\u00e1rios (parasitas unicelulares), bact\u00e9rias e fungos. Podem ocorrer os seguintes sintomas: les\u00f5es e feridas, olhos esbugalhados (exoftalmia), barrigas inchadas (hidropisia), membranas mucosas espessas, barbatanas danificadas, [&hellip;]","og_url":"https:\/\/ornaqua.pt\/es\/producto\/manaus-aquarium-exodal-100ml\/","og_site_name":"Ornaqua - Reprodu\u00e7\u00e3o, Importa\u00e7\u00e3o e Comercio de Peixes Ornamentais","article_publisher":"https:\/\/www.facebook.com\/ORNAQUA","article_modified_time":"2025-04-01T13:50:13+00:00","og_image":[{"width":800,"height":800,"url":"https:\/\/ornaqua.pt\/wp-content\/uploads\/2023\/04\/MA006.jpg","type":"image\/jpeg"}],"twitter_card":"summary_large_image","twitter_misc":{"Tiempo de lectura":"1 minuto"},"schema":{"@context":"https:\/\/schema.org","@graph":[{"@type":"WebPage","@id":"https:\/\/ornaqua.pt\/produto\/manaus-aquarium-exodal-100ml\/","url":"https:\/\/ornaqua.pt\/produto\/manaus-aquarium-exodal-100ml\/","name":"Manaus-aquarium-Exodal\u00ae (100ml) - Ornaqua - Reprodu\u00e7\u00e3o, Importa\u00e7\u00e3o e Comercio de Peixes Ornamentais","isPartOf":{"@id":"https:\/\/ornaqua.pt\/#website"},"primaryImageOfPage":{"@id":"https:\/\/ornaqua.pt\/produto\/manaus-aquarium-exodal-100ml\/#primaryimage"},"image":{"@id":"https:\/\/ornaqua.pt\/produto\/manaus-aquarium-exodal-100ml\/#primaryimage"},"thumbnailUrl":"https:\/\/ornaqua.pt\/wp-content\/uploads\/2023\/04\/MA006.jpg","datePublished":"2023-04-22T14:25:30+00:00","dateModified":"2025-04-01T13:50:13+00:00","breadcrumb":{"@id":"https:\/\/ornaqua.pt\/produto\/manaus-aquarium-exodal-100ml\/#breadcrumb"},"inLanguage":"es","potentialAction":[{"@type":"ReadAction","target":["https:\/\/ornaqua.pt\/produto\/manaus-aquarium-exodal-100ml\/"]}]},{"@type":"ImageObject","inLanguage":"es","@id":"https:\/\/ornaqua.pt\/produto\/manaus-aquarium-exodal-100ml\/#primaryimage","url":"https:\/\/ornaqua.pt\/wp-content\/uploads\/2023\/04\/MA006.jpg","contentUrl":"https:\/\/ornaqua.pt\/wp-content\/uploads\/2023\/04\/MA006.jpg","width":800,"height":800},{"@type":"BreadcrumbList","@id":"https:\/\/ornaqua.pt\/produto\/manaus-aquarium-exodal-100ml\/#breadcrumb","itemListElement":[{"@type":"ListItem","position":1,"name":"In\u00edcio","item":"https:\/\/ornaqua.pt\/"},{"@type":"ListItem","position":2,"name":"Produtos","item":"https:\/\/ornaqua.pt\/produtos\/"},{"@type":"ListItem","position":3,"name":"Manaus-aquarium-Exodal\u00ae (100ml)"}]},{"@type":"WebSite","@id":"https:\/\/ornaqua.pt\/#website","url":"https:\/\/ornaqua.pt\/","name":"Ornaqua - Loja Online","description":"Reprodu\u00e7\u00e3o, Importa\u00e7\u00e3o e Comercio de Peixes Ornamentais","publisher":{"@id":"https:\/\/ornaqua.pt\/#organization"},"potentialAction":[{"@type":"SearchAction","target":{"@type":"EntryPoint","urlTemplate":"https:\/\/ornaqua.pt\/?s={search_term_string}"},"query-input":{"@type":"PropertyValueSpecification","valueRequired":true,"valueName":"search_term_string"}}],"inLanguage":"es"},{"@type":"Organization","@id":"https:\/\/ornaqua.pt\/#organization","name":"Ornaqua - Reprodu\u00e7\u00e3o, Importa\u00e7\u00e3o e Comercio de Peixes Ornamentais","url":"https:\/\/ornaqua.pt\/","logo":{"@type":"ImageObject","inLanguage":"es","@id":"https:\/\/ornaqua.pt\/#\/schema\/logo\/image\/","url":"https:\/\/ornaqua.pt\/wp-content\/uploads\/2023\/10\/logo_ornaqua_200.png","contentUrl":"https:\/\/ornaqua.pt\/wp-content\/uploads\/2023\/10\/logo_ornaqua_200.png","width":200,"height":97,"caption":"Ornaqua - Reprodu\u00e7\u00e3o, Importa\u00e7\u00e3o e Comercio de Peixes Ornamentais"},"image":{"@id":"https:\/\/ornaqua.pt\/#\/schema\/logo\/image\/"},"sameAs":["https:\/\/www.facebook.com\/ORNAQUA","https:\/\/www.instagram.com\/ornaqua\/"]}]}},"_links":{"self":[{"href":"https:\/\/ornaqua.pt\/es\/wp-json\/wp\/v2\/product\/4422","targetHints":{"allow":["GET"]}}],"collection":[{"href":"https:\/\/ornaqua.pt\/es\/wp-json\/wp\/v2\/product"}],"about":[{"href":"https:\/\/ornaqua.pt\/es\/wp-json\/wp\/v2\/types\/product"}],"wp:featuredmedia":[{"embeddable":true,"href":"https:\/\/ornaqua.pt\/es\/wp-json\/wp\/v2\/media\/4431"}],"wp:attachment":[{"href":"https:\/\/ornaqua.pt\/es\/wp-json\/wp\/v2\/media?parent=4422"}],"wp:term":[{"taxonomy":"product_brand","embeddable":true,"href":"https:\/\/ornaqua.pt\/es\/wp-json\/wp\/v2\/product_brand?post=4422"},{"taxonomy":"product_cat","embeddable":true,"href":"https:\/\/ornaqua.pt\/es\/wp-json\/wp\/v2\/product_cat?post=4422"},{"taxonomy":"product_tag","embeddable":true,"href":"https:\/\/ornaqua.pt\/es\/wp-json\/wp\/v2\/product_tag?post=4422"}],"curies":[{"name":"wp","href":"https:\/\/api.w.org\/{rel}","templated":true}]}}