{"id":4298,"date":"2023-03-20T20:06:42","date_gmt":"2023-03-20T20:06:42","guid":{"rendered":"http:\/\/ornaqua.pt\/?page_id=4298"},"modified":"2024-11-18T20:49:58","modified_gmt":"2024-11-18T20:49:58","slug":"sobre-nos","status":"publish","type":"page","link":"https:\/\/ornaqua.pt\/es\/sobre-nos\/","title":{"rendered":"Sobre nosotros"},"content":{"rendered":"<div data-elementor-type=\"wp-page\" data-elementor-id=\"4298\" class=\"elementor elementor-4298\">\n\t\t\t\t\t\t<section class=\"elementor-section elementor-top-section elementor-element elementor-element-7757930 elementor-section-boxed elementor-section-height-default elementor-section-height-default\" data-id=\"7757930\" data-element_type=\"section\" data-e-type=\"section\">\r\n\t\t\r\n\t\t\t\t\t\t\t<div class=\"elementor-container elementor-column-gap-default\">\r\n\t\t\t\t\t\t\t\t\t\t\t<div class=\"elementor-column elementor-col-100 elementor-top-column elementor-element elementor-element-535a36b3\" data-id=\"535a36b3\" data-element_type=\"column\" data-e-type=\"column\">\r\n\t\t\t\t\t<div class=\"elementor-widget-wrap elementor-element-populated\">\r\n\t\t\t\t\t\t\t\t<div class=\"elementor-element elementor-element-35ea64a0 elementor-widget elementor-widget-text-editor\" data-id=\"35ea64a0\" data-element_type=\"widget\" data-e-type=\"widget\" data-widget_type=\"text-editor.default\">\n\t\t\t\t<div class=\"elementor-widget-container\">\n\t\t\t\t\t\t\t\t\t<p>Ornaqua, \u00e9 uma empresa que se diferencia pela especializa\u00e7\u00e3o na venda da esp\u00e9cie Symphysodon aequifasciatus, mais tradicionalmente conhecidos como peixe Disco.<\/p><p>Importamos os nossos Discus de criadores conceituados da \u00c1sia e da Europa e uma vez c\u00e1 chegados, fazemos uma quarentena rigorosa, garantindo que os clientes recebem peixes de qualidade e em boa forma. Iniciamos recentemente o nosso projeto \u201cOrnaqua Breeding\u201d, que consiste numa sele\u00e7\u00e3o exigente de v\u00e1rias estirpes de Discus para cria\u00e7\u00e3o e que j\u00e1 podem encontrar dispon\u00edveis nas nossas instala\u00e7\u00f5es. Para al\u00e9m de Discus, temos dispon\u00edveis outras esp\u00e9cies de peixes ornamentais.<\/p><p>Trabalhamos com marcas de refer\u00eancia, para os Discus, e para outras esp\u00e9cies. Comercializamos os seus produtos, alimenta\u00e7\u00e3o e acess\u00f3rios que necessita para garantir o bem-estar das mesmas.\u00a0 Destacamo-nos pelo atendimento personalizado n\u00e3o s\u00f3 na venda dos produtos, como tamb\u00e9m acompanhamos todo o processo do pr\u00e9 ao p\u00f3s-venda.<\/p><p>Contamos com 20 anos de experi\u00eancia na \u00e1rea da aquariofilia, para al\u00e9m da forma\u00e7\u00e3o cient\u00edfica em Ci\u00eancias do Meio Aqu\u00e1tico, e todos os dias continuamos a aprender nesta \u00e1rea que \u00e9 tao variada e interessante.<\/p><p>Para al\u00e9m da vertente de loja, colaboramos com outras entidades na parte de investiga\u00e7\u00e3o cient\u00edfica.<\/p><p><b>Contactos:<\/b><\/p><p>Email: <a href=\"mailto:ornaqua.pt@gmail.com\">ornaqua.pt@gmail.com<\/a><br \/><span style=\"color: var(--porto-body-color); letter-spacing: var(--porto-body-ls,0);\">Telem\u00f3vel: (+351) 914465328<\/span><\/p>\t\t\t\t\t\t\t\t<\/div>\n\t\t\t\t<\/div>\n\t\t\t\t\t<\/div>\r\n\t\t\t\t<\/div>\r\n\t\t\t\t\t<\/div>\r\n\t\t\t\t<\/section>\r\n\t\t\t\t<\/div>","protected":false},"excerpt":{"rendered":"<p>Ornaqua, \u00e9 uma empresa que se diferencia pela especializa\u00e7\u00e3o na venda da esp\u00e9cie Symphysodon aequifasciatus, mais tradicionalmente conhecidos como peixe Disco. Importamos os nossos Discus de criadores conceituados da \u00c1sia e da Europa e uma vez c\u00e1 chegados, fazemos uma quarentena rigorosa, garantindo que os clientes recebem peixes de qualidade e em boa forma. Iniciamos [&hellip;]<\/p>\n","protected":false},"author":1,"featured_media":0,"parent":0,"menu_order":0,"comment_status":"closed","ping_status":"closed","template":"","meta":{"inline_featured_image":false,"footnotes":""},"class_list":["post-4298","page","type-page","status-publish","hentry"],"yoast_head":"<!-- This site is optimized with the Yoast SEO plugin v27.1.1 - https:\/\/yoast.com\/product\/yoast-seo-wordpress\/ -->\n<title>Sobre n\u00f3s - Ornaqua - Reprodu\u00e7\u00e3o, Importa\u00e7\u00e3o e Comercio de Peixes Ornamentais<\/title>\n<meta name=\"robots\" content=\"index, follow, max-snippet:-1, max-image-preview:large, max-video-preview:-1\" \/>\n<link rel=\"canonical\" href=\"https:\/\/ornaqua.pt\/es\/sobre-nos\/\" \/>\n<meta property=\"og:locale\" content=\"es_ES\" \/>\n<meta property=\"og:type\" content=\"article\" \/>\n<meta property=\"og:title\" content=\"Sobre n\u00f3s - Ornaqua - Reprodu\u00e7\u00e3o, Importa\u00e7\u00e3o e Comercio de Peixes Ornamentais\" \/>\n<meta property=\"og:description\" content=\"Ornaqua, \u00e9 uma empresa que se diferencia pela especializa\u00e7\u00e3o na venda da esp\u00e9cie Symphysodon aequifasciatus, mais tradicionalmente conhecidos como peixe Disco. Importamos os nossos Discus de criadores conceituados da \u00c1sia e da Europa e uma vez c\u00e1 chegados, fazemos uma quarentena rigorosa, garantindo que os clientes recebem peixes de qualidade e em boa forma. Iniciamos [&hellip;]\" \/>\n<meta property=\"og:url\" content=\"https:\/\/ornaqua.pt\/es\/sobre-nos\/\" \/>\n<meta property=\"og:site_name\" content=\"Ornaqua - Reprodu\u00e7\u00e3o, Importa\u00e7\u00e3o e Comercio de Peixes Ornamentais\" \/>\n<meta property=\"article:publisher\" content=\"https:\/\/www.facebook.com\/ORNAQUA\" \/>\n<meta property=\"article:modified_time\" content=\"2024-11-18T20:49:58+00:00\" \/>\n<meta name=\"twitter:card\" content=\"summary_large_image\" \/>\n<meta name=\"twitter:label1\" content=\"Tiempo de lectura\" \/>\n\t<meta name=\"twitter:data1\" content=\"2 minutos\" \/>\n<script type=\"application\/ld+json\" class=\"yoast-schema-graph\">{\"@context\":\"https:\/\/schema.org\",\"@graph\":[{\"@type\":\"WebPage\",\"@id\":\"https:\/\/ornaqua.pt\/sobre-nos\/\",\"url\":\"https:\/\/ornaqua.pt\/sobre-nos\/\",\"name\":\"Sobre n\u00f3s - Ornaqua - Reprodu\u00e7\u00e3o, Importa\u00e7\u00e3o e Comercio de Peixes Ornamentais\",\"isPartOf\":{\"@id\":\"https:\/\/ornaqua.pt\/#website\"},\"datePublished\":\"2023-03-20T20:06:42+00:00\",\"dateModified\":\"2024-11-18T20:49:58+00:00\",\"breadcrumb\":{\"@id\":\"https:\/\/ornaqua.pt\/sobre-nos\/#breadcrumb\"},\"inLanguage\":\"es\",\"potentialAction\":[{\"@type\":\"ReadAction\",\"target\":[\"https:\/\/ornaqua.pt\/sobre-nos\/\"]}]},{\"@type\":\"BreadcrumbList\",\"@id\":\"https:\/\/ornaqua.pt\/sobre-nos\/#breadcrumb\",\"itemListElement\":[{\"@type\":\"ListItem\",\"position\":1,\"name\":\"In\u00edcio\",\"item\":\"https:\/\/ornaqua.pt\/\"},{\"@type\":\"ListItem\",\"position\":2,\"name\":\"Sobre n\u00f3s\"}]},{\"@type\":\"WebSite\",\"@id\":\"https:\/\/ornaqua.pt\/#website\",\"url\":\"https:\/\/ornaqua.pt\/\",\"name\":\"Ornaqua - Loja Online\",\"description\":\"Reprodu\u00e7\u00e3o, Importa\u00e7\u00e3o e Comercio de Peixes Ornamentais\",\"publisher\":{\"@id\":\"https:\/\/ornaqua.pt\/#organization\"},\"potentialAction\":[{\"@type\":\"SearchAction\",\"target\":{\"@type\":\"EntryPoint\",\"urlTemplate\":\"https:\/\/ornaqua.pt\/?s={search_term_string}\"},\"query-input\":{\"@type\":\"PropertyValueSpecification\",\"valueRequired\":true,\"valueName\":\"search_term_string\"}}],\"inLanguage\":\"es\"},{\"@type\":\"Organization\",\"@id\":\"https:\/\/ornaqua.pt\/#organization\",\"name\":\"Ornaqua - Reprodu\u00e7\u00e3o, Importa\u00e7\u00e3o e Comercio de Peixes Ornamentais\",\"url\":\"https:\/\/ornaqua.pt\/\",\"logo\":{\"@type\":\"ImageObject\",\"inLanguage\":\"es\",\"@id\":\"https:\/\/ornaqua.pt\/#\/schema\/logo\/image\/\",\"url\":\"https:\/\/ornaqua.pt\/wp-content\/uploads\/2023\/10\/logo_ornaqua_200.png\",\"contentUrl\":\"https:\/\/ornaqua.pt\/wp-content\/uploads\/2023\/10\/logo_ornaqua_200.png\",\"width\":200,\"height\":97,\"caption\":\"Ornaqua - Reprodu\u00e7\u00e3o, Importa\u00e7\u00e3o e Comercio de Peixes Ornamentais\"},\"image\":{\"@id\":\"https:\/\/ornaqua.pt\/#\/schema\/logo\/image\/\"},\"sameAs\":[\"https:\/\/www.facebook.com\/ORNAQUA\",\"https:\/\/www.instagram.com\/ornaqua\/\"]}]}<\/script>\n<!-- \/ Yoast SEO plugin. -->","yoast_head_json":{"title":"Sobre n\u00f3s - Ornaqua - Reprodu\u00e7\u00e3o, Importa\u00e7\u00e3o e Comercio de Peixes Ornamentais","robots":{"index":"index","follow":"follow","max-snippet":"max-snippet:-1","max-image-preview":"max-image-preview:large","max-video-preview":"max-video-preview:-1"},"canonical":"https:\/\/ornaqua.pt\/es\/sobre-nos\/","og_locale":"es_ES","og_type":"article","og_title":"Sobre n\u00f3s - Ornaqua - Reprodu\u00e7\u00e3o, Importa\u00e7\u00e3o e Comercio de Peixes Ornamentais","og_description":"Ornaqua, \u00e9 uma empresa que se diferencia pela especializa\u00e7\u00e3o na venda da esp\u00e9cie Symphysodon aequifasciatus, mais tradicionalmente conhecidos como peixe Disco. Importamos os nossos Discus de criadores conceituados da \u00c1sia e da Europa e uma vez c\u00e1 chegados, fazemos uma quarentena rigorosa, garantindo que os clientes recebem peixes de qualidade e em boa forma. Iniciamos [&hellip;]","og_url":"https:\/\/ornaqua.pt\/es\/sobre-nos\/","og_site_name":"Ornaqua - Reprodu\u00e7\u00e3o, Importa\u00e7\u00e3o e Comercio de Peixes Ornamentais","article_publisher":"https:\/\/www.facebook.com\/ORNAQUA","article_modified_time":"2024-11-18T20:49:58+00:00","twitter_card":"summary_large_image","twitter_misc":{"Tiempo de lectura":"2 minutos"},"schema":{"@context":"https:\/\/schema.org","@graph":[{"@type":"WebPage","@id":"https:\/\/ornaqua.pt\/sobre-nos\/","url":"https:\/\/ornaqua.pt\/sobre-nos\/","name":"Sobre n\u00f3s - Ornaqua - Reprodu\u00e7\u00e3o, Importa\u00e7\u00e3o e Comercio de Peixes Ornamentais","isPartOf":{"@id":"https:\/\/ornaqua.pt\/#website"},"datePublished":"2023-03-20T20:06:42+00:00","dateModified":"2024-11-18T20:49:58+00:00","breadcrumb":{"@id":"https:\/\/ornaqua.pt\/sobre-nos\/#breadcrumb"},"inLanguage":"es","potentialAction":[{"@type":"ReadAction","target":["https:\/\/ornaqua.pt\/sobre-nos\/"]}]},{"@type":"BreadcrumbList","@id":"https:\/\/ornaqua.pt\/sobre-nos\/#breadcrumb","itemListElement":[{"@type":"ListItem","position":1,"name":"In\u00edcio","item":"https:\/\/ornaqua.pt\/"},{"@type":"ListItem","position":2,"name":"Sobre n\u00f3s"}]},{"@type":"WebSite","@id":"https:\/\/ornaqua.pt\/#website","url":"https:\/\/ornaqua.pt\/","name":"Ornaqua - Loja Online","description":"Reprodu\u00e7\u00e3o, Importa\u00e7\u00e3o e Comercio de Peixes Ornamentais","publisher":{"@id":"https:\/\/ornaqua.pt\/#organization"},"potentialAction":[{"@type":"SearchAction","target":{"@type":"EntryPoint","urlTemplate":"https:\/\/ornaqua.pt\/?s={search_term_string}"},"query-input":{"@type":"PropertyValueSpecification","valueRequired":true,"valueName":"search_term_string"}}],"inLanguage":"es"},{"@type":"Organization","@id":"https:\/\/ornaqua.pt\/#organization","name":"Ornaqua - Reprodu\u00e7\u00e3o, Importa\u00e7\u00e3o e Comercio de Peixes Ornamentais","url":"https:\/\/ornaqua.pt\/","logo":{"@type":"ImageObject","inLanguage":"es","@id":"https:\/\/ornaqua.pt\/#\/schema\/logo\/image\/","url":"https:\/\/ornaqua.pt\/wp-content\/uploads\/2023\/10\/logo_ornaqua_200.png","contentUrl":"https:\/\/ornaqua.pt\/wp-content\/uploads\/2023\/10\/logo_ornaqua_200.png","width":200,"height":97,"caption":"Ornaqua - Reprodu\u00e7\u00e3o, Importa\u00e7\u00e3o e Comercio de Peixes Ornamentais"},"image":{"@id":"https:\/\/ornaqua.pt\/#\/schema\/logo\/image\/"},"sameAs":["https:\/\/www.facebook.com\/ORNAQUA","https:\/\/www.instagram.com\/ornaqua\/"]}]}},"_links":{"self":[{"href":"https:\/\/ornaqua.pt\/es\/wp-json\/wp\/v2\/pages\/4298","targetHints":{"allow":["GET"]}}],"collection":[{"href":"https:\/\/ornaqua.pt\/es\/wp-json\/wp\/v2\/pages"}],"about":[{"href":"https:\/\/ornaqua.pt\/es\/wp-json\/wp\/v2\/types\/page"}],"author":[{"embeddable":true,"href":"https:\/\/ornaqua.pt\/es\/wp-json\/wp\/v2\/users\/1"}],"replies":[{"embeddable":true,"href":"https:\/\/ornaqua.pt\/es\/wp-json\/wp\/v2\/comments?post=4298"}],"version-history":[{"count":9,"href":"https:\/\/ornaqua.pt\/es\/wp-json\/wp\/v2\/pages\/4298\/revisions"}],"predecessor-version":[{"id":6031,"href":"https:\/\/ornaqua.pt\/es\/wp-json\/wp\/v2\/pages\/4298\/revisions\/6031"}],"wp:attachment":[{"href":"https:\/\/ornaqua.pt\/es\/wp-json\/wp\/v2\/media?parent=4298"}],"curies":[{"name":"wp","href":"https:\/\/api.w.org\/{rel}","templated":true}]}}