{"id":4290,"date":"2023-03-20T19:57:26","date_gmt":"2023-03-20T19:57:26","guid":{"rendered":"http:\/\/ornaqua.pt\/?page_id=4290"},"modified":"2023-03-20T19:57:28","modified_gmt":"2023-03-20T19:57:28","slug":"politica-de-cookies","status":"publish","type":"page","link":"https:\/\/ornaqua.pt\/es\/politica-de-cookies\/","title":{"rendered":"Pol\u00edtica de cookies"},"content":{"rendered":"<p><strong>\u00bfQu\u00e9 es una cookie?<\/strong><br>Una cookie es un archivo de texto que un sitio web almacena en su computadora, tel\u00e9fono o cualquier otro dispositivo con acceso a Internet, que contiene informaci\u00f3n sobre su navegaci\u00f3n en este sitio web. Las cookies se utilizan para facilitar y hacer m\u00e1s sencilla la navegaci\u00f3n, y no da\u00f1an su ordenador.<\/p>\n\n\n\n<p><strong>\u00bfQu\u00e9 tipo de cookies hay?<\/strong><\/p>\n\n\n\n<p>Cookies permanentes: se almacenan a nivel del navegador de Internet (navegador) en sus dispositivos de acceso (pc, m\u00f3vil y tableta) y se utilizan cada vez que el usuario realiza una nueva visita al sitio web. Generalmente se utilizan para orientar la navegaci\u00f3n de acuerdo con los intereses del usuario, permiti\u00e9ndonos brindar un servicio m\u00e1s personalizado.<\/p>\n\n\n\n<p>Cookies de sesi\u00f3n: son temporales, permanecen en las cookies de su navegador de internet (navegador) hasta que abandone el sitio web. La informaci\u00f3n obtenida nos permite identificar problemas y brindar una mejor experiencia de navegaci\u00f3n.<\/p>\n\n\n\n<p><strong>\u00bfCu\u00e1l es el prop\u00f3sito de las cookies en este sitio web?<\/strong><br>Nuestras cookies tienen diferentes funciones:<\/p>\n\n\n\n<p><strong>Cookies esenciales:<\/strong>&nbsp;Algunas cookies son esenciales para acceder a \u00e1reas espec\u00edficas de nuestro sitio web. Permiten la navegaci\u00f3n en el sitio y el uso de sus aplicaciones, como acceder a \u00e1reas seguras del sitio a trav\u00e9s del inicio de sesi\u00f3n. Sin estas cookies no se pueden prestar los servicios que lo requieran.<\/p>\n\n\n\n<p><strong>Cookies anal\u00edticas:&nbsp;<\/strong>Utilizamos estas cookies para analizar c\u00f3mo los usuarios usan el sitio web y monitorear su rendimiento. Esto nos permite brindar una experiencia de alta calidad al personalizar nuestra oferta e identificar y corregir r\u00e1pidamente cualquier problema que surja. Por ejemplo, utilizamos cookies de rendimiento para averiguar qu\u00e9 p\u00e1ginas son m\u00e1s populares, qu\u00e9 m\u00e9todo de enlace entre p\u00e1ginas es m\u00e1s efectivo o para determinar por qu\u00e9 algunas p\u00e1ginas reciben mensajes de error. Seg\u00fan el uso del sitio, tambi\u00e9n podemos usar estas cookies para resaltar art\u00edculos o servicios en el sitio que creemos que pueden ser de inter\u00e9s para los usuarios.Estas cookies se usan solo con el prop\u00f3sito de crear y analizar estad\u00edsticas, sin recopilar datos personales. informaci\u00f3n.<\/p>\n\n\n\n<p>M\u00e1s informaci\u00f3n: www.google.com\/analytics.<\/p>\n\n\n\n<p><strong>Cookies de funcionalidad:&nbsp;<\/strong>Utilizamos cookies de funcionalidad para permitirnos recordar las preferencias del usuario. Por ejemplo, las cookies evitan escribir el nombre del usuario cada vez que accede al sitio.<\/p>\n\n\n\n<p>En resumen, las cookies de funcionalidad guardan las preferencias del usuario en cuanto al uso del sitio web, por lo que no es necesario reconfigurar el sitio web cada vez que lo visita.<\/p>\n\n\n\n<p><strong>\u00bfPuedo deshabilitar el uso de cookies?<\/strong><br>S\u00ed, las cookies se pueden deshabilitar en su navegador (navegador).<br>Sin embargo, al deshabilitar las cookies, es posible que impida que algunos servicios web funcionen correctamente, afectando parcial o totalmente la navegaci\u00f3n en el sitio web.<\/p>\n\n\n\n<p>Puede bloquear o eliminar las cookies en este sitio web modificando la configuraci\u00f3n de su navegador. Para m\u00e1s detalles sobre la configuraci\u00f3n de las cookies, consulte el men\u00fa \u201cAyuda\u201d de su navegador.<\/p>\n\n\n\n<p>Para m\u00e1s informaci\u00f3n sobre las cookies y su uso, le sugerimos consultar el siguiente enlace:<br><a rel=\"noreferrer noopener\" href=\"https:\/\/www.allaboutcookies.org\/\" target=\"_blank\">All About Cookies<\/a><\/p>","protected":false},"excerpt":{"rendered":"<p>O que \u00e9 um cookie?Um cookie \u00e9 um ficheiro de texto que um website armazena no seu computador, telefone ou qualquer outro dispositivo com acesso \u00e0 internet, contendo informa\u00e7\u00e3o sobre a sua navega\u00e7\u00e3o neste website. Os cookies s\u00e3o utilizados para facilitar a navega\u00e7\u00e3o e torn\u00e1-la mais simples, e n\u00e3o danificam o seu computador. Que tipo [&hellip;]<\/p>\n","protected":false},"author":1,"featured_media":0,"parent":0,"menu_order":0,"comment_status":"closed","ping_status":"closed","template":"","meta":{"inline_featured_image":false,"footnotes":""},"class_list":["post-4290","page","type-page","status-publish","hentry"],"yoast_head":"<!-- This site is optimized with the Yoast SEO plugin v27.1.1 - https:\/\/yoast.com\/product\/yoast-seo-wordpress\/ -->\n<title>Pol\u00edtica de Cookies - Ornaqua - Reprodu\u00e7\u00e3o, Importa\u00e7\u00e3o e Comercio de Peixes Ornamentais<\/title>\n<meta name=\"robots\" content=\"index, follow, max-snippet:-1, max-image-preview:large, max-video-preview:-1\" \/>\n<link rel=\"canonical\" href=\"https:\/\/ornaqua.pt\/es\/politica-de-cookies\/\" \/>\n<meta property=\"og:locale\" content=\"es_ES\" \/>\n<meta property=\"og:type\" content=\"article\" \/>\n<meta property=\"og:title\" content=\"Pol\u00edtica de Cookies - Ornaqua - Reprodu\u00e7\u00e3o, Importa\u00e7\u00e3o e Comercio de Peixes Ornamentais\" \/>\n<meta property=\"og:description\" content=\"O que \u00e9 um cookie?Um cookie \u00e9 um ficheiro de texto que um website armazena no seu computador, telefone ou qualquer outro dispositivo com acesso \u00e0 internet, contendo informa\u00e7\u00e3o sobre a sua navega\u00e7\u00e3o neste website. Os cookies s\u00e3o utilizados para facilitar a navega\u00e7\u00e3o e torn\u00e1-la mais simples, e n\u00e3o danificam o seu computador. Que tipo [&hellip;]\" \/>\n<meta property=\"og:url\" content=\"https:\/\/ornaqua.pt\/es\/politica-de-cookies\/\" \/>\n<meta property=\"og:site_name\" content=\"Ornaqua - Reprodu\u00e7\u00e3o, Importa\u00e7\u00e3o e Comercio de Peixes Ornamentais\" \/>\n<meta property=\"article:publisher\" content=\"https:\/\/www.facebook.com\/ORNAQUA\" \/>\n<meta property=\"article:modified_time\" content=\"2023-03-20T19:57:28+00:00\" \/>\n<meta name=\"twitter:card\" content=\"summary_large_image\" \/>\n<meta name=\"twitter:label1\" content=\"Tiempo de lectura\" \/>\n\t<meta name=\"twitter:data1\" content=\"3 minutos\" \/>\n<script type=\"application\/ld+json\" class=\"yoast-schema-graph\">{\"@context\":\"https:\/\/schema.org\",\"@graph\":[{\"@type\":\"WebPage\",\"@id\":\"https:\/\/ornaqua.pt\/politica-de-cookies\/\",\"url\":\"https:\/\/ornaqua.pt\/politica-de-cookies\/\",\"name\":\"Pol\u00edtica de Cookies - Ornaqua - Reprodu\u00e7\u00e3o, Importa\u00e7\u00e3o e Comercio de Peixes Ornamentais\",\"isPartOf\":{\"@id\":\"https:\/\/ornaqua.pt\/#website\"},\"datePublished\":\"2023-03-20T19:57:26+00:00\",\"dateModified\":\"2023-03-20T19:57:28+00:00\",\"breadcrumb\":{\"@id\":\"https:\/\/ornaqua.pt\/politica-de-cookies\/#breadcrumb\"},\"inLanguage\":\"es\",\"potentialAction\":[{\"@type\":\"ReadAction\",\"target\":[\"https:\/\/ornaqua.pt\/politica-de-cookies\/\"]}]},{\"@type\":\"BreadcrumbList\",\"@id\":\"https:\/\/ornaqua.pt\/politica-de-cookies\/#breadcrumb\",\"itemListElement\":[{\"@type\":\"ListItem\",\"position\":1,\"name\":\"In\u00edcio\",\"item\":\"https:\/\/ornaqua.pt\/\"},{\"@type\":\"ListItem\",\"position\":2,\"name\":\"Pol\u00edtica de Cookies\"}]},{\"@type\":\"WebSite\",\"@id\":\"https:\/\/ornaqua.pt\/#website\",\"url\":\"https:\/\/ornaqua.pt\/\",\"name\":\"Ornaqua - Loja Online\",\"description\":\"Reprodu\u00e7\u00e3o, Importa\u00e7\u00e3o e Comercio de Peixes Ornamentais\",\"publisher\":{\"@id\":\"https:\/\/ornaqua.pt\/#organization\"},\"potentialAction\":[{\"@type\":\"SearchAction\",\"target\":{\"@type\":\"EntryPoint\",\"urlTemplate\":\"https:\/\/ornaqua.pt\/?s={search_term_string}\"},\"query-input\":{\"@type\":\"PropertyValueSpecification\",\"valueRequired\":true,\"valueName\":\"search_term_string\"}}],\"inLanguage\":\"es\"},{\"@type\":\"Organization\",\"@id\":\"https:\/\/ornaqua.pt\/#organization\",\"name\":\"Ornaqua - Reprodu\u00e7\u00e3o, Importa\u00e7\u00e3o e Comercio de Peixes Ornamentais\",\"url\":\"https:\/\/ornaqua.pt\/\",\"logo\":{\"@type\":\"ImageObject\",\"inLanguage\":\"es\",\"@id\":\"https:\/\/ornaqua.pt\/#\/schema\/logo\/image\/\",\"url\":\"https:\/\/ornaqua.pt\/wp-content\/uploads\/2023\/10\/logo_ornaqua_200.png\",\"contentUrl\":\"https:\/\/ornaqua.pt\/wp-content\/uploads\/2023\/10\/logo_ornaqua_200.png\",\"width\":200,\"height\":97,\"caption\":\"Ornaqua - Reprodu\u00e7\u00e3o, Importa\u00e7\u00e3o e Comercio de Peixes Ornamentais\"},\"image\":{\"@id\":\"https:\/\/ornaqua.pt\/#\/schema\/logo\/image\/\"},\"sameAs\":[\"https:\/\/www.facebook.com\/ORNAQUA\",\"https:\/\/www.instagram.com\/ornaqua\/\"]}]}<\/script>\n<!-- \/ Yoast SEO plugin. -->","yoast_head_json":{"title":"Pol\u00edtica de Cookies - Ornaqua - Reprodu\u00e7\u00e3o, Importa\u00e7\u00e3o e Comercio de Peixes Ornamentais","robots":{"index":"index","follow":"follow","max-snippet":"max-snippet:-1","max-image-preview":"max-image-preview:large","max-video-preview":"max-video-preview:-1"},"canonical":"https:\/\/ornaqua.pt\/es\/politica-de-cookies\/","og_locale":"es_ES","og_type":"article","og_title":"Pol\u00edtica de Cookies - Ornaqua - Reprodu\u00e7\u00e3o, Importa\u00e7\u00e3o e Comercio de Peixes Ornamentais","og_description":"O que \u00e9 um cookie?Um cookie \u00e9 um ficheiro de texto que um website armazena no seu computador, telefone ou qualquer outro dispositivo com acesso \u00e0 internet, contendo informa\u00e7\u00e3o sobre a sua navega\u00e7\u00e3o neste website. Os cookies s\u00e3o utilizados para facilitar a navega\u00e7\u00e3o e torn\u00e1-la mais simples, e n\u00e3o danificam o seu computador. Que tipo [&hellip;]","og_url":"https:\/\/ornaqua.pt\/es\/politica-de-cookies\/","og_site_name":"Ornaqua - Reprodu\u00e7\u00e3o, Importa\u00e7\u00e3o e Comercio de Peixes Ornamentais","article_publisher":"https:\/\/www.facebook.com\/ORNAQUA","article_modified_time":"2023-03-20T19:57:28+00:00","twitter_card":"summary_large_image","twitter_misc":{"Tiempo de lectura":"3 minutos"},"schema":{"@context":"https:\/\/schema.org","@graph":[{"@type":"WebPage","@id":"https:\/\/ornaqua.pt\/politica-de-cookies\/","url":"https:\/\/ornaqua.pt\/politica-de-cookies\/","name":"Pol\u00edtica de Cookies - Ornaqua - Reprodu\u00e7\u00e3o, Importa\u00e7\u00e3o e Comercio de Peixes Ornamentais","isPartOf":{"@id":"https:\/\/ornaqua.pt\/#website"},"datePublished":"2023-03-20T19:57:26+00:00","dateModified":"2023-03-20T19:57:28+00:00","breadcrumb":{"@id":"https:\/\/ornaqua.pt\/politica-de-cookies\/#breadcrumb"},"inLanguage":"es","potentialAction":[{"@type":"ReadAction","target":["https:\/\/ornaqua.pt\/politica-de-cookies\/"]}]},{"@type":"BreadcrumbList","@id":"https:\/\/ornaqua.pt\/politica-de-cookies\/#breadcrumb","itemListElement":[{"@type":"ListItem","position":1,"name":"In\u00edcio","item":"https:\/\/ornaqua.pt\/"},{"@type":"ListItem","position":2,"name":"Pol\u00edtica de Cookies"}]},{"@type":"WebSite","@id":"https:\/\/ornaqua.pt\/#website","url":"https:\/\/ornaqua.pt\/","name":"Ornaqua - Loja Online","description":"Reprodu\u00e7\u00e3o, Importa\u00e7\u00e3o e Comercio de Peixes Ornamentais","publisher":{"@id":"https:\/\/ornaqua.pt\/#organization"},"potentialAction":[{"@type":"SearchAction","target":{"@type":"EntryPoint","urlTemplate":"https:\/\/ornaqua.pt\/?s={search_term_string}"},"query-input":{"@type":"PropertyValueSpecification","valueRequired":true,"valueName":"search_term_string"}}],"inLanguage":"es"},{"@type":"Organization","@id":"https:\/\/ornaqua.pt\/#organization","name":"Ornaqua - Reprodu\u00e7\u00e3o, Importa\u00e7\u00e3o e Comercio de Peixes Ornamentais","url":"https:\/\/ornaqua.pt\/","logo":{"@type":"ImageObject","inLanguage":"es","@id":"https:\/\/ornaqua.pt\/#\/schema\/logo\/image\/","url":"https:\/\/ornaqua.pt\/wp-content\/uploads\/2023\/10\/logo_ornaqua_200.png","contentUrl":"https:\/\/ornaqua.pt\/wp-content\/uploads\/2023\/10\/logo_ornaqua_200.png","width":200,"height":97,"caption":"Ornaqua - Reprodu\u00e7\u00e3o, Importa\u00e7\u00e3o e Comercio de Peixes Ornamentais"},"image":{"@id":"https:\/\/ornaqua.pt\/#\/schema\/logo\/image\/"},"sameAs":["https:\/\/www.facebook.com\/ORNAQUA","https:\/\/www.instagram.com\/ornaqua\/"]}]}},"_links":{"self":[{"href":"https:\/\/ornaqua.pt\/es\/wp-json\/wp\/v2\/pages\/4290","targetHints":{"allow":["GET"]}}],"collection":[{"href":"https:\/\/ornaqua.pt\/es\/wp-json\/wp\/v2\/pages"}],"about":[{"href":"https:\/\/ornaqua.pt\/es\/wp-json\/wp\/v2\/types\/page"}],"author":[{"embeddable":true,"href":"https:\/\/ornaqua.pt\/es\/wp-json\/wp\/v2\/users\/1"}],"replies":[{"embeddable":true,"href":"https:\/\/ornaqua.pt\/es\/wp-json\/wp\/v2\/comments?post=4290"}],"version-history":[{"count":1,"href":"https:\/\/ornaqua.pt\/es\/wp-json\/wp\/v2\/pages\/4290\/revisions"}],"predecessor-version":[{"id":4291,"href":"https:\/\/ornaqua.pt\/es\/wp-json\/wp\/v2\/pages\/4290\/revisions\/4291"}],"wp:attachment":[{"href":"https:\/\/ornaqua.pt\/es\/wp-json\/wp\/v2\/media?parent=4290"}],"curies":[{"name":"wp","href":"https:\/\/api.w.org\/{rel}","templated":true}]}}