{"id":3,"date":"2023-03-11T20:43:53","date_gmt":"2023-03-11T20:43:53","guid":{"rendered":"http:\/\/ornaqua.pt\/?page_id=3"},"modified":"2024-11-20T20:05:18","modified_gmt":"2024-11-20T20:05:18","slug":"politica-privacidade","status":"publish","type":"page","link":"https:\/\/ornaqua.pt\/es\/politica-privacidade\/","title":{"rendered":"Pol\u00edtica de privacidade"},"content":{"rendered":"<p>Este documento se refiere a la protecci\u00f3n de las personas f\u00edsicas con respecto al procesamiento de datos personales y la libre circulaci\u00f3n de dichos datos y est\u00e1 completamente regulado por la ley portuguesa.<\/p>\n\n\n\n<p>A Ornaqua \u2013 Comercio de Peces Ornamentales \u2013 Unipessoal, Lda. asume un compromiso permanente de proteger la privacidad de los datos personales proporcionados por sus usuarios en el \u00e1mbito de los servicios que presta.<\/p>\n\n\n\n<p>Este documento visa, assim, prestar aos utilizadores a informa\u00e7\u00e3o necess\u00e1ria relativamente \u00e0 pol\u00edtica de privacidade da Ornaqua &#8211; Com\u00e9rcio de Peixes Ornamentais &#8211; Unipessoal, Lda., de modo a que estes possam dar o seu consentimento expresso, livre e informado ao processamento dos seus dados pessoais realizados pela Ornaqua &#8211; Com\u00e9rcio de Peixes Ornamentais &#8211; Unipessoal, Lda..<\/p>\n\n\n\n<p>Por favor lea cuidadosamente este documento. El acceso a este sitio web y el suministro de sus datos personales implica el conocimiento y la aceptaci\u00f3n expresa y previa de las condiciones aqu\u00ed contenidas.<\/p>\n\n\n\n<p>Al poner a disposici\u00f3n sus datos personales en el sitio web, est\u00e1 autorizando su recopilaci\u00f3n y tratamiento de acuerdo con las reglas aqu\u00ed definidas.<\/p>\n\n\n\n<ol class=\"wp-block-list\">\n<li><strong>Definici\u00f3n de datos personales<\/strong><br>Los \"datos personales\" son informaci\u00f3n sobre una persona que se pone a nuestra disposici\u00f3n cuando esa persona visita nuestro sitio web. Entre otros, esto incluye nombre, apellido, direcci\u00f3n de correo electr\u00f3nico o n\u00famero de tel\u00e9fono.<\/li>\n\n\n\n<li><strong>Confidencialidad<\/strong><br>Nuestra pol\u00edtica es que la informaci\u00f3n personal, como su nombre, direcci\u00f3n, n\u00fameros de tel\u00e9fono o direcciones de correo electr\u00f3nico, sea privada y confidencial. La informaci\u00f3n personal que nos proporciona se mantiene segura. Esta informaci\u00f3n solo se utilizar\u00e1 para el prop\u00f3sito para el que la solicit\u00f3, como responder a sus preguntas.<br><\/li>\n<\/ol>\n\n\n\n<p>A Ornaqua \u2013 Comercio de Peces Ornamentales \u2013 Unipessoal, Lda. asume un compromiso permanente de proteger la privacidad de los datos personales proporcionados por sus usuarios en el \u00e1mbito de los servicios que presta.<\/p>\n\n\n\n<ol start=\"3\" class=\"wp-block-list\">\n<li><strong>Recogida de datos personales del usuario<\/strong><br>Cualquier dato personal que nos facilite al visitar nuestro Sitio Web ser\u00e1 tratado de acuerdo con la normativa general de protecci\u00f3n de datos y \u00fanicamente ser\u00e1 recogido, tratado y utilizado para fines l\u00edcitos y leg\u00edtimos.<br><\/li>\n<\/ol>\n\n\n\n<p>Los datos recogidos en los formularios de nuestra web est\u00e1n destinados exclusivamente a la tramitaci\u00f3n de las solicitudes de los usuarios, no quedar\u00e1n registrados en la base de datos de nuestra web y no ser\u00e1n utilizados para ning\u00fan otro tipo de tratamiento.<br>En la existencia de un formulario de bolet\u00edn, los datos recopilados en su suscripci\u00f3n est\u00e1n destinados exclusivamente a la comunicaci\u00f3n y difusi\u00f3n por parte de Ornaqua \u2013 Com\u00e9rcio de Peixes Ornamentais \u2013 Unipessoal, Lda. a ellos, de los servicios que presta.<\/p>\n\n\n\n<p>Por razones t\u00e9cnicas, cuando visita nuestro sitio web, cierta informaci\u00f3n se almacena autom\u00e1ticamente. (Por ejemplo: la direcci\u00f3n IP de su conexi\u00f3n a Internet asignada por su ISP, el sitio web desde el que accedi\u00f3 a nuestro sitio web, el tipo de dispositivo y el navegador que utiliza). Esta informaci\u00f3n es recopilada y almacenada por Google Analytics para el an\u00e1lisis de comportamiento y as\u00ed implementar mejoras en nuestro sitio web.<\/p>\n\n\n\n<p>A Ornaqua \u2013 Comercio de Peces Ornamentales \u2013 Unipessoal, Lda. declara que no utilizar\u00e1 los datos personales de los usuarios para remitir contenidos no solicitados o cuyo contenido no haya obtenido su consentimiento expl\u00edcito.<\/p>\n\n\n\n<p><strong>3.1. Cookies<\/strong><br>Nuestro sitio web utiliza cookies\".<br>Las cookies son peque\u00f1os archivos de texto guardados por nuestro sitio web en la computadora de los usuarios. Nuestro sitio web utiliza cookies para reconocer a los usuarios cuando lo visitan. Este uso nos permite mejorar la facilidad de uso de nuestro sitio web y adaptarlo a las necesidades de sus usuarios. Las cookies almacenadas en los ordenadores de los usuarios siguen siendo v\u00e1lidas durante un per\u00edodo de tiempo ilimitado despu\u00e9s de la primera visita del usuario al sitio web.<\/p>\n\n\n\n<p>Puede configurar su navegador (navegador) para no aceptar cookies de este sitio web. No obstante, la no aceptaci\u00f3n de cookies limita el acceso y uso de determinadas funcionalidades de las mismas.<\/p>\n\n\n\n<p>Puede obtener m\u00e1s informaci\u00f3n en nuestra Pol\u00edtica de Cookies.<\/p>\n\n\n\n<ol start=\"4\" class=\"wp-block-list\">\n<li><strong>Conservaci\u00f3n de datos personales<\/strong><br>Tras la recogida de los datos personales individualizados transmitidos voluntariamente por el usuario, Ornaqua \u2013 Com\u00e9rcio de Peixes Ornamentais \u2013 Unipessoal, Lda. proceder\u00e1 a su conservaci\u00f3n y mantenimiento durante el tiempo necesario para la finalidad de su tratamiento, hasta que se indique lo contrario, o hasta que la ley exija su eliminaci\u00f3n.<\/li>\n<\/ol>\n\n\n\n<p>Los datos tratados por Google Analytics se conservar\u00e1n durante 14 meses, que se eliminar\u00e1n autom\u00e1ticamente transcurrido este plazo.<\/p>\n\n\n\n<ol start=\"5\" class=\"wp-block-list\">\n<li><strong>Seguridad de datos personales<\/strong><br>A Ornaqua \u2013 Comercio de Peces Ornamentales \u2013 Unipessoal, Lda. se compromete a no vender, alquilar ni transmitir, ni bajo ning\u00fan otro t\u00edtulo, los datos personales enviados por los usuarios de nuestro sitio web a terceros, sin perjuicio de hacerlo con la autorizaci\u00f3n del usuario o cuando sea legalmente requerido. O Ornaqua \u2013 Comercio de Peces Ornamentales \u2013 Unipessoal, Lda. garantiza que, en la medida necesaria y razonable, se han adoptado y organizado las medidas adecuadas para proteger los datos personales frente a la destrucci\u00f3n, alteraci\u00f3n y\/o difusi\u00f3n accidental o il\u00edcita y no autorizada de datos personales.<br><\/li>\n<\/ol>\n\n\n\n<p>Cualquier intento de violar la base de datos de este sitio web ser\u00e1 objeto de acci\u00f3n penal y denuncia penal, seg\u00fan lo previsto en la legislaci\u00f3n portuguesa sobre bases de datos y puede implicar responsabilidad civil y penal.<\/p>\n\n\n\n<ol start=\"6\" class=\"wp-block-list\">\n<li><strong>Ced\u00eancia de informa\u00e7\u00f5es de dados pessoais a terceiros<\/strong><br>Los datos personales comunes pueden ser comunicados por Ornaqua \u2013 Com\u00e9rcio de Peixes Ornamentais \u2013 Unipessoal, Lda.:<\/li>\n<\/ol>\n\n\n\n<p>A las personas y empresas que presten servicios de consultor\u00eda jur\u00eddica, fiscal, financiera y contable a Ornaqua \u2013 Com\u00e9rcio de Peixes Ornamentais \u2013 Unipessoal, Lda.;<br>Instituciones, entidades y\/o autoridades a quienes deban ser transmitidos los datos en los t\u00e9rminos estatutarios y\/o legalmente previstos;<br>Entidades vinculadas a la actividad comercial de Ornaqua \u2013 Com\u00e9rcio de Peixes Ornamentais \u2013 Unipessoal, Lda. y estrictamente relacionado con la prestaci\u00f3n de servicios por parte de estos \u00faltimos y de las entidades a las que Ornaqua \u2013 Com\u00e9rcio de Peixes Ornamentais \u2013 Unipessoal, Lda. delega el mantenimiento t\u00e9cnico de los servicios que presta, incluido el mantenimiento de la p\u00e1gina web y las comunicaciones electr\u00f3nicas.<\/p>\n\n\n\n<ol start=\"7\" class=\"wp-block-list\">\n<li><strong>Controlador y Procesador de Datos<\/strong><br>El responsable del tratamiento y tratamiento de los datos es:<\/li>\n<\/ol>\n\n\n\n<p>Ornaqua &#8211; Com\u00e9rcio de Peixes Ornamentais &#8211; Unipessoal, Lda.<br>Avenida das Escolas n\u00ba 3 &#8211; R\/C<br>4540-103 Arouca<br>Aveiro \u2013 Portugal<\/p>\n\n\n\n<ol start=\"8\" class=\"wp-block-list\">\n<li><strong>Acceso, Rectificaci\u00f3n o Supresi\u00f3n de los Datos Proporcionados<\/strong><br>En los t\u00e9rminos de la legislaci\u00f3n aplicable, el usuario tiene derecho a acceder, rectificar o suprimir sus datos.<br>Puede ejercer este derecho poni\u00e9ndose en contacto con nosotros.<\/li>\n<\/ol>\n\n\n\n<p>Ornaqua &#8211; Com\u00e9rcio de Peixes Ornamentais &#8211; Unipessoal, Lda.<br>Avenida das Escolas n\u00ba 3 &#8211; R\/C<br>4540-103 Arouca<br>Aveiro \u2013 Portugal<br>Telefone: +351 914 465 328 (Chamada para rede m\u00f3vel nacional)<\/p>\n\n\n\n<p>Poder\u00e1 tamb\u00e9m solicitar informa\u00e7\u00f5es via e-mail para o endere\u00e7o geral@ornaqua.pt<\/p>","protected":false},"excerpt":{"rendered":"<p>Este documento refere-se \u00e0 protec\u00e7\u00e3o de pessoas singulares no que respeita ao tratamento de dados pessoais e \u00e0 livre circula\u00e7\u00e3o desses dados e \u00e9 integralmente regulado pela lei portuguesa. A Ornaqua &#8211; Com\u00e9rcio de Peixes Ornamentais &#8211; Unipessoal, Lda. assume o compromisso permanente de proteger a privacidade dos dados pessoais fornecidos pelos seus utilizadores no [&hellip;]<\/p>\n","protected":false},"author":1,"featured_media":0,"parent":0,"menu_order":0,"comment_status":"closed","ping_status":"open","template":"","meta":{"inline_featured_image":false,"footnotes":""},"class_list":["post-3","page","type-page","status-publish","hentry"],"yoast_head":"<!-- This site is optimized with the Yoast SEO plugin v27.1.1 - https:\/\/yoast.com\/product\/yoast-seo-wordpress\/ -->\n<title>Pol\u00edtica de privacidade - Ornaqua - Reprodu\u00e7\u00e3o, Importa\u00e7\u00e3o e Comercio de Peixes Ornamentais<\/title>\n<meta name=\"robots\" content=\"index, follow, max-snippet:-1, max-image-preview:large, max-video-preview:-1\" \/>\n<link rel=\"canonical\" href=\"https:\/\/ornaqua.pt\/es\/politica-privacidade\/\" \/>\n<meta property=\"og:locale\" content=\"es_ES\" \/>\n<meta property=\"og:type\" content=\"article\" \/>\n<meta property=\"og:title\" content=\"Pol\u00edtica de privacidade - Ornaqua - Reprodu\u00e7\u00e3o, Importa\u00e7\u00e3o e Comercio de Peixes Ornamentais\" \/>\n<meta property=\"og:description\" content=\"Este documento refere-se \u00e0 protec\u00e7\u00e3o de pessoas singulares no que respeita ao tratamento de dados pessoais e \u00e0 livre circula\u00e7\u00e3o desses dados e \u00e9 integralmente regulado pela lei portuguesa. A Ornaqua &#8211; Com\u00e9rcio de Peixes Ornamentais &#8211; Unipessoal, Lda. assume o compromisso permanente de proteger a privacidade dos dados pessoais fornecidos pelos seus utilizadores no [&hellip;]\" \/>\n<meta property=\"og:url\" content=\"https:\/\/ornaqua.pt\/es\/politica-privacidade\/\" \/>\n<meta property=\"og:site_name\" content=\"Ornaqua - Reprodu\u00e7\u00e3o, Importa\u00e7\u00e3o e Comercio de Peixes Ornamentais\" \/>\n<meta property=\"article:publisher\" content=\"https:\/\/www.facebook.com\/ORNAQUA\" \/>\n<meta property=\"article:modified_time\" content=\"2024-11-20T20:05:18+00:00\" \/>\n<meta name=\"twitter:card\" content=\"summary_large_image\" \/>\n<meta name=\"twitter:label1\" content=\"Tiempo de lectura\" \/>\n\t<meta name=\"twitter:data1\" content=\"6 minutos\" \/>\n<script type=\"application\/ld+json\" class=\"yoast-schema-graph\">{\"@context\":\"https:\/\/schema.org\",\"@graph\":[{\"@type\":\"WebPage\",\"@id\":\"https:\/\/ornaqua.pt\/politica-privacidade\/\",\"url\":\"https:\/\/ornaqua.pt\/politica-privacidade\/\",\"name\":\"Pol\u00edtica de privacidade - Ornaqua - Reprodu\u00e7\u00e3o, Importa\u00e7\u00e3o e Comercio de Peixes Ornamentais\",\"isPartOf\":{\"@id\":\"https:\/\/ornaqua.pt\/#website\"},\"datePublished\":\"2023-03-11T20:43:53+00:00\",\"dateModified\":\"2024-11-20T20:05:18+00:00\",\"breadcrumb\":{\"@id\":\"https:\/\/ornaqua.pt\/politica-privacidade\/#breadcrumb\"},\"inLanguage\":\"es\",\"potentialAction\":[{\"@type\":\"ReadAction\",\"target\":[\"https:\/\/ornaqua.pt\/politica-privacidade\/\"]}]},{\"@type\":\"BreadcrumbList\",\"@id\":\"https:\/\/ornaqua.pt\/politica-privacidade\/#breadcrumb\",\"itemListElement\":[{\"@type\":\"ListItem\",\"position\":1,\"name\":\"In\u00edcio\",\"item\":\"https:\/\/ornaqua.pt\/\"},{\"@type\":\"ListItem\",\"position\":2,\"name\":\"Pol\u00edtica de privacidade\"}]},{\"@type\":\"WebSite\",\"@id\":\"https:\/\/ornaqua.pt\/#website\",\"url\":\"https:\/\/ornaqua.pt\/\",\"name\":\"Ornaqua - Loja Online\",\"description\":\"Reprodu\u00e7\u00e3o, Importa\u00e7\u00e3o e Comercio de Peixes Ornamentais\",\"publisher\":{\"@id\":\"https:\/\/ornaqua.pt\/#organization\"},\"potentialAction\":[{\"@type\":\"SearchAction\",\"target\":{\"@type\":\"EntryPoint\",\"urlTemplate\":\"https:\/\/ornaqua.pt\/?s={search_term_string}\"},\"query-input\":{\"@type\":\"PropertyValueSpecification\",\"valueRequired\":true,\"valueName\":\"search_term_string\"}}],\"inLanguage\":\"es\"},{\"@type\":\"Organization\",\"@id\":\"https:\/\/ornaqua.pt\/#organization\",\"name\":\"Ornaqua - Reprodu\u00e7\u00e3o, Importa\u00e7\u00e3o e Comercio de Peixes Ornamentais\",\"url\":\"https:\/\/ornaqua.pt\/\",\"logo\":{\"@type\":\"ImageObject\",\"inLanguage\":\"es\",\"@id\":\"https:\/\/ornaqua.pt\/#\/schema\/logo\/image\/\",\"url\":\"https:\/\/ornaqua.pt\/wp-content\/uploads\/2023\/10\/logo_ornaqua_200.png\",\"contentUrl\":\"https:\/\/ornaqua.pt\/wp-content\/uploads\/2023\/10\/logo_ornaqua_200.png\",\"width\":200,\"height\":97,\"caption\":\"Ornaqua - Reprodu\u00e7\u00e3o, Importa\u00e7\u00e3o e Comercio de Peixes Ornamentais\"},\"image\":{\"@id\":\"https:\/\/ornaqua.pt\/#\/schema\/logo\/image\/\"},\"sameAs\":[\"https:\/\/www.facebook.com\/ORNAQUA\",\"https:\/\/www.instagram.com\/ornaqua\/\"]}]}<\/script>\n<!-- \/ Yoast SEO plugin. -->","yoast_head_json":{"title":"Pol\u00edtica de privacidade - Ornaqua - Reprodu\u00e7\u00e3o, Importa\u00e7\u00e3o e Comercio de Peixes Ornamentais","robots":{"index":"index","follow":"follow","max-snippet":"max-snippet:-1","max-image-preview":"max-image-preview:large","max-video-preview":"max-video-preview:-1"},"canonical":"https:\/\/ornaqua.pt\/es\/politica-privacidade\/","og_locale":"es_ES","og_type":"article","og_title":"Pol\u00edtica de privacidade - Ornaqua - Reprodu\u00e7\u00e3o, Importa\u00e7\u00e3o e Comercio de Peixes Ornamentais","og_description":"Este documento refere-se \u00e0 protec\u00e7\u00e3o de pessoas singulares no que respeita ao tratamento de dados pessoais e \u00e0 livre circula\u00e7\u00e3o desses dados e \u00e9 integralmente regulado pela lei portuguesa. A Ornaqua &#8211; Com\u00e9rcio de Peixes Ornamentais &#8211; Unipessoal, Lda. assume o compromisso permanente de proteger a privacidade dos dados pessoais fornecidos pelos seus utilizadores no [&hellip;]","og_url":"https:\/\/ornaqua.pt\/es\/politica-privacidade\/","og_site_name":"Ornaqua - Reprodu\u00e7\u00e3o, Importa\u00e7\u00e3o e Comercio de Peixes Ornamentais","article_publisher":"https:\/\/www.facebook.com\/ORNAQUA","article_modified_time":"2024-11-20T20:05:18+00:00","twitter_card":"summary_large_image","twitter_misc":{"Tiempo de lectura":"6 minutos"},"schema":{"@context":"https:\/\/schema.org","@graph":[{"@type":"WebPage","@id":"https:\/\/ornaqua.pt\/politica-privacidade\/","url":"https:\/\/ornaqua.pt\/politica-privacidade\/","name":"Pol\u00edtica de privacidade - Ornaqua - Reprodu\u00e7\u00e3o, Importa\u00e7\u00e3o e Comercio de Peixes Ornamentais","isPartOf":{"@id":"https:\/\/ornaqua.pt\/#website"},"datePublished":"2023-03-11T20:43:53+00:00","dateModified":"2024-11-20T20:05:18+00:00","breadcrumb":{"@id":"https:\/\/ornaqua.pt\/politica-privacidade\/#breadcrumb"},"inLanguage":"es","potentialAction":[{"@type":"ReadAction","target":["https:\/\/ornaqua.pt\/politica-privacidade\/"]}]},{"@type":"BreadcrumbList","@id":"https:\/\/ornaqua.pt\/politica-privacidade\/#breadcrumb","itemListElement":[{"@type":"ListItem","position":1,"name":"In\u00edcio","item":"https:\/\/ornaqua.pt\/"},{"@type":"ListItem","position":2,"name":"Pol\u00edtica de privacidade"}]},{"@type":"WebSite","@id":"https:\/\/ornaqua.pt\/#website","url":"https:\/\/ornaqua.pt\/","name":"Ornaqua - Loja Online","description":"Reprodu\u00e7\u00e3o, Importa\u00e7\u00e3o e Comercio de Peixes Ornamentais","publisher":{"@id":"https:\/\/ornaqua.pt\/#organization"},"potentialAction":[{"@type":"SearchAction","target":{"@type":"EntryPoint","urlTemplate":"https:\/\/ornaqua.pt\/?s={search_term_string}"},"query-input":{"@type":"PropertyValueSpecification","valueRequired":true,"valueName":"search_term_string"}}],"inLanguage":"es"},{"@type":"Organization","@id":"https:\/\/ornaqua.pt\/#organization","name":"Ornaqua - Reprodu\u00e7\u00e3o, Importa\u00e7\u00e3o e Comercio de Peixes Ornamentais","url":"https:\/\/ornaqua.pt\/","logo":{"@type":"ImageObject","inLanguage":"es","@id":"https:\/\/ornaqua.pt\/#\/schema\/logo\/image\/","url":"https:\/\/ornaqua.pt\/wp-content\/uploads\/2023\/10\/logo_ornaqua_200.png","contentUrl":"https:\/\/ornaqua.pt\/wp-content\/uploads\/2023\/10\/logo_ornaqua_200.png","width":200,"height":97,"caption":"Ornaqua - Reprodu\u00e7\u00e3o, Importa\u00e7\u00e3o e Comercio de Peixes Ornamentais"},"image":{"@id":"https:\/\/ornaqua.pt\/#\/schema\/logo\/image\/"},"sameAs":["https:\/\/www.facebook.com\/ORNAQUA","https:\/\/www.instagram.com\/ornaqua\/"]}]}},"_links":{"self":[{"href":"https:\/\/ornaqua.pt\/es\/wp-json\/wp\/v2\/pages\/3","targetHints":{"allow":["GET"]}}],"collection":[{"href":"https:\/\/ornaqua.pt\/es\/wp-json\/wp\/v2\/pages"}],"about":[{"href":"https:\/\/ornaqua.pt\/es\/wp-json\/wp\/v2\/types\/page"}],"author":[{"embeddable":true,"href":"https:\/\/ornaqua.pt\/es\/wp-json\/wp\/v2\/users\/1"}],"replies":[{"embeddable":true,"href":"https:\/\/ornaqua.pt\/es\/wp-json\/wp\/v2\/comments?post=3"}],"version-history":[{"count":3,"href":"https:\/\/ornaqua.pt\/es\/wp-json\/wp\/v2\/pages\/3\/revisions"}],"predecessor-version":[{"id":6045,"href":"https:\/\/ornaqua.pt\/es\/wp-json\/wp\/v2\/pages\/3\/revisions\/6045"}],"wp:attachment":[{"href":"https:\/\/ornaqua.pt\/es\/wp-json\/wp\/v2\/media?parent=3"}],"curies":[{"name":"wp","href":"https:\/\/api.w.org\/{rel}","templated":true}]}}