{"id":7040,"date":"2026-04-27T11:10:15","date_gmt":"2026-04-27T10:10:15","guid":{"rendered":"https:\/\/ornaqua.pt\/?post_type=product&#038;p=7040"},"modified":"2026-04-27T11:10:16","modified_gmt":"2026-04-27T10:10:16","slug":"discus-x-wormer-x-20g-for-5000-liter","status":"publish","type":"product","link":"https:\/\/ornaqua.pt\/en\/product\/discus-x-wormer-x-20g-for-5000-liter\/","title":{"rendered":"Discus X- Wormer X- 20g- For 5000 liter"},"content":{"rendered":"<p>WORMER X\u2122 \u00e9 um tratamento para peixes ornamentais infetados com nem\u00e1todes parasitas (lombrigas). Pode ser utilizado num banho terap\u00eautico ou para preparar alimento medicado. Os vermes podem viver no sistema digestivo ou no tecido muscular do peixe. Na maioria dos casos, os vermes n\u00e3o ser\u00e3o vis\u00edveis e a infe\u00e7\u00e3o pode ser confirmada por exame microsc\u00f3pico das fezes do peixe. Noutros casos, vermes adultos ser\u00e3o vis\u00edveis a sair do \u00e2nus do peixe.<\/p>\n<p>Trata peixes infetados com nem\u00e1todes parasitas (lombrigas), tais como Capillaria, pentast\u00f3midos, Acanthocephalan, Camallanus, discus maggot, etc. Para tratar vermes achatados como trem\u00e1todes ou t\u00e9nias, deve utilizar FLUKE X\u2122.<\/p>","protected":false},"excerpt":{"rendered":"<p>WORMER X\u2122 \u00e9 um tratamento para peixes ornamentais infetados com nem\u00e1todes parasitas (lombrigas). Pode ser utilizado num banho terap\u00eautico ou para preparar alimento medicado. Os vermes podem viver no sistema digestivo ou no tecido muscular do peixe. Na maioria dos casos, os vermes n\u00e3o ser\u00e3o vis\u00edveis e a infe\u00e7\u00e3o pode ser confirmada por exame microsc\u00f3pico [&hellip;]<\/p>\n","protected":false},"featured_media":0,"template":"","meta":{"inline_featured_image":false},"product_brand":[],"product_cat":[43],"product_tag":[],"class_list":{"0":"post-7040","1":"product","2":"type-product","3":"status-publish","5":"product_cat-tratamentos","7":"first","8":"instock","9":"taxable","10":"shipping-taxable","11":"purchasable","12":"product-type-simple"},"yoast_head":"<!-- This site is optimized with the Yoast SEO plugin v27.1.1 - https:\/\/yoast.com\/product\/yoast-seo-wordpress\/ -->\n<title>Discus X- Wormer X- 20g- For 5000 liter - Ornaqua - Reprodu\u00e7\u00e3o, Importa\u00e7\u00e3o e Comercio de Peixes Ornamentais<\/title>\n<meta name=\"robots\" content=\"index, follow, max-snippet:-1, max-image-preview:large, max-video-preview:-1\" \/>\n<link rel=\"canonical\" href=\"https:\/\/ornaqua.pt\/en\/product\/discus-x-wormer-x-20g-for-5000-liter\/\" \/>\n<meta property=\"og:locale\" content=\"en_GB\" \/>\n<meta property=\"og:type\" content=\"article\" \/>\n<meta property=\"og:title\" content=\"Discus X- Wormer X- 20g- For 5000 liter - Ornaqua - Reprodu\u00e7\u00e3o, Importa\u00e7\u00e3o e Comercio de Peixes Ornamentais\" \/>\n<meta property=\"og:description\" content=\"WORMER X\u2122 \u00e9 um tratamento para peixes ornamentais infetados com nem\u00e1todes parasitas (lombrigas). Pode ser utilizado num banho terap\u00eautico ou para preparar alimento medicado. Os vermes podem viver no sistema digestivo ou no tecido muscular do peixe. Na maioria dos casos, os vermes n\u00e3o ser\u00e3o vis\u00edveis e a infe\u00e7\u00e3o pode ser confirmada por exame microsc\u00f3pico [&hellip;]\" \/>\n<meta property=\"og:url\" content=\"https:\/\/ornaqua.pt\/en\/product\/discus-x-wormer-x-20g-for-5000-liter\/\" \/>\n<meta property=\"og:site_name\" content=\"Ornaqua - Reprodu\u00e7\u00e3o, Importa\u00e7\u00e3o e Comercio de Peixes Ornamentais\" \/>\n<meta property=\"article:publisher\" content=\"https:\/\/www.facebook.com\/ORNAQUA\" \/>\n<meta property=\"article:modified_time\" content=\"2026-04-27T10:10:16+00:00\" \/>\n<meta name=\"twitter:card\" content=\"summary_large_image\" \/>\n<meta name=\"twitter:label1\" content=\"Estimated reading time\" \/>\n\t<meta name=\"twitter:data1\" content=\"1 minute\" \/>\n<script type=\"application\/ld+json\" class=\"yoast-schema-graph\">{\"@context\":\"https:\/\/schema.org\",\"@graph\":[{\"@type\":\"WebPage\",\"@id\":\"https:\/\/ornaqua.pt\/produto\/discus-x-wormer-x-20g-for-5000-liter\/\",\"url\":\"https:\/\/ornaqua.pt\/produto\/discus-x-wormer-x-20g-for-5000-liter\/\",\"name\":\"Discus X- Wormer X- 20g- For 5000 liter - Ornaqua - Reprodu\u00e7\u00e3o, Importa\u00e7\u00e3o e Comercio de Peixes Ornamentais\",\"isPartOf\":{\"@id\":\"https:\/\/ornaqua.pt\/#website\"},\"datePublished\":\"2026-04-27T10:10:15+00:00\",\"dateModified\":\"2026-04-27T10:10:16+00:00\",\"breadcrumb\":{\"@id\":\"https:\/\/ornaqua.pt\/produto\/discus-x-wormer-x-20g-for-5000-liter\/#breadcrumb\"},\"inLanguage\":\"en-GB\",\"potentialAction\":[{\"@type\":\"ReadAction\",\"target\":[\"https:\/\/ornaqua.pt\/produto\/discus-x-wormer-x-20g-for-5000-liter\/\"]}]},{\"@type\":\"BreadcrumbList\",\"@id\":\"https:\/\/ornaqua.pt\/produto\/discus-x-wormer-x-20g-for-5000-liter\/#breadcrumb\",\"itemListElement\":[{\"@type\":\"ListItem\",\"position\":1,\"name\":\"In\u00edcio\",\"item\":\"https:\/\/ornaqua.pt\/\"},{\"@type\":\"ListItem\",\"position\":2,\"name\":\"Produtos\",\"item\":\"https:\/\/ornaqua.pt\/produtos\/\"},{\"@type\":\"ListItem\",\"position\":3,\"name\":\"Discus X- Wormer X- 20g- For 5000 liter\"}]},{\"@type\":\"WebSite\",\"@id\":\"https:\/\/ornaqua.pt\/#website\",\"url\":\"https:\/\/ornaqua.pt\/\",\"name\":\"Ornaqua - Loja Online\",\"description\":\"Reprodu\u00e7\u00e3o, Importa\u00e7\u00e3o e Comercio de Peixes Ornamentais\",\"publisher\":{\"@id\":\"https:\/\/ornaqua.pt\/#organization\"},\"potentialAction\":[{\"@type\":\"SearchAction\",\"target\":{\"@type\":\"EntryPoint\",\"urlTemplate\":\"https:\/\/ornaqua.pt\/?s={search_term_string}\"},\"query-input\":{\"@type\":\"PropertyValueSpecification\",\"valueRequired\":true,\"valueName\":\"search_term_string\"}}],\"inLanguage\":\"en-GB\"},{\"@type\":\"Organization\",\"@id\":\"https:\/\/ornaqua.pt\/#organization\",\"name\":\"Ornaqua - Reprodu\u00e7\u00e3o, Importa\u00e7\u00e3o e Comercio de Peixes Ornamentais\",\"url\":\"https:\/\/ornaqua.pt\/\",\"logo\":{\"@type\":\"ImageObject\",\"inLanguage\":\"en-GB\",\"@id\":\"https:\/\/ornaqua.pt\/#\/schema\/logo\/image\/\",\"url\":\"https:\/\/ornaqua.pt\/wp-content\/uploads\/2023\/10\/logo_ornaqua_200.png\",\"contentUrl\":\"https:\/\/ornaqua.pt\/wp-content\/uploads\/2023\/10\/logo_ornaqua_200.png\",\"width\":200,\"height\":97,\"caption\":\"Ornaqua - Reprodu\u00e7\u00e3o, Importa\u00e7\u00e3o e Comercio de Peixes Ornamentais\"},\"image\":{\"@id\":\"https:\/\/ornaqua.pt\/#\/schema\/logo\/image\/\"},\"sameAs\":[\"https:\/\/www.facebook.com\/ORNAQUA\",\"https:\/\/www.instagram.com\/ornaqua\/\"]}]}<\/script>\n<!-- \/ Yoast SEO plugin. -->","yoast_head_json":{"title":"Discus X- Wormer X- 20g- For 5000 liter - Ornaqua - Reprodu\u00e7\u00e3o, Importa\u00e7\u00e3o e Comercio de Peixes Ornamentais","robots":{"index":"index","follow":"follow","max-snippet":"max-snippet:-1","max-image-preview":"max-image-preview:large","max-video-preview":"max-video-preview:-1"},"canonical":"https:\/\/ornaqua.pt\/en\/product\/discus-x-wormer-x-20g-for-5000-liter\/","og_locale":"en_GB","og_type":"article","og_title":"Discus X- Wormer X- 20g- For 5000 liter - Ornaqua - Reprodu\u00e7\u00e3o, Importa\u00e7\u00e3o e Comercio de Peixes Ornamentais","og_description":"WORMER X\u2122 \u00e9 um tratamento para peixes ornamentais infetados com nem\u00e1todes parasitas (lombrigas). Pode ser utilizado num banho terap\u00eautico ou para preparar alimento medicado. Os vermes podem viver no sistema digestivo ou no tecido muscular do peixe. Na maioria dos casos, os vermes n\u00e3o ser\u00e3o vis\u00edveis e a infe\u00e7\u00e3o pode ser confirmada por exame microsc\u00f3pico [&hellip;]","og_url":"https:\/\/ornaqua.pt\/en\/product\/discus-x-wormer-x-20g-for-5000-liter\/","og_site_name":"Ornaqua - Reprodu\u00e7\u00e3o, Importa\u00e7\u00e3o e Comercio de Peixes Ornamentais","article_publisher":"https:\/\/www.facebook.com\/ORNAQUA","article_modified_time":"2026-04-27T10:10:16+00:00","twitter_card":"summary_large_image","twitter_misc":{"Estimated reading time":"1 minute"},"schema":{"@context":"https:\/\/schema.org","@graph":[{"@type":"WebPage","@id":"https:\/\/ornaqua.pt\/produto\/discus-x-wormer-x-20g-for-5000-liter\/","url":"https:\/\/ornaqua.pt\/produto\/discus-x-wormer-x-20g-for-5000-liter\/","name":"Discus X- Wormer X- 20g- For 5000 liter - Ornaqua - Reprodu\u00e7\u00e3o, Importa\u00e7\u00e3o e Comercio de Peixes Ornamentais","isPartOf":{"@id":"https:\/\/ornaqua.pt\/#website"},"datePublished":"2026-04-27T10:10:15+00:00","dateModified":"2026-04-27T10:10:16+00:00","breadcrumb":{"@id":"https:\/\/ornaqua.pt\/produto\/discus-x-wormer-x-20g-for-5000-liter\/#breadcrumb"},"inLanguage":"en-GB","potentialAction":[{"@type":"ReadAction","target":["https:\/\/ornaqua.pt\/produto\/discus-x-wormer-x-20g-for-5000-liter\/"]}]},{"@type":"BreadcrumbList","@id":"https:\/\/ornaqua.pt\/produto\/discus-x-wormer-x-20g-for-5000-liter\/#breadcrumb","itemListElement":[{"@type":"ListItem","position":1,"name":"In\u00edcio","item":"https:\/\/ornaqua.pt\/"},{"@type":"ListItem","position":2,"name":"Produtos","item":"https:\/\/ornaqua.pt\/produtos\/"},{"@type":"ListItem","position":3,"name":"Discus X- Wormer X- 20g- For 5000 liter"}]},{"@type":"WebSite","@id":"https:\/\/ornaqua.pt\/#website","url":"https:\/\/ornaqua.pt\/","name":"Ornaqua - Loja Online","description":"Reprodu\u00e7\u00e3o, Importa\u00e7\u00e3o e Comercio de Peixes Ornamentais","publisher":{"@id":"https:\/\/ornaqua.pt\/#organization"},"potentialAction":[{"@type":"SearchAction","target":{"@type":"EntryPoint","urlTemplate":"https:\/\/ornaqua.pt\/?s={search_term_string}"},"query-input":{"@type":"PropertyValueSpecification","valueRequired":true,"valueName":"search_term_string"}}],"inLanguage":"en-GB"},{"@type":"Organization","@id":"https:\/\/ornaqua.pt\/#organization","name":"Ornaqua - Reprodu\u00e7\u00e3o, Importa\u00e7\u00e3o e Comercio de Peixes Ornamentais","url":"https:\/\/ornaqua.pt\/","logo":{"@type":"ImageObject","inLanguage":"en-GB","@id":"https:\/\/ornaqua.pt\/#\/schema\/logo\/image\/","url":"https:\/\/ornaqua.pt\/wp-content\/uploads\/2023\/10\/logo_ornaqua_200.png","contentUrl":"https:\/\/ornaqua.pt\/wp-content\/uploads\/2023\/10\/logo_ornaqua_200.png","width":200,"height":97,"caption":"Ornaqua - Reprodu\u00e7\u00e3o, Importa\u00e7\u00e3o e Comercio de Peixes Ornamentais"},"image":{"@id":"https:\/\/ornaqua.pt\/#\/schema\/logo\/image\/"},"sameAs":["https:\/\/www.facebook.com\/ORNAQUA","https:\/\/www.instagram.com\/ornaqua\/"]}]}},"_links":{"self":[{"href":"https:\/\/ornaqua.pt\/en\/wp-json\/wp\/v2\/product\/7040","targetHints":{"allow":["GET"]}}],"collection":[{"href":"https:\/\/ornaqua.pt\/en\/wp-json\/wp\/v2\/product"}],"about":[{"href":"https:\/\/ornaqua.pt\/en\/wp-json\/wp\/v2\/types\/product"}],"wp:attachment":[{"href":"https:\/\/ornaqua.pt\/en\/wp-json\/wp\/v2\/media?parent=7040"}],"wp:term":[{"taxonomy":"product_brand","embeddable":true,"href":"https:\/\/ornaqua.pt\/en\/wp-json\/wp\/v2\/product_brand?post=7040"},{"taxonomy":"product_cat","embeddable":true,"href":"https:\/\/ornaqua.pt\/en\/wp-json\/wp\/v2\/product_cat?post=7040"},{"taxonomy":"product_tag","embeddable":true,"href":"https:\/\/ornaqua.pt\/en\/wp-json\/wp\/v2\/product_tag?post=7040"}],"curies":[{"name":"wp","href":"https:\/\/api.w.org\/{rel}","templated":true}]}}