{"id":6784,"date":"2025-11-21T11:50:14","date_gmt":"2025-11-21T11:50:14","guid":{"rendered":"https:\/\/ornaqua.pt\/?post_type=product&#038;p=6784"},"modified":"2026-03-29T08:54:14","modified_gmt":"2026-03-29T07:54:14","slug":"discusfood-mineralsaloe-vera-150g","status":"publish","type":"product","link":"https:\/\/ornaqua.pt\/en\/product\/discusfood-mineralsaloe-vera-150g\/","title":{"rendered":"Discusfood- Minerals+Aloe Vera (150g)"},"content":{"rendered":"<p>Minerals+\u00e9 um suplemento especialmente desenvolvido para peixes ornamentais, que contribui de forma espec\u00edfica para a manuten\u00e7\u00e3o da sa\u00fade e vitalidade. A f\u00f3rmula n\u00e3o cont\u00e9m sal de cozinha (cloreto de s\u00f3dio), mas baseia-se numa combina\u00e7\u00e3o cuidadosa de aloe vera, h\u00famus e um complexo de vitamina B.<br \/>\nVantagens e ingredientes ativos:<br \/>\nAbastecimento de minerais-Um abastecimento equilibrado de minerais ajuda a prevenir os sintomas t\u00edpicos de car\u00eancia na aquariofilia. Previne eficazmente malforma\u00e7\u00f5es, como defeitos nas guelras ou deforma\u00e7\u00f5es da coluna vertebral, que podem ocorrer principalmente em esp\u00e9cies como guppies, tetras ou bettas;<br \/>\nAloe vera-Tem um efeito protetor nas membranas mucosas dos peixes e contribui para uma melhor resist\u00eancia a influ\u00eancias externas;<br \/>\nHumina- Um componente essencial das \u00e1guas naturais, que tem in\u00fameros efeitos positivos no organismo dos peixes. A humina promove o bem-estar, a vitalidade e um ambiente saud\u00e1vel no aqu\u00e1rio;<br \/>\nComplexo de vitamina B- Especialmente adaptado \u00e0s necessidades dos peixes ornamentais. As vitaminas B promovem o metabolismo, fortalecem o sistema imunit\u00e1rio, apoiam a forma\u00e7\u00e3o de neurotransmissores e, assim, aumentam a resist\u00eancia ao stress. Al\u00e9m disso, o complexo de vitamina B contribui para uma colora\u00e7\u00e3o natural mais intensa, um crescimento aumentado e uma sa\u00fade geral melhor dos animais.<\/p>","protected":false},"excerpt":{"rendered":"<p>Minerals+\u00e9 um suplemento especialmente desenvolvido para peixes ornamentais, que contribui de forma espec\u00edfica para a manuten\u00e7\u00e3o da sa\u00fade e vitalidade. A f\u00f3rmula n\u00e3o cont\u00e9m sal de cozinha (cloreto de s\u00f3dio), mas baseia-se numa combina\u00e7\u00e3o cuidadosa de aloe vera, h\u00famus e um complexo de vitamina B.<br \/>\nVantagens e ingredientes ativos:<br \/>\nAbastecimento de minerais-Um abastecimento equilibrado de minerais ajuda a prevenir os sintomas t\u00edpicos de car\u00eancia na aquariofilia. Previne eficazmente malforma\u00e7\u00f5es, como defeitos nas guelras ou deforma\u00e7\u00f5es da coluna vertebral, que podem ocorrer principalmente em esp\u00e9cies como guppies, tetras ou bettas;<br \/>\nAloe vera-Tem um efeito protetor nas membranas mucosas dos peixes e contribui para uma melhor resist\u00eancia a influ\u00eancias externas;<br \/>\nHumina- Um componente essencial das \u00e1guas naturais, que tem in\u00fameros efeitos positivos no organismo dos peixes. A humina promove o bem-estar, a vitalidade e um ambiente saud\u00e1vel no aqu\u00e1rio;<br \/>\nComplexo de vitamina B- Especialmente adaptado \u00e0s necessidades dos peixes ornamentais. As vitaminas B promovem o metabolismo, fortalecem o sistema imunit\u00e1rio, apoiam a forma\u00e7\u00e3o de neurotransmissores e, assim, aumentam a resist\u00eancia ao stress. Al\u00e9m disso, o complexo de vitamina B contribui para uma colora\u00e7\u00e3o natural mais intensa, um crescimento aumentado e uma sa\u00fade geral melhor dos animais.<\/p>","protected":false},"featured_media":6856,"template":"","meta":{"inline_featured_image":false},"product_brand":[],"product_cat":[40],"product_tag":[],"class_list":{"0":"post-6784","1":"product","2":"type-product","3":"status-publish","4":"has-post-thumbnail","6":"product_cat-alimentacao","8":"first","9":"instock","10":"taxable","11":"shipping-taxable","12":"purchasable","13":"product-type-simple"},"yoast_head":"<!-- This site is optimized with the Yoast SEO plugin v27.1.1 - https:\/\/yoast.com\/product\/yoast-seo-wordpress\/ -->\n<title>Discusfood- Minerals+Aloe Vera (150g) - Ornaqua - Reprodu\u00e7\u00e3o, Importa\u00e7\u00e3o e Comercio de Peixes Ornamentais<\/title>\n<meta name=\"robots\" content=\"index, follow, max-snippet:-1, max-image-preview:large, max-video-preview:-1\" \/>\n<link rel=\"canonical\" href=\"https:\/\/ornaqua.pt\/en\/product\/discusfood-mineralsaloe-vera-150g\/\" \/>\n<meta property=\"og:locale\" content=\"en_GB\" \/>\n<meta property=\"og:type\" content=\"article\" \/>\n<meta property=\"og:title\" content=\"Discusfood- Minerals+Aloe Vera (150g) - Ornaqua - Reprodu\u00e7\u00e3o, Importa\u00e7\u00e3o e Comercio de Peixes Ornamentais\" \/>\n<meta property=\"og:description\" content=\"Minerals+\u00e9 um suplemento especialmente desenvolvido para peixes ornamentais, que contribui de forma espec\u00edfica para a manuten\u00e7\u00e3o da sa\u00fade e vitalidade. A f\u00f3rmula n\u00e3o cont\u00e9m sal de cozinha (cloreto de s\u00f3dio), mas baseia-se numa combina\u00e7\u00e3o cuidadosa de aloe vera, h\u00famus e um complexo de vitamina B. Vantagens e ingredientes ativos: Abastecimento de minerais-Um abastecimento equilibrado de minerais ajuda a prevenir os sintomas t\u00edpicos de car\u00eancia na aquariofilia. Previne eficazmente malforma\u00e7\u00f5es, como defeitos nas guelras ou deforma\u00e7\u00f5es da coluna vertebral, que podem ocorrer principalmente em esp\u00e9cies como guppies, tetras ou bettas; Aloe vera-Tem um efeito protetor nas membranas mucosas dos peixes e contribui para uma melhor resist\u00eancia a influ\u00eancias externas; Humina- Um componente essencial das \u00e1guas naturais, que tem in\u00fameros efeitos positivos no organismo dos peixes. A humina promove o bem-estar, a vitalidade e um ambiente saud\u00e1vel no aqu\u00e1rio; Complexo de vitamina B- Especialmente adaptado \u00e0s necessidades dos peixes ornamentais. As vitaminas B promovem o metabolismo, fortalecem o sistema imunit\u00e1rio, apoiam a forma\u00e7\u00e3o de neurotransmissores e, assim, aumentam a resist\u00eancia ao stress. Al\u00e9m disso, o complexo de vitamina B contribui para uma colora\u00e7\u00e3o natural mais intensa, um crescimento aumentado e uma sa\u00fade geral melhor dos animais.\" \/>\n<meta property=\"og:url\" content=\"https:\/\/ornaqua.pt\/en\/product\/discusfood-mineralsaloe-vera-150g\/\" \/>\n<meta property=\"og:site_name\" content=\"Ornaqua - Reprodu\u00e7\u00e3o, Importa\u00e7\u00e3o e Comercio de Peixes Ornamentais\" \/>\n<meta property=\"article:publisher\" content=\"https:\/\/www.facebook.com\/ORNAQUA\" \/>\n<meta property=\"article:modified_time\" content=\"2026-03-29T07:54:14+00:00\" \/>\n<meta property=\"og:image\" content=\"https:\/\/ornaqua.pt\/wp-content\/uploads\/2025\/11\/600x600-16.jpg\" \/>\n\t<meta property=\"og:image:width\" content=\"600\" \/>\n\t<meta property=\"og:image:height\" content=\"600\" \/>\n\t<meta property=\"og:image:type\" content=\"image\/jpeg\" \/>\n<meta name=\"twitter:card\" content=\"summary_large_image\" \/>\n<meta name=\"twitter:label1\" content=\"Estimated reading time\" \/>\n\t<meta name=\"twitter:data1\" content=\"2 minutes\" \/>\n<script type=\"application\/ld+json\" class=\"yoast-schema-graph\">{\"@context\":\"https:\/\/schema.org\",\"@graph\":[{\"@type\":\"WebPage\",\"@id\":\"https:\/\/ornaqua.pt\/produto\/discusfood-mineralsaloe-vera-150g\/\",\"url\":\"https:\/\/ornaqua.pt\/produto\/discusfood-mineralsaloe-vera-150g\/\",\"name\":\"Discusfood- Minerals+Aloe Vera (150g) - Ornaqua - Reprodu\u00e7\u00e3o, Importa\u00e7\u00e3o e Comercio de Peixes Ornamentais\",\"isPartOf\":{\"@id\":\"https:\/\/ornaqua.pt\/#website\"},\"primaryImageOfPage\":{\"@id\":\"https:\/\/ornaqua.pt\/produto\/discusfood-mineralsaloe-vera-150g\/#primaryimage\"},\"image\":{\"@id\":\"https:\/\/ornaqua.pt\/produto\/discusfood-mineralsaloe-vera-150g\/#primaryimage\"},\"thumbnailUrl\":\"https:\/\/ornaqua.pt\/wp-content\/uploads\/2025\/11\/600x600-16.jpg\",\"datePublished\":\"2025-11-21T11:50:14+00:00\",\"dateModified\":\"2026-03-29T07:54:14+00:00\",\"breadcrumb\":{\"@id\":\"https:\/\/ornaqua.pt\/produto\/discusfood-mineralsaloe-vera-150g\/#breadcrumb\"},\"inLanguage\":\"en-GB\",\"potentialAction\":[{\"@type\":\"ReadAction\",\"target\":[\"https:\/\/ornaqua.pt\/produto\/discusfood-mineralsaloe-vera-150g\/\"]}]},{\"@type\":\"ImageObject\",\"inLanguage\":\"en-GB\",\"@id\":\"https:\/\/ornaqua.pt\/produto\/discusfood-mineralsaloe-vera-150g\/#primaryimage\",\"url\":\"https:\/\/ornaqua.pt\/wp-content\/uploads\/2025\/11\/600x600-16.jpg\",\"contentUrl\":\"https:\/\/ornaqua.pt\/wp-content\/uploads\/2025\/11\/600x600-16.jpg\",\"width\":600,\"height\":600},{\"@type\":\"BreadcrumbList\",\"@id\":\"https:\/\/ornaqua.pt\/produto\/discusfood-mineralsaloe-vera-150g\/#breadcrumb\",\"itemListElement\":[{\"@type\":\"ListItem\",\"position\":1,\"name\":\"In\u00edcio\",\"item\":\"https:\/\/ornaqua.pt\/\"},{\"@type\":\"ListItem\",\"position\":2,\"name\":\"Produtos\",\"item\":\"https:\/\/ornaqua.pt\/produtos\/\"},{\"@type\":\"ListItem\",\"position\":3,\"name\":\"Discusfood- Minerals+Aloe Vera (150g)\"}]},{\"@type\":\"WebSite\",\"@id\":\"https:\/\/ornaqua.pt\/#website\",\"url\":\"https:\/\/ornaqua.pt\/\",\"name\":\"Ornaqua - Loja Online\",\"description\":\"Reprodu\u00e7\u00e3o, Importa\u00e7\u00e3o e Comercio de Peixes Ornamentais\",\"publisher\":{\"@id\":\"https:\/\/ornaqua.pt\/#organization\"},\"potentialAction\":[{\"@type\":\"SearchAction\",\"target\":{\"@type\":\"EntryPoint\",\"urlTemplate\":\"https:\/\/ornaqua.pt\/?s={search_term_string}\"},\"query-input\":{\"@type\":\"PropertyValueSpecification\",\"valueRequired\":true,\"valueName\":\"search_term_string\"}}],\"inLanguage\":\"en-GB\"},{\"@type\":\"Organization\",\"@id\":\"https:\/\/ornaqua.pt\/#organization\",\"name\":\"Ornaqua - Reprodu\u00e7\u00e3o, Importa\u00e7\u00e3o e Comercio de Peixes Ornamentais\",\"url\":\"https:\/\/ornaqua.pt\/\",\"logo\":{\"@type\":\"ImageObject\",\"inLanguage\":\"en-GB\",\"@id\":\"https:\/\/ornaqua.pt\/#\/schema\/logo\/image\/\",\"url\":\"https:\/\/ornaqua.pt\/wp-content\/uploads\/2023\/10\/logo_ornaqua_200.png\",\"contentUrl\":\"https:\/\/ornaqua.pt\/wp-content\/uploads\/2023\/10\/logo_ornaqua_200.png\",\"width\":200,\"height\":97,\"caption\":\"Ornaqua - Reprodu\u00e7\u00e3o, Importa\u00e7\u00e3o e Comercio de Peixes Ornamentais\"},\"image\":{\"@id\":\"https:\/\/ornaqua.pt\/#\/schema\/logo\/image\/\"},\"sameAs\":[\"https:\/\/www.facebook.com\/ORNAQUA\",\"https:\/\/www.instagram.com\/ornaqua\/\"]}]}<\/script>\n<!-- \/ Yoast SEO plugin. -->","yoast_head_json":{"title":"Discusfood- Minerals+Aloe Vera (150g) - Ornaqua - Reprodu\u00e7\u00e3o, Importa\u00e7\u00e3o e Comercio de Peixes Ornamentais","robots":{"index":"index","follow":"follow","max-snippet":"max-snippet:-1","max-image-preview":"max-image-preview:large","max-video-preview":"max-video-preview:-1"},"canonical":"https:\/\/ornaqua.pt\/en\/product\/discusfood-mineralsaloe-vera-150g\/","og_locale":"en_GB","og_type":"article","og_title":"Discusfood- Minerals+Aloe Vera (150g) - Ornaqua - Reprodu\u00e7\u00e3o, Importa\u00e7\u00e3o e Comercio de Peixes Ornamentais","og_description":"Minerals+\u00e9 um suplemento especialmente desenvolvido para peixes ornamentais, que contribui de forma espec\u00edfica para a manuten\u00e7\u00e3o da sa\u00fade e vitalidade. A f\u00f3rmula n\u00e3o cont\u00e9m sal de cozinha (cloreto de s\u00f3dio), mas baseia-se numa combina\u00e7\u00e3o cuidadosa de aloe vera, h\u00famus e um complexo de vitamina B. Vantagens e ingredientes ativos: Abastecimento de minerais-Um abastecimento equilibrado de minerais ajuda a prevenir os sintomas t\u00edpicos de car\u00eancia na aquariofilia. Previne eficazmente malforma\u00e7\u00f5es, como defeitos nas guelras ou deforma\u00e7\u00f5es da coluna vertebral, que podem ocorrer principalmente em esp\u00e9cies como guppies, tetras ou bettas; Aloe vera-Tem um efeito protetor nas membranas mucosas dos peixes e contribui para uma melhor resist\u00eancia a influ\u00eancias externas; Humina- Um componente essencial das \u00e1guas naturais, que tem in\u00fameros efeitos positivos no organismo dos peixes. A humina promove o bem-estar, a vitalidade e um ambiente saud\u00e1vel no aqu\u00e1rio; Complexo de vitamina B- Especialmente adaptado \u00e0s necessidades dos peixes ornamentais. As vitaminas B promovem o metabolismo, fortalecem o sistema imunit\u00e1rio, apoiam a forma\u00e7\u00e3o de neurotransmissores e, assim, aumentam a resist\u00eancia ao stress. Al\u00e9m disso, o complexo de vitamina B contribui para uma colora\u00e7\u00e3o natural mais intensa, um crescimento aumentado e uma sa\u00fade geral melhor dos animais.","og_url":"https:\/\/ornaqua.pt\/en\/product\/discusfood-mineralsaloe-vera-150g\/","og_site_name":"Ornaqua - Reprodu\u00e7\u00e3o, Importa\u00e7\u00e3o e Comercio de Peixes Ornamentais","article_publisher":"https:\/\/www.facebook.com\/ORNAQUA","article_modified_time":"2026-03-29T07:54:14+00:00","og_image":[{"width":600,"height":600,"url":"https:\/\/ornaqua.pt\/wp-content\/uploads\/2025\/11\/600x600-16.jpg","type":"image\/jpeg"}],"twitter_card":"summary_large_image","twitter_misc":{"Estimated reading time":"2 minutes"},"schema":{"@context":"https:\/\/schema.org","@graph":[{"@type":"WebPage","@id":"https:\/\/ornaqua.pt\/produto\/discusfood-mineralsaloe-vera-150g\/","url":"https:\/\/ornaqua.pt\/produto\/discusfood-mineralsaloe-vera-150g\/","name":"Discusfood- Minerals+Aloe Vera (150g) - Ornaqua - Reprodu\u00e7\u00e3o, Importa\u00e7\u00e3o e Comercio de Peixes Ornamentais","isPartOf":{"@id":"https:\/\/ornaqua.pt\/#website"},"primaryImageOfPage":{"@id":"https:\/\/ornaqua.pt\/produto\/discusfood-mineralsaloe-vera-150g\/#primaryimage"},"image":{"@id":"https:\/\/ornaqua.pt\/produto\/discusfood-mineralsaloe-vera-150g\/#primaryimage"},"thumbnailUrl":"https:\/\/ornaqua.pt\/wp-content\/uploads\/2025\/11\/600x600-16.jpg","datePublished":"2025-11-21T11:50:14+00:00","dateModified":"2026-03-29T07:54:14+00:00","breadcrumb":{"@id":"https:\/\/ornaqua.pt\/produto\/discusfood-mineralsaloe-vera-150g\/#breadcrumb"},"inLanguage":"en-GB","potentialAction":[{"@type":"ReadAction","target":["https:\/\/ornaqua.pt\/produto\/discusfood-mineralsaloe-vera-150g\/"]}]},{"@type":"ImageObject","inLanguage":"en-GB","@id":"https:\/\/ornaqua.pt\/produto\/discusfood-mineralsaloe-vera-150g\/#primaryimage","url":"https:\/\/ornaqua.pt\/wp-content\/uploads\/2025\/11\/600x600-16.jpg","contentUrl":"https:\/\/ornaqua.pt\/wp-content\/uploads\/2025\/11\/600x600-16.jpg","width":600,"height":600},{"@type":"BreadcrumbList","@id":"https:\/\/ornaqua.pt\/produto\/discusfood-mineralsaloe-vera-150g\/#breadcrumb","itemListElement":[{"@type":"ListItem","position":1,"name":"In\u00edcio","item":"https:\/\/ornaqua.pt\/"},{"@type":"ListItem","position":2,"name":"Produtos","item":"https:\/\/ornaqua.pt\/produtos\/"},{"@type":"ListItem","position":3,"name":"Discusfood- Minerals+Aloe Vera (150g)"}]},{"@type":"WebSite","@id":"https:\/\/ornaqua.pt\/#website","url":"https:\/\/ornaqua.pt\/","name":"Ornaqua - Loja Online","description":"Reprodu\u00e7\u00e3o, Importa\u00e7\u00e3o e Comercio de Peixes Ornamentais","publisher":{"@id":"https:\/\/ornaqua.pt\/#organization"},"potentialAction":[{"@type":"SearchAction","target":{"@type":"EntryPoint","urlTemplate":"https:\/\/ornaqua.pt\/?s={search_term_string}"},"query-input":{"@type":"PropertyValueSpecification","valueRequired":true,"valueName":"search_term_string"}}],"inLanguage":"en-GB"},{"@type":"Organization","@id":"https:\/\/ornaqua.pt\/#organization","name":"Ornaqua - Reprodu\u00e7\u00e3o, Importa\u00e7\u00e3o e Comercio de Peixes Ornamentais","url":"https:\/\/ornaqua.pt\/","logo":{"@type":"ImageObject","inLanguage":"en-GB","@id":"https:\/\/ornaqua.pt\/#\/schema\/logo\/image\/","url":"https:\/\/ornaqua.pt\/wp-content\/uploads\/2023\/10\/logo_ornaqua_200.png","contentUrl":"https:\/\/ornaqua.pt\/wp-content\/uploads\/2023\/10\/logo_ornaqua_200.png","width":200,"height":97,"caption":"Ornaqua - Reprodu\u00e7\u00e3o, Importa\u00e7\u00e3o e Comercio de Peixes Ornamentais"},"image":{"@id":"https:\/\/ornaqua.pt\/#\/schema\/logo\/image\/"},"sameAs":["https:\/\/www.facebook.com\/ORNAQUA","https:\/\/www.instagram.com\/ornaqua\/"]}]}},"_links":{"self":[{"href":"https:\/\/ornaqua.pt\/en\/wp-json\/wp\/v2\/product\/6784","targetHints":{"allow":["GET"]}}],"collection":[{"href":"https:\/\/ornaqua.pt\/en\/wp-json\/wp\/v2\/product"}],"about":[{"href":"https:\/\/ornaqua.pt\/en\/wp-json\/wp\/v2\/types\/product"}],"wp:featuredmedia":[{"embeddable":true,"href":"https:\/\/ornaqua.pt\/en\/wp-json\/wp\/v2\/media\/6856"}],"wp:attachment":[{"href":"https:\/\/ornaqua.pt\/en\/wp-json\/wp\/v2\/media?parent=6784"}],"wp:term":[{"taxonomy":"product_brand","embeddable":true,"href":"https:\/\/ornaqua.pt\/en\/wp-json\/wp\/v2\/product_brand?post=6784"},{"taxonomy":"product_cat","embeddable":true,"href":"https:\/\/ornaqua.pt\/en\/wp-json\/wp\/v2\/product_cat?post=6784"},{"taxonomy":"product_tag","embeddable":true,"href":"https:\/\/ornaqua.pt\/en\/wp-json\/wp\/v2\/product_tag?post=6784"}],"curies":[{"name":"wp","href":"https:\/\/api.w.org\/{rel}","templated":true}]}}