{"id":6780,"date":"2025-11-21T11:35:13","date_gmt":"2025-11-21T11:35:13","guid":{"rendered":"https:\/\/ornaqua.pt\/?post_type=product&#038;p=6780"},"modified":"2025-12-17T15:09:04","modified_gmt":"2025-12-17T15:09:04","slug":"discusfood-amazon-tonic-5000-ml","status":"publish","type":"product","link":"https:\/\/ornaqua.pt\/en\/product\/discusfood-amazon-tonic-5000-ml\/","title":{"rendered":"Discusfood-Amazon Tonic (5000 ml)"},"content":{"rendered":"<p>O Amazon Tonic cont\u00e9m subst\u00e2ncias vegetais secund\u00e1rias valiosas e altamente eficazes (por exemplo, taninos). Durante a esta\u00e7\u00e3o das chuvas, grandes quantidades destas subst\u00e2ncias s\u00e3o arrastadas para a \u00e1gua em habitats naturais. Os peixes e outros habitantes est\u00e3o perfeitamente adaptados a estas subst\u00e2ncias. Os seus efeitos positivos foram cientificamente comprovados e constituem a base da naturopatia. O Amazon Tonic traz estas subst\u00e2ncias vegetais e os seus efeitos positivos para o aqu\u00e1rio.<br \/>\nAmazon Tonic previne doen\u00e7as e danos na desova atrav\u00e9s de taninos naturais aumenta a vontade de desovar \/ previne infec\u00e7\u00f5es f\u00fangicas da desova<br \/>\nAmazon Tonic protege a membrana mucosa apoia o sistema imunit\u00e1rio de forma natural reduz a carga de germes na \u00e1gua<br \/>\nAmazon Tonic assegura condi\u00e7\u00f5es quase naturais em bi\u00f3topos de \u00e1gua macia oferece uma profilaxia eficaz de doen\u00e7as<br \/>\nn\u00e3o d\u00e1 cor \u00e0 \u00e1gua<br \/>\nO Amazon Tonic \u00e9 um produto feito de extractos puramente naturais de cascas de \u00e1rvores e plantas especiais da Am\u00e9rica do Sul. Os povos ind\u00edgenas utilizam h\u00e1 muito tempo os seus ingredientes activos como rem\u00e9dio natural para muitas doen\u00e7as.<\/p>","protected":false},"excerpt":{"rendered":"<p>O Amazon Tonic cont\u00e9m subst\u00e2ncias vegetais secund\u00e1rias valiosas e altamente eficazes (por exemplo, taninos). Durante a esta\u00e7\u00e3o das chuvas, grandes quantidades destas subst\u00e2ncias s\u00e3o arrastadas para a \u00e1gua em habitats naturais. Os peixes e outros habitantes est\u00e3o perfeitamente adaptados a estas subst\u00e2ncias. Os seus efeitos positivos foram cientificamente comprovados e constituem a base da naturopatia. O Amazon Tonic traz estas subst\u00e2ncias vegetais e os seus efeitos positivos para o aqu\u00e1rio.<br \/>\nAmazon Tonic previne doen\u00e7as e danos na desova atrav\u00e9s de taninos naturais aumenta a vontade de desovar \/ previne infec\u00e7\u00f5es f\u00fangicas da desova<br \/>\nAmazon Tonic protege a membrana mucosa apoia o sistema imunit\u00e1rio de forma natural reduz a carga de germes na \u00e1gua<br \/>\nAmazon Tonic assegura condi\u00e7\u00f5es quase naturais em bi\u00f3topos de \u00e1gua macia oferece uma profilaxia eficaz de doen\u00e7as<br \/>\nn\u00e3o d\u00e1 cor \u00e0 \u00e1gua<br \/>\nO Amazon Tonic \u00e9 um produto feito de extractos puramente naturais de cascas de \u00e1rvores e plantas especiais da Am\u00e9rica do Sul. Os povos ind\u00edgenas utilizam h\u00e1 muito tempo os seus ingredientes activos como rem\u00e9dio natural para muitas doen\u00e7as.<\/p>","protected":false},"featured_media":6847,"template":"","meta":{"inline_featured_image":false},"product_brand":[],"product_cat":[43],"product_tag":[],"class_list":{"0":"post-6780","1":"product","2":"type-product","3":"status-publish","4":"has-post-thumbnail","6":"product_cat-tratamentos","8":"first","9":"outofstock","10":"taxable","11":"shipping-taxable","12":"purchasable","13":"product-type-simple"},"yoast_head":"<!-- This site is optimized with the Yoast SEO plugin v27.1.1 - https:\/\/yoast.com\/product\/yoast-seo-wordpress\/ -->\n<title>Discusfood-Amazon Tonic (5000 ml) - Ornaqua - Reprodu\u00e7\u00e3o, Importa\u00e7\u00e3o e Comercio de Peixes Ornamentais<\/title>\n<meta name=\"robots\" content=\"index, follow, max-snippet:-1, max-image-preview:large, max-video-preview:-1\" \/>\n<link rel=\"canonical\" href=\"https:\/\/ornaqua.pt\/en\/product\/discusfood-amazon-tonic-5000-ml\/\" \/>\n<meta property=\"og:locale\" content=\"en_GB\" \/>\n<meta property=\"og:type\" content=\"article\" \/>\n<meta property=\"og:title\" content=\"Discusfood-Amazon Tonic (5000 ml) - Ornaqua - Reprodu\u00e7\u00e3o, Importa\u00e7\u00e3o e Comercio de Peixes Ornamentais\" \/>\n<meta property=\"og:description\" content=\"O Amazon Tonic cont\u00e9m subst\u00e2ncias vegetais secund\u00e1rias valiosas e altamente eficazes (por exemplo, taninos). Durante a esta\u00e7\u00e3o das chuvas, grandes quantidades destas subst\u00e2ncias s\u00e3o arrastadas para a \u00e1gua em habitats naturais. Os peixes e outros habitantes est\u00e3o perfeitamente adaptados a estas subst\u00e2ncias. Os seus efeitos positivos foram cientificamente comprovados e constituem a base da naturopatia. O Amazon Tonic traz estas subst\u00e2ncias vegetais e os seus efeitos positivos para o aqu\u00e1rio. Amazon Tonic previne doen\u00e7as e danos na desova atrav\u00e9s de taninos naturais aumenta a vontade de desovar \/ previne infec\u00e7\u00f5es f\u00fangicas da desova Amazon Tonic protege a membrana mucosa apoia o sistema imunit\u00e1rio de forma natural reduz a carga de germes na \u00e1gua Amazon Tonic assegura condi\u00e7\u00f5es quase naturais em bi\u00f3topos de \u00e1gua macia oferece uma profilaxia eficaz de doen\u00e7as n\u00e3o d\u00e1 cor \u00e0 \u00e1gua O Amazon Tonic \u00e9 um produto feito de extractos puramente naturais de cascas de \u00e1rvores e plantas especiais da Am\u00e9rica do Sul. Os povos ind\u00edgenas utilizam h\u00e1 muito tempo os seus ingredientes activos como rem\u00e9dio natural para muitas doen\u00e7as.\" \/>\n<meta property=\"og:url\" content=\"https:\/\/ornaqua.pt\/en\/product\/discusfood-amazon-tonic-5000-ml\/\" \/>\n<meta property=\"og:site_name\" content=\"Ornaqua - Reprodu\u00e7\u00e3o, Importa\u00e7\u00e3o e Comercio de Peixes Ornamentais\" \/>\n<meta property=\"article:publisher\" content=\"https:\/\/www.facebook.com\/ORNAQUA\" \/>\n<meta property=\"article:modified_time\" content=\"2025-12-17T15:09:04+00:00\" \/>\n<meta property=\"og:image\" content=\"https:\/\/ornaqua.pt\/wp-content\/uploads\/2025\/11\/600x600-11.jpg\" \/>\n\t<meta property=\"og:image:width\" content=\"600\" \/>\n\t<meta property=\"og:image:height\" content=\"600\" \/>\n\t<meta property=\"og:image:type\" content=\"image\/jpeg\" \/>\n<meta name=\"twitter:card\" content=\"summary_large_image\" \/>\n<meta name=\"twitter:label1\" content=\"Estimated reading time\" \/>\n\t<meta name=\"twitter:data1\" content=\"2 minutes\" \/>\n<script type=\"application\/ld+json\" class=\"yoast-schema-graph\">{\"@context\":\"https:\/\/schema.org\",\"@graph\":[{\"@type\":\"WebPage\",\"@id\":\"https:\/\/ornaqua.pt\/produto\/discusfood-amazon-tonic-5000-ml\/\",\"url\":\"https:\/\/ornaqua.pt\/produto\/discusfood-amazon-tonic-5000-ml\/\",\"name\":\"Discusfood-Amazon Tonic (5000 ml) - Ornaqua - Reprodu\u00e7\u00e3o, Importa\u00e7\u00e3o e Comercio de Peixes Ornamentais\",\"isPartOf\":{\"@id\":\"https:\/\/ornaqua.pt\/#website\"},\"primaryImageOfPage\":{\"@id\":\"https:\/\/ornaqua.pt\/produto\/discusfood-amazon-tonic-5000-ml\/#primaryimage\"},\"image\":{\"@id\":\"https:\/\/ornaqua.pt\/produto\/discusfood-amazon-tonic-5000-ml\/#primaryimage\"},\"thumbnailUrl\":\"https:\/\/ornaqua.pt\/wp-content\/uploads\/2025\/11\/600x600-11.jpg\",\"datePublished\":\"2025-11-21T11:35:13+00:00\",\"dateModified\":\"2025-12-17T15:09:04+00:00\",\"breadcrumb\":{\"@id\":\"https:\/\/ornaqua.pt\/produto\/discusfood-amazon-tonic-5000-ml\/#breadcrumb\"},\"inLanguage\":\"en-GB\",\"potentialAction\":[{\"@type\":\"ReadAction\",\"target\":[\"https:\/\/ornaqua.pt\/produto\/discusfood-amazon-tonic-5000-ml\/\"]}]},{\"@type\":\"ImageObject\",\"inLanguage\":\"en-GB\",\"@id\":\"https:\/\/ornaqua.pt\/produto\/discusfood-amazon-tonic-5000-ml\/#primaryimage\",\"url\":\"https:\/\/ornaqua.pt\/wp-content\/uploads\/2025\/11\/600x600-11.jpg\",\"contentUrl\":\"https:\/\/ornaqua.pt\/wp-content\/uploads\/2025\/11\/600x600-11.jpg\",\"width\":600,\"height\":600},{\"@type\":\"BreadcrumbList\",\"@id\":\"https:\/\/ornaqua.pt\/produto\/discusfood-amazon-tonic-5000-ml\/#breadcrumb\",\"itemListElement\":[{\"@type\":\"ListItem\",\"position\":1,\"name\":\"In\u00edcio\",\"item\":\"https:\/\/ornaqua.pt\/\"},{\"@type\":\"ListItem\",\"position\":2,\"name\":\"Produtos\",\"item\":\"https:\/\/ornaqua.pt\/produtos\/\"},{\"@type\":\"ListItem\",\"position\":3,\"name\":\"Discusfood-Amazon Tonic (5000 ml)\"}]},{\"@type\":\"WebSite\",\"@id\":\"https:\/\/ornaqua.pt\/#website\",\"url\":\"https:\/\/ornaqua.pt\/\",\"name\":\"Ornaqua - Loja Online\",\"description\":\"Reprodu\u00e7\u00e3o, Importa\u00e7\u00e3o e Comercio de Peixes Ornamentais\",\"publisher\":{\"@id\":\"https:\/\/ornaqua.pt\/#organization\"},\"potentialAction\":[{\"@type\":\"SearchAction\",\"target\":{\"@type\":\"EntryPoint\",\"urlTemplate\":\"https:\/\/ornaqua.pt\/?s={search_term_string}\"},\"query-input\":{\"@type\":\"PropertyValueSpecification\",\"valueRequired\":true,\"valueName\":\"search_term_string\"}}],\"inLanguage\":\"en-GB\"},{\"@type\":\"Organization\",\"@id\":\"https:\/\/ornaqua.pt\/#organization\",\"name\":\"Ornaqua - Reprodu\u00e7\u00e3o, Importa\u00e7\u00e3o e Comercio de Peixes Ornamentais\",\"url\":\"https:\/\/ornaqua.pt\/\",\"logo\":{\"@type\":\"ImageObject\",\"inLanguage\":\"en-GB\",\"@id\":\"https:\/\/ornaqua.pt\/#\/schema\/logo\/image\/\",\"url\":\"https:\/\/ornaqua.pt\/wp-content\/uploads\/2023\/10\/logo_ornaqua_200.png\",\"contentUrl\":\"https:\/\/ornaqua.pt\/wp-content\/uploads\/2023\/10\/logo_ornaqua_200.png\",\"width\":200,\"height\":97,\"caption\":\"Ornaqua - Reprodu\u00e7\u00e3o, Importa\u00e7\u00e3o e Comercio de Peixes Ornamentais\"},\"image\":{\"@id\":\"https:\/\/ornaqua.pt\/#\/schema\/logo\/image\/\"},\"sameAs\":[\"https:\/\/www.facebook.com\/ORNAQUA\",\"https:\/\/www.instagram.com\/ornaqua\/\"]}]}<\/script>\n<!-- \/ Yoast SEO plugin. -->","yoast_head_json":{"title":"Discusfood-Amazon Tonic (5000 ml) - Ornaqua - Reprodu\u00e7\u00e3o, Importa\u00e7\u00e3o e Comercio de Peixes Ornamentais","robots":{"index":"index","follow":"follow","max-snippet":"max-snippet:-1","max-image-preview":"max-image-preview:large","max-video-preview":"max-video-preview:-1"},"canonical":"https:\/\/ornaqua.pt\/en\/product\/discusfood-amazon-tonic-5000-ml\/","og_locale":"en_GB","og_type":"article","og_title":"Discusfood-Amazon Tonic (5000 ml) - Ornaqua - Reprodu\u00e7\u00e3o, Importa\u00e7\u00e3o e Comercio de Peixes Ornamentais","og_description":"O Amazon Tonic cont\u00e9m subst\u00e2ncias vegetais secund\u00e1rias valiosas e altamente eficazes (por exemplo, taninos). Durante a esta\u00e7\u00e3o das chuvas, grandes quantidades destas subst\u00e2ncias s\u00e3o arrastadas para a \u00e1gua em habitats naturais. Os peixes e outros habitantes est\u00e3o perfeitamente adaptados a estas subst\u00e2ncias. Os seus efeitos positivos foram cientificamente comprovados e constituem a base da naturopatia. O Amazon Tonic traz estas subst\u00e2ncias vegetais e os seus efeitos positivos para o aqu\u00e1rio. Amazon Tonic previne doen\u00e7as e danos na desova atrav\u00e9s de taninos naturais aumenta a vontade de desovar \/ previne infec\u00e7\u00f5es f\u00fangicas da desova Amazon Tonic protege a membrana mucosa apoia o sistema imunit\u00e1rio de forma natural reduz a carga de germes na \u00e1gua Amazon Tonic assegura condi\u00e7\u00f5es quase naturais em bi\u00f3topos de \u00e1gua macia oferece uma profilaxia eficaz de doen\u00e7as n\u00e3o d\u00e1 cor \u00e0 \u00e1gua O Amazon Tonic \u00e9 um produto feito de extractos puramente naturais de cascas de \u00e1rvores e plantas especiais da Am\u00e9rica do Sul. Os povos ind\u00edgenas utilizam h\u00e1 muito tempo os seus ingredientes activos como rem\u00e9dio natural para muitas doen\u00e7as.","og_url":"https:\/\/ornaqua.pt\/en\/product\/discusfood-amazon-tonic-5000-ml\/","og_site_name":"Ornaqua - Reprodu\u00e7\u00e3o, Importa\u00e7\u00e3o e Comercio de Peixes Ornamentais","article_publisher":"https:\/\/www.facebook.com\/ORNAQUA","article_modified_time":"2025-12-17T15:09:04+00:00","og_image":[{"width":600,"height":600,"url":"https:\/\/ornaqua.pt\/wp-content\/uploads\/2025\/11\/600x600-11.jpg","type":"image\/jpeg"}],"twitter_card":"summary_large_image","twitter_misc":{"Estimated reading time":"2 minutes"},"schema":{"@context":"https:\/\/schema.org","@graph":[{"@type":"WebPage","@id":"https:\/\/ornaqua.pt\/produto\/discusfood-amazon-tonic-5000-ml\/","url":"https:\/\/ornaqua.pt\/produto\/discusfood-amazon-tonic-5000-ml\/","name":"Discusfood-Amazon Tonic (5000 ml) - Ornaqua - Reprodu\u00e7\u00e3o, Importa\u00e7\u00e3o e Comercio de Peixes Ornamentais","isPartOf":{"@id":"https:\/\/ornaqua.pt\/#website"},"primaryImageOfPage":{"@id":"https:\/\/ornaqua.pt\/produto\/discusfood-amazon-tonic-5000-ml\/#primaryimage"},"image":{"@id":"https:\/\/ornaqua.pt\/produto\/discusfood-amazon-tonic-5000-ml\/#primaryimage"},"thumbnailUrl":"https:\/\/ornaqua.pt\/wp-content\/uploads\/2025\/11\/600x600-11.jpg","datePublished":"2025-11-21T11:35:13+00:00","dateModified":"2025-12-17T15:09:04+00:00","breadcrumb":{"@id":"https:\/\/ornaqua.pt\/produto\/discusfood-amazon-tonic-5000-ml\/#breadcrumb"},"inLanguage":"en-GB","potentialAction":[{"@type":"ReadAction","target":["https:\/\/ornaqua.pt\/produto\/discusfood-amazon-tonic-5000-ml\/"]}]},{"@type":"ImageObject","inLanguage":"en-GB","@id":"https:\/\/ornaqua.pt\/produto\/discusfood-amazon-tonic-5000-ml\/#primaryimage","url":"https:\/\/ornaqua.pt\/wp-content\/uploads\/2025\/11\/600x600-11.jpg","contentUrl":"https:\/\/ornaqua.pt\/wp-content\/uploads\/2025\/11\/600x600-11.jpg","width":600,"height":600},{"@type":"BreadcrumbList","@id":"https:\/\/ornaqua.pt\/produto\/discusfood-amazon-tonic-5000-ml\/#breadcrumb","itemListElement":[{"@type":"ListItem","position":1,"name":"In\u00edcio","item":"https:\/\/ornaqua.pt\/"},{"@type":"ListItem","position":2,"name":"Produtos","item":"https:\/\/ornaqua.pt\/produtos\/"},{"@type":"ListItem","position":3,"name":"Discusfood-Amazon Tonic (5000 ml)"}]},{"@type":"WebSite","@id":"https:\/\/ornaqua.pt\/#website","url":"https:\/\/ornaqua.pt\/","name":"Ornaqua - Loja Online","description":"Reprodu\u00e7\u00e3o, Importa\u00e7\u00e3o e Comercio de Peixes Ornamentais","publisher":{"@id":"https:\/\/ornaqua.pt\/#organization"},"potentialAction":[{"@type":"SearchAction","target":{"@type":"EntryPoint","urlTemplate":"https:\/\/ornaqua.pt\/?s={search_term_string}"},"query-input":{"@type":"PropertyValueSpecification","valueRequired":true,"valueName":"search_term_string"}}],"inLanguage":"en-GB"},{"@type":"Organization","@id":"https:\/\/ornaqua.pt\/#organization","name":"Ornaqua - Reprodu\u00e7\u00e3o, Importa\u00e7\u00e3o e Comercio de Peixes Ornamentais","url":"https:\/\/ornaqua.pt\/","logo":{"@type":"ImageObject","inLanguage":"en-GB","@id":"https:\/\/ornaqua.pt\/#\/schema\/logo\/image\/","url":"https:\/\/ornaqua.pt\/wp-content\/uploads\/2023\/10\/logo_ornaqua_200.png","contentUrl":"https:\/\/ornaqua.pt\/wp-content\/uploads\/2023\/10\/logo_ornaqua_200.png","width":200,"height":97,"caption":"Ornaqua - Reprodu\u00e7\u00e3o, Importa\u00e7\u00e3o e Comercio de Peixes Ornamentais"},"image":{"@id":"https:\/\/ornaqua.pt\/#\/schema\/logo\/image\/"},"sameAs":["https:\/\/www.facebook.com\/ORNAQUA","https:\/\/www.instagram.com\/ornaqua\/"]}]}},"_links":{"self":[{"href":"https:\/\/ornaqua.pt\/en\/wp-json\/wp\/v2\/product\/6780","targetHints":{"allow":["GET"]}}],"collection":[{"href":"https:\/\/ornaqua.pt\/en\/wp-json\/wp\/v2\/product"}],"about":[{"href":"https:\/\/ornaqua.pt\/en\/wp-json\/wp\/v2\/types\/product"}],"wp:featuredmedia":[{"embeddable":true,"href":"https:\/\/ornaqua.pt\/en\/wp-json\/wp\/v2\/media\/6847"}],"wp:attachment":[{"href":"https:\/\/ornaqua.pt\/en\/wp-json\/wp\/v2\/media?parent=6780"}],"wp:term":[{"taxonomy":"product_brand","embeddable":true,"href":"https:\/\/ornaqua.pt\/en\/wp-json\/wp\/v2\/product_brand?post=6780"},{"taxonomy":"product_cat","embeddable":true,"href":"https:\/\/ornaqua.pt\/en\/wp-json\/wp\/v2\/product_cat?post=6780"},{"taxonomy":"product_tag","embeddable":true,"href":"https:\/\/ornaqua.pt\/en\/wp-json\/wp\/v2\/product_tag?post=6780"}],"curies":[{"name":"wp","href":"https:\/\/api.w.org\/{rel}","templated":true}]}}