{"id":6717,"date":"2025-08-08T16:21:18","date_gmt":"2025-08-08T15:21:18","guid":{"rendered":"https:\/\/ornaqua.pt\/?post_type=product&#038;p=6717"},"modified":"2025-12-22T10:10:38","modified_gmt":"2025-12-22T10:10:38","slug":"discusfood-herbs-food-30g-herbal-flatgranulate","status":"publish","type":"product","link":"https:\/\/ornaqua.pt\/en\/product\/discusfood-herbs-food-30g-herbal-flatgranulate\/","title":{"rendered":"Discusfood- Herbs Food (30g)- Herbal Flatgranulate"},"content":{"rendered":"<p>Herbs Food \u00e9 adequado para todas as esp\u00e9cies de peixes ornamentais e camar\u00f5es, cont\u00e9m ervas e \u00f3leos de ervas cuidadosamente selecionados que fortalecem o desenvolvimento e o sistema imunol\u00f3gico dos peixes. O alimento \u00e9 macio, muito f\u00e1cil de digerir, est\u00e1vel na \u00e1gua, n\u00e3o se decomp\u00f5e e consiste em um pr\u00e1tico floco granulado.<br \/>\nIngredientes especiais e seus efeitos:<br \/>\nMistura de ervas medicinais: tem efeito antibacteriano, antiparasit\u00e1rio e cont\u00e9m oligoelementos e enzimas valiosos para fortalecer a defesa imunol\u00f3gica. Apoia indiretamente as mucosas e promove a sa\u00fade geral dos peixes e camar\u00f5es.<br \/>\nApoio valioso para o bem-estar dos animais. Ajuda a prevenir infec\u00e7\u00f5es bacterianas e virais.<br \/>\nProbi\u00f3ticos e prebi\u00f3ticos estimulam o metabolismo e a digest\u00e3o.<br \/>\nResumo:<br \/>\nFortalecimento do sistema imunit\u00e1rio.<br \/>\nEfeito antibacteriano e antiviral.<br \/>\nEstimula\u00e7\u00e3o da digest\u00e3o.<br \/>\nEfeito antiparasit\u00e1rio.<\/p>","protected":false},"excerpt":{"rendered":"<p><strong>Composi\u00e7\u00e3o<\/strong>: prote\u00edna de insetos, arroz, mistura de ervas medicinais, farinha de lula, krill, centeio, aveia, farinha de camar\u00e3o, ervilhas, levedura de cerveja, algas secas, espirulina, clorela, \u00f3leo de salm\u00e3o, \u00f3leos de ervas, prebi\u00f3ticos, probi\u00f3ticos.<br \/>\n<strong>Componentes anal\u00edticos<\/strong>: Prote\u00edna 38%, teor de gordura 6,7%, subst\u00e2ncias inorg\u00e2nicas 7%, fibra bruta 4,3%.<br \/>\n<strong>Aditivos por kg:<\/strong>\u00a0Vitaminas: A (3a672a) 28000 UI, C (3a300) 210 mg, D3 (3a671) 2100 UI; Oligoelementos: Fe (3b103) 34 mg, Mn (3b502) 43 mg, Zn (3b603) 42 mg; com antioxidantes.<\/p>","protected":false},"featured_media":6811,"template":"","meta":{"inline_featured_image":false},"product_brand":[],"product_cat":[40],"product_tag":[],"class_list":{"0":"post-6717","1":"product","2":"type-product","3":"status-publish","4":"has-post-thumbnail","6":"product_cat-alimentacao","8":"first","9":"instock","10":"taxable","11":"shipping-taxable","12":"purchasable","13":"product-type-simple"},"yoast_head":"<!-- This site is optimized with the Yoast SEO plugin v27.1.1 - https:\/\/yoast.com\/product\/yoast-seo-wordpress\/ -->\n<title>Discusfood- Herbs Food (30g)- Herbal Flatgranulate - Ornaqua - Reprodu\u00e7\u00e3o, Importa\u00e7\u00e3o e Comercio de Peixes Ornamentais<\/title>\n<meta name=\"robots\" content=\"index, follow, max-snippet:-1, max-image-preview:large, max-video-preview:-1\" \/>\n<link rel=\"canonical\" href=\"https:\/\/ornaqua.pt\/en\/product\/discusfood-herbs-food-30g-herbal-flatgranulate\/\" \/>\n<meta property=\"og:locale\" content=\"en_GB\" \/>\n<meta property=\"og:type\" content=\"article\" \/>\n<meta property=\"og:title\" content=\"Discusfood- Herbs Food (30g)- Herbal Flatgranulate - Ornaqua - Reprodu\u00e7\u00e3o, Importa\u00e7\u00e3o e Comercio de Peixes Ornamentais\" \/>\n<meta property=\"og:description\" content=\"Composi\u00e7\u00e3o: prote\u00edna de insetos, arroz, mistura de ervas medicinais, farinha de lula, krill, centeio, aveia, farinha de camar\u00e3o, ervilhas, levedura de cerveja, algas secas, espirulina, clorela, \u00f3leo de salm\u00e3o, \u00f3leos de ervas, prebi\u00f3ticos, probi\u00f3ticos. Componentes anal\u00edticos: Prote\u00edna 38%, teor de gordura 6,7%, subst\u00e2ncias inorg\u00e2nicas 7%, fibra bruta 4,3%. Aditivos por kg:\u00a0Vitaminas: A (3a672a) 28000 UI, C (3a300) 210 mg, D3 (3a671) 2100 UI; Oligoelementos: Fe (3b103) 34 mg, Mn (3b502) 43 mg, Zn (3b603) 42 mg; com antioxidantes.\" \/>\n<meta property=\"og:url\" content=\"https:\/\/ornaqua.pt\/en\/product\/discusfood-herbs-food-30g-herbal-flatgranulate\/\" \/>\n<meta property=\"og:site_name\" content=\"Ornaqua - Reprodu\u00e7\u00e3o, Importa\u00e7\u00e3o e Comercio de Peixes Ornamentais\" \/>\n<meta property=\"article:publisher\" content=\"https:\/\/www.facebook.com\/ORNAQUA\" \/>\n<meta property=\"article:modified_time\" content=\"2025-12-22T10:10:38+00:00\" \/>\n<meta property=\"og:image\" content=\"https:\/\/ornaqua.pt\/wp-content\/uploads\/2025\/08\/600x600.jpg\" \/>\n\t<meta property=\"og:image:width\" content=\"600\" \/>\n\t<meta property=\"og:image:height\" content=\"600\" \/>\n\t<meta property=\"og:image:type\" content=\"image\/jpeg\" \/>\n<meta name=\"twitter:card\" content=\"summary_large_image\" \/>\n<meta name=\"twitter:label1\" content=\"Estimated reading time\" \/>\n\t<meta name=\"twitter:data1\" content=\"1 minute\" \/>\n<script type=\"application\/ld+json\" class=\"yoast-schema-graph\">{\"@context\":\"https:\/\/schema.org\",\"@graph\":[{\"@type\":\"WebPage\",\"@id\":\"https:\/\/ornaqua.pt\/produto\/discusfood-herbs-food-30g-herbal-flatgranulate\/\",\"url\":\"https:\/\/ornaqua.pt\/produto\/discusfood-herbs-food-30g-herbal-flatgranulate\/\",\"name\":\"Discusfood- Herbs Food (30g)- Herbal Flatgranulate - Ornaqua - Reprodu\u00e7\u00e3o, Importa\u00e7\u00e3o e Comercio de Peixes Ornamentais\",\"isPartOf\":{\"@id\":\"https:\/\/ornaqua.pt\/#website\"},\"primaryImageOfPage\":{\"@id\":\"https:\/\/ornaqua.pt\/produto\/discusfood-herbs-food-30g-herbal-flatgranulate\/#primaryimage\"},\"image\":{\"@id\":\"https:\/\/ornaqua.pt\/produto\/discusfood-herbs-food-30g-herbal-flatgranulate\/#primaryimage\"},\"thumbnailUrl\":\"https:\/\/ornaqua.pt\/wp-content\/uploads\/2025\/08\/600x600.jpg\",\"datePublished\":\"2025-08-08T15:21:18+00:00\",\"dateModified\":\"2025-12-22T10:10:38+00:00\",\"breadcrumb\":{\"@id\":\"https:\/\/ornaqua.pt\/produto\/discusfood-herbs-food-30g-herbal-flatgranulate\/#breadcrumb\"},\"inLanguage\":\"en-GB\",\"potentialAction\":[{\"@type\":\"ReadAction\",\"target\":[\"https:\/\/ornaqua.pt\/produto\/discusfood-herbs-food-30g-herbal-flatgranulate\/\"]}]},{\"@type\":\"ImageObject\",\"inLanguage\":\"en-GB\",\"@id\":\"https:\/\/ornaqua.pt\/produto\/discusfood-herbs-food-30g-herbal-flatgranulate\/#primaryimage\",\"url\":\"https:\/\/ornaqua.pt\/wp-content\/uploads\/2025\/08\/600x600.jpg\",\"contentUrl\":\"https:\/\/ornaqua.pt\/wp-content\/uploads\/2025\/08\/600x600.jpg\",\"width\":600,\"height\":600},{\"@type\":\"BreadcrumbList\",\"@id\":\"https:\/\/ornaqua.pt\/produto\/discusfood-herbs-food-30g-herbal-flatgranulate\/#breadcrumb\",\"itemListElement\":[{\"@type\":\"ListItem\",\"position\":1,\"name\":\"In\u00edcio\",\"item\":\"https:\/\/ornaqua.pt\/\"},{\"@type\":\"ListItem\",\"position\":2,\"name\":\"Produtos\",\"item\":\"https:\/\/ornaqua.pt\/produtos\/\"},{\"@type\":\"ListItem\",\"position\":3,\"name\":\"Discusfood- Herbs Food (30g)- Herbal Flatgranulate\"}]},{\"@type\":\"WebSite\",\"@id\":\"https:\/\/ornaqua.pt\/#website\",\"url\":\"https:\/\/ornaqua.pt\/\",\"name\":\"Ornaqua - Loja Online\",\"description\":\"Reprodu\u00e7\u00e3o, Importa\u00e7\u00e3o e Comercio de Peixes Ornamentais\",\"publisher\":{\"@id\":\"https:\/\/ornaqua.pt\/#organization\"},\"potentialAction\":[{\"@type\":\"SearchAction\",\"target\":{\"@type\":\"EntryPoint\",\"urlTemplate\":\"https:\/\/ornaqua.pt\/?s={search_term_string}\"},\"query-input\":{\"@type\":\"PropertyValueSpecification\",\"valueRequired\":true,\"valueName\":\"search_term_string\"}}],\"inLanguage\":\"en-GB\"},{\"@type\":\"Organization\",\"@id\":\"https:\/\/ornaqua.pt\/#organization\",\"name\":\"Ornaqua - Reprodu\u00e7\u00e3o, Importa\u00e7\u00e3o e Comercio de Peixes Ornamentais\",\"url\":\"https:\/\/ornaqua.pt\/\",\"logo\":{\"@type\":\"ImageObject\",\"inLanguage\":\"en-GB\",\"@id\":\"https:\/\/ornaqua.pt\/#\/schema\/logo\/image\/\",\"url\":\"https:\/\/ornaqua.pt\/wp-content\/uploads\/2023\/10\/logo_ornaqua_200.png\",\"contentUrl\":\"https:\/\/ornaqua.pt\/wp-content\/uploads\/2023\/10\/logo_ornaqua_200.png\",\"width\":200,\"height\":97,\"caption\":\"Ornaqua - Reprodu\u00e7\u00e3o, Importa\u00e7\u00e3o e Comercio de Peixes Ornamentais\"},\"image\":{\"@id\":\"https:\/\/ornaqua.pt\/#\/schema\/logo\/image\/\"},\"sameAs\":[\"https:\/\/www.facebook.com\/ORNAQUA\",\"https:\/\/www.instagram.com\/ornaqua\/\"]}]}<\/script>\n<!-- \/ Yoast SEO plugin. -->","yoast_head_json":{"title":"Discusfood- Herbs Food (30g)- Herbal Flatgranulate - Ornaqua - Reprodu\u00e7\u00e3o, Importa\u00e7\u00e3o e Comercio de Peixes Ornamentais","robots":{"index":"index","follow":"follow","max-snippet":"max-snippet:-1","max-image-preview":"max-image-preview:large","max-video-preview":"max-video-preview:-1"},"canonical":"https:\/\/ornaqua.pt\/en\/product\/discusfood-herbs-food-30g-herbal-flatgranulate\/","og_locale":"en_GB","og_type":"article","og_title":"Discusfood- Herbs Food (30g)- Herbal Flatgranulate - Ornaqua - Reprodu\u00e7\u00e3o, Importa\u00e7\u00e3o e Comercio de Peixes Ornamentais","og_description":"Composi\u00e7\u00e3o: prote\u00edna de insetos, arroz, mistura de ervas medicinais, farinha de lula, krill, centeio, aveia, farinha de camar\u00e3o, ervilhas, levedura de cerveja, algas secas, espirulina, clorela, \u00f3leo de salm\u00e3o, \u00f3leos de ervas, prebi\u00f3ticos, probi\u00f3ticos. Componentes anal\u00edticos: Prote\u00edna 38%, teor de gordura 6,7%, subst\u00e2ncias inorg\u00e2nicas 7%, fibra bruta 4,3%. Aditivos por kg:\u00a0Vitaminas: A (3a672a) 28000 UI, C (3a300) 210 mg, D3 (3a671) 2100 UI; Oligoelementos: Fe (3b103) 34 mg, Mn (3b502) 43 mg, Zn (3b603) 42 mg; com antioxidantes.","og_url":"https:\/\/ornaqua.pt\/en\/product\/discusfood-herbs-food-30g-herbal-flatgranulate\/","og_site_name":"Ornaqua - Reprodu\u00e7\u00e3o, Importa\u00e7\u00e3o e Comercio de Peixes Ornamentais","article_publisher":"https:\/\/www.facebook.com\/ORNAQUA","article_modified_time":"2025-12-22T10:10:38+00:00","og_image":[{"width":600,"height":600,"url":"https:\/\/ornaqua.pt\/wp-content\/uploads\/2025\/08\/600x600.jpg","type":"image\/jpeg"}],"twitter_card":"summary_large_image","twitter_misc":{"Estimated reading time":"1 minute"},"schema":{"@context":"https:\/\/schema.org","@graph":[{"@type":"WebPage","@id":"https:\/\/ornaqua.pt\/produto\/discusfood-herbs-food-30g-herbal-flatgranulate\/","url":"https:\/\/ornaqua.pt\/produto\/discusfood-herbs-food-30g-herbal-flatgranulate\/","name":"Discusfood- Herbs Food (30g)- Herbal Flatgranulate - Ornaqua - Reprodu\u00e7\u00e3o, Importa\u00e7\u00e3o e Comercio de Peixes Ornamentais","isPartOf":{"@id":"https:\/\/ornaqua.pt\/#website"},"primaryImageOfPage":{"@id":"https:\/\/ornaqua.pt\/produto\/discusfood-herbs-food-30g-herbal-flatgranulate\/#primaryimage"},"image":{"@id":"https:\/\/ornaqua.pt\/produto\/discusfood-herbs-food-30g-herbal-flatgranulate\/#primaryimage"},"thumbnailUrl":"https:\/\/ornaqua.pt\/wp-content\/uploads\/2025\/08\/600x600.jpg","datePublished":"2025-08-08T15:21:18+00:00","dateModified":"2025-12-22T10:10:38+00:00","breadcrumb":{"@id":"https:\/\/ornaqua.pt\/produto\/discusfood-herbs-food-30g-herbal-flatgranulate\/#breadcrumb"},"inLanguage":"en-GB","potentialAction":[{"@type":"ReadAction","target":["https:\/\/ornaqua.pt\/produto\/discusfood-herbs-food-30g-herbal-flatgranulate\/"]}]},{"@type":"ImageObject","inLanguage":"en-GB","@id":"https:\/\/ornaqua.pt\/produto\/discusfood-herbs-food-30g-herbal-flatgranulate\/#primaryimage","url":"https:\/\/ornaqua.pt\/wp-content\/uploads\/2025\/08\/600x600.jpg","contentUrl":"https:\/\/ornaqua.pt\/wp-content\/uploads\/2025\/08\/600x600.jpg","width":600,"height":600},{"@type":"BreadcrumbList","@id":"https:\/\/ornaqua.pt\/produto\/discusfood-herbs-food-30g-herbal-flatgranulate\/#breadcrumb","itemListElement":[{"@type":"ListItem","position":1,"name":"In\u00edcio","item":"https:\/\/ornaqua.pt\/"},{"@type":"ListItem","position":2,"name":"Produtos","item":"https:\/\/ornaqua.pt\/produtos\/"},{"@type":"ListItem","position":3,"name":"Discusfood- Herbs Food (30g)- Herbal Flatgranulate"}]},{"@type":"WebSite","@id":"https:\/\/ornaqua.pt\/#website","url":"https:\/\/ornaqua.pt\/","name":"Ornaqua - Loja Online","description":"Reprodu\u00e7\u00e3o, Importa\u00e7\u00e3o e Comercio de Peixes Ornamentais","publisher":{"@id":"https:\/\/ornaqua.pt\/#organization"},"potentialAction":[{"@type":"SearchAction","target":{"@type":"EntryPoint","urlTemplate":"https:\/\/ornaqua.pt\/?s={search_term_string}"},"query-input":{"@type":"PropertyValueSpecification","valueRequired":true,"valueName":"search_term_string"}}],"inLanguage":"en-GB"},{"@type":"Organization","@id":"https:\/\/ornaqua.pt\/#organization","name":"Ornaqua - Reprodu\u00e7\u00e3o, Importa\u00e7\u00e3o e Comercio de Peixes Ornamentais","url":"https:\/\/ornaqua.pt\/","logo":{"@type":"ImageObject","inLanguage":"en-GB","@id":"https:\/\/ornaqua.pt\/#\/schema\/logo\/image\/","url":"https:\/\/ornaqua.pt\/wp-content\/uploads\/2023\/10\/logo_ornaqua_200.png","contentUrl":"https:\/\/ornaqua.pt\/wp-content\/uploads\/2023\/10\/logo_ornaqua_200.png","width":200,"height":97,"caption":"Ornaqua - Reprodu\u00e7\u00e3o, Importa\u00e7\u00e3o e Comercio de Peixes Ornamentais"},"image":{"@id":"https:\/\/ornaqua.pt\/#\/schema\/logo\/image\/"},"sameAs":["https:\/\/www.facebook.com\/ORNAQUA","https:\/\/www.instagram.com\/ornaqua\/"]}]}},"_links":{"self":[{"href":"https:\/\/ornaqua.pt\/en\/wp-json\/wp\/v2\/product\/6717","targetHints":{"allow":["GET"]}}],"collection":[{"href":"https:\/\/ornaqua.pt\/en\/wp-json\/wp\/v2\/product"}],"about":[{"href":"https:\/\/ornaqua.pt\/en\/wp-json\/wp\/v2\/types\/product"}],"wp:featuredmedia":[{"embeddable":true,"href":"https:\/\/ornaqua.pt\/en\/wp-json\/wp\/v2\/media\/6811"}],"wp:attachment":[{"href":"https:\/\/ornaqua.pt\/en\/wp-json\/wp\/v2\/media?parent=6717"}],"wp:term":[{"taxonomy":"product_brand","embeddable":true,"href":"https:\/\/ornaqua.pt\/en\/wp-json\/wp\/v2\/product_brand?post=6717"},{"taxonomy":"product_cat","embeddable":true,"href":"https:\/\/ornaqua.pt\/en\/wp-json\/wp\/v2\/product_cat?post=6717"},{"taxonomy":"product_tag","embeddable":true,"href":"https:\/\/ornaqua.pt\/en\/wp-json\/wp\/v2\/product_tag?post=6717"}],"curies":[{"name":"wp","href":"https:\/\/api.w.org\/{rel}","templated":true}]}}