{"id":6381,"date":"2025-05-23T11:51:49","date_gmt":"2025-05-23T10:51:49","guid":{"rendered":"https:\/\/ornaqua.pt\/?post_type=product&#038;p=6381"},"modified":"2025-11-10T14:57:53","modified_gmt":"2025-11-10T14:57:53","slug":"ancistrus-sp-long-fin-3-cm","status":"publish","type":"product","link":"https:\/\/ornaqua.pt\/en\/product\/ancistrus-sp-long-fin-3-cm\/","title":{"rendered":"Ancistrus L519 Kiefner ll (3-4 cm)"},"content":{"rendered":"<p>Ancistrus sp. \u00e9 um peixe de \u00e1gua doce pertencente \u00e0 fam\u00edlia Loricariidae.<\/p>\n<p>Origin\u00e1rio da Am\u00e9rica do Sul, destaca-se pelo seu corpo achatado e uma boca em forma de ventosa que utiliza para se fixar em superf\u00edcies e raspar algas.<\/p>\n<p>Os machos apresentam tent\u00e1culos na cabe\u00e7a, o que os diferencia das f\u00eameas.<\/p>\n<p>S\u00e3o frequentemente mantidos em aqu\u00e1rios devido \u00e0 sua utilidade na limpeza de algas e ao seu comportamento pac\u00edfico.<\/p>\n<p>Beneficios de manter Ancistrus sp. em aqu\u00e1rios comunit\u00e1rios:<br \/>\n1. Controle de algas: Ancistrus s\u00e3o excelentes limpadores de algas, ajudando a manter os vidros, troncos e outras superf\u00edcies do aqu\u00e1rio limpos \u2014 o que \u00e9 especialmente \u00fatil em aqu\u00e1rios de discus, que exigem alta qualidade de \u00e1gua.<br \/>\n2. Temperamento pac\u00edfico: S\u00e3o peixes geralmente tranquilos e compat\u00edveis com o comportamento calmo dos discus, o que evita conflitos entre eles.<br \/>\n3. Adapta\u00e7\u00e3o \u00e0s condi\u00e7\u00f5es da \u00e1gua: Ancistrus conseguem viver bem em temperaturas mais altas (em torno de 28\u201330\u202f\u00b0C), que s\u00e3o ideais para os discus.<\/p>","protected":false},"excerpt":{"rendered":"<p>Ancistrus sp. \u00e9 um peixe de \u00e1gua doce pertencente \u00e0 fam\u00edlia Loricariidae. Origin\u00e1rio da Am\u00e9rica do Sul, destaca-se pelo seu corpo achatado e uma boca em forma de ventosa que utiliza para se fixar em superf\u00edcies e raspar algas. Os machos apresentam tent\u00e1culos na cabe\u00e7a, o que os diferencia das f\u00eameas. S\u00e3o frequentemente mantidos em [&hellip;]<\/p>\n","protected":false},"featured_media":6751,"template":"","meta":{"inline_featured_image":false},"product_brand":[],"product_cat":[301],"product_tag":[],"class_list":{"0":"post-6381","1":"product","2":"type-product","3":"status-publish","4":"has-post-thumbnail","6":"product_cat-outros-peixes","8":"first","9":"instock","10":"taxable","11":"shipping-taxable","12":"purchasable","13":"product-type-simple"},"yoast_head":"<!-- This site is optimized with the Yoast SEO plugin v27.1.1 - https:\/\/yoast.com\/product\/yoast-seo-wordpress\/ -->\n<title>Ancistrus L519 Kiefner ll (3-4 cm) - Ornaqua - Reprodu\u00e7\u00e3o, Importa\u00e7\u00e3o e Comercio de Peixes Ornamentais<\/title>\n<meta name=\"robots\" content=\"index, follow, max-snippet:-1, max-image-preview:large, max-video-preview:-1\" \/>\n<link rel=\"canonical\" href=\"https:\/\/ornaqua.pt\/en\/product\/ancistrus-sp-long-fin-3-cm\/\" \/>\n<meta property=\"og:locale\" content=\"en_GB\" \/>\n<meta property=\"og:type\" content=\"article\" \/>\n<meta property=\"og:title\" content=\"Ancistrus L519 Kiefner ll (3-4 cm) - Ornaqua - Reprodu\u00e7\u00e3o, Importa\u00e7\u00e3o e Comercio de Peixes Ornamentais\" \/>\n<meta property=\"og:description\" content=\"Ancistrus sp. \u00e9 um peixe de \u00e1gua doce pertencente \u00e0 fam\u00edlia Loricariidae. Origin\u00e1rio da Am\u00e9rica do Sul, destaca-se pelo seu corpo achatado e uma boca em forma de ventosa que utiliza para se fixar em superf\u00edcies e raspar algas. Os machos apresentam tent\u00e1culos na cabe\u00e7a, o que os diferencia das f\u00eameas. S\u00e3o frequentemente mantidos em [&hellip;]\" \/>\n<meta property=\"og:url\" content=\"https:\/\/ornaqua.pt\/en\/product\/ancistrus-sp-long-fin-3-cm\/\" \/>\n<meta property=\"og:site_name\" content=\"Ornaqua - Reprodu\u00e7\u00e3o, Importa\u00e7\u00e3o e Comercio de Peixes Ornamentais\" \/>\n<meta property=\"article:publisher\" content=\"https:\/\/www.facebook.com\/ORNAQUA\" \/>\n<meta property=\"article:modified_time\" content=\"2025-11-10T14:57:53+00:00\" \/>\n<meta property=\"og:image\" content=\"https:\/\/ornaqua.pt\/wp-content\/uploads\/2025\/05\/Imagem-WhatsApp-2025-10-17-as-15.59.39_78f34032.jpg\" \/>\n\t<meta property=\"og:image:width\" content=\"600\" \/>\n\t<meta property=\"og:image:height\" content=\"600\" \/>\n\t<meta property=\"og:image:type\" content=\"image\/jpeg\" \/>\n<meta name=\"twitter:card\" content=\"summary_large_image\" \/>\n<meta name=\"twitter:label1\" content=\"Estimated reading time\" \/>\n\t<meta name=\"twitter:data1\" content=\"2 minutes\" \/>\n<script type=\"application\/ld+json\" class=\"yoast-schema-graph\">{\"@context\":\"https:\/\/schema.org\",\"@graph\":[{\"@type\":\"WebPage\",\"@id\":\"https:\/\/ornaqua.pt\/produto\/ancistrus-sp-long-fin-3-cm\/\",\"url\":\"https:\/\/ornaqua.pt\/produto\/ancistrus-sp-long-fin-3-cm\/\",\"name\":\"Ancistrus L519 Kiefner ll (3-4 cm) - Ornaqua - Reprodu\u00e7\u00e3o, Importa\u00e7\u00e3o e Comercio de Peixes Ornamentais\",\"isPartOf\":{\"@id\":\"https:\/\/ornaqua.pt\/#website\"},\"primaryImageOfPage\":{\"@id\":\"https:\/\/ornaqua.pt\/produto\/ancistrus-sp-long-fin-3-cm\/#primaryimage\"},\"image\":{\"@id\":\"https:\/\/ornaqua.pt\/produto\/ancistrus-sp-long-fin-3-cm\/#primaryimage\"},\"thumbnailUrl\":\"https:\/\/ornaqua.pt\/wp-content\/uploads\/2025\/05\/Imagem-WhatsApp-2025-10-17-as-15.59.39_78f34032.jpg\",\"datePublished\":\"2025-05-23T10:51:49+00:00\",\"dateModified\":\"2025-11-10T14:57:53+00:00\",\"breadcrumb\":{\"@id\":\"https:\/\/ornaqua.pt\/produto\/ancistrus-sp-long-fin-3-cm\/#breadcrumb\"},\"inLanguage\":\"en-GB\",\"potentialAction\":[{\"@type\":\"ReadAction\",\"target\":[\"https:\/\/ornaqua.pt\/produto\/ancistrus-sp-long-fin-3-cm\/\"]}]},{\"@type\":\"ImageObject\",\"inLanguage\":\"en-GB\",\"@id\":\"https:\/\/ornaqua.pt\/produto\/ancistrus-sp-long-fin-3-cm\/#primaryimage\",\"url\":\"https:\/\/ornaqua.pt\/wp-content\/uploads\/2025\/05\/Imagem-WhatsApp-2025-10-17-as-15.59.39_78f34032.jpg\",\"contentUrl\":\"https:\/\/ornaqua.pt\/wp-content\/uploads\/2025\/05\/Imagem-WhatsApp-2025-10-17-as-15.59.39_78f34032.jpg\",\"width\":600,\"height\":600},{\"@type\":\"BreadcrumbList\",\"@id\":\"https:\/\/ornaqua.pt\/produto\/ancistrus-sp-long-fin-3-cm\/#breadcrumb\",\"itemListElement\":[{\"@type\":\"ListItem\",\"position\":1,\"name\":\"In\u00edcio\",\"item\":\"https:\/\/ornaqua.pt\/\"},{\"@type\":\"ListItem\",\"position\":2,\"name\":\"Produtos\",\"item\":\"https:\/\/ornaqua.pt\/produtos\/\"},{\"@type\":\"ListItem\",\"position\":3,\"name\":\"Ancistrus L519 Kiefner ll (3-4 cm)\"}]},{\"@type\":\"WebSite\",\"@id\":\"https:\/\/ornaqua.pt\/#website\",\"url\":\"https:\/\/ornaqua.pt\/\",\"name\":\"Ornaqua - Loja Online\",\"description\":\"Reprodu\u00e7\u00e3o, Importa\u00e7\u00e3o e Comercio de Peixes Ornamentais\",\"publisher\":{\"@id\":\"https:\/\/ornaqua.pt\/#organization\"},\"potentialAction\":[{\"@type\":\"SearchAction\",\"target\":{\"@type\":\"EntryPoint\",\"urlTemplate\":\"https:\/\/ornaqua.pt\/?s={search_term_string}\"},\"query-input\":{\"@type\":\"PropertyValueSpecification\",\"valueRequired\":true,\"valueName\":\"search_term_string\"}}],\"inLanguage\":\"en-GB\"},{\"@type\":\"Organization\",\"@id\":\"https:\/\/ornaqua.pt\/#organization\",\"name\":\"Ornaqua - Reprodu\u00e7\u00e3o, Importa\u00e7\u00e3o e Comercio de Peixes Ornamentais\",\"url\":\"https:\/\/ornaqua.pt\/\",\"logo\":{\"@type\":\"ImageObject\",\"inLanguage\":\"en-GB\",\"@id\":\"https:\/\/ornaqua.pt\/#\/schema\/logo\/image\/\",\"url\":\"https:\/\/ornaqua.pt\/wp-content\/uploads\/2023\/10\/logo_ornaqua_200.png\",\"contentUrl\":\"https:\/\/ornaqua.pt\/wp-content\/uploads\/2023\/10\/logo_ornaqua_200.png\",\"width\":200,\"height\":97,\"caption\":\"Ornaqua - Reprodu\u00e7\u00e3o, Importa\u00e7\u00e3o e Comercio de Peixes Ornamentais\"},\"image\":{\"@id\":\"https:\/\/ornaqua.pt\/#\/schema\/logo\/image\/\"},\"sameAs\":[\"https:\/\/www.facebook.com\/ORNAQUA\",\"https:\/\/www.instagram.com\/ornaqua\/\"]}]}<\/script>\n<!-- \/ Yoast SEO plugin. -->","yoast_head_json":{"title":"Ancistrus L519 Kiefner ll (3-4 cm) - Ornaqua - Reprodu\u00e7\u00e3o, Importa\u00e7\u00e3o e Comercio de Peixes Ornamentais","robots":{"index":"index","follow":"follow","max-snippet":"max-snippet:-1","max-image-preview":"max-image-preview:large","max-video-preview":"max-video-preview:-1"},"canonical":"https:\/\/ornaqua.pt\/en\/product\/ancistrus-sp-long-fin-3-cm\/","og_locale":"en_GB","og_type":"article","og_title":"Ancistrus L519 Kiefner ll (3-4 cm) - Ornaqua - Reprodu\u00e7\u00e3o, Importa\u00e7\u00e3o e Comercio de Peixes Ornamentais","og_description":"Ancistrus sp. \u00e9 um peixe de \u00e1gua doce pertencente \u00e0 fam\u00edlia Loricariidae. Origin\u00e1rio da Am\u00e9rica do Sul, destaca-se pelo seu corpo achatado e uma boca em forma de ventosa que utiliza para se fixar em superf\u00edcies e raspar algas. Os machos apresentam tent\u00e1culos na cabe\u00e7a, o que os diferencia das f\u00eameas. S\u00e3o frequentemente mantidos em [&hellip;]","og_url":"https:\/\/ornaqua.pt\/en\/product\/ancistrus-sp-long-fin-3-cm\/","og_site_name":"Ornaqua - Reprodu\u00e7\u00e3o, Importa\u00e7\u00e3o e Comercio de Peixes Ornamentais","article_publisher":"https:\/\/www.facebook.com\/ORNAQUA","article_modified_time":"2025-11-10T14:57:53+00:00","og_image":[{"width":600,"height":600,"url":"https:\/\/ornaqua.pt\/wp-content\/uploads\/2025\/05\/Imagem-WhatsApp-2025-10-17-as-15.59.39_78f34032.jpg","type":"image\/jpeg"}],"twitter_card":"summary_large_image","twitter_misc":{"Estimated reading time":"2 minutes"},"schema":{"@context":"https:\/\/schema.org","@graph":[{"@type":"WebPage","@id":"https:\/\/ornaqua.pt\/produto\/ancistrus-sp-long-fin-3-cm\/","url":"https:\/\/ornaqua.pt\/produto\/ancistrus-sp-long-fin-3-cm\/","name":"Ancistrus L519 Kiefner ll (3-4 cm) - Ornaqua - Reprodu\u00e7\u00e3o, Importa\u00e7\u00e3o e Comercio de Peixes Ornamentais","isPartOf":{"@id":"https:\/\/ornaqua.pt\/#website"},"primaryImageOfPage":{"@id":"https:\/\/ornaqua.pt\/produto\/ancistrus-sp-long-fin-3-cm\/#primaryimage"},"image":{"@id":"https:\/\/ornaqua.pt\/produto\/ancistrus-sp-long-fin-3-cm\/#primaryimage"},"thumbnailUrl":"https:\/\/ornaqua.pt\/wp-content\/uploads\/2025\/05\/Imagem-WhatsApp-2025-10-17-as-15.59.39_78f34032.jpg","datePublished":"2025-05-23T10:51:49+00:00","dateModified":"2025-11-10T14:57:53+00:00","breadcrumb":{"@id":"https:\/\/ornaqua.pt\/produto\/ancistrus-sp-long-fin-3-cm\/#breadcrumb"},"inLanguage":"en-GB","potentialAction":[{"@type":"ReadAction","target":["https:\/\/ornaqua.pt\/produto\/ancistrus-sp-long-fin-3-cm\/"]}]},{"@type":"ImageObject","inLanguage":"en-GB","@id":"https:\/\/ornaqua.pt\/produto\/ancistrus-sp-long-fin-3-cm\/#primaryimage","url":"https:\/\/ornaqua.pt\/wp-content\/uploads\/2025\/05\/Imagem-WhatsApp-2025-10-17-as-15.59.39_78f34032.jpg","contentUrl":"https:\/\/ornaqua.pt\/wp-content\/uploads\/2025\/05\/Imagem-WhatsApp-2025-10-17-as-15.59.39_78f34032.jpg","width":600,"height":600},{"@type":"BreadcrumbList","@id":"https:\/\/ornaqua.pt\/produto\/ancistrus-sp-long-fin-3-cm\/#breadcrumb","itemListElement":[{"@type":"ListItem","position":1,"name":"In\u00edcio","item":"https:\/\/ornaqua.pt\/"},{"@type":"ListItem","position":2,"name":"Produtos","item":"https:\/\/ornaqua.pt\/produtos\/"},{"@type":"ListItem","position":3,"name":"Ancistrus L519 Kiefner ll (3-4 cm)"}]},{"@type":"WebSite","@id":"https:\/\/ornaqua.pt\/#website","url":"https:\/\/ornaqua.pt\/","name":"Ornaqua - Loja Online","description":"Reprodu\u00e7\u00e3o, Importa\u00e7\u00e3o e Comercio de Peixes Ornamentais","publisher":{"@id":"https:\/\/ornaqua.pt\/#organization"},"potentialAction":[{"@type":"SearchAction","target":{"@type":"EntryPoint","urlTemplate":"https:\/\/ornaqua.pt\/?s={search_term_string}"},"query-input":{"@type":"PropertyValueSpecification","valueRequired":true,"valueName":"search_term_string"}}],"inLanguage":"en-GB"},{"@type":"Organization","@id":"https:\/\/ornaqua.pt\/#organization","name":"Ornaqua - Reprodu\u00e7\u00e3o, Importa\u00e7\u00e3o e Comercio de Peixes Ornamentais","url":"https:\/\/ornaqua.pt\/","logo":{"@type":"ImageObject","inLanguage":"en-GB","@id":"https:\/\/ornaqua.pt\/#\/schema\/logo\/image\/","url":"https:\/\/ornaqua.pt\/wp-content\/uploads\/2023\/10\/logo_ornaqua_200.png","contentUrl":"https:\/\/ornaqua.pt\/wp-content\/uploads\/2023\/10\/logo_ornaqua_200.png","width":200,"height":97,"caption":"Ornaqua - Reprodu\u00e7\u00e3o, Importa\u00e7\u00e3o e Comercio de Peixes Ornamentais"},"image":{"@id":"https:\/\/ornaqua.pt\/#\/schema\/logo\/image\/"},"sameAs":["https:\/\/www.facebook.com\/ORNAQUA","https:\/\/www.instagram.com\/ornaqua\/"]}]}},"_links":{"self":[{"href":"https:\/\/ornaqua.pt\/en\/wp-json\/wp\/v2\/product\/6381","targetHints":{"allow":["GET"]}}],"collection":[{"href":"https:\/\/ornaqua.pt\/en\/wp-json\/wp\/v2\/product"}],"about":[{"href":"https:\/\/ornaqua.pt\/en\/wp-json\/wp\/v2\/types\/product"}],"wp:featuredmedia":[{"embeddable":true,"href":"https:\/\/ornaqua.pt\/en\/wp-json\/wp\/v2\/media\/6751"}],"wp:attachment":[{"href":"https:\/\/ornaqua.pt\/en\/wp-json\/wp\/v2\/media?parent=6381"}],"wp:term":[{"taxonomy":"product_brand","embeddable":true,"href":"https:\/\/ornaqua.pt\/en\/wp-json\/wp\/v2\/product_brand?post=6381"},{"taxonomy":"product_cat","embeddable":true,"href":"https:\/\/ornaqua.pt\/en\/wp-json\/wp\/v2\/product_cat?post=6381"},{"taxonomy":"product_tag","embeddable":true,"href":"https:\/\/ornaqua.pt\/en\/wp-json\/wp\/v2\/product_tag?post=6381"}],"curies":[{"name":"wp","href":"https:\/\/api.w.org\/{rel}","templated":true}]}}