{"id":6205,"date":"2025-02-17T14:34:40","date_gmt":"2025-02-17T14:34:40","guid":{"rendered":"https:\/\/ornaqua.pt\/?post_type=product&#038;p=6205"},"modified":"2026-01-06T18:41:39","modified_gmt":"2026-01-06T18:41:39","slug":"azoo-discus-vitamins-plus-4000-ml","status":"publish","type":"product","link":"https:\/\/ornaqua.pt\/en\/product\/azoo-discus-vitamins-plus-4000-ml\/","title":{"rendered":"Azoo- Discus Vitamins Plus (4000 ml)"},"content":{"rendered":"<p>Cont\u00e9m vitaminas concentradas B1, B2, B6, B12, C, A, D, E e glucano. Consegue o perfeito metabolismo e resist\u00eancia m\u00e1xima de doen\u00e7a no peixe, ajudando na adapta\u00e7\u00e3o correcta na mudan\u00e7a de aqu\u00e1rio. Cura as doen\u00e7as causadas por alimentos incompletos ou maus h\u00e1bitos alimentares prolongados. Tratamento com sucesso no escurecimento do peixe, furos da cabe\u00e7a e escoliose. Cont\u00e9m aditivos essenciais que complementam a nutri\u00e7\u00e3o correcta nos aqu\u00e1rios com Discus.<\/p>","protected":false},"excerpt":{"rendered":"<p>Cont\u00e9m vitaminas concentradas B1, B2, B6, B12, C, A, D, E e glucano. Consegue o perfeito metabolismo e resist\u00eancia m\u00e1xima de doen\u00e7a no peixe, ajudando na adapta\u00e7\u00e3o correcta na mudan\u00e7a de aqu\u00e1rio. Cura as doen\u00e7as causadas por alimentos incompletos ou maus h\u00e1bitos alimentares prolongados. Tratamento com sucesso no escurecimento do peixe, furos da cabe\u00e7a e escoliose. Cont\u00e9m aditivos essenciais que complementam a nutri\u00e7\u00e3o correcta nos aqu\u00e1rios com Discus<\/p>","protected":false},"featured_media":6206,"template":"","meta":{"inline_featured_image":false},"product_brand":[],"product_cat":[40],"product_tag":[],"class_list":{"0":"post-6205","1":"product","2":"type-product","3":"status-publish","4":"has-post-thumbnail","6":"product_cat-alimentacao","8":"first","9":"outofstock","10":"featured","11":"taxable","12":"shipping-taxable","13":"purchasable","14":"product-type-simple"},"yoast_head":"<!-- This site is optimized with the Yoast SEO plugin v27.1.1 - https:\/\/yoast.com\/product\/yoast-seo-wordpress\/ -->\n<title>Azoo- Discus Vitamins Plus (4000 ml) - Ornaqua - Reprodu\u00e7\u00e3o, Importa\u00e7\u00e3o e Comercio de Peixes Ornamentais<\/title>\n<meta name=\"robots\" content=\"index, follow, max-snippet:-1, max-image-preview:large, max-video-preview:-1\" \/>\n<link rel=\"canonical\" href=\"https:\/\/ornaqua.pt\/en\/product\/azoo-discus-vitamins-plus-4000-ml\/\" \/>\n<meta property=\"og:locale\" content=\"en_GB\" \/>\n<meta property=\"og:type\" content=\"article\" \/>\n<meta property=\"og:title\" content=\"Azoo- Discus Vitamins Plus (4000 ml) - Ornaqua - Reprodu\u00e7\u00e3o, Importa\u00e7\u00e3o e Comercio de Peixes Ornamentais\" \/>\n<meta property=\"og:description\" content=\"Cont\u00e9m vitaminas concentradas B1, B2, B6, B12, C, A, D, E e glucano. Consegue o perfeito metabolismo e resist\u00eancia m\u00e1xima de doen\u00e7a no peixe, ajudando na adapta\u00e7\u00e3o correcta na mudan\u00e7a de aqu\u00e1rio. Cura as doen\u00e7as causadas por alimentos incompletos ou maus h\u00e1bitos alimentares prolongados. Tratamento com sucesso no escurecimento do peixe, furos da cabe\u00e7a e escoliose. Cont\u00e9m aditivos essenciais que complementam a nutri\u00e7\u00e3o correcta nos aqu\u00e1rios com Discus\" \/>\n<meta property=\"og:url\" content=\"https:\/\/ornaqua.pt\/en\/product\/azoo-discus-vitamins-plus-4000-ml\/\" \/>\n<meta property=\"og:site_name\" content=\"Ornaqua - Reprodu\u00e7\u00e3o, Importa\u00e7\u00e3o e Comercio de Peixes Ornamentais\" \/>\n<meta property=\"article:publisher\" content=\"https:\/\/www.facebook.com\/ORNAQUA\" \/>\n<meta property=\"article:modified_time\" content=\"2026-01-06T18:41:39+00:00\" \/>\n<meta property=\"og:image\" content=\"https:\/\/ornaqua.pt\/wp-content\/uploads\/2025\/02\/AZ0011.jpg\" \/>\n\t<meta property=\"og:image:width\" content=\"500\" \/>\n\t<meta property=\"og:image:height\" content=\"500\" \/>\n\t<meta property=\"og:image:type\" content=\"image\/jpeg\" \/>\n<meta name=\"twitter:card\" content=\"summary_large_image\" \/>\n<meta name=\"twitter:label1\" content=\"Estimated reading time\" \/>\n\t<meta name=\"twitter:data1\" content=\"1 minute\" \/>\n<script type=\"application\/ld+json\" class=\"yoast-schema-graph\">{\"@context\":\"https:\/\/schema.org\",\"@graph\":[{\"@type\":\"WebPage\",\"@id\":\"https:\/\/ornaqua.pt\/produto\/azoo-discus-vitamins-plus-4000-ml\/\",\"url\":\"https:\/\/ornaqua.pt\/produto\/azoo-discus-vitamins-plus-4000-ml\/\",\"name\":\"Azoo- Discus Vitamins Plus (4000 ml) - Ornaqua - Reprodu\u00e7\u00e3o, Importa\u00e7\u00e3o e Comercio de Peixes Ornamentais\",\"isPartOf\":{\"@id\":\"https:\/\/ornaqua.pt\/#website\"},\"primaryImageOfPage\":{\"@id\":\"https:\/\/ornaqua.pt\/produto\/azoo-discus-vitamins-plus-4000-ml\/#primaryimage\"},\"image\":{\"@id\":\"https:\/\/ornaqua.pt\/produto\/azoo-discus-vitamins-plus-4000-ml\/#primaryimage\"},\"thumbnailUrl\":\"https:\/\/ornaqua.pt\/wp-content\/uploads\/2025\/02\/AZ0011.jpg\",\"datePublished\":\"2025-02-17T14:34:40+00:00\",\"dateModified\":\"2026-01-06T18:41:39+00:00\",\"breadcrumb\":{\"@id\":\"https:\/\/ornaqua.pt\/produto\/azoo-discus-vitamins-plus-4000-ml\/#breadcrumb\"},\"inLanguage\":\"en-GB\",\"potentialAction\":[{\"@type\":\"ReadAction\",\"target\":[\"https:\/\/ornaqua.pt\/produto\/azoo-discus-vitamins-plus-4000-ml\/\"]}]},{\"@type\":\"ImageObject\",\"inLanguage\":\"en-GB\",\"@id\":\"https:\/\/ornaqua.pt\/produto\/azoo-discus-vitamins-plus-4000-ml\/#primaryimage\",\"url\":\"https:\/\/ornaqua.pt\/wp-content\/uploads\/2025\/02\/AZ0011.jpg\",\"contentUrl\":\"https:\/\/ornaqua.pt\/wp-content\/uploads\/2025\/02\/AZ0011.jpg\",\"width\":500,\"height\":500},{\"@type\":\"BreadcrumbList\",\"@id\":\"https:\/\/ornaqua.pt\/produto\/azoo-discus-vitamins-plus-4000-ml\/#breadcrumb\",\"itemListElement\":[{\"@type\":\"ListItem\",\"position\":1,\"name\":\"In\u00edcio\",\"item\":\"https:\/\/ornaqua.pt\/\"},{\"@type\":\"ListItem\",\"position\":2,\"name\":\"Produtos\",\"item\":\"https:\/\/ornaqua.pt\/produtos\/\"},{\"@type\":\"ListItem\",\"position\":3,\"name\":\"Azoo- Discus Vitamins Plus (4000 ml)\"}]},{\"@type\":\"WebSite\",\"@id\":\"https:\/\/ornaqua.pt\/#website\",\"url\":\"https:\/\/ornaqua.pt\/\",\"name\":\"Ornaqua - Loja Online\",\"description\":\"Reprodu\u00e7\u00e3o, Importa\u00e7\u00e3o e Comercio de Peixes Ornamentais\",\"publisher\":{\"@id\":\"https:\/\/ornaqua.pt\/#organization\"},\"potentialAction\":[{\"@type\":\"SearchAction\",\"target\":{\"@type\":\"EntryPoint\",\"urlTemplate\":\"https:\/\/ornaqua.pt\/?s={search_term_string}\"},\"query-input\":{\"@type\":\"PropertyValueSpecification\",\"valueRequired\":true,\"valueName\":\"search_term_string\"}}],\"inLanguage\":\"en-GB\"},{\"@type\":\"Organization\",\"@id\":\"https:\/\/ornaqua.pt\/#organization\",\"name\":\"Ornaqua - Reprodu\u00e7\u00e3o, Importa\u00e7\u00e3o e Comercio de Peixes Ornamentais\",\"url\":\"https:\/\/ornaqua.pt\/\",\"logo\":{\"@type\":\"ImageObject\",\"inLanguage\":\"en-GB\",\"@id\":\"https:\/\/ornaqua.pt\/#\/schema\/logo\/image\/\",\"url\":\"https:\/\/ornaqua.pt\/wp-content\/uploads\/2023\/10\/logo_ornaqua_200.png\",\"contentUrl\":\"https:\/\/ornaqua.pt\/wp-content\/uploads\/2023\/10\/logo_ornaqua_200.png\",\"width\":200,\"height\":97,\"caption\":\"Ornaqua - Reprodu\u00e7\u00e3o, Importa\u00e7\u00e3o e Comercio de Peixes Ornamentais\"},\"image\":{\"@id\":\"https:\/\/ornaqua.pt\/#\/schema\/logo\/image\/\"},\"sameAs\":[\"https:\/\/www.facebook.com\/ORNAQUA\",\"https:\/\/www.instagram.com\/ornaqua\/\"]}]}<\/script>\n<!-- \/ Yoast SEO plugin. -->","yoast_head_json":{"title":"Azoo- Discus Vitamins Plus (4000 ml) - Ornaqua - Reprodu\u00e7\u00e3o, Importa\u00e7\u00e3o e Comercio de Peixes Ornamentais","robots":{"index":"index","follow":"follow","max-snippet":"max-snippet:-1","max-image-preview":"max-image-preview:large","max-video-preview":"max-video-preview:-1"},"canonical":"https:\/\/ornaqua.pt\/en\/product\/azoo-discus-vitamins-plus-4000-ml\/","og_locale":"en_GB","og_type":"article","og_title":"Azoo- Discus Vitamins Plus (4000 ml) - Ornaqua - Reprodu\u00e7\u00e3o, Importa\u00e7\u00e3o e Comercio de Peixes Ornamentais","og_description":"Cont\u00e9m vitaminas concentradas B1, B2, B6, B12, C, A, D, E e glucano. Consegue o perfeito metabolismo e resist\u00eancia m\u00e1xima de doen\u00e7a no peixe, ajudando na adapta\u00e7\u00e3o correcta na mudan\u00e7a de aqu\u00e1rio. Cura as doen\u00e7as causadas por alimentos incompletos ou maus h\u00e1bitos alimentares prolongados. Tratamento com sucesso no escurecimento do peixe, furos da cabe\u00e7a e escoliose. Cont\u00e9m aditivos essenciais que complementam a nutri\u00e7\u00e3o correcta nos aqu\u00e1rios com Discus","og_url":"https:\/\/ornaqua.pt\/en\/product\/azoo-discus-vitamins-plus-4000-ml\/","og_site_name":"Ornaqua - Reprodu\u00e7\u00e3o, Importa\u00e7\u00e3o e Comercio de Peixes Ornamentais","article_publisher":"https:\/\/www.facebook.com\/ORNAQUA","article_modified_time":"2026-01-06T18:41:39+00:00","og_image":[{"width":500,"height":500,"url":"https:\/\/ornaqua.pt\/wp-content\/uploads\/2025\/02\/AZ0011.jpg","type":"image\/jpeg"}],"twitter_card":"summary_large_image","twitter_misc":{"Estimated reading time":"1 minute"},"schema":{"@context":"https:\/\/schema.org","@graph":[{"@type":"WebPage","@id":"https:\/\/ornaqua.pt\/produto\/azoo-discus-vitamins-plus-4000-ml\/","url":"https:\/\/ornaqua.pt\/produto\/azoo-discus-vitamins-plus-4000-ml\/","name":"Azoo- Discus Vitamins Plus (4000 ml) - Ornaqua - Reprodu\u00e7\u00e3o, Importa\u00e7\u00e3o e Comercio de Peixes Ornamentais","isPartOf":{"@id":"https:\/\/ornaqua.pt\/#website"},"primaryImageOfPage":{"@id":"https:\/\/ornaqua.pt\/produto\/azoo-discus-vitamins-plus-4000-ml\/#primaryimage"},"image":{"@id":"https:\/\/ornaqua.pt\/produto\/azoo-discus-vitamins-plus-4000-ml\/#primaryimage"},"thumbnailUrl":"https:\/\/ornaqua.pt\/wp-content\/uploads\/2025\/02\/AZ0011.jpg","datePublished":"2025-02-17T14:34:40+00:00","dateModified":"2026-01-06T18:41:39+00:00","breadcrumb":{"@id":"https:\/\/ornaqua.pt\/produto\/azoo-discus-vitamins-plus-4000-ml\/#breadcrumb"},"inLanguage":"en-GB","potentialAction":[{"@type":"ReadAction","target":["https:\/\/ornaqua.pt\/produto\/azoo-discus-vitamins-plus-4000-ml\/"]}]},{"@type":"ImageObject","inLanguage":"en-GB","@id":"https:\/\/ornaqua.pt\/produto\/azoo-discus-vitamins-plus-4000-ml\/#primaryimage","url":"https:\/\/ornaqua.pt\/wp-content\/uploads\/2025\/02\/AZ0011.jpg","contentUrl":"https:\/\/ornaqua.pt\/wp-content\/uploads\/2025\/02\/AZ0011.jpg","width":500,"height":500},{"@type":"BreadcrumbList","@id":"https:\/\/ornaqua.pt\/produto\/azoo-discus-vitamins-plus-4000-ml\/#breadcrumb","itemListElement":[{"@type":"ListItem","position":1,"name":"In\u00edcio","item":"https:\/\/ornaqua.pt\/"},{"@type":"ListItem","position":2,"name":"Produtos","item":"https:\/\/ornaqua.pt\/produtos\/"},{"@type":"ListItem","position":3,"name":"Azoo- Discus Vitamins Plus (4000 ml)"}]},{"@type":"WebSite","@id":"https:\/\/ornaqua.pt\/#website","url":"https:\/\/ornaqua.pt\/","name":"Ornaqua - Loja Online","description":"Reprodu\u00e7\u00e3o, Importa\u00e7\u00e3o e Comercio de Peixes Ornamentais","publisher":{"@id":"https:\/\/ornaqua.pt\/#organization"},"potentialAction":[{"@type":"SearchAction","target":{"@type":"EntryPoint","urlTemplate":"https:\/\/ornaqua.pt\/?s={search_term_string}"},"query-input":{"@type":"PropertyValueSpecification","valueRequired":true,"valueName":"search_term_string"}}],"inLanguage":"en-GB"},{"@type":"Organization","@id":"https:\/\/ornaqua.pt\/#organization","name":"Ornaqua - Reprodu\u00e7\u00e3o, Importa\u00e7\u00e3o e Comercio de Peixes Ornamentais","url":"https:\/\/ornaqua.pt\/","logo":{"@type":"ImageObject","inLanguage":"en-GB","@id":"https:\/\/ornaqua.pt\/#\/schema\/logo\/image\/","url":"https:\/\/ornaqua.pt\/wp-content\/uploads\/2023\/10\/logo_ornaqua_200.png","contentUrl":"https:\/\/ornaqua.pt\/wp-content\/uploads\/2023\/10\/logo_ornaqua_200.png","width":200,"height":97,"caption":"Ornaqua - Reprodu\u00e7\u00e3o, Importa\u00e7\u00e3o e Comercio de Peixes Ornamentais"},"image":{"@id":"https:\/\/ornaqua.pt\/#\/schema\/logo\/image\/"},"sameAs":["https:\/\/www.facebook.com\/ORNAQUA","https:\/\/www.instagram.com\/ornaqua\/"]}]}},"_links":{"self":[{"href":"https:\/\/ornaqua.pt\/en\/wp-json\/wp\/v2\/product\/6205","targetHints":{"allow":["GET"]}}],"collection":[{"href":"https:\/\/ornaqua.pt\/en\/wp-json\/wp\/v2\/product"}],"about":[{"href":"https:\/\/ornaqua.pt\/en\/wp-json\/wp\/v2\/types\/product"}],"wp:featuredmedia":[{"embeddable":true,"href":"https:\/\/ornaqua.pt\/en\/wp-json\/wp\/v2\/media\/6206"}],"wp:attachment":[{"href":"https:\/\/ornaqua.pt\/en\/wp-json\/wp\/v2\/media?parent=6205"}],"wp:term":[{"taxonomy":"product_brand","embeddable":true,"href":"https:\/\/ornaqua.pt\/en\/wp-json\/wp\/v2\/product_brand?post=6205"},{"taxonomy":"product_cat","embeddable":true,"href":"https:\/\/ornaqua.pt\/en\/wp-json\/wp\/v2\/product_cat?post=6205"},{"taxonomy":"product_tag","embeddable":true,"href":"https:\/\/ornaqua.pt\/en\/wp-json\/wp\/v2\/product_tag?post=6205"}],"curies":[{"name":"wp","href":"https:\/\/api.w.org\/{rel}","templated":true}]}}