{"id":5877,"date":"2024-07-24T10:45:16","date_gmt":"2024-07-24T09:45:16","guid":{"rendered":"http:\/\/ornaqua.pt\/?post_type=product&#038;p=5877"},"modified":"2026-02-02T16:49:40","modified_gmt":"2026-02-02T16:49:40","slug":"discusx-bactocide-1-20g-for-260-liter","status":"publish","type":"product","link":"https:\/\/ornaqua.pt\/en\/product\/discusx-bactocide-1-20g-for-260-liter\/","title":{"rendered":"DiscusX &#8211; Bactocide 1 &#8211; 20g -For 260 liter"},"content":{"rendered":"<p>Bactocide 1 \u00e9 um <a href=\"https:\/\/ornaqua.pt\/en\/product-category\/tratamentos\/\">tratamento<\/a> de \u00e1gua para peixes ornamentais. Uma mistura de compostos eficazes contra protozo\u00e1rios, fungos e bact\u00e9rias. Estes compostos trabalham em conjunto produzindo resultados r\u00e1pidos e fortes porque atuam nas tr\u00eas dire\u00e7\u00f5es principais que s\u00e3o a principal causa da mortalidade dos peixes, ao mesmo tempo que s\u00e3o muito suaves para os peixes. Os peixes absorvem facilmente o Bactocide 1, tornando-o altamente eficaz tanto para doen\u00e7as internas como especialmente externas.<\/p>","protected":false},"excerpt":{"rendered":"<p>Bactocide 1 \u00e9 um tratamento de \u00e1gua para peixes ornamentais. Uma mistura de compostos eficazes contra protozo\u00e1rios, fungos e bact\u00e9rias. Estes compostos trabalham em conjunto produzindo resultados r\u00e1pidos e fortes porque atuam nas tr\u00eas dire\u00e7\u00f5es principais que s\u00e3o a principal causa da mortalidade dos peixes, ao mesmo tempo que s\u00e3o muito suaves para os peixes. [&hellip;]<\/p>\n","protected":false},"featured_media":5993,"template":"","meta":{"inline_featured_image":false},"product_brand":[],"product_cat":[43],"product_tag":[],"class_list":{"0":"post-5877","1":"product","2":"type-product","3":"status-publish","4":"has-post-thumbnail","6":"product_cat-tratamentos","8":"first","9":"instock","10":"featured","11":"taxable","12":"shipping-taxable","13":"purchasable","14":"product-type-simple"},"yoast_head":"<!-- This site is optimized with the Yoast SEO plugin v27.1.1 - https:\/\/yoast.com\/product\/yoast-seo-wordpress\/ -->\n<title>Bactocide 1 \u00e9 um Tratamento de \u00c1gua para Peixes | Ornaqua<\/title>\n<meta name=\"description\" content=\"Bactocide 1 combate fungos, bact\u00e9rias e protozo\u00e1rios em peixes ornamentais. Eficaz, r\u00e1pido e seguro para o aqu\u00e1rio. Trata at\u00e9 260L com 20g.\" \/>\n<meta name=\"robots\" content=\"index, follow, max-snippet:-1, max-image-preview:large, max-video-preview:-1\" \/>\n<link rel=\"canonical\" href=\"https:\/\/ornaqua.pt\/en\/product\/discusx-bactocide-1-20g-for-260-liter\/\" \/>\n<meta property=\"og:locale\" content=\"en_GB\" \/>\n<meta property=\"og:type\" content=\"article\" \/>\n<meta property=\"og:title\" content=\"Bactocide 1 \u00e9 um Tratamento de \u00c1gua para Peixes | Ornaqua\" \/>\n<meta property=\"og:description\" content=\"Bactocide 1 combate fungos, bact\u00e9rias e protozo\u00e1rios em peixes ornamentais. Eficaz, r\u00e1pido e seguro para o aqu\u00e1rio. Trata at\u00e9 260L com 20g.\" \/>\n<meta property=\"og:url\" content=\"https:\/\/ornaqua.pt\/en\/product\/discusx-bactocide-1-20g-for-260-liter\/\" \/>\n<meta property=\"og:site_name\" content=\"Ornaqua - Reprodu\u00e7\u00e3o, Importa\u00e7\u00e3o e Comercio de Peixes Ornamentais\" \/>\n<meta property=\"article:publisher\" content=\"https:\/\/www.facebook.com\/ORNAQUA\" \/>\n<meta property=\"article:modified_time\" content=\"2026-02-02T16:49:40+00:00\" \/>\n<meta property=\"og:image\" content=\"https:\/\/ornaqua.pt\/wp-content\/uploads\/2024\/07\/bactocide1.jpg\" \/>\n\t<meta property=\"og:image:width\" content=\"1110\" \/>\n\t<meta property=\"og:image:height\" content=\"1110\" \/>\n\t<meta property=\"og:image:type\" content=\"image\/jpeg\" \/>\n<meta name=\"twitter:card\" content=\"summary_large_image\" \/>\n<meta name=\"twitter:label1\" content=\"Estimated reading time\" \/>\n\t<meta name=\"twitter:data1\" content=\"1 minute\" \/>\n<script type=\"application\/ld+json\" class=\"yoast-schema-graph\">{\"@context\":\"https:\/\/schema.org\",\"@graph\":[{\"@type\":\"WebPage\",\"@id\":\"https:\/\/ornaqua.pt\/produto\/discusx-bactocide-1-20g-for-260-liter\/\",\"url\":\"https:\/\/ornaqua.pt\/produto\/discusx-bactocide-1-20g-for-260-liter\/\",\"name\":\"Bactocide 1 \u00e9 um Tratamento de \u00c1gua para Peixes | Ornaqua\",\"isPartOf\":{\"@id\":\"https:\/\/ornaqua.pt\/#website\"},\"primaryImageOfPage\":{\"@id\":\"https:\/\/ornaqua.pt\/produto\/discusx-bactocide-1-20g-for-260-liter\/#primaryimage\"},\"image\":{\"@id\":\"https:\/\/ornaqua.pt\/produto\/discusx-bactocide-1-20g-for-260-liter\/#primaryimage\"},\"thumbnailUrl\":\"https:\/\/ornaqua.pt\/wp-content\/uploads\/2024\/07\/bactocide1.jpg\",\"datePublished\":\"2024-07-24T09:45:16+00:00\",\"dateModified\":\"2026-02-02T16:49:40+00:00\",\"description\":\"Bactocide 1 combate fungos, bact\u00e9rias e protozo\u00e1rios em peixes ornamentais. Eficaz, r\u00e1pido e seguro para o aqu\u00e1rio. Trata at\u00e9 260L com 20g.\",\"breadcrumb\":{\"@id\":\"https:\/\/ornaqua.pt\/produto\/discusx-bactocide-1-20g-for-260-liter\/#breadcrumb\"},\"inLanguage\":\"en-GB\",\"potentialAction\":[{\"@type\":\"ReadAction\",\"target\":[\"https:\/\/ornaqua.pt\/produto\/discusx-bactocide-1-20g-for-260-liter\/\"]}]},{\"@type\":\"ImageObject\",\"inLanguage\":\"en-GB\",\"@id\":\"https:\/\/ornaqua.pt\/produto\/discusx-bactocide-1-20g-for-260-liter\/#primaryimage\",\"url\":\"https:\/\/ornaqua.pt\/wp-content\/uploads\/2024\/07\/bactocide1.jpg\",\"contentUrl\":\"https:\/\/ornaqua.pt\/wp-content\/uploads\/2024\/07\/bactocide1.jpg\",\"width\":1110,\"height\":1110,\"caption\":\"Tratamento para Doen\u00e7as de Peixes Ornamentais | Bactocide 1\"},{\"@type\":\"BreadcrumbList\",\"@id\":\"https:\/\/ornaqua.pt\/produto\/discusx-bactocide-1-20g-for-260-liter\/#breadcrumb\",\"itemListElement\":[{\"@type\":\"ListItem\",\"position\":1,\"name\":\"In\u00edcio\",\"item\":\"https:\/\/ornaqua.pt\/\"},{\"@type\":\"ListItem\",\"position\":2,\"name\":\"Produtos\",\"item\":\"https:\/\/ornaqua.pt\/produtos\/\"},{\"@type\":\"ListItem\",\"position\":3,\"name\":\"DiscusX &#8211; Bactocide 1 &#8211; 20g -For 260 liter\"}]},{\"@type\":\"WebSite\",\"@id\":\"https:\/\/ornaqua.pt\/#website\",\"url\":\"https:\/\/ornaqua.pt\/\",\"name\":\"Ornaqua - Loja Online\",\"description\":\"Reprodu\u00e7\u00e3o, Importa\u00e7\u00e3o e Comercio de Peixes Ornamentais\",\"publisher\":{\"@id\":\"https:\/\/ornaqua.pt\/#organization\"},\"potentialAction\":[{\"@type\":\"SearchAction\",\"target\":{\"@type\":\"EntryPoint\",\"urlTemplate\":\"https:\/\/ornaqua.pt\/?s={search_term_string}\"},\"query-input\":{\"@type\":\"PropertyValueSpecification\",\"valueRequired\":true,\"valueName\":\"search_term_string\"}}],\"inLanguage\":\"en-GB\"},{\"@type\":\"Organization\",\"@id\":\"https:\/\/ornaqua.pt\/#organization\",\"name\":\"Ornaqua - Reprodu\u00e7\u00e3o, Importa\u00e7\u00e3o e Comercio de Peixes Ornamentais\",\"url\":\"https:\/\/ornaqua.pt\/\",\"logo\":{\"@type\":\"ImageObject\",\"inLanguage\":\"en-GB\",\"@id\":\"https:\/\/ornaqua.pt\/#\/schema\/logo\/image\/\",\"url\":\"https:\/\/ornaqua.pt\/wp-content\/uploads\/2023\/10\/logo_ornaqua_200.png\",\"contentUrl\":\"https:\/\/ornaqua.pt\/wp-content\/uploads\/2023\/10\/logo_ornaqua_200.png\",\"width\":200,\"height\":97,\"caption\":\"Ornaqua - Reprodu\u00e7\u00e3o, Importa\u00e7\u00e3o e Comercio de Peixes Ornamentais\"},\"image\":{\"@id\":\"https:\/\/ornaqua.pt\/#\/schema\/logo\/image\/\"},\"sameAs\":[\"https:\/\/www.facebook.com\/ORNAQUA\",\"https:\/\/www.instagram.com\/ornaqua\/\"]}]}<\/script>\n<!-- \/ Yoast SEO plugin. -->","yoast_head_json":{"title":"Bactocide 1 \u00e9 um Tratamento de \u00c1gua para Peixes | Ornaqua","description":"Bactocide 1 combate fungos, bact\u00e9rias e protozo\u00e1rios em peixes ornamentais. Eficaz, r\u00e1pido e seguro para o aqu\u00e1rio. Trata at\u00e9 260L com 20g.","robots":{"index":"index","follow":"follow","max-snippet":"max-snippet:-1","max-image-preview":"max-image-preview:large","max-video-preview":"max-video-preview:-1"},"canonical":"https:\/\/ornaqua.pt\/en\/product\/discusx-bactocide-1-20g-for-260-liter\/","og_locale":"en_GB","og_type":"article","og_title":"Bactocide 1 \u00e9 um Tratamento de \u00c1gua para Peixes | Ornaqua","og_description":"Bactocide 1 combate fungos, bact\u00e9rias e protozo\u00e1rios em peixes ornamentais. Eficaz, r\u00e1pido e seguro para o aqu\u00e1rio. Trata at\u00e9 260L com 20g.","og_url":"https:\/\/ornaqua.pt\/en\/product\/discusx-bactocide-1-20g-for-260-liter\/","og_site_name":"Ornaqua - Reprodu\u00e7\u00e3o, Importa\u00e7\u00e3o e Comercio de Peixes Ornamentais","article_publisher":"https:\/\/www.facebook.com\/ORNAQUA","article_modified_time":"2026-02-02T16:49:40+00:00","og_image":[{"width":1110,"height":1110,"url":"https:\/\/ornaqua.pt\/wp-content\/uploads\/2024\/07\/bactocide1.jpg","type":"image\/jpeg"}],"twitter_card":"summary_large_image","twitter_misc":{"Estimated reading time":"1 minute"},"schema":{"@context":"https:\/\/schema.org","@graph":[{"@type":"WebPage","@id":"https:\/\/ornaqua.pt\/produto\/discusx-bactocide-1-20g-for-260-liter\/","url":"https:\/\/ornaqua.pt\/produto\/discusx-bactocide-1-20g-for-260-liter\/","name":"Bactocide 1 \u00e9 um Tratamento de \u00c1gua para Peixes | Ornaqua","isPartOf":{"@id":"https:\/\/ornaqua.pt\/#website"},"primaryImageOfPage":{"@id":"https:\/\/ornaqua.pt\/produto\/discusx-bactocide-1-20g-for-260-liter\/#primaryimage"},"image":{"@id":"https:\/\/ornaqua.pt\/produto\/discusx-bactocide-1-20g-for-260-liter\/#primaryimage"},"thumbnailUrl":"https:\/\/ornaqua.pt\/wp-content\/uploads\/2024\/07\/bactocide1.jpg","datePublished":"2024-07-24T09:45:16+00:00","dateModified":"2026-02-02T16:49:40+00:00","description":"Bactocide 1 combate fungos, bact\u00e9rias e protozo\u00e1rios em peixes ornamentais. Eficaz, r\u00e1pido e seguro para o aqu\u00e1rio. Trata at\u00e9 260L com 20g.","breadcrumb":{"@id":"https:\/\/ornaqua.pt\/produto\/discusx-bactocide-1-20g-for-260-liter\/#breadcrumb"},"inLanguage":"en-GB","potentialAction":[{"@type":"ReadAction","target":["https:\/\/ornaqua.pt\/produto\/discusx-bactocide-1-20g-for-260-liter\/"]}]},{"@type":"ImageObject","inLanguage":"en-GB","@id":"https:\/\/ornaqua.pt\/produto\/discusx-bactocide-1-20g-for-260-liter\/#primaryimage","url":"https:\/\/ornaqua.pt\/wp-content\/uploads\/2024\/07\/bactocide1.jpg","contentUrl":"https:\/\/ornaqua.pt\/wp-content\/uploads\/2024\/07\/bactocide1.jpg","width":1110,"height":1110,"caption":"Tratamento para Doen\u00e7as de Peixes Ornamentais | Bactocide 1"},{"@type":"BreadcrumbList","@id":"https:\/\/ornaqua.pt\/produto\/discusx-bactocide-1-20g-for-260-liter\/#breadcrumb","itemListElement":[{"@type":"ListItem","position":1,"name":"In\u00edcio","item":"https:\/\/ornaqua.pt\/"},{"@type":"ListItem","position":2,"name":"Produtos","item":"https:\/\/ornaqua.pt\/produtos\/"},{"@type":"ListItem","position":3,"name":"DiscusX &#8211; Bactocide 1 &#8211; 20g -For 260 liter"}]},{"@type":"WebSite","@id":"https:\/\/ornaqua.pt\/#website","url":"https:\/\/ornaqua.pt\/","name":"Ornaqua - Loja Online","description":"Reprodu\u00e7\u00e3o, Importa\u00e7\u00e3o e Comercio de Peixes Ornamentais","publisher":{"@id":"https:\/\/ornaqua.pt\/#organization"},"potentialAction":[{"@type":"SearchAction","target":{"@type":"EntryPoint","urlTemplate":"https:\/\/ornaqua.pt\/?s={search_term_string}"},"query-input":{"@type":"PropertyValueSpecification","valueRequired":true,"valueName":"search_term_string"}}],"inLanguage":"en-GB"},{"@type":"Organization","@id":"https:\/\/ornaqua.pt\/#organization","name":"Ornaqua - Reprodu\u00e7\u00e3o, Importa\u00e7\u00e3o e Comercio de Peixes Ornamentais","url":"https:\/\/ornaqua.pt\/","logo":{"@type":"ImageObject","inLanguage":"en-GB","@id":"https:\/\/ornaqua.pt\/#\/schema\/logo\/image\/","url":"https:\/\/ornaqua.pt\/wp-content\/uploads\/2023\/10\/logo_ornaqua_200.png","contentUrl":"https:\/\/ornaqua.pt\/wp-content\/uploads\/2023\/10\/logo_ornaqua_200.png","width":200,"height":97,"caption":"Ornaqua - Reprodu\u00e7\u00e3o, Importa\u00e7\u00e3o e Comercio de Peixes Ornamentais"},"image":{"@id":"https:\/\/ornaqua.pt\/#\/schema\/logo\/image\/"},"sameAs":["https:\/\/www.facebook.com\/ORNAQUA","https:\/\/www.instagram.com\/ornaqua\/"]}]}},"_links":{"self":[{"href":"https:\/\/ornaqua.pt\/en\/wp-json\/wp\/v2\/product\/5877","targetHints":{"allow":["GET"]}}],"collection":[{"href":"https:\/\/ornaqua.pt\/en\/wp-json\/wp\/v2\/product"}],"about":[{"href":"https:\/\/ornaqua.pt\/en\/wp-json\/wp\/v2\/types\/product"}],"wp:featuredmedia":[{"embeddable":true,"href":"https:\/\/ornaqua.pt\/en\/wp-json\/wp\/v2\/media\/5993"}],"wp:attachment":[{"href":"https:\/\/ornaqua.pt\/en\/wp-json\/wp\/v2\/media?parent=5877"}],"wp:term":[{"taxonomy":"product_brand","embeddable":true,"href":"https:\/\/ornaqua.pt\/en\/wp-json\/wp\/v2\/product_brand?post=5877"},{"taxonomy":"product_cat","embeddable":true,"href":"https:\/\/ornaqua.pt\/en\/wp-json\/wp\/v2\/product_cat?post=5877"},{"taxonomy":"product_tag","embeddable":true,"href":"https:\/\/ornaqua.pt\/en\/wp-json\/wp\/v2\/product_tag?post=5877"}],"curies":[{"name":"wp","href":"https:\/\/api.w.org\/{rel}","templated":true}]}}