{"id":5267,"date":"2023-07-15T19:20:52","date_gmt":"2023-07-15T18:20:52","guid":{"rendered":"http:\/\/ornaqua.pt\/produto\/ocean-nutrition-brine-shrimp-eggs-in-sea-salt-premix-30g\/"},"modified":"2025-03-21T15:47:10","modified_gmt":"2025-03-21T15:47:10","slug":"ocean-nutrition-brine-shrimp-eggs-in-sea-salt-premix-30g","status":"publish","type":"product","link":"https:\/\/ornaqua.pt\/en\/product\/ocean-nutrition-brine-shrimp-eggs-in-sea-salt-premix-30g\/","title":{"rendered":"Ocean Nutrition-Brine Shrimp Eggs in sea salt premix (30g)"},"content":{"rendered":"<p>Cont\u00e9m a mistura ideal de Ovos de Art\u00eamia e sal marinho para 1 litro (28 gramas de sal marinho e 2 gramas de Artemia Cistos) ou 2 litros de \u00e1gua (47 gramas de sal marinho e 3 gramas de Artemia Cistos). Basta adicionar \u00e1gua fresca, agitar vigorosamente e est\u00e1 pronto para come\u00e7ar a eclodir.<\/p>","protected":false},"excerpt":{"rendered":"<p>Cont\u00e9m a mistura ideal de Ovos de Art\u00eamia e sal marinho para 1 litro (28 gramas de sal marinho e 2 gramas de Artemia Cistos) ou 2 litros de \u00e1gua (47 gramas de sal marinho e 3 gramas de Artemia Cistos). Basta adicionar \u00e1gua fresca, agitar vigorosamente e est\u00e1 pronto para come\u00e7ar a eclodir.<\/p>","protected":false},"featured_media":5320,"template":"","meta":{"inline_featured_image":false},"product_brand":[],"product_cat":[40],"product_tag":[],"class_list":{"0":"post-5267","1":"product","2":"type-product","3":"status-publish","4":"has-post-thumbnail","6":"product_cat-alimentacao","8":"first","9":"outofstock","10":"taxable","11":"shipping-taxable","12":"purchasable","13":"product-type-simple"},"yoast_head":"<!-- This site is optimized with the Yoast SEO plugin v27.1.1 - https:\/\/yoast.com\/product\/yoast-seo-wordpress\/ -->\n<title>Ocean Nutrition-Brine Shrimp Eggs in sea salt premix (30g) - Ornaqua - Reprodu\u00e7\u00e3o, Importa\u00e7\u00e3o e Comercio de Peixes Ornamentais<\/title>\n<meta name=\"robots\" content=\"index, follow, max-snippet:-1, max-image-preview:large, max-video-preview:-1\" \/>\n<link rel=\"canonical\" href=\"https:\/\/ornaqua.pt\/en\/product\/ocean-nutrition-brine-shrimp-eggs-in-sea-salt-premix-30g\/\" \/>\n<meta property=\"og:locale\" content=\"en_GB\" \/>\n<meta property=\"og:type\" content=\"article\" \/>\n<meta property=\"og:title\" content=\"Ocean Nutrition-Brine Shrimp Eggs in sea salt premix (30g) - Ornaqua - Reprodu\u00e7\u00e3o, Importa\u00e7\u00e3o e Comercio de Peixes Ornamentais\" \/>\n<meta property=\"og:description\" content=\"Cont\u00e9m a mistura ideal de Ovos de Art\u00eamia e sal marinho para 1 litro (28 gramas de sal marinho e 2 gramas de Artemia Cistos) ou 2 litros de \u00e1gua (47 gramas de sal marinho e 3 gramas de Artemia Cistos). Basta adicionar \u00e1gua fresca, agitar vigorosamente e est\u00e1 pronto para come\u00e7ar a eclodir.\" \/>\n<meta property=\"og:url\" content=\"https:\/\/ornaqua.pt\/en\/product\/ocean-nutrition-brine-shrimp-eggs-in-sea-salt-premix-30g\/\" \/>\n<meta property=\"og:site_name\" content=\"Ornaqua - Reprodu\u00e7\u00e3o, Importa\u00e7\u00e3o e Comercio de Peixes Ornamentais\" \/>\n<meta property=\"article:publisher\" content=\"https:\/\/www.facebook.com\/ORNAQUA\" \/>\n<meta property=\"article:modified_time\" content=\"2025-03-21T15:47:10+00:00\" \/>\n<meta property=\"og:image\" content=\"https:\/\/ornaqua.pt\/wp-content\/uploads\/2023\/07\/ON016-1.jpg\" \/>\n\t<meta property=\"og:image:width\" content=\"800\" \/>\n\t<meta property=\"og:image:height\" content=\"800\" \/>\n\t<meta property=\"og:image:type\" content=\"image\/jpeg\" \/>\n<meta name=\"twitter:card\" content=\"summary_large_image\" \/>\n<script type=\"application\/ld+json\" class=\"yoast-schema-graph\">{\"@context\":\"https:\/\/schema.org\",\"@graph\":[{\"@type\":\"WebPage\",\"@id\":\"https:\/\/ornaqua.pt\/produto\/ocean-nutrition-brine-shrimp-eggs-in-sea-salt-premix-30g\/\",\"url\":\"https:\/\/ornaqua.pt\/produto\/ocean-nutrition-brine-shrimp-eggs-in-sea-salt-premix-30g\/\",\"name\":\"Ocean Nutrition-Brine Shrimp Eggs in sea salt premix (30g) - Ornaqua - Reprodu\u00e7\u00e3o, Importa\u00e7\u00e3o e Comercio de Peixes Ornamentais\",\"isPartOf\":{\"@id\":\"https:\/\/ornaqua.pt\/#website\"},\"primaryImageOfPage\":{\"@id\":\"https:\/\/ornaqua.pt\/produto\/ocean-nutrition-brine-shrimp-eggs-in-sea-salt-premix-30g\/#primaryimage\"},\"image\":{\"@id\":\"https:\/\/ornaqua.pt\/produto\/ocean-nutrition-brine-shrimp-eggs-in-sea-salt-premix-30g\/#primaryimage\"},\"thumbnailUrl\":\"https:\/\/ornaqua.pt\/wp-content\/uploads\/2023\/07\/ON016-1.jpg\",\"datePublished\":\"2023-07-15T18:20:52+00:00\",\"dateModified\":\"2025-03-21T15:47:10+00:00\",\"breadcrumb\":{\"@id\":\"https:\/\/ornaqua.pt\/produto\/ocean-nutrition-brine-shrimp-eggs-in-sea-salt-premix-30g\/#breadcrumb\"},\"inLanguage\":\"en-GB\",\"potentialAction\":[{\"@type\":\"ReadAction\",\"target\":[\"https:\/\/ornaqua.pt\/produto\/ocean-nutrition-brine-shrimp-eggs-in-sea-salt-premix-30g\/\"]}]},{\"@type\":\"ImageObject\",\"inLanguage\":\"en-GB\",\"@id\":\"https:\/\/ornaqua.pt\/produto\/ocean-nutrition-brine-shrimp-eggs-in-sea-salt-premix-30g\/#primaryimage\",\"url\":\"https:\/\/ornaqua.pt\/wp-content\/uploads\/2023\/07\/ON016-1.jpg\",\"contentUrl\":\"https:\/\/ornaqua.pt\/wp-content\/uploads\/2023\/07\/ON016-1.jpg\",\"width\":800,\"height\":800},{\"@type\":\"BreadcrumbList\",\"@id\":\"https:\/\/ornaqua.pt\/produto\/ocean-nutrition-brine-shrimp-eggs-in-sea-salt-premix-30g\/#breadcrumb\",\"itemListElement\":[{\"@type\":\"ListItem\",\"position\":1,\"name\":\"In\u00edcio\",\"item\":\"https:\/\/ornaqua.pt\/\"},{\"@type\":\"ListItem\",\"position\":2,\"name\":\"Produtos\",\"item\":\"https:\/\/ornaqua.pt\/produtos\/\"},{\"@type\":\"ListItem\",\"position\":3,\"name\":\"Ocean Nutrition-Brine Shrimp Eggs in sea salt premix (30g)\"}]},{\"@type\":\"WebSite\",\"@id\":\"https:\/\/ornaqua.pt\/#website\",\"url\":\"https:\/\/ornaqua.pt\/\",\"name\":\"Ornaqua - Loja Online\",\"description\":\"Reprodu\u00e7\u00e3o, Importa\u00e7\u00e3o e Comercio de Peixes Ornamentais\",\"publisher\":{\"@id\":\"https:\/\/ornaqua.pt\/#organization\"},\"potentialAction\":[{\"@type\":\"SearchAction\",\"target\":{\"@type\":\"EntryPoint\",\"urlTemplate\":\"https:\/\/ornaqua.pt\/?s={search_term_string}\"},\"query-input\":{\"@type\":\"PropertyValueSpecification\",\"valueRequired\":true,\"valueName\":\"search_term_string\"}}],\"inLanguage\":\"en-GB\"},{\"@type\":\"Organization\",\"@id\":\"https:\/\/ornaqua.pt\/#organization\",\"name\":\"Ornaqua - Reprodu\u00e7\u00e3o, Importa\u00e7\u00e3o e Comercio de Peixes Ornamentais\",\"url\":\"https:\/\/ornaqua.pt\/\",\"logo\":{\"@type\":\"ImageObject\",\"inLanguage\":\"en-GB\",\"@id\":\"https:\/\/ornaqua.pt\/#\/schema\/logo\/image\/\",\"url\":\"https:\/\/ornaqua.pt\/wp-content\/uploads\/2023\/10\/logo_ornaqua_200.png\",\"contentUrl\":\"https:\/\/ornaqua.pt\/wp-content\/uploads\/2023\/10\/logo_ornaqua_200.png\",\"width\":200,\"height\":97,\"caption\":\"Ornaqua - Reprodu\u00e7\u00e3o, Importa\u00e7\u00e3o e Comercio de Peixes Ornamentais\"},\"image\":{\"@id\":\"https:\/\/ornaqua.pt\/#\/schema\/logo\/image\/\"},\"sameAs\":[\"https:\/\/www.facebook.com\/ORNAQUA\",\"https:\/\/www.instagram.com\/ornaqua\/\"]}]}<\/script>\n<!-- \/ Yoast SEO plugin. -->","yoast_head_json":{"title":"Ocean Nutrition-Brine Shrimp Eggs in sea salt premix (30g) - Ornaqua - Reprodu\u00e7\u00e3o, Importa\u00e7\u00e3o e Comercio de Peixes Ornamentais","robots":{"index":"index","follow":"follow","max-snippet":"max-snippet:-1","max-image-preview":"max-image-preview:large","max-video-preview":"max-video-preview:-1"},"canonical":"https:\/\/ornaqua.pt\/en\/product\/ocean-nutrition-brine-shrimp-eggs-in-sea-salt-premix-30g\/","og_locale":"en_GB","og_type":"article","og_title":"Ocean Nutrition-Brine Shrimp Eggs in sea salt premix (30g) - Ornaqua - Reprodu\u00e7\u00e3o, Importa\u00e7\u00e3o e Comercio de Peixes Ornamentais","og_description":"Cont\u00e9m a mistura ideal de Ovos de Art\u00eamia e sal marinho para 1 litro (28 gramas de sal marinho e 2 gramas de Artemia Cistos) ou 2 litros de \u00e1gua (47 gramas de sal marinho e 3 gramas de Artemia Cistos). Basta adicionar \u00e1gua fresca, agitar vigorosamente e est\u00e1 pronto para come\u00e7ar a eclodir.","og_url":"https:\/\/ornaqua.pt\/en\/product\/ocean-nutrition-brine-shrimp-eggs-in-sea-salt-premix-30g\/","og_site_name":"Ornaqua - Reprodu\u00e7\u00e3o, Importa\u00e7\u00e3o e Comercio de Peixes Ornamentais","article_publisher":"https:\/\/www.facebook.com\/ORNAQUA","article_modified_time":"2025-03-21T15:47:10+00:00","og_image":[{"width":800,"height":800,"url":"https:\/\/ornaqua.pt\/wp-content\/uploads\/2023\/07\/ON016-1.jpg","type":"image\/jpeg"}],"twitter_card":"summary_large_image","schema":{"@context":"https:\/\/schema.org","@graph":[{"@type":"WebPage","@id":"https:\/\/ornaqua.pt\/produto\/ocean-nutrition-brine-shrimp-eggs-in-sea-salt-premix-30g\/","url":"https:\/\/ornaqua.pt\/produto\/ocean-nutrition-brine-shrimp-eggs-in-sea-salt-premix-30g\/","name":"Ocean Nutrition-Brine Shrimp Eggs in sea salt premix (30g) - Ornaqua - Reprodu\u00e7\u00e3o, Importa\u00e7\u00e3o e Comercio de Peixes Ornamentais","isPartOf":{"@id":"https:\/\/ornaqua.pt\/#website"},"primaryImageOfPage":{"@id":"https:\/\/ornaqua.pt\/produto\/ocean-nutrition-brine-shrimp-eggs-in-sea-salt-premix-30g\/#primaryimage"},"image":{"@id":"https:\/\/ornaqua.pt\/produto\/ocean-nutrition-brine-shrimp-eggs-in-sea-salt-premix-30g\/#primaryimage"},"thumbnailUrl":"https:\/\/ornaqua.pt\/wp-content\/uploads\/2023\/07\/ON016-1.jpg","datePublished":"2023-07-15T18:20:52+00:00","dateModified":"2025-03-21T15:47:10+00:00","breadcrumb":{"@id":"https:\/\/ornaqua.pt\/produto\/ocean-nutrition-brine-shrimp-eggs-in-sea-salt-premix-30g\/#breadcrumb"},"inLanguage":"en-GB","potentialAction":[{"@type":"ReadAction","target":["https:\/\/ornaqua.pt\/produto\/ocean-nutrition-brine-shrimp-eggs-in-sea-salt-premix-30g\/"]}]},{"@type":"ImageObject","inLanguage":"en-GB","@id":"https:\/\/ornaqua.pt\/produto\/ocean-nutrition-brine-shrimp-eggs-in-sea-salt-premix-30g\/#primaryimage","url":"https:\/\/ornaqua.pt\/wp-content\/uploads\/2023\/07\/ON016-1.jpg","contentUrl":"https:\/\/ornaqua.pt\/wp-content\/uploads\/2023\/07\/ON016-1.jpg","width":800,"height":800},{"@type":"BreadcrumbList","@id":"https:\/\/ornaqua.pt\/produto\/ocean-nutrition-brine-shrimp-eggs-in-sea-salt-premix-30g\/#breadcrumb","itemListElement":[{"@type":"ListItem","position":1,"name":"In\u00edcio","item":"https:\/\/ornaqua.pt\/"},{"@type":"ListItem","position":2,"name":"Produtos","item":"https:\/\/ornaqua.pt\/produtos\/"},{"@type":"ListItem","position":3,"name":"Ocean Nutrition-Brine Shrimp Eggs in sea salt premix (30g)"}]},{"@type":"WebSite","@id":"https:\/\/ornaqua.pt\/#website","url":"https:\/\/ornaqua.pt\/","name":"Ornaqua - Loja Online","description":"Reprodu\u00e7\u00e3o, Importa\u00e7\u00e3o e Comercio de Peixes Ornamentais","publisher":{"@id":"https:\/\/ornaqua.pt\/#organization"},"potentialAction":[{"@type":"SearchAction","target":{"@type":"EntryPoint","urlTemplate":"https:\/\/ornaqua.pt\/?s={search_term_string}"},"query-input":{"@type":"PropertyValueSpecification","valueRequired":true,"valueName":"search_term_string"}}],"inLanguage":"en-GB"},{"@type":"Organization","@id":"https:\/\/ornaqua.pt\/#organization","name":"Ornaqua - Reprodu\u00e7\u00e3o, Importa\u00e7\u00e3o e Comercio de Peixes Ornamentais","url":"https:\/\/ornaqua.pt\/","logo":{"@type":"ImageObject","inLanguage":"en-GB","@id":"https:\/\/ornaqua.pt\/#\/schema\/logo\/image\/","url":"https:\/\/ornaqua.pt\/wp-content\/uploads\/2023\/10\/logo_ornaqua_200.png","contentUrl":"https:\/\/ornaqua.pt\/wp-content\/uploads\/2023\/10\/logo_ornaqua_200.png","width":200,"height":97,"caption":"Ornaqua - Reprodu\u00e7\u00e3o, Importa\u00e7\u00e3o e Comercio de Peixes Ornamentais"},"image":{"@id":"https:\/\/ornaqua.pt\/#\/schema\/logo\/image\/"},"sameAs":["https:\/\/www.facebook.com\/ORNAQUA","https:\/\/www.instagram.com\/ornaqua\/"]}]}},"_links":{"self":[{"href":"https:\/\/ornaqua.pt\/en\/wp-json\/wp\/v2\/product\/5267","targetHints":{"allow":["GET"]}}],"collection":[{"href":"https:\/\/ornaqua.pt\/en\/wp-json\/wp\/v2\/product"}],"about":[{"href":"https:\/\/ornaqua.pt\/en\/wp-json\/wp\/v2\/types\/product"}],"wp:featuredmedia":[{"embeddable":true,"href":"https:\/\/ornaqua.pt\/en\/wp-json\/wp\/v2\/media\/5320"}],"wp:attachment":[{"href":"https:\/\/ornaqua.pt\/en\/wp-json\/wp\/v2\/media?parent=5267"}],"wp:term":[{"taxonomy":"product_brand","embeddable":true,"href":"https:\/\/ornaqua.pt\/en\/wp-json\/wp\/v2\/product_brand?post=5267"},{"taxonomy":"product_cat","embeddable":true,"href":"https:\/\/ornaqua.pt\/en\/wp-json\/wp\/v2\/product_cat?post=5267"},{"taxonomy":"product_tag","embeddable":true,"href":"https:\/\/ornaqua.pt\/en\/wp-json\/wp\/v2\/product_tag?post=5267"}],"curies":[{"name":"wp","href":"https:\/\/api.w.org\/{rel}","templated":true}]}}