{"id":5237,"date":"2023-07-15T19:19:54","date_gmt":"2023-07-15T18:19:54","guid":{"rendered":"http:\/\/ornaqua.pt\/produto\/ocean-nutrition-discus-flakes-34g\/"},"modified":"2026-03-27T11:45:29","modified_gmt":"2026-03-27T11:45:29","slug":"ocean-nutrition-discus-flakes-34g","status":"publish","type":"product","link":"https:\/\/ornaqua.pt\/en\/product\/ocean-nutrition-discus-flakes-34g\/","title":{"rendered":"Ocean Nutrition-Discus Flakes (34g)"},"content":{"rendered":"<p>Um delicioso alimento b\u00e1sico especialmente formulado para estimular a colora\u00e7\u00e3o, a sa\u00fade e o crescimento do \u201cRei\u201d do aqu\u00e1rio. O alto n\u00edvel de prote\u00ednas e vitaminas neste floco estimular\u00e1 o crescimento e a reprodu\u00e7\u00e3o equilibrados. A comida reduz o estresse e promove a produ\u00e7\u00e3o de muco. Cont\u00e9m alho, spirulina, intensificadores de cor naturais e refor\u00e7os imunol\u00f3gicos. Distribui\u00e7\u00e3o 3-4 vezes por dia.<br \/>\nUma dieta altamente atrativa, muito saborosa e de f\u00e1cil digest\u00e3o.<br \/>\nFormulado e testado por bi\u00f3logos da aquacultura. N\u00e3o turva a \u00e1gua.<\/p>","protected":false},"excerpt":{"rendered":"<p>Um delicioso alimento b\u00e1sico especialmente formulado para estimular a colora\u00e7\u00e3o, a sa\u00fade e o crescimento do \u201cRei\u201d do aqu\u00e1rio. O alto n\u00edvel de prote\u00ednas e vitaminas neste floco estimular\u00e1 o crescimento e a reprodu\u00e7\u00e3o equilibrados. A comida reduz o estresse e promove a produ\u00e7\u00e3o de muco. Cont\u00e9m alho, spirulina, intensificadores de cor naturais e refor\u00e7os [&hellip;]<\/p>\n","protected":false},"featured_media":5305,"template":"","meta":{"inline_featured_image":false},"product_brand":[],"product_cat":[40],"product_tag":[],"class_list":{"0":"post-5237","1":"product","2":"type-product","3":"status-publish","4":"has-post-thumbnail","6":"product_cat-alimentacao","8":"first","9":"instock","10":"taxable","11":"shipping-taxable","12":"purchasable","13":"product-type-simple"},"yoast_head":"<!-- This site is optimized with the Yoast SEO plugin v27.1.1 - https:\/\/yoast.com\/product\/yoast-seo-wordpress\/ -->\n<title>Ocean Nutrition-Discus Flakes (34g) - Ornaqua - Reprodu\u00e7\u00e3o, Importa\u00e7\u00e3o e Comercio de Peixes Ornamentais<\/title>\n<meta name=\"robots\" content=\"index, follow, max-snippet:-1, max-image-preview:large, max-video-preview:-1\" \/>\n<link rel=\"canonical\" href=\"https:\/\/ornaqua.pt\/en\/product\/ocean-nutrition-discus-flakes-34g\/\" \/>\n<meta property=\"og:locale\" content=\"en_GB\" \/>\n<meta property=\"og:type\" content=\"article\" \/>\n<meta property=\"og:title\" content=\"Ocean Nutrition-Discus Flakes (34g) - Ornaqua - Reprodu\u00e7\u00e3o, Importa\u00e7\u00e3o e Comercio de Peixes Ornamentais\" \/>\n<meta property=\"og:description\" content=\"Um delicioso alimento b\u00e1sico especialmente formulado para estimular a colora\u00e7\u00e3o, a sa\u00fade e o crescimento do \u201cRei\u201d do aqu\u00e1rio. O alto n\u00edvel de prote\u00ednas e vitaminas neste floco estimular\u00e1 o crescimento e a reprodu\u00e7\u00e3o equilibrados. A comida reduz o estresse e promove a produ\u00e7\u00e3o de muco. Cont\u00e9m alho, spirulina, intensificadores de cor naturais e refor\u00e7os [&hellip;]\" \/>\n<meta property=\"og:url\" content=\"https:\/\/ornaqua.pt\/en\/product\/ocean-nutrition-discus-flakes-34g\/\" \/>\n<meta property=\"og:site_name\" content=\"Ornaqua - Reprodu\u00e7\u00e3o, Importa\u00e7\u00e3o e Comercio de Peixes Ornamentais\" \/>\n<meta property=\"article:publisher\" content=\"https:\/\/www.facebook.com\/ORNAQUA\" \/>\n<meta property=\"article:modified_time\" content=\"2026-03-27T11:45:29+00:00\" \/>\n<meta property=\"og:image\" content=\"https:\/\/ornaqua.pt\/wp-content\/uploads\/2023\/07\/ON001-1.jpg\" \/>\n\t<meta property=\"og:image:width\" content=\"800\" \/>\n\t<meta property=\"og:image:height\" content=\"800\" \/>\n\t<meta property=\"og:image:type\" content=\"image\/jpeg\" \/>\n<meta name=\"twitter:card\" content=\"summary_large_image\" \/>\n<script type=\"application\/ld+json\" class=\"yoast-schema-graph\">{\"@context\":\"https:\/\/schema.org\",\"@graph\":[{\"@type\":\"WebPage\",\"@id\":\"https:\/\/ornaqua.pt\/produto\/ocean-nutrition-discus-flakes-34g\/\",\"url\":\"https:\/\/ornaqua.pt\/produto\/ocean-nutrition-discus-flakes-34g\/\",\"name\":\"Ocean Nutrition-Discus Flakes (34g) - Ornaqua - Reprodu\u00e7\u00e3o, Importa\u00e7\u00e3o e Comercio de Peixes Ornamentais\",\"isPartOf\":{\"@id\":\"https:\/\/ornaqua.pt\/#website\"},\"primaryImageOfPage\":{\"@id\":\"https:\/\/ornaqua.pt\/produto\/ocean-nutrition-discus-flakes-34g\/#primaryimage\"},\"image\":{\"@id\":\"https:\/\/ornaqua.pt\/produto\/ocean-nutrition-discus-flakes-34g\/#primaryimage\"},\"thumbnailUrl\":\"https:\/\/ornaqua.pt\/wp-content\/uploads\/2023\/07\/ON001-1.jpg\",\"datePublished\":\"2023-07-15T18:19:54+00:00\",\"dateModified\":\"2026-03-27T11:45:29+00:00\",\"breadcrumb\":{\"@id\":\"https:\/\/ornaqua.pt\/produto\/ocean-nutrition-discus-flakes-34g\/#breadcrumb\"},\"inLanguage\":\"en-GB\",\"potentialAction\":[{\"@type\":\"ReadAction\",\"target\":[\"https:\/\/ornaqua.pt\/produto\/ocean-nutrition-discus-flakes-34g\/\"]}]},{\"@type\":\"ImageObject\",\"inLanguage\":\"en-GB\",\"@id\":\"https:\/\/ornaqua.pt\/produto\/ocean-nutrition-discus-flakes-34g\/#primaryimage\",\"url\":\"https:\/\/ornaqua.pt\/wp-content\/uploads\/2023\/07\/ON001-1.jpg\",\"contentUrl\":\"https:\/\/ornaqua.pt\/wp-content\/uploads\/2023\/07\/ON001-1.jpg\",\"width\":800,\"height\":800},{\"@type\":\"BreadcrumbList\",\"@id\":\"https:\/\/ornaqua.pt\/produto\/ocean-nutrition-discus-flakes-34g\/#breadcrumb\",\"itemListElement\":[{\"@type\":\"ListItem\",\"position\":1,\"name\":\"In\u00edcio\",\"item\":\"https:\/\/ornaqua.pt\/\"},{\"@type\":\"ListItem\",\"position\":2,\"name\":\"Produtos\",\"item\":\"https:\/\/ornaqua.pt\/produtos\/\"},{\"@type\":\"ListItem\",\"position\":3,\"name\":\"Ocean Nutrition-Discus Flakes (34g)\"}]},{\"@type\":\"WebSite\",\"@id\":\"https:\/\/ornaqua.pt\/#website\",\"url\":\"https:\/\/ornaqua.pt\/\",\"name\":\"Ornaqua - Loja Online\",\"description\":\"Reprodu\u00e7\u00e3o, Importa\u00e7\u00e3o e Comercio de Peixes Ornamentais\",\"publisher\":{\"@id\":\"https:\/\/ornaqua.pt\/#organization\"},\"potentialAction\":[{\"@type\":\"SearchAction\",\"target\":{\"@type\":\"EntryPoint\",\"urlTemplate\":\"https:\/\/ornaqua.pt\/?s={search_term_string}\"},\"query-input\":{\"@type\":\"PropertyValueSpecification\",\"valueRequired\":true,\"valueName\":\"search_term_string\"}}],\"inLanguage\":\"en-GB\"},{\"@type\":\"Organization\",\"@id\":\"https:\/\/ornaqua.pt\/#organization\",\"name\":\"Ornaqua - Reprodu\u00e7\u00e3o, Importa\u00e7\u00e3o e Comercio de Peixes Ornamentais\",\"url\":\"https:\/\/ornaqua.pt\/\",\"logo\":{\"@type\":\"ImageObject\",\"inLanguage\":\"en-GB\",\"@id\":\"https:\/\/ornaqua.pt\/#\/schema\/logo\/image\/\",\"url\":\"https:\/\/ornaqua.pt\/wp-content\/uploads\/2023\/10\/logo_ornaqua_200.png\",\"contentUrl\":\"https:\/\/ornaqua.pt\/wp-content\/uploads\/2023\/10\/logo_ornaqua_200.png\",\"width\":200,\"height\":97,\"caption\":\"Ornaqua - Reprodu\u00e7\u00e3o, Importa\u00e7\u00e3o e Comercio de Peixes Ornamentais\"},\"image\":{\"@id\":\"https:\/\/ornaqua.pt\/#\/schema\/logo\/image\/\"},\"sameAs\":[\"https:\/\/www.facebook.com\/ORNAQUA\",\"https:\/\/www.instagram.com\/ornaqua\/\"]}]}<\/script>\n<!-- \/ Yoast SEO plugin. -->","yoast_head_json":{"title":"Ocean Nutrition-Discus Flakes (34g) - Ornaqua - Reprodu\u00e7\u00e3o, Importa\u00e7\u00e3o e Comercio de Peixes Ornamentais","robots":{"index":"index","follow":"follow","max-snippet":"max-snippet:-1","max-image-preview":"max-image-preview:large","max-video-preview":"max-video-preview:-1"},"canonical":"https:\/\/ornaqua.pt\/en\/product\/ocean-nutrition-discus-flakes-34g\/","og_locale":"en_GB","og_type":"article","og_title":"Ocean Nutrition-Discus Flakes (34g) - Ornaqua - Reprodu\u00e7\u00e3o, Importa\u00e7\u00e3o e Comercio de Peixes Ornamentais","og_description":"Um delicioso alimento b\u00e1sico especialmente formulado para estimular a colora\u00e7\u00e3o, a sa\u00fade e o crescimento do \u201cRei\u201d do aqu\u00e1rio. O alto n\u00edvel de prote\u00ednas e vitaminas neste floco estimular\u00e1 o crescimento e a reprodu\u00e7\u00e3o equilibrados. A comida reduz o estresse e promove a produ\u00e7\u00e3o de muco. Cont\u00e9m alho, spirulina, intensificadores de cor naturais e refor\u00e7os [&hellip;]","og_url":"https:\/\/ornaqua.pt\/en\/product\/ocean-nutrition-discus-flakes-34g\/","og_site_name":"Ornaqua - Reprodu\u00e7\u00e3o, Importa\u00e7\u00e3o e Comercio de Peixes Ornamentais","article_publisher":"https:\/\/www.facebook.com\/ORNAQUA","article_modified_time":"2026-03-27T11:45:29+00:00","og_image":[{"width":800,"height":800,"url":"https:\/\/ornaqua.pt\/wp-content\/uploads\/2023\/07\/ON001-1.jpg","type":"image\/jpeg"}],"twitter_card":"summary_large_image","schema":{"@context":"https:\/\/schema.org","@graph":[{"@type":"WebPage","@id":"https:\/\/ornaqua.pt\/produto\/ocean-nutrition-discus-flakes-34g\/","url":"https:\/\/ornaqua.pt\/produto\/ocean-nutrition-discus-flakes-34g\/","name":"Ocean Nutrition-Discus Flakes (34g) - Ornaqua - Reprodu\u00e7\u00e3o, Importa\u00e7\u00e3o e Comercio de Peixes Ornamentais","isPartOf":{"@id":"https:\/\/ornaqua.pt\/#website"},"primaryImageOfPage":{"@id":"https:\/\/ornaqua.pt\/produto\/ocean-nutrition-discus-flakes-34g\/#primaryimage"},"image":{"@id":"https:\/\/ornaqua.pt\/produto\/ocean-nutrition-discus-flakes-34g\/#primaryimage"},"thumbnailUrl":"https:\/\/ornaqua.pt\/wp-content\/uploads\/2023\/07\/ON001-1.jpg","datePublished":"2023-07-15T18:19:54+00:00","dateModified":"2026-03-27T11:45:29+00:00","breadcrumb":{"@id":"https:\/\/ornaqua.pt\/produto\/ocean-nutrition-discus-flakes-34g\/#breadcrumb"},"inLanguage":"en-GB","potentialAction":[{"@type":"ReadAction","target":["https:\/\/ornaqua.pt\/produto\/ocean-nutrition-discus-flakes-34g\/"]}]},{"@type":"ImageObject","inLanguage":"en-GB","@id":"https:\/\/ornaqua.pt\/produto\/ocean-nutrition-discus-flakes-34g\/#primaryimage","url":"https:\/\/ornaqua.pt\/wp-content\/uploads\/2023\/07\/ON001-1.jpg","contentUrl":"https:\/\/ornaqua.pt\/wp-content\/uploads\/2023\/07\/ON001-1.jpg","width":800,"height":800},{"@type":"BreadcrumbList","@id":"https:\/\/ornaqua.pt\/produto\/ocean-nutrition-discus-flakes-34g\/#breadcrumb","itemListElement":[{"@type":"ListItem","position":1,"name":"In\u00edcio","item":"https:\/\/ornaqua.pt\/"},{"@type":"ListItem","position":2,"name":"Produtos","item":"https:\/\/ornaqua.pt\/produtos\/"},{"@type":"ListItem","position":3,"name":"Ocean Nutrition-Discus Flakes (34g)"}]},{"@type":"WebSite","@id":"https:\/\/ornaqua.pt\/#website","url":"https:\/\/ornaqua.pt\/","name":"Ornaqua - Loja Online","description":"Reprodu\u00e7\u00e3o, Importa\u00e7\u00e3o e Comercio de Peixes Ornamentais","publisher":{"@id":"https:\/\/ornaqua.pt\/#organization"},"potentialAction":[{"@type":"SearchAction","target":{"@type":"EntryPoint","urlTemplate":"https:\/\/ornaqua.pt\/?s={search_term_string}"},"query-input":{"@type":"PropertyValueSpecification","valueRequired":true,"valueName":"search_term_string"}}],"inLanguage":"en-GB"},{"@type":"Organization","@id":"https:\/\/ornaqua.pt\/#organization","name":"Ornaqua - Reprodu\u00e7\u00e3o, Importa\u00e7\u00e3o e Comercio de Peixes Ornamentais","url":"https:\/\/ornaqua.pt\/","logo":{"@type":"ImageObject","inLanguage":"en-GB","@id":"https:\/\/ornaqua.pt\/#\/schema\/logo\/image\/","url":"https:\/\/ornaqua.pt\/wp-content\/uploads\/2023\/10\/logo_ornaqua_200.png","contentUrl":"https:\/\/ornaqua.pt\/wp-content\/uploads\/2023\/10\/logo_ornaqua_200.png","width":200,"height":97,"caption":"Ornaqua - Reprodu\u00e7\u00e3o, Importa\u00e7\u00e3o e Comercio de Peixes Ornamentais"},"image":{"@id":"https:\/\/ornaqua.pt\/#\/schema\/logo\/image\/"},"sameAs":["https:\/\/www.facebook.com\/ORNAQUA","https:\/\/www.instagram.com\/ornaqua\/"]}]}},"_links":{"self":[{"href":"https:\/\/ornaqua.pt\/en\/wp-json\/wp\/v2\/product\/5237","targetHints":{"allow":["GET"]}}],"collection":[{"href":"https:\/\/ornaqua.pt\/en\/wp-json\/wp\/v2\/product"}],"about":[{"href":"https:\/\/ornaqua.pt\/en\/wp-json\/wp\/v2\/types\/product"}],"wp:featuredmedia":[{"embeddable":true,"href":"https:\/\/ornaqua.pt\/en\/wp-json\/wp\/v2\/media\/5305"}],"wp:attachment":[{"href":"https:\/\/ornaqua.pt\/en\/wp-json\/wp\/v2\/media?parent=5237"}],"wp:term":[{"taxonomy":"product_brand","embeddable":true,"href":"https:\/\/ornaqua.pt\/en\/wp-json\/wp\/v2\/product_brand?post=5237"},{"taxonomy":"product_cat","embeddable":true,"href":"https:\/\/ornaqua.pt\/en\/wp-json\/wp\/v2\/product_cat?post=5237"},{"taxonomy":"product_tag","embeddable":true,"href":"https:\/\/ornaqua.pt\/en\/wp-json\/wp\/v2\/product_tag?post=5237"}],"curies":[{"name":"wp","href":"https:\/\/api.w.org\/{rel}","templated":true}]}}