{"id":5218,"date":"2023-06-21T20:36:06","date_gmt":"2023-06-21T19:36:06","guid":{"rendered":"http:\/\/ornaqua.pt\/produto\/milwaukee-combo-ph-tds-temp-mw804\/"},"modified":"2025-04-02T11:23:48","modified_gmt":"2025-04-02T10:23:48","slug":"milwaukee-combo-ph-tds-temp-mw804","status":"publish","type":"product","link":"https:\/\/ornaqua.pt\/en\/product\/milwaukee-combo-ph-tds-temp-mw804\/","title":{"rendered":"Milwaukee- Combo PH\/TDS\/Temp (MW804)"},"content":{"rendered":"<p>O Milwaukee MW804 MAX 4 em 1 \u00e0 prova d&#8217;\u00e1gua pH\/EC\/TDS\/Temp Tester foi projetado como uma solu\u00e7\u00e3o completa para produtores.<br \/>\nO medidor 4 em 1 \u00e0 prova d&#8217;\u00e1gua Milwaukee MW804 MAX oferece:Resultados r\u00e1pidos e f\u00e1ceis de ler com grande leitura LCD dupla digital; Precis\u00e3o extrema para \u00b10,05 pH, EC \/ TDS 2% da escala total e temperatura \u00b10,5 C \/ \u00b11 F; Faixa de 0,00 &#8211; 14,00 pH, EC 20,00 mS\/cm, TDS 0 &#8211; 10,00 ppt, Temperatura: 0,0 a 50,0 C \/ 32,0 a 122,0 F; Leve e port\u00e1til com apenas 3,5 on\u00e7as; Medi\u00e7\u00e3o f\u00e1cil: basta colocar a sonda na amostra, agitar suavemente, esperar que a indica\u00e7\u00e3o de estabilidade mostre uma leitura est\u00e1vel e depois congelar a leitura; Bot\u00e3o de press\u00e3o simples, calibra\u00e7\u00e3o autom\u00e1tica de um ou dois pontos com 5 pontos de calibra\u00e7\u00e3o salvos; Eletrodo de pH de jun\u00e7\u00e3o dupla preenchido com gel para baixa manuten\u00e7\u00e3o e alto desempenho; Desligamento autom\u00e1tico e baixa demanda de energia por aprox. 100 horas de uso cont\u00ednuo (pilhas inclu\u00eddas).<\/p>","protected":false},"excerpt":{"rendered":"<p>O Milwaukee MW804 MAX 4 em 1 \u00e0 prova d&#8217;\u00e1gua pH\/EC\/TDS\/Temp Tester foi projetado como uma solu\u00e7\u00e3o completa para produtores. O medidor 4 em 1 \u00e0 prova d&#8217;\u00e1gua Milwaukee MW804 MAX oferece:Resultados r\u00e1pidos e f\u00e1ceis de ler com grande leitura LCD dupla digital; Precis\u00e3o extrema para \u00b10,05 pH, EC \/ TDS 2% da escala total [&hellip;]<\/p>\n","protected":false},"featured_media":5217,"template":"","meta":{"inline_featured_image":false},"product_brand":[],"product_cat":[45],"product_tag":[],"class_list":{"0":"post-5218","1":"product","2":"type-product","3":"status-publish","4":"has-post-thumbnail","6":"product_cat-equipamentos","8":"first","9":"outofstock","10":"taxable","11":"shipping-taxable","12":"purchasable","13":"product-type-simple"},"yoast_head":"<!-- This site is optimized with the Yoast SEO plugin v27.1.1 - https:\/\/yoast.com\/product\/yoast-seo-wordpress\/ -->\n<title>Milwaukee- Combo PH\/TDS\/Temp (MW804) - Ornaqua - Reprodu\u00e7\u00e3o, Importa\u00e7\u00e3o e Comercio de Peixes Ornamentais<\/title>\n<meta name=\"robots\" content=\"index, follow, max-snippet:-1, max-image-preview:large, max-video-preview:-1\" \/>\n<link rel=\"canonical\" href=\"https:\/\/ornaqua.pt\/en\/product\/milwaukee-combo-ph-tds-temp-mw804\/\" \/>\n<meta property=\"og:locale\" content=\"en_GB\" \/>\n<meta property=\"og:type\" content=\"article\" \/>\n<meta property=\"og:title\" content=\"Milwaukee- Combo PH\/TDS\/Temp (MW804) - Ornaqua - Reprodu\u00e7\u00e3o, Importa\u00e7\u00e3o e Comercio de Peixes Ornamentais\" \/>\n<meta property=\"og:description\" content=\"O Milwaukee MW804 MAX 4 em 1 \u00e0 prova d&#8217;\u00e1gua pH\/EC\/TDS\/Temp Tester foi projetado como uma solu\u00e7\u00e3o completa para produtores. O medidor 4 em 1 \u00e0 prova d&#8217;\u00e1gua Milwaukee MW804 MAX oferece:Resultados r\u00e1pidos e f\u00e1ceis de ler com grande leitura LCD dupla digital; Precis\u00e3o extrema para \u00b10,05 pH, EC \/ TDS 2% da escala total [&hellip;]\" \/>\n<meta property=\"og:url\" content=\"https:\/\/ornaqua.pt\/en\/product\/milwaukee-combo-ph-tds-temp-mw804\/\" \/>\n<meta property=\"og:site_name\" content=\"Ornaqua - Reprodu\u00e7\u00e3o, Importa\u00e7\u00e3o e Comercio de Peixes Ornamentais\" \/>\n<meta property=\"article:publisher\" content=\"https:\/\/www.facebook.com\/ORNAQUA\" \/>\n<meta property=\"article:modified_time\" content=\"2025-04-02T10:23:48+00:00\" \/>\n<meta property=\"og:image\" content=\"https:\/\/ornaqua.pt\/wp-content\/uploads\/2023\/06\/MI005.jpg\" \/>\n\t<meta property=\"og:image:width\" content=\"800\" \/>\n\t<meta property=\"og:image:height\" content=\"800\" \/>\n\t<meta property=\"og:image:type\" content=\"image\/jpeg\" \/>\n<meta name=\"twitter:card\" content=\"summary_large_image\" \/>\n<meta name=\"twitter:label1\" content=\"Estimated reading time\" \/>\n\t<meta name=\"twitter:data1\" content=\"1 minute\" \/>\n<script type=\"application\/ld+json\" class=\"yoast-schema-graph\">{\"@context\":\"https:\/\/schema.org\",\"@graph\":[{\"@type\":\"WebPage\",\"@id\":\"https:\/\/ornaqua.pt\/produto\/milwaukee-combo-ph-tds-temp-mw804\/\",\"url\":\"https:\/\/ornaqua.pt\/produto\/milwaukee-combo-ph-tds-temp-mw804\/\",\"name\":\"Milwaukee- Combo PH\/TDS\/Temp (MW804) - Ornaqua - Reprodu\u00e7\u00e3o, Importa\u00e7\u00e3o e Comercio de Peixes Ornamentais\",\"isPartOf\":{\"@id\":\"https:\/\/ornaqua.pt\/#website\"},\"primaryImageOfPage\":{\"@id\":\"https:\/\/ornaqua.pt\/produto\/milwaukee-combo-ph-tds-temp-mw804\/#primaryimage\"},\"image\":{\"@id\":\"https:\/\/ornaqua.pt\/produto\/milwaukee-combo-ph-tds-temp-mw804\/#primaryimage\"},\"thumbnailUrl\":\"https:\/\/ornaqua.pt\/wp-content\/uploads\/2023\/06\/MI005.jpg\",\"datePublished\":\"2023-06-21T19:36:06+00:00\",\"dateModified\":\"2025-04-02T10:23:48+00:00\",\"breadcrumb\":{\"@id\":\"https:\/\/ornaqua.pt\/produto\/milwaukee-combo-ph-tds-temp-mw804\/#breadcrumb\"},\"inLanguage\":\"en-GB\",\"potentialAction\":[{\"@type\":\"ReadAction\",\"target\":[\"https:\/\/ornaqua.pt\/produto\/milwaukee-combo-ph-tds-temp-mw804\/\"]}]},{\"@type\":\"ImageObject\",\"inLanguage\":\"en-GB\",\"@id\":\"https:\/\/ornaqua.pt\/produto\/milwaukee-combo-ph-tds-temp-mw804\/#primaryimage\",\"url\":\"https:\/\/ornaqua.pt\/wp-content\/uploads\/2023\/06\/MI005.jpg\",\"contentUrl\":\"https:\/\/ornaqua.pt\/wp-content\/uploads\/2023\/06\/MI005.jpg\",\"width\":800,\"height\":800},{\"@type\":\"BreadcrumbList\",\"@id\":\"https:\/\/ornaqua.pt\/produto\/milwaukee-combo-ph-tds-temp-mw804\/#breadcrumb\",\"itemListElement\":[{\"@type\":\"ListItem\",\"position\":1,\"name\":\"In\u00edcio\",\"item\":\"https:\/\/ornaqua.pt\/\"},{\"@type\":\"ListItem\",\"position\":2,\"name\":\"Produtos\",\"item\":\"https:\/\/ornaqua.pt\/produtos\/\"},{\"@type\":\"ListItem\",\"position\":3,\"name\":\"Milwaukee- Combo PH\/TDS\/Temp (MW804)\"}]},{\"@type\":\"WebSite\",\"@id\":\"https:\/\/ornaqua.pt\/#website\",\"url\":\"https:\/\/ornaqua.pt\/\",\"name\":\"Ornaqua - Loja Online\",\"description\":\"Reprodu\u00e7\u00e3o, Importa\u00e7\u00e3o e Comercio de Peixes Ornamentais\",\"publisher\":{\"@id\":\"https:\/\/ornaqua.pt\/#organization\"},\"potentialAction\":[{\"@type\":\"SearchAction\",\"target\":{\"@type\":\"EntryPoint\",\"urlTemplate\":\"https:\/\/ornaqua.pt\/?s={search_term_string}\"},\"query-input\":{\"@type\":\"PropertyValueSpecification\",\"valueRequired\":true,\"valueName\":\"search_term_string\"}}],\"inLanguage\":\"en-GB\"},{\"@type\":\"Organization\",\"@id\":\"https:\/\/ornaqua.pt\/#organization\",\"name\":\"Ornaqua - Reprodu\u00e7\u00e3o, Importa\u00e7\u00e3o e Comercio de Peixes Ornamentais\",\"url\":\"https:\/\/ornaqua.pt\/\",\"logo\":{\"@type\":\"ImageObject\",\"inLanguage\":\"en-GB\",\"@id\":\"https:\/\/ornaqua.pt\/#\/schema\/logo\/image\/\",\"url\":\"https:\/\/ornaqua.pt\/wp-content\/uploads\/2023\/10\/logo_ornaqua_200.png\",\"contentUrl\":\"https:\/\/ornaqua.pt\/wp-content\/uploads\/2023\/10\/logo_ornaqua_200.png\",\"width\":200,\"height\":97,\"caption\":\"Ornaqua - Reprodu\u00e7\u00e3o, Importa\u00e7\u00e3o e Comercio de Peixes Ornamentais\"},\"image\":{\"@id\":\"https:\/\/ornaqua.pt\/#\/schema\/logo\/image\/\"},\"sameAs\":[\"https:\/\/www.facebook.com\/ORNAQUA\",\"https:\/\/www.instagram.com\/ornaqua\/\"]}]}<\/script>\n<!-- \/ Yoast SEO plugin. -->","yoast_head_json":{"title":"Milwaukee- Combo PH\/TDS\/Temp (MW804) - Ornaqua - Reprodu\u00e7\u00e3o, Importa\u00e7\u00e3o e Comercio de Peixes Ornamentais","robots":{"index":"index","follow":"follow","max-snippet":"max-snippet:-1","max-image-preview":"max-image-preview:large","max-video-preview":"max-video-preview:-1"},"canonical":"https:\/\/ornaqua.pt\/en\/product\/milwaukee-combo-ph-tds-temp-mw804\/","og_locale":"en_GB","og_type":"article","og_title":"Milwaukee- Combo PH\/TDS\/Temp (MW804) - Ornaqua - Reprodu\u00e7\u00e3o, Importa\u00e7\u00e3o e Comercio de Peixes Ornamentais","og_description":"O Milwaukee MW804 MAX 4 em 1 \u00e0 prova d&#8217;\u00e1gua pH\/EC\/TDS\/Temp Tester foi projetado como uma solu\u00e7\u00e3o completa para produtores. O medidor 4 em 1 \u00e0 prova d&#8217;\u00e1gua Milwaukee MW804 MAX oferece:Resultados r\u00e1pidos e f\u00e1ceis de ler com grande leitura LCD dupla digital; Precis\u00e3o extrema para \u00b10,05 pH, EC \/ TDS 2% da escala total [&hellip;]","og_url":"https:\/\/ornaqua.pt\/en\/product\/milwaukee-combo-ph-tds-temp-mw804\/","og_site_name":"Ornaqua - Reprodu\u00e7\u00e3o, Importa\u00e7\u00e3o e Comercio de Peixes Ornamentais","article_publisher":"https:\/\/www.facebook.com\/ORNAQUA","article_modified_time":"2025-04-02T10:23:48+00:00","og_image":[{"width":800,"height":800,"url":"https:\/\/ornaqua.pt\/wp-content\/uploads\/2023\/06\/MI005.jpg","type":"image\/jpeg"}],"twitter_card":"summary_large_image","twitter_misc":{"Estimated reading time":"1 minute"},"schema":{"@context":"https:\/\/schema.org","@graph":[{"@type":"WebPage","@id":"https:\/\/ornaqua.pt\/produto\/milwaukee-combo-ph-tds-temp-mw804\/","url":"https:\/\/ornaqua.pt\/produto\/milwaukee-combo-ph-tds-temp-mw804\/","name":"Milwaukee- Combo PH\/TDS\/Temp (MW804) - Ornaqua - Reprodu\u00e7\u00e3o, Importa\u00e7\u00e3o e Comercio de Peixes Ornamentais","isPartOf":{"@id":"https:\/\/ornaqua.pt\/#website"},"primaryImageOfPage":{"@id":"https:\/\/ornaqua.pt\/produto\/milwaukee-combo-ph-tds-temp-mw804\/#primaryimage"},"image":{"@id":"https:\/\/ornaqua.pt\/produto\/milwaukee-combo-ph-tds-temp-mw804\/#primaryimage"},"thumbnailUrl":"https:\/\/ornaqua.pt\/wp-content\/uploads\/2023\/06\/MI005.jpg","datePublished":"2023-06-21T19:36:06+00:00","dateModified":"2025-04-02T10:23:48+00:00","breadcrumb":{"@id":"https:\/\/ornaqua.pt\/produto\/milwaukee-combo-ph-tds-temp-mw804\/#breadcrumb"},"inLanguage":"en-GB","potentialAction":[{"@type":"ReadAction","target":["https:\/\/ornaqua.pt\/produto\/milwaukee-combo-ph-tds-temp-mw804\/"]}]},{"@type":"ImageObject","inLanguage":"en-GB","@id":"https:\/\/ornaqua.pt\/produto\/milwaukee-combo-ph-tds-temp-mw804\/#primaryimage","url":"https:\/\/ornaqua.pt\/wp-content\/uploads\/2023\/06\/MI005.jpg","contentUrl":"https:\/\/ornaqua.pt\/wp-content\/uploads\/2023\/06\/MI005.jpg","width":800,"height":800},{"@type":"BreadcrumbList","@id":"https:\/\/ornaqua.pt\/produto\/milwaukee-combo-ph-tds-temp-mw804\/#breadcrumb","itemListElement":[{"@type":"ListItem","position":1,"name":"In\u00edcio","item":"https:\/\/ornaqua.pt\/"},{"@type":"ListItem","position":2,"name":"Produtos","item":"https:\/\/ornaqua.pt\/produtos\/"},{"@type":"ListItem","position":3,"name":"Milwaukee- Combo PH\/TDS\/Temp (MW804)"}]},{"@type":"WebSite","@id":"https:\/\/ornaqua.pt\/#website","url":"https:\/\/ornaqua.pt\/","name":"Ornaqua - Loja Online","description":"Reprodu\u00e7\u00e3o, Importa\u00e7\u00e3o e Comercio de Peixes Ornamentais","publisher":{"@id":"https:\/\/ornaqua.pt\/#organization"},"potentialAction":[{"@type":"SearchAction","target":{"@type":"EntryPoint","urlTemplate":"https:\/\/ornaqua.pt\/?s={search_term_string}"},"query-input":{"@type":"PropertyValueSpecification","valueRequired":true,"valueName":"search_term_string"}}],"inLanguage":"en-GB"},{"@type":"Organization","@id":"https:\/\/ornaqua.pt\/#organization","name":"Ornaqua - Reprodu\u00e7\u00e3o, Importa\u00e7\u00e3o e Comercio de Peixes Ornamentais","url":"https:\/\/ornaqua.pt\/","logo":{"@type":"ImageObject","inLanguage":"en-GB","@id":"https:\/\/ornaqua.pt\/#\/schema\/logo\/image\/","url":"https:\/\/ornaqua.pt\/wp-content\/uploads\/2023\/10\/logo_ornaqua_200.png","contentUrl":"https:\/\/ornaqua.pt\/wp-content\/uploads\/2023\/10\/logo_ornaqua_200.png","width":200,"height":97,"caption":"Ornaqua - Reprodu\u00e7\u00e3o, Importa\u00e7\u00e3o e Comercio de Peixes Ornamentais"},"image":{"@id":"https:\/\/ornaqua.pt\/#\/schema\/logo\/image\/"},"sameAs":["https:\/\/www.facebook.com\/ORNAQUA","https:\/\/www.instagram.com\/ornaqua\/"]}]}},"_links":{"self":[{"href":"https:\/\/ornaqua.pt\/en\/wp-json\/wp\/v2\/product\/5218","targetHints":{"allow":["GET"]}}],"collection":[{"href":"https:\/\/ornaqua.pt\/en\/wp-json\/wp\/v2\/product"}],"about":[{"href":"https:\/\/ornaqua.pt\/en\/wp-json\/wp\/v2\/types\/product"}],"wp:featuredmedia":[{"embeddable":true,"href":"https:\/\/ornaqua.pt\/en\/wp-json\/wp\/v2\/media\/5217"}],"wp:attachment":[{"href":"https:\/\/ornaqua.pt\/en\/wp-json\/wp\/v2\/media?parent=5218"}],"wp:term":[{"taxonomy":"product_brand","embeddable":true,"href":"https:\/\/ornaqua.pt\/en\/wp-json\/wp\/v2\/product_brand?post=5218"},{"taxonomy":"product_cat","embeddable":true,"href":"https:\/\/ornaqua.pt\/en\/wp-json\/wp\/v2\/product_cat?post=5218"},{"taxonomy":"product_tag","embeddable":true,"href":"https:\/\/ornaqua.pt\/en\/wp-json\/wp\/v2\/product_tag?post=5218"}],"curies":[{"name":"wp","href":"https:\/\/api.w.org\/{rel}","templated":true}]}}