{"id":5178,"date":"2023-06-14T20:28:58","date_gmt":"2023-06-14T19:28:58","guid":{"rendered":"http:\/\/ornaqua.pt\/produto\/aquael-glass-heater-platinium-heater-50w\/"},"modified":"2026-03-20T11:36:45","modified_gmt":"2026-03-20T11:36:45","slug":"aquael-glass-heater-platinium-heater-50w","status":"publish","type":"product","link":"https:\/\/ornaqua.pt\/en\/product\/aquael-glass-heater-platinium-heater-50w\/","title":{"rendered":"Aquael- Glass Heater Platinium Heater 50w"},"content":{"rendered":"<p>PLATINIUM HEATER \u2013 Uma nova gera\u00e7\u00e3o de aquecedores de aqu\u00e1rio de vidro com excelente termostato eletr\u00f4nico preciso. Os aquecedores de vidro permitem o controle de temperatura entre 20 e 33\u00b0C e mant\u00eam a temperatura definida com uma precis\u00e3o de +\/-0,4\u00b0C. Possuem regulagem intuitiva, radiador de calor em cer\u00e2mica e term\u00f4metro eletr\u00f4nico embutido. Recomendado para aqu\u00e1rios at\u00e9 50 litros.<\/p>","protected":false},"excerpt":{"rendered":"<p>PLATINIUM HEATER \u2013 Uma nova gera\u00e7\u00e3o de aquecedores de aqu\u00e1rio de vidro com excelente termostato eletr\u00f4nico preciso. Os aquecedores de vidro permitem o controle de temperatura entre 20 e 33\u00b0C e mant\u00eam a temperatura definida com uma precis\u00e3o de +\/-0,4\u00b0C. Possuem regulagem intuitiva, radiador de calor em cer\u00e2mica e term\u00f4metro eletr\u00f4nico embutido. Recomendado para aqu\u00e1rios [&hellip;]<\/p>\n","protected":false},"featured_media":5177,"template":"","meta":{"inline_featured_image":false},"product_brand":[],"product_cat":[45],"product_tag":[],"class_list":{"0":"post-5178","1":"product","2":"type-product","3":"status-publish","4":"has-post-thumbnail","6":"product_cat-equipamentos","8":"first","9":"instock","10":"taxable","11":"shipping-taxable","12":"purchasable","13":"product-type-simple"},"yoast_head":"<!-- This site is optimized with the Yoast SEO plugin v27.1.1 - https:\/\/yoast.com\/product\/yoast-seo-wordpress\/ -->\n<title>Aquael- Glass Heater Platinium Heater 50w - Ornaqua - Reprodu\u00e7\u00e3o, Importa\u00e7\u00e3o e Comercio de Peixes Ornamentais<\/title>\n<meta name=\"robots\" content=\"index, follow, max-snippet:-1, max-image-preview:large, max-video-preview:-1\" \/>\n<link rel=\"canonical\" href=\"https:\/\/ornaqua.pt\/en\/product\/aquael-glass-heater-platinium-heater-50w\/\" \/>\n<meta property=\"og:locale\" content=\"en_GB\" \/>\n<meta property=\"og:type\" content=\"article\" \/>\n<meta property=\"og:title\" content=\"Aquael- Glass Heater Platinium Heater 50w - Ornaqua - Reprodu\u00e7\u00e3o, Importa\u00e7\u00e3o e Comercio de Peixes Ornamentais\" \/>\n<meta property=\"og:description\" content=\"PLATINIUM HEATER \u2013 Uma nova gera\u00e7\u00e3o de aquecedores de aqu\u00e1rio de vidro com excelente termostato eletr\u00f4nico preciso. Os aquecedores de vidro permitem o controle de temperatura entre 20 e 33\u00b0C e mant\u00eam a temperatura definida com uma precis\u00e3o de +\/-0,4\u00b0C. Possuem regulagem intuitiva, radiador de calor em cer\u00e2mica e term\u00f4metro eletr\u00f4nico embutido. Recomendado para aqu\u00e1rios [&hellip;]\" \/>\n<meta property=\"og:url\" content=\"https:\/\/ornaqua.pt\/en\/product\/aquael-glass-heater-platinium-heater-50w\/\" \/>\n<meta property=\"og:site_name\" content=\"Ornaqua - Reprodu\u00e7\u00e3o, Importa\u00e7\u00e3o e Comercio de Peixes Ornamentais\" \/>\n<meta property=\"article:publisher\" content=\"https:\/\/www.facebook.com\/ORNAQUA\" \/>\n<meta property=\"article:modified_time\" content=\"2026-03-20T11:36:45+00:00\" \/>\n<meta property=\"og:image\" content=\"https:\/\/ornaqua.pt\/wp-content\/uploads\/2023\/06\/AE002.jpg\" \/>\n\t<meta property=\"og:image:width\" content=\"800\" \/>\n\t<meta property=\"og:image:height\" content=\"800\" \/>\n\t<meta property=\"og:image:type\" content=\"image\/jpeg\" \/>\n<meta name=\"twitter:card\" content=\"summary_large_image\" \/>\n<script type=\"application\/ld+json\" class=\"yoast-schema-graph\">{\"@context\":\"https:\/\/schema.org\",\"@graph\":[{\"@type\":\"WebPage\",\"@id\":\"https:\/\/ornaqua.pt\/produto\/aquael-glass-heater-platinium-heater-50w\/\",\"url\":\"https:\/\/ornaqua.pt\/produto\/aquael-glass-heater-platinium-heater-50w\/\",\"name\":\"Aquael- Glass Heater Platinium Heater 50w - Ornaqua - Reprodu\u00e7\u00e3o, Importa\u00e7\u00e3o e Comercio de Peixes Ornamentais\",\"isPartOf\":{\"@id\":\"https:\/\/ornaqua.pt\/#website\"},\"primaryImageOfPage\":{\"@id\":\"https:\/\/ornaqua.pt\/produto\/aquael-glass-heater-platinium-heater-50w\/#primaryimage\"},\"image\":{\"@id\":\"https:\/\/ornaqua.pt\/produto\/aquael-glass-heater-platinium-heater-50w\/#primaryimage\"},\"thumbnailUrl\":\"https:\/\/ornaqua.pt\/wp-content\/uploads\/2023\/06\/AE002.jpg\",\"datePublished\":\"2023-06-14T19:28:58+00:00\",\"dateModified\":\"2026-03-20T11:36:45+00:00\",\"breadcrumb\":{\"@id\":\"https:\/\/ornaqua.pt\/produto\/aquael-glass-heater-platinium-heater-50w\/#breadcrumb\"},\"inLanguage\":\"en-GB\",\"potentialAction\":[{\"@type\":\"ReadAction\",\"target\":[\"https:\/\/ornaqua.pt\/produto\/aquael-glass-heater-platinium-heater-50w\/\"]}]},{\"@type\":\"ImageObject\",\"inLanguage\":\"en-GB\",\"@id\":\"https:\/\/ornaqua.pt\/produto\/aquael-glass-heater-platinium-heater-50w\/#primaryimage\",\"url\":\"https:\/\/ornaqua.pt\/wp-content\/uploads\/2023\/06\/AE002.jpg\",\"contentUrl\":\"https:\/\/ornaqua.pt\/wp-content\/uploads\/2023\/06\/AE002.jpg\",\"width\":800,\"height\":800},{\"@type\":\"BreadcrumbList\",\"@id\":\"https:\/\/ornaqua.pt\/produto\/aquael-glass-heater-platinium-heater-50w\/#breadcrumb\",\"itemListElement\":[{\"@type\":\"ListItem\",\"position\":1,\"name\":\"In\u00edcio\",\"item\":\"https:\/\/ornaqua.pt\/\"},{\"@type\":\"ListItem\",\"position\":2,\"name\":\"Produtos\",\"item\":\"https:\/\/ornaqua.pt\/produtos\/\"},{\"@type\":\"ListItem\",\"position\":3,\"name\":\"Aquael- Glass Heater Platinium Heater 50w\"}]},{\"@type\":\"WebSite\",\"@id\":\"https:\/\/ornaqua.pt\/#website\",\"url\":\"https:\/\/ornaqua.pt\/\",\"name\":\"Ornaqua - Loja Online\",\"description\":\"Reprodu\u00e7\u00e3o, Importa\u00e7\u00e3o e Comercio de Peixes Ornamentais\",\"publisher\":{\"@id\":\"https:\/\/ornaqua.pt\/#organization\"},\"potentialAction\":[{\"@type\":\"SearchAction\",\"target\":{\"@type\":\"EntryPoint\",\"urlTemplate\":\"https:\/\/ornaqua.pt\/?s={search_term_string}\"},\"query-input\":{\"@type\":\"PropertyValueSpecification\",\"valueRequired\":true,\"valueName\":\"search_term_string\"}}],\"inLanguage\":\"en-GB\"},{\"@type\":\"Organization\",\"@id\":\"https:\/\/ornaqua.pt\/#organization\",\"name\":\"Ornaqua - Reprodu\u00e7\u00e3o, Importa\u00e7\u00e3o e Comercio de Peixes Ornamentais\",\"url\":\"https:\/\/ornaqua.pt\/\",\"logo\":{\"@type\":\"ImageObject\",\"inLanguage\":\"en-GB\",\"@id\":\"https:\/\/ornaqua.pt\/#\/schema\/logo\/image\/\",\"url\":\"https:\/\/ornaqua.pt\/wp-content\/uploads\/2023\/10\/logo_ornaqua_200.png\",\"contentUrl\":\"https:\/\/ornaqua.pt\/wp-content\/uploads\/2023\/10\/logo_ornaqua_200.png\",\"width\":200,\"height\":97,\"caption\":\"Ornaqua - Reprodu\u00e7\u00e3o, Importa\u00e7\u00e3o e Comercio de Peixes Ornamentais\"},\"image\":{\"@id\":\"https:\/\/ornaqua.pt\/#\/schema\/logo\/image\/\"},\"sameAs\":[\"https:\/\/www.facebook.com\/ORNAQUA\",\"https:\/\/www.instagram.com\/ornaqua\/\"]}]}<\/script>\n<!-- \/ Yoast SEO plugin. -->","yoast_head_json":{"title":"Aquael- Glass Heater Platinium Heater 50w - Ornaqua - Reprodu\u00e7\u00e3o, Importa\u00e7\u00e3o e Comercio de Peixes Ornamentais","robots":{"index":"index","follow":"follow","max-snippet":"max-snippet:-1","max-image-preview":"max-image-preview:large","max-video-preview":"max-video-preview:-1"},"canonical":"https:\/\/ornaqua.pt\/en\/product\/aquael-glass-heater-platinium-heater-50w\/","og_locale":"en_GB","og_type":"article","og_title":"Aquael- Glass Heater Platinium Heater 50w - Ornaqua - Reprodu\u00e7\u00e3o, Importa\u00e7\u00e3o e Comercio de Peixes Ornamentais","og_description":"PLATINIUM HEATER \u2013 Uma nova gera\u00e7\u00e3o de aquecedores de aqu\u00e1rio de vidro com excelente termostato eletr\u00f4nico preciso. Os aquecedores de vidro permitem o controle de temperatura entre 20 e 33\u00b0C e mant\u00eam a temperatura definida com uma precis\u00e3o de +\/-0,4\u00b0C. Possuem regulagem intuitiva, radiador de calor em cer\u00e2mica e term\u00f4metro eletr\u00f4nico embutido. Recomendado para aqu\u00e1rios [&hellip;]","og_url":"https:\/\/ornaqua.pt\/en\/product\/aquael-glass-heater-platinium-heater-50w\/","og_site_name":"Ornaqua - Reprodu\u00e7\u00e3o, Importa\u00e7\u00e3o e Comercio de Peixes Ornamentais","article_publisher":"https:\/\/www.facebook.com\/ORNAQUA","article_modified_time":"2026-03-20T11:36:45+00:00","og_image":[{"width":800,"height":800,"url":"https:\/\/ornaqua.pt\/wp-content\/uploads\/2023\/06\/AE002.jpg","type":"image\/jpeg"}],"twitter_card":"summary_large_image","schema":{"@context":"https:\/\/schema.org","@graph":[{"@type":"WebPage","@id":"https:\/\/ornaqua.pt\/produto\/aquael-glass-heater-platinium-heater-50w\/","url":"https:\/\/ornaqua.pt\/produto\/aquael-glass-heater-platinium-heater-50w\/","name":"Aquael- Glass Heater Platinium Heater 50w - Ornaqua - Reprodu\u00e7\u00e3o, Importa\u00e7\u00e3o e Comercio de Peixes Ornamentais","isPartOf":{"@id":"https:\/\/ornaqua.pt\/#website"},"primaryImageOfPage":{"@id":"https:\/\/ornaqua.pt\/produto\/aquael-glass-heater-platinium-heater-50w\/#primaryimage"},"image":{"@id":"https:\/\/ornaqua.pt\/produto\/aquael-glass-heater-platinium-heater-50w\/#primaryimage"},"thumbnailUrl":"https:\/\/ornaqua.pt\/wp-content\/uploads\/2023\/06\/AE002.jpg","datePublished":"2023-06-14T19:28:58+00:00","dateModified":"2026-03-20T11:36:45+00:00","breadcrumb":{"@id":"https:\/\/ornaqua.pt\/produto\/aquael-glass-heater-platinium-heater-50w\/#breadcrumb"},"inLanguage":"en-GB","potentialAction":[{"@type":"ReadAction","target":["https:\/\/ornaqua.pt\/produto\/aquael-glass-heater-platinium-heater-50w\/"]}]},{"@type":"ImageObject","inLanguage":"en-GB","@id":"https:\/\/ornaqua.pt\/produto\/aquael-glass-heater-platinium-heater-50w\/#primaryimage","url":"https:\/\/ornaqua.pt\/wp-content\/uploads\/2023\/06\/AE002.jpg","contentUrl":"https:\/\/ornaqua.pt\/wp-content\/uploads\/2023\/06\/AE002.jpg","width":800,"height":800},{"@type":"BreadcrumbList","@id":"https:\/\/ornaqua.pt\/produto\/aquael-glass-heater-platinium-heater-50w\/#breadcrumb","itemListElement":[{"@type":"ListItem","position":1,"name":"In\u00edcio","item":"https:\/\/ornaqua.pt\/"},{"@type":"ListItem","position":2,"name":"Produtos","item":"https:\/\/ornaqua.pt\/produtos\/"},{"@type":"ListItem","position":3,"name":"Aquael- Glass Heater Platinium Heater 50w"}]},{"@type":"WebSite","@id":"https:\/\/ornaqua.pt\/#website","url":"https:\/\/ornaqua.pt\/","name":"Ornaqua - Loja Online","description":"Reprodu\u00e7\u00e3o, Importa\u00e7\u00e3o e Comercio de Peixes Ornamentais","publisher":{"@id":"https:\/\/ornaqua.pt\/#organization"},"potentialAction":[{"@type":"SearchAction","target":{"@type":"EntryPoint","urlTemplate":"https:\/\/ornaqua.pt\/?s={search_term_string}"},"query-input":{"@type":"PropertyValueSpecification","valueRequired":true,"valueName":"search_term_string"}}],"inLanguage":"en-GB"},{"@type":"Organization","@id":"https:\/\/ornaqua.pt\/#organization","name":"Ornaqua - Reprodu\u00e7\u00e3o, Importa\u00e7\u00e3o e Comercio de Peixes Ornamentais","url":"https:\/\/ornaqua.pt\/","logo":{"@type":"ImageObject","inLanguage":"en-GB","@id":"https:\/\/ornaqua.pt\/#\/schema\/logo\/image\/","url":"https:\/\/ornaqua.pt\/wp-content\/uploads\/2023\/10\/logo_ornaqua_200.png","contentUrl":"https:\/\/ornaqua.pt\/wp-content\/uploads\/2023\/10\/logo_ornaqua_200.png","width":200,"height":97,"caption":"Ornaqua - Reprodu\u00e7\u00e3o, Importa\u00e7\u00e3o e Comercio de Peixes Ornamentais"},"image":{"@id":"https:\/\/ornaqua.pt\/#\/schema\/logo\/image\/"},"sameAs":["https:\/\/www.facebook.com\/ORNAQUA","https:\/\/www.instagram.com\/ornaqua\/"]}]}},"_links":{"self":[{"href":"https:\/\/ornaqua.pt\/en\/wp-json\/wp\/v2\/product\/5178","targetHints":{"allow":["GET"]}}],"collection":[{"href":"https:\/\/ornaqua.pt\/en\/wp-json\/wp\/v2\/product"}],"about":[{"href":"https:\/\/ornaqua.pt\/en\/wp-json\/wp\/v2\/types\/product"}],"wp:featuredmedia":[{"embeddable":true,"href":"https:\/\/ornaqua.pt\/en\/wp-json\/wp\/v2\/media\/5177"}],"wp:attachment":[{"href":"https:\/\/ornaqua.pt\/en\/wp-json\/wp\/v2\/media?parent=5178"}],"wp:term":[{"taxonomy":"product_brand","embeddable":true,"href":"https:\/\/ornaqua.pt\/en\/wp-json\/wp\/v2\/product_brand?post=5178"},{"taxonomy":"product_cat","embeddable":true,"href":"https:\/\/ornaqua.pt\/en\/wp-json\/wp\/v2\/product_cat?post=5178"},{"taxonomy":"product_tag","embeddable":true,"href":"https:\/\/ornaqua.pt\/en\/wp-json\/wp\/v2\/product_tag?post=5178"}],"curies":[{"name":"wp","href":"https:\/\/api.w.org\/{rel}","templated":true}]}}