{"id":5170,"date":"2023-06-14T20:28:34","date_gmt":"2023-06-14T19:28:34","guid":{"rendered":"http:\/\/ornaqua.pt\/produto\/arka-myaqua190-reverse-osmosis-system-up-to-190-l-day\/"},"modified":"2026-01-24T08:10:49","modified_gmt":"2026-01-24T08:10:49","slug":"arka-myaqua190-reverse-osmosis-system-up-to-190-l-day","status":"publish","type":"product","link":"https:\/\/ornaqua.pt\/en\/product\/arka-myaqua190-reverse-osmosis-system-up-to-190-l-day\/","title":{"rendered":"ARKA- myAqua190-Reverse Osmosis System, up to 190 L\/day"},"content":{"rendered":"<p>Poderoso, livre de produtos qu\u00edmicos e sem eletricidade &#8211; o sistema de osmose reversa ARKA Aquatics myAqua190 usa o poder da press\u00e3o da \u00e1gua e filtra 99% dos sais, bact\u00e9rias e poluentes, como nitrito ou fosfato e metais pesados \u200b\u200bda \u00e1gua da torneira convencional. \u00c9 assim que a \u00e1gua \u00e9 tratada de forma eficaz para criar uma atmosfera segura de bem-estar para os habitantes marinhos e de \u00e1gua doce.<br \/>\nO sistema n\u00e3o requer eletricidade nem aditivos qu\u00edmicos \u2013 funciona apenas com press\u00e3o de \u00e1gua e materiais filtrantes naturais. Gra\u00e7as ao filme de pol\u00edmero multicamada com poros extremamente finos (0,0001 m\u00edcrons), a taxa de reten\u00e7\u00e3o \u00e9 muito alta.<br \/>\nDesempenho do filtro: at\u00e9 190 litros\/dia<br \/>\n\u00c1gua de osmose em \u00e1gua residual: rendimento aprox. 1: 3 \u2013 4<br \/>\nPress\u00e3o de trabalho: 3 a 8 bar<br \/>\nTemperatura: 1 a 30 graus<br \/>\nCapacidade de reten\u00e7\u00e3o de sal: TFM poliamida \u2013 polissulfona<br \/>\nOs componentes do sistema de carbono e filtro fino (cartucho), bem como o filtro de membrana, est\u00e3o sujeitos aos seguintes intervalos de troca:<br \/>\nFiltro de membrana: 24 meses a partir do comissionamento<br \/>\nFiltro de carbono: m\u00e1x. 5.500 litros ou 6 meses a partir do comissionamento<br \/>\nFiltro fino: m\u00e1x. 11.000 litros ou 3 meses a partir do comissionamento<br \/>\nDica: Os filtros s\u00e3o consum\u00edveis e devem ser substitu\u00eddos regularmente! Para que os seus peixes possam sempre desfrutar de \u00e1gua de alta qualidade, recomendamos mant\u00ea-los em estoque. Todos os tr\u00eas componentes do sistema (filtros de carbono, finos e de membrana) est\u00e3o dispon\u00edveis separadamente.<br \/>\nNota: Fazem parte do fornecimento os seguintes acess\u00f3rios: chave de membrana, liga\u00e7\u00e3o de \u00e1gua (3\/4 \u201c-1\/4\u201d) e mangueira CCK de 3 metros.<\/p>","protected":false},"excerpt":{"rendered":"<p>Poderoso, livre de produtos qu\u00edmicos e sem eletricidade &#8211; o sistema de osmose reversa ARKA Aquatics myAqua190 usa o poder da press\u00e3o da \u00e1gua e filtra 99% dos sais, bact\u00e9rias e poluentes, como nitrito ou fosfato e metais pesados \u200b\u200bda \u00e1gua da torneira convencional. \u00c9 assim que a \u00e1gua \u00e9 tratada de forma eficaz para [&hellip;]<\/p>\n","protected":false},"featured_media":5169,"template":"","meta":{"inline_featured_image":false},"product_brand":[],"product_cat":[45],"product_tag":[],"class_list":{"0":"post-5170","1":"product","2":"type-product","3":"status-publish","4":"has-post-thumbnail","6":"product_cat-equipamentos","8":"first","9":"outofstock","10":"taxable","11":"shipping-taxable","12":"purchasable","13":"product-type-simple"},"yoast_head":"<!-- This site is optimized with the Yoast SEO plugin v27.1.1 - https:\/\/yoast.com\/product\/yoast-seo-wordpress\/ -->\n<title>ARKA- myAqua190-Reverse Osmosis System, up to 190 L\/day - Ornaqua - Reprodu\u00e7\u00e3o, Importa\u00e7\u00e3o e Comercio de Peixes Ornamentais<\/title>\n<meta name=\"robots\" content=\"index, follow, max-snippet:-1, max-image-preview:large, max-video-preview:-1\" \/>\n<link rel=\"canonical\" href=\"https:\/\/ornaqua.pt\/en\/product\/arka-myaqua190-reverse-osmosis-system-up-to-190-l-day\/\" \/>\n<meta property=\"og:locale\" content=\"en_GB\" \/>\n<meta property=\"og:type\" content=\"article\" \/>\n<meta property=\"og:title\" content=\"ARKA- myAqua190-Reverse Osmosis System, up to 190 L\/day - Ornaqua - Reprodu\u00e7\u00e3o, Importa\u00e7\u00e3o e Comercio de Peixes Ornamentais\" \/>\n<meta property=\"og:description\" content=\"Poderoso, livre de produtos qu\u00edmicos e sem eletricidade &#8211; o sistema de osmose reversa ARKA Aquatics myAqua190 usa o poder da press\u00e3o da \u00e1gua e filtra 99% dos sais, bact\u00e9rias e poluentes, como nitrito ou fosfato e metais pesados \u200b\u200bda \u00e1gua da torneira convencional. \u00c9 assim que a \u00e1gua \u00e9 tratada de forma eficaz para [&hellip;]\" \/>\n<meta property=\"og:url\" content=\"https:\/\/ornaqua.pt\/en\/product\/arka-myaqua190-reverse-osmosis-system-up-to-190-l-day\/\" \/>\n<meta property=\"og:site_name\" content=\"Ornaqua - Reprodu\u00e7\u00e3o, Importa\u00e7\u00e3o e Comercio de Peixes Ornamentais\" \/>\n<meta property=\"article:publisher\" content=\"https:\/\/www.facebook.com\/ORNAQUA\" \/>\n<meta property=\"article:modified_time\" content=\"2026-01-24T08:10:49+00:00\" \/>\n<meta property=\"og:image\" content=\"https:\/\/ornaqua.pt\/wp-content\/uploads\/2023\/06\/AR004.jpg\" \/>\n\t<meta property=\"og:image:width\" content=\"800\" \/>\n\t<meta property=\"og:image:height\" content=\"800\" \/>\n\t<meta property=\"og:image:type\" content=\"image\/jpeg\" \/>\n<meta name=\"twitter:card\" content=\"summary_large_image\" \/>\n<meta name=\"twitter:label1\" content=\"Estimated reading time\" \/>\n\t<meta name=\"twitter:data1\" content=\"1 minute\" \/>\n<script type=\"application\/ld+json\" class=\"yoast-schema-graph\">{\"@context\":\"https:\/\/schema.org\",\"@graph\":[{\"@type\":\"WebPage\",\"@id\":\"https:\/\/ornaqua.pt\/produto\/arka-myaqua190-reverse-osmosis-system-up-to-190-l-day\/\",\"url\":\"https:\/\/ornaqua.pt\/produto\/arka-myaqua190-reverse-osmosis-system-up-to-190-l-day\/\",\"name\":\"ARKA- myAqua190-Reverse Osmosis System, up to 190 L\/day - Ornaqua - Reprodu\u00e7\u00e3o, Importa\u00e7\u00e3o e Comercio de Peixes Ornamentais\",\"isPartOf\":{\"@id\":\"https:\/\/ornaqua.pt\/#website\"},\"primaryImageOfPage\":{\"@id\":\"https:\/\/ornaqua.pt\/produto\/arka-myaqua190-reverse-osmosis-system-up-to-190-l-day\/#primaryimage\"},\"image\":{\"@id\":\"https:\/\/ornaqua.pt\/produto\/arka-myaqua190-reverse-osmosis-system-up-to-190-l-day\/#primaryimage\"},\"thumbnailUrl\":\"https:\/\/ornaqua.pt\/wp-content\/uploads\/2023\/06\/AR004.jpg\",\"datePublished\":\"2023-06-14T19:28:34+00:00\",\"dateModified\":\"2026-01-24T08:10:49+00:00\",\"breadcrumb\":{\"@id\":\"https:\/\/ornaqua.pt\/produto\/arka-myaqua190-reverse-osmosis-system-up-to-190-l-day\/#breadcrumb\"},\"inLanguage\":\"en-GB\",\"potentialAction\":[{\"@type\":\"ReadAction\",\"target\":[\"https:\/\/ornaqua.pt\/produto\/arka-myaqua190-reverse-osmosis-system-up-to-190-l-day\/\"]}]},{\"@type\":\"ImageObject\",\"inLanguage\":\"en-GB\",\"@id\":\"https:\/\/ornaqua.pt\/produto\/arka-myaqua190-reverse-osmosis-system-up-to-190-l-day\/#primaryimage\",\"url\":\"https:\/\/ornaqua.pt\/wp-content\/uploads\/2023\/06\/AR004.jpg\",\"contentUrl\":\"https:\/\/ornaqua.pt\/wp-content\/uploads\/2023\/06\/AR004.jpg\",\"width\":800,\"height\":800},{\"@type\":\"BreadcrumbList\",\"@id\":\"https:\/\/ornaqua.pt\/produto\/arka-myaqua190-reverse-osmosis-system-up-to-190-l-day\/#breadcrumb\",\"itemListElement\":[{\"@type\":\"ListItem\",\"position\":1,\"name\":\"In\u00edcio\",\"item\":\"https:\/\/ornaqua.pt\/\"},{\"@type\":\"ListItem\",\"position\":2,\"name\":\"Produtos\",\"item\":\"https:\/\/ornaqua.pt\/produtos\/\"},{\"@type\":\"ListItem\",\"position\":3,\"name\":\"ARKA- myAqua190-Reverse Osmosis System, up to 190 L\/day\"}]},{\"@type\":\"WebSite\",\"@id\":\"https:\/\/ornaqua.pt\/#website\",\"url\":\"https:\/\/ornaqua.pt\/\",\"name\":\"Ornaqua - Loja Online\",\"description\":\"Reprodu\u00e7\u00e3o, Importa\u00e7\u00e3o e Comercio de Peixes Ornamentais\",\"publisher\":{\"@id\":\"https:\/\/ornaqua.pt\/#organization\"},\"potentialAction\":[{\"@type\":\"SearchAction\",\"target\":{\"@type\":\"EntryPoint\",\"urlTemplate\":\"https:\/\/ornaqua.pt\/?s={search_term_string}\"},\"query-input\":{\"@type\":\"PropertyValueSpecification\",\"valueRequired\":true,\"valueName\":\"search_term_string\"}}],\"inLanguage\":\"en-GB\"},{\"@type\":\"Organization\",\"@id\":\"https:\/\/ornaqua.pt\/#organization\",\"name\":\"Ornaqua - Reprodu\u00e7\u00e3o, Importa\u00e7\u00e3o e Comercio de Peixes Ornamentais\",\"url\":\"https:\/\/ornaqua.pt\/\",\"logo\":{\"@type\":\"ImageObject\",\"inLanguage\":\"en-GB\",\"@id\":\"https:\/\/ornaqua.pt\/#\/schema\/logo\/image\/\",\"url\":\"https:\/\/ornaqua.pt\/wp-content\/uploads\/2023\/10\/logo_ornaqua_200.png\",\"contentUrl\":\"https:\/\/ornaqua.pt\/wp-content\/uploads\/2023\/10\/logo_ornaqua_200.png\",\"width\":200,\"height\":97,\"caption\":\"Ornaqua - Reprodu\u00e7\u00e3o, Importa\u00e7\u00e3o e Comercio de Peixes Ornamentais\"},\"image\":{\"@id\":\"https:\/\/ornaqua.pt\/#\/schema\/logo\/image\/\"},\"sameAs\":[\"https:\/\/www.facebook.com\/ORNAQUA\",\"https:\/\/www.instagram.com\/ornaqua\/\"]}]}<\/script>\n<!-- \/ Yoast SEO plugin. -->","yoast_head_json":{"title":"ARKA- myAqua190-Reverse Osmosis System, up to 190 L\/day - Ornaqua - Reprodu\u00e7\u00e3o, Importa\u00e7\u00e3o e Comercio de Peixes Ornamentais","robots":{"index":"index","follow":"follow","max-snippet":"max-snippet:-1","max-image-preview":"max-image-preview:large","max-video-preview":"max-video-preview:-1"},"canonical":"https:\/\/ornaqua.pt\/en\/product\/arka-myaqua190-reverse-osmosis-system-up-to-190-l-day\/","og_locale":"en_GB","og_type":"article","og_title":"ARKA- myAqua190-Reverse Osmosis System, up to 190 L\/day - Ornaqua - Reprodu\u00e7\u00e3o, Importa\u00e7\u00e3o e Comercio de Peixes Ornamentais","og_description":"Poderoso, livre de produtos qu\u00edmicos e sem eletricidade &#8211; o sistema de osmose reversa ARKA Aquatics myAqua190 usa o poder da press\u00e3o da \u00e1gua e filtra 99% dos sais, bact\u00e9rias e poluentes, como nitrito ou fosfato e metais pesados \u200b\u200bda \u00e1gua da torneira convencional. \u00c9 assim que a \u00e1gua \u00e9 tratada de forma eficaz para [&hellip;]","og_url":"https:\/\/ornaqua.pt\/en\/product\/arka-myaqua190-reverse-osmosis-system-up-to-190-l-day\/","og_site_name":"Ornaqua - Reprodu\u00e7\u00e3o, Importa\u00e7\u00e3o e Comercio de Peixes Ornamentais","article_publisher":"https:\/\/www.facebook.com\/ORNAQUA","article_modified_time":"2026-01-24T08:10:49+00:00","og_image":[{"width":800,"height":800,"url":"https:\/\/ornaqua.pt\/wp-content\/uploads\/2023\/06\/AR004.jpg","type":"image\/jpeg"}],"twitter_card":"summary_large_image","twitter_misc":{"Estimated reading time":"1 minute"},"schema":{"@context":"https:\/\/schema.org","@graph":[{"@type":"WebPage","@id":"https:\/\/ornaqua.pt\/produto\/arka-myaqua190-reverse-osmosis-system-up-to-190-l-day\/","url":"https:\/\/ornaqua.pt\/produto\/arka-myaqua190-reverse-osmosis-system-up-to-190-l-day\/","name":"ARKA- myAqua190-Reverse Osmosis System, up to 190 L\/day - Ornaqua - Reprodu\u00e7\u00e3o, Importa\u00e7\u00e3o e Comercio de Peixes Ornamentais","isPartOf":{"@id":"https:\/\/ornaqua.pt\/#website"},"primaryImageOfPage":{"@id":"https:\/\/ornaqua.pt\/produto\/arka-myaqua190-reverse-osmosis-system-up-to-190-l-day\/#primaryimage"},"image":{"@id":"https:\/\/ornaqua.pt\/produto\/arka-myaqua190-reverse-osmosis-system-up-to-190-l-day\/#primaryimage"},"thumbnailUrl":"https:\/\/ornaqua.pt\/wp-content\/uploads\/2023\/06\/AR004.jpg","datePublished":"2023-06-14T19:28:34+00:00","dateModified":"2026-01-24T08:10:49+00:00","breadcrumb":{"@id":"https:\/\/ornaqua.pt\/produto\/arka-myaqua190-reverse-osmosis-system-up-to-190-l-day\/#breadcrumb"},"inLanguage":"en-GB","potentialAction":[{"@type":"ReadAction","target":["https:\/\/ornaqua.pt\/produto\/arka-myaqua190-reverse-osmosis-system-up-to-190-l-day\/"]}]},{"@type":"ImageObject","inLanguage":"en-GB","@id":"https:\/\/ornaqua.pt\/produto\/arka-myaqua190-reverse-osmosis-system-up-to-190-l-day\/#primaryimage","url":"https:\/\/ornaqua.pt\/wp-content\/uploads\/2023\/06\/AR004.jpg","contentUrl":"https:\/\/ornaqua.pt\/wp-content\/uploads\/2023\/06\/AR004.jpg","width":800,"height":800},{"@type":"BreadcrumbList","@id":"https:\/\/ornaqua.pt\/produto\/arka-myaqua190-reverse-osmosis-system-up-to-190-l-day\/#breadcrumb","itemListElement":[{"@type":"ListItem","position":1,"name":"In\u00edcio","item":"https:\/\/ornaqua.pt\/"},{"@type":"ListItem","position":2,"name":"Produtos","item":"https:\/\/ornaqua.pt\/produtos\/"},{"@type":"ListItem","position":3,"name":"ARKA- myAqua190-Reverse Osmosis System, up to 190 L\/day"}]},{"@type":"WebSite","@id":"https:\/\/ornaqua.pt\/#website","url":"https:\/\/ornaqua.pt\/","name":"Ornaqua - Loja Online","description":"Reprodu\u00e7\u00e3o, Importa\u00e7\u00e3o e Comercio de Peixes Ornamentais","publisher":{"@id":"https:\/\/ornaqua.pt\/#organization"},"potentialAction":[{"@type":"SearchAction","target":{"@type":"EntryPoint","urlTemplate":"https:\/\/ornaqua.pt\/?s={search_term_string}"},"query-input":{"@type":"PropertyValueSpecification","valueRequired":true,"valueName":"search_term_string"}}],"inLanguage":"en-GB"},{"@type":"Organization","@id":"https:\/\/ornaqua.pt\/#organization","name":"Ornaqua - Reprodu\u00e7\u00e3o, Importa\u00e7\u00e3o e Comercio de Peixes Ornamentais","url":"https:\/\/ornaqua.pt\/","logo":{"@type":"ImageObject","inLanguage":"en-GB","@id":"https:\/\/ornaqua.pt\/#\/schema\/logo\/image\/","url":"https:\/\/ornaqua.pt\/wp-content\/uploads\/2023\/10\/logo_ornaqua_200.png","contentUrl":"https:\/\/ornaqua.pt\/wp-content\/uploads\/2023\/10\/logo_ornaqua_200.png","width":200,"height":97,"caption":"Ornaqua - Reprodu\u00e7\u00e3o, Importa\u00e7\u00e3o e Comercio de Peixes Ornamentais"},"image":{"@id":"https:\/\/ornaqua.pt\/#\/schema\/logo\/image\/"},"sameAs":["https:\/\/www.facebook.com\/ORNAQUA","https:\/\/www.instagram.com\/ornaqua\/"]}]}},"_links":{"self":[{"href":"https:\/\/ornaqua.pt\/en\/wp-json\/wp\/v2\/product\/5170","targetHints":{"allow":["GET"]}}],"collection":[{"href":"https:\/\/ornaqua.pt\/en\/wp-json\/wp\/v2\/product"}],"about":[{"href":"https:\/\/ornaqua.pt\/en\/wp-json\/wp\/v2\/types\/product"}],"wp:featuredmedia":[{"embeddable":true,"href":"https:\/\/ornaqua.pt\/en\/wp-json\/wp\/v2\/media\/5169"}],"wp:attachment":[{"href":"https:\/\/ornaqua.pt\/en\/wp-json\/wp\/v2\/media?parent=5170"}],"wp:term":[{"taxonomy":"product_brand","embeddable":true,"href":"https:\/\/ornaqua.pt\/en\/wp-json\/wp\/v2\/product_brand?post=5170"},{"taxonomy":"product_cat","embeddable":true,"href":"https:\/\/ornaqua.pt\/en\/wp-json\/wp\/v2\/product_cat?post=5170"},{"taxonomy":"product_tag","embeddable":true,"href":"https:\/\/ornaqua.pt\/en\/wp-json\/wp\/v2\/product_tag?post=5170"}],"curies":[{"name":"wp","href":"https:\/\/api.w.org\/{rel}","templated":true}]}}