{"id":5112,"date":"2023-06-09T21:37:36","date_gmt":"2023-06-09T20:37:36","guid":{"rendered":"http:\/\/ornaqua.pt\/produto\/seachem-stability-250-ml-30\/"},"modified":"2026-03-20T11:33:34","modified_gmt":"2026-03-20T11:33:34","slug":"seachem-stability-250-ml-30","status":"publish","type":"product","link":"https:\/\/ornaqua.pt\/en\/product\/seachem-stability-250-ml-30\/","title":{"rendered":"Seachem Stability 250 ml + 30%"},"content":{"rendered":"<h2>Seachem Stability Tratamento Biol\u00f3gico<\/h2>\n<p>O Seachem Stability estabelecer\u00e1 rapidamente e com seguran\u00e7a o biofiltro do aqu\u00e1rio em sistemas de \u00e1gua doce e marinha, evitando assim a causa n\u00famero 1 da morte de peixes: &#8220;s\u00edndrome do novo aqu\u00e1rio&#8221;. Stability\u00ae \u00e9 formulado especificamente para o aqu\u00e1rio e cont\u00e9m uma mistura sin\u00e9rgica de bact\u00e9rias aer\u00f3bicas, anaer\u00f3bicas e facultativas que facilitam a decomposi\u00e7\u00e3o de res\u00edduos org\u00e2nicos, am\u00f4nia, nitrito e nitrato. As <a href=\"https:\/\/ornaqua.pt\/en\/product-category\/tratamentos\/\">bact\u00e9rias<\/a> empregadas por Stability\u00ae n\u00e3o fixam enxofre e n\u00e3o produzem sulfeto de hidrog\u00eanio t\u00f3xico. Stability\u00ae \u00e9 completamente inofensivo para todos os organismos aqu\u00e1ticos, bem como para as plantas aqu\u00e1ticas, portanto, n\u00e3o h\u00e1 perigo de uso excessivo.<br \/>\nStability\u00ae \u00e9 o culminar de quase uma d\u00e9cada de pesquisa e desenvolvimento e representa o estado da arte atual no manejo biol\u00f3gico natural.<br \/>\nAs bact\u00e9rias usadas em produtos concorrentes s\u00e3o inerentemente inst\u00e1veis. As condi\u00e7\u00f5es necess\u00e1rias para seu crescimento e desenvolvimento caem em uma faixa muito estreita de temperaturas, pH, cargas org\u00e2nicas, etc. Quando qualquer um desses par\u00e2metros n\u00e3o est\u00e1 estritamente dentro da faixa adequada, a cultura bacteriana rapidamente entra em colapso e morre. Stability\u00ae n\u00e3o \u00e9 limitado desta forma. As condi\u00e7\u00f5es necess\u00e1rias para o crescimento das cepas de bact\u00e9rias Stability&#8217;s\u2122 abrangem uma gama muito ampla. Quando outras bact\u00e9rias come\u00e7am a morrer (geralmente devido a altas cargas org\u00e2nicas causadas pela morte n\u00e3o detectada de um organismo), Stability\u2122 simplesmente se torna mais eficaz. INSTRU\u00c7\u00d5ES: Agite bem antes de usar. Desligue UV\/oz\u00f4nio. Use 1 tampinha (5 mL) para cada 40 L (10 gal\u00f5es americanos) no primeiro dia com um novo aqu\u00e1rio. Em seguida, use 1 tampa para cada 80 L (20 gal\u00f5es americanos) diariamente por 7 dias. Peixes e outras esp\u00e9cies aqu\u00e1ticas podem ser introduzidos a qualquer momento desde que a dosagem seja mantida por 7 dias. Para um \u00f3timo desempenho do biofiltro, use 1 tampa para cada 80 L (20 gal\u00f5es americanos) uma vez por m\u00eas ou a cada troca de \u00e1gua e sempre que introduzir novos peixes ou medicar um aqu\u00e1rio. A vida \u00fatil do produto \u00e9 de 4 anos a partir da data de fabrica\u00e7\u00e3o.<br \/>\nStability\u00ae deve ser idealmente usado em conjunto com filtragem biol\u00f3gica, como Seachem Matrix\u2122. Para controle de am\u00f4nia de emerg\u00eancia, use <a href=\"https:\/\/www.seachem.com\/stability.php\" target=\"_blank\" rel=\"noopener\">Seachem<\/a> AmGuard\u2122.<\/p>","protected":false},"excerpt":{"rendered":"<p>Seachem Stability Tratamento Biol\u00f3gico O Seachem Stability estabelecer\u00e1 rapidamente e com seguran\u00e7a o biofiltro do aqu\u00e1rio em sistemas de \u00e1gua doce e marinha, evitando assim a causa n\u00famero 1 da morte de peixes: &#8220;s\u00edndrome do novo aqu\u00e1rio&#8221;. Stability\u00ae \u00e9 formulado especificamente para o aqu\u00e1rio e cont\u00e9m uma mistura sin\u00e9rgica de bact\u00e9rias aer\u00f3bicas, anaer\u00f3bicas e facultativas [&hellip;]<\/p>\n","protected":false},"featured_media":5111,"template":"","meta":{"inline_featured_image":false},"product_brand":[],"product_cat":[43],"product_tag":[],"class_list":{"0":"post-5112","1":"product","2":"type-product","3":"status-publish","4":"has-post-thumbnail","6":"product_cat-tratamentos","8":"first","9":"instock","10":"taxable","11":"shipping-taxable","12":"purchasable","13":"product-type-simple"},"yoast_head":"<!-- This site is optimized with the Yoast SEO plugin v27.1.1 - https:\/\/yoast.com\/product\/yoast-seo-wordpress\/ -->\n<title>Seachem Stability 250ml \u2013 Tratamento Biol\u00f3gico para Aqu\u00e1rios<\/title>\n<meta name=\"description\" content=\"Seachem Stability 250ml evita picos de am\u00f3nia e nitritos em aqu\u00e1rios novos ou desequilibrados. Ideal para iniciar ou manter sistemas saud\u00e1veis.\" \/>\n<meta name=\"robots\" content=\"index, follow, max-snippet:-1, max-image-preview:large, max-video-preview:-1\" \/>\n<link rel=\"canonical\" href=\"https:\/\/ornaqua.pt\/en\/product\/seachem-stability-250-ml-30\/\" \/>\n<meta property=\"og:locale\" content=\"en_GB\" \/>\n<meta property=\"og:type\" content=\"article\" \/>\n<meta property=\"og:title\" content=\"Seachem Stability 250ml \u2013 Tratamento Biol\u00f3gico para Aqu\u00e1rios\" \/>\n<meta property=\"og:description\" content=\"Seachem Stability 250ml evita picos de am\u00f3nia e nitritos em aqu\u00e1rios novos ou desequilibrados. Ideal para iniciar ou manter sistemas saud\u00e1veis.\" \/>\n<meta property=\"og:url\" content=\"https:\/\/ornaqua.pt\/en\/product\/seachem-stability-250-ml-30\/\" \/>\n<meta property=\"og:site_name\" content=\"Ornaqua - Reprodu\u00e7\u00e3o, Importa\u00e7\u00e3o e Comercio de Peixes Ornamentais\" \/>\n<meta property=\"article:publisher\" content=\"https:\/\/www.facebook.com\/ORNAQUA\" \/>\n<meta property=\"article:modified_time\" content=\"2026-03-20T11:33:34+00:00\" \/>\n<meta property=\"og:image\" content=\"https:\/\/ornaqua.pt\/wp-content\/uploads\/2023\/06\/SC019.jpg\" \/>\n\t<meta property=\"og:image:width\" content=\"800\" \/>\n\t<meta property=\"og:image:height\" content=\"800\" \/>\n\t<meta property=\"og:image:type\" content=\"image\/jpeg\" \/>\n<meta name=\"twitter:card\" content=\"summary_large_image\" \/>\n<meta name=\"twitter:label1\" content=\"Estimated reading time\" \/>\n\t<meta name=\"twitter:data1\" content=\"3 minutes\" \/>\n<script type=\"application\/ld+json\" class=\"yoast-schema-graph\">{\"@context\":\"https:\/\/schema.org\",\"@graph\":[{\"@type\":\"WebPage\",\"@id\":\"https:\/\/ornaqua.pt\/produto\/seachem-stability-250-ml-30\/\",\"url\":\"https:\/\/ornaqua.pt\/produto\/seachem-stability-250-ml-30\/\",\"name\":\"Seachem Stability 250ml \u2013 Tratamento Biol\u00f3gico para Aqu\u00e1rios\",\"isPartOf\":{\"@id\":\"https:\/\/ornaqua.pt\/#website\"},\"primaryImageOfPage\":{\"@id\":\"https:\/\/ornaqua.pt\/produto\/seachem-stability-250-ml-30\/#primaryimage\"},\"image\":{\"@id\":\"https:\/\/ornaqua.pt\/produto\/seachem-stability-250-ml-30\/#primaryimage\"},\"thumbnailUrl\":\"https:\/\/ornaqua.pt\/wp-content\/uploads\/2023\/06\/SC019.jpg\",\"datePublished\":\"2023-06-09T20:37:36+00:00\",\"dateModified\":\"2026-03-20T11:33:34+00:00\",\"description\":\"Seachem Stability 250ml evita picos de am\u00f3nia e nitritos em aqu\u00e1rios novos ou desequilibrados. Ideal para iniciar ou manter sistemas saud\u00e1veis.\",\"breadcrumb\":{\"@id\":\"https:\/\/ornaqua.pt\/produto\/seachem-stability-250-ml-30\/#breadcrumb\"},\"inLanguage\":\"en-GB\",\"potentialAction\":[{\"@type\":\"ReadAction\",\"target\":[\"https:\/\/ornaqua.pt\/produto\/seachem-stability-250-ml-30\/\"]}]},{\"@type\":\"ImageObject\",\"inLanguage\":\"en-GB\",\"@id\":\"https:\/\/ornaqua.pt\/produto\/seachem-stability-250-ml-30\/#primaryimage\",\"url\":\"https:\/\/ornaqua.pt\/wp-content\/uploads\/2023\/06\/SC019.jpg\",\"contentUrl\":\"https:\/\/ornaqua.pt\/wp-content\/uploads\/2023\/06\/SC019.jpg\",\"width\":800,\"height\":800,\"caption\":\"Seachem-Stability 250 ml + 30%\"},{\"@type\":\"BreadcrumbList\",\"@id\":\"https:\/\/ornaqua.pt\/produto\/seachem-stability-250-ml-30\/#breadcrumb\",\"itemListElement\":[{\"@type\":\"ListItem\",\"position\":1,\"name\":\"In\u00edcio\",\"item\":\"https:\/\/ornaqua.pt\/\"},{\"@type\":\"ListItem\",\"position\":2,\"name\":\"Produtos\",\"item\":\"https:\/\/ornaqua.pt\/produtos\/\"},{\"@type\":\"ListItem\",\"position\":3,\"name\":\"Seachem Stability 250 ml + 30%\"}]},{\"@type\":\"WebSite\",\"@id\":\"https:\/\/ornaqua.pt\/#website\",\"url\":\"https:\/\/ornaqua.pt\/\",\"name\":\"Ornaqua - Loja Online\",\"description\":\"Reprodu\u00e7\u00e3o, Importa\u00e7\u00e3o e Comercio de Peixes Ornamentais\",\"publisher\":{\"@id\":\"https:\/\/ornaqua.pt\/#organization\"},\"potentialAction\":[{\"@type\":\"SearchAction\",\"target\":{\"@type\":\"EntryPoint\",\"urlTemplate\":\"https:\/\/ornaqua.pt\/?s={search_term_string}\"},\"query-input\":{\"@type\":\"PropertyValueSpecification\",\"valueRequired\":true,\"valueName\":\"search_term_string\"}}],\"inLanguage\":\"en-GB\"},{\"@type\":\"Organization\",\"@id\":\"https:\/\/ornaqua.pt\/#organization\",\"name\":\"Ornaqua - Reprodu\u00e7\u00e3o, Importa\u00e7\u00e3o e Comercio de Peixes Ornamentais\",\"url\":\"https:\/\/ornaqua.pt\/\",\"logo\":{\"@type\":\"ImageObject\",\"inLanguage\":\"en-GB\",\"@id\":\"https:\/\/ornaqua.pt\/#\/schema\/logo\/image\/\",\"url\":\"https:\/\/ornaqua.pt\/wp-content\/uploads\/2023\/10\/logo_ornaqua_200.png\",\"contentUrl\":\"https:\/\/ornaqua.pt\/wp-content\/uploads\/2023\/10\/logo_ornaqua_200.png\",\"width\":200,\"height\":97,\"caption\":\"Ornaqua - Reprodu\u00e7\u00e3o, Importa\u00e7\u00e3o e Comercio de Peixes Ornamentais\"},\"image\":{\"@id\":\"https:\/\/ornaqua.pt\/#\/schema\/logo\/image\/\"},\"sameAs\":[\"https:\/\/www.facebook.com\/ORNAQUA\",\"https:\/\/www.instagram.com\/ornaqua\/\"]}]}<\/script>\n<!-- \/ Yoast SEO plugin. -->","yoast_head_json":{"title":"Seachem Stability 250ml \u2013 Tratamento Biol\u00f3gico para Aqu\u00e1rios","description":"Seachem Stability 250ml evita picos de am\u00f3nia e nitritos em aqu\u00e1rios novos ou desequilibrados. Ideal para iniciar ou manter sistemas saud\u00e1veis.","robots":{"index":"index","follow":"follow","max-snippet":"max-snippet:-1","max-image-preview":"max-image-preview:large","max-video-preview":"max-video-preview:-1"},"canonical":"https:\/\/ornaqua.pt\/en\/product\/seachem-stability-250-ml-30\/","og_locale":"en_GB","og_type":"article","og_title":"Seachem Stability 250ml \u2013 Tratamento Biol\u00f3gico para Aqu\u00e1rios","og_description":"Seachem Stability 250ml evita picos de am\u00f3nia e nitritos em aqu\u00e1rios novos ou desequilibrados. Ideal para iniciar ou manter sistemas saud\u00e1veis.","og_url":"https:\/\/ornaqua.pt\/en\/product\/seachem-stability-250-ml-30\/","og_site_name":"Ornaqua - Reprodu\u00e7\u00e3o, Importa\u00e7\u00e3o e Comercio de Peixes Ornamentais","article_publisher":"https:\/\/www.facebook.com\/ORNAQUA","article_modified_time":"2026-03-20T11:33:34+00:00","og_image":[{"width":800,"height":800,"url":"https:\/\/ornaqua.pt\/wp-content\/uploads\/2023\/06\/SC019.jpg","type":"image\/jpeg"}],"twitter_card":"summary_large_image","twitter_misc":{"Estimated reading time":"3 minutes"},"schema":{"@context":"https:\/\/schema.org","@graph":[{"@type":"WebPage","@id":"https:\/\/ornaqua.pt\/produto\/seachem-stability-250-ml-30\/","url":"https:\/\/ornaqua.pt\/produto\/seachem-stability-250-ml-30\/","name":"Seachem Stability 250ml \u2013 Tratamento Biol\u00f3gico para Aqu\u00e1rios","isPartOf":{"@id":"https:\/\/ornaqua.pt\/#website"},"primaryImageOfPage":{"@id":"https:\/\/ornaqua.pt\/produto\/seachem-stability-250-ml-30\/#primaryimage"},"image":{"@id":"https:\/\/ornaqua.pt\/produto\/seachem-stability-250-ml-30\/#primaryimage"},"thumbnailUrl":"https:\/\/ornaqua.pt\/wp-content\/uploads\/2023\/06\/SC019.jpg","datePublished":"2023-06-09T20:37:36+00:00","dateModified":"2026-03-20T11:33:34+00:00","description":"Seachem Stability 250ml evita picos de am\u00f3nia e nitritos em aqu\u00e1rios novos ou desequilibrados. Ideal para iniciar ou manter sistemas saud\u00e1veis.","breadcrumb":{"@id":"https:\/\/ornaqua.pt\/produto\/seachem-stability-250-ml-30\/#breadcrumb"},"inLanguage":"en-GB","potentialAction":[{"@type":"ReadAction","target":["https:\/\/ornaqua.pt\/produto\/seachem-stability-250-ml-30\/"]}]},{"@type":"ImageObject","inLanguage":"en-GB","@id":"https:\/\/ornaqua.pt\/produto\/seachem-stability-250-ml-30\/#primaryimage","url":"https:\/\/ornaqua.pt\/wp-content\/uploads\/2023\/06\/SC019.jpg","contentUrl":"https:\/\/ornaqua.pt\/wp-content\/uploads\/2023\/06\/SC019.jpg","width":800,"height":800,"caption":"Seachem-Stability 250 ml + 30%"},{"@type":"BreadcrumbList","@id":"https:\/\/ornaqua.pt\/produto\/seachem-stability-250-ml-30\/#breadcrumb","itemListElement":[{"@type":"ListItem","position":1,"name":"In\u00edcio","item":"https:\/\/ornaqua.pt\/"},{"@type":"ListItem","position":2,"name":"Produtos","item":"https:\/\/ornaqua.pt\/produtos\/"},{"@type":"ListItem","position":3,"name":"Seachem Stability 250 ml + 30%"}]},{"@type":"WebSite","@id":"https:\/\/ornaqua.pt\/#website","url":"https:\/\/ornaqua.pt\/","name":"Ornaqua - Loja Online","description":"Reprodu\u00e7\u00e3o, Importa\u00e7\u00e3o e Comercio de Peixes Ornamentais","publisher":{"@id":"https:\/\/ornaqua.pt\/#organization"},"potentialAction":[{"@type":"SearchAction","target":{"@type":"EntryPoint","urlTemplate":"https:\/\/ornaqua.pt\/?s={search_term_string}"},"query-input":{"@type":"PropertyValueSpecification","valueRequired":true,"valueName":"search_term_string"}}],"inLanguage":"en-GB"},{"@type":"Organization","@id":"https:\/\/ornaqua.pt\/#organization","name":"Ornaqua - Reprodu\u00e7\u00e3o, Importa\u00e7\u00e3o e Comercio de Peixes Ornamentais","url":"https:\/\/ornaqua.pt\/","logo":{"@type":"ImageObject","inLanguage":"en-GB","@id":"https:\/\/ornaqua.pt\/#\/schema\/logo\/image\/","url":"https:\/\/ornaqua.pt\/wp-content\/uploads\/2023\/10\/logo_ornaqua_200.png","contentUrl":"https:\/\/ornaqua.pt\/wp-content\/uploads\/2023\/10\/logo_ornaqua_200.png","width":200,"height":97,"caption":"Ornaqua - Reprodu\u00e7\u00e3o, Importa\u00e7\u00e3o e Comercio de Peixes Ornamentais"},"image":{"@id":"https:\/\/ornaqua.pt\/#\/schema\/logo\/image\/"},"sameAs":["https:\/\/www.facebook.com\/ORNAQUA","https:\/\/www.instagram.com\/ornaqua\/"]}]}},"_links":{"self":[{"href":"https:\/\/ornaqua.pt\/en\/wp-json\/wp\/v2\/product\/5112","targetHints":{"allow":["GET"]}}],"collection":[{"href":"https:\/\/ornaqua.pt\/en\/wp-json\/wp\/v2\/product"}],"about":[{"href":"https:\/\/ornaqua.pt\/en\/wp-json\/wp\/v2\/types\/product"}],"wp:featuredmedia":[{"embeddable":true,"href":"https:\/\/ornaqua.pt\/en\/wp-json\/wp\/v2\/media\/5111"}],"wp:attachment":[{"href":"https:\/\/ornaqua.pt\/en\/wp-json\/wp\/v2\/media?parent=5112"}],"wp:term":[{"taxonomy":"product_brand","embeddable":true,"href":"https:\/\/ornaqua.pt\/en\/wp-json\/wp\/v2\/product_brand?post=5112"},{"taxonomy":"product_cat","embeddable":true,"href":"https:\/\/ornaqua.pt\/en\/wp-json\/wp\/v2\/product_cat?post=5112"},{"taxonomy":"product_tag","embeddable":true,"href":"https:\/\/ornaqua.pt\/en\/wp-json\/wp\/v2\/product_tag?post=5112"}],"curies":[{"name":"wp","href":"https:\/\/api.w.org\/{rel}","templated":true}]}}