{"id":5079,"date":"2023-06-09T21:30:02","date_gmt":"2023-06-09T20:30:02","guid":{"rendered":"http:\/\/ornaqua.pt\/produto\/seachem-filtro-de-cascada-tidal-55\/"},"modified":"2025-09-12T10:44:29","modified_gmt":"2025-09-12T09:44:29","slug":"seachem-filtro-de-cascada-tidal-55","status":"publish","type":"product","link":"https:\/\/ornaqua.pt\/en\/product\/seachem-filtro-de-cascada-tidal-55\/","title":{"rendered":"Seachem-Filtro de Cascada TIDAL 55"},"content":{"rendered":"<p>Especifica\u00e7\u00f5es t\u00e9cnicas<br \/>\nTamanho do Aqu\u00e1rio<br \/>\nAt\u00e9 55 gal\u00f5es americanos (200 litros)<br \/>\nQuociente de vaz\u00e3o<br \/>\n250 US GPH (1000 L\/H)<br \/>\nWatts<br \/>\n6 &#8211; (120 v &#8211; 60 Hz)<br \/>\n5 &#8211; (230 v &#8211; 50 Hz)<br \/>\nVolume do filtro<br \/>\n0,32 gal\u00f5es americanos (1,2 litros)<br \/>\nCaracter\u00edsticas:<br \/>\nTampa do filtro revers\u00edvel<br \/>\nDispositivo de alerta de manuten\u00e7\u00e3o<br \/>\nPreven\u00e7\u00e3o de transbordamento<br \/>\nCesto de filtro de grande capacidade<br \/>\nFluxo de retorno de aera\u00e7\u00e3o<br \/>\nRegulagem de fluxo<br \/>\nRegula\u00e7\u00e3o do fluxo de admiss\u00e3o<br \/>\nEscumadeira de superf\u00edcie<br \/>\nIngest\u00e3o subsuperficial<br \/>\nTubo de entrada telesc\u00f3pico<br \/>\nBot\u00e3o de nivelamento<br \/>\nBomba autoescorvante<br \/>\nImpulsor autolimpante<br \/>\nSuporte de aquecedor<\/p>","protected":false},"excerpt":{"rendered":"<p>Especifica\u00e7\u00f5es t\u00e9cnicas Tamanho do Aqu\u00e1rio At\u00e9 55 gal\u00f5es americanos (200 litros) Quociente de vaz\u00e3o 250 US GPH (1000 L\/H) Watts 6 &#8211; (120 v &#8211; 60 Hz) 5 &#8211; (230 v &#8211; 50 Hz) Volume do filtro 0,32 gal\u00f5es americanos (1,2 litros) Caracter\u00edsticas: Tampa do filtro revers\u00edvel Dispositivo de alerta de manuten\u00e7\u00e3o Preven\u00e7\u00e3o de transbordamento [&hellip;]<\/p>\n","protected":false},"featured_media":5078,"template":"","meta":{"inline_featured_image":false},"product_brand":[],"product_cat":[45],"product_tag":[],"class_list":{"0":"post-5079","1":"product","2":"type-product","3":"status-publish","4":"has-post-thumbnail","6":"product_cat-equipamentos","8":"first","9":"instock","10":"taxable","11":"shipping-taxable","12":"purchasable","13":"product-type-simple"},"yoast_head":"<!-- This site is optimized with the Yoast SEO plugin v27.1.1 - https:\/\/yoast.com\/product\/yoast-seo-wordpress\/ -->\n<title>Seachem-Filtro de Cascada TIDAL 55 - Ornaqua - Reprodu\u00e7\u00e3o, Importa\u00e7\u00e3o e Comercio de Peixes Ornamentais<\/title>\n<meta name=\"robots\" content=\"index, follow, max-snippet:-1, max-image-preview:large, max-video-preview:-1\" \/>\n<link rel=\"canonical\" href=\"https:\/\/ornaqua.pt\/en\/product\/seachem-filtro-de-cascada-tidal-55\/\" \/>\n<meta property=\"og:locale\" content=\"en_GB\" \/>\n<meta property=\"og:type\" content=\"article\" \/>\n<meta property=\"og:title\" content=\"Seachem-Filtro de Cascada TIDAL 55 - Ornaqua - Reprodu\u00e7\u00e3o, Importa\u00e7\u00e3o e Comercio de Peixes Ornamentais\" \/>\n<meta property=\"og:description\" content=\"Especifica\u00e7\u00f5es t\u00e9cnicas Tamanho do Aqu\u00e1rio At\u00e9 55 gal\u00f5es americanos (200 litros) Quociente de vaz\u00e3o 250 US GPH (1000 L\/H) Watts 6 &#8211; (120 v &#8211; 60 Hz) 5 &#8211; (230 v &#8211; 50 Hz) Volume do filtro 0,32 gal\u00f5es americanos (1,2 litros) Caracter\u00edsticas: Tampa do filtro revers\u00edvel Dispositivo de alerta de manuten\u00e7\u00e3o Preven\u00e7\u00e3o de transbordamento [&hellip;]\" \/>\n<meta property=\"og:url\" content=\"https:\/\/ornaqua.pt\/en\/product\/seachem-filtro-de-cascada-tidal-55\/\" \/>\n<meta property=\"og:site_name\" content=\"Ornaqua - Reprodu\u00e7\u00e3o, Importa\u00e7\u00e3o e Comercio de Peixes Ornamentais\" \/>\n<meta property=\"article:publisher\" content=\"https:\/\/www.facebook.com\/ORNAQUA\" \/>\n<meta property=\"article:modified_time\" content=\"2025-09-12T09:44:29+00:00\" \/>\n<meta property=\"og:image\" content=\"https:\/\/ornaqua.pt\/wp-content\/uploads\/2023\/06\/SC002.jpg\" \/>\n\t<meta property=\"og:image:width\" content=\"800\" \/>\n\t<meta property=\"og:image:height\" content=\"800\" \/>\n\t<meta property=\"og:image:type\" content=\"image\/jpeg\" \/>\n<meta name=\"twitter:card\" content=\"summary_large_image\" \/>\n<script type=\"application\/ld+json\" class=\"yoast-schema-graph\">{\"@context\":\"https:\/\/schema.org\",\"@graph\":[{\"@type\":\"WebPage\",\"@id\":\"https:\/\/ornaqua.pt\/produto\/seachem-filtro-de-cascada-tidal-55\/\",\"url\":\"https:\/\/ornaqua.pt\/produto\/seachem-filtro-de-cascada-tidal-55\/\",\"name\":\"Seachem-Filtro de Cascada TIDAL 55 - Ornaqua - Reprodu\u00e7\u00e3o, Importa\u00e7\u00e3o e Comercio de Peixes Ornamentais\",\"isPartOf\":{\"@id\":\"https:\/\/ornaqua.pt\/#website\"},\"primaryImageOfPage\":{\"@id\":\"https:\/\/ornaqua.pt\/produto\/seachem-filtro-de-cascada-tidal-55\/#primaryimage\"},\"image\":{\"@id\":\"https:\/\/ornaqua.pt\/produto\/seachem-filtro-de-cascada-tidal-55\/#primaryimage\"},\"thumbnailUrl\":\"https:\/\/ornaqua.pt\/wp-content\/uploads\/2023\/06\/SC002.jpg\",\"datePublished\":\"2023-06-09T20:30:02+00:00\",\"dateModified\":\"2025-09-12T09:44:29+00:00\",\"breadcrumb\":{\"@id\":\"https:\/\/ornaqua.pt\/produto\/seachem-filtro-de-cascada-tidal-55\/#breadcrumb\"},\"inLanguage\":\"en-GB\",\"potentialAction\":[{\"@type\":\"ReadAction\",\"target\":[\"https:\/\/ornaqua.pt\/produto\/seachem-filtro-de-cascada-tidal-55\/\"]}]},{\"@type\":\"ImageObject\",\"inLanguage\":\"en-GB\",\"@id\":\"https:\/\/ornaqua.pt\/produto\/seachem-filtro-de-cascada-tidal-55\/#primaryimage\",\"url\":\"https:\/\/ornaqua.pt\/wp-content\/uploads\/2023\/06\/SC002.jpg\",\"contentUrl\":\"https:\/\/ornaqua.pt\/wp-content\/uploads\/2023\/06\/SC002.jpg\",\"width\":800,\"height\":800},{\"@type\":\"BreadcrumbList\",\"@id\":\"https:\/\/ornaqua.pt\/produto\/seachem-filtro-de-cascada-tidal-55\/#breadcrumb\",\"itemListElement\":[{\"@type\":\"ListItem\",\"position\":1,\"name\":\"In\u00edcio\",\"item\":\"https:\/\/ornaqua.pt\/\"},{\"@type\":\"ListItem\",\"position\":2,\"name\":\"Produtos\",\"item\":\"https:\/\/ornaqua.pt\/produtos\/\"},{\"@type\":\"ListItem\",\"position\":3,\"name\":\"Seachem-Filtro de Cascada TIDAL 55\"}]},{\"@type\":\"WebSite\",\"@id\":\"https:\/\/ornaqua.pt\/#website\",\"url\":\"https:\/\/ornaqua.pt\/\",\"name\":\"Ornaqua - Loja Online\",\"description\":\"Reprodu\u00e7\u00e3o, Importa\u00e7\u00e3o e Comercio de Peixes Ornamentais\",\"publisher\":{\"@id\":\"https:\/\/ornaqua.pt\/#organization\"},\"potentialAction\":[{\"@type\":\"SearchAction\",\"target\":{\"@type\":\"EntryPoint\",\"urlTemplate\":\"https:\/\/ornaqua.pt\/?s={search_term_string}\"},\"query-input\":{\"@type\":\"PropertyValueSpecification\",\"valueRequired\":true,\"valueName\":\"search_term_string\"}}],\"inLanguage\":\"en-GB\"},{\"@type\":\"Organization\",\"@id\":\"https:\/\/ornaqua.pt\/#organization\",\"name\":\"Ornaqua - Reprodu\u00e7\u00e3o, Importa\u00e7\u00e3o e Comercio de Peixes Ornamentais\",\"url\":\"https:\/\/ornaqua.pt\/\",\"logo\":{\"@type\":\"ImageObject\",\"inLanguage\":\"en-GB\",\"@id\":\"https:\/\/ornaqua.pt\/#\/schema\/logo\/image\/\",\"url\":\"https:\/\/ornaqua.pt\/wp-content\/uploads\/2023\/10\/logo_ornaqua_200.png\",\"contentUrl\":\"https:\/\/ornaqua.pt\/wp-content\/uploads\/2023\/10\/logo_ornaqua_200.png\",\"width\":200,\"height\":97,\"caption\":\"Ornaqua - Reprodu\u00e7\u00e3o, Importa\u00e7\u00e3o e Comercio de Peixes Ornamentais\"},\"image\":{\"@id\":\"https:\/\/ornaqua.pt\/#\/schema\/logo\/image\/\"},\"sameAs\":[\"https:\/\/www.facebook.com\/ORNAQUA\",\"https:\/\/www.instagram.com\/ornaqua\/\"]}]}<\/script>\n<!-- \/ Yoast SEO plugin. -->","yoast_head_json":{"title":"Seachem-Filtro de Cascada TIDAL 55 - Ornaqua - Reprodu\u00e7\u00e3o, Importa\u00e7\u00e3o e Comercio de Peixes Ornamentais","robots":{"index":"index","follow":"follow","max-snippet":"max-snippet:-1","max-image-preview":"max-image-preview:large","max-video-preview":"max-video-preview:-1"},"canonical":"https:\/\/ornaqua.pt\/en\/product\/seachem-filtro-de-cascada-tidal-55\/","og_locale":"en_GB","og_type":"article","og_title":"Seachem-Filtro de Cascada TIDAL 55 - Ornaqua - Reprodu\u00e7\u00e3o, Importa\u00e7\u00e3o e Comercio de Peixes Ornamentais","og_description":"Especifica\u00e7\u00f5es t\u00e9cnicas Tamanho do Aqu\u00e1rio At\u00e9 55 gal\u00f5es americanos (200 litros) Quociente de vaz\u00e3o 250 US GPH (1000 L\/H) Watts 6 &#8211; (120 v &#8211; 60 Hz) 5 &#8211; (230 v &#8211; 50 Hz) Volume do filtro 0,32 gal\u00f5es americanos (1,2 litros) Caracter\u00edsticas: Tampa do filtro revers\u00edvel Dispositivo de alerta de manuten\u00e7\u00e3o Preven\u00e7\u00e3o de transbordamento [&hellip;]","og_url":"https:\/\/ornaqua.pt\/en\/product\/seachem-filtro-de-cascada-tidal-55\/","og_site_name":"Ornaqua - Reprodu\u00e7\u00e3o, Importa\u00e7\u00e3o e Comercio de Peixes Ornamentais","article_publisher":"https:\/\/www.facebook.com\/ORNAQUA","article_modified_time":"2025-09-12T09:44:29+00:00","og_image":[{"width":800,"height":800,"url":"https:\/\/ornaqua.pt\/wp-content\/uploads\/2023\/06\/SC002.jpg","type":"image\/jpeg"}],"twitter_card":"summary_large_image","schema":{"@context":"https:\/\/schema.org","@graph":[{"@type":"WebPage","@id":"https:\/\/ornaqua.pt\/produto\/seachem-filtro-de-cascada-tidal-55\/","url":"https:\/\/ornaqua.pt\/produto\/seachem-filtro-de-cascada-tidal-55\/","name":"Seachem-Filtro de Cascada TIDAL 55 - Ornaqua - Reprodu\u00e7\u00e3o, Importa\u00e7\u00e3o e Comercio de Peixes Ornamentais","isPartOf":{"@id":"https:\/\/ornaqua.pt\/#website"},"primaryImageOfPage":{"@id":"https:\/\/ornaqua.pt\/produto\/seachem-filtro-de-cascada-tidal-55\/#primaryimage"},"image":{"@id":"https:\/\/ornaqua.pt\/produto\/seachem-filtro-de-cascada-tidal-55\/#primaryimage"},"thumbnailUrl":"https:\/\/ornaqua.pt\/wp-content\/uploads\/2023\/06\/SC002.jpg","datePublished":"2023-06-09T20:30:02+00:00","dateModified":"2025-09-12T09:44:29+00:00","breadcrumb":{"@id":"https:\/\/ornaqua.pt\/produto\/seachem-filtro-de-cascada-tidal-55\/#breadcrumb"},"inLanguage":"en-GB","potentialAction":[{"@type":"ReadAction","target":["https:\/\/ornaqua.pt\/produto\/seachem-filtro-de-cascada-tidal-55\/"]}]},{"@type":"ImageObject","inLanguage":"en-GB","@id":"https:\/\/ornaqua.pt\/produto\/seachem-filtro-de-cascada-tidal-55\/#primaryimage","url":"https:\/\/ornaqua.pt\/wp-content\/uploads\/2023\/06\/SC002.jpg","contentUrl":"https:\/\/ornaqua.pt\/wp-content\/uploads\/2023\/06\/SC002.jpg","width":800,"height":800},{"@type":"BreadcrumbList","@id":"https:\/\/ornaqua.pt\/produto\/seachem-filtro-de-cascada-tidal-55\/#breadcrumb","itemListElement":[{"@type":"ListItem","position":1,"name":"In\u00edcio","item":"https:\/\/ornaqua.pt\/"},{"@type":"ListItem","position":2,"name":"Produtos","item":"https:\/\/ornaqua.pt\/produtos\/"},{"@type":"ListItem","position":3,"name":"Seachem-Filtro de Cascada TIDAL 55"}]},{"@type":"WebSite","@id":"https:\/\/ornaqua.pt\/#website","url":"https:\/\/ornaqua.pt\/","name":"Ornaqua - Loja Online","description":"Reprodu\u00e7\u00e3o, Importa\u00e7\u00e3o e Comercio de Peixes Ornamentais","publisher":{"@id":"https:\/\/ornaqua.pt\/#organization"},"potentialAction":[{"@type":"SearchAction","target":{"@type":"EntryPoint","urlTemplate":"https:\/\/ornaqua.pt\/?s={search_term_string}"},"query-input":{"@type":"PropertyValueSpecification","valueRequired":true,"valueName":"search_term_string"}}],"inLanguage":"en-GB"},{"@type":"Organization","@id":"https:\/\/ornaqua.pt\/#organization","name":"Ornaqua - Reprodu\u00e7\u00e3o, Importa\u00e7\u00e3o e Comercio de Peixes Ornamentais","url":"https:\/\/ornaqua.pt\/","logo":{"@type":"ImageObject","inLanguage":"en-GB","@id":"https:\/\/ornaqua.pt\/#\/schema\/logo\/image\/","url":"https:\/\/ornaqua.pt\/wp-content\/uploads\/2023\/10\/logo_ornaqua_200.png","contentUrl":"https:\/\/ornaqua.pt\/wp-content\/uploads\/2023\/10\/logo_ornaqua_200.png","width":200,"height":97,"caption":"Ornaqua - Reprodu\u00e7\u00e3o, Importa\u00e7\u00e3o e Comercio de Peixes Ornamentais"},"image":{"@id":"https:\/\/ornaqua.pt\/#\/schema\/logo\/image\/"},"sameAs":["https:\/\/www.facebook.com\/ORNAQUA","https:\/\/www.instagram.com\/ornaqua\/"]}]}},"_links":{"self":[{"href":"https:\/\/ornaqua.pt\/en\/wp-json\/wp\/v2\/product\/5079","targetHints":{"allow":["GET"]}}],"collection":[{"href":"https:\/\/ornaqua.pt\/en\/wp-json\/wp\/v2\/product"}],"about":[{"href":"https:\/\/ornaqua.pt\/en\/wp-json\/wp\/v2\/types\/product"}],"wp:featuredmedia":[{"embeddable":true,"href":"https:\/\/ornaqua.pt\/en\/wp-json\/wp\/v2\/media\/5078"}],"wp:attachment":[{"href":"https:\/\/ornaqua.pt\/en\/wp-json\/wp\/v2\/media?parent=5079"}],"wp:term":[{"taxonomy":"product_brand","embeddable":true,"href":"https:\/\/ornaqua.pt\/en\/wp-json\/wp\/v2\/product_brand?post=5079"},{"taxonomy":"product_cat","embeddable":true,"href":"https:\/\/ornaqua.pt\/en\/wp-json\/wp\/v2\/product_cat?post=5079"},{"taxonomy":"product_tag","embeddable":true,"href":"https:\/\/ornaqua.pt\/en\/wp-json\/wp\/v2\/product_tag?post=5079"}],"curies":[{"name":"wp","href":"https:\/\/api.w.org\/{rel}","templated":true}]}}