{"id":5047,"date":"2023-06-01T20:56:26","date_gmt":"2023-06-01T19:56:26","guid":{"rendered":"http:\/\/ornaqua.pt\/produto\/tropical-pro-defence-s-100ml\/"},"modified":"2025-04-02T11:55:56","modified_gmt":"2025-04-02T10:55:56","slug":"tropical-pro-defence-s-100ml","status":"publish","type":"product","link":"https:\/\/ornaqua.pt\/en\/product\/tropical-pro-defence-s-100ml\/","title":{"rendered":"Tropical PRO Defence S (100ml)"},"content":{"rendered":"<p>Pro Defense Tamanho S<br \/>\n\u2022 gr\u00e2nulos que afundam lentamente com probi\u00f3tico para a alimenta\u00e7\u00e3o di\u00e1ria de peixes jovens e peixes adultos de esp\u00e9cies pequenas<br \/>\n\u2022 probi\u00f3tico adicionado ao alimento cont\u00e9m endosporos vi\u00e1veis \u200b\u200bde Bacillus subtilis, que estabilizam a microflora intestinal, aumentando a resist\u00eancia dos peixes a pat\u00f3genos e facilitando a utiliza\u00e7\u00e3o de nutrientes, que por sua vez acelera o crescimento do peixe e reduz a contamina\u00e7\u00e3o da \u00e1gua com as fezes do peixe<br \/>\n\u2022 o efeito sin\u00e9rgico do probi\u00f3tico, beta-glucano, vitaminas e caroten\u00f3ides melhora significativamente a condi\u00e7\u00e3o geral do peixe e seu sistema imunol\u00f3gico, portanto, a alimenta\u00e7\u00e3o \u00e9 recomendada tamb\u00e9m durante doen\u00e7as, recupera\u00e7\u00e3o ou aclimata\u00e7\u00e3o<br \/>\n\u2022 o probi\u00f3tico influencia positivamente a reprodu\u00e7\u00e3o, aumentando a fertilidade dos peixes e a taxa de sobreviv\u00eancia dos alevinos e alivia o estresse causado pelo transporte, desova, agress\u00e3o intra-esp\u00e9cie, rivalidade etc.<br \/>\n\u2022 alto teor de prote\u00ednas, incluindo amino\u00e1cidos essenciais, garante crescimento e desenvolvimento saud\u00e1veis \u200b\u200bdos peixes<\/p>","protected":false},"excerpt":{"rendered":"<p>Pro Defense Tamanho S \u2022 gr\u00e2nulos que afundam lentamente com probi\u00f3tico para a alimenta\u00e7\u00e3o di\u00e1ria de peixes jovens e peixes adultos de esp\u00e9cies pequenas \u2022 probi\u00f3tico adicionado ao alimento cont\u00e9m endosporos vi\u00e1veis \u200b\u200bde Bacillus subtilis, que estabilizam a microflora intestinal, aumentando a resist\u00eancia dos peixes a pat\u00f3genos e facilitando a utiliza\u00e7\u00e3o de nutrientes, que por [&hellip;]<\/p>\n","protected":false},"featured_media":5046,"template":"","meta":{"inline_featured_image":false},"product_brand":[],"product_cat":[40],"product_tag":[],"class_list":{"0":"post-5047","1":"product","2":"type-product","3":"status-publish","4":"has-post-thumbnail","6":"product_cat-alimentacao","8":"first","9":"instock","10":"taxable","11":"shipping-taxable","12":"purchasable","13":"product-type-simple"},"yoast_head":"<!-- This site is optimized with the Yoast SEO plugin v27.1.1 - https:\/\/yoast.com\/product\/yoast-seo-wordpress\/ -->\n<title>Tropical PRO Defence S (100ml) - Ornaqua - Reprodu\u00e7\u00e3o, Importa\u00e7\u00e3o e Comercio de Peixes Ornamentais<\/title>\n<meta name=\"robots\" content=\"index, follow, max-snippet:-1, max-image-preview:large, max-video-preview:-1\" \/>\n<link rel=\"canonical\" href=\"https:\/\/ornaqua.pt\/en\/product\/tropical-pro-defence-s-100ml\/\" \/>\n<meta property=\"og:locale\" content=\"en_GB\" \/>\n<meta property=\"og:type\" content=\"article\" \/>\n<meta property=\"og:title\" content=\"Tropical PRO Defence S (100ml) - Ornaqua - Reprodu\u00e7\u00e3o, Importa\u00e7\u00e3o e Comercio de Peixes Ornamentais\" \/>\n<meta property=\"og:description\" content=\"Pro Defense Tamanho S \u2022 gr\u00e2nulos que afundam lentamente com probi\u00f3tico para a alimenta\u00e7\u00e3o di\u00e1ria de peixes jovens e peixes adultos de esp\u00e9cies pequenas \u2022 probi\u00f3tico adicionado ao alimento cont\u00e9m endosporos vi\u00e1veis \u200b\u200bde Bacillus subtilis, que estabilizam a microflora intestinal, aumentando a resist\u00eancia dos peixes a pat\u00f3genos e facilitando a utiliza\u00e7\u00e3o de nutrientes, que por [&hellip;]\" \/>\n<meta property=\"og:url\" content=\"https:\/\/ornaqua.pt\/en\/product\/tropical-pro-defence-s-100ml\/\" \/>\n<meta property=\"og:site_name\" content=\"Ornaqua - Reprodu\u00e7\u00e3o, Importa\u00e7\u00e3o e Comercio de Peixes Ornamentais\" \/>\n<meta property=\"article:publisher\" content=\"https:\/\/www.facebook.com\/ORNAQUA\" \/>\n<meta property=\"article:modified_time\" content=\"2025-04-02T10:55:56+00:00\" \/>\n<meta property=\"og:image\" content=\"https:\/\/ornaqua.pt\/wp-content\/uploads\/2023\/06\/TR030.jpg\" \/>\n\t<meta property=\"og:image:width\" content=\"800\" \/>\n\t<meta property=\"og:image:height\" content=\"800\" \/>\n\t<meta property=\"og:image:type\" content=\"image\/jpeg\" \/>\n<meta name=\"twitter:card\" content=\"summary_large_image\" \/>\n<meta name=\"twitter:label1\" content=\"Estimated reading time\" \/>\n\t<meta name=\"twitter:data1\" content=\"1 minute\" \/>\n<script type=\"application\/ld+json\" class=\"yoast-schema-graph\">{\"@context\":\"https:\/\/schema.org\",\"@graph\":[{\"@type\":\"WebPage\",\"@id\":\"https:\/\/ornaqua.pt\/produto\/tropical-pro-defence-s-100ml\/\",\"url\":\"https:\/\/ornaqua.pt\/produto\/tropical-pro-defence-s-100ml\/\",\"name\":\"Tropical PRO Defence S (100ml) - Ornaqua - Reprodu\u00e7\u00e3o, Importa\u00e7\u00e3o e Comercio de Peixes Ornamentais\",\"isPartOf\":{\"@id\":\"https:\/\/ornaqua.pt\/#website\"},\"primaryImageOfPage\":{\"@id\":\"https:\/\/ornaqua.pt\/produto\/tropical-pro-defence-s-100ml\/#primaryimage\"},\"image\":{\"@id\":\"https:\/\/ornaqua.pt\/produto\/tropical-pro-defence-s-100ml\/#primaryimage\"},\"thumbnailUrl\":\"https:\/\/ornaqua.pt\/wp-content\/uploads\/2023\/06\/TR030.jpg\",\"datePublished\":\"2023-06-01T19:56:26+00:00\",\"dateModified\":\"2025-04-02T10:55:56+00:00\",\"breadcrumb\":{\"@id\":\"https:\/\/ornaqua.pt\/produto\/tropical-pro-defence-s-100ml\/#breadcrumb\"},\"inLanguage\":\"en-GB\",\"potentialAction\":[{\"@type\":\"ReadAction\",\"target\":[\"https:\/\/ornaqua.pt\/produto\/tropical-pro-defence-s-100ml\/\"]}]},{\"@type\":\"ImageObject\",\"inLanguage\":\"en-GB\",\"@id\":\"https:\/\/ornaqua.pt\/produto\/tropical-pro-defence-s-100ml\/#primaryimage\",\"url\":\"https:\/\/ornaqua.pt\/wp-content\/uploads\/2023\/06\/TR030.jpg\",\"contentUrl\":\"https:\/\/ornaqua.pt\/wp-content\/uploads\/2023\/06\/TR030.jpg\",\"width\":800,\"height\":800},{\"@type\":\"BreadcrumbList\",\"@id\":\"https:\/\/ornaqua.pt\/produto\/tropical-pro-defence-s-100ml\/#breadcrumb\",\"itemListElement\":[{\"@type\":\"ListItem\",\"position\":1,\"name\":\"In\u00edcio\",\"item\":\"https:\/\/ornaqua.pt\/\"},{\"@type\":\"ListItem\",\"position\":2,\"name\":\"Produtos\",\"item\":\"https:\/\/ornaqua.pt\/produtos\/\"},{\"@type\":\"ListItem\",\"position\":3,\"name\":\"Tropical PRO Defence S (100ml)\"}]},{\"@type\":\"WebSite\",\"@id\":\"https:\/\/ornaqua.pt\/#website\",\"url\":\"https:\/\/ornaqua.pt\/\",\"name\":\"Ornaqua - Loja Online\",\"description\":\"Reprodu\u00e7\u00e3o, Importa\u00e7\u00e3o e Comercio de Peixes Ornamentais\",\"publisher\":{\"@id\":\"https:\/\/ornaqua.pt\/#organization\"},\"potentialAction\":[{\"@type\":\"SearchAction\",\"target\":{\"@type\":\"EntryPoint\",\"urlTemplate\":\"https:\/\/ornaqua.pt\/?s={search_term_string}\"},\"query-input\":{\"@type\":\"PropertyValueSpecification\",\"valueRequired\":true,\"valueName\":\"search_term_string\"}}],\"inLanguage\":\"en-GB\"},{\"@type\":\"Organization\",\"@id\":\"https:\/\/ornaqua.pt\/#organization\",\"name\":\"Ornaqua - Reprodu\u00e7\u00e3o, Importa\u00e7\u00e3o e Comercio de Peixes Ornamentais\",\"url\":\"https:\/\/ornaqua.pt\/\",\"logo\":{\"@type\":\"ImageObject\",\"inLanguage\":\"en-GB\",\"@id\":\"https:\/\/ornaqua.pt\/#\/schema\/logo\/image\/\",\"url\":\"https:\/\/ornaqua.pt\/wp-content\/uploads\/2023\/10\/logo_ornaqua_200.png\",\"contentUrl\":\"https:\/\/ornaqua.pt\/wp-content\/uploads\/2023\/10\/logo_ornaqua_200.png\",\"width\":200,\"height\":97,\"caption\":\"Ornaqua - Reprodu\u00e7\u00e3o, Importa\u00e7\u00e3o e Comercio de Peixes Ornamentais\"},\"image\":{\"@id\":\"https:\/\/ornaqua.pt\/#\/schema\/logo\/image\/\"},\"sameAs\":[\"https:\/\/www.facebook.com\/ORNAQUA\",\"https:\/\/www.instagram.com\/ornaqua\/\"]}]}<\/script>\n<!-- \/ Yoast SEO plugin. -->","yoast_head_json":{"title":"Tropical PRO Defence S (100ml) - Ornaqua - Reprodu\u00e7\u00e3o, Importa\u00e7\u00e3o e Comercio de Peixes Ornamentais","robots":{"index":"index","follow":"follow","max-snippet":"max-snippet:-1","max-image-preview":"max-image-preview:large","max-video-preview":"max-video-preview:-1"},"canonical":"https:\/\/ornaqua.pt\/en\/product\/tropical-pro-defence-s-100ml\/","og_locale":"en_GB","og_type":"article","og_title":"Tropical PRO Defence S (100ml) - Ornaqua - Reprodu\u00e7\u00e3o, Importa\u00e7\u00e3o e Comercio de Peixes Ornamentais","og_description":"Pro Defense Tamanho S \u2022 gr\u00e2nulos que afundam lentamente com probi\u00f3tico para a alimenta\u00e7\u00e3o di\u00e1ria de peixes jovens e peixes adultos de esp\u00e9cies pequenas \u2022 probi\u00f3tico adicionado ao alimento cont\u00e9m endosporos vi\u00e1veis \u200b\u200bde Bacillus subtilis, que estabilizam a microflora intestinal, aumentando a resist\u00eancia dos peixes a pat\u00f3genos e facilitando a utiliza\u00e7\u00e3o de nutrientes, que por [&hellip;]","og_url":"https:\/\/ornaqua.pt\/en\/product\/tropical-pro-defence-s-100ml\/","og_site_name":"Ornaqua - Reprodu\u00e7\u00e3o, Importa\u00e7\u00e3o e Comercio de Peixes Ornamentais","article_publisher":"https:\/\/www.facebook.com\/ORNAQUA","article_modified_time":"2025-04-02T10:55:56+00:00","og_image":[{"width":800,"height":800,"url":"https:\/\/ornaqua.pt\/wp-content\/uploads\/2023\/06\/TR030.jpg","type":"image\/jpeg"}],"twitter_card":"summary_large_image","twitter_misc":{"Estimated reading time":"1 minute"},"schema":{"@context":"https:\/\/schema.org","@graph":[{"@type":"WebPage","@id":"https:\/\/ornaqua.pt\/produto\/tropical-pro-defence-s-100ml\/","url":"https:\/\/ornaqua.pt\/produto\/tropical-pro-defence-s-100ml\/","name":"Tropical PRO Defence S (100ml) - Ornaqua - Reprodu\u00e7\u00e3o, Importa\u00e7\u00e3o e Comercio de Peixes Ornamentais","isPartOf":{"@id":"https:\/\/ornaqua.pt\/#website"},"primaryImageOfPage":{"@id":"https:\/\/ornaqua.pt\/produto\/tropical-pro-defence-s-100ml\/#primaryimage"},"image":{"@id":"https:\/\/ornaqua.pt\/produto\/tropical-pro-defence-s-100ml\/#primaryimage"},"thumbnailUrl":"https:\/\/ornaqua.pt\/wp-content\/uploads\/2023\/06\/TR030.jpg","datePublished":"2023-06-01T19:56:26+00:00","dateModified":"2025-04-02T10:55:56+00:00","breadcrumb":{"@id":"https:\/\/ornaqua.pt\/produto\/tropical-pro-defence-s-100ml\/#breadcrumb"},"inLanguage":"en-GB","potentialAction":[{"@type":"ReadAction","target":["https:\/\/ornaqua.pt\/produto\/tropical-pro-defence-s-100ml\/"]}]},{"@type":"ImageObject","inLanguage":"en-GB","@id":"https:\/\/ornaqua.pt\/produto\/tropical-pro-defence-s-100ml\/#primaryimage","url":"https:\/\/ornaqua.pt\/wp-content\/uploads\/2023\/06\/TR030.jpg","contentUrl":"https:\/\/ornaqua.pt\/wp-content\/uploads\/2023\/06\/TR030.jpg","width":800,"height":800},{"@type":"BreadcrumbList","@id":"https:\/\/ornaqua.pt\/produto\/tropical-pro-defence-s-100ml\/#breadcrumb","itemListElement":[{"@type":"ListItem","position":1,"name":"In\u00edcio","item":"https:\/\/ornaqua.pt\/"},{"@type":"ListItem","position":2,"name":"Produtos","item":"https:\/\/ornaqua.pt\/produtos\/"},{"@type":"ListItem","position":3,"name":"Tropical PRO Defence S (100ml)"}]},{"@type":"WebSite","@id":"https:\/\/ornaqua.pt\/#website","url":"https:\/\/ornaqua.pt\/","name":"Ornaqua - Loja Online","description":"Reprodu\u00e7\u00e3o, Importa\u00e7\u00e3o e Comercio de Peixes Ornamentais","publisher":{"@id":"https:\/\/ornaqua.pt\/#organization"},"potentialAction":[{"@type":"SearchAction","target":{"@type":"EntryPoint","urlTemplate":"https:\/\/ornaqua.pt\/?s={search_term_string}"},"query-input":{"@type":"PropertyValueSpecification","valueRequired":true,"valueName":"search_term_string"}}],"inLanguage":"en-GB"},{"@type":"Organization","@id":"https:\/\/ornaqua.pt\/#organization","name":"Ornaqua - Reprodu\u00e7\u00e3o, Importa\u00e7\u00e3o e Comercio de Peixes Ornamentais","url":"https:\/\/ornaqua.pt\/","logo":{"@type":"ImageObject","inLanguage":"en-GB","@id":"https:\/\/ornaqua.pt\/#\/schema\/logo\/image\/","url":"https:\/\/ornaqua.pt\/wp-content\/uploads\/2023\/10\/logo_ornaqua_200.png","contentUrl":"https:\/\/ornaqua.pt\/wp-content\/uploads\/2023\/10\/logo_ornaqua_200.png","width":200,"height":97,"caption":"Ornaqua - Reprodu\u00e7\u00e3o, Importa\u00e7\u00e3o e Comercio de Peixes Ornamentais"},"image":{"@id":"https:\/\/ornaqua.pt\/#\/schema\/logo\/image\/"},"sameAs":["https:\/\/www.facebook.com\/ORNAQUA","https:\/\/www.instagram.com\/ornaqua\/"]}]}},"_links":{"self":[{"href":"https:\/\/ornaqua.pt\/en\/wp-json\/wp\/v2\/product\/5047","targetHints":{"allow":["GET"]}}],"collection":[{"href":"https:\/\/ornaqua.pt\/en\/wp-json\/wp\/v2\/product"}],"about":[{"href":"https:\/\/ornaqua.pt\/en\/wp-json\/wp\/v2\/types\/product"}],"wp:featuredmedia":[{"embeddable":true,"href":"https:\/\/ornaqua.pt\/en\/wp-json\/wp\/v2\/media\/5046"}],"wp:attachment":[{"href":"https:\/\/ornaqua.pt\/en\/wp-json\/wp\/v2\/media?parent=5047"}],"wp:term":[{"taxonomy":"product_brand","embeddable":true,"href":"https:\/\/ornaqua.pt\/en\/wp-json\/wp\/v2\/product_brand?post=5047"},{"taxonomy":"product_cat","embeddable":true,"href":"https:\/\/ornaqua.pt\/en\/wp-json\/wp\/v2\/product_cat?post=5047"},{"taxonomy":"product_tag","embeddable":true,"href":"https:\/\/ornaqua.pt\/en\/wp-json\/wp\/v2\/product_tag?post=5047"}],"curies":[{"name":"wp","href":"https:\/\/api.w.org\/{rel}","templated":true}]}}