{"id":5017,"date":"2023-06-01T20:55:06","date_gmt":"2023-06-01T19:55:06","guid":{"rendered":"http:\/\/ornaqua.pt\/produto\/tropical-3-algae-flakes-1000ml\/"},"modified":"2025-11-17T14:04:01","modified_gmt":"2025-11-17T14:04:01","slug":"tropical-3-algae-flakes-1000ml","status":"publish","type":"product","link":"https:\/\/ornaqua.pt\/en\/product\/tropical-3-algae-flakes-1000ml\/","title":{"rendered":"Tropical 3-Algae Flakes (1000ml)"},"content":{"rendered":"<p>3-ALGAE FLAKES \u00e9 um alimento em forma de flocos delicados, rico em algas. Destinado para a alimenta\u00e7\u00e3o di\u00e1ria de peixes de \u00e1gua doce e peixes marinhos herb\u00edvoros, para os quais as algas s\u00e3o um componente importante da dieta, tal como para peixes omn\u00edvoros \u2013 como ra\u00e7\u00e3o complementar. O 3-ALGAE FLAKES \u00e9 constitu\u00eddo por tr\u00eas algas: chlorella (Chlorella vulgaris), Ascophyllum nodosum e Laminaria digitata, designadas como algas kelp. Os \u00e1cidos gordos insaturados, que se encontram na chlorella, a prote\u00edna (rica em amino\u00e1cidos essenciais), tal como as vitaminas e os micro e macronutrientes das algas kelp (incluindo iodo, cr\u00f3mio, sel\u00e9nio e ferro) asseguram aos peixes uma condi\u00e7\u00e3o perfeita, um crescimento intensivo e vitalidade. Os peixes alimentados regularmente com os flocos 3-ALGAE FLAKES recebem uma grande dose de clorofila \u2013 pigmento verde, cuja fonte concentrada \u00e9 a chlorella. A clorofila limita o desenvolvimento de bact\u00e9rias indesejadas no tracto alimentar, evitando inflama\u00e7\u00f5es e, juntamente com o ze\u00f3lito, promove a elimina\u00e7\u00e3o das toxinas dos organismos dos peixes. O extracto de alo\u00e9 fortalece o sistema imunit\u00e1rio dos peixes e favorece o desenvolvimento de flora bacteriana correcta no tracto alimentar. Devido \u00e0s suas caracter\u00edsticas de fortalecimento, a ra\u00e7\u00e3o 3-ALGAE FLAKES \u00e9 recomendada para a alimenta\u00e7\u00e3o dos peixes durante a quarentena, aclimatiza\u00e7\u00e3o e convalescen\u00e7a.<\/p>","protected":false},"excerpt":{"rendered":"<p>3-ALGAE FLAKES \u00e9 um alimento em forma de flocos delicados, rico em algas. Destinado para a alimenta\u00e7\u00e3o di\u00e1ria de peixes de \u00e1gua doce e peixes marinhos herb\u00edvoros, para os quais as algas s\u00e3o um componente importante da dieta, tal como para peixes omn\u00edvoros \u2013 como ra\u00e7\u00e3o complementar. O 3-ALGAE FLAKES \u00e9 constitu\u00eddo por tr\u00eas algas: [&hellip;]<\/p>\n","protected":false},"featured_media":5016,"template":"","meta":{"inline_featured_image":false},"product_brand":[],"product_cat":[40],"product_tag":[],"class_list":{"0":"post-5017","1":"product","2":"type-product","3":"status-publish","4":"has-post-thumbnail","6":"product_cat-alimentacao","8":"first","9":"instock","10":"taxable","11":"shipping-taxable","12":"purchasable","13":"product-type-simple"},"yoast_head":"<!-- This site is optimized with the Yoast SEO plugin v27.1.1 - https:\/\/yoast.com\/product\/yoast-seo-wordpress\/ -->\n<title>Tropical 3-Algae Flakes (1000ml) - Ornaqua - Reprodu\u00e7\u00e3o, Importa\u00e7\u00e3o e Comercio de Peixes Ornamentais<\/title>\n<meta name=\"robots\" content=\"index, follow, max-snippet:-1, max-image-preview:large, max-video-preview:-1\" \/>\n<link rel=\"canonical\" href=\"https:\/\/ornaqua.pt\/en\/product\/tropical-3-algae-flakes-1000ml\/\" \/>\n<meta property=\"og:locale\" content=\"en_GB\" \/>\n<meta property=\"og:type\" content=\"article\" \/>\n<meta property=\"og:title\" content=\"Tropical 3-Algae Flakes (1000ml) - Ornaqua - Reprodu\u00e7\u00e3o, Importa\u00e7\u00e3o e Comercio de Peixes Ornamentais\" \/>\n<meta property=\"og:description\" content=\"3-ALGAE FLAKES \u00e9 um alimento em forma de flocos delicados, rico em algas. Destinado para a alimenta\u00e7\u00e3o di\u00e1ria de peixes de \u00e1gua doce e peixes marinhos herb\u00edvoros, para os quais as algas s\u00e3o um componente importante da dieta, tal como para peixes omn\u00edvoros \u2013 como ra\u00e7\u00e3o complementar. O 3-ALGAE FLAKES \u00e9 constitu\u00eddo por tr\u00eas algas: [&hellip;]\" \/>\n<meta property=\"og:url\" content=\"https:\/\/ornaqua.pt\/en\/product\/tropical-3-algae-flakes-1000ml\/\" \/>\n<meta property=\"og:site_name\" content=\"Ornaqua - Reprodu\u00e7\u00e3o, Importa\u00e7\u00e3o e Comercio de Peixes Ornamentais\" \/>\n<meta property=\"article:publisher\" content=\"https:\/\/www.facebook.com\/ORNAQUA\" \/>\n<meta property=\"article:modified_time\" content=\"2025-11-17T14:04:01+00:00\" \/>\n<meta property=\"og:image\" content=\"https:\/\/ornaqua.pt\/wp-content\/uploads\/2023\/06\/TR015.jpg\" \/>\n\t<meta property=\"og:image:width\" content=\"800\" \/>\n\t<meta property=\"og:image:height\" content=\"800\" \/>\n\t<meta property=\"og:image:type\" content=\"image\/jpeg\" \/>\n<meta name=\"twitter:card\" content=\"summary_large_image\" \/>\n<meta name=\"twitter:label1\" content=\"Estimated reading time\" \/>\n\t<meta name=\"twitter:data1\" content=\"1 minute\" \/>\n<script type=\"application\/ld+json\" class=\"yoast-schema-graph\">{\"@context\":\"https:\/\/schema.org\",\"@graph\":[{\"@type\":\"WebPage\",\"@id\":\"https:\/\/ornaqua.pt\/produto\/tropical-3-algae-flakes-1000ml\/\",\"url\":\"https:\/\/ornaqua.pt\/produto\/tropical-3-algae-flakes-1000ml\/\",\"name\":\"Tropical 3-Algae Flakes (1000ml) - Ornaqua - Reprodu\u00e7\u00e3o, Importa\u00e7\u00e3o e Comercio de Peixes Ornamentais\",\"isPartOf\":{\"@id\":\"https:\/\/ornaqua.pt\/#website\"},\"primaryImageOfPage\":{\"@id\":\"https:\/\/ornaqua.pt\/produto\/tropical-3-algae-flakes-1000ml\/#primaryimage\"},\"image\":{\"@id\":\"https:\/\/ornaqua.pt\/produto\/tropical-3-algae-flakes-1000ml\/#primaryimage\"},\"thumbnailUrl\":\"https:\/\/ornaqua.pt\/wp-content\/uploads\/2023\/06\/TR015.jpg\",\"datePublished\":\"2023-06-01T19:55:06+00:00\",\"dateModified\":\"2025-11-17T14:04:01+00:00\",\"breadcrumb\":{\"@id\":\"https:\/\/ornaqua.pt\/produto\/tropical-3-algae-flakes-1000ml\/#breadcrumb\"},\"inLanguage\":\"en-GB\",\"potentialAction\":[{\"@type\":\"ReadAction\",\"target\":[\"https:\/\/ornaqua.pt\/produto\/tropical-3-algae-flakes-1000ml\/\"]}]},{\"@type\":\"ImageObject\",\"inLanguage\":\"en-GB\",\"@id\":\"https:\/\/ornaqua.pt\/produto\/tropical-3-algae-flakes-1000ml\/#primaryimage\",\"url\":\"https:\/\/ornaqua.pt\/wp-content\/uploads\/2023\/06\/TR015.jpg\",\"contentUrl\":\"https:\/\/ornaqua.pt\/wp-content\/uploads\/2023\/06\/TR015.jpg\",\"width\":800,\"height\":800},{\"@type\":\"BreadcrumbList\",\"@id\":\"https:\/\/ornaqua.pt\/produto\/tropical-3-algae-flakes-1000ml\/#breadcrumb\",\"itemListElement\":[{\"@type\":\"ListItem\",\"position\":1,\"name\":\"In\u00edcio\",\"item\":\"https:\/\/ornaqua.pt\/\"},{\"@type\":\"ListItem\",\"position\":2,\"name\":\"Produtos\",\"item\":\"https:\/\/ornaqua.pt\/produtos\/\"},{\"@type\":\"ListItem\",\"position\":3,\"name\":\"Tropical 3-Algae Flakes (1000ml)\"}]},{\"@type\":\"WebSite\",\"@id\":\"https:\/\/ornaqua.pt\/#website\",\"url\":\"https:\/\/ornaqua.pt\/\",\"name\":\"Ornaqua - Loja Online\",\"description\":\"Reprodu\u00e7\u00e3o, Importa\u00e7\u00e3o e Comercio de Peixes Ornamentais\",\"publisher\":{\"@id\":\"https:\/\/ornaqua.pt\/#organization\"},\"potentialAction\":[{\"@type\":\"SearchAction\",\"target\":{\"@type\":\"EntryPoint\",\"urlTemplate\":\"https:\/\/ornaqua.pt\/?s={search_term_string}\"},\"query-input\":{\"@type\":\"PropertyValueSpecification\",\"valueRequired\":true,\"valueName\":\"search_term_string\"}}],\"inLanguage\":\"en-GB\"},{\"@type\":\"Organization\",\"@id\":\"https:\/\/ornaqua.pt\/#organization\",\"name\":\"Ornaqua - Reprodu\u00e7\u00e3o, Importa\u00e7\u00e3o e Comercio de Peixes Ornamentais\",\"url\":\"https:\/\/ornaqua.pt\/\",\"logo\":{\"@type\":\"ImageObject\",\"inLanguage\":\"en-GB\",\"@id\":\"https:\/\/ornaqua.pt\/#\/schema\/logo\/image\/\",\"url\":\"https:\/\/ornaqua.pt\/wp-content\/uploads\/2023\/10\/logo_ornaqua_200.png\",\"contentUrl\":\"https:\/\/ornaqua.pt\/wp-content\/uploads\/2023\/10\/logo_ornaqua_200.png\",\"width\":200,\"height\":97,\"caption\":\"Ornaqua - Reprodu\u00e7\u00e3o, Importa\u00e7\u00e3o e Comercio de Peixes Ornamentais\"},\"image\":{\"@id\":\"https:\/\/ornaqua.pt\/#\/schema\/logo\/image\/\"},\"sameAs\":[\"https:\/\/www.facebook.com\/ORNAQUA\",\"https:\/\/www.instagram.com\/ornaqua\/\"]}]}<\/script>\n<!-- \/ Yoast SEO plugin. -->","yoast_head_json":{"title":"Tropical 3-Algae Flakes (1000ml) - Ornaqua - Reprodu\u00e7\u00e3o, Importa\u00e7\u00e3o e Comercio de Peixes Ornamentais","robots":{"index":"index","follow":"follow","max-snippet":"max-snippet:-1","max-image-preview":"max-image-preview:large","max-video-preview":"max-video-preview:-1"},"canonical":"https:\/\/ornaqua.pt\/en\/product\/tropical-3-algae-flakes-1000ml\/","og_locale":"en_GB","og_type":"article","og_title":"Tropical 3-Algae Flakes (1000ml) - Ornaqua - Reprodu\u00e7\u00e3o, Importa\u00e7\u00e3o e Comercio de Peixes Ornamentais","og_description":"3-ALGAE FLAKES \u00e9 um alimento em forma de flocos delicados, rico em algas. Destinado para a alimenta\u00e7\u00e3o di\u00e1ria de peixes de \u00e1gua doce e peixes marinhos herb\u00edvoros, para os quais as algas s\u00e3o um componente importante da dieta, tal como para peixes omn\u00edvoros \u2013 como ra\u00e7\u00e3o complementar. O 3-ALGAE FLAKES \u00e9 constitu\u00eddo por tr\u00eas algas: [&hellip;]","og_url":"https:\/\/ornaqua.pt\/en\/product\/tropical-3-algae-flakes-1000ml\/","og_site_name":"Ornaqua - Reprodu\u00e7\u00e3o, Importa\u00e7\u00e3o e Comercio de Peixes Ornamentais","article_publisher":"https:\/\/www.facebook.com\/ORNAQUA","article_modified_time":"2025-11-17T14:04:01+00:00","og_image":[{"width":800,"height":800,"url":"https:\/\/ornaqua.pt\/wp-content\/uploads\/2023\/06\/TR015.jpg","type":"image\/jpeg"}],"twitter_card":"summary_large_image","twitter_misc":{"Estimated reading time":"1 minute"},"schema":{"@context":"https:\/\/schema.org","@graph":[{"@type":"WebPage","@id":"https:\/\/ornaqua.pt\/produto\/tropical-3-algae-flakes-1000ml\/","url":"https:\/\/ornaqua.pt\/produto\/tropical-3-algae-flakes-1000ml\/","name":"Tropical 3-Algae Flakes (1000ml) - Ornaqua - Reprodu\u00e7\u00e3o, Importa\u00e7\u00e3o e Comercio de Peixes Ornamentais","isPartOf":{"@id":"https:\/\/ornaqua.pt\/#website"},"primaryImageOfPage":{"@id":"https:\/\/ornaqua.pt\/produto\/tropical-3-algae-flakes-1000ml\/#primaryimage"},"image":{"@id":"https:\/\/ornaqua.pt\/produto\/tropical-3-algae-flakes-1000ml\/#primaryimage"},"thumbnailUrl":"https:\/\/ornaqua.pt\/wp-content\/uploads\/2023\/06\/TR015.jpg","datePublished":"2023-06-01T19:55:06+00:00","dateModified":"2025-11-17T14:04:01+00:00","breadcrumb":{"@id":"https:\/\/ornaqua.pt\/produto\/tropical-3-algae-flakes-1000ml\/#breadcrumb"},"inLanguage":"en-GB","potentialAction":[{"@type":"ReadAction","target":["https:\/\/ornaqua.pt\/produto\/tropical-3-algae-flakes-1000ml\/"]}]},{"@type":"ImageObject","inLanguage":"en-GB","@id":"https:\/\/ornaqua.pt\/produto\/tropical-3-algae-flakes-1000ml\/#primaryimage","url":"https:\/\/ornaqua.pt\/wp-content\/uploads\/2023\/06\/TR015.jpg","contentUrl":"https:\/\/ornaqua.pt\/wp-content\/uploads\/2023\/06\/TR015.jpg","width":800,"height":800},{"@type":"BreadcrumbList","@id":"https:\/\/ornaqua.pt\/produto\/tropical-3-algae-flakes-1000ml\/#breadcrumb","itemListElement":[{"@type":"ListItem","position":1,"name":"In\u00edcio","item":"https:\/\/ornaqua.pt\/"},{"@type":"ListItem","position":2,"name":"Produtos","item":"https:\/\/ornaqua.pt\/produtos\/"},{"@type":"ListItem","position":3,"name":"Tropical 3-Algae Flakes (1000ml)"}]},{"@type":"WebSite","@id":"https:\/\/ornaqua.pt\/#website","url":"https:\/\/ornaqua.pt\/","name":"Ornaqua - Loja Online","description":"Reprodu\u00e7\u00e3o, Importa\u00e7\u00e3o e Comercio de Peixes Ornamentais","publisher":{"@id":"https:\/\/ornaqua.pt\/#organization"},"potentialAction":[{"@type":"SearchAction","target":{"@type":"EntryPoint","urlTemplate":"https:\/\/ornaqua.pt\/?s={search_term_string}"},"query-input":{"@type":"PropertyValueSpecification","valueRequired":true,"valueName":"search_term_string"}}],"inLanguage":"en-GB"},{"@type":"Organization","@id":"https:\/\/ornaqua.pt\/#organization","name":"Ornaqua - Reprodu\u00e7\u00e3o, Importa\u00e7\u00e3o e Comercio de Peixes Ornamentais","url":"https:\/\/ornaqua.pt\/","logo":{"@type":"ImageObject","inLanguage":"en-GB","@id":"https:\/\/ornaqua.pt\/#\/schema\/logo\/image\/","url":"https:\/\/ornaqua.pt\/wp-content\/uploads\/2023\/10\/logo_ornaqua_200.png","contentUrl":"https:\/\/ornaqua.pt\/wp-content\/uploads\/2023\/10\/logo_ornaqua_200.png","width":200,"height":97,"caption":"Ornaqua - Reprodu\u00e7\u00e3o, Importa\u00e7\u00e3o e Comercio de Peixes Ornamentais"},"image":{"@id":"https:\/\/ornaqua.pt\/#\/schema\/logo\/image\/"},"sameAs":["https:\/\/www.facebook.com\/ORNAQUA","https:\/\/www.instagram.com\/ornaqua\/"]}]}},"_links":{"self":[{"href":"https:\/\/ornaqua.pt\/en\/wp-json\/wp\/v2\/product\/5017","targetHints":{"allow":["GET"]}}],"collection":[{"href":"https:\/\/ornaqua.pt\/en\/wp-json\/wp\/v2\/product"}],"about":[{"href":"https:\/\/ornaqua.pt\/en\/wp-json\/wp\/v2\/types\/product"}],"wp:featuredmedia":[{"embeddable":true,"href":"https:\/\/ornaqua.pt\/en\/wp-json\/wp\/v2\/media\/5016"}],"wp:attachment":[{"href":"https:\/\/ornaqua.pt\/en\/wp-json\/wp\/v2\/media?parent=5017"}],"wp:term":[{"taxonomy":"product_brand","embeddable":true,"href":"https:\/\/ornaqua.pt\/en\/wp-json\/wp\/v2\/product_brand?post=5017"},{"taxonomy":"product_cat","embeddable":true,"href":"https:\/\/ornaqua.pt\/en\/wp-json\/wp\/v2\/product_cat?post=5017"},{"taxonomy":"product_tag","embeddable":true,"href":"https:\/\/ornaqua.pt\/en\/wp-json\/wp\/v2\/product_tag?post=5017"}],"curies":[{"name":"wp","href":"https:\/\/api.w.org\/{rel}","templated":true}]}}