{"id":4984,"date":"2023-05-29T20:36:58","date_gmt":"2023-05-29T19:36:58","guid":{"rendered":"http:\/\/ornaqua.pt\/produto\/dr-bassleer-biofish-food-regular-flakes-70g\/"},"modified":"2025-03-21T15:48:10","modified_gmt":"2025-03-21T15:48:10","slug":"dr-bassleer-biofish-food-regular-flakes-70g","status":"publish","type":"product","link":"https:\/\/ornaqua.pt\/en\/product\/dr-bassleer-biofish-food-regular-flakes-70g\/","title":{"rendered":"Dr. Bassleer Biofish Food &#8211; Regular Flakes (70g)"},"content":{"rendered":"<p>Dr. BASSLEER BIOFISH FOOD REGULAR FLAKE \u00e9 um alimento em flocos para todos os peixes ornamentais. Cont\u00e9m todos os constituintes naturais de uma dieta equilibrada. Devido ao processo de produ\u00e7\u00e3o especial, os flocos t\u00eam uma apar\u00eancia especial com uma superf\u00edcie \u00e1spera. Peixes ornamentais alimentados com DR. Os flocos BASSLEER BIOFISH FOOD apresentam excelente condi\u00e7\u00e3o e colora\u00e7\u00e3o natural saud\u00e1vel. Eles tamb\u00e9m crescem mais r\u00e1pido e sua taxa de fertilidade \u00e9 mantida. Composi\u00e7\u00e3o: Peixes e Derivados de Peixes, Derivados de Origem Vegetal, Minerais, Algas, Moluscos e Crust\u00e1ceos, \u00d3leos e Gorduras. Ingredientes: Prote\u00edna bruta 45,4%, cinza bruta 15%, \u00f3leos e gorduras brutos 8,9%, umidade 4%, fibra bruta 2%.<\/p>","protected":false},"excerpt":{"rendered":"<p>Dr. BASSLEER BIOFISH FOOD REGULAR FLAKE \u00e9 um alimento em flocos para todos os peixes ornamentais. Cont\u00e9m todos os constituintes naturais de uma dieta equilibrada. Devido ao processo de produ\u00e7\u00e3o especial, os flocos t\u00eam uma apar\u00eancia especial com uma superf\u00edcie \u00e1spera. Peixes ornamentais alimentados com DR. Os flocos BASSLEER BIOFISH FOOD apresentam excelente condi\u00e7\u00e3o e [&hellip;]<\/p>\n","protected":false},"featured_media":4983,"template":"","meta":{"inline_featured_image":false},"product_brand":[],"product_cat":[40],"product_tag":[],"class_list":{"0":"post-4984","1":"product","2":"type-product","3":"status-publish","4":"has-post-thumbnail","6":"product_cat-alimentacao","8":"first","9":"outofstock","10":"taxable","11":"shipping-taxable","12":"purchasable","13":"product-type-simple"},"yoast_head":"<!-- This site is optimized with the Yoast SEO plugin v27.1.1 - https:\/\/yoast.com\/product\/yoast-seo-wordpress\/ -->\n<title>Dr. Bassleer Biofish Food - Regular Flakes (70g) - Ornaqua - Reprodu\u00e7\u00e3o, Importa\u00e7\u00e3o e Comercio de Peixes Ornamentais<\/title>\n<meta name=\"robots\" content=\"index, follow, max-snippet:-1, max-image-preview:large, max-video-preview:-1\" \/>\n<link rel=\"canonical\" href=\"https:\/\/ornaqua.pt\/en\/product\/dr-bassleer-biofish-food-regular-flakes-70g\/\" \/>\n<meta property=\"og:locale\" content=\"en_GB\" \/>\n<meta property=\"og:type\" content=\"article\" \/>\n<meta property=\"og:title\" content=\"Dr. Bassleer Biofish Food - Regular Flakes (70g) - Ornaqua - Reprodu\u00e7\u00e3o, Importa\u00e7\u00e3o e Comercio de Peixes Ornamentais\" \/>\n<meta property=\"og:description\" content=\"Dr. BASSLEER BIOFISH FOOD REGULAR FLAKE \u00e9 um alimento em flocos para todos os peixes ornamentais. Cont\u00e9m todos os constituintes naturais de uma dieta equilibrada. Devido ao processo de produ\u00e7\u00e3o especial, os flocos t\u00eam uma apar\u00eancia especial com uma superf\u00edcie \u00e1spera. Peixes ornamentais alimentados com DR. Os flocos BASSLEER BIOFISH FOOD apresentam excelente condi\u00e7\u00e3o e [&hellip;]\" \/>\n<meta property=\"og:url\" content=\"https:\/\/ornaqua.pt\/en\/product\/dr-bassleer-biofish-food-regular-flakes-70g\/\" \/>\n<meta property=\"og:site_name\" content=\"Ornaqua - Reprodu\u00e7\u00e3o, Importa\u00e7\u00e3o e Comercio de Peixes Ornamentais\" \/>\n<meta property=\"article:publisher\" content=\"https:\/\/www.facebook.com\/ORNAQUA\" \/>\n<meta property=\"article:modified_time\" content=\"2025-03-21T15:48:10+00:00\" \/>\n<meta property=\"og:image\" content=\"https:\/\/ornaqua.pt\/wp-content\/uploads\/2023\/05\/DB038.jpg\" \/>\n\t<meta property=\"og:image:width\" content=\"800\" \/>\n\t<meta property=\"og:image:height\" content=\"800\" \/>\n\t<meta property=\"og:image:type\" content=\"image\/jpeg\" \/>\n<meta name=\"twitter:card\" content=\"summary_large_image\" \/>\n<meta name=\"twitter:label1\" content=\"Estimated reading time\" \/>\n\t<meta name=\"twitter:data1\" content=\"1 minute\" \/>\n<script type=\"application\/ld+json\" class=\"yoast-schema-graph\">{\"@context\":\"https:\/\/schema.org\",\"@graph\":[{\"@type\":\"WebPage\",\"@id\":\"https:\/\/ornaqua.pt\/produto\/dr-bassleer-biofish-food-regular-flakes-70g\/\",\"url\":\"https:\/\/ornaqua.pt\/produto\/dr-bassleer-biofish-food-regular-flakes-70g\/\",\"name\":\"Dr. Bassleer Biofish Food - Regular Flakes (70g) - Ornaqua - Reprodu\u00e7\u00e3o, Importa\u00e7\u00e3o e Comercio de Peixes Ornamentais\",\"isPartOf\":{\"@id\":\"https:\/\/ornaqua.pt\/#website\"},\"primaryImageOfPage\":{\"@id\":\"https:\/\/ornaqua.pt\/produto\/dr-bassleer-biofish-food-regular-flakes-70g\/#primaryimage\"},\"image\":{\"@id\":\"https:\/\/ornaqua.pt\/produto\/dr-bassleer-biofish-food-regular-flakes-70g\/#primaryimage\"},\"thumbnailUrl\":\"https:\/\/ornaqua.pt\/wp-content\/uploads\/2023\/05\/DB038.jpg\",\"datePublished\":\"2023-05-29T19:36:58+00:00\",\"dateModified\":\"2025-03-21T15:48:10+00:00\",\"breadcrumb\":{\"@id\":\"https:\/\/ornaqua.pt\/produto\/dr-bassleer-biofish-food-regular-flakes-70g\/#breadcrumb\"},\"inLanguage\":\"en-GB\",\"potentialAction\":[{\"@type\":\"ReadAction\",\"target\":[\"https:\/\/ornaqua.pt\/produto\/dr-bassleer-biofish-food-regular-flakes-70g\/\"]}]},{\"@type\":\"ImageObject\",\"inLanguage\":\"en-GB\",\"@id\":\"https:\/\/ornaqua.pt\/produto\/dr-bassleer-biofish-food-regular-flakes-70g\/#primaryimage\",\"url\":\"https:\/\/ornaqua.pt\/wp-content\/uploads\/2023\/05\/DB038.jpg\",\"contentUrl\":\"https:\/\/ornaqua.pt\/wp-content\/uploads\/2023\/05\/DB038.jpg\",\"width\":800,\"height\":800},{\"@type\":\"BreadcrumbList\",\"@id\":\"https:\/\/ornaqua.pt\/produto\/dr-bassleer-biofish-food-regular-flakes-70g\/#breadcrumb\",\"itemListElement\":[{\"@type\":\"ListItem\",\"position\":1,\"name\":\"In\u00edcio\",\"item\":\"https:\/\/ornaqua.pt\/\"},{\"@type\":\"ListItem\",\"position\":2,\"name\":\"Produtos\",\"item\":\"https:\/\/ornaqua.pt\/produtos\/\"},{\"@type\":\"ListItem\",\"position\":3,\"name\":\"Dr. Bassleer Biofish Food &#8211; Regular Flakes (70g)\"}]},{\"@type\":\"WebSite\",\"@id\":\"https:\/\/ornaqua.pt\/#website\",\"url\":\"https:\/\/ornaqua.pt\/\",\"name\":\"Ornaqua - Loja Online\",\"description\":\"Reprodu\u00e7\u00e3o, Importa\u00e7\u00e3o e Comercio de Peixes Ornamentais\",\"publisher\":{\"@id\":\"https:\/\/ornaqua.pt\/#organization\"},\"potentialAction\":[{\"@type\":\"SearchAction\",\"target\":{\"@type\":\"EntryPoint\",\"urlTemplate\":\"https:\/\/ornaqua.pt\/?s={search_term_string}\"},\"query-input\":{\"@type\":\"PropertyValueSpecification\",\"valueRequired\":true,\"valueName\":\"search_term_string\"}}],\"inLanguage\":\"en-GB\"},{\"@type\":\"Organization\",\"@id\":\"https:\/\/ornaqua.pt\/#organization\",\"name\":\"Ornaqua - Reprodu\u00e7\u00e3o, Importa\u00e7\u00e3o e Comercio de Peixes Ornamentais\",\"url\":\"https:\/\/ornaqua.pt\/\",\"logo\":{\"@type\":\"ImageObject\",\"inLanguage\":\"en-GB\",\"@id\":\"https:\/\/ornaqua.pt\/#\/schema\/logo\/image\/\",\"url\":\"https:\/\/ornaqua.pt\/wp-content\/uploads\/2023\/10\/logo_ornaqua_200.png\",\"contentUrl\":\"https:\/\/ornaqua.pt\/wp-content\/uploads\/2023\/10\/logo_ornaqua_200.png\",\"width\":200,\"height\":97,\"caption\":\"Ornaqua - Reprodu\u00e7\u00e3o, Importa\u00e7\u00e3o e Comercio de Peixes Ornamentais\"},\"image\":{\"@id\":\"https:\/\/ornaqua.pt\/#\/schema\/logo\/image\/\"},\"sameAs\":[\"https:\/\/www.facebook.com\/ORNAQUA\",\"https:\/\/www.instagram.com\/ornaqua\/\"]}]}<\/script>\n<!-- \/ Yoast SEO plugin. -->","yoast_head_json":{"title":"Dr. Bassleer Biofish Food - Regular Flakes (70g) - Ornaqua - Reprodu\u00e7\u00e3o, Importa\u00e7\u00e3o e Comercio de Peixes Ornamentais","robots":{"index":"index","follow":"follow","max-snippet":"max-snippet:-1","max-image-preview":"max-image-preview:large","max-video-preview":"max-video-preview:-1"},"canonical":"https:\/\/ornaqua.pt\/en\/product\/dr-bassleer-biofish-food-regular-flakes-70g\/","og_locale":"en_GB","og_type":"article","og_title":"Dr. Bassleer Biofish Food - Regular Flakes (70g) - Ornaqua - Reprodu\u00e7\u00e3o, Importa\u00e7\u00e3o e Comercio de Peixes Ornamentais","og_description":"Dr. BASSLEER BIOFISH FOOD REGULAR FLAKE \u00e9 um alimento em flocos para todos os peixes ornamentais. Cont\u00e9m todos os constituintes naturais de uma dieta equilibrada. Devido ao processo de produ\u00e7\u00e3o especial, os flocos t\u00eam uma apar\u00eancia especial com uma superf\u00edcie \u00e1spera. Peixes ornamentais alimentados com DR. Os flocos BASSLEER BIOFISH FOOD apresentam excelente condi\u00e7\u00e3o e [&hellip;]","og_url":"https:\/\/ornaqua.pt\/en\/product\/dr-bassleer-biofish-food-regular-flakes-70g\/","og_site_name":"Ornaqua - Reprodu\u00e7\u00e3o, Importa\u00e7\u00e3o e Comercio de Peixes Ornamentais","article_publisher":"https:\/\/www.facebook.com\/ORNAQUA","article_modified_time":"2025-03-21T15:48:10+00:00","og_image":[{"width":800,"height":800,"url":"https:\/\/ornaqua.pt\/wp-content\/uploads\/2023\/05\/DB038.jpg","type":"image\/jpeg"}],"twitter_card":"summary_large_image","twitter_misc":{"Estimated reading time":"1 minute"},"schema":{"@context":"https:\/\/schema.org","@graph":[{"@type":"WebPage","@id":"https:\/\/ornaqua.pt\/produto\/dr-bassleer-biofish-food-regular-flakes-70g\/","url":"https:\/\/ornaqua.pt\/produto\/dr-bassleer-biofish-food-regular-flakes-70g\/","name":"Dr. Bassleer Biofish Food - Regular Flakes (70g) - Ornaqua - Reprodu\u00e7\u00e3o, Importa\u00e7\u00e3o e Comercio de Peixes Ornamentais","isPartOf":{"@id":"https:\/\/ornaqua.pt\/#website"},"primaryImageOfPage":{"@id":"https:\/\/ornaqua.pt\/produto\/dr-bassleer-biofish-food-regular-flakes-70g\/#primaryimage"},"image":{"@id":"https:\/\/ornaqua.pt\/produto\/dr-bassleer-biofish-food-regular-flakes-70g\/#primaryimage"},"thumbnailUrl":"https:\/\/ornaqua.pt\/wp-content\/uploads\/2023\/05\/DB038.jpg","datePublished":"2023-05-29T19:36:58+00:00","dateModified":"2025-03-21T15:48:10+00:00","breadcrumb":{"@id":"https:\/\/ornaqua.pt\/produto\/dr-bassleer-biofish-food-regular-flakes-70g\/#breadcrumb"},"inLanguage":"en-GB","potentialAction":[{"@type":"ReadAction","target":["https:\/\/ornaqua.pt\/produto\/dr-bassleer-biofish-food-regular-flakes-70g\/"]}]},{"@type":"ImageObject","inLanguage":"en-GB","@id":"https:\/\/ornaqua.pt\/produto\/dr-bassleer-biofish-food-regular-flakes-70g\/#primaryimage","url":"https:\/\/ornaqua.pt\/wp-content\/uploads\/2023\/05\/DB038.jpg","contentUrl":"https:\/\/ornaqua.pt\/wp-content\/uploads\/2023\/05\/DB038.jpg","width":800,"height":800},{"@type":"BreadcrumbList","@id":"https:\/\/ornaqua.pt\/produto\/dr-bassleer-biofish-food-regular-flakes-70g\/#breadcrumb","itemListElement":[{"@type":"ListItem","position":1,"name":"In\u00edcio","item":"https:\/\/ornaqua.pt\/"},{"@type":"ListItem","position":2,"name":"Produtos","item":"https:\/\/ornaqua.pt\/produtos\/"},{"@type":"ListItem","position":3,"name":"Dr. Bassleer Biofish Food &#8211; Regular Flakes (70g)"}]},{"@type":"WebSite","@id":"https:\/\/ornaqua.pt\/#website","url":"https:\/\/ornaqua.pt\/","name":"Ornaqua - Loja Online","description":"Reprodu\u00e7\u00e3o, Importa\u00e7\u00e3o e Comercio de Peixes Ornamentais","publisher":{"@id":"https:\/\/ornaqua.pt\/#organization"},"potentialAction":[{"@type":"SearchAction","target":{"@type":"EntryPoint","urlTemplate":"https:\/\/ornaqua.pt\/?s={search_term_string}"},"query-input":{"@type":"PropertyValueSpecification","valueRequired":true,"valueName":"search_term_string"}}],"inLanguage":"en-GB"},{"@type":"Organization","@id":"https:\/\/ornaqua.pt\/#organization","name":"Ornaqua - Reprodu\u00e7\u00e3o, Importa\u00e7\u00e3o e Comercio de Peixes Ornamentais","url":"https:\/\/ornaqua.pt\/","logo":{"@type":"ImageObject","inLanguage":"en-GB","@id":"https:\/\/ornaqua.pt\/#\/schema\/logo\/image\/","url":"https:\/\/ornaqua.pt\/wp-content\/uploads\/2023\/10\/logo_ornaqua_200.png","contentUrl":"https:\/\/ornaqua.pt\/wp-content\/uploads\/2023\/10\/logo_ornaqua_200.png","width":200,"height":97,"caption":"Ornaqua - Reprodu\u00e7\u00e3o, Importa\u00e7\u00e3o e Comercio de Peixes Ornamentais"},"image":{"@id":"https:\/\/ornaqua.pt\/#\/schema\/logo\/image\/"},"sameAs":["https:\/\/www.facebook.com\/ORNAQUA","https:\/\/www.instagram.com\/ornaqua\/"]}]}},"_links":{"self":[{"href":"https:\/\/ornaqua.pt\/en\/wp-json\/wp\/v2\/product\/4984","targetHints":{"allow":["GET"]}}],"collection":[{"href":"https:\/\/ornaqua.pt\/en\/wp-json\/wp\/v2\/product"}],"about":[{"href":"https:\/\/ornaqua.pt\/en\/wp-json\/wp\/v2\/types\/product"}],"wp:featuredmedia":[{"embeddable":true,"href":"https:\/\/ornaqua.pt\/en\/wp-json\/wp\/v2\/media\/4983"}],"wp:attachment":[{"href":"https:\/\/ornaqua.pt\/en\/wp-json\/wp\/v2\/media?parent=4984"}],"wp:term":[{"taxonomy":"product_brand","embeddable":true,"href":"https:\/\/ornaqua.pt\/en\/wp-json\/wp\/v2\/product_brand?post=4984"},{"taxonomy":"product_cat","embeddable":true,"href":"https:\/\/ornaqua.pt\/en\/wp-json\/wp\/v2\/product_cat?post=4984"},{"taxonomy":"product_tag","embeddable":true,"href":"https:\/\/ornaqua.pt\/en\/wp-json\/wp\/v2\/product_tag?post=4984"}],"curies":[{"name":"wp","href":"https:\/\/api.w.org\/{rel}","templated":true}]}}